{"id":4305,"date":"2025-04-27T16:42:26","date_gmt":"2025-04-27T16:42:26","guid":{"rendered":"https:\/\/megapets.eu\/non%20class\u00e9\/lissachatina-reticulatacorps-albinos\/"},"modified":"2025-06-03T13:33:23","modified_gmt":"2025-06-03T13:33:23","slug":"lissachatina-reticulatacorps-albinos","status":"publish","type":"product","link":"https:\/\/megapets.eu\/fr\/escargots\/lissachatina-reticulatacorps-albinos\/","title":{"rendered":"Lissachatina reticulata<br \/>corps albinos"},"content":{"rendered":"<p class=\"v1v1v1v1MsoNormal\"><span style=\"color: #424242;\"><strong><em><span style=\"font-size: 15px;\"><b>Esp\u00e8ce : <\/b><\/span><\/em><\/strong><em><span style=\"font-size: 15px;\">Lissachatina reticulata<\/span><\/em><strong><em><span style=\"font-size: 15px;\"><br \/>\nVariation de couleur :<\/span><\/em><\/strong><em><span style=\"font-size: 15px;\"> corps albinos<\/span><\/em><\/span><\/p>\n<p class=\"v1v1v1v1MsoNormal\"><span style=\"font-size: 15px;\"><strong><em><span style=\"color: #008000;\">\u2b50 <\/span><\/em><\/strong><em><span style=\"color: #008000;\"><span style=\"color: #424242;\">L&rsquo;esp\u00e8ce Lissachatina reticulata est l&rsquo;un des escargots africains les plus populaires et les plus connus des d\u00e9butants. Cette esp\u00e8ce est tr\u00e8s active. Lissachatina reticulata atteint de grandes tailles sous tes yeux, la coquille d&rsquo;un adulte peut atteindre plus de 16 cm.<\/span><\/span><\/em><\/span><\/p>\n","protected":false},"excerpt":{"rendered":"<ul>\n<li>D&rsquo;un couple sans lien de parent\u00e9 :\n<ul>\n<li><\/li>\n<\/ul>\n<\/li>\n<li>Taille cible de la coquille :\n<ul>\n<li>ca. 15-16 cm<\/li>\n<\/ul>\n<\/li>\n<li>Juv\u00e9nile offert :\n<ul>\n<li>env. 5-6 cm<\/li>\n<\/ul>\n<\/li>\n<li>Le prix est pour :\n<ul>\n<li>1 pi\u00e8ce<\/li>\n<\/ul>\n<\/li>\n<\/ul>\n","protected":false},"featured_media":4307,"template":"","meta":{"_acf_changed":false,"_links_to":"","_links_to_target":""},"product_cat":[107],"product_tag":[],"class_list":{"0":"post-4305","1":"product","2":"type-product","3":"status-publish","4":"has-post-thumbnail","6":"product_cat-escargots","8":"first","9":"outofstock","10":"shipping-taxable","11":"purchasable","12":"product-type-simple"},"acf":[],"yoast_head":"<!-- This site is optimized with the Yoast SEO plugin v24.9 - https:\/\/yoast.com\/wordpress\/plugins\/seo\/ -->\n<title>Lissachatina reticulatacorps albinos | MegaPets<\/title>\n<meta name=\"robots\" content=\"index, follow, max-snippet:-1, max-image-preview:large, max-video-preview:-1\" \/>\n<link rel=\"canonical\" href=\"https:\/\/megapets.eu\/fr\/escargots\/lissachatina-reticulatacorps-albinos\/\" \/>\n<meta property=\"og:locale\" content=\"fr_FR\" \/>\n<meta property=\"og:type\" content=\"article\" \/>\n<meta property=\"og:title\" content=\"Lissachatina reticulatacorps albinos | MegaPets\" \/>\n<meta property=\"og:description\" content=\"D&#039;un couple sans lien de parent\u00e9 :     Taille cible de la coquille :  ca. 15-16 cm   Juv\u00e9nile offert :  env. 5-6 cm   Le prix est pour :  1 pi\u00e8ce\" \/>\n<meta property=\"og:url\" content=\"https:\/\/megapets.eu\/fr\/escargots\/lissachatina-reticulatacorps-albinos\/\" \/>\n<meta property=\"og:site_name\" content=\"MegaPets\" \/>\n<meta property=\"article:publisher\" content=\"https:\/\/www.facebook.com\/MegaPets.eu\/\" \/>\n<meta property=\"article:modified_time\" content=\"2025-06-03T13:33:23+00:00\" \/>\n<meta property=\"og:image\" content=\"https:\/\/megapets.eu\/wp-content\/uploads\/2025\/04\/25Logo2.png\" \/>\n\t<meta property=\"og:image:width\" content=\"1048\" \/>\n\t<meta property=\"og:image:height\" content=\"696\" \/>\n\t<meta property=\"og:image:type\" content=\"image\/png\" \/>\n<meta name=\"twitter:card\" content=\"summary_large_image\" \/>\n<script type=\"application\/ld+json\" class=\"yoast-schema-graph\">{\"@context\":\"https:\/\/schema.org\",\"@graph\":[{\"@type\":\"WebPage\",\"@id\":\"https:\/\/megapets.eu\/fr\/escargots\/lissachatina-reticulatacorps-albinos\/\",\"url\":\"https:\/\/megapets.eu\/fr\/escargots\/lissachatina-reticulatacorps-albinos\/\",\"name\":\"Lissachatina reticulata corps albinos | MegaPets\",\"isPartOf\":{\"@id\":\"https:\/\/megapets.eu\/fr\/#website\"},\"primaryImageOfPage\":{\"@id\":\"https:\/\/megapets.eu\/fr\/escargots\/lissachatina-reticulatacorps-albinos\/#primaryimage\"},\"image\":{\"@id\":\"https:\/\/megapets.eu\/fr\/escargots\/lissachatina-reticulatacorps-albinos\/#primaryimage\"},\"thumbnailUrl\":\"https:\/\/megapets.eu\/wp-content\/uploads\/2025\/04\/25Logo2.png\",\"datePublished\":\"2025-04-27T16:42:26+00:00\",\"dateModified\":\"2025-06-03T13:33:23+00:00\",\"breadcrumb\":{\"@id\":\"https:\/\/megapets.eu\/fr\/escargots\/lissachatina-reticulatacorps-albinos\/#breadcrumb\"},\"inLanguage\":\"fr-FR\",\"potentialAction\":[{\"@type\":\"ReadAction\",\"target\":[\"https:\/\/megapets.eu\/fr\/escargots\/lissachatina-reticulatacorps-albinos\/\"]}]},{\"@type\":\"ImageObject\",\"inLanguage\":\"fr-FR\",\"@id\":\"https:\/\/megapets.eu\/fr\/escargots\/lissachatina-reticulatacorps-albinos\/#primaryimage\",\"url\":\"https:\/\/megapets.eu\/wp-content\/uploads\/2025\/04\/25Logo2.png\",\"contentUrl\":\"https:\/\/megapets.eu\/wp-content\/uploads\/2025\/04\/25Logo2.png\",\"width\":1048,\"height\":696},{\"@type\":\"BreadcrumbList\",\"@id\":\"https:\/\/megapets.eu\/fr\/escargots\/lissachatina-reticulatacorps-albinos\/#breadcrumb\",\"itemListElement\":[{\"@type\":\"ListItem\",\"position\":1,\"name\":\"Strona g\u0142\u00f3wna\",\"item\":\"https:\/\/megapets.eu\/fr\/accueil\/\"},{\"@type\":\"ListItem\",\"position\":2,\"name\":\"Boutique\",\"item\":\"https:\/\/megapets.eu\/boutique\/\"},{\"@type\":\"ListItem\",\"position\":3,\"name\":\"Lissachatina reticulatacorps albinos\"}]},{\"@type\":\"WebSite\",\"@id\":\"https:\/\/megapets.eu\/fr\/#website\",\"url\":\"https:\/\/megapets.eu\/fr\/\",\"name\":\"Mega Pets\",\"description\":\"Jedna z najwi\u0119kszych hodowli \u015blimak\u00f3w w Europie\",\"publisher\":{\"@id\":\"https:\/\/megapets.eu\/fr\/#organization\"},\"alternateName\":\"Mega Pets\",\"potentialAction\":[{\"@type\":\"SearchAction\",\"target\":{\"@type\":\"EntryPoint\",\"urlTemplate\":\"https:\/\/megapets.eu\/fr\/?s={search_term_string}\"},\"query-input\":{\"@type\":\"PropertyValueSpecification\",\"valueRequired\":true,\"valueName\":\"search_term_string\"}}],\"inLanguage\":\"fr-FR\"},{\"@type\":\"Organization\",\"@id\":\"https:\/\/megapets.eu\/fr\/#organization\",\"name\":\"Mega Pets\",\"url\":\"https:\/\/megapets.eu\/fr\/\",\"logo\":{\"@type\":\"ImageObject\",\"inLanguage\":\"fr-FR\",\"@id\":\"https:\/\/megapets.eu\/fr\/#\/schema\/logo\/image\/\",\"url\":\"https:\/\/megapets.eu\/wp-content\/uploads\/2025\/04\/megapets_eu-logo.png\",\"contentUrl\":\"https:\/\/megapets.eu\/wp-content\/uploads\/2025\/04\/megapets_eu-logo.png\",\"width\":2362,\"height\":2362,\"caption\":\"Mega Pets\"},\"image\":{\"@id\":\"https:\/\/megapets.eu\/fr\/#\/schema\/logo\/image\/\"},\"sameAs\":[\"https:\/\/www.facebook.com\/MegaPets.eu\/\"]}]}<\/script>\n<!-- \/ Yoast SEO plugin. -->","yoast_head_json":{"title":"Lissachatina reticulatacorps albinos | MegaPets","robots":{"index":"index","follow":"follow","max-snippet":"max-snippet:-1","max-image-preview":"max-image-preview:large","max-video-preview":"max-video-preview:-1"},"canonical":"https:\/\/megapets.eu\/fr\/escargots\/lissachatina-reticulatacorps-albinos\/","og_locale":"fr_FR","og_type":"article","og_title":"Lissachatina reticulatacorps albinos | MegaPets","og_description":"D'un couple sans lien de parent\u00e9 :     Taille cible de la coquille :  ca. 15-16 cm   Juv\u00e9nile offert :  env. 5-6 cm   Le prix est pour :  1 pi\u00e8ce","og_url":"https:\/\/megapets.eu\/fr\/escargots\/lissachatina-reticulatacorps-albinos\/","og_site_name":"MegaPets","article_publisher":"https:\/\/www.facebook.com\/MegaPets.eu\/","article_modified_time":"2025-06-03T13:33:23+00:00","og_image":[{"width":1048,"height":696,"url":"https:\/\/megapets.eu\/wp-content\/uploads\/2025\/04\/25Logo2.png","type":"image\/png"}],"twitter_card":"summary_large_image","schema":{"@context":"https:\/\/schema.org","@graph":[{"@type":"WebPage","@id":"https:\/\/megapets.eu\/fr\/escargots\/lissachatina-reticulatacorps-albinos\/","url":"https:\/\/megapets.eu\/fr\/escargots\/lissachatina-reticulatacorps-albinos\/","name":"Lissachatina reticulata corps albinos | MegaPets","isPartOf":{"@id":"https:\/\/megapets.eu\/fr\/#website"},"primaryImageOfPage":{"@id":"https:\/\/megapets.eu\/fr\/escargots\/lissachatina-reticulatacorps-albinos\/#primaryimage"},"image":{"@id":"https:\/\/megapets.eu\/fr\/escargots\/lissachatina-reticulatacorps-albinos\/#primaryimage"},"thumbnailUrl":"https:\/\/megapets.eu\/wp-content\/uploads\/2025\/04\/25Logo2.png","datePublished":"2025-04-27T16:42:26+00:00","dateModified":"2025-06-03T13:33:23+00:00","breadcrumb":{"@id":"https:\/\/megapets.eu\/fr\/escargots\/lissachatina-reticulatacorps-albinos\/#breadcrumb"},"inLanguage":"fr-FR","potentialAction":[{"@type":"ReadAction","target":["https:\/\/megapets.eu\/fr\/escargots\/lissachatina-reticulatacorps-albinos\/"]}]},{"@type":"ImageObject","inLanguage":"fr-FR","@id":"https:\/\/megapets.eu\/fr\/escargots\/lissachatina-reticulatacorps-albinos\/#primaryimage","url":"https:\/\/megapets.eu\/wp-content\/uploads\/2025\/04\/25Logo2.png","contentUrl":"https:\/\/megapets.eu\/wp-content\/uploads\/2025\/04\/25Logo2.png","width":1048,"height":696},{"@type":"BreadcrumbList","@id":"https:\/\/megapets.eu\/fr\/escargots\/lissachatina-reticulatacorps-albinos\/#breadcrumb","itemListElement":[{"@type":"ListItem","position":1,"name":"Strona g\u0142\u00f3wna","item":"https:\/\/megapets.eu\/fr\/accueil\/"},{"@type":"ListItem","position":2,"name":"Boutique","item":"https:\/\/megapets.eu\/boutique\/"},{"@type":"ListItem","position":3,"name":"Lissachatina reticulatacorps albinos"}]},{"@type":"WebSite","@id":"https:\/\/megapets.eu\/fr\/#website","url":"https:\/\/megapets.eu\/fr\/","name":"Mega Pets","description":"Jedna z najwi\u0119kszych hodowli \u015blimak\u00f3w w Europie","publisher":{"@id":"https:\/\/megapets.eu\/fr\/#organization"},"alternateName":"Mega Pets","potentialAction":[{"@type":"SearchAction","target":{"@type":"EntryPoint","urlTemplate":"https:\/\/megapets.eu\/fr\/?s={search_term_string}"},"query-input":{"@type":"PropertyValueSpecification","valueRequired":true,"valueName":"search_term_string"}}],"inLanguage":"fr-FR"},{"@type":"Organization","@id":"https:\/\/megapets.eu\/fr\/#organization","name":"Mega Pets","url":"https:\/\/megapets.eu\/fr\/","logo":{"@type":"ImageObject","inLanguage":"fr-FR","@id":"https:\/\/megapets.eu\/fr\/#\/schema\/logo\/image\/","url":"https:\/\/megapets.eu\/wp-content\/uploads\/2025\/04\/megapets_eu-logo.png","contentUrl":"https:\/\/megapets.eu\/wp-content\/uploads\/2025\/04\/megapets_eu-logo.png","width":2362,"height":2362,"caption":"Mega Pets"},"image":{"@id":"https:\/\/megapets.eu\/fr\/#\/schema\/logo\/image\/"},"sameAs":["https:\/\/www.facebook.com\/MegaPets.eu\/"]}]}},"_links":{"self":[{"href":"https:\/\/megapets.eu\/fr\/wp-json\/wp\/v2\/product\/4305","targetHints":{"allow":["GET"]}}],"collection":[{"href":"https:\/\/megapets.eu\/fr\/wp-json\/wp\/v2\/product"}],"about":[{"href":"https:\/\/megapets.eu\/fr\/wp-json\/wp\/v2\/types\/product"}],"wp:featuredmedia":[{"embeddable":true,"href":"https:\/\/megapets.eu\/fr\/wp-json\/wp\/v2\/media\/4307"}],"wp:attachment":[{"href":"https:\/\/megapets.eu\/fr\/wp-json\/wp\/v2\/media?parent=4305"}],"wp:term":[{"taxonomy":"product_cat","embeddable":true,"href":"https:\/\/megapets.eu\/fr\/wp-json\/wp\/v2\/product_cat?post=4305"},{"taxonomy":"product_tag","embeddable":true,"href":"https:\/\/megapets.eu\/fr\/wp-json\/wp\/v2\/product_tag?post=4305"}],"curies":[{"name":"wp","href":"https:\/\/api.w.org\/{rel}","templated":true}]}}