{"id":4322,"date":"2025-03-08T16:30:59","date_gmt":"2025-03-08T16:30:59","guid":{"rendered":"https:\/\/megapets.eu\/non%20class\u00e9\/archachatina-marginata-suturalisstandard-para-p1\/"},"modified":"2025-06-03T13:33:23","modified_gmt":"2025-06-03T13:33:23","slug":"archachatina-marginata-suturalisstandard-para-p1","status":"publish","type":"product","link":"https:\/\/megapets.eu\/fr\/escargots\/archachatina-marginata-suturalisstandard-para-p1\/","title":{"rendered":"Archachatina marginata suturalis<br \/>standard \/ para P1"},"content":{"rendered":"<p style=\"text-align: left;\"><span style=\"font-size: 15px;\"><strong><span style=\"color: #000000;\"><em>Esp\u00e8ce : <\/em><\/span><\/strong><span style=\"color: #000000;\"><em>Archachatina marginata suturalis<\/em><\/span><strong><span style=\"color: #000000;\"><em><br \/>\nVari\u00e9t\u00e9 de couleur :<\/em><\/span><\/strong><span style=\"color: #000000;\"><em> standard<\/em><\/span><\/span><\/p>\n<p style=\"text-align: left;\"><span style=\"font-size: 15px;\"><strong><span style=\"color: #000000;\"><em><img loading=\"lazy\" decoding=\"async\" class=\"\" src=\"https:\/\/static.xx.fbcdn.net\/images\/emoji.php\/v9\/ta\/1\/32\/1f525.png\" alt=\"\ud83d\udd25\" width=\"18\" height=\"18\" \/> <\/em><\/span><\/strong><span style=\"color: #000000;\"><em>Les juv\u00e9niles propos\u00e9s de la meilleure g\u00e9n\u00e9ration &#8211; CB1.F1, issus de la paire parentale non apparent\u00e9e WC\/LTC, <span style=\"color: #b50000;\">se caract\u00e9risent par des premi\u00e8res volutes de coquille d&rsquo;un rouge tr\u00e8s satur\u00e9<span style=\"color: #000000;\">.<\/span><\/span> Les escargots ont un pedigree d&rsquo;introduction.<\/em><\/span><\/span><\/p>\n<p style=\"text-align: left;\"><span style=\"font-size: 15px;\"><span style=\"color: #000000;\"><em><span style=\"color: #008000;\"><span style=\"color: #424242;\"><img loading=\"lazy\" decoding=\"async\" class=\"\" src=\"https:\/\/static.xx.fbcdn.net\/images\/emoji.php\/v9\/t28\/1\/16\/1f352.png\" alt=\"\ud83c\udf52\" width=\"17\" height=\"17\" \/><\/span><\/span><span style=\"color: #008000;\"><span style=\"color: #424242;\"> <\/span><\/span><span style=\"color: #b50000;\">Archachatina marginata suturalis est une sous-esp\u00e8ce belle, \u00e9l\u00e9gante et extr\u00eamement frappante qui impressionne par sa beaut\u00e9. Elle est surtout reconnaissable au rouge intense du sommet de ses coquilles <span class=\"x1xsqp64 xiy17q3 x1o6pynw x19co3pv xdj266r xcwd3tp xat24cr x39eecv x2b8uid\" data-testid=\"emoji\"><span class=\"xexx8yu xn5pp95 x18d9i69 x2fxd7x x3jgonx x1bhl96m\">\u2764<\/span><\/span>. M\u00eame chez les juv\u00e9niles, l&rsquo;apex se distingue par sa coloration vive, les nuances de rouge s&rsquo;\u00e9tendant progressivement aux tours suivants, cr\u00e9ant ainsi une palette de couleurs frappante et dynamique.<\/span><\/em><\/span><\/span><\/p>\n<p style=\"text-align: left;\"><span style=\"color: #000000; font-size: 15px;\"><em><span class=\"x1xsqp64 xiy17q3 x1o6pynw x19co3pv xdj266r xcwd3tp xat24cr x39eecv x2b8uid\" data-testid=\"emoji\"><span class=\"xexx8yu xn5pp95 x18d9i69 x2fxd7x x3jgonx x1bhl96m\"> <img loading=\"lazy\" decoding=\"async\" class=\"\" src=\"https:\/\/static.xx.fbcdn.net\/images\/emoji.php\/v9\/t66\/1\/32\/1f4cc.png\" alt=\"\ud83d\udccc\" width=\"18\" height=\"18\" \/> En grandissant, les escargots Archachatina marginata suturalis atteignent une taille impressionnante &#8211; les adultes construisent leurs \u00e9l\u00e9gantes coquilles jusqu&rsquo;\u00e0 une longueur d&rsquo;environ 12-14 cm.<\/span><\/span><\/em><\/span><\/p>\n<p style=\"text-align: left;\"><span style=\"color: #000000; font-size: 15px;\"><em><img loading=\"lazy\" decoding=\"async\" class=\"xz74otr\" src=\"https:\/\/static.xx.fbcdn.net\/images\/emoji.php\/v9\/t1e\/1\/16\/1f33f.png\" alt=\"\ud83c\udf3f\" width=\"18\" height=\"18\" \/> <span style=\"color: #008000;\">Archachatina marginata suturalis est une esp\u00e8ce facile d&rsquo;entretien et mod\u00e9r\u00e9ment active, comme la plupart des esp\u00e8ces du genre Archachatina. Cependant, chaque individu peut avoir des pr\u00e9f\u00e9rences individuelles qui changent \u00e0 diff\u00e9rents stades de d\u00e9veloppement. <\/span><\/em><\/span><\/p>\n","protected":false},"excerpt":{"rendered":"<ul>\n<li>Taille de la coquille cible :\n<ul>\n<li>approx. 12-14 cm<\/li>\n<\/ul>\n<\/li>\n<li>Provenant d&rsquo;une paire non apparent\u00e9e :\n<ul>\n<li>P1<\/li>\n<\/ul>\n<\/li>\n<li>Juv\u00e9nile offert :\n<ul>\n<li>approx. 5 cm<\/li>\n<\/ul>\n<\/li>\n<li>Le prix est pour :\n<ul>\n<li>1 pi\u00e8ce<\/li>\n<\/ul>\n<\/li>\n<\/ul>\n","protected":false},"featured_media":4327,"template":"","meta":{"_acf_changed":false,"_links_to":"","_links_to_target":""},"product_cat":[107],"product_tag":[],"class_list":{"0":"post-4322","1":"product","2":"type-product","3":"status-publish","4":"has-post-thumbnail","6":"product_cat-escargots","8":"first","9":"outofstock","10":"shipping-taxable","11":"purchasable","12":"product-type-simple"},"acf":[],"yoast_head":"<!-- This site is optimized with the Yoast SEO plugin v24.9 - https:\/\/yoast.com\/wordpress\/plugins\/seo\/ -->\n<title>Archachatina marginata suturalisstandard \/ para P1 | MegaPets<\/title>\n<meta name=\"robots\" content=\"index, follow, max-snippet:-1, max-image-preview:large, max-video-preview:-1\" \/>\n<link rel=\"canonical\" href=\"https:\/\/megapets.eu\/fr\/escargots\/archachatina-marginata-suturalisstandard-para-p1\/\" \/>\n<meta property=\"og:locale\" content=\"fr_FR\" \/>\n<meta property=\"og:type\" content=\"article\" \/>\n<meta property=\"og:title\" content=\"Archachatina marginata suturalisstandard \/ para P1 | MegaPets\" \/>\n<meta property=\"og:description\" content=\"Taille de la coquille cible :  approx. 12-14 cm   Provenant d&#039;une paire non apparent\u00e9e :  P1   Juv\u00e9nile offert :  approx. 5 cm   Le prix est pour :  1 pi\u00e8ce\" \/>\n<meta property=\"og:url\" content=\"https:\/\/megapets.eu\/fr\/escargots\/archachatina-marginata-suturalisstandard-para-p1\/\" \/>\n<meta property=\"og:site_name\" content=\"MegaPets\" \/>\n<meta property=\"article:publisher\" content=\"https:\/\/www.facebook.com\/MegaPets.eu\/\" \/>\n<meta property=\"article:modified_time\" content=\"2025-06-03T13:33:23+00:00\" \/>\n<meta property=\"og:image\" content=\"https:\/\/megapets.eu\/wp-content\/uploads\/2025\/03\/Sutu-P1-Ex.png\" \/>\n\t<meta property=\"og:image:width\" content=\"1046\" \/>\n\t<meta property=\"og:image:height\" content=\"704\" \/>\n\t<meta property=\"og:image:type\" content=\"image\/png\" \/>\n<meta name=\"twitter:card\" content=\"summary_large_image\" \/>\n<meta name=\"twitter:label1\" content=\"Dur\u00e9e de lecture estim\u00e9e\" \/>\n\t<meta name=\"twitter:data1\" content=\"1 minute\" \/>\n<script type=\"application\/ld+json\" class=\"yoast-schema-graph\">{\"@context\":\"https:\/\/schema.org\",\"@graph\":[{\"@type\":\"WebPage\",\"@id\":\"https:\/\/megapets.eu\/fr\/escargots\/archachatina-marginata-suturalisstandard-para-p1\/\",\"url\":\"https:\/\/megapets.eu\/fr\/escargots\/archachatina-marginata-suturalisstandard-para-p1\/\",\"name\":\"Archachatina marginata suturalis standard \/ para P1 | MegaPets\",\"isPartOf\":{\"@id\":\"https:\/\/megapets.eu\/fr\/#website\"},\"primaryImageOfPage\":{\"@id\":\"https:\/\/megapets.eu\/fr\/escargots\/archachatina-marginata-suturalisstandard-para-p1\/#primaryimage\"},\"image\":{\"@id\":\"https:\/\/megapets.eu\/fr\/escargots\/archachatina-marginata-suturalisstandard-para-p1\/#primaryimage\"},\"thumbnailUrl\":\"https:\/\/megapets.eu\/wp-content\/uploads\/2025\/03\/Sutu-P1-Ex.png\",\"datePublished\":\"2025-03-08T16:30:59+00:00\",\"dateModified\":\"2025-06-03T13:33:23+00:00\",\"breadcrumb\":{\"@id\":\"https:\/\/megapets.eu\/fr\/escargots\/archachatina-marginata-suturalisstandard-para-p1\/#breadcrumb\"},\"inLanguage\":\"fr-FR\",\"potentialAction\":[{\"@type\":\"ReadAction\",\"target\":[\"https:\/\/megapets.eu\/fr\/escargots\/archachatina-marginata-suturalisstandard-para-p1\/\"]}]},{\"@type\":\"ImageObject\",\"inLanguage\":\"fr-FR\",\"@id\":\"https:\/\/megapets.eu\/fr\/escargots\/archachatina-marginata-suturalisstandard-para-p1\/#primaryimage\",\"url\":\"https:\/\/megapets.eu\/wp-content\/uploads\/2025\/03\/Sutu-P1-Ex.png\",\"contentUrl\":\"https:\/\/megapets.eu\/wp-content\/uploads\/2025\/03\/Sutu-P1-Ex.png\",\"width\":1046,\"height\":704},{\"@type\":\"BreadcrumbList\",\"@id\":\"https:\/\/megapets.eu\/fr\/escargots\/archachatina-marginata-suturalisstandard-para-p1\/#breadcrumb\",\"itemListElement\":[{\"@type\":\"ListItem\",\"position\":1,\"name\":\"Strona g\u0142\u00f3wna\",\"item\":\"https:\/\/megapets.eu\/fr\/accueil\/\"},{\"@type\":\"ListItem\",\"position\":2,\"name\":\"Boutique\",\"item\":\"https:\/\/megapets.eu\/boutique\/\"},{\"@type\":\"ListItem\",\"position\":3,\"name\":\"Archachatina marginata suturalisstandard \/ para P1\"}]},{\"@type\":\"WebSite\",\"@id\":\"https:\/\/megapets.eu\/fr\/#website\",\"url\":\"https:\/\/megapets.eu\/fr\/\",\"name\":\"Mega Pets\",\"description\":\"Jedna z najwi\u0119kszych hodowli \u015blimak\u00f3w w Europie\",\"publisher\":{\"@id\":\"https:\/\/megapets.eu\/fr\/#organization\"},\"alternateName\":\"Mega Pets\",\"potentialAction\":[{\"@type\":\"SearchAction\",\"target\":{\"@type\":\"EntryPoint\",\"urlTemplate\":\"https:\/\/megapets.eu\/fr\/?s={search_term_string}\"},\"query-input\":{\"@type\":\"PropertyValueSpecification\",\"valueRequired\":true,\"valueName\":\"search_term_string\"}}],\"inLanguage\":\"fr-FR\"},{\"@type\":\"Organization\",\"@id\":\"https:\/\/megapets.eu\/fr\/#organization\",\"name\":\"Mega Pets\",\"url\":\"https:\/\/megapets.eu\/fr\/\",\"logo\":{\"@type\":\"ImageObject\",\"inLanguage\":\"fr-FR\",\"@id\":\"https:\/\/megapets.eu\/fr\/#\/schema\/logo\/image\/\",\"url\":\"https:\/\/megapets.eu\/wp-content\/uploads\/2025\/04\/megapets_eu-logo.png\",\"contentUrl\":\"https:\/\/megapets.eu\/wp-content\/uploads\/2025\/04\/megapets_eu-logo.png\",\"width\":2362,\"height\":2362,\"caption\":\"Mega Pets\"},\"image\":{\"@id\":\"https:\/\/megapets.eu\/fr\/#\/schema\/logo\/image\/\"},\"sameAs\":[\"https:\/\/www.facebook.com\/MegaPets.eu\/\"]}]}<\/script>\n<!-- \/ Yoast SEO plugin. -->","yoast_head_json":{"title":"Archachatina marginata suturalisstandard \/ para P1 | MegaPets","robots":{"index":"index","follow":"follow","max-snippet":"max-snippet:-1","max-image-preview":"max-image-preview:large","max-video-preview":"max-video-preview:-1"},"canonical":"https:\/\/megapets.eu\/fr\/escargots\/archachatina-marginata-suturalisstandard-para-p1\/","og_locale":"fr_FR","og_type":"article","og_title":"Archachatina marginata suturalisstandard \/ para P1 | MegaPets","og_description":"Taille de la coquille cible :  approx. 12-14 cm   Provenant d'une paire non apparent\u00e9e :  P1   Juv\u00e9nile offert :  approx. 5 cm   Le prix est pour :  1 pi\u00e8ce","og_url":"https:\/\/megapets.eu\/fr\/escargots\/archachatina-marginata-suturalisstandard-para-p1\/","og_site_name":"MegaPets","article_publisher":"https:\/\/www.facebook.com\/MegaPets.eu\/","article_modified_time":"2025-06-03T13:33:23+00:00","og_image":[{"width":1046,"height":704,"url":"https:\/\/megapets.eu\/wp-content\/uploads\/2025\/03\/Sutu-P1-Ex.png","type":"image\/png"}],"twitter_card":"summary_large_image","twitter_misc":{"Dur\u00e9e de lecture estim\u00e9e":"1 minute"},"schema":{"@context":"https:\/\/schema.org","@graph":[{"@type":"WebPage","@id":"https:\/\/megapets.eu\/fr\/escargots\/archachatina-marginata-suturalisstandard-para-p1\/","url":"https:\/\/megapets.eu\/fr\/escargots\/archachatina-marginata-suturalisstandard-para-p1\/","name":"Archachatina marginata suturalis standard \/ para P1 | MegaPets","isPartOf":{"@id":"https:\/\/megapets.eu\/fr\/#website"},"primaryImageOfPage":{"@id":"https:\/\/megapets.eu\/fr\/escargots\/archachatina-marginata-suturalisstandard-para-p1\/#primaryimage"},"image":{"@id":"https:\/\/megapets.eu\/fr\/escargots\/archachatina-marginata-suturalisstandard-para-p1\/#primaryimage"},"thumbnailUrl":"https:\/\/megapets.eu\/wp-content\/uploads\/2025\/03\/Sutu-P1-Ex.png","datePublished":"2025-03-08T16:30:59+00:00","dateModified":"2025-06-03T13:33:23+00:00","breadcrumb":{"@id":"https:\/\/megapets.eu\/fr\/escargots\/archachatina-marginata-suturalisstandard-para-p1\/#breadcrumb"},"inLanguage":"fr-FR","potentialAction":[{"@type":"ReadAction","target":["https:\/\/megapets.eu\/fr\/escargots\/archachatina-marginata-suturalisstandard-para-p1\/"]}]},{"@type":"ImageObject","inLanguage":"fr-FR","@id":"https:\/\/megapets.eu\/fr\/escargots\/archachatina-marginata-suturalisstandard-para-p1\/#primaryimage","url":"https:\/\/megapets.eu\/wp-content\/uploads\/2025\/03\/Sutu-P1-Ex.png","contentUrl":"https:\/\/megapets.eu\/wp-content\/uploads\/2025\/03\/Sutu-P1-Ex.png","width":1046,"height":704},{"@type":"BreadcrumbList","@id":"https:\/\/megapets.eu\/fr\/escargots\/archachatina-marginata-suturalisstandard-para-p1\/#breadcrumb","itemListElement":[{"@type":"ListItem","position":1,"name":"Strona g\u0142\u00f3wna","item":"https:\/\/megapets.eu\/fr\/accueil\/"},{"@type":"ListItem","position":2,"name":"Boutique","item":"https:\/\/megapets.eu\/boutique\/"},{"@type":"ListItem","position":3,"name":"Archachatina marginata suturalisstandard \/ para P1"}]},{"@type":"WebSite","@id":"https:\/\/megapets.eu\/fr\/#website","url":"https:\/\/megapets.eu\/fr\/","name":"Mega Pets","description":"Jedna z najwi\u0119kszych hodowli \u015blimak\u00f3w w Europie","publisher":{"@id":"https:\/\/megapets.eu\/fr\/#organization"},"alternateName":"Mega Pets","potentialAction":[{"@type":"SearchAction","target":{"@type":"EntryPoint","urlTemplate":"https:\/\/megapets.eu\/fr\/?s={search_term_string}"},"query-input":{"@type":"PropertyValueSpecification","valueRequired":true,"valueName":"search_term_string"}}],"inLanguage":"fr-FR"},{"@type":"Organization","@id":"https:\/\/megapets.eu\/fr\/#organization","name":"Mega Pets","url":"https:\/\/megapets.eu\/fr\/","logo":{"@type":"ImageObject","inLanguage":"fr-FR","@id":"https:\/\/megapets.eu\/fr\/#\/schema\/logo\/image\/","url":"https:\/\/megapets.eu\/wp-content\/uploads\/2025\/04\/megapets_eu-logo.png","contentUrl":"https:\/\/megapets.eu\/wp-content\/uploads\/2025\/04\/megapets_eu-logo.png","width":2362,"height":2362,"caption":"Mega Pets"},"image":{"@id":"https:\/\/megapets.eu\/fr\/#\/schema\/logo\/image\/"},"sameAs":["https:\/\/www.facebook.com\/MegaPets.eu\/"]}]}},"_links":{"self":[{"href":"https:\/\/megapets.eu\/fr\/wp-json\/wp\/v2\/product\/4322","targetHints":{"allow":["GET"]}}],"collection":[{"href":"https:\/\/megapets.eu\/fr\/wp-json\/wp\/v2\/product"}],"about":[{"href":"https:\/\/megapets.eu\/fr\/wp-json\/wp\/v2\/types\/product"}],"wp:featuredmedia":[{"embeddable":true,"href":"https:\/\/megapets.eu\/fr\/wp-json\/wp\/v2\/media\/4327"}],"wp:attachment":[{"href":"https:\/\/megapets.eu\/fr\/wp-json\/wp\/v2\/media?parent=4322"}],"wp:term":[{"taxonomy":"product_cat","embeddable":true,"href":"https:\/\/megapets.eu\/fr\/wp-json\/wp\/v2\/product_cat?post=4322"},{"taxonomy":"product_tag","embeddable":true,"href":"https:\/\/megapets.eu\/fr\/wp-json\/wp\/v2\/product_tag?post=4322"}],"curies":[{"name":"wp","href":"https:\/\/api.w.org\/{rel}","templated":true}]}}