{"id":4333,"date":"2025-04-09T17:16:09","date_gmt":"2025-04-09T17:16:09","guid":{"rendered":"https:\/\/megapets.eu\/non%20class\u00e9\/lissachatina-fulicacorps-albinos\/"},"modified":"2025-06-03T13:33:23","modified_gmt":"2025-06-03T13:33:23","slug":"lissachatina-fulicacorps-albinos","status":"publish","type":"product","link":"https:\/\/megapets.eu\/fr\/escargots\/lissachatina-fulicacorps-albinos\/","title":{"rendered":"Lissachatina fulica<br \/>corps albinos"},"content":{"rendered":"<p class=\"v1v1v1v1MsoNormal\"><span style=\"color: #424242;\"><strong><em><span style=\"font-size: 15px;\"><b>Esp\u00e8ce : <\/b><\/span><\/em><\/strong><em><span style=\"font-size: 15px;\">Lissachatina fulica<\/span><\/em><strong><em><span style=\"font-size: 15px;\"><br \/>\nVariation de couleur :<\/span><\/em><\/strong><em><span style=\"font-size: 15px;\"> corps albinos<\/span><\/em><\/span><\/p>\n<p class=\"v1v1v1v1MsoNormal\"><span style=\"font-size: 15px;\"><strong><em><span style=\"color: #008000;\">\u2b50\u2b50\u2b50<\/span><\/em><\/strong><em><span style=\"color: #008000;\"><span style=\"color: #424242;\"> L&rsquo;esp\u00e8ce Lissachatina fulica est l&rsquo;un des escargots africains les plus populaires et les plus connus des d\u00e9butants. Cette esp\u00e8ce est active et r\u00e9sistante aux erreurs d&rsquo;\u00e9levage. Pour cette raison, elle est souvent recommand\u00e9e comme premi\u00e8re esp\u00e8ce avec laquelle commencer ton aventure avec les escargots. Le corps albinos de Lissachatina fulica grandit assez vite, la taille de la coquille d&rsquo;un adulte de cette esp\u00e8ce est d&rsquo;environ 12 \u00e0 15 cm. <\/span><\/span><\/em><\/span><\/p>\n<p class=\"v1v1v1v1MsoNormal\"><span style=\"font-size: 15px;\"><em><span style=\"color: #008000;\"><span style=\"color: #424242;\">La premi\u00e8re photo montre un escargot adulte de l&rsquo;esp\u00e8ce Lissachatina fulica corps albinos, la deuxi\u00e8me photo montre la taille des jeunes escargots de cette esp\u00e8ce que nous proposons. <\/span><\/span><\/em><\/span><\/p>\n<p class=\"v1v1v1v1MsoNormal\"><span style=\"font-size: 15px;\"><em><span style=\"color: #008000;\"><img decoding=\"async\" src=\"https:\/\/static.xx.fbcdn.net\/images\/emoji.php\/v9\/tbe\/1\/16\/1f3c6.png\" alt=\"\ud83c\udfc6\" \/><span style=\"color: #e36a19;\"> Tous les petits proviennent de notre \u00e9leveur enregistr\u00e9 bien connu, tu ach\u00e8tes donc aupr\u00e8s d&rsquo;une source connue, o\u00f9 nous prenons bien soin des escargots et observons attentivement le d\u00e9veloppement de chacun d&rsquo;entre eux.<\/span><\/span><\/em><\/span><\/p>\n<p class=\"v1v1v1v1MsoNormal\"><span style=\"font-size: 15px; color: #424242;\"><em>Comme tu le sais, les r\u00e9cipients en plastique fonctionnent mieux pour l&rsquo;\u00e9levage des escargots. Les r\u00e9cipients que nous avons pr\u00e9par\u00e9s conviennent parfaitement au d\u00e9veloppement d&rsquo;une belle nouvelle croissance de coquilles d&rsquo;escargots). Pour gagner du temps lors de la r\u00e9alisation de ta commande, nous te conseillons de commencer par le kit de d\u00e9marrage, qui comprend les accessoires de base pour un d\u00e9marrage rapide de ton propre \u00e9levage et les instructions.<\/em><\/span><\/p>\n<p><span style=\"font-size: 15px;\"><em><span style=\"color: #008000;\"><img loading=\"lazy\" decoding=\"async\" class=\"xz74otr\" src=\"https:\/\/static.xx.fbcdn.net\/images\/emoji.php\/v9\/t1e\/1\/16\/1f33f.png\" alt=\"\ud83c\udf3f\" width=\"16\" height=\"16\" \/> Tout ce dont l&rsquo;animal a besoin, c&rsquo;est de fruits et de l\u00e9gumes frais et m\u00fbrs, d&rsquo;un r\u00e9cipient d&rsquo;\u00e9levage et d&rsquo;un substrat (ne laisse pas le substrat se dess\u00e9cher, vaporise le terrarium tous les 2 ou 3 jours). L&rsquo;alimentation quotidienne de l&rsquo;escargot ne doit pas manquer de l&rsquo;\u00e9l\u00e9ment de base d&rsquo;une coquille belle et saine ; la poudre de coquille d&rsquo;\u0153uf et la s\u00e9pia sont des sources naturelles de calcium parfaitement digestible. Tu peux te renseigner sur l&rsquo;alimentation des escargots exotiques sur notre site Internet.<\/span><\/em><\/span><\/p>\n","protected":false},"excerpt":{"rendered":"<ul>\n<li>De la part d&rsquo;un couple sans lien de parent\u00e9 :\n<ul>\n<li>P-<\/li>\n<\/ul>\n<\/li>\n<li>Taille de la coquille cible :\n<ul>\n<li>approx. 12-15 cm<\/li>\n<\/ul>\n<\/li>\n<li>Juvenile offert :\n<ul>\n<li>approx. 4-5 cm<\/li>\n<\/ul>\n<\/li>\n<li>Le prix est pour :\n<ul>\n<li>1 pi\u00e8ce<\/li>\n<\/ul>\n<\/li>\n<\/ul>\n","protected":false},"featured_media":10477,"template":"","meta":{"_acf_changed":false,"_links_to":"","_links_to_target":""},"product_cat":[107],"product_tag":[],"class_list":{"0":"post-4333","1":"product","2":"type-product","3":"status-publish","4":"has-post-thumbnail","6":"product_cat-escargots","8":"first","9":"outofstock","10":"shipping-taxable","11":"purchasable","12":"product-type-simple"},"acf":[],"yoast_head":"<!-- This site is optimized with the Yoast SEO plugin v24.9 - https:\/\/yoast.com\/wordpress\/plugins\/seo\/ -->\n<title>Lissachatina fulicacorps albinos | MegaPets<\/title>\n<meta name=\"description\" content=\"Les escargots africains de l&#039;esp\u00e8ce Lissachatina fulica sont l&#039;un des escargots africains les plus populaires et les plus connus des d\u00e9butants. Cette esp\u00e8ce est active et r\u00e9sistante aux erreurs d&#039;\u00e9levage. Pour cette raison, elle est souvent recommand\u00e9e comme premi\u00e8re esp\u00e8ce avec laquelle commencer ton aventure avec les escargots. Le corps albinos de Lissachatina fulica grandit assez vite, la taille de la coquille d&#039;un adulte de cette esp\u00e8ce est d&#039;environ 12 \u00e0 15 cm.\" \/>\n<meta name=\"robots\" content=\"index, follow, max-snippet:-1, max-image-preview:large, max-video-preview:-1\" \/>\n<link rel=\"canonical\" href=\"https:\/\/megapets.eu\/fr\/escargots\/lissachatina-fulicacorps-albinos\/\" \/>\n<meta property=\"og:locale\" content=\"fr_FR\" \/>\n<meta property=\"og:type\" content=\"article\" \/>\n<meta property=\"og:title\" content=\"Lissachatina fulicacorps albinos | MegaPets\" \/>\n<meta property=\"og:description\" content=\"Les escargots africains de l&#039;esp\u00e8ce Lissachatina fulica sont l&#039;un des escargots africains les plus populaires et les plus connus des d\u00e9butants. Cette esp\u00e8ce est active et r\u00e9sistante aux erreurs d&#039;\u00e9levage. Pour cette raison, elle est souvent recommand\u00e9e comme premi\u00e8re esp\u00e8ce avec laquelle commencer ton aventure avec les escargots. Le corps albinos de Lissachatina fulica grandit assez vite, la taille de la coquille d&#039;un adulte de cette esp\u00e8ce est d&#039;environ 12 \u00e0 15 cm.\" \/>\n<meta property=\"og:url\" content=\"https:\/\/megapets.eu\/fr\/escargots\/lissachatina-fulicacorps-albinos\/\" \/>\n<meta property=\"og:site_name\" content=\"MegaPets\" \/>\n<meta property=\"article:publisher\" content=\"https:\/\/www.facebook.com\/MegaPets.eu\/\" \/>\n<meta property=\"article:modified_time\" content=\"2025-06-03T13:33:23+00:00\" \/>\n<meta property=\"og:image\" content=\"https:\/\/megapets.eu\/wp-content\/uploads\/2025\/04\/Liss.-fulica-1-Ex.png\" \/>\n\t<meta property=\"og:image:width\" content=\"1046\" \/>\n\t<meta property=\"og:image:height\" content=\"704\" \/>\n\t<meta property=\"og:image:type\" content=\"image\/png\" \/>\n<meta name=\"twitter:card\" content=\"summary_large_image\" \/>\n<meta name=\"twitter:label1\" content=\"Dur\u00e9e de lecture estim\u00e9e\" \/>\n\t<meta name=\"twitter:data1\" content=\"2 minutes\" \/>\n<script type=\"application\/ld+json\" class=\"yoast-schema-graph\">{\"@context\":\"https:\/\/schema.org\",\"@graph\":[{\"@type\":\"WebPage\",\"@id\":\"https:\/\/megapets.eu\/fr\/escargots\/lissachatina-fulicacorps-albinos\/\",\"url\":\"https:\/\/megapets.eu\/fr\/escargots\/lissachatina-fulicacorps-albinos\/\",\"name\":\"Lissachatina fulica corps albinos | MegaPets\",\"isPartOf\":{\"@id\":\"https:\/\/megapets.eu\/fr\/#website\"},\"primaryImageOfPage\":{\"@id\":\"https:\/\/megapets.eu\/fr\/escargots\/lissachatina-fulicacorps-albinos\/#primaryimage\"},\"image\":{\"@id\":\"https:\/\/megapets.eu\/fr\/escargots\/lissachatina-fulicacorps-albinos\/#primaryimage\"},\"thumbnailUrl\":\"https:\/\/megapets.eu\/wp-content\/uploads\/2025\/04\/Liss.-fulica-1-Ex-1.png\",\"datePublished\":\"2025-04-09T17:16:09+00:00\",\"dateModified\":\"2025-06-03T13:33:23+00:00\",\"description\":\"Les escargots africains de l'esp\u00e8ce Lissachatina fulica sont l'un des escargots africains les plus populaires et les plus connus des d\u00e9butants. Cette esp\u00e8ce est active et r\u00e9sistante aux erreurs d'\u00e9levage. Pour cette raison, elle est souvent recommand\u00e9e comme premi\u00e8re esp\u00e8ce avec laquelle commencer ton aventure avec les escargots. Le corps albinos de Lissachatina fulica grandit assez vite, la taille de la coquille d'un adulte de cette esp\u00e8ce est d'environ 12 \u00e0 15 cm.\",\"breadcrumb\":{\"@id\":\"https:\/\/megapets.eu\/fr\/escargots\/lissachatina-fulicacorps-albinos\/#breadcrumb\"},\"inLanguage\":\"fr-FR\",\"potentialAction\":[{\"@type\":\"ReadAction\",\"target\":[\"https:\/\/megapets.eu\/fr\/escargots\/lissachatina-fulicacorps-albinos\/\"]}]},{\"@type\":\"ImageObject\",\"inLanguage\":\"fr-FR\",\"@id\":\"https:\/\/megapets.eu\/fr\/escargots\/lissachatina-fulicacorps-albinos\/#primaryimage\",\"url\":\"https:\/\/megapets.eu\/wp-content\/uploads\/2025\/04\/Liss.-fulica-1-Ex-1.png\",\"contentUrl\":\"https:\/\/megapets.eu\/wp-content\/uploads\/2025\/04\/Liss.-fulica-1-Ex-1.png\",\"width\":1047,\"height\":691},{\"@type\":\"BreadcrumbList\",\"@id\":\"https:\/\/megapets.eu\/fr\/escargots\/lissachatina-fulicacorps-albinos\/#breadcrumb\",\"itemListElement\":[{\"@type\":\"ListItem\",\"position\":1,\"name\":\"Strona g\u0142\u00f3wna\",\"item\":\"https:\/\/megapets.eu\/fr\/accueil\/\"},{\"@type\":\"ListItem\",\"position\":2,\"name\":\"Boutique\",\"item\":\"https:\/\/megapets.eu\/boutique\/\"},{\"@type\":\"ListItem\",\"position\":3,\"name\":\"Lissachatina fulicacorps albinos\"}]},{\"@type\":\"WebSite\",\"@id\":\"https:\/\/megapets.eu\/fr\/#website\",\"url\":\"https:\/\/megapets.eu\/fr\/\",\"name\":\"Mega Pets\",\"description\":\"Jedna z najwi\u0119kszych hodowli \u015blimak\u00f3w w Europie\",\"publisher\":{\"@id\":\"https:\/\/megapets.eu\/fr\/#organization\"},\"alternateName\":\"Mega Pets\",\"potentialAction\":[{\"@type\":\"SearchAction\",\"target\":{\"@type\":\"EntryPoint\",\"urlTemplate\":\"https:\/\/megapets.eu\/fr\/?s={search_term_string}\"},\"query-input\":{\"@type\":\"PropertyValueSpecification\",\"valueRequired\":true,\"valueName\":\"search_term_string\"}}],\"inLanguage\":\"fr-FR\"},{\"@type\":\"Organization\",\"@id\":\"https:\/\/megapets.eu\/fr\/#organization\",\"name\":\"Mega Pets\",\"url\":\"https:\/\/megapets.eu\/fr\/\",\"logo\":{\"@type\":\"ImageObject\",\"inLanguage\":\"fr-FR\",\"@id\":\"https:\/\/megapets.eu\/fr\/#\/schema\/logo\/image\/\",\"url\":\"https:\/\/megapets.eu\/wp-content\/uploads\/2025\/04\/megapets_eu-logo.png\",\"contentUrl\":\"https:\/\/megapets.eu\/wp-content\/uploads\/2025\/04\/megapets_eu-logo.png\",\"width\":2362,\"height\":2362,\"caption\":\"Mega Pets\"},\"image\":{\"@id\":\"https:\/\/megapets.eu\/fr\/#\/schema\/logo\/image\/\"},\"sameAs\":[\"https:\/\/www.facebook.com\/MegaPets.eu\/\"]}]}<\/script>\n<!-- \/ Yoast SEO plugin. -->","yoast_head_json":{"title":"Lissachatina fulicacorps albinos | MegaPets","description":"Les escargots africains de l'esp\u00e8ce Lissachatina fulica sont l'un des escargots africains les plus populaires et les plus connus des d\u00e9butants. Cette esp\u00e8ce est active et r\u00e9sistante aux erreurs d'\u00e9levage. Pour cette raison, elle est souvent recommand\u00e9e comme premi\u00e8re esp\u00e8ce avec laquelle commencer ton aventure avec les escargots. Le corps albinos de Lissachatina fulica grandit assez vite, la taille de la coquille d'un adulte de cette esp\u00e8ce est d'environ 12 \u00e0 15 cm.","robots":{"index":"index","follow":"follow","max-snippet":"max-snippet:-1","max-image-preview":"max-image-preview:large","max-video-preview":"max-video-preview:-1"},"canonical":"https:\/\/megapets.eu\/fr\/escargots\/lissachatina-fulicacorps-albinos\/","og_locale":"fr_FR","og_type":"article","og_title":"Lissachatina fulicacorps albinos | MegaPets","og_description":"Les escargots africains de l'esp\u00e8ce Lissachatina fulica sont l'un des escargots africains les plus populaires et les plus connus des d\u00e9butants. Cette esp\u00e8ce est active et r\u00e9sistante aux erreurs d'\u00e9levage. Pour cette raison, elle est souvent recommand\u00e9e comme premi\u00e8re esp\u00e8ce avec laquelle commencer ton aventure avec les escargots. Le corps albinos de Lissachatina fulica grandit assez vite, la taille de la coquille d'un adulte de cette esp\u00e8ce est d'environ 12 \u00e0 15 cm.","og_url":"https:\/\/megapets.eu\/fr\/escargots\/lissachatina-fulicacorps-albinos\/","og_site_name":"MegaPets","article_publisher":"https:\/\/www.facebook.com\/MegaPets.eu\/","article_modified_time":"2025-06-03T13:33:23+00:00","og_image":[{"width":1046,"height":704,"url":"https:\/\/megapets.eu\/wp-content\/uploads\/2025\/04\/Liss.-fulica-1-Ex.png","type":"image\/png"}],"twitter_card":"summary_large_image","twitter_misc":{"Dur\u00e9e de lecture estim\u00e9e":"2 minutes"},"schema":{"@context":"https:\/\/schema.org","@graph":[{"@type":"WebPage","@id":"https:\/\/megapets.eu\/fr\/escargots\/lissachatina-fulicacorps-albinos\/","url":"https:\/\/megapets.eu\/fr\/escargots\/lissachatina-fulicacorps-albinos\/","name":"Lissachatina fulica corps albinos | MegaPets","isPartOf":{"@id":"https:\/\/megapets.eu\/fr\/#website"},"primaryImageOfPage":{"@id":"https:\/\/megapets.eu\/fr\/escargots\/lissachatina-fulicacorps-albinos\/#primaryimage"},"image":{"@id":"https:\/\/megapets.eu\/fr\/escargots\/lissachatina-fulicacorps-albinos\/#primaryimage"},"thumbnailUrl":"https:\/\/megapets.eu\/wp-content\/uploads\/2025\/04\/Liss.-fulica-1-Ex-1.png","datePublished":"2025-04-09T17:16:09+00:00","dateModified":"2025-06-03T13:33:23+00:00","description":"Les escargots africains de l'esp\u00e8ce Lissachatina fulica sont l'un des escargots africains les plus populaires et les plus connus des d\u00e9butants. Cette esp\u00e8ce est active et r\u00e9sistante aux erreurs d'\u00e9levage. Pour cette raison, elle est souvent recommand\u00e9e comme premi\u00e8re esp\u00e8ce avec laquelle commencer ton aventure avec les escargots. Le corps albinos de Lissachatina fulica grandit assez vite, la taille de la coquille d'un adulte de cette esp\u00e8ce est d'environ 12 \u00e0 15 cm.","breadcrumb":{"@id":"https:\/\/megapets.eu\/fr\/escargots\/lissachatina-fulicacorps-albinos\/#breadcrumb"},"inLanguage":"fr-FR","potentialAction":[{"@type":"ReadAction","target":["https:\/\/megapets.eu\/fr\/escargots\/lissachatina-fulicacorps-albinos\/"]}]},{"@type":"ImageObject","inLanguage":"fr-FR","@id":"https:\/\/megapets.eu\/fr\/escargots\/lissachatina-fulicacorps-albinos\/#primaryimage","url":"https:\/\/megapets.eu\/wp-content\/uploads\/2025\/04\/Liss.-fulica-1-Ex-1.png","contentUrl":"https:\/\/megapets.eu\/wp-content\/uploads\/2025\/04\/Liss.-fulica-1-Ex-1.png","width":1047,"height":691},{"@type":"BreadcrumbList","@id":"https:\/\/megapets.eu\/fr\/escargots\/lissachatina-fulicacorps-albinos\/#breadcrumb","itemListElement":[{"@type":"ListItem","position":1,"name":"Strona g\u0142\u00f3wna","item":"https:\/\/megapets.eu\/fr\/accueil\/"},{"@type":"ListItem","position":2,"name":"Boutique","item":"https:\/\/megapets.eu\/boutique\/"},{"@type":"ListItem","position":3,"name":"Lissachatina fulicacorps albinos"}]},{"@type":"WebSite","@id":"https:\/\/megapets.eu\/fr\/#website","url":"https:\/\/megapets.eu\/fr\/","name":"Mega Pets","description":"Jedna z najwi\u0119kszych hodowli \u015blimak\u00f3w w Europie","publisher":{"@id":"https:\/\/megapets.eu\/fr\/#organization"},"alternateName":"Mega Pets","potentialAction":[{"@type":"SearchAction","target":{"@type":"EntryPoint","urlTemplate":"https:\/\/megapets.eu\/fr\/?s={search_term_string}"},"query-input":{"@type":"PropertyValueSpecification","valueRequired":true,"valueName":"search_term_string"}}],"inLanguage":"fr-FR"},{"@type":"Organization","@id":"https:\/\/megapets.eu\/fr\/#organization","name":"Mega Pets","url":"https:\/\/megapets.eu\/fr\/","logo":{"@type":"ImageObject","inLanguage":"fr-FR","@id":"https:\/\/megapets.eu\/fr\/#\/schema\/logo\/image\/","url":"https:\/\/megapets.eu\/wp-content\/uploads\/2025\/04\/megapets_eu-logo.png","contentUrl":"https:\/\/megapets.eu\/wp-content\/uploads\/2025\/04\/megapets_eu-logo.png","width":2362,"height":2362,"caption":"Mega Pets"},"image":{"@id":"https:\/\/megapets.eu\/fr\/#\/schema\/logo\/image\/"},"sameAs":["https:\/\/www.facebook.com\/MegaPets.eu\/"]}]}},"_links":{"self":[{"href":"https:\/\/megapets.eu\/fr\/wp-json\/wp\/v2\/product\/4333","targetHints":{"allow":["GET"]}}],"collection":[{"href":"https:\/\/megapets.eu\/fr\/wp-json\/wp\/v2\/product"}],"about":[{"href":"https:\/\/megapets.eu\/fr\/wp-json\/wp\/v2\/types\/product"}],"wp:featuredmedia":[{"embeddable":true,"href":"https:\/\/megapets.eu\/fr\/wp-json\/wp\/v2\/media\/10477"}],"wp:attachment":[{"href":"https:\/\/megapets.eu\/fr\/wp-json\/wp\/v2\/media?parent=4333"}],"wp:term":[{"taxonomy":"product_cat","embeddable":true,"href":"https:\/\/megapets.eu\/fr\/wp-json\/wp\/v2\/product_cat?post=4333"},{"taxonomy":"product_tag","embeddable":true,"href":"https:\/\/megapets.eu\/fr\/wp-json\/wp\/v2\/product_tag?post=4333"}],"curies":[{"name":"wp","href":"https:\/\/api.w.org\/{rel}","templated":true}]}}