{"id":4366,"date":"2025-04-07T06:54:41","date_gmt":"2025-04-07T06:54:41","guid":{"rendered":"https:\/\/megapets.eu\/non%20class\u00e9\/archachatina-marginata-marginatatype-1-para-p7\/"},"modified":"2025-06-03T13:33:25","modified_gmt":"2025-06-03T13:33:25","slug":"archachatina-marginata-marginatatype-1-para-p7","status":"publish","type":"product","link":"https:\/\/megapets.eu\/fr\/escargots\/archachatina-marginata-marginatatype-1-para-p7\/","title":{"rendered":"Archachatina marginata marginata<br \/>type 1 \/ para P7"},"content":{"rendered":"<p style=\"text-align: left;\"><span style=\"color: #424242; font-size: 15px;\"><em><span style=\"color: #000000;\"><strong>Esp\u00e8ce :<\/strong> <\/span><\/em><span style=\"color: #000000;\"><em>Archachatina marginata marginata (Swainson, 1821)<\/em><\/span><em><br \/>\n<strong><span style=\"color: #000000;\">D\u00e9signation sp\u00e9ciale de la lign\u00e9e : <\/span><\/strong><\/em><em><span style=\"color: #000000;\">\u00ab\u00a0type 1\u00a0\u00bb<\/span><\/em><em><br \/>\n<\/em><\/span><\/p>\n<p style=\"text-align: left;\"><span style=\"font-size: 15px;\"><strong><span style=\"color: #000000;\"><em><span style=\"color: #008000;\"><span style=\"color: #424242;\"><img decoding=\"async\" src=\"https:\/\/static.xx.fbcdn.net\/images\/emoji.php\/v9\/tb4\/1\/16\/2b50.png\" alt=\"\u2b50\ufe0f\" \/> <\/span><\/span><\/em><\/span><\/strong><span style=\"color: #000000;\"><em>Juv\u00e9niles offerts issus d&rsquo;une paire parentale non apparent\u00e9e. En s\u00e9lectionnant continuellement des compagnons appropri\u00e9s et en cr\u00e9ant des paires de g\u00e9n\u00e9ration en g\u00e9n\u00e9ration, on r\u00e9ussit \u00e0 maintenir des lign\u00e9es g\u00e9n\u00e9alogiques non apparent\u00e9es de beaux g\u00e9ants.<\/em><\/span><\/span><\/p>\n<p style=\"text-align: left;\"><span style=\"font-size: 15px;\"><span style=\"color: #000000;\"><em><span style=\"color: #008000;\"><span style=\"color: #424242;\"><img decoding=\"async\" src=\"https:\/\/static.xx.fbcdn.net\/images\/emoji.php\/v9\/t0\/1\/16\/1f5a4.png\" alt=\"\ud83d\udda4\" \/> Les beaux g\u00e9ants d&rsquo;Archachatina marginata marginata pr\u00e9sentent une apparence robuste et fascinante, inspirant l&rsquo;admiration. Leur principal atout est leur corps sombre, gris noir ou brun noir, et leur coquille massive. Les escargots Archachatina marginata marginata <span style=\"color: #424242; font-size: 15px;\">&lsquo;type 1&rsquo;<\/span> se distinguent par leurs palpeurs exceptionnellement noirs et leur t\u00eate presque noire comme du goudron. La pr\u00e9dominance du noir dans la coloration leur donne un style presque gothique.<\/span><\/span><\/em><\/span><\/span><\/p>\n<p style=\"text-align: left;\"><span style=\"color: #000000; font-size: 15px;\"><em><span class=\"x1xsqp64 xiy17q3 x1o6pynw x19co3pv xdj266r xcwd3tp xat24cr x39eecv x2b8uid\" data-testid=\"emoji\"><span class=\"xexx8yu xn5pp95 x18d9i69 x2fxd7x x3jgonx x1bhl96m\"><img loading=\"lazy\" decoding=\"async\" class=\"\" src=\"https:\/\/static.xx.fbcdn.net\/images\/emoji.php\/v9\/t66\/1\/32\/1f4cc.png\" alt=\"\ud83d\udccc\" width=\"18\" height=\"18\" \/> G\u00e9n\u00e9ralement, la taille de la coquille de l&rsquo;esp\u00e8ce atteint une taille consid\u00e9rable, environ 12-14 cm.<\/span><\/span><\/em><\/span><\/p>\n<p style=\"text-align: left;\"><span style=\"color: #000000; font-size: 15px;\"><em><img loading=\"lazy\" decoding=\"async\" class=\"xz74otr\" src=\"https:\/\/static.xx.fbcdn.net\/images\/emoji.php\/v9\/t1e\/1\/16\/1f33f.png\" alt=\"\ud83c\udf3f\" width=\"18\" height=\"18\" \/> <span style=\"color: #008000;\">Comme la plupart des membres du genre Archachatina, marginata marginata marginata est une esp\u00e8ce mod\u00e9r\u00e9ment active, ind\u00e9hiscente et facile \u00e0 entretenir.<\/span><\/em><\/span><\/p>\n","protected":false},"excerpt":{"rendered":"<ul>\n<li>Taille de la coquille cible :\n<ul>\n<li>approx. 12-14 cm<\/li>\n<\/ul>\n<\/li>\n<li>Provenant d&rsquo;une paire non apparent\u00e9e :\n<ul>\n<li>P7<\/li>\n<\/ul>\n<\/li>\n<li>Juv\u00e9nile offert :\n<ul>\n<li>approx. 5-6 cm<\/li>\n<\/ul>\n<\/li>\n<li>Le prix est pour :\n<ul>\n<li>1 pi\u00e8ce<\/li>\n<\/ul>\n<\/li>\n<\/ul>\n","protected":false},"featured_media":4367,"template":"","meta":{"_acf_changed":false,"_links_to":"","_links_to_target":""},"product_cat":[107],"product_tag":[],"class_list":{"0":"post-4366","1":"product","2":"type-product","3":"status-publish","4":"has-post-thumbnail","6":"product_cat-escargots","8":"first","9":"outofstock","10":"shipping-taxable","11":"purchasable","12":"product-type-simple"},"acf":[],"yoast_head":"<!-- This site is optimized with the Yoast SEO plugin v24.9 - https:\/\/yoast.com\/wordpress\/plugins\/seo\/ -->\n<title>Archachatina marginata marginatatype 1 \/ para P7 | MegaPets<\/title>\n<meta name=\"robots\" content=\"index, follow, max-snippet:-1, max-image-preview:large, max-video-preview:-1\" \/>\n<link rel=\"canonical\" href=\"https:\/\/megapets.eu\/fr\/escargots\/archachatina-marginata-marginatatype-1-para-p7\/\" \/>\n<meta property=\"og:locale\" content=\"fr_FR\" \/>\n<meta property=\"og:type\" content=\"article\" \/>\n<meta property=\"og:title\" content=\"Archachatina marginata marginatatype 1 \/ para P7 | MegaPets\" \/>\n<meta property=\"og:description\" content=\"Taille de la coquille cible :  approx. 12-14 cm   Provenant d&#039;une paire non apparent\u00e9e :  P7   Juv\u00e9nile offert :  approx. 5-6 cm   Le prix est pour :  1 pi\u00e8ce\" \/>\n<meta property=\"og:url\" content=\"https:\/\/megapets.eu\/fr\/escargots\/archachatina-marginata-marginatatype-1-para-p7\/\" \/>\n<meta property=\"og:site_name\" content=\"MegaPets\" \/>\n<meta property=\"article:publisher\" content=\"https:\/\/www.facebook.com\/MegaPets.eu\/\" \/>\n<meta property=\"article:modified_time\" content=\"2025-06-03T13:33:25+00:00\" \/>\n<meta property=\"og:image\" content=\"https:\/\/megapets.eu\/wp-content\/uploads\/2025\/04\/99-Ready-1024x718.png\" \/>\n\t<meta property=\"og:image:width\" content=\"1024\" \/>\n\t<meta property=\"og:image:height\" content=\"718\" \/>\n\t<meta property=\"og:image:type\" content=\"image\/png\" \/>\n<meta name=\"twitter:card\" content=\"summary_large_image\" \/>\n<meta name=\"twitter:label1\" content=\"Dur\u00e9e de lecture estim\u00e9e\" \/>\n\t<meta name=\"twitter:data1\" content=\"1 minute\" \/>\n<script type=\"application\/ld+json\" class=\"yoast-schema-graph\">{\"@context\":\"https:\/\/schema.org\",\"@graph\":[{\"@type\":\"WebPage\",\"@id\":\"https:\/\/megapets.eu\/fr\/escargots\/archachatina-marginata-marginatatype-1-para-p7\/\",\"url\":\"https:\/\/megapets.eu\/fr\/escargots\/archachatina-marginata-marginatatype-1-para-p7\/\",\"name\":\"Archachatina marginata marginata type 1 \/ para P7 | MegaPets\",\"isPartOf\":{\"@id\":\"https:\/\/megapets.eu\/fr\/#website\"},\"primaryImageOfPage\":{\"@id\":\"https:\/\/megapets.eu\/fr\/escargots\/archachatina-marginata-marginatatype-1-para-p7\/#primaryimage\"},\"image\":{\"@id\":\"https:\/\/megapets.eu\/fr\/escargots\/archachatina-marginata-marginatatype-1-para-p7\/#primaryimage\"},\"thumbnailUrl\":\"https:\/\/megapets.eu\/wp-content\/uploads\/2025\/04\/99-Ready.png\",\"datePublished\":\"2025-04-07T06:54:41+00:00\",\"dateModified\":\"2025-06-03T13:33:25+00:00\",\"breadcrumb\":{\"@id\":\"https:\/\/megapets.eu\/fr\/escargots\/archachatina-marginata-marginatatype-1-para-p7\/#breadcrumb\"},\"inLanguage\":\"fr-FR\",\"potentialAction\":[{\"@type\":\"ReadAction\",\"target\":[\"https:\/\/megapets.eu\/fr\/escargots\/archachatina-marginata-marginatatype-1-para-p7\/\"]}]},{\"@type\":\"ImageObject\",\"inLanguage\":\"fr-FR\",\"@id\":\"https:\/\/megapets.eu\/fr\/escargots\/archachatina-marginata-marginatatype-1-para-p7\/#primaryimage\",\"url\":\"https:\/\/megapets.eu\/wp-content\/uploads\/2025\/04\/99-Ready.png\",\"contentUrl\":\"https:\/\/megapets.eu\/wp-content\/uploads\/2025\/04\/99-Ready.png\",\"width\":3266,\"height\":2289},{\"@type\":\"BreadcrumbList\",\"@id\":\"https:\/\/megapets.eu\/fr\/escargots\/archachatina-marginata-marginatatype-1-para-p7\/#breadcrumb\",\"itemListElement\":[{\"@type\":\"ListItem\",\"position\":1,\"name\":\"Strona g\u0142\u00f3wna\",\"item\":\"https:\/\/megapets.eu\/fr\/accueil\/\"},{\"@type\":\"ListItem\",\"position\":2,\"name\":\"Boutique\",\"item\":\"https:\/\/megapets.eu\/boutique\/\"},{\"@type\":\"ListItem\",\"position\":3,\"name\":\"Archachatina marginata marginatatype 1 \/ para P7\"}]},{\"@type\":\"WebSite\",\"@id\":\"https:\/\/megapets.eu\/fr\/#website\",\"url\":\"https:\/\/megapets.eu\/fr\/\",\"name\":\"Mega Pets\",\"description\":\"Jedna z najwi\u0119kszych hodowli \u015blimak\u00f3w w Europie\",\"publisher\":{\"@id\":\"https:\/\/megapets.eu\/fr\/#organization\"},\"alternateName\":\"Mega Pets\",\"potentialAction\":[{\"@type\":\"SearchAction\",\"target\":{\"@type\":\"EntryPoint\",\"urlTemplate\":\"https:\/\/megapets.eu\/fr\/?s={search_term_string}\"},\"query-input\":{\"@type\":\"PropertyValueSpecification\",\"valueRequired\":true,\"valueName\":\"search_term_string\"}}],\"inLanguage\":\"fr-FR\"},{\"@type\":\"Organization\",\"@id\":\"https:\/\/megapets.eu\/fr\/#organization\",\"name\":\"Mega Pets\",\"url\":\"https:\/\/megapets.eu\/fr\/\",\"logo\":{\"@type\":\"ImageObject\",\"inLanguage\":\"fr-FR\",\"@id\":\"https:\/\/megapets.eu\/fr\/#\/schema\/logo\/image\/\",\"url\":\"https:\/\/megapets.eu\/wp-content\/uploads\/2025\/04\/megapets_eu-logo.png\",\"contentUrl\":\"https:\/\/megapets.eu\/wp-content\/uploads\/2025\/04\/megapets_eu-logo.png\",\"width\":2362,\"height\":2362,\"caption\":\"Mega Pets\"},\"image\":{\"@id\":\"https:\/\/megapets.eu\/fr\/#\/schema\/logo\/image\/\"},\"sameAs\":[\"https:\/\/www.facebook.com\/MegaPets.eu\/\"]}]}<\/script>\n<!-- \/ Yoast SEO plugin. -->","yoast_head_json":{"title":"Archachatina marginata marginatatype 1 \/ para P7 | MegaPets","robots":{"index":"index","follow":"follow","max-snippet":"max-snippet:-1","max-image-preview":"max-image-preview:large","max-video-preview":"max-video-preview:-1"},"canonical":"https:\/\/megapets.eu\/fr\/escargots\/archachatina-marginata-marginatatype-1-para-p7\/","og_locale":"fr_FR","og_type":"article","og_title":"Archachatina marginata marginatatype 1 \/ para P7 | MegaPets","og_description":"Taille de la coquille cible :  approx. 12-14 cm   Provenant d'une paire non apparent\u00e9e :  P7   Juv\u00e9nile offert :  approx. 5-6 cm   Le prix est pour :  1 pi\u00e8ce","og_url":"https:\/\/megapets.eu\/fr\/escargots\/archachatina-marginata-marginatatype-1-para-p7\/","og_site_name":"MegaPets","article_publisher":"https:\/\/www.facebook.com\/MegaPets.eu\/","article_modified_time":"2025-06-03T13:33:25+00:00","og_image":[{"width":1024,"height":718,"url":"https:\/\/megapets.eu\/wp-content\/uploads\/2025\/04\/99-Ready-1024x718.png","type":"image\/png"}],"twitter_card":"summary_large_image","twitter_misc":{"Dur\u00e9e de lecture estim\u00e9e":"1 minute"},"schema":{"@context":"https:\/\/schema.org","@graph":[{"@type":"WebPage","@id":"https:\/\/megapets.eu\/fr\/escargots\/archachatina-marginata-marginatatype-1-para-p7\/","url":"https:\/\/megapets.eu\/fr\/escargots\/archachatina-marginata-marginatatype-1-para-p7\/","name":"Archachatina marginata marginata type 1 \/ para P7 | MegaPets","isPartOf":{"@id":"https:\/\/megapets.eu\/fr\/#website"},"primaryImageOfPage":{"@id":"https:\/\/megapets.eu\/fr\/escargots\/archachatina-marginata-marginatatype-1-para-p7\/#primaryimage"},"image":{"@id":"https:\/\/megapets.eu\/fr\/escargots\/archachatina-marginata-marginatatype-1-para-p7\/#primaryimage"},"thumbnailUrl":"https:\/\/megapets.eu\/wp-content\/uploads\/2025\/04\/99-Ready.png","datePublished":"2025-04-07T06:54:41+00:00","dateModified":"2025-06-03T13:33:25+00:00","breadcrumb":{"@id":"https:\/\/megapets.eu\/fr\/escargots\/archachatina-marginata-marginatatype-1-para-p7\/#breadcrumb"},"inLanguage":"fr-FR","potentialAction":[{"@type":"ReadAction","target":["https:\/\/megapets.eu\/fr\/escargots\/archachatina-marginata-marginatatype-1-para-p7\/"]}]},{"@type":"ImageObject","inLanguage":"fr-FR","@id":"https:\/\/megapets.eu\/fr\/escargots\/archachatina-marginata-marginatatype-1-para-p7\/#primaryimage","url":"https:\/\/megapets.eu\/wp-content\/uploads\/2025\/04\/99-Ready.png","contentUrl":"https:\/\/megapets.eu\/wp-content\/uploads\/2025\/04\/99-Ready.png","width":3266,"height":2289},{"@type":"BreadcrumbList","@id":"https:\/\/megapets.eu\/fr\/escargots\/archachatina-marginata-marginatatype-1-para-p7\/#breadcrumb","itemListElement":[{"@type":"ListItem","position":1,"name":"Strona g\u0142\u00f3wna","item":"https:\/\/megapets.eu\/fr\/accueil\/"},{"@type":"ListItem","position":2,"name":"Boutique","item":"https:\/\/megapets.eu\/boutique\/"},{"@type":"ListItem","position":3,"name":"Archachatina marginata marginatatype 1 \/ para P7"}]},{"@type":"WebSite","@id":"https:\/\/megapets.eu\/fr\/#website","url":"https:\/\/megapets.eu\/fr\/","name":"Mega Pets","description":"Jedna z najwi\u0119kszych hodowli \u015blimak\u00f3w w Europie","publisher":{"@id":"https:\/\/megapets.eu\/fr\/#organization"},"alternateName":"Mega Pets","potentialAction":[{"@type":"SearchAction","target":{"@type":"EntryPoint","urlTemplate":"https:\/\/megapets.eu\/fr\/?s={search_term_string}"},"query-input":{"@type":"PropertyValueSpecification","valueRequired":true,"valueName":"search_term_string"}}],"inLanguage":"fr-FR"},{"@type":"Organization","@id":"https:\/\/megapets.eu\/fr\/#organization","name":"Mega Pets","url":"https:\/\/megapets.eu\/fr\/","logo":{"@type":"ImageObject","inLanguage":"fr-FR","@id":"https:\/\/megapets.eu\/fr\/#\/schema\/logo\/image\/","url":"https:\/\/megapets.eu\/wp-content\/uploads\/2025\/04\/megapets_eu-logo.png","contentUrl":"https:\/\/megapets.eu\/wp-content\/uploads\/2025\/04\/megapets_eu-logo.png","width":2362,"height":2362,"caption":"Mega Pets"},"image":{"@id":"https:\/\/megapets.eu\/fr\/#\/schema\/logo\/image\/"},"sameAs":["https:\/\/www.facebook.com\/MegaPets.eu\/"]}]}},"_links":{"self":[{"href":"https:\/\/megapets.eu\/fr\/wp-json\/wp\/v2\/product\/4366","targetHints":{"allow":["GET"]}}],"collection":[{"href":"https:\/\/megapets.eu\/fr\/wp-json\/wp\/v2\/product"}],"about":[{"href":"https:\/\/megapets.eu\/fr\/wp-json\/wp\/v2\/types\/product"}],"wp:featuredmedia":[{"embeddable":true,"href":"https:\/\/megapets.eu\/fr\/wp-json\/wp\/v2\/media\/4367"}],"wp:attachment":[{"href":"https:\/\/megapets.eu\/fr\/wp-json\/wp\/v2\/media?parent=4366"}],"wp:term":[{"taxonomy":"product_cat","embeddable":true,"href":"https:\/\/megapets.eu\/fr\/wp-json\/wp\/v2\/product_cat?post=4366"},{"taxonomy":"product_tag","embeddable":true,"href":"https:\/\/megapets.eu\/fr\/wp-json\/wp\/v2\/product_tag?post=4366"}],"curies":[{"name":"wp","href":"https:\/\/api.w.org\/{rel}","templated":true}]}}