{"id":4379,"date":"2025-04-17T10:35:12","date_gmt":"2025-04-17T10:35:12","guid":{"rendered":"https:\/\/megapets.eu\/non%20class\u00e9\/benoitolus-siamensisfluorescence-sous-lumiere-uv\/"},"modified":"2025-06-03T13:33:26","modified_gmt":"2025-06-03T13:33:26","slug":"benoitolus-siamensisfluorescence-sous-lumiere-uv","status":"publish","type":"product","link":"https:\/\/megapets.eu\/fr\/miriapodes-fr\/benoitolus-siamensisfluorescence-sous-lumiere-uv\/","title":{"rendered":"Benoitolus siamensis<br \/>\u00ab\u00a0Fluorescence sous lumi\u00e8re UV\u00a0\u00bb"},"content":{"rendered":"<p class=\"v1v1v1v1MsoNormal\" style=\"text-align: left;\"><span style=\"color: #d94890;\"><strong><em><span style=\"font-size: 15px;\"><span style=\"color: #424242;\">Esp\u00e8ce :<\/span> <span style=\"color: #3366ff;\">crocodile <\/span><\/span><\/em><\/strong><\/span>Benoitolus siamensis <span style=\"color: #d94890;\"><strong><em><span style=\"font-size: 15px;\"><span style=\"color: #3366ff;\">\u00ab\u00a0Fluorescence sous lumi\u00e8re UV\u00a0\u00bb.<\/span><\/span><\/em><\/strong><\/span><\/p>\n<p class=\"v1v1v1v1MsoNormal\" style=\"text-align: left;\"><span style=\"color: #424242;\"><strong><em><span style=\"font-size: 15px;\">Facile \u00e0 garder, donc id\u00e9al pour les d\u00e9butants.<\/span><\/em><\/strong><\/span><\/p>\n<p style=\"text-align: left;\"><span style=\"color: #800000;\"><span style=\"color: #424242;\"><strong><em><span style=\"font-size: 15px;\">Il est possible<\/span><\/em><\/strong><\/span><strong><em><span style=\"font-size: 15px;\"><span style=\"color: #424242;\">d&rsquo;apparier une paire :<b> <\/b>m\u00e2le et femelle. <span style=\"color: #3366ff;\">Pour faire reproduire cette esp\u00e8ce, nous t&rsquo;encourageons \u00e0 acheter au moins 5 sp\u00e9cimens (2 m\u00e2les et 3 femelles), mais ce n&rsquo;est pas n\u00e9cessaire, l&rsquo;individu peut vivre seul.<\/span><\/span><\/span><\/em><\/strong><\/span><\/p>\n<p style=\"text-align: left;\"><span style=\"color: #800000;\"><strong><em><span style=\"font-size: 15px;\"><span style=\"color: #424242;\"><span style=\"color: #3366ff;\"><strong style=\"color: #424242;\">\ud83d\udc99\u2b50\ufe0f\ud83e\ude75 <\/strong>Fluorescence. Certaines esp\u00e8ces d&rsquo;animaux de terrarium, lorsqu&rsquo;elles sont expos\u00e9es \u00e0 la lumi\u00e8re UV, se mettent \u00e0 briller d&rsquo;une couleur bleu-vert \ud83e\ude75\u2b50\ufe0f\ud83d\udc99<\/span><\/span><\/span><\/em><\/strong><\/span><\/p>\n<p style=\"text-align: left;\"><span style=\"color: #424242;\"><strong><em><span style=\"font-size: 15px;\"><strong style=\"color: #424242;\"><span style=\"color: #800000;\"><span style=\"color: #3366ff;\">\ud83e\ude75<\/span><\/span> Tu cherches quelque chose de cool \u00e0 \u00e9lever pour commencer ? <\/strong><span style=\"color: #3366ff;\">Les crocodiles Benoitolus siamensis sont des cr\u00e9atures magnifiques et faciles \u00e0 \u00e9lever, totalement sans danger pour l&rsquo;homme, et ils ne mordent pas. Ils ont des m\u00e2choires faibles qui sont adapt\u00e9es au broyage des mati\u00e8res v\u00e9g\u00e9tales. Les crocodiles pr\u00e9f\u00e8rent les endroits humides, vivent dans la couche sup\u00e9rieure du substrat et se nourrissent de feuilles, d&rsquo;un substrat \u00e0 plusieurs composants con\u00e7u pour l&rsquo;\u00e9levage des crocodiles, ainsi que de l\u00e9gumes et de fruits.<\/span><\/span><\/em><\/strong><\/span><\/p>\n","protected":false},"excerpt":{"rendered":"<ul>\n<li>Taille de la cible :\n<ul>\n<li>env. 8 cm<\/li>\n<\/ul>\n<\/li>\n<li>Mineur offert :\n<ul>\n<li>env. 2 cm<\/li>\n<\/ul>\n<\/li>\n<li>Le prix se r\u00e9f\u00e8re \u00e0 :\n<ul>\n<li>1 pi\u00e8ce<\/li>\n<\/ul>\n<\/li>\n<\/ul>\n","protected":false},"featured_media":4381,"template":"","meta":{"_acf_changed":false,"_links_to":"","_links_to_target":""},"product_cat":[108],"product_tag":[],"class_list":{"0":"post-4379","1":"product","2":"type-product","3":"status-publish","4":"has-post-thumbnail","6":"product_cat-miriapodes-fr","8":"first","9":"outofstock","10":"shipping-taxable","11":"purchasable","12":"product-type-simple"},"acf":[],"yoast_head":"<!-- This site is optimized with the Yoast SEO plugin v24.9 - https:\/\/yoast.com\/wordpress\/plugins\/seo\/ -->\n<title>Benoitolus siamensis&quot;Fluorescence sous lumi\u00e8re UV&quot; | MegaPets<\/title>\n<meta name=\"robots\" content=\"index, follow, max-snippet:-1, max-image-preview:large, max-video-preview:-1\" \/>\n<link rel=\"canonical\" href=\"https:\/\/megapets.eu\/fr\/miriapodes-fr\/benoitolus-siamensisfluorescence-sous-lumiere-uv\/\" \/>\n<meta property=\"og:locale\" content=\"fr_FR\" \/>\n<meta property=\"og:type\" content=\"article\" \/>\n<meta property=\"og:title\" content=\"Benoitolus siamensis&quot;Fluorescence sous lumi\u00e8re UV&quot; | MegaPets\" \/>\n<meta property=\"og:description\" content=\"Taille de la cible :  env. 8 cm   Mineur offert :  env. 2 cm   Le prix se r\u00e9f\u00e8re \u00e0 :  1 pi\u00e8ce\" \/>\n<meta property=\"og:url\" content=\"https:\/\/megapets.eu\/fr\/miriapodes-fr\/benoitolus-siamensisfluorescence-sous-lumiere-uv\/\" \/>\n<meta property=\"og:site_name\" content=\"MegaPets\" \/>\n<meta property=\"article:publisher\" content=\"https:\/\/www.facebook.com\/MegaPets.eu\/\" \/>\n<meta property=\"article:modified_time\" content=\"2025-06-03T13:33:26+00:00\" \/>\n<meta property=\"og:image\" content=\"https:\/\/megapets.eu\/wp-content\/uploads\/2025\/04\/12logo.png\" \/>\n\t<meta property=\"og:image:width\" content=\"1046\" \/>\n\t<meta property=\"og:image:height\" content=\"690\" \/>\n\t<meta property=\"og:image:type\" content=\"image\/png\" \/>\n<meta name=\"twitter:card\" content=\"summary_large_image\" \/>\n<meta name=\"twitter:label1\" content=\"Dur\u00e9e de lecture estim\u00e9e\" \/>\n\t<meta name=\"twitter:data1\" content=\"1 minute\" \/>\n<script type=\"application\/ld+json\" class=\"yoast-schema-graph\">{\"@context\":\"https:\/\/schema.org\",\"@graph\":[{\"@type\":\"WebPage\",\"@id\":\"https:\/\/megapets.eu\/fr\/miriapodes-fr\/benoitolus-siamensisfluorescence-sous-lumiere-uv\/\",\"url\":\"https:\/\/megapets.eu\/fr\/miriapodes-fr\/benoitolus-siamensisfluorescence-sous-lumiere-uv\/\",\"name\":\"Benoitolus siamensis \\\"Fluorescence sous lumi\u00e8re UV\\\" | MegaPets\",\"isPartOf\":{\"@id\":\"https:\/\/megapets.eu\/fr\/#website\"},\"primaryImageOfPage\":{\"@id\":\"https:\/\/megapets.eu\/fr\/miriapodes-fr\/benoitolus-siamensisfluorescence-sous-lumiere-uv\/#primaryimage\"},\"image\":{\"@id\":\"https:\/\/megapets.eu\/fr\/miriapodes-fr\/benoitolus-siamensisfluorescence-sous-lumiere-uv\/#primaryimage\"},\"thumbnailUrl\":\"https:\/\/megapets.eu\/wp-content\/uploads\/2025\/04\/12logo.png\",\"datePublished\":\"2025-04-17T10:35:12+00:00\",\"dateModified\":\"2025-06-03T13:33:26+00:00\",\"breadcrumb\":{\"@id\":\"https:\/\/megapets.eu\/fr\/miriapodes-fr\/benoitolus-siamensisfluorescence-sous-lumiere-uv\/#breadcrumb\"},\"inLanguage\":\"fr-FR\",\"potentialAction\":[{\"@type\":\"ReadAction\",\"target\":[\"https:\/\/megapets.eu\/fr\/miriapodes-fr\/benoitolus-siamensisfluorescence-sous-lumiere-uv\/\"]}]},{\"@type\":\"ImageObject\",\"inLanguage\":\"fr-FR\",\"@id\":\"https:\/\/megapets.eu\/fr\/miriapodes-fr\/benoitolus-siamensisfluorescence-sous-lumiere-uv\/#primaryimage\",\"url\":\"https:\/\/megapets.eu\/wp-content\/uploads\/2025\/04\/12logo.png\",\"contentUrl\":\"https:\/\/megapets.eu\/wp-content\/uploads\/2025\/04\/12logo.png\",\"width\":1046,\"height\":690},{\"@type\":\"BreadcrumbList\",\"@id\":\"https:\/\/megapets.eu\/fr\/miriapodes-fr\/benoitolus-siamensisfluorescence-sous-lumiere-uv\/#breadcrumb\",\"itemListElement\":[{\"@type\":\"ListItem\",\"position\":1,\"name\":\"Strona g\u0142\u00f3wna\",\"item\":\"https:\/\/megapets.eu\/fr\/accueil\/\"},{\"@type\":\"ListItem\",\"position\":2,\"name\":\"Boutique\",\"item\":\"https:\/\/megapets.eu\/boutique\/\"},{\"@type\":\"ListItem\",\"position\":3,\"name\":\"Benoitolus siamensis&#8222;Fluorescence sous lumi\u00e8re UV\\\"\"}]},{\"@type\":\"WebSite\",\"@id\":\"https:\/\/megapets.eu\/fr\/#website\",\"url\":\"https:\/\/megapets.eu\/fr\/\",\"name\":\"Mega Pets\",\"description\":\"Jedna z najwi\u0119kszych hodowli \u015blimak\u00f3w w Europie\",\"publisher\":{\"@id\":\"https:\/\/megapets.eu\/fr\/#organization\"},\"alternateName\":\"Mega Pets\",\"potentialAction\":[{\"@type\":\"SearchAction\",\"target\":{\"@type\":\"EntryPoint\",\"urlTemplate\":\"https:\/\/megapets.eu\/fr\/?s={search_term_string}\"},\"query-input\":{\"@type\":\"PropertyValueSpecification\",\"valueRequired\":true,\"valueName\":\"search_term_string\"}}],\"inLanguage\":\"fr-FR\"},{\"@type\":\"Organization\",\"@id\":\"https:\/\/megapets.eu\/fr\/#organization\",\"name\":\"Mega Pets\",\"url\":\"https:\/\/megapets.eu\/fr\/\",\"logo\":{\"@type\":\"ImageObject\",\"inLanguage\":\"fr-FR\",\"@id\":\"https:\/\/megapets.eu\/fr\/#\/schema\/logo\/image\/\",\"url\":\"https:\/\/megapets.eu\/wp-content\/uploads\/2025\/04\/megapets_eu-logo.png\",\"contentUrl\":\"https:\/\/megapets.eu\/wp-content\/uploads\/2025\/04\/megapets_eu-logo.png\",\"width\":2362,\"height\":2362,\"caption\":\"Mega Pets\"},\"image\":{\"@id\":\"https:\/\/megapets.eu\/fr\/#\/schema\/logo\/image\/\"},\"sameAs\":[\"https:\/\/www.facebook.com\/MegaPets.eu\/\"]}]}<\/script>\n<!-- \/ Yoast SEO plugin. -->","yoast_head_json":{"title":"Benoitolus siamensis\"Fluorescence sous lumi\u00e8re UV\" | MegaPets","robots":{"index":"index","follow":"follow","max-snippet":"max-snippet:-1","max-image-preview":"max-image-preview:large","max-video-preview":"max-video-preview:-1"},"canonical":"https:\/\/megapets.eu\/fr\/miriapodes-fr\/benoitolus-siamensisfluorescence-sous-lumiere-uv\/","og_locale":"fr_FR","og_type":"article","og_title":"Benoitolus siamensis\"Fluorescence sous lumi\u00e8re UV\" | MegaPets","og_description":"Taille de la cible :  env. 8 cm   Mineur offert :  env. 2 cm   Le prix se r\u00e9f\u00e8re \u00e0 :  1 pi\u00e8ce","og_url":"https:\/\/megapets.eu\/fr\/miriapodes-fr\/benoitolus-siamensisfluorescence-sous-lumiere-uv\/","og_site_name":"MegaPets","article_publisher":"https:\/\/www.facebook.com\/MegaPets.eu\/","article_modified_time":"2025-06-03T13:33:26+00:00","og_image":[{"width":1046,"height":690,"url":"https:\/\/megapets.eu\/wp-content\/uploads\/2025\/04\/12logo.png","type":"image\/png"}],"twitter_card":"summary_large_image","twitter_misc":{"Dur\u00e9e de lecture estim\u00e9e":"1 minute"},"schema":{"@context":"https:\/\/schema.org","@graph":[{"@type":"WebPage","@id":"https:\/\/megapets.eu\/fr\/miriapodes-fr\/benoitolus-siamensisfluorescence-sous-lumiere-uv\/","url":"https:\/\/megapets.eu\/fr\/miriapodes-fr\/benoitolus-siamensisfluorescence-sous-lumiere-uv\/","name":"Benoitolus siamensis \"Fluorescence sous lumi\u00e8re UV\" | MegaPets","isPartOf":{"@id":"https:\/\/megapets.eu\/fr\/#website"},"primaryImageOfPage":{"@id":"https:\/\/megapets.eu\/fr\/miriapodes-fr\/benoitolus-siamensisfluorescence-sous-lumiere-uv\/#primaryimage"},"image":{"@id":"https:\/\/megapets.eu\/fr\/miriapodes-fr\/benoitolus-siamensisfluorescence-sous-lumiere-uv\/#primaryimage"},"thumbnailUrl":"https:\/\/megapets.eu\/wp-content\/uploads\/2025\/04\/12logo.png","datePublished":"2025-04-17T10:35:12+00:00","dateModified":"2025-06-03T13:33:26+00:00","breadcrumb":{"@id":"https:\/\/megapets.eu\/fr\/miriapodes-fr\/benoitolus-siamensisfluorescence-sous-lumiere-uv\/#breadcrumb"},"inLanguage":"fr-FR","potentialAction":[{"@type":"ReadAction","target":["https:\/\/megapets.eu\/fr\/miriapodes-fr\/benoitolus-siamensisfluorescence-sous-lumiere-uv\/"]}]},{"@type":"ImageObject","inLanguage":"fr-FR","@id":"https:\/\/megapets.eu\/fr\/miriapodes-fr\/benoitolus-siamensisfluorescence-sous-lumiere-uv\/#primaryimage","url":"https:\/\/megapets.eu\/wp-content\/uploads\/2025\/04\/12logo.png","contentUrl":"https:\/\/megapets.eu\/wp-content\/uploads\/2025\/04\/12logo.png","width":1046,"height":690},{"@type":"BreadcrumbList","@id":"https:\/\/megapets.eu\/fr\/miriapodes-fr\/benoitolus-siamensisfluorescence-sous-lumiere-uv\/#breadcrumb","itemListElement":[{"@type":"ListItem","position":1,"name":"Strona g\u0142\u00f3wna","item":"https:\/\/megapets.eu\/fr\/accueil\/"},{"@type":"ListItem","position":2,"name":"Boutique","item":"https:\/\/megapets.eu\/boutique\/"},{"@type":"ListItem","position":3,"name":"Benoitolus siamensis&#8222;Fluorescence sous lumi\u00e8re UV\""}]},{"@type":"WebSite","@id":"https:\/\/megapets.eu\/fr\/#website","url":"https:\/\/megapets.eu\/fr\/","name":"Mega Pets","description":"Jedna z najwi\u0119kszych hodowli \u015blimak\u00f3w w Europie","publisher":{"@id":"https:\/\/megapets.eu\/fr\/#organization"},"alternateName":"Mega Pets","potentialAction":[{"@type":"SearchAction","target":{"@type":"EntryPoint","urlTemplate":"https:\/\/megapets.eu\/fr\/?s={search_term_string}"},"query-input":{"@type":"PropertyValueSpecification","valueRequired":true,"valueName":"search_term_string"}}],"inLanguage":"fr-FR"},{"@type":"Organization","@id":"https:\/\/megapets.eu\/fr\/#organization","name":"Mega Pets","url":"https:\/\/megapets.eu\/fr\/","logo":{"@type":"ImageObject","inLanguage":"fr-FR","@id":"https:\/\/megapets.eu\/fr\/#\/schema\/logo\/image\/","url":"https:\/\/megapets.eu\/wp-content\/uploads\/2025\/04\/megapets_eu-logo.png","contentUrl":"https:\/\/megapets.eu\/wp-content\/uploads\/2025\/04\/megapets_eu-logo.png","width":2362,"height":2362,"caption":"Mega Pets"},"image":{"@id":"https:\/\/megapets.eu\/fr\/#\/schema\/logo\/image\/"},"sameAs":["https:\/\/www.facebook.com\/MegaPets.eu\/"]}]}},"_links":{"self":[{"href":"https:\/\/megapets.eu\/fr\/wp-json\/wp\/v2\/product\/4379","targetHints":{"allow":["GET"]}}],"collection":[{"href":"https:\/\/megapets.eu\/fr\/wp-json\/wp\/v2\/product"}],"about":[{"href":"https:\/\/megapets.eu\/fr\/wp-json\/wp\/v2\/types\/product"}],"wp:featuredmedia":[{"embeddable":true,"href":"https:\/\/megapets.eu\/fr\/wp-json\/wp\/v2\/media\/4381"}],"wp:attachment":[{"href":"https:\/\/megapets.eu\/fr\/wp-json\/wp\/v2\/media?parent=4379"}],"wp:term":[{"taxonomy":"product_cat","embeddable":true,"href":"https:\/\/megapets.eu\/fr\/wp-json\/wp\/v2\/product_cat?post=4379"},{"taxonomy":"product_tag","embeddable":true,"href":"https:\/\/megapets.eu\/fr\/wp-json\/wp\/v2\/product_tag?post=4379"}],"curies":[{"name":"wp","href":"https:\/\/api.w.org\/{rel}","templated":true}]}}