{"id":4387,"date":"2025-04-10T09:51:28","date_gmt":"2025-04-10T09:51:28","guid":{"rendered":"https:\/\/megapets.eu\/non%20class\u00e9\/atlas-des-escargots-geants-partie-i\/"},"modified":"2025-06-03T13:33:27","modified_gmt":"2025-06-03T13:33:27","slug":"atlas-des-escargots-geants-partie-i","status":"publish","type":"product","link":"https:\/\/megapets.eu\/fr\/livres-electroniques\/atlas-des-escargots-geants-partie-i\/","title":{"rendered":"Atlas des escargots g\u00e9ants &#8211; Partie I"},"content":{"rendered":"<div class=\"xdj266r x11i5rnm xat24cr x1mh8g0r x1vvkbs x126k92a\">\n<div dir=\"auto\">\n<p style=\"text-align: left;\"><span style=\"font-size: 15px; color: #333333;\"><em><span class=\"html-span xexx8yu x4uap5 x18d9i69 xkhd6sd x1hl2dhg x16tdsg8 x1vvkbs x3nfvp2 x1j61x8r x1fcty0u xdj266r xat24cr xgzva0m xhhsvwb xxymvpz xlup9mm x1kky2od\"><img loading=\"lazy\" decoding=\"async\" class=\"xz74otr x168nmei x13lgxp2 x5pf9jr xo71vjh\" src=\"https:\/\/static.xx.fbcdn.net\/images\/emoji.php\/v9\/t6c\/1\/16\/2764.png\" alt=\"\u2764\" width=\"16\" height=\"16\" \/> <\/span>Nous vous pr\u00e9sentons notre site unique et gratuit <span class=\"html-span xexx8yu x4uap5 x18d9i69 xkhd6sd x1hl2dhg x16tdsg8 x1vvkbs x3nfvp2 x1j61x8r x1fcty0u xdj266r xat24cr xgzva0m xhhsvwb xxymvpz xlup9mm x1kky2od\"><img loading=\"lazy\" decoding=\"async\" class=\"xz74otr x168nmei x13lgxp2 x5pf9jr xo71vjh\" src=\"https:\/\/static.xx.fbcdn.net\/images\/emoji.php\/v9\/t9e\/1\/16\/1f4d6.png\" alt=\"\ud83d\udcd6\" width=\"16\" height=\"16\" \/><img loading=\"lazy\" decoding=\"async\" class=\"xz74otr x168nmei x13lgxp2 x5pf9jr xo71vjh\" src=\"https:\/\/static.xx.fbcdn.net\/images\/emoji.php\/v9\/tff\/1\/16\/1f40c.png\" alt=\"\ud83d\udc0c\" width=\"16\" height=\"16\" \/> <\/span>\u00ab\u00a0Atlas des escargots g\u00e9ants\u00a0\u00bb, premi\u00e8re partie.<\/em><\/span><\/p>\n<p style=\"text-align: left;\"><span style=\"font-size: 15px; color: #333333;\"><em>L&rsquo;Atlas des escargots g\u00e9ants est un condens\u00e9 de connaissances sur les escargots exotiques &#8211; pr\u00e9par\u00e9 sp\u00e9cialement pour vous !<\/em><\/span><\/p>\n<p style=\"text-align: left;\"><span style=\"font-size: 15px; color: #333333;\"><em><span style=\"font-size: 15px;\"><span class=\"html-span xexx8yu x4uap5 x18d9i69 xkhd6sd x1hl2dhg x16tdsg8 x1vvkbs x3nfvp2 x1j61x8r x1fcty0u xdj266r xat24cr xgzva0m xhhsvwb xxymvpz xlup9mm x1kky2od\"><img loading=\"lazy\" decoding=\"async\" class=\"xz74otr x168nmei x13lgxp2 x5pf9jr xo71vjh\" src=\"https:\/\/static.xx.fbcdn.net\/images\/emoji.php\/v9\/tb4\/1\/16\/2b50.png\" alt=\"\u2b50\ufe0f\" width=\"16\" height=\"16\" \/><\/span> <\/span>En 2018, nous avons concr\u00e9tis\u00e9 notre id\u00e9e de premier livre consacr\u00e9 aux escargots g\u00e9ants &#8211; un livre \u00e9lectronique \u00e9l\u00e9gant et soigneusement con\u00e7u en polonais <span class=\"html-span xexx8yu x4uap5 x18d9i69 xkhd6sd x1hl2dhg x16tdsg8 x1vvkbs x3nfvp2 x1j61x8r x1fcty0u xdj266r xat24cr xgzva0m xhhsvwb xxymvpz xlup9mm x1kky2od\"><img loading=\"lazy\" decoding=\"async\" class=\"xz74otr x168nmei x13lgxp2 x5pf9jr xo71vjh\" src=\"https:\/\/static.xx.fbcdn.net\/images\/emoji.php\/v9\/te0\/1\/16\/1f1f5_1f1f1.png\" alt=\"\ud83c\uddf5\ud83c\uddf1\" width=\"16\" height=\"16\" \/><\/span> et en anglais <span class=\"html-span xexx8yu x4uap5 x18d9i69 xkhd6sd x1hl2dhg x16tdsg8 x1vvkbs x3nfvp2 x1j61x8r x1fcty0u xdj266r xat24cr xgzva0m xhhsvwb xxymvpz xlup9mm x1kky2od\"><img loading=\"lazy\" decoding=\"async\" class=\"xz74otr x168nmei x13lgxp2 x5pf9jr xo71vjh\" src=\"https:\/\/static.xx.fbcdn.net\/images\/emoji.php\/v9\/t96\/1\/16\/1f1ec_1f1e7.png\" alt=\"\ud83c\uddec\ud83c\udde7\" width=\"16\" height=\"16\" \/><\/span>. Au fil des ans, nous avons rassembl\u00e9 tellement de mat\u00e9riel que notre id\u00e9e initiale s&rsquo;est transform\u00e9e en un projet d&rsquo;Atlas des escargots g\u00e9ants en plusieurs volumes , unique en son genre. Nous voulions que notre premier livre \u00e9lectronique soit disponible gratuitement pour nos clients MegaPets.eu et nous avons pleinement r\u00e9alis\u00e9 notre id\u00e9e ! Page apr\u00e8s page, nous avons \u00e9toff\u00e9 notre publication, en l&rsquo;enrichissant de d\u00e9tails qui refl\u00e8tent davantage le caract\u00e8re unique des esp\u00e8ces, des sous-esp\u00e8ces et de leurs vari\u00e9t\u00e9s de couleurs. Nous avons d\u00e9ploy\u00e9 beaucoup d&rsquo;efforts pour en faire un ouvrage unique, c&rsquo;est pourquoi nous avons cultiv\u00e9 chaque escargot pr\u00e9sent\u00e9 sur ses pages \u00e0 partir d&rsquo;un \u0153uf. Gr\u00e2ce \u00e0 cela, le livre prend vie <span class=\"html-span xexx8yu x4uap5 x18d9i69 xkhd6sd x1hl2dhg x16tdsg8 x1vvkbs x3nfvp2 x1j61x8r x1fcty0u xdj266r xat24cr xgzva0m xhhsvwb xxymvpz xlup9mm x1kky2od\"><img loading=\"lazy\" decoding=\"async\" class=\"xz74otr x168nmei x13lgxp2 x5pf9jr xo71vjh\" src=\"https:\/\/static.xx.fbcdn.net\/images\/emoji.php\/v9\/t69\/1\/16\/1f331.png\" alt=\"\ud83c\udf31\" width=\"16\" height=\"16\" \/><\/span>, et chacune de ses pages ravit par la beaut\u00e9 <span class=\"html-span xexx8yu x4uap5 x18d9i69 xkhd6sd x1hl2dhg x16tdsg8 x1vvkbs x3nfvp2 x1j61x8r x1fcty0u xdj266r xat24cr xgzva0m xhhsvwb xxymvpz xlup9mm x1kky2od\"><img loading=\"lazy\" decoding=\"async\" class=\"xz74otr x168nmei x13lgxp2 x5pf9jr xo71vjh\" src=\"https:\/\/static.xx.fbcdn.net\/images\/emoji.php\/v9\/te3\/1\/16\/1f490.png\" alt=\"\ud83d\udc90\" width=\"16\" height=\"16\" \/><\/span>, le souci du d\u00e9tail et la passion <span class=\"html-span xexx8yu x4uap5 x18d9i69 xkhd6sd x1hl2dhg x16tdsg8 x1vvkbs x3nfvp2 x1j61x8r x1fcty0u xdj266r xat24cr xgzva0m xhhsvwb xxymvpz xlup9mm x1kky2od\"><img loading=\"lazy\" decoding=\"async\" class=\"xz74otr x168nmei x13lgxp2 x5pf9jr xo71vjh\" src=\"https:\/\/static.xx.fbcdn.net\/images\/emoji.php\/v9\/t6c\/1\/16\/2764.png\" alt=\"\u2764\" width=\"16\" height=\"16\" \/><\/span>, que nous y avons mis.<\/em><\/span><\/p>\n<p style=\"text-align: left;\"><span style=\"color: #333333; font-size: 15px;\"><em><span class=\"x1xsqp64 xiy17q3 x1o6pynw x19co3pv xdj266r xcwd3tp xat24cr x39eecv x2b8uid\" data-testid=\"emoji\"><span class=\"xexx8yu xn5pp95 x18d9i69 x2fxd7x x3jgonx x1bhl96m\"> <span style=\"font-size: 15px;\"><img loading=\"lazy\" decoding=\"async\" class=\"xz74otr\" src=\"https:\/\/static.xx.fbcdn.net\/images\/emoji.php\/v9\/t1e\/1\/16\/1f33f.png\" alt=\"\ud83c\udf3f\" width=\"18\" height=\"18\" \/> <\/span>Les prochains d\u00e9fis nous attendent &#8211; cr\u00e9er pour toi l&rsquo;ensemble de la biblioth\u00e8que <span class=\"html-span xexx8yu x4uap5 x18d9i69 xkhd6sd x1hl2dhg x16tdsg8 x1vvkbs x3nfvp2 x1j61x8r x1fcty0u xdj266r xat24cr xgzva0m xhhsvwb xxymvpz xlup9mm x1kky2od\"><img loading=\"lazy\" decoding=\"async\" class=\"xz74otr x168nmei x13lgxp2 x5pf9jr xo71vjh\" src=\"https:\/\/static.xx.fbcdn.net\/images\/emoji.php\/v9\/t49\/1\/16\/1f4da.png\" alt=\"\ud83d\udcda\" width=\"16\" height=\"16\" \/><\/span>. Les prochaines parties sont d\u00e9j\u00e0 en pr\u00e9paration.<\/span><\/span><\/em><\/span><\/p>\n<\/div>\n<\/div>\n","protected":false},"excerpt":{"rendered":"<p>Nous vous pr\u00e9sentons notre site unique et gratuit \u00ab\u00a0Atlas des escargots g\u00e9ants\u00a0\u00bb, premi\u00e8re partie. L&rsquo;Atlas des escargots g\u00e9ants est un condens\u00e9 de connaissances sur les escargots exotiques &#8211; pr\u00e9par\u00e9 sp\u00e9cialement pour vous ! En 2018, nous avons concr\u00e9tis\u00e9 notre id\u00e9e de premier livre consacr\u00e9 aux escargots g\u00e9ants &#8211; un livre \u00e9lectronique \u00e9l\u00e9gant et soigneusement con\u00e7u [&hellip;]<\/p>\n","protected":false},"featured_media":4391,"template":"","meta":{"_acf_changed":false,"_links_to":"","_links_to_target":""},"product_cat":[111],"product_tag":[],"class_list":{"0":"post-4387","1":"product","2":"type-product","3":"status-publish","4":"has-post-thumbnail","6":"product_cat-livres-electroniques","8":"first","9":"instock","10":"downloadable","11":"virtual","12":"purchasable","13":"product-type-simple"},"acf":[],"yoast_head":"<!-- This site is optimized with the Yoast SEO plugin v24.9 - https:\/\/yoast.com\/wordpress\/plugins\/seo\/ -->\n<title>Atlas des escargots g\u00e9ants - Partie I | MegaPets<\/title>\n<meta name=\"robots\" content=\"index, follow, max-snippet:-1, max-image-preview:large, max-video-preview:-1\" \/>\n<link rel=\"canonical\" href=\"https:\/\/megapets.eu\/fr\/livres-electroniques\/atlas-des-escargots-geants-partie-i\/\" \/>\n<meta property=\"og:locale\" content=\"fr_FR\" \/>\n<meta property=\"og:type\" content=\"article\" \/>\n<meta property=\"og:title\" content=\"Atlas des escargots g\u00e9ants - Partie I | MegaPets\" \/>\n<meta property=\"og:description\" content=\"Nous vous pr\u00e9sentons notre site unique et gratuit \u00ab\u00a0Atlas des escargots g\u00e9ants\u00a0\u00bb, premi\u00e8re partie. L&rsquo;Atlas des escargots g\u00e9ants est un condens\u00e9 de connaissances sur les escargots exotiques &#8211; pr\u00e9par\u00e9 sp\u00e9cialement pour vous ! En 2018, nous avons concr\u00e9tis\u00e9 notre id\u00e9e de premier livre consacr\u00e9 aux escargots g\u00e9ants &#8211; un livre \u00e9lectronique \u00e9l\u00e9gant et soigneusement con\u00e7u [&hellip;]\" \/>\n<meta property=\"og:url\" content=\"https:\/\/megapets.eu\/fr\/livres-electroniques\/atlas-des-escargots-geants-partie-i\/\" \/>\n<meta property=\"og:site_name\" content=\"MegaPets\" \/>\n<meta property=\"article:publisher\" content=\"https:\/\/www.facebook.com\/MegaPets.eu\/\" \/>\n<meta property=\"article:modified_time\" content=\"2025-06-03T13:33:27+00:00\" \/>\n<meta property=\"og:image\" content=\"https:\/\/megapets.eu\/wp-content\/uploads\/2025\/04\/6789000-1.png\" \/>\n\t<meta property=\"og:image:width\" content=\"981\" \/>\n\t<meta property=\"og:image:height\" content=\"671\" \/>\n\t<meta property=\"og:image:type\" content=\"image\/png\" \/>\n<meta name=\"twitter:card\" content=\"summary_large_image\" \/>\n<meta name=\"twitter:label1\" content=\"Dur\u00e9e de lecture estim\u00e9e\" \/>\n\t<meta name=\"twitter:data1\" content=\"1 minute\" \/>\n<script type=\"application\/ld+json\" class=\"yoast-schema-graph\">{\"@context\":\"https:\/\/schema.org\",\"@graph\":[{\"@type\":\"WebPage\",\"@id\":\"https:\/\/megapets.eu\/fr\/livres-electroniques\/atlas-des-escargots-geants-partie-i\/\",\"url\":\"https:\/\/megapets.eu\/fr\/livres-electroniques\/atlas-des-escargots-geants-partie-i\/\",\"name\":\"Atlas des escargots g\u00e9ants - Partie I | MegaPets\",\"isPartOf\":{\"@id\":\"https:\/\/megapets.eu\/fr\/#website\"},\"primaryImageOfPage\":{\"@id\":\"https:\/\/megapets.eu\/fr\/livres-electroniques\/atlas-des-escargots-geants-partie-i\/#primaryimage\"},\"image\":{\"@id\":\"https:\/\/megapets.eu\/fr\/livres-electroniques\/atlas-des-escargots-geants-partie-i\/#primaryimage\"},\"thumbnailUrl\":\"https:\/\/megapets.eu\/wp-content\/uploads\/2025\/04\/6789000-1.png\",\"datePublished\":\"2025-04-10T09:51:28+00:00\",\"dateModified\":\"2025-06-03T13:33:27+00:00\",\"breadcrumb\":{\"@id\":\"https:\/\/megapets.eu\/fr\/livres-electroniques\/atlas-des-escargots-geants-partie-i\/#breadcrumb\"},\"inLanguage\":\"fr-FR\",\"potentialAction\":[{\"@type\":\"ReadAction\",\"target\":[\"https:\/\/megapets.eu\/fr\/livres-electroniques\/atlas-des-escargots-geants-partie-i\/\"]}]},{\"@type\":\"ImageObject\",\"inLanguage\":\"fr-FR\",\"@id\":\"https:\/\/megapets.eu\/fr\/livres-electroniques\/atlas-des-escargots-geants-partie-i\/#primaryimage\",\"url\":\"https:\/\/megapets.eu\/wp-content\/uploads\/2025\/04\/6789000-1.png\",\"contentUrl\":\"https:\/\/megapets.eu\/wp-content\/uploads\/2025\/04\/6789000-1.png\",\"width\":981,\"height\":671},{\"@type\":\"BreadcrumbList\",\"@id\":\"https:\/\/megapets.eu\/fr\/livres-electroniques\/atlas-des-escargots-geants-partie-i\/#breadcrumb\",\"itemListElement\":[{\"@type\":\"ListItem\",\"position\":1,\"name\":\"Strona g\u0142\u00f3wna\",\"item\":\"https:\/\/megapets.eu\/fr\/accueil\/\"},{\"@type\":\"ListItem\",\"position\":2,\"name\":\"Boutique\",\"item\":\"https:\/\/megapets.eu\/boutique\/\"},{\"@type\":\"ListItem\",\"position\":3,\"name\":\"Atlas des escargots g\u00e9ants &#8211; Partie I\"}]},{\"@type\":\"WebSite\",\"@id\":\"https:\/\/megapets.eu\/fr\/#website\",\"url\":\"https:\/\/megapets.eu\/fr\/\",\"name\":\"Mega Pets\",\"description\":\"Jedna z najwi\u0119kszych hodowli \u015blimak\u00f3w w Europie\",\"publisher\":{\"@id\":\"https:\/\/megapets.eu\/fr\/#organization\"},\"alternateName\":\"Mega Pets\",\"potentialAction\":[{\"@type\":\"SearchAction\",\"target\":{\"@type\":\"EntryPoint\",\"urlTemplate\":\"https:\/\/megapets.eu\/fr\/?s={search_term_string}\"},\"query-input\":{\"@type\":\"PropertyValueSpecification\",\"valueRequired\":true,\"valueName\":\"search_term_string\"}}],\"inLanguage\":\"fr-FR\"},{\"@type\":\"Organization\",\"@id\":\"https:\/\/megapets.eu\/fr\/#organization\",\"name\":\"Mega Pets\",\"url\":\"https:\/\/megapets.eu\/fr\/\",\"logo\":{\"@type\":\"ImageObject\",\"inLanguage\":\"fr-FR\",\"@id\":\"https:\/\/megapets.eu\/fr\/#\/schema\/logo\/image\/\",\"url\":\"https:\/\/megapets.eu\/wp-content\/uploads\/2025\/04\/megapets_eu-logo.png\",\"contentUrl\":\"https:\/\/megapets.eu\/wp-content\/uploads\/2025\/04\/megapets_eu-logo.png\",\"width\":2362,\"height\":2362,\"caption\":\"Mega Pets\"},\"image\":{\"@id\":\"https:\/\/megapets.eu\/fr\/#\/schema\/logo\/image\/\"},\"sameAs\":[\"https:\/\/www.facebook.com\/MegaPets.eu\/\"]}]}<\/script>\n<!-- \/ Yoast SEO plugin. -->","yoast_head_json":{"title":"Atlas des escargots g\u00e9ants - Partie I | MegaPets","robots":{"index":"index","follow":"follow","max-snippet":"max-snippet:-1","max-image-preview":"max-image-preview:large","max-video-preview":"max-video-preview:-1"},"canonical":"https:\/\/megapets.eu\/fr\/livres-electroniques\/atlas-des-escargots-geants-partie-i\/","og_locale":"fr_FR","og_type":"article","og_title":"Atlas des escargots g\u00e9ants - Partie I | MegaPets","og_description":"Nous vous pr\u00e9sentons notre site unique et gratuit \u00ab\u00a0Atlas des escargots g\u00e9ants\u00a0\u00bb, premi\u00e8re partie. L&rsquo;Atlas des escargots g\u00e9ants est un condens\u00e9 de connaissances sur les escargots exotiques &#8211; pr\u00e9par\u00e9 sp\u00e9cialement pour vous ! En 2018, nous avons concr\u00e9tis\u00e9 notre id\u00e9e de premier livre consacr\u00e9 aux escargots g\u00e9ants &#8211; un livre \u00e9lectronique \u00e9l\u00e9gant et soigneusement con\u00e7u [&hellip;]","og_url":"https:\/\/megapets.eu\/fr\/livres-electroniques\/atlas-des-escargots-geants-partie-i\/","og_site_name":"MegaPets","article_publisher":"https:\/\/www.facebook.com\/MegaPets.eu\/","article_modified_time":"2025-06-03T13:33:27+00:00","og_image":[{"width":981,"height":671,"url":"https:\/\/megapets.eu\/wp-content\/uploads\/2025\/04\/6789000-1.png","type":"image\/png"}],"twitter_card":"summary_large_image","twitter_misc":{"Dur\u00e9e de lecture estim\u00e9e":"1 minute"},"schema":{"@context":"https:\/\/schema.org","@graph":[{"@type":"WebPage","@id":"https:\/\/megapets.eu\/fr\/livres-electroniques\/atlas-des-escargots-geants-partie-i\/","url":"https:\/\/megapets.eu\/fr\/livres-electroniques\/atlas-des-escargots-geants-partie-i\/","name":"Atlas des escargots g\u00e9ants - Partie I | MegaPets","isPartOf":{"@id":"https:\/\/megapets.eu\/fr\/#website"},"primaryImageOfPage":{"@id":"https:\/\/megapets.eu\/fr\/livres-electroniques\/atlas-des-escargots-geants-partie-i\/#primaryimage"},"image":{"@id":"https:\/\/megapets.eu\/fr\/livres-electroniques\/atlas-des-escargots-geants-partie-i\/#primaryimage"},"thumbnailUrl":"https:\/\/megapets.eu\/wp-content\/uploads\/2025\/04\/6789000-1.png","datePublished":"2025-04-10T09:51:28+00:00","dateModified":"2025-06-03T13:33:27+00:00","breadcrumb":{"@id":"https:\/\/megapets.eu\/fr\/livres-electroniques\/atlas-des-escargots-geants-partie-i\/#breadcrumb"},"inLanguage":"fr-FR","potentialAction":[{"@type":"ReadAction","target":["https:\/\/megapets.eu\/fr\/livres-electroniques\/atlas-des-escargots-geants-partie-i\/"]}]},{"@type":"ImageObject","inLanguage":"fr-FR","@id":"https:\/\/megapets.eu\/fr\/livres-electroniques\/atlas-des-escargots-geants-partie-i\/#primaryimage","url":"https:\/\/megapets.eu\/wp-content\/uploads\/2025\/04\/6789000-1.png","contentUrl":"https:\/\/megapets.eu\/wp-content\/uploads\/2025\/04\/6789000-1.png","width":981,"height":671},{"@type":"BreadcrumbList","@id":"https:\/\/megapets.eu\/fr\/livres-electroniques\/atlas-des-escargots-geants-partie-i\/#breadcrumb","itemListElement":[{"@type":"ListItem","position":1,"name":"Strona g\u0142\u00f3wna","item":"https:\/\/megapets.eu\/fr\/accueil\/"},{"@type":"ListItem","position":2,"name":"Boutique","item":"https:\/\/megapets.eu\/boutique\/"},{"@type":"ListItem","position":3,"name":"Atlas des escargots g\u00e9ants &#8211; Partie I"}]},{"@type":"WebSite","@id":"https:\/\/megapets.eu\/fr\/#website","url":"https:\/\/megapets.eu\/fr\/","name":"Mega Pets","description":"Jedna z najwi\u0119kszych hodowli \u015blimak\u00f3w w Europie","publisher":{"@id":"https:\/\/megapets.eu\/fr\/#organization"},"alternateName":"Mega Pets","potentialAction":[{"@type":"SearchAction","target":{"@type":"EntryPoint","urlTemplate":"https:\/\/megapets.eu\/fr\/?s={search_term_string}"},"query-input":{"@type":"PropertyValueSpecification","valueRequired":true,"valueName":"search_term_string"}}],"inLanguage":"fr-FR"},{"@type":"Organization","@id":"https:\/\/megapets.eu\/fr\/#organization","name":"Mega Pets","url":"https:\/\/megapets.eu\/fr\/","logo":{"@type":"ImageObject","inLanguage":"fr-FR","@id":"https:\/\/megapets.eu\/fr\/#\/schema\/logo\/image\/","url":"https:\/\/megapets.eu\/wp-content\/uploads\/2025\/04\/megapets_eu-logo.png","contentUrl":"https:\/\/megapets.eu\/wp-content\/uploads\/2025\/04\/megapets_eu-logo.png","width":2362,"height":2362,"caption":"Mega Pets"},"image":{"@id":"https:\/\/megapets.eu\/fr\/#\/schema\/logo\/image\/"},"sameAs":["https:\/\/www.facebook.com\/MegaPets.eu\/"]}]}},"_links":{"self":[{"href":"https:\/\/megapets.eu\/fr\/wp-json\/wp\/v2\/product\/4387","targetHints":{"allow":["GET"]}}],"collection":[{"href":"https:\/\/megapets.eu\/fr\/wp-json\/wp\/v2\/product"}],"about":[{"href":"https:\/\/megapets.eu\/fr\/wp-json\/wp\/v2\/types\/product"}],"wp:featuredmedia":[{"embeddable":true,"href":"https:\/\/megapets.eu\/fr\/wp-json\/wp\/v2\/media\/4391"}],"wp:attachment":[{"href":"https:\/\/megapets.eu\/fr\/wp-json\/wp\/v2\/media?parent=4387"}],"wp:term":[{"taxonomy":"product_cat","embeddable":true,"href":"https:\/\/megapets.eu\/fr\/wp-json\/wp\/v2\/product_cat?post=4387"},{"taxonomy":"product_tag","embeddable":true,"href":"https:\/\/megapets.eu\/fr\/wp-json\/wp\/v2\/product_tag?post=4387"}],"curies":[{"name":"wp","href":"https:\/\/api.w.org\/{rel}","templated":true}]}}