{"id":4409,"date":"2024-10-08T09:05:58","date_gmt":"2024-10-08T09:05:58","guid":{"rendered":"https:\/\/megapets.eu\/non%20class\u00e9\/feuilles-de-chene-et-de-bouleau-sechees-250-mlpour-les-isopodes-les-viperes-et-les-cafards\/"},"modified":"2025-10-06T21:36:30","modified_gmt":"2025-10-06T21:36:30","slug":"feuilles-de-chene-et-de-bouleau-sechees-250-mlpour-les-isopodes-les-viperes-et-les-cafards","status":"publish","type":"product","link":"https:\/\/megapets.eu\/fr\/accessoires\/feuilles-de-chene-et-de-bouleau-sechees-250-mlpour-les-isopodes-les-viperes-et-les-cafards\/","title":{"rendered":"Feuilles de ch\u00eane et de bouleau s\u00e9ch\u00e9es 250 ml<br \/>pour les isopodes, les vip\u00e8res et les cafards."},"content":{"rendered":"<p><strong><span style=\"color: #e87020; font-size: 15px;\"><em><span style=\"color: #e87020;\"><span style=\"font-size: 15px;\">Feuilles de ch\u00eane et de bouleau s\u00e9ch\u00e9es 250 ml pour les isopodes, les vers, les cafards<\/span><\/span><\/em><\/span><\/strong><\/p>\n<p><strong><span style=\"color: #e87020; font-size: 15px;\"><em>Un paquet contient 250 ml, l<span style=\"color: #e87020;\"><span style=\"font-size: 15px;\">i\u015bcie <\/span><\/span>trait\u00e9e thermiquement.<\/em><\/span><\/strong><\/p>\n<p><strong><span style=\"color: #e87020; font-size: 15px;\"><em>Le prix est pour 1 paquet.<\/em><\/span><\/strong><\/p>\n<p><em><span style=\"color: #424242;\"><strong><span style=\"font-size: 15px;\">Feuilles de ch\u00eane et de bouleau s\u00e9ch\u00e9es, un additif de substrat naturel et excellent pour les vip\u00e8res, crocodiles, blattes exotiques, isopodes (prosions, culanches), trait\u00e9 thermiquement et recommand\u00e9 pour l&rsquo;\u00e9levage d&rsquo;esp\u00e8ces rares et exigeantes. Les feuilles de ch\u00eane et de bouleau s\u00e9ch\u00e9es <\/span><\/strong><\/span><\/em><em><span style=\"color: #424242;\"><strong><span style=\"font-size: 15px;\">contribuent \u00e0 maintenir un microclimat appropri\u00e9 dans les terrariums et jouent \u00e9galement un r\u00f4le d\u00e9coratif, en donnant \u00e0 l&rsquo;int\u00e9rieur du terrarium un aspect naturel.<\/span><\/strong><\/span><\/em><\/p>\n","protected":false},"excerpt":{"rendered":"<ul class=\"product_attributes\">\n<li><span style=\"color: #555555;\">Trait\u00e9 thermiquement<\/span><\/li>\n<li><span style=\"color: #555555;\">L&#8217;emballage comprend :<\/span> 250 ml<\/li>\n<li><span style=\"color: #555555;\">Le prix s&rsquo;applique \u00e0 :<\/span> 1 paquet.<\/li>\n<\/ul>\n","protected":false},"featured_media":12675,"template":"","meta":{"_acf_changed":false,"_links_to":"","_links_to_target":""},"product_cat":[112],"product_tag":[115,114,113],"class_list":{"0":"post-4409","1":"product","2":"type-product","3":"status-publish","4":"has-post-thumbnail","6":"product_cat-accessoires","7":"product_tag-pour-les-cafards","8":"product_tag-pour-les-isopodes","9":"product_tag-pour-les-ruses","11":"first","12":"instock","13":"shipping-taxable","14":"purchasable","15":"product-type-simple"},"acf":[],"yoast_head":"<!-- This site is optimized with the Yoast SEO plugin v24.9 - https:\/\/yoast.com\/wordpress\/plugins\/seo\/ -->\n<title>Feuilles de ch\u00eane et de bouleau s\u00e9ch\u00e9es 250 mlpour les isopodes, les vip\u00e8res et les cafards. | MegaPets<\/title>\n<meta name=\"robots\" content=\"index, follow, max-snippet:-1, max-image-preview:large, max-video-preview:-1\" \/>\n<link rel=\"canonical\" href=\"https:\/\/megapets.eu\/fr\/accessoires\/feuilles-de-chene-et-de-bouleau-sechees-250-mlpour-les-isopodes-les-viperes-et-les-cafards\/\" \/>\n<meta property=\"og:locale\" content=\"fr_FR\" \/>\n<meta property=\"og:type\" content=\"article\" \/>\n<meta property=\"og:title\" content=\"Feuilles de ch\u00eane et de bouleau s\u00e9ch\u00e9es 250 mlpour les isopodes, les vip\u00e8res et les cafards. | MegaPets\" \/>\n<meta property=\"og:description\" content=\"Trait\u00e9 thermiquement  L&#039;emballage comprend : 250 ml  Le prix s&#039;applique \u00e0 : 1 paquet.\" \/>\n<meta property=\"og:url\" content=\"https:\/\/megapets.eu\/fr\/accessoires\/feuilles-de-chene-et-de-bouleau-sechees-250-mlpour-les-isopodes-les-viperes-et-les-cafards\/\" \/>\n<meta property=\"og:site_name\" content=\"MegaPets\" \/>\n<meta property=\"article:publisher\" content=\"https:\/\/www.facebook.com\/MegaPets.eu\/\" \/>\n<meta property=\"article:modified_time\" content=\"2025-10-06T21:36:30+00:00\" \/>\n<meta property=\"og:image\" content=\"https:\/\/megapets.eu\/wp-content\/uploads\/2024\/10\/IMG_2712-e1728378410557.jpg\" \/>\n\t<meta property=\"og:image:width\" content=\"1416\" \/>\n\t<meta property=\"og:image:height\" content=\"952\" \/>\n\t<meta property=\"og:image:type\" content=\"image\/jpeg\" \/>\n<meta name=\"twitter:card\" content=\"summary_large_image\" \/>\n<meta name=\"twitter:label1\" content=\"Dur\u00e9e de lecture estim\u00e9e\" \/>\n\t<meta name=\"twitter:data1\" content=\"1 minute\" \/>\n<script type=\"application\/ld+json\" class=\"yoast-schema-graph\">{\"@context\":\"https:\/\/schema.org\",\"@graph\":[{\"@type\":\"WebPage\",\"@id\":\"https:\/\/megapets.eu\/fr\/accessoires\/feuilles-de-chene-et-de-bouleau-sechees-250-mlpour-les-isopodes-les-viperes-et-les-cafards\/\",\"url\":\"https:\/\/megapets.eu\/fr\/accessoires\/feuilles-de-chene-et-de-bouleau-sechees-250-mlpour-les-isopodes-les-viperes-et-les-cafards\/\",\"name\":\"Feuilles de ch\u00eane et de bouleau s\u00e9ch\u00e9es 250 ml pour les isopodes, les vip\u00e8res et les cafards. | MegaPets\",\"isPartOf\":{\"@id\":\"https:\/\/megapets.eu\/fr\/#website\"},\"primaryImageOfPage\":{\"@id\":\"https:\/\/megapets.eu\/fr\/accessoires\/feuilles-de-chene-et-de-bouleau-sechees-250-mlpour-les-isopodes-les-viperes-et-les-cafards\/#primaryimage\"},\"image\":{\"@id\":\"https:\/\/megapets.eu\/fr\/accessoires\/feuilles-de-chene-et-de-bouleau-sechees-250-mlpour-les-isopodes-les-viperes-et-les-cafards\/#primaryimage\"},\"thumbnailUrl\":\"https:\/\/megapets.eu\/wp-content\/uploads\/2024\/10\/WEBP1.webp\",\"datePublished\":\"2024-10-08T09:05:58+00:00\",\"dateModified\":\"2025-10-06T21:36:30+00:00\",\"breadcrumb\":{\"@id\":\"https:\/\/megapets.eu\/fr\/accessoires\/feuilles-de-chene-et-de-bouleau-sechees-250-mlpour-les-isopodes-les-viperes-et-les-cafards\/#breadcrumb\"},\"inLanguage\":\"fr-FR\",\"potentialAction\":[{\"@type\":\"ReadAction\",\"target\":[\"https:\/\/megapets.eu\/fr\/accessoires\/feuilles-de-chene-et-de-bouleau-sechees-250-mlpour-les-isopodes-les-viperes-et-les-cafards\/\"]}]},{\"@type\":\"ImageObject\",\"inLanguage\":\"fr-FR\",\"@id\":\"https:\/\/megapets.eu\/fr\/accessoires\/feuilles-de-chene-et-de-bouleau-sechees-250-mlpour-les-isopodes-les-viperes-et-les-cafards\/#primaryimage\",\"url\":\"https:\/\/megapets.eu\/wp-content\/uploads\/2024\/10\/WEBP1.webp\",\"contentUrl\":\"https:\/\/megapets.eu\/wp-content\/uploads\/2024\/10\/WEBP1.webp\",\"width\":1536,\"height\":1024},{\"@type\":\"BreadcrumbList\",\"@id\":\"https:\/\/megapets.eu\/fr\/accessoires\/feuilles-de-chene-et-de-bouleau-sechees-250-mlpour-les-isopodes-les-viperes-et-les-cafards\/#breadcrumb\",\"itemListElement\":[{\"@type\":\"ListItem\",\"position\":1,\"name\":\"Strona g\u0142\u00f3wna\",\"item\":\"https:\/\/megapets.eu\/fr\/accueil\/\"},{\"@type\":\"ListItem\",\"position\":2,\"name\":\"Boutique\",\"item\":\"https:\/\/megapets.eu\/boutique\/\"},{\"@type\":\"ListItem\",\"position\":3,\"name\":\"Feuilles de ch\u00eane et de bouleau s\u00e9ch\u00e9es 250 mlpour les isopodes, les vip\u00e8res et les cafards.\"}]},{\"@type\":\"WebSite\",\"@id\":\"https:\/\/megapets.eu\/fr\/#website\",\"url\":\"https:\/\/megapets.eu\/fr\/\",\"name\":\"Mega Pets\",\"description\":\"Jedna z najwi\u0119kszych hodowli \u015blimak\u00f3w w Europie\",\"publisher\":{\"@id\":\"https:\/\/megapets.eu\/fr\/#organization\"},\"alternateName\":\"Mega Pets\",\"potentialAction\":[{\"@type\":\"SearchAction\",\"target\":{\"@type\":\"EntryPoint\",\"urlTemplate\":\"https:\/\/megapets.eu\/fr\/?s={search_term_string}\"},\"query-input\":{\"@type\":\"PropertyValueSpecification\",\"valueRequired\":true,\"valueName\":\"search_term_string\"}}],\"inLanguage\":\"fr-FR\"},{\"@type\":\"Organization\",\"@id\":\"https:\/\/megapets.eu\/fr\/#organization\",\"name\":\"Mega Pets\",\"url\":\"https:\/\/megapets.eu\/fr\/\",\"logo\":{\"@type\":\"ImageObject\",\"inLanguage\":\"fr-FR\",\"@id\":\"https:\/\/megapets.eu\/fr\/#\/schema\/logo\/image\/\",\"url\":\"https:\/\/megapets.eu\/wp-content\/uploads\/2025\/04\/megapets_eu-logo.png\",\"contentUrl\":\"https:\/\/megapets.eu\/wp-content\/uploads\/2025\/04\/megapets_eu-logo.png\",\"width\":2362,\"height\":2362,\"caption\":\"Mega Pets\"},\"image\":{\"@id\":\"https:\/\/megapets.eu\/fr\/#\/schema\/logo\/image\/\"},\"sameAs\":[\"https:\/\/www.facebook.com\/MegaPets.eu\/\"]}]}<\/script>\n<!-- \/ Yoast SEO plugin. -->","yoast_head_json":{"title":"Feuilles de ch\u00eane et de bouleau s\u00e9ch\u00e9es 250 mlpour les isopodes, les vip\u00e8res et les cafards. | MegaPets","robots":{"index":"index","follow":"follow","max-snippet":"max-snippet:-1","max-image-preview":"max-image-preview:large","max-video-preview":"max-video-preview:-1"},"canonical":"https:\/\/megapets.eu\/fr\/accessoires\/feuilles-de-chene-et-de-bouleau-sechees-250-mlpour-les-isopodes-les-viperes-et-les-cafards\/","og_locale":"fr_FR","og_type":"article","og_title":"Feuilles de ch\u00eane et de bouleau s\u00e9ch\u00e9es 250 mlpour les isopodes, les vip\u00e8res et les cafards. | MegaPets","og_description":"Trait\u00e9 thermiquement  L'emballage comprend : 250 ml  Le prix s'applique \u00e0 : 1 paquet.","og_url":"https:\/\/megapets.eu\/fr\/accessoires\/feuilles-de-chene-et-de-bouleau-sechees-250-mlpour-les-isopodes-les-viperes-et-les-cafards\/","og_site_name":"MegaPets","article_publisher":"https:\/\/www.facebook.com\/MegaPets.eu\/","article_modified_time":"2025-10-06T21:36:30+00:00","og_image":[{"width":1416,"height":952,"url":"https:\/\/megapets.eu\/wp-content\/uploads\/2024\/10\/IMG_2712-e1728378410557.jpg","type":"image\/jpeg"}],"twitter_card":"summary_large_image","twitter_misc":{"Dur\u00e9e de lecture estim\u00e9e":"1 minute"},"schema":{"@context":"https:\/\/schema.org","@graph":[{"@type":"WebPage","@id":"https:\/\/megapets.eu\/fr\/accessoires\/feuilles-de-chene-et-de-bouleau-sechees-250-mlpour-les-isopodes-les-viperes-et-les-cafards\/","url":"https:\/\/megapets.eu\/fr\/accessoires\/feuilles-de-chene-et-de-bouleau-sechees-250-mlpour-les-isopodes-les-viperes-et-les-cafards\/","name":"Feuilles de ch\u00eane et de bouleau s\u00e9ch\u00e9es 250 ml pour les isopodes, les vip\u00e8res et les cafards. | MegaPets","isPartOf":{"@id":"https:\/\/megapets.eu\/fr\/#website"},"primaryImageOfPage":{"@id":"https:\/\/megapets.eu\/fr\/accessoires\/feuilles-de-chene-et-de-bouleau-sechees-250-mlpour-les-isopodes-les-viperes-et-les-cafards\/#primaryimage"},"image":{"@id":"https:\/\/megapets.eu\/fr\/accessoires\/feuilles-de-chene-et-de-bouleau-sechees-250-mlpour-les-isopodes-les-viperes-et-les-cafards\/#primaryimage"},"thumbnailUrl":"https:\/\/megapets.eu\/wp-content\/uploads\/2024\/10\/WEBP1.webp","datePublished":"2024-10-08T09:05:58+00:00","dateModified":"2025-10-06T21:36:30+00:00","breadcrumb":{"@id":"https:\/\/megapets.eu\/fr\/accessoires\/feuilles-de-chene-et-de-bouleau-sechees-250-mlpour-les-isopodes-les-viperes-et-les-cafards\/#breadcrumb"},"inLanguage":"fr-FR","potentialAction":[{"@type":"ReadAction","target":["https:\/\/megapets.eu\/fr\/accessoires\/feuilles-de-chene-et-de-bouleau-sechees-250-mlpour-les-isopodes-les-viperes-et-les-cafards\/"]}]},{"@type":"ImageObject","inLanguage":"fr-FR","@id":"https:\/\/megapets.eu\/fr\/accessoires\/feuilles-de-chene-et-de-bouleau-sechees-250-mlpour-les-isopodes-les-viperes-et-les-cafards\/#primaryimage","url":"https:\/\/megapets.eu\/wp-content\/uploads\/2024\/10\/WEBP1.webp","contentUrl":"https:\/\/megapets.eu\/wp-content\/uploads\/2024\/10\/WEBP1.webp","width":1536,"height":1024},{"@type":"BreadcrumbList","@id":"https:\/\/megapets.eu\/fr\/accessoires\/feuilles-de-chene-et-de-bouleau-sechees-250-mlpour-les-isopodes-les-viperes-et-les-cafards\/#breadcrumb","itemListElement":[{"@type":"ListItem","position":1,"name":"Strona g\u0142\u00f3wna","item":"https:\/\/megapets.eu\/fr\/accueil\/"},{"@type":"ListItem","position":2,"name":"Boutique","item":"https:\/\/megapets.eu\/boutique\/"},{"@type":"ListItem","position":3,"name":"Feuilles de ch\u00eane et de bouleau s\u00e9ch\u00e9es 250 mlpour les isopodes, les vip\u00e8res et les cafards."}]},{"@type":"WebSite","@id":"https:\/\/megapets.eu\/fr\/#website","url":"https:\/\/megapets.eu\/fr\/","name":"Mega Pets","description":"Jedna z najwi\u0119kszych hodowli \u015blimak\u00f3w w Europie","publisher":{"@id":"https:\/\/megapets.eu\/fr\/#organization"},"alternateName":"Mega Pets","potentialAction":[{"@type":"SearchAction","target":{"@type":"EntryPoint","urlTemplate":"https:\/\/megapets.eu\/fr\/?s={search_term_string}"},"query-input":{"@type":"PropertyValueSpecification","valueRequired":true,"valueName":"search_term_string"}}],"inLanguage":"fr-FR"},{"@type":"Organization","@id":"https:\/\/megapets.eu\/fr\/#organization","name":"Mega Pets","url":"https:\/\/megapets.eu\/fr\/","logo":{"@type":"ImageObject","inLanguage":"fr-FR","@id":"https:\/\/megapets.eu\/fr\/#\/schema\/logo\/image\/","url":"https:\/\/megapets.eu\/wp-content\/uploads\/2025\/04\/megapets_eu-logo.png","contentUrl":"https:\/\/megapets.eu\/wp-content\/uploads\/2025\/04\/megapets_eu-logo.png","width":2362,"height":2362,"caption":"Mega Pets"},"image":{"@id":"https:\/\/megapets.eu\/fr\/#\/schema\/logo\/image\/"},"sameAs":["https:\/\/www.facebook.com\/MegaPets.eu\/"]}]}},"_links":{"self":[{"href":"https:\/\/megapets.eu\/fr\/wp-json\/wp\/v2\/product\/4409","targetHints":{"allow":["GET"]}}],"collection":[{"href":"https:\/\/megapets.eu\/fr\/wp-json\/wp\/v2\/product"}],"about":[{"href":"https:\/\/megapets.eu\/fr\/wp-json\/wp\/v2\/types\/product"}],"wp:featuredmedia":[{"embeddable":true,"href":"https:\/\/megapets.eu\/fr\/wp-json\/wp\/v2\/media\/12675"}],"wp:attachment":[{"href":"https:\/\/megapets.eu\/fr\/wp-json\/wp\/v2\/media?parent=4409"}],"wp:term":[{"taxonomy":"product_cat","embeddable":true,"href":"https:\/\/megapets.eu\/fr\/wp-json\/wp\/v2\/product_cat?post=4409"},{"taxonomy":"product_tag","embeddable":true,"href":"https:\/\/megapets.eu\/fr\/wp-json\/wp\/v2\/product_tag?post=4409"}],"curies":[{"name":"wp","href":"https:\/\/api.w.org\/{rel}","templated":true}]}}