{"id":4411,"date":"2024-10-06T09:28:14","date_gmt":"2024-10-06T09:28:14","guid":{"rendered":"https:\/\/megapets.eu\/non%20class\u00e9\/gyna-centurio-gambiablattes-exotiques\/"},"modified":"2025-06-03T13:41:51","modified_gmt":"2025-06-03T13:41:51","slug":"gyna-centurio-gambiablattes-exotiques","status":"publish","type":"product","link":"https:\/\/megapets.eu\/fr\/autre\/gyna-centurio-gambiablattes-exotiques\/","title":{"rendered":"Gyna centurio &lsquo;Gambia&rsquo;<br \/>Blattes exotiques"},"content":{"rendered":"<p class=\"v1v1v1v1MsoNormal\"><span style=\"color: #424242;\"><strong><em><span style=\"font-size: 15px;\"><strong style=\"color: #424242;\"><span class=\"x1xsqp64 xiy17q3 x1o6pynw x19co3pv xdj266r xcwd3tp xat24cr x39eecv x2b8uid\" data-testid=\"emoji\"><span class=\"xexx8yu xn5pp95 x18d9i69 x2fxd7x x3jgonx x1bhl96m\">Blattes exotiques : esp\u00e8ce : Gyna centurio Gambie.<\/span><\/span><\/strong><\/span><\/em><\/strong><\/span><\/p>\n<p class=\"v1v1v1v1MsoNormal\"><span style=\"color: #424242;\"><strong><em><span style=\"font-size: 15px;\"><strong style=\"color: #424242;\"><span class=\"x1xsqp64 xiy17q3 x1o6pynw x19co3pv xdj266r xcwd3tp xat24cr x39eecv x2b8uid\" data-testid=\"emoji\"><span class=\"xexx8yu xn5pp95 x18d9i69 x2fxd7x x3jgonx x1bhl96m\"><b>\u2764\ufe0f Tu cherches quelque chose d&rsquo;amusant \u00e0 \u00e9lever pour commencer ?<\/b> Les blattes exotiques pour l&rsquo;\u00e9levage amateur. Ce sont des cr\u00e9atures faciles \u00e0 garder, int\u00e9ressantes \u00e0 observer. Totalement sans danger pour les humains, elles ne mordent pas. Elles ont des m\u00e2choires faibles qui sont adapt\u00e9es au d\u00e9chiquetage des mati\u00e8res v\u00e9g\u00e9tales. Les blattes pr\u00e9f\u00e8rent les zones ombrag\u00e9es et se nourrissent de feuilles, de l\u00e9gumes, de fruits, de s\u00e9pia (os de seiche) et de germes de Gammarus s\u00e9ch\u00e9s.<\/span><\/span><\/strong><\/span><\/em><\/strong><\/span><\/p>\n<p class=\"v1v1v1v1MsoNormal\"><span style=\"color: #424242;\"><strong><em><span style=\"font-size: 15px;\"><span class=\"x1xsqp64 xiy17q3 x1o6pynw x19co3pv xdj266r xcwd3tp xat24cr x39eecv x2b8uid\" data-testid=\"emoji\"><span class=\"xexx8yu xn5pp95 x18d9i69 x2fxd7x x3jgonx x1bhl96m\"><img decoding=\"async\" src=\"https:\/\/static.xx.fbcdn.net\/images\/emoji.php\/v9\/t1e\/1\/16\/1f33f.png\" alt=\"\ud83c\udf3f\" \/> <\/span><\/span>Tout ce dont un tel animal a besoin pour r\u00e9ussir sa croissance et sa vie dans un terrarium est :<\/span><\/em><\/strong><\/span><\/p>\n<p class=\"v1v1v1v1MsoNormal\"><span style=\"font-size: 15px;\"><strong><em><span style=\"color: #008000;\">*Tout ce dont un tel animal a besoin pour r\u00e9ussir sa croissance et sa vie dans un terrarium est :<\/span><\/em><\/strong><\/span><\/p>\n<p><span style=\"font-size: 15px;\"><strong><em><span style=\"color: #008000;\">* Substrat \/ nourriture : Substrat pour l&rsquo;\u00e9levage des cafards exotiques ;<\/span><\/em><\/strong><\/span><\/p>\n<p><span style=\"font-size: 15px;\"><strong><em><span style=\"color: #008000;\">* Nourriture : L\u00e9gumes et fruits frais ;<\/span><\/em><\/strong><\/span><\/p>\n<p><span style=\"font-size: 15px;\"><strong><em><span style=\"color: #008000;\">* Nourriture : Le gammarus terrestre est un germe s\u00e9ch\u00e9, riche en macro- et micronutriments, une source naturelle de prot\u00e9ines animales et de chitine ;<\/span><\/em><\/strong><\/span><\/p>\n<p><span style=\"font-size: 15px;\"><strong><em><span style=\"color: #008000;\">* Nourriture : Sepia &#8211; l&rsquo;os de seiche est une source naturelle de calcium pour les animaux du terrarium ;<\/span><\/em><\/strong><\/span><\/p>\n<p><span style=\"font-size: 15px;\"><strong><em><span style=\"color: #008000;\">* Terrarium : R\u00e9cipient d&rsquo;\u00e9levage.<\/span><\/em><\/strong><\/span><\/p>\n","protected":false},"excerpt":{"rendered":"<ul class=\"product_attributes\">\n<li><strong>Taille cible des sp\u00e9cimens :<\/strong> <span style=\"color: #000000;\">environ 2,5-4 cm<\/span><\/li>\n<li>Juv\u00e9niles offerts : <span style=\"color: #000000;\">m\u00e9lange 0,5 -1 cm<\/span><\/li>\n<li>Le prix est pour un ensemble : <span style=\"color: #000000;\">12 sp\u00e9cimens<\/span><\/li>\n<\/ul>\n","protected":false},"featured_media":4413,"template":"","meta":{"_acf_changed":false,"_links_to":"","_links_to_target":""},"product_cat":[116],"product_tag":[],"class_list":{"0":"post-4411","1":"product","2":"type-product","3":"status-publish","4":"has-post-thumbnail","6":"product_cat-autre","8":"first","9":"outofstock","10":"shipping-taxable","11":"purchasable","12":"product-type-simple"},"acf":[],"yoast_head":"<!-- This site is optimized with the Yoast SEO plugin v24.9 - https:\/\/yoast.com\/wordpress\/plugins\/seo\/ -->\n<title>Gyna centurio &#039;Gambia&#039;Blattes exotiques | MegaPets<\/title>\n<meta name=\"robots\" content=\"index, follow, max-snippet:-1, max-image-preview:large, max-video-preview:-1\" \/>\n<link rel=\"canonical\" href=\"https:\/\/megapets.eu\/fr\/autre\/gyna-centurio-gambiablattes-exotiques\/\" \/>\n<meta property=\"og:locale\" content=\"fr_FR\" \/>\n<meta property=\"og:type\" content=\"article\" \/>\n<meta property=\"og:title\" content=\"Gyna centurio &#039;Gambia&#039;Blattes exotiques | MegaPets\" \/>\n<meta property=\"og:description\" content=\"Taille cible des sp\u00e9cimens : environ 2,5-4 cm  Juv\u00e9niles offerts : m\u00e9lange 0,5 -1 cm  Le prix est pour un ensemble : 12 sp\u00e9cimens\" \/>\n<meta property=\"og:url\" content=\"https:\/\/megapets.eu\/fr\/autre\/gyna-centurio-gambiablattes-exotiques\/\" \/>\n<meta property=\"og:site_name\" content=\"MegaPets\" \/>\n<meta property=\"article:publisher\" content=\"https:\/\/www.facebook.com\/MegaPets.eu\/\" \/>\n<meta property=\"article:modified_time\" content=\"2025-06-03T13:41:51+00:00\" \/>\n<meta property=\"og:image\" content=\"https:\/\/megapets.eu\/wp-content\/uploads\/2024\/10\/IMG_20200830_161127-scaled.jpg\" \/>\n\t<meta property=\"og:image:width\" content=\"2560\" \/>\n\t<meta property=\"og:image:height\" content=\"1707\" \/>\n\t<meta property=\"og:image:type\" content=\"image\/jpeg\" \/>\n<meta name=\"twitter:card\" content=\"summary_large_image\" \/>\n<meta name=\"twitter:label1\" content=\"Dur\u00e9e de lecture estim\u00e9e\" \/>\n\t<meta name=\"twitter:data1\" content=\"1 minute\" \/>\n<script type=\"application\/ld+json\" class=\"yoast-schema-graph\">{\"@context\":\"https:\/\/schema.org\",\"@graph\":[{\"@type\":\"WebPage\",\"@id\":\"https:\/\/megapets.eu\/fr\/autre\/gyna-centurio-gambiablattes-exotiques\/\",\"url\":\"https:\/\/megapets.eu\/fr\/autre\/gyna-centurio-gambiablattes-exotiques\/\",\"name\":\"Gyna centurio 'Gambia' Blattes exotiques | MegaPets\",\"isPartOf\":{\"@id\":\"https:\/\/megapets.eu\/fr\/#website\"},\"primaryImageOfPage\":{\"@id\":\"https:\/\/megapets.eu\/fr\/autre\/gyna-centurio-gambiablattes-exotiques\/#primaryimage\"},\"image\":{\"@id\":\"https:\/\/megapets.eu\/fr\/autre\/gyna-centurio-gambiablattes-exotiques\/#primaryimage\"},\"thumbnailUrl\":\"https:\/\/megapets.eu\/wp-content\/uploads\/2024\/10\/IMG_20200830_161127-scaled.jpg\",\"datePublished\":\"2024-10-06T09:28:14+00:00\",\"dateModified\":\"2025-06-03T13:41:51+00:00\",\"breadcrumb\":{\"@id\":\"https:\/\/megapets.eu\/fr\/autre\/gyna-centurio-gambiablattes-exotiques\/#breadcrumb\"},\"inLanguage\":\"fr-FR\",\"potentialAction\":[{\"@type\":\"ReadAction\",\"target\":[\"https:\/\/megapets.eu\/fr\/autre\/gyna-centurio-gambiablattes-exotiques\/\"]}]},{\"@type\":\"ImageObject\",\"inLanguage\":\"fr-FR\",\"@id\":\"https:\/\/megapets.eu\/fr\/autre\/gyna-centurio-gambiablattes-exotiques\/#primaryimage\",\"url\":\"https:\/\/megapets.eu\/wp-content\/uploads\/2024\/10\/IMG_20200830_161127-scaled.jpg\",\"contentUrl\":\"https:\/\/megapets.eu\/wp-content\/uploads\/2024\/10\/IMG_20200830_161127-scaled.jpg\",\"width\":2560,\"height\":1707},{\"@type\":\"BreadcrumbList\",\"@id\":\"https:\/\/megapets.eu\/fr\/autre\/gyna-centurio-gambiablattes-exotiques\/#breadcrumb\",\"itemListElement\":[{\"@type\":\"ListItem\",\"position\":1,\"name\":\"Strona g\u0142\u00f3wna\",\"item\":\"https:\/\/megapets.eu\/fr\/accueil\/\"},{\"@type\":\"ListItem\",\"position\":2,\"name\":\"Boutique\",\"item\":\"https:\/\/megapets.eu\/boutique\/\"},{\"@type\":\"ListItem\",\"position\":3,\"name\":\"Gyna centurio 'Gambia&#8217;Blattes exotiques\"}]},{\"@type\":\"WebSite\",\"@id\":\"https:\/\/megapets.eu\/fr\/#website\",\"url\":\"https:\/\/megapets.eu\/fr\/\",\"name\":\"Mega Pets\",\"description\":\"Jedna z najwi\u0119kszych hodowli \u015blimak\u00f3w w Europie\",\"publisher\":{\"@id\":\"https:\/\/megapets.eu\/fr\/#organization\"},\"alternateName\":\"Mega Pets\",\"potentialAction\":[{\"@type\":\"SearchAction\",\"target\":{\"@type\":\"EntryPoint\",\"urlTemplate\":\"https:\/\/megapets.eu\/fr\/?s={search_term_string}\"},\"query-input\":{\"@type\":\"PropertyValueSpecification\",\"valueRequired\":true,\"valueName\":\"search_term_string\"}}],\"inLanguage\":\"fr-FR\"},{\"@type\":\"Organization\",\"@id\":\"https:\/\/megapets.eu\/fr\/#organization\",\"name\":\"Mega Pets\",\"url\":\"https:\/\/megapets.eu\/fr\/\",\"logo\":{\"@type\":\"ImageObject\",\"inLanguage\":\"fr-FR\",\"@id\":\"https:\/\/megapets.eu\/fr\/#\/schema\/logo\/image\/\",\"url\":\"https:\/\/megapets.eu\/wp-content\/uploads\/2025\/04\/megapets_eu-logo.png\",\"contentUrl\":\"https:\/\/megapets.eu\/wp-content\/uploads\/2025\/04\/megapets_eu-logo.png\",\"width\":2362,\"height\":2362,\"caption\":\"Mega Pets\"},\"image\":{\"@id\":\"https:\/\/megapets.eu\/fr\/#\/schema\/logo\/image\/\"},\"sameAs\":[\"https:\/\/www.facebook.com\/MegaPets.eu\/\"]}]}<\/script>\n<!-- \/ Yoast SEO plugin. -->","yoast_head_json":{"title":"Gyna centurio 'Gambia'Blattes exotiques | MegaPets","robots":{"index":"index","follow":"follow","max-snippet":"max-snippet:-1","max-image-preview":"max-image-preview:large","max-video-preview":"max-video-preview:-1"},"canonical":"https:\/\/megapets.eu\/fr\/autre\/gyna-centurio-gambiablattes-exotiques\/","og_locale":"fr_FR","og_type":"article","og_title":"Gyna centurio 'Gambia'Blattes exotiques | MegaPets","og_description":"Taille cible des sp\u00e9cimens : environ 2,5-4 cm  Juv\u00e9niles offerts : m\u00e9lange 0,5 -1 cm  Le prix est pour un ensemble : 12 sp\u00e9cimens","og_url":"https:\/\/megapets.eu\/fr\/autre\/gyna-centurio-gambiablattes-exotiques\/","og_site_name":"MegaPets","article_publisher":"https:\/\/www.facebook.com\/MegaPets.eu\/","article_modified_time":"2025-06-03T13:41:51+00:00","og_image":[{"width":2560,"height":1707,"url":"https:\/\/megapets.eu\/wp-content\/uploads\/2024\/10\/IMG_20200830_161127-scaled.jpg","type":"image\/jpeg"}],"twitter_card":"summary_large_image","twitter_misc":{"Dur\u00e9e de lecture estim\u00e9e":"1 minute"},"schema":{"@context":"https:\/\/schema.org","@graph":[{"@type":"WebPage","@id":"https:\/\/megapets.eu\/fr\/autre\/gyna-centurio-gambiablattes-exotiques\/","url":"https:\/\/megapets.eu\/fr\/autre\/gyna-centurio-gambiablattes-exotiques\/","name":"Gyna centurio 'Gambia' Blattes exotiques | MegaPets","isPartOf":{"@id":"https:\/\/megapets.eu\/fr\/#website"},"primaryImageOfPage":{"@id":"https:\/\/megapets.eu\/fr\/autre\/gyna-centurio-gambiablattes-exotiques\/#primaryimage"},"image":{"@id":"https:\/\/megapets.eu\/fr\/autre\/gyna-centurio-gambiablattes-exotiques\/#primaryimage"},"thumbnailUrl":"https:\/\/megapets.eu\/wp-content\/uploads\/2024\/10\/IMG_20200830_161127-scaled.jpg","datePublished":"2024-10-06T09:28:14+00:00","dateModified":"2025-06-03T13:41:51+00:00","breadcrumb":{"@id":"https:\/\/megapets.eu\/fr\/autre\/gyna-centurio-gambiablattes-exotiques\/#breadcrumb"},"inLanguage":"fr-FR","potentialAction":[{"@type":"ReadAction","target":["https:\/\/megapets.eu\/fr\/autre\/gyna-centurio-gambiablattes-exotiques\/"]}]},{"@type":"ImageObject","inLanguage":"fr-FR","@id":"https:\/\/megapets.eu\/fr\/autre\/gyna-centurio-gambiablattes-exotiques\/#primaryimage","url":"https:\/\/megapets.eu\/wp-content\/uploads\/2024\/10\/IMG_20200830_161127-scaled.jpg","contentUrl":"https:\/\/megapets.eu\/wp-content\/uploads\/2024\/10\/IMG_20200830_161127-scaled.jpg","width":2560,"height":1707},{"@type":"BreadcrumbList","@id":"https:\/\/megapets.eu\/fr\/autre\/gyna-centurio-gambiablattes-exotiques\/#breadcrumb","itemListElement":[{"@type":"ListItem","position":1,"name":"Strona g\u0142\u00f3wna","item":"https:\/\/megapets.eu\/fr\/accueil\/"},{"@type":"ListItem","position":2,"name":"Boutique","item":"https:\/\/megapets.eu\/boutique\/"},{"@type":"ListItem","position":3,"name":"Gyna centurio 'Gambia&#8217;Blattes exotiques"}]},{"@type":"WebSite","@id":"https:\/\/megapets.eu\/fr\/#website","url":"https:\/\/megapets.eu\/fr\/","name":"Mega Pets","description":"Jedna z najwi\u0119kszych hodowli \u015blimak\u00f3w w Europie","publisher":{"@id":"https:\/\/megapets.eu\/fr\/#organization"},"alternateName":"Mega Pets","potentialAction":[{"@type":"SearchAction","target":{"@type":"EntryPoint","urlTemplate":"https:\/\/megapets.eu\/fr\/?s={search_term_string}"},"query-input":{"@type":"PropertyValueSpecification","valueRequired":true,"valueName":"search_term_string"}}],"inLanguage":"fr-FR"},{"@type":"Organization","@id":"https:\/\/megapets.eu\/fr\/#organization","name":"Mega Pets","url":"https:\/\/megapets.eu\/fr\/","logo":{"@type":"ImageObject","inLanguage":"fr-FR","@id":"https:\/\/megapets.eu\/fr\/#\/schema\/logo\/image\/","url":"https:\/\/megapets.eu\/wp-content\/uploads\/2025\/04\/megapets_eu-logo.png","contentUrl":"https:\/\/megapets.eu\/wp-content\/uploads\/2025\/04\/megapets_eu-logo.png","width":2362,"height":2362,"caption":"Mega Pets"},"image":{"@id":"https:\/\/megapets.eu\/fr\/#\/schema\/logo\/image\/"},"sameAs":["https:\/\/www.facebook.com\/MegaPets.eu\/"]}]}},"_links":{"self":[{"href":"https:\/\/megapets.eu\/fr\/wp-json\/wp\/v2\/product\/4411","targetHints":{"allow":["GET"]}}],"collection":[{"href":"https:\/\/megapets.eu\/fr\/wp-json\/wp\/v2\/product"}],"about":[{"href":"https:\/\/megapets.eu\/fr\/wp-json\/wp\/v2\/types\/product"}],"wp:featuredmedia":[{"embeddable":true,"href":"https:\/\/megapets.eu\/fr\/wp-json\/wp\/v2\/media\/4413"}],"wp:attachment":[{"href":"https:\/\/megapets.eu\/fr\/wp-json\/wp\/v2\/media?parent=4411"}],"wp:term":[{"taxonomy":"product_cat","embeddable":true,"href":"https:\/\/megapets.eu\/fr\/wp-json\/wp\/v2\/product_cat?post=4411"},{"taxonomy":"product_tag","embeddable":true,"href":"https:\/\/megapets.eu\/fr\/wp-json\/wp\/v2\/product_tag?post=4411"}],"curies":[{"name":"wp","href":"https:\/\/api.w.org\/{rel}","templated":true}]}}