{"id":4422,"date":"2024-10-06T11:49:55","date_gmt":"2024-10-06T11:49:55","guid":{"rendered":"https:\/\/megapets.eu\/non%20class\u00e9\/achatina-achatina-albino-body-nigeria\/"},"modified":"2025-06-03T13:41:51","modified_gmt":"2025-06-03T13:41:51","slug":"achatina-achatina-albino-body-nigeria","status":"publish","type":"product","link":"https:\/\/megapets.eu\/fr\/escargots\/achatina-achatina-albino-body-nigeria\/","title":{"rendered":"Achatina achatina albino body Nigeria"},"content":{"rendered":"<p class=\"v1v1v1v1MsoNormal\"><span style=\"color: #424242;\"><strong><em><span style=\"font-size: 15px;\">Esp\u00e8ce : Achatina achatina achatina<\/span><\/em><\/strong><\/span><\/p>\n<p class=\"v1v1v1v1MsoNormal\"><span style=\"color: #424242;\"><strong><em><span style=\"font-size: 15px;\">Variation de couleur : corps albinos<\/span><\/em><\/strong><\/span><\/p>\n<p class=\"v1v1v1v1MsoNormal\"><span style=\"color: #424242;\"><strong><em><span style=\"font-size: 15px;\">\u2b50\u2b50\u2b50\u2b50 Il s&rsquo;agit d&rsquo;une esp\u00e8ce tr\u00e8s connue d&rsquo;Achatina achatina achatina dans la rare vari\u00e9t\u00e9 de couleur du corps albinos. Cette esp\u00e8ce n&rsquo;est pas active, un v\u00e9ritable dormeur parmi les escargots. Elle est recommand\u00e9e pour les individus avanc\u00e9s. Achatina achatina grandit tr\u00e8s lentement, la taille de la coquille d&rsquo;un adulte de cette esp\u00e8ce est d&rsquo;environ 15-16 cm.<\/span><\/em><\/strong><\/span><\/p>\n<p class=\"v1v1v1v1MsoNormal\"><span style=\"font-size: 15px;\"><strong><em><span style=\"color: #008000;\"><img decoding=\"async\" src=\"https:\/\/static.xx.fbcdn.net\/images\/emoji.php\/v9\/tbe\/1\/16\/1f3c6.png\" alt=\"\ud83c\udfc6\" \/><span style=\"color: #e36a19;\"> Tous les b\u00e9b\u00e9s escargots proviennent de notre \u00e9levage enregistr\u00e9 bien connu, tu ach\u00e8tes donc aupr\u00e8s d&rsquo;une source connue, o\u00f9 nous prenons bien soin des escargots et observons attentivement le d\u00e9veloppement de chacun d&rsquo;entre eux.<\/span><\/span><\/em><\/strong><\/span><\/p>\n<p class=\"v1v1v1v1MsoNormal\"><span style=\"font-size: 15px; color: #424242;\"><strong><em>Comme tu le sais, les r\u00e9cipients en plastique fonctionnent mieux pour l&rsquo;\u00e9levage des escargots. Les r\u00e9cipients que nous avons pr\u00e9par\u00e9s conviennent parfaitement au d\u00e9veloppement d&rsquo;une belle nouvelle croissance de coquilles d&rsquo;escargots). Pour gagner du temps lors de la r\u00e9alisation de ta commande, nous te conseillons de commencer par le kit de d\u00e9marrage, qui comprend les accessoires de base pour un d\u00e9marrage rapide de ton propre \u00e9levage et les instructions.<\/em><\/strong><\/span><\/p>\n<p><span style=\"font-size: 15px;\"><strong><em><span style=\"color: #008000;\"><img loading=\"lazy\" decoding=\"async\" class=\"xz74otr\" src=\"https:\/\/static.xx.fbcdn.net\/images\/emoji.php\/v9\/t1e\/1\/16\/1f33f.png\" alt=\"\ud83c\udf3f\" width=\"16\" height=\"16\" \/> Tout ce dont l&rsquo;animal a besoin, c&rsquo;est de fruits et de l\u00e9gumes frais et m\u00fbrs, d&rsquo;un r\u00e9cipient d&rsquo;\u00e9levage et d&rsquo;un substrat (ne laisse pas le substrat se dess\u00e9cher, vaporise le terrarium tous les 2 ou 3 jours). L&rsquo;alimentation quotidienne de l&rsquo;escargot ne doit pas manquer de l&rsquo;\u00e9l\u00e9ment de base d&rsquo;une coquille belle et saine ; la poudre de coquille d&rsquo;\u0153uf et la s\u00e9pia sont des sources naturelles de calcium parfaitement digestible. Tu peux te renseigner sur l&rsquo;alimentation des escargots exotiques sur notre site Internet.<\/span><\/em><\/strong><\/span><\/p>\n","protected":false},"excerpt":{"rendered":"<ul class=\"product_attributes\">\n<li>D&rsquo;une paire non apparent\u00e9e:P17<\/li>\n<li>Taille de la coquille cible:env. 15-16 cm<\/li>\n<li>Offert juv\u00e9nile:approx. 4 cm<\/li>\n<li>Le prix est pour:1 pi\u00e8ce<\/li>\n<\/ul>\n","protected":false},"featured_media":4424,"template":"","meta":{"_acf_changed":false,"_links_to":"","_links_to_target":""},"product_cat":[107],"product_tag":[],"class_list":{"0":"post-4422","1":"product","2":"type-product","3":"status-publish","4":"has-post-thumbnail","6":"product_cat-escargots","8":"first","9":"outofstock","10":"shipping-taxable","11":"purchasable","12":"product-type-simple"},"acf":[],"yoast_head":"<!-- This site is optimized with the Yoast SEO plugin v24.9 - https:\/\/yoast.com\/wordpress\/plugins\/seo\/ -->\n<title>Achatina achatina albino body Nigeria | MegaPets<\/title>\n<meta name=\"robots\" content=\"index, follow, max-snippet:-1, max-image-preview:large, max-video-preview:-1\" \/>\n<link rel=\"canonical\" href=\"https:\/\/megapets.eu\/fr\/escargots\/achatina-achatina-albino-body-nigeria\/\" \/>\n<meta property=\"og:locale\" content=\"fr_FR\" \/>\n<meta property=\"og:type\" content=\"article\" \/>\n<meta property=\"og:title\" content=\"Achatina achatina albino body Nigeria | MegaPets\" \/>\n<meta property=\"og:description\" content=\"D&#039;une paire non apparent\u00e9e:P17  Taille de la coquille cible:env. 15-16 cm  Offert juv\u00e9nile:approx. 4 cm  Le prix est pour:1 pi\u00e8ce\" \/>\n<meta property=\"og:url\" content=\"https:\/\/megapets.eu\/fr\/escargots\/achatina-achatina-albino-body-nigeria\/\" \/>\n<meta property=\"og:site_name\" content=\"MegaPets\" \/>\n<meta property=\"article:publisher\" content=\"https:\/\/www.facebook.com\/MegaPets.eu\/\" \/>\n<meta property=\"article:modified_time\" content=\"2025-06-03T13:41:51+00:00\" \/>\n<meta property=\"og:image\" content=\"https:\/\/megapets.eu\/wp-content\/uploads\/2024\/10\/T222.jpg\" \/>\n\t<meta property=\"og:image:width\" content=\"1204\" \/>\n\t<meta property=\"og:image:height\" content=\"800\" \/>\n\t<meta property=\"og:image:type\" content=\"image\/jpeg\" \/>\n<meta name=\"twitter:card\" content=\"summary_large_image\" \/>\n<meta name=\"twitter:label1\" content=\"Dur\u00e9e de lecture estim\u00e9e\" \/>\n\t<meta name=\"twitter:data1\" content=\"1 minute\" \/>\n<script type=\"application\/ld+json\" class=\"yoast-schema-graph\">{\"@context\":\"https:\/\/schema.org\",\"@graph\":[{\"@type\":\"WebPage\",\"@id\":\"https:\/\/megapets.eu\/fr\/escargots\/achatina-achatina-albino-body-nigeria\/\",\"url\":\"https:\/\/megapets.eu\/fr\/escargots\/achatina-achatina-albino-body-nigeria\/\",\"name\":\"Achatina achatina albino body Nigeria | MegaPets\",\"isPartOf\":{\"@id\":\"https:\/\/megapets.eu\/fr\/#website\"},\"primaryImageOfPage\":{\"@id\":\"https:\/\/megapets.eu\/fr\/escargots\/achatina-achatina-albino-body-nigeria\/#primaryimage\"},\"image\":{\"@id\":\"https:\/\/megapets.eu\/fr\/escargots\/achatina-achatina-albino-body-nigeria\/#primaryimage\"},\"thumbnailUrl\":\"https:\/\/megapets.eu\/wp-content\/uploads\/2024\/10\/T222.jpg\",\"datePublished\":\"2024-10-06T11:49:55+00:00\",\"dateModified\":\"2025-06-03T13:41:51+00:00\",\"breadcrumb\":{\"@id\":\"https:\/\/megapets.eu\/fr\/escargots\/achatina-achatina-albino-body-nigeria\/#breadcrumb\"},\"inLanguage\":\"fr-FR\",\"potentialAction\":[{\"@type\":\"ReadAction\",\"target\":[\"https:\/\/megapets.eu\/fr\/escargots\/achatina-achatina-albino-body-nigeria\/\"]}]},{\"@type\":\"ImageObject\",\"inLanguage\":\"fr-FR\",\"@id\":\"https:\/\/megapets.eu\/fr\/escargots\/achatina-achatina-albino-body-nigeria\/#primaryimage\",\"url\":\"https:\/\/megapets.eu\/wp-content\/uploads\/2024\/10\/T222.jpg\",\"contentUrl\":\"https:\/\/megapets.eu\/wp-content\/uploads\/2024\/10\/T222.jpg\",\"width\":1204,\"height\":800},{\"@type\":\"BreadcrumbList\",\"@id\":\"https:\/\/megapets.eu\/fr\/escargots\/achatina-achatina-albino-body-nigeria\/#breadcrumb\",\"itemListElement\":[{\"@type\":\"ListItem\",\"position\":1,\"name\":\"Strona g\u0142\u00f3wna\",\"item\":\"https:\/\/megapets.eu\/fr\/accueil\/\"},{\"@type\":\"ListItem\",\"position\":2,\"name\":\"Boutique\",\"item\":\"https:\/\/megapets.eu\/boutique\/\"},{\"@type\":\"ListItem\",\"position\":3,\"name\":\"Achatina achatina albino body Nigeria\"}]},{\"@type\":\"WebSite\",\"@id\":\"https:\/\/megapets.eu\/fr\/#website\",\"url\":\"https:\/\/megapets.eu\/fr\/\",\"name\":\"Mega Pets\",\"description\":\"Jedna z najwi\u0119kszych hodowli \u015blimak\u00f3w w Europie\",\"publisher\":{\"@id\":\"https:\/\/megapets.eu\/fr\/#organization\"},\"alternateName\":\"Mega Pets\",\"potentialAction\":[{\"@type\":\"SearchAction\",\"target\":{\"@type\":\"EntryPoint\",\"urlTemplate\":\"https:\/\/megapets.eu\/fr\/?s={search_term_string}\"},\"query-input\":{\"@type\":\"PropertyValueSpecification\",\"valueRequired\":true,\"valueName\":\"search_term_string\"}}],\"inLanguage\":\"fr-FR\"},{\"@type\":\"Organization\",\"@id\":\"https:\/\/megapets.eu\/fr\/#organization\",\"name\":\"Mega Pets\",\"url\":\"https:\/\/megapets.eu\/fr\/\",\"logo\":{\"@type\":\"ImageObject\",\"inLanguage\":\"fr-FR\",\"@id\":\"https:\/\/megapets.eu\/fr\/#\/schema\/logo\/image\/\",\"url\":\"https:\/\/megapets.eu\/wp-content\/uploads\/2025\/04\/megapets_eu-logo.png\",\"contentUrl\":\"https:\/\/megapets.eu\/wp-content\/uploads\/2025\/04\/megapets_eu-logo.png\",\"width\":2362,\"height\":2362,\"caption\":\"Mega Pets\"},\"image\":{\"@id\":\"https:\/\/megapets.eu\/fr\/#\/schema\/logo\/image\/\"},\"sameAs\":[\"https:\/\/www.facebook.com\/MegaPets.eu\/\"]}]}<\/script>\n<!-- \/ Yoast SEO plugin. -->","yoast_head_json":{"title":"Achatina achatina albino body Nigeria | MegaPets","robots":{"index":"index","follow":"follow","max-snippet":"max-snippet:-1","max-image-preview":"max-image-preview:large","max-video-preview":"max-video-preview:-1"},"canonical":"https:\/\/megapets.eu\/fr\/escargots\/achatina-achatina-albino-body-nigeria\/","og_locale":"fr_FR","og_type":"article","og_title":"Achatina achatina albino body Nigeria | MegaPets","og_description":"D'une paire non apparent\u00e9e:P17  Taille de la coquille cible:env. 15-16 cm  Offert juv\u00e9nile:approx. 4 cm  Le prix est pour:1 pi\u00e8ce","og_url":"https:\/\/megapets.eu\/fr\/escargots\/achatina-achatina-albino-body-nigeria\/","og_site_name":"MegaPets","article_publisher":"https:\/\/www.facebook.com\/MegaPets.eu\/","article_modified_time":"2025-06-03T13:41:51+00:00","og_image":[{"width":1204,"height":800,"url":"https:\/\/megapets.eu\/wp-content\/uploads\/2024\/10\/T222.jpg","type":"image\/jpeg"}],"twitter_card":"summary_large_image","twitter_misc":{"Dur\u00e9e de lecture estim\u00e9e":"1 minute"},"schema":{"@context":"https:\/\/schema.org","@graph":[{"@type":"WebPage","@id":"https:\/\/megapets.eu\/fr\/escargots\/achatina-achatina-albino-body-nigeria\/","url":"https:\/\/megapets.eu\/fr\/escargots\/achatina-achatina-albino-body-nigeria\/","name":"Achatina achatina albino body Nigeria | MegaPets","isPartOf":{"@id":"https:\/\/megapets.eu\/fr\/#website"},"primaryImageOfPage":{"@id":"https:\/\/megapets.eu\/fr\/escargots\/achatina-achatina-albino-body-nigeria\/#primaryimage"},"image":{"@id":"https:\/\/megapets.eu\/fr\/escargots\/achatina-achatina-albino-body-nigeria\/#primaryimage"},"thumbnailUrl":"https:\/\/megapets.eu\/wp-content\/uploads\/2024\/10\/T222.jpg","datePublished":"2024-10-06T11:49:55+00:00","dateModified":"2025-06-03T13:41:51+00:00","breadcrumb":{"@id":"https:\/\/megapets.eu\/fr\/escargots\/achatina-achatina-albino-body-nigeria\/#breadcrumb"},"inLanguage":"fr-FR","potentialAction":[{"@type":"ReadAction","target":["https:\/\/megapets.eu\/fr\/escargots\/achatina-achatina-albino-body-nigeria\/"]}]},{"@type":"ImageObject","inLanguage":"fr-FR","@id":"https:\/\/megapets.eu\/fr\/escargots\/achatina-achatina-albino-body-nigeria\/#primaryimage","url":"https:\/\/megapets.eu\/wp-content\/uploads\/2024\/10\/T222.jpg","contentUrl":"https:\/\/megapets.eu\/wp-content\/uploads\/2024\/10\/T222.jpg","width":1204,"height":800},{"@type":"BreadcrumbList","@id":"https:\/\/megapets.eu\/fr\/escargots\/achatina-achatina-albino-body-nigeria\/#breadcrumb","itemListElement":[{"@type":"ListItem","position":1,"name":"Strona g\u0142\u00f3wna","item":"https:\/\/megapets.eu\/fr\/accueil\/"},{"@type":"ListItem","position":2,"name":"Boutique","item":"https:\/\/megapets.eu\/boutique\/"},{"@type":"ListItem","position":3,"name":"Achatina achatina albino body Nigeria"}]},{"@type":"WebSite","@id":"https:\/\/megapets.eu\/fr\/#website","url":"https:\/\/megapets.eu\/fr\/","name":"Mega Pets","description":"Jedna z najwi\u0119kszych hodowli \u015blimak\u00f3w w Europie","publisher":{"@id":"https:\/\/megapets.eu\/fr\/#organization"},"alternateName":"Mega Pets","potentialAction":[{"@type":"SearchAction","target":{"@type":"EntryPoint","urlTemplate":"https:\/\/megapets.eu\/fr\/?s={search_term_string}"},"query-input":{"@type":"PropertyValueSpecification","valueRequired":true,"valueName":"search_term_string"}}],"inLanguage":"fr-FR"},{"@type":"Organization","@id":"https:\/\/megapets.eu\/fr\/#organization","name":"Mega Pets","url":"https:\/\/megapets.eu\/fr\/","logo":{"@type":"ImageObject","inLanguage":"fr-FR","@id":"https:\/\/megapets.eu\/fr\/#\/schema\/logo\/image\/","url":"https:\/\/megapets.eu\/wp-content\/uploads\/2025\/04\/megapets_eu-logo.png","contentUrl":"https:\/\/megapets.eu\/wp-content\/uploads\/2025\/04\/megapets_eu-logo.png","width":2362,"height":2362,"caption":"Mega Pets"},"image":{"@id":"https:\/\/megapets.eu\/fr\/#\/schema\/logo\/image\/"},"sameAs":["https:\/\/www.facebook.com\/MegaPets.eu\/"]}]}},"_links":{"self":[{"href":"https:\/\/megapets.eu\/fr\/wp-json\/wp\/v2\/product\/4422","targetHints":{"allow":["GET"]}}],"collection":[{"href":"https:\/\/megapets.eu\/fr\/wp-json\/wp\/v2\/product"}],"about":[{"href":"https:\/\/megapets.eu\/fr\/wp-json\/wp\/v2\/types\/product"}],"wp:featuredmedia":[{"embeddable":true,"href":"https:\/\/megapets.eu\/fr\/wp-json\/wp\/v2\/media\/4424"}],"wp:attachment":[{"href":"https:\/\/megapets.eu\/fr\/wp-json\/wp\/v2\/media?parent=4422"}],"wp:term":[{"taxonomy":"product_cat","embeddable":true,"href":"https:\/\/megapets.eu\/fr\/wp-json\/wp\/v2\/product_cat?post=4422"},{"taxonomy":"product_tag","embeddable":true,"href":"https:\/\/megapets.eu\/fr\/wp-json\/wp\/v2\/product_tag?post=4422"}],"curies":[{"name":"wp","href":"https:\/\/api.w.org\/{rel}","templated":true}]}}