{"id":4426,"date":"2024-10-08T08:29:19","date_gmt":"2024-10-08T08:29:19","guid":{"rendered":"https:\/\/megapets.eu\/non%20class\u00e9\/mousse-sphagnum-250-mlpour-les-viperes-les-isopodes-et-les-cafards\/"},"modified":"2025-06-03T13:41:51","modified_gmt":"2025-06-03T13:41:51","slug":"mousse-sphagnum-250-mlpour-les-viperes-les-isopodes-et-les-cafards","status":"publish","type":"product","link":"https:\/\/megapets.eu\/fr\/accessoires\/mousse-sphagnum-250-mlpour-les-viperes-les-isopodes-et-les-cafards\/","title":{"rendered":"Mousse Sphagnum 250 ml<br \/>pour les vip\u00e8res, les isopodes et les cafards"},"content":{"rendered":"<p><strong><span style=\"color: #e87020; font-size: 15px;\"><em><span style=\"color: #e87020;\"><span style=\"font-size: 15px;\">Mousse de sphaigne 250 ml<\/span><\/span> pour<span style=\"color: #e87020;\"> vip\u00e8res,<\/span> isopodes, blattes<\/em><\/span><\/strong><\/p>\n<p><strong><span style=\"color: #e87020; font-size: 15px;\"><em>Un paquet contient 250 ml de mousse trait\u00e9e thermiquement. <\/em><\/span><\/strong><\/p>\n<p><strong><span style=\"color: #e87020; font-size: 15px;\"><em>Le prix est pour 1 paquet.<\/em><\/span><\/strong><\/p>\n<p><em><span style=\"color: #424242;\"><strong><span style=\"font-size: 15px;\">La mousse de sphaigne, \u00e9galement connue sous le nom de tourbe, est un excellent additif naturel de substrat pour les vip\u00e8res, les crocodiles, les cafards et les isopodes (prosimiens, marsupiaux), les reptiles, les amphibiens, et est largement utilis\u00e9e en horticulture, en culture de plantes et en terrariophilie. Ses propri\u00e9t\u00e9s uniques la rendent indispensable tant pour les amateurs de plantes que pour les \u00e9leveurs d&rsquo;animaux exotiques.<\/span><\/strong><\/span><\/em><\/p>\n<p><em><span style=\"color: #424242;\"><strong><span style=\"font-size: 15px;\">La sphaigne a des propri\u00e9t\u00e9s antibact\u00e9riennes et antifongiques, elle est capable de retenir l&rsquo;eau, ce qui la rend id\u00e9ale comme composant du substrat pour les plantes qui ont besoin d&rsquo;une humidit\u00e9 constante, et elle emp\u00eache une baisse de l&rsquo;humidit\u00e9 dans le terrarium. Sa capacit\u00e9 naturelle \u00e0 retenir l&rsquo;humidit\u00e9 permet de maintenir un microclimat ad\u00e9quat dans les terrariums tropicaux, et joue \u00e9galement un r\u00f4le d\u00e9coratif, en donnant \u00e0 l&rsquo;int\u00e9rieur du terrarium un aspect naturel.<\/span><\/strong><\/span><\/em><\/p>\n","protected":false},"excerpt":{"rendered":"<ul class=\"product_attributes\">\n<li><span style=\"color: #555555;\">Trait\u00e9 thermiquement<\/span><\/li>\n<li><span style=\"color: #555555;\">L&#8217;emballage comprend :<\/span> 250 ml<\/li>\n<li><span style=\"color: #555555;\">Le prix s&rsquo;applique \u00e0 :<\/span> 1 paquet.<\/li>\n<\/ul>\n","protected":false},"featured_media":4427,"template":"","meta":{"_acf_changed":false,"_links_to":"","_links_to_target":""},"product_cat":[112],"product_tag":[118,115,114,117,113],"class_list":{"0":"post-4426","1":"product","2":"type-product","3":"status-publish","4":"has-post-thumbnail","6":"product_cat-accessoires","7":"product_tag-pour-les-arachnides","8":"product_tag-pour-les-cafards","9":"product_tag-pour-les-isopodes","10":"product_tag-pour-les-mantes-religieuses","11":"product_tag-pour-les-ruses","13":"first","14":"instock","15":"shipping-taxable","16":"purchasable","17":"product-type-simple"},"acf":[],"yoast_head":"<!-- This site is optimized with the Yoast SEO plugin v24.9 - https:\/\/yoast.com\/wordpress\/plugins\/seo\/ -->\n<title>Mousse Sphagnum 250 mlpour les vip\u00e8res, les isopodes et les cafards | MegaPets<\/title>\n<meta name=\"robots\" content=\"index, follow, max-snippet:-1, max-image-preview:large, max-video-preview:-1\" \/>\n<link rel=\"canonical\" href=\"https:\/\/megapets.eu\/fr\/accessoires\/mousse-sphagnum-250-mlpour-les-viperes-les-isopodes-et-les-cafards\/\" \/>\n<meta property=\"og:locale\" content=\"fr_FR\" \/>\n<meta property=\"og:type\" content=\"article\" \/>\n<meta property=\"og:title\" content=\"Mousse Sphagnum 250 mlpour les vip\u00e8res, les isopodes et les cafards | MegaPets\" \/>\n<meta property=\"og:description\" content=\"Trait\u00e9 thermiquement  L&#039;emballage comprend : 250 ml  Le prix s&#039;applique \u00e0 : 1 paquet.\" \/>\n<meta property=\"og:url\" content=\"https:\/\/megapets.eu\/fr\/accessoires\/mousse-sphagnum-250-mlpour-les-viperes-les-isopodes-et-les-cafards\/\" \/>\n<meta property=\"og:site_name\" content=\"MegaPets\" \/>\n<meta property=\"article:publisher\" content=\"https:\/\/www.facebook.com\/MegaPets.eu\/\" \/>\n<meta property=\"article:modified_time\" content=\"2025-06-03T13:41:51+00:00\" \/>\n<meta property=\"og:image\" content=\"https:\/\/megapets.eu\/wp-content\/uploads\/2024\/10\/IMG_2710-e1728376213603.jpg\" \/>\n\t<meta property=\"og:image:width\" content=\"1474\" \/>\n\t<meta property=\"og:image:height\" content=\"1000\" \/>\n\t<meta property=\"og:image:type\" content=\"image\/jpeg\" \/>\n<meta name=\"twitter:card\" content=\"summary_large_image\" \/>\n<meta name=\"twitter:label1\" content=\"Dur\u00e9e de lecture estim\u00e9e\" \/>\n\t<meta name=\"twitter:data1\" content=\"1 minute\" \/>\n<script type=\"application\/ld+json\" class=\"yoast-schema-graph\">{\"@context\":\"https:\/\/schema.org\",\"@graph\":[{\"@type\":\"WebPage\",\"@id\":\"https:\/\/megapets.eu\/fr\/accessoires\/mousse-sphagnum-250-mlpour-les-viperes-les-isopodes-et-les-cafards\/\",\"url\":\"https:\/\/megapets.eu\/fr\/accessoires\/mousse-sphagnum-250-mlpour-les-viperes-les-isopodes-et-les-cafards\/\",\"name\":\"Mousse Sphagnum 250 ml pour les vip\u00e8res, les isopodes et les cafards | MegaPets\",\"isPartOf\":{\"@id\":\"https:\/\/megapets.eu\/fr\/#website\"},\"primaryImageOfPage\":{\"@id\":\"https:\/\/megapets.eu\/fr\/accessoires\/mousse-sphagnum-250-mlpour-les-viperes-les-isopodes-et-les-cafards\/#primaryimage\"},\"image\":{\"@id\":\"https:\/\/megapets.eu\/fr\/accessoires\/mousse-sphagnum-250-mlpour-les-viperes-les-isopodes-et-les-cafards\/#primaryimage\"},\"thumbnailUrl\":\"https:\/\/megapets.eu\/wp-content\/uploads\/2024\/10\/IMG_2710-e1728376213603.jpg\",\"datePublished\":\"2024-10-08T08:29:19+00:00\",\"dateModified\":\"2025-06-03T13:41:51+00:00\",\"breadcrumb\":{\"@id\":\"https:\/\/megapets.eu\/fr\/accessoires\/mousse-sphagnum-250-mlpour-les-viperes-les-isopodes-et-les-cafards\/#breadcrumb\"},\"inLanguage\":\"fr-FR\",\"potentialAction\":[{\"@type\":\"ReadAction\",\"target\":[\"https:\/\/megapets.eu\/fr\/accessoires\/mousse-sphagnum-250-mlpour-les-viperes-les-isopodes-et-les-cafards\/\"]}]},{\"@type\":\"ImageObject\",\"inLanguage\":\"fr-FR\",\"@id\":\"https:\/\/megapets.eu\/fr\/accessoires\/mousse-sphagnum-250-mlpour-les-viperes-les-isopodes-et-les-cafards\/#primaryimage\",\"url\":\"https:\/\/megapets.eu\/wp-content\/uploads\/2024\/10\/IMG_2710-e1728376213603.jpg\",\"contentUrl\":\"https:\/\/megapets.eu\/wp-content\/uploads\/2024\/10\/IMG_2710-e1728376213603.jpg\",\"width\":1474,\"height\":1000},{\"@type\":\"BreadcrumbList\",\"@id\":\"https:\/\/megapets.eu\/fr\/accessoires\/mousse-sphagnum-250-mlpour-les-viperes-les-isopodes-et-les-cafards\/#breadcrumb\",\"itemListElement\":[{\"@type\":\"ListItem\",\"position\":1,\"name\":\"Strona g\u0142\u00f3wna\",\"item\":\"https:\/\/megapets.eu\/fr\/accueil\/\"},{\"@type\":\"ListItem\",\"position\":2,\"name\":\"Boutique\",\"item\":\"https:\/\/megapets.eu\/boutique\/\"},{\"@type\":\"ListItem\",\"position\":3,\"name\":\"Mousse Sphagnum 250 mlpour les vip\u00e8res, les isopodes et les cafards\"}]},{\"@type\":\"WebSite\",\"@id\":\"https:\/\/megapets.eu\/fr\/#website\",\"url\":\"https:\/\/megapets.eu\/fr\/\",\"name\":\"Mega Pets\",\"description\":\"Jedna z najwi\u0119kszych hodowli \u015blimak\u00f3w w Europie\",\"publisher\":{\"@id\":\"https:\/\/megapets.eu\/fr\/#organization\"},\"alternateName\":\"Mega Pets\",\"potentialAction\":[{\"@type\":\"SearchAction\",\"target\":{\"@type\":\"EntryPoint\",\"urlTemplate\":\"https:\/\/megapets.eu\/fr\/?s={search_term_string}\"},\"query-input\":{\"@type\":\"PropertyValueSpecification\",\"valueRequired\":true,\"valueName\":\"search_term_string\"}}],\"inLanguage\":\"fr-FR\"},{\"@type\":\"Organization\",\"@id\":\"https:\/\/megapets.eu\/fr\/#organization\",\"name\":\"Mega Pets\",\"url\":\"https:\/\/megapets.eu\/fr\/\",\"logo\":{\"@type\":\"ImageObject\",\"inLanguage\":\"fr-FR\",\"@id\":\"https:\/\/megapets.eu\/fr\/#\/schema\/logo\/image\/\",\"url\":\"https:\/\/megapets.eu\/wp-content\/uploads\/2025\/04\/megapets_eu-logo.png\",\"contentUrl\":\"https:\/\/megapets.eu\/wp-content\/uploads\/2025\/04\/megapets_eu-logo.png\",\"width\":2362,\"height\":2362,\"caption\":\"Mega Pets\"},\"image\":{\"@id\":\"https:\/\/megapets.eu\/fr\/#\/schema\/logo\/image\/\"},\"sameAs\":[\"https:\/\/www.facebook.com\/MegaPets.eu\/\"]}]}<\/script>\n<!-- \/ Yoast SEO plugin. -->","yoast_head_json":{"title":"Mousse Sphagnum 250 mlpour les vip\u00e8res, les isopodes et les cafards | MegaPets","robots":{"index":"index","follow":"follow","max-snippet":"max-snippet:-1","max-image-preview":"max-image-preview:large","max-video-preview":"max-video-preview:-1"},"canonical":"https:\/\/megapets.eu\/fr\/accessoires\/mousse-sphagnum-250-mlpour-les-viperes-les-isopodes-et-les-cafards\/","og_locale":"fr_FR","og_type":"article","og_title":"Mousse Sphagnum 250 mlpour les vip\u00e8res, les isopodes et les cafards | MegaPets","og_description":"Trait\u00e9 thermiquement  L'emballage comprend : 250 ml  Le prix s'applique \u00e0 : 1 paquet.","og_url":"https:\/\/megapets.eu\/fr\/accessoires\/mousse-sphagnum-250-mlpour-les-viperes-les-isopodes-et-les-cafards\/","og_site_name":"MegaPets","article_publisher":"https:\/\/www.facebook.com\/MegaPets.eu\/","article_modified_time":"2025-06-03T13:41:51+00:00","og_image":[{"width":1474,"height":1000,"url":"https:\/\/megapets.eu\/wp-content\/uploads\/2024\/10\/IMG_2710-e1728376213603.jpg","type":"image\/jpeg"}],"twitter_card":"summary_large_image","twitter_misc":{"Dur\u00e9e de lecture estim\u00e9e":"1 minute"},"schema":{"@context":"https:\/\/schema.org","@graph":[{"@type":"WebPage","@id":"https:\/\/megapets.eu\/fr\/accessoires\/mousse-sphagnum-250-mlpour-les-viperes-les-isopodes-et-les-cafards\/","url":"https:\/\/megapets.eu\/fr\/accessoires\/mousse-sphagnum-250-mlpour-les-viperes-les-isopodes-et-les-cafards\/","name":"Mousse Sphagnum 250 ml pour les vip\u00e8res, les isopodes et les cafards | MegaPets","isPartOf":{"@id":"https:\/\/megapets.eu\/fr\/#website"},"primaryImageOfPage":{"@id":"https:\/\/megapets.eu\/fr\/accessoires\/mousse-sphagnum-250-mlpour-les-viperes-les-isopodes-et-les-cafards\/#primaryimage"},"image":{"@id":"https:\/\/megapets.eu\/fr\/accessoires\/mousse-sphagnum-250-mlpour-les-viperes-les-isopodes-et-les-cafards\/#primaryimage"},"thumbnailUrl":"https:\/\/megapets.eu\/wp-content\/uploads\/2024\/10\/IMG_2710-e1728376213603.jpg","datePublished":"2024-10-08T08:29:19+00:00","dateModified":"2025-06-03T13:41:51+00:00","breadcrumb":{"@id":"https:\/\/megapets.eu\/fr\/accessoires\/mousse-sphagnum-250-mlpour-les-viperes-les-isopodes-et-les-cafards\/#breadcrumb"},"inLanguage":"fr-FR","potentialAction":[{"@type":"ReadAction","target":["https:\/\/megapets.eu\/fr\/accessoires\/mousse-sphagnum-250-mlpour-les-viperes-les-isopodes-et-les-cafards\/"]}]},{"@type":"ImageObject","inLanguage":"fr-FR","@id":"https:\/\/megapets.eu\/fr\/accessoires\/mousse-sphagnum-250-mlpour-les-viperes-les-isopodes-et-les-cafards\/#primaryimage","url":"https:\/\/megapets.eu\/wp-content\/uploads\/2024\/10\/IMG_2710-e1728376213603.jpg","contentUrl":"https:\/\/megapets.eu\/wp-content\/uploads\/2024\/10\/IMG_2710-e1728376213603.jpg","width":1474,"height":1000},{"@type":"BreadcrumbList","@id":"https:\/\/megapets.eu\/fr\/accessoires\/mousse-sphagnum-250-mlpour-les-viperes-les-isopodes-et-les-cafards\/#breadcrumb","itemListElement":[{"@type":"ListItem","position":1,"name":"Strona g\u0142\u00f3wna","item":"https:\/\/megapets.eu\/fr\/accueil\/"},{"@type":"ListItem","position":2,"name":"Boutique","item":"https:\/\/megapets.eu\/boutique\/"},{"@type":"ListItem","position":3,"name":"Mousse Sphagnum 250 mlpour les vip\u00e8res, les isopodes et les cafards"}]},{"@type":"WebSite","@id":"https:\/\/megapets.eu\/fr\/#website","url":"https:\/\/megapets.eu\/fr\/","name":"Mega Pets","description":"Jedna z najwi\u0119kszych hodowli \u015blimak\u00f3w w Europie","publisher":{"@id":"https:\/\/megapets.eu\/fr\/#organization"},"alternateName":"Mega Pets","potentialAction":[{"@type":"SearchAction","target":{"@type":"EntryPoint","urlTemplate":"https:\/\/megapets.eu\/fr\/?s={search_term_string}"},"query-input":{"@type":"PropertyValueSpecification","valueRequired":true,"valueName":"search_term_string"}}],"inLanguage":"fr-FR"},{"@type":"Organization","@id":"https:\/\/megapets.eu\/fr\/#organization","name":"Mega Pets","url":"https:\/\/megapets.eu\/fr\/","logo":{"@type":"ImageObject","inLanguage":"fr-FR","@id":"https:\/\/megapets.eu\/fr\/#\/schema\/logo\/image\/","url":"https:\/\/megapets.eu\/wp-content\/uploads\/2025\/04\/megapets_eu-logo.png","contentUrl":"https:\/\/megapets.eu\/wp-content\/uploads\/2025\/04\/megapets_eu-logo.png","width":2362,"height":2362,"caption":"Mega Pets"},"image":{"@id":"https:\/\/megapets.eu\/fr\/#\/schema\/logo\/image\/"},"sameAs":["https:\/\/www.facebook.com\/MegaPets.eu\/"]}]}},"_links":{"self":[{"href":"https:\/\/megapets.eu\/fr\/wp-json\/wp\/v2\/product\/4426","targetHints":{"allow":["GET"]}}],"collection":[{"href":"https:\/\/megapets.eu\/fr\/wp-json\/wp\/v2\/product"}],"about":[{"href":"https:\/\/megapets.eu\/fr\/wp-json\/wp\/v2\/types\/product"}],"wp:featuredmedia":[{"embeddable":true,"href":"https:\/\/megapets.eu\/fr\/wp-json\/wp\/v2\/media\/4427"}],"wp:attachment":[{"href":"https:\/\/megapets.eu\/fr\/wp-json\/wp\/v2\/media?parent=4426"}],"wp:term":[{"taxonomy":"product_cat","embeddable":true,"href":"https:\/\/megapets.eu\/fr\/wp-json\/wp\/v2\/product_cat?post=4426"},{"taxonomy":"product_tag","embeddable":true,"href":"https:\/\/megapets.eu\/fr\/wp-json\/wp\/v2\/product_tag?post=4426"}],"curies":[{"name":"wp","href":"https:\/\/api.w.org\/{rel}","templated":true}]}}