{"id":4512,"date":"2024-10-06T08:36:06","date_gmt":"2024-10-06T08:36:06","guid":{"rendered":"https:\/\/megapets.eu\/non%20class\u00e9\/euphrynichus-bacilliferarachnide-de-terrarium\/"},"modified":"2025-06-03T13:41:54","modified_gmt":"2025-06-03T13:41:54","slug":"euphrynichus-bacilliferarachnide-de-terrarium","status":"publish","type":"product","link":"https:\/\/megapets.eu\/fr\/autre\/euphrynichus-bacilliferarachnide-de-terrarium\/","title":{"rendered":"Euphrynichus bacillifer<br \/>Arachnide de terrarium"},"content":{"rendered":"<p class=\"v1v1v1v1MsoNormal\"><span style=\"color: #424242;\"><strong><em><span style=\"font-size: 15px;\">Amblypygi : Euphrynichus bacillifer species.<\/span><\/em><\/strong><\/span><\/p>\n<p><strong style=\"color: #424242;\"><em><span style=\"font-size: 15px;\"><strong><span class=\"x1xsqp64 xiy17q3 x1o6pynw x19co3pv xdj266r xcwd3tp xat24cr x39eecv x2b8uid\" data-testid=\"emoji\"><span class=\"xexx8yu xn5pp95 x18d9i69 x2fxd7x x3jgonx x1bhl96m\"><br \/>\n<img decoding=\"async\" src=\"https:\/\/static.xx.fbcdn.net\/images\/emoji.php\/v9\/tba\/1\/16\/1f54a.png\" alt=\"\ud83d\udd4a\" \/><img decoding=\"async\" src=\"https:\/\/static.xx.fbcdn.net\/images\/emoji.php\/v9\/t1e\/1\/16\/1f33f.png\" alt=\"\ud83c\udf3f\" \/><img decoding=\"async\" src=\"https:\/\/static.xx.fbcdn.net\/images\/emoji.php\/v9\/tba\/1\/16\/1f54a.png\" alt=\"\ud83d\udd4a\" \/><img decoding=\"async\" src=\"https:\/\/static.xx.fbcdn.net\/images\/emoji.php\/v9\/t1e\/1\/16\/1f33f.png\" alt=\"\ud83c\udf3f\" \/><img decoding=\"async\" src=\"https:\/\/static.xx.fbcdn.net\/images\/emoji.php\/v9\/tba\/1\/16\/1f54a.png\" alt=\"\ud83d\udd4a\" \/>Les Amblypygi Euphrynichus bacillifer ne sont pas des animaux venimeux, ils sont doux et faciles \u00e0 garder, recommand\u00e9s pour les d\u00e9butants. Les arachnides \ud83d\udd77\ud83d\udd78 de l&rsquo;esp\u00e8ce Euphrynichus bacillifer atteignent la taille d&rsquo;une main\ud83d\udda4. <\/span><\/span><\/strong><\/span><\/em><\/strong><\/p>\n<p><strong style=\"color: #424242;\"><em><span style=\"font-size: 15px;\"><strong><span class=\"x1xsqp64 xiy17q3 x1o6pynw x19co3pv xdj266r xcwd3tp xat24cr x39eecv x2b8uid\" data-testid=\"emoji\"><span class=\"xexx8yu xn5pp95 x18d9i69 x2fxd7x x3jgonx x1bhl96m\"><span style=\"font-size: 15px; color: #424242;\"><span style=\"color: #424242;\">\ud83d\udd77\ud83d\udd78\u2764\ufe0f<\/span><\/span><span style=\"font-size: 15px; color: #424242;\"><span style=\"color: #424242;\"> <\/span><\/span>Tu cherches quelque chose de sympa \u00e0 \u00e9lever pour commencer ? Les amblypygi (Phrynus) sont des animaux \u00e9tonnants qui atteignent des tailles \u00e9normes, jusqu&rsquo;\u00e0 la taille de la paume de ta main. Euphrynichus bacillifer diff\u00e8re des autres esp\u00e8ces d&rsquo;amblypyg en ce sens qu&rsquo;il est tr\u00e8s facile \u00e0 \u00e9lever et qu&rsquo;il est recommand\u00e9 aux d\u00e9butants. Ce type d&rsquo;amblypyg se distingue par son comportement tr\u00e8s calme et harmonieux. Il adopte rarement une attitude d\u00e9fensive et ne s&rsquo;attaque pas \u00e0 sa propre esp\u00e8ce, pr\u00e9f\u00e9rant les grillons et les cafards. Cette esp\u00e8ce subit la mue sans probl\u00e8me et se reproduit en captivit\u00e9. Elle grandit rapidement et fait plaisir \u00e0 ses propri\u00e9taires.<\/span><\/span><\/strong><\/span><\/em><\/strong><\/p>\n<p><strong style=\"color: #424242;\"><em><span style=\"font-size: 15px;\"><strong><span class=\"x1xsqp64 xiy17q3 x1o6pynw x19co3pv xdj266r xcwd3tp xat24cr x39eecv x2b8uid\" data-testid=\"emoji\"><span class=\"xexx8yu xn5pp95 x18d9i69 x2fxd7x x3jgonx x1bhl96m\"><img decoding=\"async\" src=\"https:\/\/static.xx.fbcdn.net\/images\/emoji.php\/v9\/t50\/1\/16\/1f525.png\" alt=\"\ud83d\udd25\" \/><img decoding=\"async\" src=\"https:\/\/static.xx.fbcdn.net\/images\/emoji.php\/v9\/t50\/1\/16\/1f525.png\" alt=\"\ud83d\udd25\" \/><img decoding=\"async\" src=\"https:\/\/static.xx.fbcdn.net\/images\/emoji.php\/v9\/t50\/1\/16\/1f525.png\" alt=\"\ud83d\udd25\" \/> C&rsquo;est un animal de compagnie tr\u00e8s populaire que tu connais peut-\u00eatre gr\u00e2ce au quatri\u00e8me volet de Harry Potter <img decoding=\"async\" src=\"https:\/\/static.xx.fbcdn.net\/images\/emoji.php\/v9\/t50\/1\/16\/1f525.png\" alt=\"\ud83d\udd25\" \/><img decoding=\"async\" src=\"https:\/\/static.xx.fbcdn.net\/images\/emoji.php\/v9\/t50\/1\/16\/1f525.png\" alt=\"\ud83d\udd25\" \/><img decoding=\"async\" src=\"https:\/\/static.xx.fbcdn.net\/images\/emoji.php\/v9\/t50\/1\/16\/1f525.png\" alt=\"\ud83d\udd25\" \/>.<\/span><\/span><\/strong><\/span><\/em><\/strong><\/p>\n<p><strong style=\"color: #424242;\"><strong><em><span style=\"font-size: 15px; color: #424242;\"><span style=\"font-size: 15px;\"><span class=\"x1xsqp64 xiy17q3 x1o6pynw x19co3pv xdj266r xcwd3tp xat24cr x39eecv x2b8uid\" data-testid=\"emoji\"><span class=\"xexx8yu xn5pp95 x18d9i69 x2fxd7x x3jgonx x1bhl96m\"><span style=\"color: #424242;\">\u2764\ufe0f\ud83e\udde1\u2764\ufe0f <\/span><\/span><\/span><\/span>Tu cherches quelque chose d&rsquo;amusant \u00e0 \u00e9lever pour commencer ? Les queues-de-saut sont des cr\u00e9atures magnifiques et faciles \u00e0 garder, tout \u00e0 fait s\u00fbres pour les humains et qui ne mordent pas. Ils ont des m\u00e2choires faibles qui sont adapt\u00e9es au d\u00e9chiquetage de la mati\u00e8re v\u00e9g\u00e9tale. Les queues-de-saut pr\u00e9f\u00e8rent les endroits humides, vivent dans la couche sup\u00e9rieure du substrat et se nourrissent de feuilles, d&rsquo;un substrat \u00e0 plusieurs composants con\u00e7u pour l&rsquo;\u00e9levage des crocodiles, ainsi que de l\u00e9gumes et de fruits.<\/span><\/em><\/strong><\/strong><\/p>\n<p class=\"v1v1v1v1MsoNormal\"><span style=\"color: #424242;\"><strong><em><span style=\"font-size: 15px;\"><span class=\"x1xsqp64 xiy17q3 x1o6pynw x19co3pv xdj266r xcwd3tp xat24cr x39eecv x2b8uid\" data-testid=\"emoji\"><span class=\"xexx8yu xn5pp95 x18d9i69 x2fxd7x x3jgonx x1bhl96m\"><img decoding=\"async\" src=\"https:\/\/static.xx.fbcdn.net\/images\/emoji.php\/v9\/t1e\/1\/16\/1f33f.png\" alt=\"\ud83c\udf3f\" \/> <\/span><\/span>Tout ce dont un tel animal a besoin pour r\u00e9ussir son d\u00e9veloppement et sa vie dans un terrarium est :<\/span><\/em><\/strong><\/span><\/p>\n<p class=\"v1v1v1v1MsoNormal\"><span style=\"color: #008000;\"><strong><em><span style=\"font-size: 15px;\">* \u00c9corce de ch\u00eane-li\u00e8ge. L&rsquo;animal passe la plus grande partie de sa vie sur l&rsquo;\u00e9corce, subit la mue, se nourrit et utilise un endroit ombrag\u00e9 comme cachette.<\/span><\/em><\/strong><\/span><\/p>\n<p class=\"v1v1v1v1MsoNormal\"><span style=\"color: #008000;\"><strong><em><span style=\"font-size: 15px;\">* Temp\u00e9rature ambiante recommand\u00e9e 22-26 \u00b0C, humidit\u00e9 \u00e0 70 %. <\/span><\/em><\/strong><\/span><\/p>\n<p class=\"v1v1v1v1MsoNormal\"><span style=\"color: #008000;\"><strong><em><span style=\"font-size: 15px;\">* Des grillons et des cafards 2 \u00e0 3 fois plus petits qu&rsquo;un arachnide constituent l&rsquo;alimentation de base d&rsquo;un tel animal.<\/span><\/em><\/strong><\/span><\/p>\n<p class=\"v1v1v1v1MsoNormal\"><span style=\"color: #008000;\"><strong><em><span style=\"font-size: 15px;\">* Les amblypides ont besoin d&rsquo;une bonne ventilation, ils ne tol\u00e8rent pas les moisissures et l&rsquo;air stagnant. Le grillage sert uniquement \u00e0 l&rsquo;a\u00e9ration du terrarium ;<\/span><\/em><\/strong><\/span><\/p>\n<p class=\"v1v1v1v1MsoNormal\"><span style=\"color: #008000;\"><strong><em><span style=\"font-size: 15px;\">* La vermiculite est le substrat id\u00e9al pour \u00e9lever ce type d&rsquo;animal. Elle ne succombe pas \u00e0 la moisissure, les h\u00f4tes ind\u00e9sirables n&rsquo;y prennent pas racine et il est facile de maintenir une humidit\u00e9 suffisante.<\/span><\/em><\/strong><\/span><\/p>\n","protected":false},"excerpt":{"rendered":"<ul class=\"product_attributes\">\n<li><strong>Taille cible des individus :<\/strong> <span style=\"color: #000000;\">environ 8 cm<\/span><\/li>\n<li>Juv\u00e9niles offerts : <span style=\"color: #000000;\">2 cm<\/span><\/li>\n<li>Le prix s&rsquo;applique \u00e0 : 1<span style=\"color: #000000;\"> pcs<\/span><\/li>\n<\/ul>\n","protected":false},"featured_media":4516,"template":"","meta":{"_acf_changed":false,"_links_to":"","_links_to_target":""},"product_cat":[116],"product_tag":[],"class_list":{"0":"post-4512","1":"product","2":"type-product","3":"status-publish","4":"has-post-thumbnail","6":"product_cat-autre","8":"first","9":"instock","10":"shipping-taxable","11":"purchasable","12":"product-type-simple"},"acf":[],"yoast_head":"<!-- This site is optimized with the Yoast SEO plugin v24.9 - https:\/\/yoast.com\/wordpress\/plugins\/seo\/ -->\n<title>Euphrynichus bacilliferArachnide de terrarium | MegaPets<\/title>\n<meta name=\"robots\" content=\"index, follow, max-snippet:-1, max-image-preview:large, max-video-preview:-1\" \/>\n<link rel=\"canonical\" href=\"https:\/\/megapets.eu\/fr\/autre\/euphrynichus-bacilliferarachnide-de-terrarium\/\" \/>\n<meta property=\"og:locale\" content=\"fr_FR\" \/>\n<meta property=\"og:type\" content=\"article\" \/>\n<meta property=\"og:title\" content=\"Euphrynichus bacilliferArachnide de terrarium | MegaPets\" \/>\n<meta property=\"og:description\" content=\"Taille cible des individus : environ 8 cm  Juv\u00e9niles offerts : 2 cm  Le prix s&#039;applique \u00e0 : 1 pcs\" \/>\n<meta property=\"og:url\" content=\"https:\/\/megapets.eu\/fr\/autre\/euphrynichus-bacilliferarachnide-de-terrarium\/\" \/>\n<meta property=\"og:site_name\" content=\"MegaPets\" \/>\n<meta property=\"article:publisher\" content=\"https:\/\/www.facebook.com\/MegaPets.eu\/\" \/>\n<meta property=\"article:modified_time\" content=\"2025-06-03T13:41:54+00:00\" \/>\n<meta property=\"og:image\" content=\"https:\/\/megapets.eu\/wp-content\/uploads\/2024\/10\/5-3-1024x683.png\" \/>\n\t<meta property=\"og:image:width\" content=\"1024\" \/>\n\t<meta property=\"og:image:height\" content=\"683\" \/>\n\t<meta property=\"og:image:type\" content=\"image\/png\" \/>\n<meta name=\"twitter:card\" content=\"summary_large_image\" \/>\n<meta name=\"twitter:label1\" content=\"Dur\u00e9e de lecture estim\u00e9e\" \/>\n\t<meta name=\"twitter:data1\" content=\"2 minutes\" \/>\n<script type=\"application\/ld+json\" class=\"yoast-schema-graph\">{\"@context\":\"https:\/\/schema.org\",\"@graph\":[{\"@type\":\"WebPage\",\"@id\":\"https:\/\/megapets.eu\/fr\/autre\/euphrynichus-bacilliferarachnide-de-terrarium\/\",\"url\":\"https:\/\/megapets.eu\/fr\/autre\/euphrynichus-bacilliferarachnide-de-terrarium\/\",\"name\":\"Euphrynichus bacillifer Arachnide de terrarium | MegaPets\",\"isPartOf\":{\"@id\":\"https:\/\/megapets.eu\/fr\/#website\"},\"primaryImageOfPage\":{\"@id\":\"https:\/\/megapets.eu\/fr\/autre\/euphrynichus-bacilliferarachnide-de-terrarium\/#primaryimage\"},\"image\":{\"@id\":\"https:\/\/megapets.eu\/fr\/autre\/euphrynichus-bacilliferarachnide-de-terrarium\/#primaryimage\"},\"thumbnailUrl\":\"https:\/\/megapets.eu\/wp-content\/uploads\/2024\/10\/5-3.png\",\"datePublished\":\"2024-10-06T08:36:06+00:00\",\"dateModified\":\"2025-06-03T13:41:54+00:00\",\"breadcrumb\":{\"@id\":\"https:\/\/megapets.eu\/fr\/autre\/euphrynichus-bacilliferarachnide-de-terrarium\/#breadcrumb\"},\"inLanguage\":\"fr-FR\",\"potentialAction\":[{\"@type\":\"ReadAction\",\"target\":[\"https:\/\/megapets.eu\/fr\/autre\/euphrynichus-bacilliferarachnide-de-terrarium\/\"]}]},{\"@type\":\"ImageObject\",\"inLanguage\":\"fr-FR\",\"@id\":\"https:\/\/megapets.eu\/fr\/autre\/euphrynichus-bacilliferarachnide-de-terrarium\/#primaryimage\",\"url\":\"https:\/\/megapets.eu\/wp-content\/uploads\/2024\/10\/5-3.png\",\"contentUrl\":\"https:\/\/megapets.eu\/wp-content\/uploads\/2024\/10\/5-3.png\",\"width\":3390,\"height\":2260},{\"@type\":\"BreadcrumbList\",\"@id\":\"https:\/\/megapets.eu\/fr\/autre\/euphrynichus-bacilliferarachnide-de-terrarium\/#breadcrumb\",\"itemListElement\":[{\"@type\":\"ListItem\",\"position\":1,\"name\":\"Strona g\u0142\u00f3wna\",\"item\":\"https:\/\/megapets.eu\/fr\/accueil\/\"},{\"@type\":\"ListItem\",\"position\":2,\"name\":\"Boutique\",\"item\":\"https:\/\/megapets.eu\/boutique\/\"},{\"@type\":\"ListItem\",\"position\":3,\"name\":\"Euphrynichus bacilliferArachnide de terrarium\"}]},{\"@type\":\"WebSite\",\"@id\":\"https:\/\/megapets.eu\/fr\/#website\",\"url\":\"https:\/\/megapets.eu\/fr\/\",\"name\":\"Mega Pets\",\"description\":\"Jedna z najwi\u0119kszych hodowli \u015blimak\u00f3w w Europie\",\"publisher\":{\"@id\":\"https:\/\/megapets.eu\/fr\/#organization\"},\"alternateName\":\"Mega Pets\",\"potentialAction\":[{\"@type\":\"SearchAction\",\"target\":{\"@type\":\"EntryPoint\",\"urlTemplate\":\"https:\/\/megapets.eu\/fr\/?s={search_term_string}\"},\"query-input\":{\"@type\":\"PropertyValueSpecification\",\"valueRequired\":true,\"valueName\":\"search_term_string\"}}],\"inLanguage\":\"fr-FR\"},{\"@type\":\"Organization\",\"@id\":\"https:\/\/megapets.eu\/fr\/#organization\",\"name\":\"Mega Pets\",\"url\":\"https:\/\/megapets.eu\/fr\/\",\"logo\":{\"@type\":\"ImageObject\",\"inLanguage\":\"fr-FR\",\"@id\":\"https:\/\/megapets.eu\/fr\/#\/schema\/logo\/image\/\",\"url\":\"https:\/\/megapets.eu\/wp-content\/uploads\/2025\/04\/megapets_eu-logo.png\",\"contentUrl\":\"https:\/\/megapets.eu\/wp-content\/uploads\/2025\/04\/megapets_eu-logo.png\",\"width\":2362,\"height\":2362,\"caption\":\"Mega Pets\"},\"image\":{\"@id\":\"https:\/\/megapets.eu\/fr\/#\/schema\/logo\/image\/\"},\"sameAs\":[\"https:\/\/www.facebook.com\/MegaPets.eu\/\"]}]}<\/script>\n<!-- \/ Yoast SEO plugin. -->","yoast_head_json":{"title":"Euphrynichus bacilliferArachnide de terrarium | MegaPets","robots":{"index":"index","follow":"follow","max-snippet":"max-snippet:-1","max-image-preview":"max-image-preview:large","max-video-preview":"max-video-preview:-1"},"canonical":"https:\/\/megapets.eu\/fr\/autre\/euphrynichus-bacilliferarachnide-de-terrarium\/","og_locale":"fr_FR","og_type":"article","og_title":"Euphrynichus bacilliferArachnide de terrarium | MegaPets","og_description":"Taille cible des individus : environ 8 cm  Juv\u00e9niles offerts : 2 cm  Le prix s'applique \u00e0 : 1 pcs","og_url":"https:\/\/megapets.eu\/fr\/autre\/euphrynichus-bacilliferarachnide-de-terrarium\/","og_site_name":"MegaPets","article_publisher":"https:\/\/www.facebook.com\/MegaPets.eu\/","article_modified_time":"2025-06-03T13:41:54+00:00","og_image":[{"width":1024,"height":683,"url":"https:\/\/megapets.eu\/wp-content\/uploads\/2024\/10\/5-3-1024x683.png","type":"image\/png"}],"twitter_card":"summary_large_image","twitter_misc":{"Dur\u00e9e de lecture estim\u00e9e":"2 minutes"},"schema":{"@context":"https:\/\/schema.org","@graph":[{"@type":"WebPage","@id":"https:\/\/megapets.eu\/fr\/autre\/euphrynichus-bacilliferarachnide-de-terrarium\/","url":"https:\/\/megapets.eu\/fr\/autre\/euphrynichus-bacilliferarachnide-de-terrarium\/","name":"Euphrynichus bacillifer Arachnide de terrarium | MegaPets","isPartOf":{"@id":"https:\/\/megapets.eu\/fr\/#website"},"primaryImageOfPage":{"@id":"https:\/\/megapets.eu\/fr\/autre\/euphrynichus-bacilliferarachnide-de-terrarium\/#primaryimage"},"image":{"@id":"https:\/\/megapets.eu\/fr\/autre\/euphrynichus-bacilliferarachnide-de-terrarium\/#primaryimage"},"thumbnailUrl":"https:\/\/megapets.eu\/wp-content\/uploads\/2024\/10\/5-3.png","datePublished":"2024-10-06T08:36:06+00:00","dateModified":"2025-06-03T13:41:54+00:00","breadcrumb":{"@id":"https:\/\/megapets.eu\/fr\/autre\/euphrynichus-bacilliferarachnide-de-terrarium\/#breadcrumb"},"inLanguage":"fr-FR","potentialAction":[{"@type":"ReadAction","target":["https:\/\/megapets.eu\/fr\/autre\/euphrynichus-bacilliferarachnide-de-terrarium\/"]}]},{"@type":"ImageObject","inLanguage":"fr-FR","@id":"https:\/\/megapets.eu\/fr\/autre\/euphrynichus-bacilliferarachnide-de-terrarium\/#primaryimage","url":"https:\/\/megapets.eu\/wp-content\/uploads\/2024\/10\/5-3.png","contentUrl":"https:\/\/megapets.eu\/wp-content\/uploads\/2024\/10\/5-3.png","width":3390,"height":2260},{"@type":"BreadcrumbList","@id":"https:\/\/megapets.eu\/fr\/autre\/euphrynichus-bacilliferarachnide-de-terrarium\/#breadcrumb","itemListElement":[{"@type":"ListItem","position":1,"name":"Strona g\u0142\u00f3wna","item":"https:\/\/megapets.eu\/fr\/accueil\/"},{"@type":"ListItem","position":2,"name":"Boutique","item":"https:\/\/megapets.eu\/boutique\/"},{"@type":"ListItem","position":3,"name":"Euphrynichus bacilliferArachnide de terrarium"}]},{"@type":"WebSite","@id":"https:\/\/megapets.eu\/fr\/#website","url":"https:\/\/megapets.eu\/fr\/","name":"Mega Pets","description":"Jedna z najwi\u0119kszych hodowli \u015blimak\u00f3w w Europie","publisher":{"@id":"https:\/\/megapets.eu\/fr\/#organization"},"alternateName":"Mega Pets","potentialAction":[{"@type":"SearchAction","target":{"@type":"EntryPoint","urlTemplate":"https:\/\/megapets.eu\/fr\/?s={search_term_string}"},"query-input":{"@type":"PropertyValueSpecification","valueRequired":true,"valueName":"search_term_string"}}],"inLanguage":"fr-FR"},{"@type":"Organization","@id":"https:\/\/megapets.eu\/fr\/#organization","name":"Mega Pets","url":"https:\/\/megapets.eu\/fr\/","logo":{"@type":"ImageObject","inLanguage":"fr-FR","@id":"https:\/\/megapets.eu\/fr\/#\/schema\/logo\/image\/","url":"https:\/\/megapets.eu\/wp-content\/uploads\/2025\/04\/megapets_eu-logo.png","contentUrl":"https:\/\/megapets.eu\/wp-content\/uploads\/2025\/04\/megapets_eu-logo.png","width":2362,"height":2362,"caption":"Mega Pets"},"image":{"@id":"https:\/\/megapets.eu\/fr\/#\/schema\/logo\/image\/"},"sameAs":["https:\/\/www.facebook.com\/MegaPets.eu\/"]}]}},"_links":{"self":[{"href":"https:\/\/megapets.eu\/fr\/wp-json\/wp\/v2\/product\/4512","targetHints":{"allow":["GET"]}}],"collection":[{"href":"https:\/\/megapets.eu\/fr\/wp-json\/wp\/v2\/product"}],"about":[{"href":"https:\/\/megapets.eu\/fr\/wp-json\/wp\/v2\/types\/product"}],"wp:featuredmedia":[{"embeddable":true,"href":"https:\/\/megapets.eu\/fr\/wp-json\/wp\/v2\/media\/4516"}],"wp:attachment":[{"href":"https:\/\/megapets.eu\/fr\/wp-json\/wp\/v2\/media?parent=4512"}],"wp:term":[{"taxonomy":"product_cat","embeddable":true,"href":"https:\/\/megapets.eu\/fr\/wp-json\/wp\/v2\/product_cat?post=4512"},{"taxonomy":"product_tag","embeddable":true,"href":"https:\/\/megapets.eu\/fr\/wp-json\/wp\/v2\/product_tag?post=4512"}],"curies":[{"name":"wp","href":"https:\/\/api.w.org\/{rel}","templated":true}]}}