{"id":4519,"date":"2024-10-09T06:52:09","date_gmt":"2024-10-09T06:52:09","guid":{"rendered":"https:\/\/megapets.eu\/non%20class\u00e9\/anadenobolus-monilicorniscrocodile-ressemblant-a-une-abeille\/"},"modified":"2025-08-13T14:59:39","modified_gmt":"2025-08-13T14:59:39","slug":"anadenobolus-monilicorniscrocodile-ressemblant-a-une-abeille","status":"publish","type":"product","link":"https:\/\/megapets.eu\/fr\/miriapodes-fr\/anadenobolus-monilicorniscrocodile-ressemblant-a-une-abeille\/","title":{"rendered":"Anadenobolus monilicornis<br>\u00ab&nbsp;Mille-pattes, ressemblant \u00e0 une abeille&nbsp;\u00bb"},"content":{"rendered":"<p class=\"v1v1v1v1MsoNormal\"><span style=\"color: #d94890;\"><strong><em><span style=\"font-size: 15px;\"><span style=\"color: #ff0000;\"><span style=\"color: #424242;\">Esp\u00e8ce&nbsp;: <\/span><\/span><\/span><\/em><\/strong><\/span><strong><em><span style=\"font-size: 15px;\">Anadenobolus monilicornis<\/span><\/em><\/strong> <span style=\"color: #d94890;\"><strong><em><span style=\"font-size: 15px;\"><span style=\"color: #ff0000;\"><span style=\"color: #424242;\">\u00ab&nbsp;Mille-pattes, semblable \u00e0 une abeille&nbsp;\u00bb.<\/span><\/span><\/span><\/em><\/strong><\/span><\/p>\n<p><span style=\"color: #d94890;\"><strong><em><span style=\"font-size: 15px;\"><span style=\"color: #ff0000;\"><span style=\"color: #000000;\"><span style=\"color: #424242;\"><img decoding=\"async\" src=\"https:\/\/static.xx.fbcdn.net\/images\/emoji.php\/v9\/t1f\/1\/16\/1f41d.png\" alt=\"\ud83d\udc1d\"> <\/span>A<span style=\"color: #ffcc00;\">n<\/span>a<span style=\"color: #ffcc00;\">d<\/span>e<span style=\"color: #ffcc00;\">n<\/span>o<span style=\"color: #ffcc00;\">b<\/span>o<span style=\"color: #ffcc00;\">l<\/span>u<span style=\"color: #ff9900;\"><span style=\"color: #ffcc00;\">s<\/span> <span style=\"color: #424242;\"><img decoding=\"async\" src=\"https:\/\/static.xx.fbcdn.net\/images\/emoji.php\/v9\/t1f\/1\/16\/1f41d.png\" alt=\"\ud83d\udc1d\"><\/span><\/span> m<span style=\"color: #ffcc00;\">o<\/span>n<span style=\"color: #ffcc00;\">i<\/span>l<span style=\"color: #ffcc00;\">i<\/span>c<span style=\"color: #ffcc00;\">o<\/span>r<span style=\"color: #ffcc00;\">n<\/span>i<span style=\"color: #ffcc00;\">s<\/span><\/span> <span style=\"color: #424242;\"><img decoding=\"async\" src=\"https:\/\/static.xx.fbcdn.net\/images\/emoji.php\/v9\/t1f\/1\/16\/1f41d.png\" alt=\"\ud83d\udc1d\"> <\/span><span style=\"color: #424242;\">\u00ab Mille-pattes\ud83d\udc9b, ressemblant \u00e0\ud83d\udda4 une <img decoding=\"async\" src=\"https:\/\/static.xx.fbcdn.net\/images\/emoji.php\/v9\/t1f\/1\/16\/1f41d.png\" alt=\"\ud83d\udc1d\">abeille. \u00bb Faciles \u00e0 entretenir, ils sont donc parfaits pour les d\u00e9butants.<\/span><\/span><\/span><\/em><\/strong><\/span><\/p>\n<p>&nbsp;<\/p>\n<p><span style=\"color: #424242;\"><strong><em><span style=\"font-size: 15px;\"><strong style=\"color: #424242;\"><span style=\"color: #d94890;\"><span style=\"color: #ff0000;\">\ud83d\udc9b\ud83d\udda4\ud83d\udc9b<\/span><\/span> Vous cherchez quelque chose d\u2019amusant \u00e0 \u00e9lever pour commencer ?  <\/strong><span style=\"color: #ff9900;\">Les mille-pattes Anadenobolus monilicornis sont des cr\u00e9atures magnifiques et faciles \u00e0 entretenir, totalement sans danger pour les humains, ils ne mordent pas. Ils ont des m\u00e2choires faibles qui sont adapt\u00e9es pour \u00e9craser les mati\u00e8res v\u00e9g\u00e9tales. Les mille-pattes pr\u00e9f\u00e8rent les endroits humides, vivent dans la couche sup\u00e9rieure du substrat et se nourrissent de feuilles, substrat \u00e0 plusieurs composants destin\u00e9 \u00e0 l\u2019\u00e9levage des mille-pattes, ainsi que de l\u00e9gumes et de fruits. Anadenobolus monilicornis est un mille-pattes tr\u00e8s joliment color\u00e9, ressemblant \u00e0 une abeille, atteignant environ 7 cm de long. Une esp\u00e8ce facile \u00e0 entretenir et \u00e0 croissance rapide.     <\/span><\/span><\/em><\/strong><\/span><\/p>\n<p>&nbsp;<\/p>\n<p class=\"v1v1v1v1MsoNormal\"><span style=\"color: #424242;\"><strong><em><span style=\"font-size: 15px;\"><span class=\"x1xsqp64 xiy17q3 x1o6pynw x19co3pv xdj266r xcwd3tp xat24cr x39eecv x2b8uid\" data-testid=\"emoji\"><span class=\"xexx8yu xn5pp95 x18d9i69 x2fxd7x x3jgonx x1bhl96m\">\ud83c\udf3f <\/span><\/span><span style=\"color: #424242;\">Tout ce dont un tel animal a besoin pour r\u00e9ussir \u00e0 se d\u00e9velopper et \u00e0 vivre dans un terrarium est :<\/span><\/span><\/em><\/strong><\/span><\/p>\n<p class=\"v1v1v1v1MsoNormal\"><span style=\"color: #008000;\"><strong><em><span style=\"font-size: 15px;\">* Substrat \/ nourriture : Substrat pour l\u2019\u00e9levage de mille-pattes et de myrip\u00e8des (disponible sur notre autre cri\u00e9e) ;<\/span><\/em><\/strong><\/span><\/p>\n<p class=\"v1v1v1v1MsoNormal\"><span style=\"color: #008000;\"><strong><em><span style=\"font-size: 15px;\">* Superaliment : L\u00e9gumes et fruits frais ;<\/span><\/em><\/strong><\/span><\/p>\n<p class=\"v1v1v1v1MsoNormal\"><span style=\"color: #008000;\"><strong><em><span style=\"font-size: 15px;\">* Nourriture&nbsp;: Le gammare moulu est un gammare s\u00e9ch\u00e9, riche en macro et micro-\u00e9l\u00e9ments, une source naturelle de prot\u00e9ines animales et de chitine (disponible sur notre autre vente aux ench\u00e8res)&nbsp;;<\/span><\/em><\/strong><\/span><\/p>\n<p class=\"v1v1v1v1MsoNormal\"><span style=\"color: #008000;\"><strong><em><span style=\"font-size: 15px;\">* Terrarium : Faunabox est id\u00e9al pour l\u2019\u00e9levage de mille-pattes et de mille-pattes (disponible sur notre autre ench\u00e8re) ;<\/span><\/em><\/strong><\/span><\/p>\n<p class=\"v1v1v1v1MsoNormal\"><span style=\"color: #008000;\"><strong><em><span style=\"font-size: 15px;\">* Temp\u00e9rature recommand\u00e9e 22-26 \u00b0C et humidit\u00e9 d\u2019environ 70 % (ne pas laisser le substrat se dess\u00e9cher, vaporiser le terrarium tous les 2-3 jours).<\/span><\/em><\/strong><\/span><\/p>\n","protected":false},"excerpt":{"rendered":"<ul class=\"product_attributes\">\n<li><span style=\"color: #555555;\">Taille cible :<\/span> environ 7 cm<\/li>\n<li><span style=\"color: #555555;\">Offert juv\u00e9nile :<\/span> env. 3-4 cm <\/li>\n<li><span style=\"color: #555555;\">Le prix s\u2019applique \u00e0 :<\/span> 1 pi\u00e8ce<\/li>\n<\/ul>\n","protected":false},"featured_media":4520,"template":"","meta":{"_acf_changed":false,"_links_to":"","_links_to_target":""},"product_cat":[108],"product_tag":[],"class_list":{"0":"post-4519","1":"product","2":"type-product","3":"status-publish","4":"has-post-thumbnail","6":"product_cat-miriapodes-fr","8":"first","9":"outofstock","10":"shipping-taxable","11":"purchasable","12":"product-type-simple"},"acf":[],"yoast_head":"<!-- This site is optimized with the Yoast SEO plugin v24.9 - https:\/\/yoast.com\/wordpress\/plugins\/seo\/ -->\n<title>Anadenobolus monilicornis\u00ab&nbsp;Mille-pattes, ressemblant \u00e0 une abeille&nbsp;\u00bb | MegaPets<\/title>\n<meta name=\"robots\" content=\"index, follow, max-snippet:-1, max-image-preview:large, max-video-preview:-1\" \/>\n<link rel=\"canonical\" href=\"https:\/\/megapets.eu\/fr\/miriapodes-fr\/anadenobolus-monilicorniscrocodile-ressemblant-a-une-abeille\/\" \/>\n<meta property=\"og:locale\" content=\"fr_FR\" \/>\n<meta property=\"og:type\" content=\"article\" \/>\n<meta property=\"og:title\" content=\"Anadenobolus monilicornis\u00ab&nbsp;Mille-pattes, ressemblant \u00e0 une abeille&nbsp;\u00bb | MegaPets\" \/>\n<meta property=\"og:description\" content=\"Taille cible : environ 7 cm  Offert juv\u00e9nile : env. 3-4 cm  Le prix s\u2019applique \u00e0 : 1 pi\u00e8ce\" \/>\n<meta property=\"og:url\" content=\"https:\/\/megapets.eu\/fr\/miriapodes-fr\/anadenobolus-monilicorniscrocodile-ressemblant-a-une-abeille\/\" \/>\n<meta property=\"og:site_name\" content=\"MegaPets\" \/>\n<meta property=\"article:publisher\" content=\"https:\/\/www.facebook.com\/MegaPets.eu\/\" \/>\n<meta property=\"article:modified_time\" content=\"2025-08-13T14:59:39+00:00\" \/>\n<meta property=\"og:image\" content=\"https:\/\/megapets.eu\/wp-content\/uploads\/2024\/10\/0603201-1024x683.png\" \/>\n\t<meta property=\"og:image:width\" content=\"1024\" \/>\n\t<meta property=\"og:image:height\" content=\"683\" \/>\n\t<meta property=\"og:image:type\" content=\"image\/png\" \/>\n<meta name=\"twitter:card\" content=\"summary_large_image\" \/>\n<meta name=\"twitter:label1\" content=\"Dur\u00e9e de lecture estim\u00e9e\" \/>\n\t<meta name=\"twitter:data1\" content=\"1 minute\" \/>\n<script type=\"application\/ld+json\" class=\"yoast-schema-graph\">{\"@context\":\"https:\/\/schema.org\",\"@graph\":[{\"@type\":\"WebPage\",\"@id\":\"https:\/\/megapets.eu\/fr\/miriapodes-fr\/anadenobolus-monilicorniscrocodile-ressemblant-a-une-abeille\/\",\"url\":\"https:\/\/megapets.eu\/fr\/miriapodes-fr\/anadenobolus-monilicorniscrocodile-ressemblant-a-une-abeille\/\",\"name\":\"Anadenobolus monilicornis \u00ab&nbsp;Mille-pattes, ressemblant \u00e0 une abeille&nbsp;\u00bb | MegaPets\",\"isPartOf\":{\"@id\":\"https:\/\/megapets.eu\/fr\/#website\"},\"primaryImageOfPage\":{\"@id\":\"https:\/\/megapets.eu\/fr\/miriapodes-fr\/anadenobolus-monilicorniscrocodile-ressemblant-a-une-abeille\/#primaryimage\"},\"image\":{\"@id\":\"https:\/\/megapets.eu\/fr\/miriapodes-fr\/anadenobolus-monilicorniscrocodile-ressemblant-a-une-abeille\/#primaryimage\"},\"thumbnailUrl\":\"https:\/\/megapets.eu\/wp-content\/uploads\/2024\/10\/0603201.png\",\"datePublished\":\"2024-10-09T06:52:09+00:00\",\"dateModified\":\"2025-08-13T14:59:39+00:00\",\"breadcrumb\":{\"@id\":\"https:\/\/megapets.eu\/fr\/miriapodes-fr\/anadenobolus-monilicorniscrocodile-ressemblant-a-une-abeille\/#breadcrumb\"},\"inLanguage\":\"fr-FR\",\"potentialAction\":[{\"@type\":\"ReadAction\",\"target\":[\"https:\/\/megapets.eu\/fr\/miriapodes-fr\/anadenobolus-monilicorniscrocodile-ressemblant-a-une-abeille\/\"]}]},{\"@type\":\"ImageObject\",\"inLanguage\":\"fr-FR\",\"@id\":\"https:\/\/megapets.eu\/fr\/miriapodes-fr\/anadenobolus-monilicorniscrocodile-ressemblant-a-une-abeille\/#primaryimage\",\"url\":\"https:\/\/megapets.eu\/wp-content\/uploads\/2024\/10\/0603201.png\",\"contentUrl\":\"https:\/\/megapets.eu\/wp-content\/uploads\/2024\/10\/0603201.png\",\"width\":2741,\"height\":1828},{\"@type\":\"BreadcrumbList\",\"@id\":\"https:\/\/megapets.eu\/fr\/miriapodes-fr\/anadenobolus-monilicorniscrocodile-ressemblant-a-une-abeille\/#breadcrumb\",\"itemListElement\":[{\"@type\":\"ListItem\",\"position\":1,\"name\":\"Strona g\u0142\u00f3wna\",\"item\":\"https:\/\/megapets.eu\/fr\/accueil\/\"},{\"@type\":\"ListItem\",\"position\":2,\"name\":\"Boutique\",\"item\":\"https:\/\/megapets.eu\/boutique\/\"},{\"@type\":\"ListItem\",\"position\":3,\"name\":\"Anadenobolus monilicornis\u00ab&nbsp;Mille-pattes, ressemblant \u00e0 une abeille&nbsp;\u00bb\"}]},{\"@type\":\"WebSite\",\"@id\":\"https:\/\/megapets.eu\/fr\/#website\",\"url\":\"https:\/\/megapets.eu\/fr\/\",\"name\":\"Mega Pets\",\"description\":\"Jedna z najwi\u0119kszych hodowli \u015blimak\u00f3w w Europie\",\"publisher\":{\"@id\":\"https:\/\/megapets.eu\/fr\/#organization\"},\"alternateName\":\"Mega Pets\",\"potentialAction\":[{\"@type\":\"SearchAction\",\"target\":{\"@type\":\"EntryPoint\",\"urlTemplate\":\"https:\/\/megapets.eu\/fr\/?s={search_term_string}\"},\"query-input\":{\"@type\":\"PropertyValueSpecification\",\"valueRequired\":true,\"valueName\":\"search_term_string\"}}],\"inLanguage\":\"fr-FR\"},{\"@type\":\"Organization\",\"@id\":\"https:\/\/megapets.eu\/fr\/#organization\",\"name\":\"Mega Pets\",\"url\":\"https:\/\/megapets.eu\/fr\/\",\"logo\":{\"@type\":\"ImageObject\",\"inLanguage\":\"fr-FR\",\"@id\":\"https:\/\/megapets.eu\/fr\/#\/schema\/logo\/image\/\",\"url\":\"https:\/\/megapets.eu\/wp-content\/uploads\/2025\/04\/megapets_eu-logo.png\",\"contentUrl\":\"https:\/\/megapets.eu\/wp-content\/uploads\/2025\/04\/megapets_eu-logo.png\",\"width\":2362,\"height\":2362,\"caption\":\"Mega Pets\"},\"image\":{\"@id\":\"https:\/\/megapets.eu\/fr\/#\/schema\/logo\/image\/\"},\"sameAs\":[\"https:\/\/www.facebook.com\/MegaPets.eu\/\"]}]}<\/script>\n<!-- \/ Yoast SEO plugin. -->","yoast_head_json":{"title":"Anadenobolus monilicornis\u00ab&nbsp;Mille-pattes, ressemblant \u00e0 une abeille&nbsp;\u00bb | MegaPets","robots":{"index":"index","follow":"follow","max-snippet":"max-snippet:-1","max-image-preview":"max-image-preview:large","max-video-preview":"max-video-preview:-1"},"canonical":"https:\/\/megapets.eu\/fr\/miriapodes-fr\/anadenobolus-monilicorniscrocodile-ressemblant-a-une-abeille\/","og_locale":"fr_FR","og_type":"article","og_title":"Anadenobolus monilicornis\u00ab&nbsp;Mille-pattes, ressemblant \u00e0 une abeille&nbsp;\u00bb | MegaPets","og_description":"Taille cible : environ 7 cm  Offert juv\u00e9nile : env. 3-4 cm  Le prix s\u2019applique \u00e0 : 1 pi\u00e8ce","og_url":"https:\/\/megapets.eu\/fr\/miriapodes-fr\/anadenobolus-monilicorniscrocodile-ressemblant-a-une-abeille\/","og_site_name":"MegaPets","article_publisher":"https:\/\/www.facebook.com\/MegaPets.eu\/","article_modified_time":"2025-08-13T14:59:39+00:00","og_image":[{"width":1024,"height":683,"url":"https:\/\/megapets.eu\/wp-content\/uploads\/2024\/10\/0603201-1024x683.png","type":"image\/png"}],"twitter_card":"summary_large_image","twitter_misc":{"Dur\u00e9e de lecture estim\u00e9e":"1 minute"},"schema":{"@context":"https:\/\/schema.org","@graph":[{"@type":"WebPage","@id":"https:\/\/megapets.eu\/fr\/miriapodes-fr\/anadenobolus-monilicorniscrocodile-ressemblant-a-une-abeille\/","url":"https:\/\/megapets.eu\/fr\/miriapodes-fr\/anadenobolus-monilicorniscrocodile-ressemblant-a-une-abeille\/","name":"Anadenobolus monilicornis \u00ab&nbsp;Mille-pattes, ressemblant \u00e0 une abeille&nbsp;\u00bb | MegaPets","isPartOf":{"@id":"https:\/\/megapets.eu\/fr\/#website"},"primaryImageOfPage":{"@id":"https:\/\/megapets.eu\/fr\/miriapodes-fr\/anadenobolus-monilicorniscrocodile-ressemblant-a-une-abeille\/#primaryimage"},"image":{"@id":"https:\/\/megapets.eu\/fr\/miriapodes-fr\/anadenobolus-monilicorniscrocodile-ressemblant-a-une-abeille\/#primaryimage"},"thumbnailUrl":"https:\/\/megapets.eu\/wp-content\/uploads\/2024\/10\/0603201.png","datePublished":"2024-10-09T06:52:09+00:00","dateModified":"2025-08-13T14:59:39+00:00","breadcrumb":{"@id":"https:\/\/megapets.eu\/fr\/miriapodes-fr\/anadenobolus-monilicorniscrocodile-ressemblant-a-une-abeille\/#breadcrumb"},"inLanguage":"fr-FR","potentialAction":[{"@type":"ReadAction","target":["https:\/\/megapets.eu\/fr\/miriapodes-fr\/anadenobolus-monilicorniscrocodile-ressemblant-a-une-abeille\/"]}]},{"@type":"ImageObject","inLanguage":"fr-FR","@id":"https:\/\/megapets.eu\/fr\/miriapodes-fr\/anadenobolus-monilicorniscrocodile-ressemblant-a-une-abeille\/#primaryimage","url":"https:\/\/megapets.eu\/wp-content\/uploads\/2024\/10\/0603201.png","contentUrl":"https:\/\/megapets.eu\/wp-content\/uploads\/2024\/10\/0603201.png","width":2741,"height":1828},{"@type":"BreadcrumbList","@id":"https:\/\/megapets.eu\/fr\/miriapodes-fr\/anadenobolus-monilicorniscrocodile-ressemblant-a-une-abeille\/#breadcrumb","itemListElement":[{"@type":"ListItem","position":1,"name":"Strona g\u0142\u00f3wna","item":"https:\/\/megapets.eu\/fr\/accueil\/"},{"@type":"ListItem","position":2,"name":"Boutique","item":"https:\/\/megapets.eu\/boutique\/"},{"@type":"ListItem","position":3,"name":"Anadenobolus monilicornis\u00ab&nbsp;Mille-pattes, ressemblant \u00e0 une abeille&nbsp;\u00bb"}]},{"@type":"WebSite","@id":"https:\/\/megapets.eu\/fr\/#website","url":"https:\/\/megapets.eu\/fr\/","name":"Mega Pets","description":"Jedna z najwi\u0119kszych hodowli \u015blimak\u00f3w w Europie","publisher":{"@id":"https:\/\/megapets.eu\/fr\/#organization"},"alternateName":"Mega Pets","potentialAction":[{"@type":"SearchAction","target":{"@type":"EntryPoint","urlTemplate":"https:\/\/megapets.eu\/fr\/?s={search_term_string}"},"query-input":{"@type":"PropertyValueSpecification","valueRequired":true,"valueName":"search_term_string"}}],"inLanguage":"fr-FR"},{"@type":"Organization","@id":"https:\/\/megapets.eu\/fr\/#organization","name":"Mega Pets","url":"https:\/\/megapets.eu\/fr\/","logo":{"@type":"ImageObject","inLanguage":"fr-FR","@id":"https:\/\/megapets.eu\/fr\/#\/schema\/logo\/image\/","url":"https:\/\/megapets.eu\/wp-content\/uploads\/2025\/04\/megapets_eu-logo.png","contentUrl":"https:\/\/megapets.eu\/wp-content\/uploads\/2025\/04\/megapets_eu-logo.png","width":2362,"height":2362,"caption":"Mega Pets"},"image":{"@id":"https:\/\/megapets.eu\/fr\/#\/schema\/logo\/image\/"},"sameAs":["https:\/\/www.facebook.com\/MegaPets.eu\/"]}]}},"_links":{"self":[{"href":"https:\/\/megapets.eu\/fr\/wp-json\/wp\/v2\/product\/4519","targetHints":{"allow":["GET"]}}],"collection":[{"href":"https:\/\/megapets.eu\/fr\/wp-json\/wp\/v2\/product"}],"about":[{"href":"https:\/\/megapets.eu\/fr\/wp-json\/wp\/v2\/types\/product"}],"wp:featuredmedia":[{"embeddable":true,"href":"https:\/\/megapets.eu\/fr\/wp-json\/wp\/v2\/media\/4520"}],"wp:attachment":[{"href":"https:\/\/megapets.eu\/fr\/wp-json\/wp\/v2\/media?parent=4519"}],"wp:term":[{"taxonomy":"product_cat","embeddable":true,"href":"https:\/\/megapets.eu\/fr\/wp-json\/wp\/v2\/product_cat?post=4519"},{"taxonomy":"product_tag","embeddable":true,"href":"https:\/\/megapets.eu\/fr\/wp-json\/wp\/v2\/product_tag?post=4519"}],"curies":[{"name":"wp","href":"https:\/\/api.w.org\/{rel}","templated":true}]}}