{"id":4532,"date":"2024-10-06T07:24:40","date_gmt":"2024-10-06T07:24:40","guid":{"rendered":"https:\/\/megapets.eu\/non%20class\u00e9\/merulanella-sp-amber-bee-abeille-dambre\/"},"modified":"2025-06-03T13:41:54","modified_gmt":"2025-06-03T13:41:54","slug":"merulanella-sp-amber-bee-abeille-dambre","status":"publish","type":"product","link":"https:\/\/megapets.eu\/fr\/isopodes\/merulanella-sp-amber-bee-abeille-dambre\/","title":{"rendered":"Merulanella sp.<br \/>\u00ab\u00a0Amber Bee\u00a0\u00bb (abeille d&rsquo;ambre)"},"content":{"rendered":"<p class=\"v1v1v1v1MsoNormal\"><span style=\"color: #424242;\"><strong><em><span style=\"font-size: 15px;\">Prosions \/ Kulanki : g<\/span><\/em><\/strong><strong><em><span style=\"font-size: 15px;\">atunek Merulanella sp. \u00a0\u00bb Abeille d&rsquo;ambre \u00ab\u00a0.<\/span><\/em><\/strong><\/span><\/p>\n<p><strong style=\"color: #424242;\"><em><span style=\"font-size: 15px;\"><strong><span class=\"x1xsqp64 xiy17q3 x1o6pynw x19co3pv xdj266r xcwd3tp xat24cr x39eecv x2b8uid\" data-testid=\"emoji\"><span class=\"xexx8yu xn5pp95 x18d9i69 x2fxd7x x3jgonx x1bhl96m\">Merulanella sp.<\/span><\/span><\/strong><\/span><\/em><\/strong><strong><em><span style=\"font-size: 15px;\"><span class=\"x1xsqp64 xiy17q3 x1o6pynw x19co3pv xdj266r xcwd3tp xat24cr x39eecv x2b8uid\" data-testid=\"emoji\"><span class=\"xexx8yu xn5pp95 x18d9i69 x2fxd7x x3jgonx x1bhl96m\"> \u00a0\u00bb \ud83d\udc9bA\ud83e\udde1<\/span><\/span><\/span><\/em><em><span style=\"font-size: 15px;\"><span class=\"x1xsqp64 xiy17q3 x1o6pynw x19co3pv xdj266r xcwd3tp xat24cr x39eecv x2b8uid\" data-testid=\"emoji\"><span class=\"xexx8yu xn5pp95 x18d9i69 x2fxd7x x3jgonx x1bhl96m\">M\u2764\ufe0fB\ud83d\udc99E\ud83d\udc9bR <img decoding=\"async\" src=\"https:\/\/static.xx.fbcdn.net\/images\/emoji.php\/v9\/t1f\/1\/16\/1f41d.png\" alt=\"\ud83d\udc1d\" \/>B<img decoding=\"async\" src=\"https:\/\/static.xx.fbcdn.net\/images\/emoji.php\/v9\/t1f\/1\/16\/1f41d.png\" alt=\"\ud83d\udc1d\" \/>E<img decoding=\"async\" src=\"https:\/\/static.xx.fbcdn.net\/images\/emoji.php\/v9\/t1f\/1\/16\/1f41d.png\" alt=\"\ud83d\udc1d\" \/>E<\/span><\/span><\/span><\/em><\/strong><em><span style=\"font-size: 15px;\"><span class=\"x1xsqp64 xiy17q3 x1o6pynw x19co3pv xdj266r xcwd3tp xat24cr x39eecv x2b8uid\" data-testid=\"emoji\"><span class=\"xexx8yu xn5pp95 x18d9i69 x2fxd7x x3jgonx x1bhl96m\"><strong>\u00ab\u00a0<\/strong>,<\/span><\/span><\/span><\/em><strong style=\"color: #424242;\"><em><span style=\"font-size: 15px;\"><strong><span class=\"x1xsqp64 xiy17q3 x1o6pynw x19co3pv xdj266r xcwd3tp xat24cr x39eecv x2b8uid\" data-testid=\"emoji\"><span class=\"xexx8yu xn5pp95 x18d9i69 x2fxd7x x3jgonx x1bhl96m\"> certains des isopodes les plus chers, les plus beaux et les plus rares du hobby !<\/span><\/span><\/strong><\/span><\/em><\/strong><\/p>\n<p><strong style=\"color: #424242;\"><em><span style=\"font-size: 15px;\"><strong><span class=\"x1xsqp64 xiy17q3 x1o6pynw x19co3pv xdj266r xcwd3tp xat24cr x39eecv x2b8uid\" data-testid=\"emoji\"><span class=\"xexx8yu xn5pp95 x18d9i69 x2fxd7x x3jgonx x1bhl96m\">Facile \u00e0 garder, donc parfait pour les d\u00e9butants.<\/span><\/span><\/strong><\/span><\/em><\/strong><\/p>\n<p><strong style=\"color: #424242;\"><strong><em><span style=\"font-size: 15px; color: #424242;\"><strong><span style=\"font-size: 15px;\"><span class=\"x1xsqp64 xiy17q3 x1o6pynw x19co3pv xdj266r xcwd3tp xat24cr x39eecv x2b8uid\" data-testid=\"emoji\"><span class=\"xexx8yu xn5pp95 x18d9i69 x2fxd7x x3jgonx x1bhl96m\"><span style=\"color: #424242;\">\ud83d\udc9b\ud83e\udde1\u2764\ufe0f\ud83d\udc99 <\/span><\/span><\/span><\/span>Tu cherches quelque chose de cool \u00e0 \u00e9lever pour commencer ? <\/strong> Prosions et couguars<strong> <\/strong>sont des cr\u00e9atures magnifiques et faciles \u00e0 garder, totalement sans danger pour les humains et qui ne mordent pas. Ils ont des m\u00e2choires faibles qui sont adapt\u00e9es au d\u00e9chiquetage des mati\u00e8res v\u00e9g\u00e9tales. Les isopodes pr\u00e9f\u00e8rent les endroits humides, vivent dans la couche sup\u00e9rieure du substrat et se nourrissent de feuilles, d&rsquo;un substrat \u00e0 plusieurs composants con\u00e7u pour les crocodiles, ainsi que de l\u00e9gumes et de fruits.<\/span><\/em><\/strong><\/strong><\/p>\n<p class=\"v1v1v1v1MsoNormal\"><span style=\"color: #424242;\"><strong><em><span style=\"font-size: 15px;\"><span class=\"x1xsqp64 xiy17q3 x1o6pynw x19co3pv xdj266r xcwd3tp xat24cr x39eecv x2b8uid\" data-testid=\"emoji\"><span class=\"xexx8yu xn5pp95 x18d9i69 x2fxd7x x3jgonx x1bhl96m\">\ud83c\udf3f <\/span><\/span>Tout ce dont un tel animal a besoin pour r\u00e9ussir son d\u00e9veloppement et sa vie dans un terrarium est :<\/span><\/em><\/strong><\/span><\/p>\n<p class=\"v1v1v1v1MsoNormal\"><span style=\"color: #008000;\"><strong><em><span style=\"font-size: 15px;\">* Substrat \/ nourriture : Substrat de crocodiles et de vers ou substrat de noix de coco ;<\/span><\/em><\/strong><\/span><\/p>\n<p class=\"v1v1v1v1MsoNormal\"><span style=\"color: #008000;\"><strong><em><span style=\"font-size: 15px;\">* Nourriture : L\u00e9gumes et fruits frais ;<\/span><\/em><\/strong><\/span><\/p>\n<p class=\"v1v1v1v1MsoNormal\"><span style=\"color: #008000;\"><strong><em><span style=\"font-size: 15px;\">* Nourriture : S\u00e9pia &#8211; l&rsquo;os de seiche est une source naturelle de calcium pour les animaux du terrarium ; <\/span><\/em><\/strong><\/span><\/p>\n<p class=\"v1v1v1v1MsoNormal\"><span style=\"color: #008000;\"><strong><em><span style=\"font-size: 15px;\">* Nourriture : Le gammarus terrestre est un germe s\u00e9ch\u00e9, riche en macro- et micronutriments, une source naturelle de prot\u00e9ines animales et de chitine (disponible sur notre autre vente aux ench\u00e8res) ;<\/span><\/em><\/strong><\/span><\/p>\n<p class=\"v1v1v1v1MsoNormal\"><span style=\"color: #008000;\"><strong><em><span style=\"font-size: 15px;\">* Terrarium : Faunabox ou conteneur d&rsquo;\u00e9levage est id\u00e9al pour garder les isopodes ;<\/span><\/em><\/strong><\/span><\/p>\n<p class=\"v1v1v1v1MsoNormal\"><span style=\"color: #008000;\"><strong><em><span style=\"font-size: 15px;\">* Ne laisse pas le substrat devenir compl\u00e8tement sec, arrose le terrarium de temps en temps.<\/span><\/em><\/strong><\/span><\/p>\n","protected":false},"excerpt":{"rendered":"<ul class=\"product_attributes\">\n<li><strong>Taille cible des sp\u00e9cimens :<\/strong> <span style=\"color: #000000;\">environ 1,5 cm<\/span><\/li>\n<li>Sp\u00e9cimens offerts : <span style=\"color: #000000;\">emball\u00e9s de fa\u00e7on al\u00e9atoire<\/span><\/li>\n<li>Le prix est pour un ensemble : <span style=\"color: #000000;\">6 pi\u00e8ces<\/span><\/li>\n<\/ul>\n","protected":false},"featured_media":4533,"template":"","meta":{"_acf_changed":false,"_links_to":"","_links_to_target":""},"product_cat":[109],"product_tag":[],"class_list":{"0":"post-4532","1":"product","2":"type-product","3":"status-publish","4":"has-post-thumbnail","6":"product_cat-isopodes","8":"first","9":"outofstock","10":"shipping-taxable","11":"purchasable","12":"product-type-simple"},"acf":[],"yoast_head":"<!-- This site is optimized with the Yoast SEO plugin v24.9 - https:\/\/yoast.com\/wordpress\/plugins\/seo\/ -->\n<title>Merulanella sp.&quot;Amber Bee&quot; (abeille d&#039;ambre) | MegaPets<\/title>\n<meta name=\"robots\" content=\"index, follow, max-snippet:-1, max-image-preview:large, max-video-preview:-1\" \/>\n<link rel=\"canonical\" href=\"https:\/\/megapets.eu\/fr\/isopodes\/merulanella-sp-amber-bee-abeille-dambre\/\" \/>\n<meta property=\"og:locale\" content=\"fr_FR\" \/>\n<meta property=\"og:type\" content=\"article\" \/>\n<meta property=\"og:title\" content=\"Merulanella sp.&quot;Amber Bee&quot; (abeille d&#039;ambre) | MegaPets\" \/>\n<meta property=\"og:description\" content=\"Taille cible des sp\u00e9cimens : environ 1,5 cm  Sp\u00e9cimens offerts : emball\u00e9s de fa\u00e7on al\u00e9atoire  Le prix est pour un ensemble : 6 pi\u00e8ces\" \/>\n<meta property=\"og:url\" content=\"https:\/\/megapets.eu\/fr\/isopodes\/merulanella-sp-amber-bee-abeille-dambre\/\" \/>\n<meta property=\"og:site_name\" content=\"MegaPets\" \/>\n<meta property=\"article:publisher\" content=\"https:\/\/www.facebook.com\/MegaPets.eu\/\" \/>\n<meta property=\"article:modified_time\" content=\"2025-06-03T13:41:54+00:00\" \/>\n<meta property=\"og:image\" content=\"https:\/\/megapets.eu\/wp-content\/uploads\/2024\/10\/iso1-1024x682.png\" \/>\n\t<meta property=\"og:image:width\" content=\"1024\" \/>\n\t<meta property=\"og:image:height\" content=\"682\" \/>\n\t<meta property=\"og:image:type\" content=\"image\/png\" \/>\n<meta name=\"twitter:card\" content=\"summary_large_image\" \/>\n<meta name=\"twitter:label1\" content=\"Dur\u00e9e de lecture estim\u00e9e\" \/>\n\t<meta name=\"twitter:data1\" content=\"1 minute\" \/>\n<script type=\"application\/ld+json\" class=\"yoast-schema-graph\">{\"@context\":\"https:\/\/schema.org\",\"@graph\":[{\"@type\":\"WebPage\",\"@id\":\"https:\/\/megapets.eu\/fr\/isopodes\/merulanella-sp-amber-bee-abeille-dambre\/\",\"url\":\"https:\/\/megapets.eu\/fr\/isopodes\/merulanella-sp-amber-bee-abeille-dambre\/\",\"name\":\"Merulanella sp. \\\"Amber Bee\\\" (abeille d'ambre) | MegaPets\",\"isPartOf\":{\"@id\":\"https:\/\/megapets.eu\/fr\/#website\"},\"primaryImageOfPage\":{\"@id\":\"https:\/\/megapets.eu\/fr\/isopodes\/merulanella-sp-amber-bee-abeille-dambre\/#primaryimage\"},\"image\":{\"@id\":\"https:\/\/megapets.eu\/fr\/isopodes\/merulanella-sp-amber-bee-abeille-dambre\/#primaryimage\"},\"thumbnailUrl\":\"https:\/\/megapets.eu\/wp-content\/uploads\/2024\/10\/iso1.png\",\"datePublished\":\"2024-10-06T07:24:40+00:00\",\"dateModified\":\"2025-06-03T13:41:54+00:00\",\"breadcrumb\":{\"@id\":\"https:\/\/megapets.eu\/fr\/isopodes\/merulanella-sp-amber-bee-abeille-dambre\/#breadcrumb\"},\"inLanguage\":\"fr-FR\",\"potentialAction\":[{\"@type\":\"ReadAction\",\"target\":[\"https:\/\/megapets.eu\/fr\/isopodes\/merulanella-sp-amber-bee-abeille-dambre\/\"]}]},{\"@type\":\"ImageObject\",\"inLanguage\":\"fr-FR\",\"@id\":\"https:\/\/megapets.eu\/fr\/isopodes\/merulanella-sp-amber-bee-abeille-dambre\/#primaryimage\",\"url\":\"https:\/\/megapets.eu\/wp-content\/uploads\/2024\/10\/iso1.png\",\"contentUrl\":\"https:\/\/megapets.eu\/wp-content\/uploads\/2024\/10\/iso1.png\",\"width\":2708,\"height\":1803},{\"@type\":\"BreadcrumbList\",\"@id\":\"https:\/\/megapets.eu\/fr\/isopodes\/merulanella-sp-amber-bee-abeille-dambre\/#breadcrumb\",\"itemListElement\":[{\"@type\":\"ListItem\",\"position\":1,\"name\":\"Strona g\u0142\u00f3wna\",\"item\":\"https:\/\/megapets.eu\/fr\/accueil\/\"},{\"@type\":\"ListItem\",\"position\":2,\"name\":\"Boutique\",\"item\":\"https:\/\/megapets.eu\/boutique\/\"},{\"@type\":\"ListItem\",\"position\":3,\"name\":\"Merulanella sp.&#8222;Amber Bee\\\" (abeille d&#8217;ambre)\"}]},{\"@type\":\"WebSite\",\"@id\":\"https:\/\/megapets.eu\/fr\/#website\",\"url\":\"https:\/\/megapets.eu\/fr\/\",\"name\":\"Mega Pets\",\"description\":\"Jedna z najwi\u0119kszych hodowli \u015blimak\u00f3w w Europie\",\"publisher\":{\"@id\":\"https:\/\/megapets.eu\/fr\/#organization\"},\"alternateName\":\"Mega Pets\",\"potentialAction\":[{\"@type\":\"SearchAction\",\"target\":{\"@type\":\"EntryPoint\",\"urlTemplate\":\"https:\/\/megapets.eu\/fr\/?s={search_term_string}\"},\"query-input\":{\"@type\":\"PropertyValueSpecification\",\"valueRequired\":true,\"valueName\":\"search_term_string\"}}],\"inLanguage\":\"fr-FR\"},{\"@type\":\"Organization\",\"@id\":\"https:\/\/megapets.eu\/fr\/#organization\",\"name\":\"Mega Pets\",\"url\":\"https:\/\/megapets.eu\/fr\/\",\"logo\":{\"@type\":\"ImageObject\",\"inLanguage\":\"fr-FR\",\"@id\":\"https:\/\/megapets.eu\/fr\/#\/schema\/logo\/image\/\",\"url\":\"https:\/\/megapets.eu\/wp-content\/uploads\/2025\/04\/megapets_eu-logo.png\",\"contentUrl\":\"https:\/\/megapets.eu\/wp-content\/uploads\/2025\/04\/megapets_eu-logo.png\",\"width\":2362,\"height\":2362,\"caption\":\"Mega Pets\"},\"image\":{\"@id\":\"https:\/\/megapets.eu\/fr\/#\/schema\/logo\/image\/\"},\"sameAs\":[\"https:\/\/www.facebook.com\/MegaPets.eu\/\"]}]}<\/script>\n<!-- \/ Yoast SEO plugin. -->","yoast_head_json":{"title":"Merulanella sp.\"Amber Bee\" (abeille d'ambre) | MegaPets","robots":{"index":"index","follow":"follow","max-snippet":"max-snippet:-1","max-image-preview":"max-image-preview:large","max-video-preview":"max-video-preview:-1"},"canonical":"https:\/\/megapets.eu\/fr\/isopodes\/merulanella-sp-amber-bee-abeille-dambre\/","og_locale":"fr_FR","og_type":"article","og_title":"Merulanella sp.\"Amber Bee\" (abeille d'ambre) | MegaPets","og_description":"Taille cible des sp\u00e9cimens : environ 1,5 cm  Sp\u00e9cimens offerts : emball\u00e9s de fa\u00e7on al\u00e9atoire  Le prix est pour un ensemble : 6 pi\u00e8ces","og_url":"https:\/\/megapets.eu\/fr\/isopodes\/merulanella-sp-amber-bee-abeille-dambre\/","og_site_name":"MegaPets","article_publisher":"https:\/\/www.facebook.com\/MegaPets.eu\/","article_modified_time":"2025-06-03T13:41:54+00:00","og_image":[{"width":1024,"height":682,"url":"https:\/\/megapets.eu\/wp-content\/uploads\/2024\/10\/iso1-1024x682.png","type":"image\/png"}],"twitter_card":"summary_large_image","twitter_misc":{"Dur\u00e9e de lecture estim\u00e9e":"1 minute"},"schema":{"@context":"https:\/\/schema.org","@graph":[{"@type":"WebPage","@id":"https:\/\/megapets.eu\/fr\/isopodes\/merulanella-sp-amber-bee-abeille-dambre\/","url":"https:\/\/megapets.eu\/fr\/isopodes\/merulanella-sp-amber-bee-abeille-dambre\/","name":"Merulanella sp. \"Amber Bee\" (abeille d'ambre) | MegaPets","isPartOf":{"@id":"https:\/\/megapets.eu\/fr\/#website"},"primaryImageOfPage":{"@id":"https:\/\/megapets.eu\/fr\/isopodes\/merulanella-sp-amber-bee-abeille-dambre\/#primaryimage"},"image":{"@id":"https:\/\/megapets.eu\/fr\/isopodes\/merulanella-sp-amber-bee-abeille-dambre\/#primaryimage"},"thumbnailUrl":"https:\/\/megapets.eu\/wp-content\/uploads\/2024\/10\/iso1.png","datePublished":"2024-10-06T07:24:40+00:00","dateModified":"2025-06-03T13:41:54+00:00","breadcrumb":{"@id":"https:\/\/megapets.eu\/fr\/isopodes\/merulanella-sp-amber-bee-abeille-dambre\/#breadcrumb"},"inLanguage":"fr-FR","potentialAction":[{"@type":"ReadAction","target":["https:\/\/megapets.eu\/fr\/isopodes\/merulanella-sp-amber-bee-abeille-dambre\/"]}]},{"@type":"ImageObject","inLanguage":"fr-FR","@id":"https:\/\/megapets.eu\/fr\/isopodes\/merulanella-sp-amber-bee-abeille-dambre\/#primaryimage","url":"https:\/\/megapets.eu\/wp-content\/uploads\/2024\/10\/iso1.png","contentUrl":"https:\/\/megapets.eu\/wp-content\/uploads\/2024\/10\/iso1.png","width":2708,"height":1803},{"@type":"BreadcrumbList","@id":"https:\/\/megapets.eu\/fr\/isopodes\/merulanella-sp-amber-bee-abeille-dambre\/#breadcrumb","itemListElement":[{"@type":"ListItem","position":1,"name":"Strona g\u0142\u00f3wna","item":"https:\/\/megapets.eu\/fr\/accueil\/"},{"@type":"ListItem","position":2,"name":"Boutique","item":"https:\/\/megapets.eu\/boutique\/"},{"@type":"ListItem","position":3,"name":"Merulanella sp.&#8222;Amber Bee\" (abeille d&#8217;ambre)"}]},{"@type":"WebSite","@id":"https:\/\/megapets.eu\/fr\/#website","url":"https:\/\/megapets.eu\/fr\/","name":"Mega Pets","description":"Jedna z najwi\u0119kszych hodowli \u015blimak\u00f3w w Europie","publisher":{"@id":"https:\/\/megapets.eu\/fr\/#organization"},"alternateName":"Mega Pets","potentialAction":[{"@type":"SearchAction","target":{"@type":"EntryPoint","urlTemplate":"https:\/\/megapets.eu\/fr\/?s={search_term_string}"},"query-input":{"@type":"PropertyValueSpecification","valueRequired":true,"valueName":"search_term_string"}}],"inLanguage":"fr-FR"},{"@type":"Organization","@id":"https:\/\/megapets.eu\/fr\/#organization","name":"Mega Pets","url":"https:\/\/megapets.eu\/fr\/","logo":{"@type":"ImageObject","inLanguage":"fr-FR","@id":"https:\/\/megapets.eu\/fr\/#\/schema\/logo\/image\/","url":"https:\/\/megapets.eu\/wp-content\/uploads\/2025\/04\/megapets_eu-logo.png","contentUrl":"https:\/\/megapets.eu\/wp-content\/uploads\/2025\/04\/megapets_eu-logo.png","width":2362,"height":2362,"caption":"Mega Pets"},"image":{"@id":"https:\/\/megapets.eu\/fr\/#\/schema\/logo\/image\/"},"sameAs":["https:\/\/www.facebook.com\/MegaPets.eu\/"]}]}},"_links":{"self":[{"href":"https:\/\/megapets.eu\/fr\/wp-json\/wp\/v2\/product\/4532","targetHints":{"allow":["GET"]}}],"collection":[{"href":"https:\/\/megapets.eu\/fr\/wp-json\/wp\/v2\/product"}],"about":[{"href":"https:\/\/megapets.eu\/fr\/wp-json\/wp\/v2\/types\/product"}],"wp:featuredmedia":[{"embeddable":true,"href":"https:\/\/megapets.eu\/fr\/wp-json\/wp\/v2\/media\/4533"}],"wp:attachment":[{"href":"https:\/\/megapets.eu\/fr\/wp-json\/wp\/v2\/media?parent=4532"}],"wp:term":[{"taxonomy":"product_cat","embeddable":true,"href":"https:\/\/megapets.eu\/fr\/wp-json\/wp\/v2\/product_cat?post=4532"},{"taxonomy":"product_tag","embeddable":true,"href":"https:\/\/megapets.eu\/fr\/wp-json\/wp\/v2\/product_tag?post=4532"}],"curies":[{"name":"wp","href":"https:\/\/api.w.org\/{rel}","templated":true}]}}