{"id":4535,"date":"2024-10-06T11:25:59","date_gmt":"2024-10-06T11:25:59","guid":{"rendered":"https:\/\/megapets.eu\/non%20class\u00e9\/archachatina-marginata-ssp-cross-river-original-para-p2\/"},"modified":"2025-08-12T17:25:45","modified_gmt":"2025-08-12T17:25:45","slug":"archachatina-marginata-ssp-cross-river-original-para-p2","status":"publish","type":"product","link":"https:\/\/megapets.eu\/fr\/escargots\/archachatina-marginata-ssp-cross-river-original-para-p2\/","title":{"rendered":"Archachatina marginata ssp.<br>\u00ab&nbsp;Cross River&nbsp;\u00bb (original) \/ P2 couple"},"content":{"rendered":"<p style=\"text-align: left;\"><span style=\"font-size: 15px;\"><strong><span style=\"color: #000000;\"><em>Genre:  <\/em><\/span><\/strong><span style=\"color: #000000;\"><em>Archachatina marginata ssp. \u00ab&nbsp;Cross River&nbsp;\u00bb (original) <\/em><\/span><strong><span style=\"color: #000000;\"><em><br \/>\nVari\u00e9t\u00e9 de couleurs&nbsp;:<\/em><\/span><\/strong><span style=\"color: #000000;\"><em> standard<\/em><\/span><\/span><\/p>\n<p style=\"text-align: left;\"><span style=\"font-size: 15px;\"><strong><span style=\"color: #000000;\"><em><img loading=\"lazy\" decoding=\"async\" class=\"\" src=\"https:\/\/static.xx.fbcdn.net\/images\/emoji.php\/v9\/ta\/1\/32\/1f525.png\" alt=\"\ud83d\udd25\" width=\"18\" height=\"18\"><\/em><\/span><\/strong><span style=\"color: #000000;\"><em>Offert de jeunes sp\u00e9cimens de la meilleure g\u00e9n\u00e9ration &#8211; CB1. F1, \u00e0 partir d\u2019une paire parentale WC\/LTC non apparent\u00e9e. Les escargots ont un pedigree initial. <\/em><\/span><\/span><\/p>\n<p style=\"text-align: left;\"><span style=\"font-size: 15px;\"><span style=\"color: #000000;\"><em><span style=\"color: #008000;\"><span style=\"color: #424242;\"><img loading=\"lazy\" decoding=\"async\" class=\"\" src=\"https:\/\/static.xx.fbcdn.net\/images\/emoji.php\/v9\/t73\/1\/32\/2600.png\" alt=\"\u2600\ufe0f\" width=\"18\" height=\"18\"><span style=\"color: #eb8900;\"> <\/span><\/span><\/span><span style=\"color: #db6414;\">G\u00e9ants solaires de notre chenil Archachatina marginata ssp. \u00ab&nbsp;Cross River&nbsp;\u00bb (original) est l\u2019un des repr\u00e9sentants les plus impressionnants du genre Archachatina. Les escargots de cette esp\u00e8ce attirent l\u2019attention par la couleur inhabituelle de leur coquille. Une grande conque jaune massive (coquille) combin\u00e9e \u00e0 une couleur de corps sombre fait une impression extraordinaire sur les amateurs d\u2019escargots exotiques.   <\/span><\/em><\/span><\/span><\/p>\n<p style=\"text-align: left;\"><span style=\"color: #000000; font-size: 15px;\"><em><span class=\"x1xsqp64 xiy17q3 x1o6pynw x19co3pv xdj266r xcwd3tp xat24cr x39eecv x2b8uid\" data-testid=\"emoji\"><span class=\"xexx8yu xn5pp95 x18d9i69 x2fxd7x x3jgonx x1bhl96m\"> <img loading=\"lazy\" decoding=\"async\" class=\"\" src=\"https:\/\/static.xx.fbcdn.net\/images\/emoji.php\/v9\/t66\/1\/32\/1f4cc.png\" alt=\"\ud83d\udccc\" width=\"18\" height=\"18\"> <\/span><\/span>Apr\u00e8s la premi\u00e8re ann\u00e9e \u00e0 partir de l\u2019\u00e9closion des \u0153ufs, les escargots surprennent par leur taille et leur beaut\u00e9, construisant une coquille massive d\u2019une taille impressionnante de 12 \u00e0 14 cm. Les sp\u00e9cimens adultes, avec un pied droit et un corps enti\u00e8rement \u00e9tir\u00e9, ressemblent \u00e0 de v\u00e9ritables g\u00e9ants exotiques. <\/em><\/span><\/p>\n<p style=\"text-align: left;\"><span style=\"color: #000000; font-size: 15px;\"><em><img loading=\"lazy\" decoding=\"async\" class=\"xz74otr\" src=\"https:\/\/static.xx.fbcdn.net\/images\/emoji.php\/v9\/t1e\/1\/16\/1f33f.png\" alt=\"\ud83c\udf3f\" width=\"18\" height=\"18\"> <span style=\"color: #008000;\">Comme la plupart des esp\u00e8ces du genre Archachatina, ces escargots sont peu exigeants et se d\u00e9veloppent bien dans des conditions de logement de base.<\/span><\/em><\/span><\/p>\n","protected":false},"excerpt":{"rendered":"<ul>\n<li>D\u2019un couple non apparent\u00e9 :\n<ul>\n<li>P2<\/li>\n<\/ul>\n<\/li>\n<li>Taille de la coque cible :\n<ul>\n<li>env. 12-14 cm <\/li>\n<\/ul>\n<\/li>\n<li>Offert aux mineurs :\n<ul>\n<li>D\u2019accord. 4 cm<\/li>\n<\/ul>\n<\/li>\n<li>Le prix s\u2019applique \u00e0 :\n<ul>\n<li>1 pi\u00e8ce<\/li>\n<\/ul>\n<\/li>\n<\/ul>\n","protected":false},"featured_media":4543,"template":"","meta":{"_acf_changed":false,"_links_to":"","_links_to_target":""},"product_cat":[107],"product_tag":[],"class_list":{"0":"post-4535","1":"product","2":"type-product","3":"status-publish","4":"has-post-thumbnail","6":"product_cat-escargots","8":"first","9":"instock","10":"shipping-taxable","11":"purchasable","12":"product-type-simple"},"acf":[],"yoast_head":"<!-- This site is optimized with the Yoast SEO plugin v24.9 - https:\/\/yoast.com\/wordpress\/plugins\/seo\/ -->\n<title>Archachatina marginata ssp.\u00ab&nbsp;Cross River&nbsp;\u00bb (original) \/ P2 couple | MegaPets<\/title>\n<meta name=\"robots\" content=\"index, follow, max-snippet:-1, max-image-preview:large, max-video-preview:-1\" \/>\n<link rel=\"canonical\" href=\"https:\/\/megapets.eu\/fr\/escargots\/archachatina-marginata-ssp-cross-river-original-para-p2\/\" \/>\n<meta property=\"og:locale\" content=\"fr_FR\" \/>\n<meta property=\"og:type\" content=\"article\" \/>\n<meta property=\"og:title\" content=\"Archachatina marginata ssp.\u00ab&nbsp;Cross River&nbsp;\u00bb (original) \/ P2 couple | MegaPets\" \/>\n<meta property=\"og:description\" content=\"D\u2019un couple non apparent\u00e9 :  P2   Taille de la coque cible :  env. 12-14 cm   Offert aux mineurs :  D\u2019accord. 4 cm   Le prix s\u2019applique \u00e0 :  1 pi\u00e8ce\" \/>\n<meta property=\"og:url\" content=\"https:\/\/megapets.eu\/fr\/escargots\/archachatina-marginata-ssp-cross-river-original-para-p2\/\" \/>\n<meta property=\"og:site_name\" content=\"MegaPets\" \/>\n<meta property=\"article:publisher\" content=\"https:\/\/www.facebook.com\/MegaPets.eu\/\" \/>\n<meta property=\"article:modified_time\" content=\"2025-08-12T17:25:45+00:00\" \/>\n<meta property=\"og:image\" content=\"https:\/\/megapets.eu\/wp-content\/uploads\/2024\/10\/Logo2Arch.png\" \/>\n\t<meta property=\"og:image:width\" content=\"1050\" \/>\n\t<meta property=\"og:image:height\" content=\"689\" \/>\n\t<meta property=\"og:image:type\" content=\"image\/png\" \/>\n<meta name=\"twitter:card\" content=\"summary_large_image\" \/>\n<meta name=\"twitter:label1\" content=\"Dur\u00e9e de lecture estim\u00e9e\" \/>\n\t<meta name=\"twitter:data1\" content=\"1 minute\" \/>\n<script type=\"application\/ld+json\" class=\"yoast-schema-graph\">{\"@context\":\"https:\/\/schema.org\",\"@graph\":[{\"@type\":\"WebPage\",\"@id\":\"https:\/\/megapets.eu\/fr\/escargots\/archachatina-marginata-ssp-cross-river-original-para-p2\/\",\"url\":\"https:\/\/megapets.eu\/fr\/escargots\/archachatina-marginata-ssp-cross-river-original-para-p2\/\",\"name\":\"Archachatina marginata ssp. \u00ab&nbsp;Cross River&nbsp;\u00bb (original) \/ P2 couple | MegaPets\",\"isPartOf\":{\"@id\":\"https:\/\/megapets.eu\/fr\/#website\"},\"primaryImageOfPage\":{\"@id\":\"https:\/\/megapets.eu\/fr\/escargots\/archachatina-marginata-ssp-cross-river-original-para-p2\/#primaryimage\"},\"image\":{\"@id\":\"https:\/\/megapets.eu\/fr\/escargots\/archachatina-marginata-ssp-cross-river-original-para-p2\/#primaryimage\"},\"thumbnailUrl\":\"https:\/\/megapets.eu\/wp-content\/uploads\/2024\/10\/Logo2Arch.png\",\"datePublished\":\"2024-10-06T11:25:59+00:00\",\"dateModified\":\"2025-08-12T17:25:45+00:00\",\"breadcrumb\":{\"@id\":\"https:\/\/megapets.eu\/fr\/escargots\/archachatina-marginata-ssp-cross-river-original-para-p2\/#breadcrumb\"},\"inLanguage\":\"fr-FR\",\"potentialAction\":[{\"@type\":\"ReadAction\",\"target\":[\"https:\/\/megapets.eu\/fr\/escargots\/archachatina-marginata-ssp-cross-river-original-para-p2\/\"]}]},{\"@type\":\"ImageObject\",\"inLanguage\":\"fr-FR\",\"@id\":\"https:\/\/megapets.eu\/fr\/escargots\/archachatina-marginata-ssp-cross-river-original-para-p2\/#primaryimage\",\"url\":\"https:\/\/megapets.eu\/wp-content\/uploads\/2024\/10\/Logo2Arch.png\",\"contentUrl\":\"https:\/\/megapets.eu\/wp-content\/uploads\/2024\/10\/Logo2Arch.png\",\"width\":1050,\"height\":689},{\"@type\":\"BreadcrumbList\",\"@id\":\"https:\/\/megapets.eu\/fr\/escargots\/archachatina-marginata-ssp-cross-river-original-para-p2\/#breadcrumb\",\"itemListElement\":[{\"@type\":\"ListItem\",\"position\":1,\"name\":\"Strona g\u0142\u00f3wna\",\"item\":\"https:\/\/megapets.eu\/fr\/accueil\/\"},{\"@type\":\"ListItem\",\"position\":2,\"name\":\"Boutique\",\"item\":\"https:\/\/megapets.eu\/boutique\/\"},{\"@type\":\"ListItem\",\"position\":3,\"name\":\"Archachatina marginata ssp.\u00ab&nbsp;Cross River&nbsp;\u00bb (original) \/ P2 couple\"}]},{\"@type\":\"WebSite\",\"@id\":\"https:\/\/megapets.eu\/fr\/#website\",\"url\":\"https:\/\/megapets.eu\/fr\/\",\"name\":\"Mega Pets\",\"description\":\"Jedna z najwi\u0119kszych hodowli \u015blimak\u00f3w w Europie\",\"publisher\":{\"@id\":\"https:\/\/megapets.eu\/fr\/#organization\"},\"alternateName\":\"Mega Pets\",\"potentialAction\":[{\"@type\":\"SearchAction\",\"target\":{\"@type\":\"EntryPoint\",\"urlTemplate\":\"https:\/\/megapets.eu\/fr\/?s={search_term_string}\"},\"query-input\":{\"@type\":\"PropertyValueSpecification\",\"valueRequired\":true,\"valueName\":\"search_term_string\"}}],\"inLanguage\":\"fr-FR\"},{\"@type\":\"Organization\",\"@id\":\"https:\/\/megapets.eu\/fr\/#organization\",\"name\":\"Mega Pets\",\"url\":\"https:\/\/megapets.eu\/fr\/\",\"logo\":{\"@type\":\"ImageObject\",\"inLanguage\":\"fr-FR\",\"@id\":\"https:\/\/megapets.eu\/fr\/#\/schema\/logo\/image\/\",\"url\":\"https:\/\/megapets.eu\/wp-content\/uploads\/2025\/04\/megapets_eu-logo.png\",\"contentUrl\":\"https:\/\/megapets.eu\/wp-content\/uploads\/2025\/04\/megapets_eu-logo.png\",\"width\":2362,\"height\":2362,\"caption\":\"Mega Pets\"},\"image\":{\"@id\":\"https:\/\/megapets.eu\/fr\/#\/schema\/logo\/image\/\"},\"sameAs\":[\"https:\/\/www.facebook.com\/MegaPets.eu\/\"]}]}<\/script>\n<!-- \/ Yoast SEO plugin. -->","yoast_head_json":{"title":"Archachatina marginata ssp.\u00ab&nbsp;Cross River&nbsp;\u00bb (original) \/ P2 couple | MegaPets","robots":{"index":"index","follow":"follow","max-snippet":"max-snippet:-1","max-image-preview":"max-image-preview:large","max-video-preview":"max-video-preview:-1"},"canonical":"https:\/\/megapets.eu\/fr\/escargots\/archachatina-marginata-ssp-cross-river-original-para-p2\/","og_locale":"fr_FR","og_type":"article","og_title":"Archachatina marginata ssp.\u00ab&nbsp;Cross River&nbsp;\u00bb (original) \/ P2 couple | MegaPets","og_description":"D\u2019un couple non apparent\u00e9 :  P2   Taille de la coque cible :  env. 12-14 cm   Offert aux mineurs :  D\u2019accord. 4 cm   Le prix s\u2019applique \u00e0 :  1 pi\u00e8ce","og_url":"https:\/\/megapets.eu\/fr\/escargots\/archachatina-marginata-ssp-cross-river-original-para-p2\/","og_site_name":"MegaPets","article_publisher":"https:\/\/www.facebook.com\/MegaPets.eu\/","article_modified_time":"2025-08-12T17:25:45+00:00","og_image":[{"width":1050,"height":689,"url":"https:\/\/megapets.eu\/wp-content\/uploads\/2024\/10\/Logo2Arch.png","type":"image\/png"}],"twitter_card":"summary_large_image","twitter_misc":{"Dur\u00e9e de lecture estim\u00e9e":"1 minute"},"schema":{"@context":"https:\/\/schema.org","@graph":[{"@type":"WebPage","@id":"https:\/\/megapets.eu\/fr\/escargots\/archachatina-marginata-ssp-cross-river-original-para-p2\/","url":"https:\/\/megapets.eu\/fr\/escargots\/archachatina-marginata-ssp-cross-river-original-para-p2\/","name":"Archachatina marginata ssp. \u00ab&nbsp;Cross River&nbsp;\u00bb (original) \/ P2 couple | MegaPets","isPartOf":{"@id":"https:\/\/megapets.eu\/fr\/#website"},"primaryImageOfPage":{"@id":"https:\/\/megapets.eu\/fr\/escargots\/archachatina-marginata-ssp-cross-river-original-para-p2\/#primaryimage"},"image":{"@id":"https:\/\/megapets.eu\/fr\/escargots\/archachatina-marginata-ssp-cross-river-original-para-p2\/#primaryimage"},"thumbnailUrl":"https:\/\/megapets.eu\/wp-content\/uploads\/2024\/10\/Logo2Arch.png","datePublished":"2024-10-06T11:25:59+00:00","dateModified":"2025-08-12T17:25:45+00:00","breadcrumb":{"@id":"https:\/\/megapets.eu\/fr\/escargots\/archachatina-marginata-ssp-cross-river-original-para-p2\/#breadcrumb"},"inLanguage":"fr-FR","potentialAction":[{"@type":"ReadAction","target":["https:\/\/megapets.eu\/fr\/escargots\/archachatina-marginata-ssp-cross-river-original-para-p2\/"]}]},{"@type":"ImageObject","inLanguage":"fr-FR","@id":"https:\/\/megapets.eu\/fr\/escargots\/archachatina-marginata-ssp-cross-river-original-para-p2\/#primaryimage","url":"https:\/\/megapets.eu\/wp-content\/uploads\/2024\/10\/Logo2Arch.png","contentUrl":"https:\/\/megapets.eu\/wp-content\/uploads\/2024\/10\/Logo2Arch.png","width":1050,"height":689},{"@type":"BreadcrumbList","@id":"https:\/\/megapets.eu\/fr\/escargots\/archachatina-marginata-ssp-cross-river-original-para-p2\/#breadcrumb","itemListElement":[{"@type":"ListItem","position":1,"name":"Strona g\u0142\u00f3wna","item":"https:\/\/megapets.eu\/fr\/accueil\/"},{"@type":"ListItem","position":2,"name":"Boutique","item":"https:\/\/megapets.eu\/boutique\/"},{"@type":"ListItem","position":3,"name":"Archachatina marginata ssp.\u00ab&nbsp;Cross River&nbsp;\u00bb (original) \/ P2 couple"}]},{"@type":"WebSite","@id":"https:\/\/megapets.eu\/fr\/#website","url":"https:\/\/megapets.eu\/fr\/","name":"Mega Pets","description":"Jedna z najwi\u0119kszych hodowli \u015blimak\u00f3w w Europie","publisher":{"@id":"https:\/\/megapets.eu\/fr\/#organization"},"alternateName":"Mega Pets","potentialAction":[{"@type":"SearchAction","target":{"@type":"EntryPoint","urlTemplate":"https:\/\/megapets.eu\/fr\/?s={search_term_string}"},"query-input":{"@type":"PropertyValueSpecification","valueRequired":true,"valueName":"search_term_string"}}],"inLanguage":"fr-FR"},{"@type":"Organization","@id":"https:\/\/megapets.eu\/fr\/#organization","name":"Mega Pets","url":"https:\/\/megapets.eu\/fr\/","logo":{"@type":"ImageObject","inLanguage":"fr-FR","@id":"https:\/\/megapets.eu\/fr\/#\/schema\/logo\/image\/","url":"https:\/\/megapets.eu\/wp-content\/uploads\/2025\/04\/megapets_eu-logo.png","contentUrl":"https:\/\/megapets.eu\/wp-content\/uploads\/2025\/04\/megapets_eu-logo.png","width":2362,"height":2362,"caption":"Mega Pets"},"image":{"@id":"https:\/\/megapets.eu\/fr\/#\/schema\/logo\/image\/"},"sameAs":["https:\/\/www.facebook.com\/MegaPets.eu\/"]}]}},"_links":{"self":[{"href":"https:\/\/megapets.eu\/fr\/wp-json\/wp\/v2\/product\/4535","targetHints":{"allow":["GET"]}}],"collection":[{"href":"https:\/\/megapets.eu\/fr\/wp-json\/wp\/v2\/product"}],"about":[{"href":"https:\/\/megapets.eu\/fr\/wp-json\/wp\/v2\/types\/product"}],"wp:featuredmedia":[{"embeddable":true,"href":"https:\/\/megapets.eu\/fr\/wp-json\/wp\/v2\/media\/4543"}],"wp:attachment":[{"href":"https:\/\/megapets.eu\/fr\/wp-json\/wp\/v2\/media?parent=4535"}],"wp:term":[{"taxonomy":"product_cat","embeddable":true,"href":"https:\/\/megapets.eu\/fr\/wp-json\/wp\/v2\/product_cat?post=4535"},{"taxonomy":"product_tag","embeddable":true,"href":"https:\/\/megapets.eu\/fr\/wp-json\/wp\/v2\/product_tag?post=4535"}],"curies":[{"name":"wp","href":"https:\/\/api.w.org\/{rel}","templated":true}]}}