{"id":4559,"date":"2024-10-06T11:23:29","date_gmt":"2024-10-06T11:23:29","guid":{"rendered":"https:\/\/megapets.eu\/non%20class\u00e9\/lissachatina-fulica-rodatzi-corps-albinos\/"},"modified":"2025-08-07T12:41:58","modified_gmt":"2025-08-07T12:41:58","slug":"lissachatina-fulica-rodatzi-corps-albinos","status":"publish","type":"product","link":"https:\/\/megapets.eu\/fr\/escargots\/lissachatina-fulica-rodatzi-corps-albinos\/","title":{"rendered":"Lissachatina fulica rodatzi corps albinos"},"content":{"rendered":"<p class=\"v1v1v1v1MsoNormal\"><span style=\"color: #424242;\"><strong><em><span style=\"font-size: 15px;\"><b>Esp\u00e8ce : Lissachatina fulica rodatzi (Dunker, 1852).<\/b><br \/>\nVari\u00e9t\u00e9 de couleur : corps albinos<\/span><\/em><\/strong><\/span><\/p>\n<p>&nbsp;<\/p>\n<p class=\"v1v1v1v1MsoNormal\"><span style=\"font-size: 15px;\"><strong><em><span style=\"color: #008000;\">\u2b50\u2b50\u2b50<span style=\"color: #424242;\">  L\u2019esp\u00e8ce Lissachatina fulica est l\u2019un des escargots africains les plus populaires et les plus connus des d\u00e9butants. Cette esp\u00e8ce est active et r\u00e9sistante aux erreurs de reproduction. Pour cette raison, il est souvent recommand\u00e9 comme la premi\u00e8re esp\u00e8ce avec laquelle il vaut la peine de commencer votre aventure avec des escargots. Lissachatina fulica rodatzi pousse assez rapidement, la taille de la coquille d\u2019un sp\u00e9cimen adulte de cette esp\u00e8ce est d\u2019environ 12-15 cm.      <\/span><\/span><\/em><\/strong><\/span><\/p>\n<p>&nbsp;<\/p>\n<p class=\"v1v1v1v1MsoNormal\"><span style=\"font-size: 15px;\"><strong><em><span style=\"color: #008000;\"><img decoding=\"async\" src=\"https:\/\/static.xx.fbcdn.net\/images\/emoji.php\/v9\/tbe\/1\/16\/1f3c6.png\" alt=\"\ud83c\udfc6\"><span style=\"color: #e36a19;\">  Tous les chiots proviennent de notre \u00e9levage bien connu et enregistr\u00e9, vous achetez donc aupr\u00e8s d\u2019une source connue, o\u00f9 nous prenons soin des escargots et surveillons attentivement le d\u00e9veloppement de chacun d\u2019entre eux.<\/span><\/span><\/em><\/strong><\/span><\/p>\n<p>&nbsp;<\/p>\n<p class=\"v1v1v1v1MsoNormal\"><span style=\"font-size: 15px; color: #424242;\"><strong><em>Comme vous le savez, les r\u00e9cipients en plastique fonctionnent mieux dans l\u2019\u00e9levage d\u2019escargots. Les r\u00e9cipients que nous avons pr\u00e9par\u00e9s sont parfaitement adapt\u00e9s au d\u00e9veloppement d\u2019une nouvelle et belle croissance de la coquille d\u2019escargot). Pour gagner du temps lors de la finalisation de votre commande, nous vous recommandons de commencer par le kit de d\u00e9marrage, qui comprend des accessoires de base pour un d\u00e9marrage rapide de votre propre \u00e9levage et des instructions.  <\/em><\/strong><\/span><\/p>\n<p>&nbsp;<\/p>\n<p><span style=\"font-size: 15px;\"><strong><em><span style=\"color: #008000;\"><img loading=\"lazy\" decoding=\"async\" class=\"xz74otr\" src=\"https:\/\/static.xx.fbcdn.net\/images\/emoji.php\/v9\/t1e\/1\/16\/1f33f.png\" alt=\"\ud83c\udf3f\" width=\"16\" height=\"16\">  Tout ce dont un tel animal a besoin, ce sont des l\u00e9gumes et des fruits frais et m\u00fbrs, un r\u00e9cipient d\u2019\u00e9levage et un substrat (ne laissez pas le substrat se dess\u00e9cher, vaporisez le terrarium tous les 2-3 jours). L\u2019alimentation quotidienne d\u2019un escargot ne peut manquer de l\u2019\u00e9l\u00e9ment de base d\u2019une coquille belle et saine, une source naturelle de calcium parfaitement digestible est la poudre de coquille d\u2019\u0153uf et le s\u00e9pia.  Vous pouvez en savoir plus sur le r\u00e9gime alimentaire des escargots exotiques sur notre site Web.<\/span><\/em><\/strong><\/span><\/p>\n<p>&nbsp;<\/p>\n","protected":false},"excerpt":{"rendered":"<ul>\n<li>D\u2019un couple non apparent\u00e9 :\n<ul>\n<li>P-<\/li>\n<\/ul>\n<\/li>\n<li>Taille de la coque cible :\n<ul>\n<li>env. 12-15 cm <\/li>\n<\/ul>\n<\/li>\n<li>Offert aux mineurs :\n<ul>\n<li>env. 4-5 cm <\/li>\n<\/ul>\n<\/li>\n<li>Le prix s\u2019applique \u00e0 :\n<ul>\n<li>1 pi\u00e8ce<\/li>\n<\/ul>\n<\/li>\n<\/ul>\n","protected":false},"featured_media":4560,"template":"","meta":{"_acf_changed":false,"_links_to":"","_links_to_target":""},"product_cat":[107],"product_tag":[],"class_list":{"0":"post-4559","1":"product","2":"type-product","3":"status-publish","4":"has-post-thumbnail","6":"product_cat-escargots","8":"first","9":"outofstock","10":"shipping-taxable","11":"purchasable","12":"product-type-simple"},"acf":[],"yoast_head":"<!-- This site is optimized with the Yoast SEO plugin v24.9 - https:\/\/yoast.com\/wordpress\/plugins\/seo\/ -->\n<title>Lissachatina fulica rodatzi corps albinos | MegaPets<\/title>\n<meta name=\"robots\" content=\"index, follow, max-snippet:-1, max-image-preview:large, max-video-preview:-1\" \/>\n<link rel=\"canonical\" href=\"https:\/\/megapets.eu\/fr\/escargots\/lissachatina-fulica-rodatzi-corps-albinos\/\" \/>\n<meta property=\"og:locale\" content=\"fr_FR\" \/>\n<meta property=\"og:type\" content=\"article\" \/>\n<meta property=\"og:title\" content=\"Lissachatina fulica rodatzi corps albinos | MegaPets\" \/>\n<meta property=\"og:description\" content=\"D\u2019un couple non apparent\u00e9 :  P-   Taille de la coque cible :  env. 12-15 cm   Offert aux mineurs :  env. 4-5 cm   Le prix s\u2019applique \u00e0 :  1 pi\u00e8ce\" \/>\n<meta property=\"og:url\" content=\"https:\/\/megapets.eu\/fr\/escargots\/lissachatina-fulica-rodatzi-corps-albinos\/\" \/>\n<meta property=\"og:site_name\" content=\"MegaPets\" \/>\n<meta property=\"article:publisher\" content=\"https:\/\/www.facebook.com\/MegaPets.eu\/\" \/>\n<meta property=\"article:modified_time\" content=\"2025-08-07T12:41:58+00:00\" \/>\n<meta property=\"og:image\" content=\"https:\/\/megapets.eu\/wp-content\/uploads\/2024\/10\/1111.png\" \/>\n\t<meta property=\"og:image:width\" content=\"1047\" \/>\n\t<meta property=\"og:image:height\" content=\"689\" \/>\n\t<meta property=\"og:image:type\" content=\"image\/png\" \/>\n<meta name=\"twitter:card\" content=\"summary_large_image\" \/>\n<meta name=\"twitter:label1\" content=\"Dur\u00e9e de lecture estim\u00e9e\" \/>\n\t<meta name=\"twitter:data1\" content=\"2 minutes\" \/>\n<script type=\"application\/ld+json\" class=\"yoast-schema-graph\">{\"@context\":\"https:\/\/schema.org\",\"@graph\":[{\"@type\":\"WebPage\",\"@id\":\"https:\/\/megapets.eu\/fr\/escargots\/lissachatina-fulica-rodatzi-corps-albinos\/\",\"url\":\"https:\/\/megapets.eu\/fr\/escargots\/lissachatina-fulica-rodatzi-corps-albinos\/\",\"name\":\"Lissachatina fulica rodatzi corps albinos | MegaPets\",\"isPartOf\":{\"@id\":\"https:\/\/megapets.eu\/fr\/#website\"},\"primaryImageOfPage\":{\"@id\":\"https:\/\/megapets.eu\/fr\/escargots\/lissachatina-fulica-rodatzi-corps-albinos\/#primaryimage\"},\"image\":{\"@id\":\"https:\/\/megapets.eu\/fr\/escargots\/lissachatina-fulica-rodatzi-corps-albinos\/#primaryimage\"},\"thumbnailUrl\":\"https:\/\/megapets.eu\/wp-content\/uploads\/2024\/10\/1111.png\",\"datePublished\":\"2024-10-06T11:23:29+00:00\",\"dateModified\":\"2025-08-07T12:41:58+00:00\",\"breadcrumb\":{\"@id\":\"https:\/\/megapets.eu\/fr\/escargots\/lissachatina-fulica-rodatzi-corps-albinos\/#breadcrumb\"},\"inLanguage\":\"fr-FR\",\"potentialAction\":[{\"@type\":\"ReadAction\",\"target\":[\"https:\/\/megapets.eu\/fr\/escargots\/lissachatina-fulica-rodatzi-corps-albinos\/\"]}]},{\"@type\":\"ImageObject\",\"inLanguage\":\"fr-FR\",\"@id\":\"https:\/\/megapets.eu\/fr\/escargots\/lissachatina-fulica-rodatzi-corps-albinos\/#primaryimage\",\"url\":\"https:\/\/megapets.eu\/wp-content\/uploads\/2024\/10\/1111.png\",\"contentUrl\":\"https:\/\/megapets.eu\/wp-content\/uploads\/2024\/10\/1111.png\",\"width\":1047,\"height\":689},{\"@type\":\"BreadcrumbList\",\"@id\":\"https:\/\/megapets.eu\/fr\/escargots\/lissachatina-fulica-rodatzi-corps-albinos\/#breadcrumb\",\"itemListElement\":[{\"@type\":\"ListItem\",\"position\":1,\"name\":\"Strona g\u0142\u00f3wna\",\"item\":\"https:\/\/megapets.eu\/fr\/accueil\/\"},{\"@type\":\"ListItem\",\"position\":2,\"name\":\"Boutique\",\"item\":\"https:\/\/megapets.eu\/boutique\/\"},{\"@type\":\"ListItem\",\"position\":3,\"name\":\"Lissachatina fulica rodatzi corps albinos\"}]},{\"@type\":\"WebSite\",\"@id\":\"https:\/\/megapets.eu\/fr\/#website\",\"url\":\"https:\/\/megapets.eu\/fr\/\",\"name\":\"Mega Pets\",\"description\":\"Jedna z najwi\u0119kszych hodowli \u015blimak\u00f3w w Europie\",\"publisher\":{\"@id\":\"https:\/\/megapets.eu\/fr\/#organization\"},\"alternateName\":\"Mega Pets\",\"potentialAction\":[{\"@type\":\"SearchAction\",\"target\":{\"@type\":\"EntryPoint\",\"urlTemplate\":\"https:\/\/megapets.eu\/fr\/?s={search_term_string}\"},\"query-input\":{\"@type\":\"PropertyValueSpecification\",\"valueRequired\":true,\"valueName\":\"search_term_string\"}}],\"inLanguage\":\"fr-FR\"},{\"@type\":\"Organization\",\"@id\":\"https:\/\/megapets.eu\/fr\/#organization\",\"name\":\"Mega Pets\",\"url\":\"https:\/\/megapets.eu\/fr\/\",\"logo\":{\"@type\":\"ImageObject\",\"inLanguage\":\"fr-FR\",\"@id\":\"https:\/\/megapets.eu\/fr\/#\/schema\/logo\/image\/\",\"url\":\"https:\/\/megapets.eu\/wp-content\/uploads\/2025\/04\/megapets_eu-logo.png\",\"contentUrl\":\"https:\/\/megapets.eu\/wp-content\/uploads\/2025\/04\/megapets_eu-logo.png\",\"width\":2362,\"height\":2362,\"caption\":\"Mega Pets\"},\"image\":{\"@id\":\"https:\/\/megapets.eu\/fr\/#\/schema\/logo\/image\/\"},\"sameAs\":[\"https:\/\/www.facebook.com\/MegaPets.eu\/\"]}]}<\/script>\n<!-- \/ Yoast SEO plugin. -->","yoast_head_json":{"title":"Lissachatina fulica rodatzi corps albinos | MegaPets","robots":{"index":"index","follow":"follow","max-snippet":"max-snippet:-1","max-image-preview":"max-image-preview:large","max-video-preview":"max-video-preview:-1"},"canonical":"https:\/\/megapets.eu\/fr\/escargots\/lissachatina-fulica-rodatzi-corps-albinos\/","og_locale":"fr_FR","og_type":"article","og_title":"Lissachatina fulica rodatzi corps albinos | MegaPets","og_description":"D\u2019un couple non apparent\u00e9 :  P-   Taille de la coque cible :  env. 12-15 cm   Offert aux mineurs :  env. 4-5 cm   Le prix s\u2019applique \u00e0 :  1 pi\u00e8ce","og_url":"https:\/\/megapets.eu\/fr\/escargots\/lissachatina-fulica-rodatzi-corps-albinos\/","og_site_name":"MegaPets","article_publisher":"https:\/\/www.facebook.com\/MegaPets.eu\/","article_modified_time":"2025-08-07T12:41:58+00:00","og_image":[{"width":1047,"height":689,"url":"https:\/\/megapets.eu\/wp-content\/uploads\/2024\/10\/1111.png","type":"image\/png"}],"twitter_card":"summary_large_image","twitter_misc":{"Dur\u00e9e de lecture estim\u00e9e":"2 minutes"},"schema":{"@context":"https:\/\/schema.org","@graph":[{"@type":"WebPage","@id":"https:\/\/megapets.eu\/fr\/escargots\/lissachatina-fulica-rodatzi-corps-albinos\/","url":"https:\/\/megapets.eu\/fr\/escargots\/lissachatina-fulica-rodatzi-corps-albinos\/","name":"Lissachatina fulica rodatzi corps albinos | MegaPets","isPartOf":{"@id":"https:\/\/megapets.eu\/fr\/#website"},"primaryImageOfPage":{"@id":"https:\/\/megapets.eu\/fr\/escargots\/lissachatina-fulica-rodatzi-corps-albinos\/#primaryimage"},"image":{"@id":"https:\/\/megapets.eu\/fr\/escargots\/lissachatina-fulica-rodatzi-corps-albinos\/#primaryimage"},"thumbnailUrl":"https:\/\/megapets.eu\/wp-content\/uploads\/2024\/10\/1111.png","datePublished":"2024-10-06T11:23:29+00:00","dateModified":"2025-08-07T12:41:58+00:00","breadcrumb":{"@id":"https:\/\/megapets.eu\/fr\/escargots\/lissachatina-fulica-rodatzi-corps-albinos\/#breadcrumb"},"inLanguage":"fr-FR","potentialAction":[{"@type":"ReadAction","target":["https:\/\/megapets.eu\/fr\/escargots\/lissachatina-fulica-rodatzi-corps-albinos\/"]}]},{"@type":"ImageObject","inLanguage":"fr-FR","@id":"https:\/\/megapets.eu\/fr\/escargots\/lissachatina-fulica-rodatzi-corps-albinos\/#primaryimage","url":"https:\/\/megapets.eu\/wp-content\/uploads\/2024\/10\/1111.png","contentUrl":"https:\/\/megapets.eu\/wp-content\/uploads\/2024\/10\/1111.png","width":1047,"height":689},{"@type":"BreadcrumbList","@id":"https:\/\/megapets.eu\/fr\/escargots\/lissachatina-fulica-rodatzi-corps-albinos\/#breadcrumb","itemListElement":[{"@type":"ListItem","position":1,"name":"Strona g\u0142\u00f3wna","item":"https:\/\/megapets.eu\/fr\/accueil\/"},{"@type":"ListItem","position":2,"name":"Boutique","item":"https:\/\/megapets.eu\/boutique\/"},{"@type":"ListItem","position":3,"name":"Lissachatina fulica rodatzi corps albinos"}]},{"@type":"WebSite","@id":"https:\/\/megapets.eu\/fr\/#website","url":"https:\/\/megapets.eu\/fr\/","name":"Mega Pets","description":"Jedna z najwi\u0119kszych hodowli \u015blimak\u00f3w w Europie","publisher":{"@id":"https:\/\/megapets.eu\/fr\/#organization"},"alternateName":"Mega Pets","potentialAction":[{"@type":"SearchAction","target":{"@type":"EntryPoint","urlTemplate":"https:\/\/megapets.eu\/fr\/?s={search_term_string}"},"query-input":{"@type":"PropertyValueSpecification","valueRequired":true,"valueName":"search_term_string"}}],"inLanguage":"fr-FR"},{"@type":"Organization","@id":"https:\/\/megapets.eu\/fr\/#organization","name":"Mega Pets","url":"https:\/\/megapets.eu\/fr\/","logo":{"@type":"ImageObject","inLanguage":"fr-FR","@id":"https:\/\/megapets.eu\/fr\/#\/schema\/logo\/image\/","url":"https:\/\/megapets.eu\/wp-content\/uploads\/2025\/04\/megapets_eu-logo.png","contentUrl":"https:\/\/megapets.eu\/wp-content\/uploads\/2025\/04\/megapets_eu-logo.png","width":2362,"height":2362,"caption":"Mega Pets"},"image":{"@id":"https:\/\/megapets.eu\/fr\/#\/schema\/logo\/image\/"},"sameAs":["https:\/\/www.facebook.com\/MegaPets.eu\/"]}]}},"_links":{"self":[{"href":"https:\/\/megapets.eu\/fr\/wp-json\/wp\/v2\/product\/4559","targetHints":{"allow":["GET"]}}],"collection":[{"href":"https:\/\/megapets.eu\/fr\/wp-json\/wp\/v2\/product"}],"about":[{"href":"https:\/\/megapets.eu\/fr\/wp-json\/wp\/v2\/types\/product"}],"wp:featuredmedia":[{"embeddable":true,"href":"https:\/\/megapets.eu\/fr\/wp-json\/wp\/v2\/media\/4560"}],"wp:attachment":[{"href":"https:\/\/megapets.eu\/fr\/wp-json\/wp\/v2\/media?parent=4559"}],"wp:term":[{"taxonomy":"product_cat","embeddable":true,"href":"https:\/\/megapets.eu\/fr\/wp-json\/wp\/v2\/product_cat?post=4559"},{"taxonomy":"product_tag","embeddable":true,"href":"https:\/\/megapets.eu\/fr\/wp-json\/wp\/v2\/product_tag?post=4559"}],"curies":[{"name":"wp","href":"https:\/\/api.w.org\/{rel}","templated":true}]}}