{"id":4562,"date":"2024-10-05T21:57:48","date_gmt":"2024-10-05T21:57:48","guid":{"rendered":"https:\/\/megapets.eu\/non%20class\u00e9\/cubaris-sp-pak-chongequipe-de-nettoyage\/"},"modified":"2025-11-27T10:26:55","modified_gmt":"2025-11-27T10:26:55","slug":"cubaris-sp-pak-chongequipe-de-nettoyage","status":"publish","type":"product","link":"https:\/\/megapets.eu\/fr\/isopodes\/cubaris-sp-pak-chongequipe-de-nettoyage\/","title":{"rendered":"Cubaris sp. \u00ab\u00a0Pak Chong\u00a0\u00bb<br \/>\u00ab\u00a0\u00c9quipe de nettoyage\u00a0\u00bb."},"content":{"rendered":"<p class=\"v1v1v1v1MsoNormal\"><span style=\"color: #424242;\"><strong><em><span style=\"font-size: 15px;\">Prosions \/ Kulanki : g<\/span><\/em><\/strong><strong><em><span style=\"font-size: 15px;\">atunek Cubaris sp. \u00a0\u00bb Pak Chong \u00ab\u00a0.<\/span><\/em><\/strong><\/span><\/p>\n<p><strong style=\"color: #424242;\"><em><span style=\"font-size: 15px;\"><strong><span class=\"x1xsqp64 xiy17q3 x1o6pynw x19co3pv xdj266r xcwd3tp xat24cr x39eecv x2b8uid\" data-testid=\"emoji\"><span class=\"xexx8yu xn5pp95 x18d9i69 x2fxd7x x3jgonx x1bhl96m\">Cubaris sp. \u00ab\u00a0<span style=\"font-size: 15px; color: #424242;\"><span style=\"color: #424242;\">\ud83e\udde1<span class=\"html-span xexx8yu x4uap5 x18d9i69 xkhd6sd x1hl2dhg x16tdsg8 x1vvkbs x3nfvp2 x1j61x8r x1fcty0u xdj266r xat24cr xgzva0m xhhsvwb xxymvpz xlup9mm x1kky2od\">\ud83d\udda4\ud83e\udd0d<\/span><\/span><\/span>Pak<span style=\"font-size: 15px; color: #424242;\"><span style=\"color: #424242;\">\ud83e\udde1<\/span><\/span><span style=\"font-size: 15px; color: #424242;\"><span style=\"color: #424242;\"><span class=\"html-span xexx8yu x4uap5 x18d9i69 xkhd6sd x1hl2dhg x16tdsg8 x1vvkbs x3nfvp2 x1j61x8r x1fcty0u xdj266r xat24cr xgzva0m xhhsvwb xxymvpz xlup9mm x1kky2od\">\ud83d\udda4\ud83e\udd0d<\/span><\/span><\/span>Chong<span style=\"font-size: 15px; color: #424242;\"><span style=\"color: #424242;\">\ud83e\udde1<\/span><\/span><span style=\"font-size: 15px; color: #424242;\"><span style=\"color: #424242;\"><span class=\"html-span xexx8yu x4uap5 x18d9i69 xkhd6sd x1hl2dhg x16tdsg8 x1vvkbs x3nfvp2 x1j61x8r x1fcty0u xdj266r xat24cr xgzva0m xhhsvwb xxymvpz xlup9mm x1kky2od\">\ud83d\udda4\ud83e\udd0d<\/span><\/span><\/span>\u00ab\u00a0<\/span><\/span><\/strong><\/span><\/em><\/strong><\/p>\n<p><strong style=\"color: #424242;\"><em><span style=\"font-size: 15px;\"><strong><span class=\"x1xsqp64 xiy17q3 x1o6pynw x19co3pv xdj266r xcwd3tp xat24cr x39eecv x2b8uid\" data-testid=\"emoji\"><span class=\"xexx8yu xn5pp95 x18d9i69 x2fxd7x x3jgonx x1bhl96m\">Facile \u00e0 entretenir, donc parfait pour les d\u00e9butants.<\/span><\/span><\/strong><\/span><\/em><\/strong><\/p>\n<p><strong style=\"color: #424242;\"><strong><em><span style=\"font-size: 15px; color: #424242;\"><strong><span style=\"font-size: 15px;\"><span class=\"x1xsqp64 xiy17q3 x1o6pynw x19co3pv xdj266r xcwd3tp xat24cr x39eecv x2b8uid\" data-testid=\"emoji\"><span class=\"xexx8yu xn5pp95 x18d9i69 x2fxd7x x3jgonx x1bhl96m\"><span style=\"color: #424242;\">\ud83e\udde1<span class=\"html-span xexx8yu x4uap5 x18d9i69 xkhd6sd x1hl2dhg x16tdsg8 x1vvkbs x3nfvp2 x1j61x8r x1fcty0u xdj266r xat24cr xgzva0m xhhsvwb xxymvpz xlup9mm x1kky2od\">\ud83d\udda4\ud83e\udd0d<\/span><\/span><span style=\"color: #424242;\"> <\/span><\/span><\/span><\/span>Tu cherches quelque chose d&rsquo;amusant \u00e0 \u00e9lever pour commencer ? <\/strong> Prosions et couguars<strong> <\/strong>sont des cr\u00e9atures magnifiques et faciles \u00e0 \u00e9lever, tout \u00e0 fait s\u00fbres pour les humains et qui ne mordent pas. Ils ont des m\u00e2choires faibles qui sont adapt\u00e9es au d\u00e9chiquetage des mati\u00e8res v\u00e9g\u00e9tales. Les isopodes pr\u00e9f\u00e8rent les endroits humides, vivent dans la couche sup\u00e9rieure du substrat et se nourrissent de feuilles, d&rsquo;un substrat \u00e0 plusieurs composants con\u00e7u pour les crocodiles, ainsi que de l\u00e9gumes et de fruits.<\/span><\/em><\/strong><\/strong><\/p>\n<p class=\"v1v1v1v1MsoNormal\"><span style=\"color: #424242;\"><strong><em><span style=\"font-size: 15px;\"><span class=\"x1xsqp64 xiy17q3 x1o6pynw x19co3pv xdj266r xcwd3tp xat24cr x39eecv x2b8uid\" data-testid=\"emoji\"><span class=\"xexx8yu xn5pp95 x18d9i69 x2fxd7x x3jgonx x1bhl96m\">\ud83c\udf3f <\/span><\/span>Tout ce dont un tel animal a besoin pour r\u00e9ussir son d\u00e9veloppement et sa vie dans un terrarium est :<\/span><\/em><\/strong><\/span><\/p>\n<p class=\"v1v1v1v1MsoNormal\"><span style=\"color: #008000;\"><strong><em><span style=\"font-size: 15px;\">* Substrat \/ nourriture : Substrat de crocodiles et de vers ou substrat de noix de coco ;<\/span><\/em><\/strong><\/span><\/p>\n<p class=\"v1v1v1v1MsoNormal\"><span style=\"color: #008000;\"><strong><em><span style=\"font-size: 15px;\">* Nourriture : L\u00e9gumes et fruits frais ;<\/span><\/em><\/strong><\/span><\/p>\n<p class=\"v1v1v1v1MsoNormal\"><span style=\"color: #008000;\"><strong><em><span style=\"font-size: 15px;\">* Nourriture : S\u00e9pia &#8211; l&rsquo;os de seiche est une source naturelle de calcium pour les animaux du terrarium ; <\/span><\/em><\/strong><\/span><\/p>\n<p class=\"v1v1v1v1MsoNormal\"><span style=\"color: #008000;\"><strong><em><span style=\"font-size: 15px;\">* Nourriture : Le gammarus terrestre est un germe s\u00e9ch\u00e9, riche en macro- et micronutriments, une source naturelle de prot\u00e9ines animales et de chitine (disponible sur notre autre vente aux ench\u00e8res) ;<\/span><\/em><\/strong><\/span><\/p>\n<p class=\"v1v1v1v1MsoNormal\"><span style=\"color: #008000;\"><strong><em><span style=\"font-size: 15px;\">* Terrarium : Faunabox ou conteneur d&rsquo;\u00e9levage est id\u00e9al pour garder les isopodes ;<\/span><\/em><\/strong><\/span><\/p>\n<p class=\"v1v1v1v1MsoNormal\"><span style=\"color: #008000;\"><strong><em><span style=\"font-size: 15px;\">* Ne pas laisser le substrat devenir compl\u00e8tement sec, arroser le terrarium de temps en temps.<\/span><\/em><\/strong><\/span><\/p>\n","protected":false},"excerpt":{"rendered":"<ul class=\"product_attributes\">\n<li><strong>Taille cible des sp\u00e9cimens :<\/strong> <span style=\"color: #000000;\">environ 1,5 cm<\/span><\/li>\n<li>Sp\u00e9cimens offerts : <span style=\"color: #000000;\">emball\u00e9s de fa\u00e7on al\u00e9atoire<\/span><\/li>\n<li>Le prix est pour un ensemble : <span style=\"color: #000000;\">6 pi\u00e8ces<\/span><\/li>\n<\/ul>\n","protected":false},"featured_media":4564,"template":"","meta":{"_acf_changed":false,"_links_to":"","_links_to_target":""},"product_cat":[109],"product_tag":[],"class_list":{"0":"post-4562","1":"product","2":"type-product","3":"status-publish","4":"has-post-thumbnail","6":"product_cat-isopodes","8":"first","9":"outofstock","10":"shipping-taxable","11":"purchasable","12":"product-type-simple"},"acf":[],"yoast_head":"<!-- This site is optimized with the Yoast SEO plugin v24.9 - https:\/\/yoast.com\/wordpress\/plugins\/seo\/ -->\n<title>Cubaris sp. &quot;Pak Chong&quot;&quot;\u00c9quipe de nettoyage&quot;. | MegaPets<\/title>\n<meta name=\"robots\" content=\"index, follow, max-snippet:-1, max-image-preview:large, max-video-preview:-1\" \/>\n<link rel=\"canonical\" href=\"https:\/\/megapets.eu\/fr\/isopodes\/cubaris-sp-pak-chongequipe-de-nettoyage\/\" \/>\n<meta property=\"og:locale\" content=\"fr_FR\" \/>\n<meta property=\"og:type\" content=\"article\" \/>\n<meta property=\"og:title\" content=\"Cubaris sp. &quot;Pak Chong&quot;&quot;\u00c9quipe de nettoyage&quot;. | MegaPets\" \/>\n<meta property=\"og:description\" content=\"Taille cible des sp\u00e9cimens : environ 1,5 cm  Sp\u00e9cimens offerts : emball\u00e9s de fa\u00e7on al\u00e9atoire  Le prix est pour un ensemble : 6 pi\u00e8ces\" \/>\n<meta property=\"og:url\" content=\"https:\/\/megapets.eu\/fr\/isopodes\/cubaris-sp-pak-chongequipe-de-nettoyage\/\" \/>\n<meta property=\"og:site_name\" content=\"MegaPets\" \/>\n<meta property=\"article:publisher\" content=\"https:\/\/www.facebook.com\/MegaPets.eu\/\" \/>\n<meta property=\"article:modified_time\" content=\"2025-11-27T10:26:55+00:00\" \/>\n<meta property=\"og:image\" content=\"https:\/\/megapets.eu\/wp-content\/uploads\/2024\/10\/2-Cubaris-sp.-Pak-Chong-e1728165646288.png\" \/>\n\t<meta property=\"og:image:width\" content=\"736\" \/>\n\t<meta property=\"og:image:height\" content=\"501\" \/>\n\t<meta property=\"og:image:type\" content=\"image\/png\" \/>\n<meta name=\"twitter:card\" content=\"summary_large_image\" \/>\n<meta name=\"twitter:label1\" content=\"Dur\u00e9e de lecture estim\u00e9e\" \/>\n\t<meta name=\"twitter:data1\" content=\"1 minute\" \/>\n<script type=\"application\/ld+json\" class=\"yoast-schema-graph\">{\"@context\":\"https:\/\/schema.org\",\"@graph\":[{\"@type\":\"WebPage\",\"@id\":\"https:\/\/megapets.eu\/fr\/isopodes\/cubaris-sp-pak-chongequipe-de-nettoyage\/\",\"url\":\"https:\/\/megapets.eu\/fr\/isopodes\/cubaris-sp-pak-chongequipe-de-nettoyage\/\",\"name\":\"Cubaris sp. \\\"Pak Chong\\\" \\\"\u00c9quipe de nettoyage\\\". | MegaPets\",\"isPartOf\":{\"@id\":\"https:\/\/megapets.eu\/fr\/#website\"},\"primaryImageOfPage\":{\"@id\":\"https:\/\/megapets.eu\/fr\/isopodes\/cubaris-sp-pak-chongequipe-de-nettoyage\/#primaryimage\"},\"image\":{\"@id\":\"https:\/\/megapets.eu\/fr\/isopodes\/cubaris-sp-pak-chongequipe-de-nettoyage\/#primaryimage\"},\"thumbnailUrl\":\"https:\/\/megapets.eu\/wp-content\/uploads\/2024\/10\/2-Cubaris-sp.-Pak-Chong-e1728165646288.png\",\"datePublished\":\"2024-10-05T21:57:48+00:00\",\"dateModified\":\"2025-11-27T10:26:55+00:00\",\"breadcrumb\":{\"@id\":\"https:\/\/megapets.eu\/fr\/isopodes\/cubaris-sp-pak-chongequipe-de-nettoyage\/#breadcrumb\"},\"inLanguage\":\"fr-FR\",\"potentialAction\":[{\"@type\":\"ReadAction\",\"target\":[\"https:\/\/megapets.eu\/fr\/isopodes\/cubaris-sp-pak-chongequipe-de-nettoyage\/\"]}]},{\"@type\":\"ImageObject\",\"inLanguage\":\"fr-FR\",\"@id\":\"https:\/\/megapets.eu\/fr\/isopodes\/cubaris-sp-pak-chongequipe-de-nettoyage\/#primaryimage\",\"url\":\"https:\/\/megapets.eu\/wp-content\/uploads\/2024\/10\/2-Cubaris-sp.-Pak-Chong-e1728165646288.png\",\"contentUrl\":\"https:\/\/megapets.eu\/wp-content\/uploads\/2024\/10\/2-Cubaris-sp.-Pak-Chong-e1728165646288.png\",\"width\":736,\"height\":501},{\"@type\":\"BreadcrumbList\",\"@id\":\"https:\/\/megapets.eu\/fr\/isopodes\/cubaris-sp-pak-chongequipe-de-nettoyage\/#breadcrumb\",\"itemListElement\":[{\"@type\":\"ListItem\",\"position\":1,\"name\":\"Strona g\u0142\u00f3wna\",\"item\":\"https:\/\/megapets.eu\/fr\/accueil\/\"},{\"@type\":\"ListItem\",\"position\":2,\"name\":\"Boutique\",\"item\":\"https:\/\/megapets.eu\/boutique\/\"},{\"@type\":\"ListItem\",\"position\":3,\"name\":\"Cubaris sp. &#8222;Pak Chong\\\"&#8222;\u00c9quipe de nettoyage\\\".\"}]},{\"@type\":\"WebSite\",\"@id\":\"https:\/\/megapets.eu\/fr\/#website\",\"url\":\"https:\/\/megapets.eu\/fr\/\",\"name\":\"Mega Pets\",\"description\":\"Jedna z najwi\u0119kszych hodowli \u015blimak\u00f3w w Europie\",\"publisher\":{\"@id\":\"https:\/\/megapets.eu\/fr\/#organization\"},\"alternateName\":\"Mega Pets\",\"potentialAction\":[{\"@type\":\"SearchAction\",\"target\":{\"@type\":\"EntryPoint\",\"urlTemplate\":\"https:\/\/megapets.eu\/fr\/?s={search_term_string}\"},\"query-input\":{\"@type\":\"PropertyValueSpecification\",\"valueRequired\":true,\"valueName\":\"search_term_string\"}}],\"inLanguage\":\"fr-FR\"},{\"@type\":\"Organization\",\"@id\":\"https:\/\/megapets.eu\/fr\/#organization\",\"name\":\"Mega Pets\",\"url\":\"https:\/\/megapets.eu\/fr\/\",\"logo\":{\"@type\":\"ImageObject\",\"inLanguage\":\"fr-FR\",\"@id\":\"https:\/\/megapets.eu\/fr\/#\/schema\/logo\/image\/\",\"url\":\"https:\/\/megapets.eu\/wp-content\/uploads\/2025\/04\/megapets_eu-logo.png\",\"contentUrl\":\"https:\/\/megapets.eu\/wp-content\/uploads\/2025\/04\/megapets_eu-logo.png\",\"width\":2362,\"height\":2362,\"caption\":\"Mega Pets\"},\"image\":{\"@id\":\"https:\/\/megapets.eu\/fr\/#\/schema\/logo\/image\/\"},\"sameAs\":[\"https:\/\/www.facebook.com\/MegaPets.eu\/\"]}]}<\/script>\n<!-- \/ Yoast SEO plugin. -->","yoast_head_json":{"title":"Cubaris sp. \"Pak Chong\"\"\u00c9quipe de nettoyage\". | MegaPets","robots":{"index":"index","follow":"follow","max-snippet":"max-snippet:-1","max-image-preview":"max-image-preview:large","max-video-preview":"max-video-preview:-1"},"canonical":"https:\/\/megapets.eu\/fr\/isopodes\/cubaris-sp-pak-chongequipe-de-nettoyage\/","og_locale":"fr_FR","og_type":"article","og_title":"Cubaris sp. \"Pak Chong\"\"\u00c9quipe de nettoyage\". | MegaPets","og_description":"Taille cible des sp\u00e9cimens : environ 1,5 cm  Sp\u00e9cimens offerts : emball\u00e9s de fa\u00e7on al\u00e9atoire  Le prix est pour un ensemble : 6 pi\u00e8ces","og_url":"https:\/\/megapets.eu\/fr\/isopodes\/cubaris-sp-pak-chongequipe-de-nettoyage\/","og_site_name":"MegaPets","article_publisher":"https:\/\/www.facebook.com\/MegaPets.eu\/","article_modified_time":"2025-11-27T10:26:55+00:00","og_image":[{"width":736,"height":501,"url":"https:\/\/megapets.eu\/wp-content\/uploads\/2024\/10\/2-Cubaris-sp.-Pak-Chong-e1728165646288.png","type":"image\/png"}],"twitter_card":"summary_large_image","twitter_misc":{"Dur\u00e9e de lecture estim\u00e9e":"1 minute"},"schema":{"@context":"https:\/\/schema.org","@graph":[{"@type":"WebPage","@id":"https:\/\/megapets.eu\/fr\/isopodes\/cubaris-sp-pak-chongequipe-de-nettoyage\/","url":"https:\/\/megapets.eu\/fr\/isopodes\/cubaris-sp-pak-chongequipe-de-nettoyage\/","name":"Cubaris sp. \"Pak Chong\" \"\u00c9quipe de nettoyage\". | MegaPets","isPartOf":{"@id":"https:\/\/megapets.eu\/fr\/#website"},"primaryImageOfPage":{"@id":"https:\/\/megapets.eu\/fr\/isopodes\/cubaris-sp-pak-chongequipe-de-nettoyage\/#primaryimage"},"image":{"@id":"https:\/\/megapets.eu\/fr\/isopodes\/cubaris-sp-pak-chongequipe-de-nettoyage\/#primaryimage"},"thumbnailUrl":"https:\/\/megapets.eu\/wp-content\/uploads\/2024\/10\/2-Cubaris-sp.-Pak-Chong-e1728165646288.png","datePublished":"2024-10-05T21:57:48+00:00","dateModified":"2025-11-27T10:26:55+00:00","breadcrumb":{"@id":"https:\/\/megapets.eu\/fr\/isopodes\/cubaris-sp-pak-chongequipe-de-nettoyage\/#breadcrumb"},"inLanguage":"fr-FR","potentialAction":[{"@type":"ReadAction","target":["https:\/\/megapets.eu\/fr\/isopodes\/cubaris-sp-pak-chongequipe-de-nettoyage\/"]}]},{"@type":"ImageObject","inLanguage":"fr-FR","@id":"https:\/\/megapets.eu\/fr\/isopodes\/cubaris-sp-pak-chongequipe-de-nettoyage\/#primaryimage","url":"https:\/\/megapets.eu\/wp-content\/uploads\/2024\/10\/2-Cubaris-sp.-Pak-Chong-e1728165646288.png","contentUrl":"https:\/\/megapets.eu\/wp-content\/uploads\/2024\/10\/2-Cubaris-sp.-Pak-Chong-e1728165646288.png","width":736,"height":501},{"@type":"BreadcrumbList","@id":"https:\/\/megapets.eu\/fr\/isopodes\/cubaris-sp-pak-chongequipe-de-nettoyage\/#breadcrumb","itemListElement":[{"@type":"ListItem","position":1,"name":"Strona g\u0142\u00f3wna","item":"https:\/\/megapets.eu\/fr\/accueil\/"},{"@type":"ListItem","position":2,"name":"Boutique","item":"https:\/\/megapets.eu\/boutique\/"},{"@type":"ListItem","position":3,"name":"Cubaris sp. &#8222;Pak Chong\"&#8222;\u00c9quipe de nettoyage\"."}]},{"@type":"WebSite","@id":"https:\/\/megapets.eu\/fr\/#website","url":"https:\/\/megapets.eu\/fr\/","name":"Mega Pets","description":"Jedna z najwi\u0119kszych hodowli \u015blimak\u00f3w w Europie","publisher":{"@id":"https:\/\/megapets.eu\/fr\/#organization"},"alternateName":"Mega Pets","potentialAction":[{"@type":"SearchAction","target":{"@type":"EntryPoint","urlTemplate":"https:\/\/megapets.eu\/fr\/?s={search_term_string}"},"query-input":{"@type":"PropertyValueSpecification","valueRequired":true,"valueName":"search_term_string"}}],"inLanguage":"fr-FR"},{"@type":"Organization","@id":"https:\/\/megapets.eu\/fr\/#organization","name":"Mega Pets","url":"https:\/\/megapets.eu\/fr\/","logo":{"@type":"ImageObject","inLanguage":"fr-FR","@id":"https:\/\/megapets.eu\/fr\/#\/schema\/logo\/image\/","url":"https:\/\/megapets.eu\/wp-content\/uploads\/2025\/04\/megapets_eu-logo.png","contentUrl":"https:\/\/megapets.eu\/wp-content\/uploads\/2025\/04\/megapets_eu-logo.png","width":2362,"height":2362,"caption":"Mega Pets"},"image":{"@id":"https:\/\/megapets.eu\/fr\/#\/schema\/logo\/image\/"},"sameAs":["https:\/\/www.facebook.com\/MegaPets.eu\/"]}]}},"_links":{"self":[{"href":"https:\/\/megapets.eu\/fr\/wp-json\/wp\/v2\/product\/4562","targetHints":{"allow":["GET"]}}],"collection":[{"href":"https:\/\/megapets.eu\/fr\/wp-json\/wp\/v2\/product"}],"about":[{"href":"https:\/\/megapets.eu\/fr\/wp-json\/wp\/v2\/types\/product"}],"wp:featuredmedia":[{"embeddable":true,"href":"https:\/\/megapets.eu\/fr\/wp-json\/wp\/v2\/media\/4564"}],"wp:attachment":[{"href":"https:\/\/megapets.eu\/fr\/wp-json\/wp\/v2\/media?parent=4562"}],"wp:term":[{"taxonomy":"product_cat","embeddable":true,"href":"https:\/\/megapets.eu\/fr\/wp-json\/wp\/v2\/product_cat?post=4562"},{"taxonomy":"product_tag","embeddable":true,"href":"https:\/\/megapets.eu\/fr\/wp-json\/wp\/v2\/product_tag?post=4562"}],"curies":[{"name":"wp","href":"https:\/\/api.w.org\/{rel}","templated":true}]}}