{"id":4570,"date":"2024-10-03T19:32:52","date_gmt":"2024-10-03T19:32:52","guid":{"rendered":"https:\/\/megapets.eu\/non class\u00e9\/faunabox-et-kit-de-demarrage-pour-lelevage-deviperes-crocodiles-isopodes\/"},"modified":"2024-10-03T19:32:52","modified_gmt":"2024-10-03T19:32:52","slug":"faunabox-et-kit-de-demarrage-pour-lelevage-deviperes-crocodiles-isopodes","status":"publish","type":"product","link":"https:\/\/megapets.eu\/fr\/accessoires\/faunabox-et-kit-de-demarrage-pour-lelevage-deviperes-crocodiles-isopodes\/","title":{"rendered":"Faunabox et kit de d\u00e9marrage pour l&rsquo;\u00e9levage de<br \/>vip\u00e8res, crocodiles, isopodes."},"content":{"rendered":"<p><em><span style=\"color: #424242;\"><strong>Le kit &lsquo;Faunabox et kit de d\u00e9marrage pour l&rsquo;\u00e9levage de vip\u00e8res, crocodiles, isopodes&rsquo; comprend :<\/strong><\/span><\/em><\/p>\n<ul>\n<li><span style=\"font-size: 17px; color: #e87020;\"><em><strong>1 pcs x Faunabox avec une bonne ventilation pour \u00e9lever des crocodiles, des vip\u00e8res, des isopodes.<\/strong><\/em><\/span><\/li>\n<\/ul>\n<p><em><span style=\"color: #424242; font-size: 15px;\"><strong>Les couvercles existent en diff\u00e9rentes couleurs. La couleur du couvercle est envoy\u00e9e au hasard.<\/strong><\/span><\/em><\/p>\n<p><em><span style=\"color: #424242; font-size: 15px;\"><strong>Dimensions : 20 x 30 x 21 cm. Capacit\u00e9 : 7 L. <\/strong><\/span><\/em><\/p>\n<ul>\n<li><span style=\"color: #e87020; font-size: 17px;\"><em><strong>1 pcs x substrat forestier 1,5 L.<\/strong><\/em><\/span><\/li>\n<\/ul>\n<p><em><span style=\"color: #424242; font-size: 15px;\"><strong>Le substrat forestier est id\u00e9al pour l&rsquo;\u00e9levage de crocodiles, vip\u00e8res, isopodes, prosimiens, culanid\u00e9s, blattes exotiques.<\/strong><\/span><\/em><\/p>\n<p><em><span style=\"color: #424242; font-size: 15px;\"><strong>Le substrat est humide, toujours fra\u00eechement pr\u00e9par\u00e9, donc recommand\u00e9 pour une utilisation imm\u00e9diate. <\/strong><\/span><\/em><\/p>\n<p><em><span style=\"color: #424242; font-size: 15px;\"><strong>Composition du substrat (ingr\u00e9dients trait\u00e9s thermiquement) : Feuilles de ch\u00eane s\u00e9ch\u00e9es ; feuilles de bouleau ; bois de ch\u00eane et de h\u00eatre en d\u00e9composition ; cubes de ch\u00eane et de h\u00eatre ; tourbe neutre ; substrat de noix de coco ; tourbe de sphaigne.<\/strong><\/span><\/em><\/p>\n<ul>\n<li><span style=\"color: #e87020; font-size: 17px;\"><em><strong>1 pc x Feuilles de bouleau et de ch\u00eane s\u00e9ch\u00e9es 500 ml.<\/strong><\/em><\/span><\/li>\n<\/ul>\n<p><em><span style=\"color: #424242; font-size: 15px;\"><strong>Trait\u00e9 thermiquement.<\/strong><\/span><\/em><\/p>\n<ul>\n<li><span style=\"color: #e87020; font-size: 17px;\"><em><strong>1 pc x Gammarus moulu 25 g.<\/strong><\/em><\/span><\/li>\n<\/ul>\n<p><em><span style=\"color: #424242; font-size: 15px;\"><strong>Gammarus moulu est un germe s\u00e9ch\u00e9, riche en macro- et micro-\u00e9l\u00e9ments, une source naturelle de prot\u00e9ines animales et de chitine. Gammarus est id\u00e9al pour l&rsquo;\u00e9levage d&rsquo;escargots exotiques, de vers, de crocodiles, de cafards exotiques et d&rsquo;autres animaux de terrarium.<\/strong><\/span><\/em><\/p>\n<ul>\n<li><span style=\"color: #e87020; font-size: 17px;\"><em><strong>1 pcs x Sepia pieces 250 ml.<\/strong><\/em><\/span><\/li>\n<\/ul>\n<p><em><span style=\"color: #424242; font-size: 15px;\"><strong>Os de seiche 100% naturel, source de calcium pour les animaux de terrarium.<\/strong><\/span><\/em><\/p>\n<ul>\n<li><span style=\"font-size: 17px; color: #e87020;\"><em><strong>1 pc x Tourbe de sphaigne s\u00e9ch\u00e9e 500 ml.<\/strong><\/em><\/span><\/li>\n<\/ul>\n<p><em><span style=\"color: #424242; font-size: 15px;\"><strong>Trait\u00e9e thermiquement<\/strong><\/span><\/em><\/p>\n<ul>\n<li><span style=\"font-size: 17px; color: #e87020;\"><em><strong>1-2 pcs x ornements d\u00e9coratifs.<\/strong><\/em><\/span><\/li>\n<\/ul>\n<p><em><span style=\"color: #424242; font-size: 15px;\"><strong>L&rsquo;apparence de l&rsquo;ornement est choisie au hasard.<\/strong><\/span><\/em><\/p>\n<ul>\n<li><em><strong><span style=\"font-size: 17px;\"><span style=\"color: #e87020;\">1 pc x Instructions d&rsquo;\u00e9levage.<\/span><\/span><\/strong><\/em><\/li>\n<\/ul>\n","protected":false},"excerpt":{"rendered":"<ul class=\"product_attributes\">\n<li><span style=\"color: #555555;\"><strong>Accessoires de base bien choisis<\/strong><\/span><\/li>\n<li><span style=\"color: #555555;\"><strong>Dimensions : 20 x 30 x 21 cm<\/strong><\/span><\/li>\n<li><span style=\"color: #555555;\"><strong>Capacit\u00e9 : 7 L<\/strong><\/span><\/li>\n<\/ul>\n","protected":false},"featured_media":4576,"template":"","meta":{"_acf_changed":false,"_links_to":"","_links_to_target":""},"product_cat":[112],"product_tag":[114,113],"class_list":{"0":"post-4570","1":"product","2":"type-product","3":"status-publish","4":"has-post-thumbnail","6":"product_cat-accessoires","7":"product_tag-pour-les-isopodes","8":"product_tag-pour-les-ruses","10":"first","11":"outofstock","12":"shipping-taxable","13":"purchasable","14":"product-type-simple"},"acf":[],"yoast_head":"<!-- This site is optimized with the Yoast SEO plugin v24.9 - https:\/\/yoast.com\/wordpress\/plugins\/seo\/ -->\n<title>Faunabox et kit de d\u00e9marrage pour l&#039;\u00e9levage devip\u00e8res, crocodiles, isopodes. | MegaPets<\/title>\n<meta name=\"robots\" content=\"index, follow, max-snippet:-1, max-image-preview:large, max-video-preview:-1\" \/>\n<link rel=\"canonical\" href=\"https:\/\/megapets.eu\/fr\/accessoires\/faunabox-et-kit-de-demarrage-pour-lelevage-deviperes-crocodiles-isopodes\/\" \/>\n<meta property=\"og:locale\" content=\"fr_FR\" \/>\n<meta property=\"og:type\" content=\"article\" \/>\n<meta property=\"og:title\" content=\"Faunabox et kit de d\u00e9marrage pour l&#039;\u00e9levage devip\u00e8res, crocodiles, isopodes. | MegaPets\" \/>\n<meta property=\"og:description\" content=\"Accessoires de base bien choisis  Dimensions : 20 x 30 x 21 cm  Capacit\u00e9 : 7 L\" \/>\n<meta property=\"og:url\" content=\"https:\/\/megapets.eu\/fr\/accessoires\/faunabox-et-kit-de-demarrage-pour-lelevage-deviperes-crocodiles-isopodes\/\" \/>\n<meta property=\"og:site_name\" content=\"MegaPets\" \/>\n<meta property=\"article:publisher\" content=\"https:\/\/www.facebook.com\/MegaPets.eu\/\" \/>\n<meta property=\"og:image\" content=\"https:\/\/megapets.eu\/wp-content\/uploads\/2024\/10\/IMG_2723-e1728316392316.jpg\" \/>\n\t<meta property=\"og:image:width\" content=\"1928\" \/>\n\t<meta property=\"og:image:height\" content=\"1327\" \/>\n\t<meta property=\"og:image:type\" content=\"image\/jpeg\" \/>\n<meta name=\"twitter:card\" content=\"summary_large_image\" \/>\n<meta name=\"twitter:label1\" content=\"Dur\u00e9e de lecture estim\u00e9e\" \/>\n\t<meta name=\"twitter:data1\" content=\"1 minute\" \/>\n<script type=\"application\/ld+json\" class=\"yoast-schema-graph\">{\"@context\":\"https:\/\/schema.org\",\"@graph\":[{\"@type\":\"WebPage\",\"@id\":\"https:\/\/megapets.eu\/fr\/accessoires\/faunabox-et-kit-de-demarrage-pour-lelevage-deviperes-crocodiles-isopodes\/\",\"url\":\"https:\/\/megapets.eu\/fr\/accessoires\/faunabox-et-kit-de-demarrage-pour-lelevage-deviperes-crocodiles-isopodes\/\",\"name\":\"Faunabox et kit de d\u00e9marrage pour l'\u00e9levage de vip\u00e8res, crocodiles, isopodes. | MegaPets\",\"isPartOf\":{\"@id\":\"https:\/\/megapets.eu\/fr\/#website\"},\"primaryImageOfPage\":{\"@id\":\"https:\/\/megapets.eu\/fr\/accessoires\/faunabox-et-kit-de-demarrage-pour-lelevage-deviperes-crocodiles-isopodes\/#primaryimage\"},\"image\":{\"@id\":\"https:\/\/megapets.eu\/fr\/accessoires\/faunabox-et-kit-de-demarrage-pour-lelevage-deviperes-crocodiles-isopodes\/#primaryimage\"},\"thumbnailUrl\":\"https:\/\/megapets.eu\/wp-content\/uploads\/2024\/10\/IMG_2723-e1728316392316.jpg\",\"datePublished\":\"2024-10-03T19:32:52+00:00\",\"breadcrumb\":{\"@id\":\"https:\/\/megapets.eu\/fr\/accessoires\/faunabox-et-kit-de-demarrage-pour-lelevage-deviperes-crocodiles-isopodes\/#breadcrumb\"},\"inLanguage\":\"fr-FR\",\"potentialAction\":[{\"@type\":\"ReadAction\",\"target\":[\"https:\/\/megapets.eu\/fr\/accessoires\/faunabox-et-kit-de-demarrage-pour-lelevage-deviperes-crocodiles-isopodes\/\"]}]},{\"@type\":\"ImageObject\",\"inLanguage\":\"fr-FR\",\"@id\":\"https:\/\/megapets.eu\/fr\/accessoires\/faunabox-et-kit-de-demarrage-pour-lelevage-deviperes-crocodiles-isopodes\/#primaryimage\",\"url\":\"https:\/\/megapets.eu\/wp-content\/uploads\/2024\/10\/IMG_2723-e1728316392316.jpg\",\"contentUrl\":\"https:\/\/megapets.eu\/wp-content\/uploads\/2024\/10\/IMG_2723-e1728316392316.jpg\",\"width\":1928,\"height\":1327},{\"@type\":\"BreadcrumbList\",\"@id\":\"https:\/\/megapets.eu\/fr\/accessoires\/faunabox-et-kit-de-demarrage-pour-lelevage-deviperes-crocodiles-isopodes\/#breadcrumb\",\"itemListElement\":[{\"@type\":\"ListItem\",\"position\":1,\"name\":\"Strona g\u0142\u00f3wna\",\"item\":\"https:\/\/megapets.eu\/fr\/accueil\/\"},{\"@type\":\"ListItem\",\"position\":2,\"name\":\"Boutique\",\"item\":\"https:\/\/megapets.eu\/boutique\/\"},{\"@type\":\"ListItem\",\"position\":3,\"name\":\"Faunabox et kit de d\u00e9marrage pour l&#8217;\u00e9levage devip\u00e8res, crocodiles, isopodes.\"}]},{\"@type\":\"WebSite\",\"@id\":\"https:\/\/megapets.eu\/fr\/#website\",\"url\":\"https:\/\/megapets.eu\/fr\/\",\"name\":\"Mega Pets\",\"description\":\"Jedna z najwi\u0119kszych hodowli \u015blimak\u00f3w w Europie\",\"publisher\":{\"@id\":\"https:\/\/megapets.eu\/fr\/#organization\"},\"alternateName\":\"Mega Pets\",\"potentialAction\":[{\"@type\":\"SearchAction\",\"target\":{\"@type\":\"EntryPoint\",\"urlTemplate\":\"https:\/\/megapets.eu\/fr\/?s={search_term_string}\"},\"query-input\":{\"@type\":\"PropertyValueSpecification\",\"valueRequired\":true,\"valueName\":\"search_term_string\"}}],\"inLanguage\":\"fr-FR\"},{\"@type\":\"Organization\",\"@id\":\"https:\/\/megapets.eu\/fr\/#organization\",\"name\":\"Mega Pets\",\"url\":\"https:\/\/megapets.eu\/fr\/\",\"logo\":{\"@type\":\"ImageObject\",\"inLanguage\":\"fr-FR\",\"@id\":\"https:\/\/megapets.eu\/fr\/#\/schema\/logo\/image\/\",\"url\":\"https:\/\/megapets.eu\/wp-content\/uploads\/2025\/04\/megapets_eu-logo.png\",\"contentUrl\":\"https:\/\/megapets.eu\/wp-content\/uploads\/2025\/04\/megapets_eu-logo.png\",\"width\":2362,\"height\":2362,\"caption\":\"Mega Pets\"},\"image\":{\"@id\":\"https:\/\/megapets.eu\/fr\/#\/schema\/logo\/image\/\"},\"sameAs\":[\"https:\/\/www.facebook.com\/MegaPets.eu\/\"]}]}<\/script>\n<!-- \/ Yoast SEO plugin. -->","yoast_head_json":{"title":"Faunabox et kit de d\u00e9marrage pour l'\u00e9levage devip\u00e8res, crocodiles, isopodes. | MegaPets","robots":{"index":"index","follow":"follow","max-snippet":"max-snippet:-1","max-image-preview":"max-image-preview:large","max-video-preview":"max-video-preview:-1"},"canonical":"https:\/\/megapets.eu\/fr\/accessoires\/faunabox-et-kit-de-demarrage-pour-lelevage-deviperes-crocodiles-isopodes\/","og_locale":"fr_FR","og_type":"article","og_title":"Faunabox et kit de d\u00e9marrage pour l'\u00e9levage devip\u00e8res, crocodiles, isopodes. | MegaPets","og_description":"Accessoires de base bien choisis  Dimensions : 20 x 30 x 21 cm  Capacit\u00e9 : 7 L","og_url":"https:\/\/megapets.eu\/fr\/accessoires\/faunabox-et-kit-de-demarrage-pour-lelevage-deviperes-crocodiles-isopodes\/","og_site_name":"MegaPets","article_publisher":"https:\/\/www.facebook.com\/MegaPets.eu\/","og_image":[{"width":1928,"height":1327,"url":"https:\/\/megapets.eu\/wp-content\/uploads\/2024\/10\/IMG_2723-e1728316392316.jpg","type":"image\/jpeg"}],"twitter_card":"summary_large_image","twitter_misc":{"Dur\u00e9e de lecture estim\u00e9e":"1 minute"},"schema":{"@context":"https:\/\/schema.org","@graph":[{"@type":"WebPage","@id":"https:\/\/megapets.eu\/fr\/accessoires\/faunabox-et-kit-de-demarrage-pour-lelevage-deviperes-crocodiles-isopodes\/","url":"https:\/\/megapets.eu\/fr\/accessoires\/faunabox-et-kit-de-demarrage-pour-lelevage-deviperes-crocodiles-isopodes\/","name":"Faunabox et kit de d\u00e9marrage pour l'\u00e9levage de vip\u00e8res, crocodiles, isopodes. | MegaPets","isPartOf":{"@id":"https:\/\/megapets.eu\/fr\/#website"},"primaryImageOfPage":{"@id":"https:\/\/megapets.eu\/fr\/accessoires\/faunabox-et-kit-de-demarrage-pour-lelevage-deviperes-crocodiles-isopodes\/#primaryimage"},"image":{"@id":"https:\/\/megapets.eu\/fr\/accessoires\/faunabox-et-kit-de-demarrage-pour-lelevage-deviperes-crocodiles-isopodes\/#primaryimage"},"thumbnailUrl":"https:\/\/megapets.eu\/wp-content\/uploads\/2024\/10\/IMG_2723-e1728316392316.jpg","datePublished":"2024-10-03T19:32:52+00:00","breadcrumb":{"@id":"https:\/\/megapets.eu\/fr\/accessoires\/faunabox-et-kit-de-demarrage-pour-lelevage-deviperes-crocodiles-isopodes\/#breadcrumb"},"inLanguage":"fr-FR","potentialAction":[{"@type":"ReadAction","target":["https:\/\/megapets.eu\/fr\/accessoires\/faunabox-et-kit-de-demarrage-pour-lelevage-deviperes-crocodiles-isopodes\/"]}]},{"@type":"ImageObject","inLanguage":"fr-FR","@id":"https:\/\/megapets.eu\/fr\/accessoires\/faunabox-et-kit-de-demarrage-pour-lelevage-deviperes-crocodiles-isopodes\/#primaryimage","url":"https:\/\/megapets.eu\/wp-content\/uploads\/2024\/10\/IMG_2723-e1728316392316.jpg","contentUrl":"https:\/\/megapets.eu\/wp-content\/uploads\/2024\/10\/IMG_2723-e1728316392316.jpg","width":1928,"height":1327},{"@type":"BreadcrumbList","@id":"https:\/\/megapets.eu\/fr\/accessoires\/faunabox-et-kit-de-demarrage-pour-lelevage-deviperes-crocodiles-isopodes\/#breadcrumb","itemListElement":[{"@type":"ListItem","position":1,"name":"Strona g\u0142\u00f3wna","item":"https:\/\/megapets.eu\/fr\/accueil\/"},{"@type":"ListItem","position":2,"name":"Boutique","item":"https:\/\/megapets.eu\/boutique\/"},{"@type":"ListItem","position":3,"name":"Faunabox et kit de d\u00e9marrage pour l&#8217;\u00e9levage devip\u00e8res, crocodiles, isopodes."}]},{"@type":"WebSite","@id":"https:\/\/megapets.eu\/fr\/#website","url":"https:\/\/megapets.eu\/fr\/","name":"Mega Pets","description":"Jedna z najwi\u0119kszych hodowli \u015blimak\u00f3w w Europie","publisher":{"@id":"https:\/\/megapets.eu\/fr\/#organization"},"alternateName":"Mega Pets","potentialAction":[{"@type":"SearchAction","target":{"@type":"EntryPoint","urlTemplate":"https:\/\/megapets.eu\/fr\/?s={search_term_string}"},"query-input":{"@type":"PropertyValueSpecification","valueRequired":true,"valueName":"search_term_string"}}],"inLanguage":"fr-FR"},{"@type":"Organization","@id":"https:\/\/megapets.eu\/fr\/#organization","name":"Mega Pets","url":"https:\/\/megapets.eu\/fr\/","logo":{"@type":"ImageObject","inLanguage":"fr-FR","@id":"https:\/\/megapets.eu\/fr\/#\/schema\/logo\/image\/","url":"https:\/\/megapets.eu\/wp-content\/uploads\/2025\/04\/megapets_eu-logo.png","contentUrl":"https:\/\/megapets.eu\/wp-content\/uploads\/2025\/04\/megapets_eu-logo.png","width":2362,"height":2362,"caption":"Mega Pets"},"image":{"@id":"https:\/\/megapets.eu\/fr\/#\/schema\/logo\/image\/"},"sameAs":["https:\/\/www.facebook.com\/MegaPets.eu\/"]}]}},"_links":{"self":[{"href":"https:\/\/megapets.eu\/fr\/wp-json\/wp\/v2\/product\/4570","targetHints":{"allow":["GET"]}}],"collection":[{"href":"https:\/\/megapets.eu\/fr\/wp-json\/wp\/v2\/product"}],"about":[{"href":"https:\/\/megapets.eu\/fr\/wp-json\/wp\/v2\/types\/product"}],"wp:featuredmedia":[{"embeddable":true,"href":"https:\/\/megapets.eu\/fr\/wp-json\/wp\/v2\/media\/4576"}],"wp:attachment":[{"href":"https:\/\/megapets.eu\/fr\/wp-json\/wp\/v2\/media?parent=4570"}],"wp:term":[{"taxonomy":"product_cat","embeddable":true,"href":"https:\/\/megapets.eu\/fr\/wp-json\/wp\/v2\/product_cat?post=4570"},{"taxonomy":"product_tag","embeddable":true,"href":"https:\/\/megapets.eu\/fr\/wp-json\/wp\/v2\/product_tag?post=4570"}],"curies":[{"name":"wp","href":"https:\/\/api.w.org\/{rel}","templated":true}]}}