{"id":4591,"date":"2024-10-04T20:06:20","date_gmt":"2024-10-04T20:06:20","guid":{"rendered":"https:\/\/megapets.eu\/non class\u00e9\/substrat-de-coco-15-ltourbe-de-coco-pour-escargots\/"},"modified":"2024-10-04T20:06:20","modified_gmt":"2024-10-04T20:06:20","slug":"substrat-de-coco-15-ltourbe-de-coco-pour-escargots","status":"publish","type":"product","link":"https:\/\/megapets.eu\/fr\/accessoires\/substrat-de-coco-15-ltourbe-de-coco-pour-escargots\/","title":{"rendered":"Substrat de coco 1,5 L<br \/>Tourbe de coco pour escargots"},"content":{"rendered":"<p><strong><span style=\"color: #e87020; font-size: 15px;\"><em>Substrat de coco 1,5 L \/ Tourbe de coco pour escargots<\/em><\/span><\/strong><\/p>\n<p><strong><span style=\"color: #e87020; font-size: 15px;\"><em>Un paquet contient 1,5 L.<\/em><\/span><\/strong><\/p>\n<p><strong><span style=\"color: #e87020; font-size: 15px;\"><em>Composition : 100% de tourbe de coco naturelle.<\/em><\/span><\/strong><\/p>\n<p><strong><span style=\"color: #e87020; font-size: 15px;\"><em>Le prix est pour 1 paquet.<\/em><\/span><\/strong><\/p>\n<p><em><span style=\"color: #424242;\"><strong><span style=\"font-size: 15px;\">Le substrat de coco est un substrat naturel compos\u00e9 de fibres de coco d\u00e9chiquet\u00e9es. Le substrat le plus recommand\u00e9 pour l&rsquo;\u00e9levage des escargots exotiques. \u00c9galement utilis\u00e9 dans les terrariums avec des araign\u00e9es, des cafards exotiques, des amphibiens, des reptiles, etc. <\/span><\/strong><\/span><\/em><\/p>\n<p><em><span style=\"color: #424242;\"><strong><span style=\"font-size: 15px;\">Comment utiliser le substrat de noix de coco pour l&rsquo;\u00e9levage des escargots : <\/span><\/strong><\/span><\/em><\/p>\n<p><em><span style=\"color: #424242;\"><strong><span style=\"font-size: 15px;\">1) \u00c9tends le substrat sur une \u00e9paisseur d&rsquo;environ 2 cm dans le terrarium, puis vaporise-le avec de l&rsquo;eau de source. <\/span><\/strong><\/span><\/em><\/p>\n<p><em><span style=\"color: #424242;\"><strong><span style=\"font-size: 15px;\">2) Utilise une serviette en papier 100 % cellulose (inodore, non teint\u00e9e) dans le r\u00e9servoir comme couches de base, puis recouvre partiellement la serviette dans le r\u00e9servoir avec une petite quantit\u00e9 de substrat de noix de coco. Vaporise l\u00e9g\u00e8rement le tout avec de l&rsquo;eau de source. L&rsquo;un des avantages du substrat de coco associ\u00e9 \u00e0 la serviette en papier est que tu peux plus facilement contr\u00f4ler l&rsquo;humidit\u00e9 correcte et garder l&rsquo;animal propre. Les escargots tol\u00e8rent cette fa\u00e7on de poser la liti\u00e8re et montrent de meilleurs r\u00e9sultats en termes de croissance, de sant\u00e9 et de beaut\u00e9 de la coquille. La liti\u00e8re doit \u00eatre remplac\u00e9e par de la liti\u00e8re fra\u00eeche tous les 3-4 jours.<\/span><\/strong><\/span><\/em><\/p>\n","protected":false},"excerpt":{"rendered":"<ul class=\"product_attributes\">\n<li><span style=\"color: #555555;\">Ingr\u00e9dients :<\/span> Tourbe de coco 100 % naturelle<\/li>\n<li><span style=\"color: #555555;\">L&#8217;emballage contient :<\/span> 1,5 L<\/li>\n<li><span style=\"color: #555555;\">Le prix s&rsquo;applique \u00e0 :<\/span> 1 paquet.<\/li>\n<\/ul>\n","protected":false},"featured_media":4593,"template":"","meta":{"_acf_changed":false,"_links_to":"","_links_to_target":""},"product_cat":[112],"product_tag":[115,119,114],"class_list":{"0":"post-4591","1":"product","2":"type-product","3":"status-publish","4":"has-post-thumbnail","6":"product_cat-accessoires","7":"product_tag-pour-les-cafards","8":"product_tag-pour-les-escargots","9":"product_tag-pour-les-isopodes","11":"first","12":"instock","13":"shipping-taxable","14":"purchasable","15":"product-type-simple"},"acf":[],"yoast_head":"<!-- This site is optimized with the Yoast SEO plugin v24.9 - https:\/\/yoast.com\/wordpress\/plugins\/seo\/ -->\n<title>Substrat de coco 1,5 LTourbe de coco pour escargots | MegaPets<\/title>\n<meta name=\"robots\" content=\"index, follow, max-snippet:-1, max-image-preview:large, max-video-preview:-1\" \/>\n<link rel=\"canonical\" href=\"https:\/\/megapets.eu\/fr\/accessoires\/substrat-de-coco-15-ltourbe-de-coco-pour-escargots\/\" \/>\n<meta property=\"og:locale\" content=\"fr_FR\" \/>\n<meta property=\"og:type\" content=\"article\" \/>\n<meta property=\"og:title\" content=\"Substrat de coco 1,5 LTourbe de coco pour escargots | MegaPets\" \/>\n<meta property=\"og:description\" content=\"Ingr\u00e9dients : Tourbe de coco 100 % naturelle  L&#039;emballage contient : 1,5 L  Le prix s&#039;applique \u00e0 : 1 paquet.\" \/>\n<meta property=\"og:url\" content=\"https:\/\/megapets.eu\/fr\/accessoires\/substrat-de-coco-15-ltourbe-de-coco-pour-escargots\/\" \/>\n<meta property=\"og:site_name\" content=\"MegaPets\" \/>\n<meta property=\"article:publisher\" content=\"https:\/\/www.facebook.com\/MegaPets.eu\/\" \/>\n<meta property=\"og:image\" content=\"https:\/\/megapets.eu\/wp-content\/uploads\/2024\/10\/IMG_20220521_131428.jpg\" \/>\n\t<meta property=\"og:image:width\" content=\"982\" \/>\n\t<meta property=\"og:image:height\" content=\"818\" \/>\n\t<meta property=\"og:image:type\" content=\"image\/jpeg\" \/>\n<meta name=\"twitter:card\" content=\"summary_large_image\" \/>\n<meta name=\"twitter:label1\" content=\"Dur\u00e9e de lecture estim\u00e9e\" \/>\n\t<meta name=\"twitter:data1\" content=\"1 minute\" \/>\n<script type=\"application\/ld+json\" class=\"yoast-schema-graph\">{\"@context\":\"https:\/\/schema.org\",\"@graph\":[{\"@type\":\"WebPage\",\"@id\":\"https:\/\/megapets.eu\/fr\/accessoires\/substrat-de-coco-15-ltourbe-de-coco-pour-escargots\/\",\"url\":\"https:\/\/megapets.eu\/fr\/accessoires\/substrat-de-coco-15-ltourbe-de-coco-pour-escargots\/\",\"name\":\"Substrat de coco 1,5 L Tourbe de coco pour escargots | MegaPets\",\"isPartOf\":{\"@id\":\"https:\/\/megapets.eu\/fr\/#website\"},\"primaryImageOfPage\":{\"@id\":\"https:\/\/megapets.eu\/fr\/accessoires\/substrat-de-coco-15-ltourbe-de-coco-pour-escargots\/#primaryimage\"},\"image\":{\"@id\":\"https:\/\/megapets.eu\/fr\/accessoires\/substrat-de-coco-15-ltourbe-de-coco-pour-escargots\/#primaryimage\"},\"thumbnailUrl\":\"https:\/\/megapets.eu\/wp-content\/uploads\/2024\/10\/IMG_20220521_131428.jpg\",\"datePublished\":\"2024-10-04T20:06:20+00:00\",\"breadcrumb\":{\"@id\":\"https:\/\/megapets.eu\/fr\/accessoires\/substrat-de-coco-15-ltourbe-de-coco-pour-escargots\/#breadcrumb\"},\"inLanguage\":\"fr-FR\",\"potentialAction\":[{\"@type\":\"ReadAction\",\"target\":[\"https:\/\/megapets.eu\/fr\/accessoires\/substrat-de-coco-15-ltourbe-de-coco-pour-escargots\/\"]}]},{\"@type\":\"ImageObject\",\"inLanguage\":\"fr-FR\",\"@id\":\"https:\/\/megapets.eu\/fr\/accessoires\/substrat-de-coco-15-ltourbe-de-coco-pour-escargots\/#primaryimage\",\"url\":\"https:\/\/megapets.eu\/wp-content\/uploads\/2024\/10\/IMG_20220521_131428.jpg\",\"contentUrl\":\"https:\/\/megapets.eu\/wp-content\/uploads\/2024\/10\/IMG_20220521_131428.jpg\",\"width\":982,\"height\":818},{\"@type\":\"BreadcrumbList\",\"@id\":\"https:\/\/megapets.eu\/fr\/accessoires\/substrat-de-coco-15-ltourbe-de-coco-pour-escargots\/#breadcrumb\",\"itemListElement\":[{\"@type\":\"ListItem\",\"position\":1,\"name\":\"Strona g\u0142\u00f3wna\",\"item\":\"https:\/\/megapets.eu\/fr\/accueil\/\"},{\"@type\":\"ListItem\",\"position\":2,\"name\":\"Boutique\",\"item\":\"https:\/\/megapets.eu\/boutique\/\"},{\"@type\":\"ListItem\",\"position\":3,\"name\":\"Substrat de coco 1,5 LTourbe de coco pour escargots\"}]},{\"@type\":\"WebSite\",\"@id\":\"https:\/\/megapets.eu\/fr\/#website\",\"url\":\"https:\/\/megapets.eu\/fr\/\",\"name\":\"Mega Pets\",\"description\":\"Jedna z najwi\u0119kszych hodowli \u015blimak\u00f3w w Europie\",\"publisher\":{\"@id\":\"https:\/\/megapets.eu\/fr\/#organization\"},\"alternateName\":\"Mega Pets\",\"potentialAction\":[{\"@type\":\"SearchAction\",\"target\":{\"@type\":\"EntryPoint\",\"urlTemplate\":\"https:\/\/megapets.eu\/fr\/?s={search_term_string}\"},\"query-input\":{\"@type\":\"PropertyValueSpecification\",\"valueRequired\":true,\"valueName\":\"search_term_string\"}}],\"inLanguage\":\"fr-FR\"},{\"@type\":\"Organization\",\"@id\":\"https:\/\/megapets.eu\/fr\/#organization\",\"name\":\"Mega Pets\",\"url\":\"https:\/\/megapets.eu\/fr\/\",\"logo\":{\"@type\":\"ImageObject\",\"inLanguage\":\"fr-FR\",\"@id\":\"https:\/\/megapets.eu\/fr\/#\/schema\/logo\/image\/\",\"url\":\"https:\/\/megapets.eu\/wp-content\/uploads\/2025\/04\/megapets_eu-logo.png\",\"contentUrl\":\"https:\/\/megapets.eu\/wp-content\/uploads\/2025\/04\/megapets_eu-logo.png\",\"width\":2362,\"height\":2362,\"caption\":\"Mega Pets\"},\"image\":{\"@id\":\"https:\/\/megapets.eu\/fr\/#\/schema\/logo\/image\/\"},\"sameAs\":[\"https:\/\/www.facebook.com\/MegaPets.eu\/\"]}]}<\/script>\n<!-- \/ Yoast SEO plugin. -->","yoast_head_json":{"title":"Substrat de coco 1,5 LTourbe de coco pour escargots | MegaPets","robots":{"index":"index","follow":"follow","max-snippet":"max-snippet:-1","max-image-preview":"max-image-preview:large","max-video-preview":"max-video-preview:-1"},"canonical":"https:\/\/megapets.eu\/fr\/accessoires\/substrat-de-coco-15-ltourbe-de-coco-pour-escargots\/","og_locale":"fr_FR","og_type":"article","og_title":"Substrat de coco 1,5 LTourbe de coco pour escargots | MegaPets","og_description":"Ingr\u00e9dients : Tourbe de coco 100 % naturelle  L'emballage contient : 1,5 L  Le prix s'applique \u00e0 : 1 paquet.","og_url":"https:\/\/megapets.eu\/fr\/accessoires\/substrat-de-coco-15-ltourbe-de-coco-pour-escargots\/","og_site_name":"MegaPets","article_publisher":"https:\/\/www.facebook.com\/MegaPets.eu\/","og_image":[{"width":982,"height":818,"url":"https:\/\/megapets.eu\/wp-content\/uploads\/2024\/10\/IMG_20220521_131428.jpg","type":"image\/jpeg"}],"twitter_card":"summary_large_image","twitter_misc":{"Dur\u00e9e de lecture estim\u00e9e":"1 minute"},"schema":{"@context":"https:\/\/schema.org","@graph":[{"@type":"WebPage","@id":"https:\/\/megapets.eu\/fr\/accessoires\/substrat-de-coco-15-ltourbe-de-coco-pour-escargots\/","url":"https:\/\/megapets.eu\/fr\/accessoires\/substrat-de-coco-15-ltourbe-de-coco-pour-escargots\/","name":"Substrat de coco 1,5 L Tourbe de coco pour escargots | MegaPets","isPartOf":{"@id":"https:\/\/megapets.eu\/fr\/#website"},"primaryImageOfPage":{"@id":"https:\/\/megapets.eu\/fr\/accessoires\/substrat-de-coco-15-ltourbe-de-coco-pour-escargots\/#primaryimage"},"image":{"@id":"https:\/\/megapets.eu\/fr\/accessoires\/substrat-de-coco-15-ltourbe-de-coco-pour-escargots\/#primaryimage"},"thumbnailUrl":"https:\/\/megapets.eu\/wp-content\/uploads\/2024\/10\/IMG_20220521_131428.jpg","datePublished":"2024-10-04T20:06:20+00:00","breadcrumb":{"@id":"https:\/\/megapets.eu\/fr\/accessoires\/substrat-de-coco-15-ltourbe-de-coco-pour-escargots\/#breadcrumb"},"inLanguage":"fr-FR","potentialAction":[{"@type":"ReadAction","target":["https:\/\/megapets.eu\/fr\/accessoires\/substrat-de-coco-15-ltourbe-de-coco-pour-escargots\/"]}]},{"@type":"ImageObject","inLanguage":"fr-FR","@id":"https:\/\/megapets.eu\/fr\/accessoires\/substrat-de-coco-15-ltourbe-de-coco-pour-escargots\/#primaryimage","url":"https:\/\/megapets.eu\/wp-content\/uploads\/2024\/10\/IMG_20220521_131428.jpg","contentUrl":"https:\/\/megapets.eu\/wp-content\/uploads\/2024\/10\/IMG_20220521_131428.jpg","width":982,"height":818},{"@type":"BreadcrumbList","@id":"https:\/\/megapets.eu\/fr\/accessoires\/substrat-de-coco-15-ltourbe-de-coco-pour-escargots\/#breadcrumb","itemListElement":[{"@type":"ListItem","position":1,"name":"Strona g\u0142\u00f3wna","item":"https:\/\/megapets.eu\/fr\/accueil\/"},{"@type":"ListItem","position":2,"name":"Boutique","item":"https:\/\/megapets.eu\/boutique\/"},{"@type":"ListItem","position":3,"name":"Substrat de coco 1,5 LTourbe de coco pour escargots"}]},{"@type":"WebSite","@id":"https:\/\/megapets.eu\/fr\/#website","url":"https:\/\/megapets.eu\/fr\/","name":"Mega Pets","description":"Jedna z najwi\u0119kszych hodowli \u015blimak\u00f3w w Europie","publisher":{"@id":"https:\/\/megapets.eu\/fr\/#organization"},"alternateName":"Mega Pets","potentialAction":[{"@type":"SearchAction","target":{"@type":"EntryPoint","urlTemplate":"https:\/\/megapets.eu\/fr\/?s={search_term_string}"},"query-input":{"@type":"PropertyValueSpecification","valueRequired":true,"valueName":"search_term_string"}}],"inLanguage":"fr-FR"},{"@type":"Organization","@id":"https:\/\/megapets.eu\/fr\/#organization","name":"Mega Pets","url":"https:\/\/megapets.eu\/fr\/","logo":{"@type":"ImageObject","inLanguage":"fr-FR","@id":"https:\/\/megapets.eu\/fr\/#\/schema\/logo\/image\/","url":"https:\/\/megapets.eu\/wp-content\/uploads\/2025\/04\/megapets_eu-logo.png","contentUrl":"https:\/\/megapets.eu\/wp-content\/uploads\/2025\/04\/megapets_eu-logo.png","width":2362,"height":2362,"caption":"Mega Pets"},"image":{"@id":"https:\/\/megapets.eu\/fr\/#\/schema\/logo\/image\/"},"sameAs":["https:\/\/www.facebook.com\/MegaPets.eu\/"]}]}},"_links":{"self":[{"href":"https:\/\/megapets.eu\/fr\/wp-json\/wp\/v2\/product\/4591","targetHints":{"allow":["GET"]}}],"collection":[{"href":"https:\/\/megapets.eu\/fr\/wp-json\/wp\/v2\/product"}],"about":[{"href":"https:\/\/megapets.eu\/fr\/wp-json\/wp\/v2\/types\/product"}],"wp:featuredmedia":[{"embeddable":true,"href":"https:\/\/megapets.eu\/fr\/wp-json\/wp\/v2\/media\/4593"}],"wp:attachment":[{"href":"https:\/\/megapets.eu\/fr\/wp-json\/wp\/v2\/media?parent=4591"}],"wp:term":[{"taxonomy":"product_cat","embeddable":true,"href":"https:\/\/megapets.eu\/fr\/wp-json\/wp\/v2\/product_cat?post=4591"},{"taxonomy":"product_tag","embeddable":true,"href":"https:\/\/megapets.eu\/fr\/wp-json\/wp\/v2\/product_tag?post=4591"}],"curies":[{"name":"wp","href":"https:\/\/api.w.org\/{rel}","templated":true}]}}