{"id":4594,"date":"2024-10-04T06:48:33","date_gmt":"2024-10-04T06:48:33","guid":{"rendered":"https:\/\/megapets.eu\/non class\u00e9\/sepia-os-de-seicheensemble-de-gros-morceaux\/"},"modified":"2024-10-04T06:48:33","modified_gmt":"2024-10-04T06:48:33","slug":"sepia-os-de-seicheensemble-de-gros-morceaux","status":"publish","type":"product","link":"https:\/\/megapets.eu\/fr\/accessoires\/sepia-os-de-seicheensemble-de-gros-morceaux\/","title":{"rendered":"S\u00e9pia &#8211; os de seiche<br \/>\u00ab\u00a0Ensemble de gros morceaux\u00a0\u00bb"},"content":{"rendered":"<p><strong><span style=\"color: #e87020; font-size: 15px;\"><em>S\u00e9pia &#8211; os de seiche \u00ab\u00a0Jeu de pi\u00e8ces \u00e9paisses\u00a0\u00bb<\/em><\/span><\/strong><\/p>\n<p><strong><span style=\"color: #e87020; font-size: 15px;\"><em>Un paquet contient 5 pi\u00e8ces \u00e9paisses de s\u00e9pia avec une couverture dure d&rsquo;environ 4-6 cm.<\/em><\/span><\/strong><\/p>\n<p><strong><span style=\"color: #e87020; font-size: 15px;\"><em>Composition : Os de seiche 100% naturel.<\/em><\/span><\/strong><\/p>\n<p><strong><span style=\"color: #e87020; font-size: 15px;\"><em>Le prix est pour 1 paquet.<\/em><\/span><\/strong><\/p>\n<p><em><span style=\"color: #424242;\"><strong><span style=\"font-size: 15px;\">Les morceaux \u00e9pais de s\u00e9pia sont des os de seiche 100 % naturels, une source de calcium pour les escargots exotiques, les tortues et autres animaux de terrarium. S\u00e9pia en morceaux avec une coquille dure divis\u00e9e en moiti\u00e9s d&rsquo;environ 4-6 cm, le nombre de morceaux te donne la possibilit\u00e9 d&rsquo;\u00e9conomiser de l&rsquo;argent par rapport \u00e0 la s\u00e9pia enti\u00e8re.<\/span><\/strong><\/span><\/em><\/p>\n<p><em><span style=\"color: #424242;\"><strong><span style=\"font-size: 15px;\">Le s\u00e9pia est donn\u00e9 aux animaux par le c\u00f4t\u00e9 mou. Les os de seiche doivent \u00eatre remplac\u00e9s par des os frais apr\u00e8s que l&rsquo;animal a gratt\u00e9 la partie molle du s\u00e9pia ou d\u00e8s les premiers signes de d\u00e9t\u00e9rioration (apparition de taches, qui sont dues \u00e0 l&rsquo;humidit\u00e9 du terrarium).<\/span><\/strong><\/span><\/em><\/p>\n<p><em><span style=\"color: #424242;\"><strong><span style=\"font-size: 15px;\">Tu peux toujours varier les formes de calcium administr\u00e9es et proposer en plus \u00e0 ton animal du \u00ab\u00a0Calcium\u00a0\u00bb &#8211; calcium pour escargots.<\/span><\/strong><\/span><\/em><\/p>\n<p><em><span style=\"color: #424242;\"><strong><span style=\"font-size: 15px;\">Les compl\u00e9ments que nous recommandons sont capables de r\u00e9pondre aux besoins en nutriments pr\u00e9cieux des esp\u00e8ces les plus exigeantes : \u00ab\u00a0Prot\u00e9ines et vitamines\u00a0\u00bb, M\u00e9lange d&rsquo;herbes exotiques, Gammarus moulu. Il est recommand\u00e9 d&rsquo;utiliser les compl\u00e9ments en alternance, afin que l&rsquo;alimentation de ton animal reste vari\u00e9e et compl\u00e8te.<\/span><\/strong><\/span><\/em><\/p>\n","protected":false},"excerpt":{"rendered":"<ul class=\"product_attributes\">\n<li><span style=\"color: #555555;\">Composition :<\/span> Os de seiche 100% naturel<\/li>\n<li><span style=\"color: #555555;\">Nombre de pi\u00e8ces par set :<\/span> 5 pi\u00e8ces<\/li>\n<li><span style=\"color: #555555;\">Le prix s&rsquo;applique \u00e0 :<\/span> 1 paquet.<\/li>\n<\/ul>\n","protected":false},"featured_media":4596,"template":"","meta":{"_acf_changed":false,"_links_to":"","_links_to_target":""},"product_cat":[112],"product_tag":[115,119,114,113],"class_list":{"0":"post-4594","1":"product","2":"type-product","3":"status-publish","4":"has-post-thumbnail","6":"product_cat-accessoires","7":"product_tag-pour-les-cafards","8":"product_tag-pour-les-escargots","9":"product_tag-pour-les-isopodes","10":"product_tag-pour-les-ruses","12":"first","13":"instock","14":"shipping-taxable","15":"purchasable","16":"product-type-simple"},"acf":[],"yoast_head":"<!-- This site is optimized with the Yoast SEO plugin v24.9 - https:\/\/yoast.com\/wordpress\/plugins\/seo\/ -->\n<title>S\u00e9pia - os de seiche&quot;Ensemble de gros morceaux&quot; | MegaPets<\/title>\n<meta name=\"robots\" content=\"index, follow, max-snippet:-1, max-image-preview:large, max-video-preview:-1\" \/>\n<link rel=\"canonical\" href=\"https:\/\/megapets.eu\/fr\/accessoires\/sepia-os-de-seicheensemble-de-gros-morceaux\/\" \/>\n<meta property=\"og:locale\" content=\"fr_FR\" \/>\n<meta property=\"og:type\" content=\"article\" \/>\n<meta property=\"og:title\" content=\"S\u00e9pia - os de seiche&quot;Ensemble de gros morceaux&quot; | MegaPets\" \/>\n<meta property=\"og:description\" content=\"Composition : Os de seiche 100% naturel  Nombre de pi\u00e8ces par set : 5 pi\u00e8ces  Le prix s&#039;applique \u00e0 : 1 paquet.\" \/>\n<meta property=\"og:url\" content=\"https:\/\/megapets.eu\/fr\/accessoires\/sepia-os-de-seicheensemble-de-gros-morceaux\/\" \/>\n<meta property=\"og:site_name\" content=\"MegaPets\" \/>\n<meta property=\"article:publisher\" content=\"https:\/\/www.facebook.com\/MegaPets.eu\/\" \/>\n<meta property=\"og:image\" content=\"https:\/\/megapets.eu\/wp-content\/uploads\/2024\/10\/2002.jpg\" \/>\n\t<meta property=\"og:image:width\" content=\"956\" \/>\n\t<meta property=\"og:image:height\" content=\"638\" \/>\n\t<meta property=\"og:image:type\" content=\"image\/jpeg\" \/>\n<meta name=\"twitter:card\" content=\"summary_large_image\" \/>\n<meta name=\"twitter:label1\" content=\"Dur\u00e9e de lecture estim\u00e9e\" \/>\n\t<meta name=\"twitter:data1\" content=\"1 minute\" \/>\n<script type=\"application\/ld+json\" class=\"yoast-schema-graph\">{\"@context\":\"https:\/\/schema.org\",\"@graph\":[{\"@type\":\"WebPage\",\"@id\":\"https:\/\/megapets.eu\/fr\/accessoires\/sepia-os-de-seicheensemble-de-gros-morceaux\/\",\"url\":\"https:\/\/megapets.eu\/fr\/accessoires\/sepia-os-de-seicheensemble-de-gros-morceaux\/\",\"name\":\"S\u00e9pia - os de seiche \\\"Ensemble de gros morceaux\\\" | MegaPets\",\"isPartOf\":{\"@id\":\"https:\/\/megapets.eu\/fr\/#website\"},\"primaryImageOfPage\":{\"@id\":\"https:\/\/megapets.eu\/fr\/accessoires\/sepia-os-de-seicheensemble-de-gros-morceaux\/#primaryimage\"},\"image\":{\"@id\":\"https:\/\/megapets.eu\/fr\/accessoires\/sepia-os-de-seicheensemble-de-gros-morceaux\/#primaryimage\"},\"thumbnailUrl\":\"https:\/\/megapets.eu\/wp-content\/uploads\/2024\/10\/2002.jpg\",\"datePublished\":\"2024-10-04T06:48:33+00:00\",\"breadcrumb\":{\"@id\":\"https:\/\/megapets.eu\/fr\/accessoires\/sepia-os-de-seicheensemble-de-gros-morceaux\/#breadcrumb\"},\"inLanguage\":\"fr-FR\",\"potentialAction\":[{\"@type\":\"ReadAction\",\"target\":[\"https:\/\/megapets.eu\/fr\/accessoires\/sepia-os-de-seicheensemble-de-gros-morceaux\/\"]}]},{\"@type\":\"ImageObject\",\"inLanguage\":\"fr-FR\",\"@id\":\"https:\/\/megapets.eu\/fr\/accessoires\/sepia-os-de-seicheensemble-de-gros-morceaux\/#primaryimage\",\"url\":\"https:\/\/megapets.eu\/wp-content\/uploads\/2024\/10\/2002.jpg\",\"contentUrl\":\"https:\/\/megapets.eu\/wp-content\/uploads\/2024\/10\/2002.jpg\",\"width\":956,\"height\":638},{\"@type\":\"BreadcrumbList\",\"@id\":\"https:\/\/megapets.eu\/fr\/accessoires\/sepia-os-de-seicheensemble-de-gros-morceaux\/#breadcrumb\",\"itemListElement\":[{\"@type\":\"ListItem\",\"position\":1,\"name\":\"Strona g\u0142\u00f3wna\",\"item\":\"https:\/\/megapets.eu\/fr\/accueil\/\"},{\"@type\":\"ListItem\",\"position\":2,\"name\":\"Boutique\",\"item\":\"https:\/\/megapets.eu\/boutique\/\"},{\"@type\":\"ListItem\",\"position\":3,\"name\":\"S\u00e9pia &#8211; os de seiche&#8222;Ensemble de gros morceaux\\\"\"}]},{\"@type\":\"WebSite\",\"@id\":\"https:\/\/megapets.eu\/fr\/#website\",\"url\":\"https:\/\/megapets.eu\/fr\/\",\"name\":\"Mega Pets\",\"description\":\"Jedna z najwi\u0119kszych hodowli \u015blimak\u00f3w w Europie\",\"publisher\":{\"@id\":\"https:\/\/megapets.eu\/fr\/#organization\"},\"alternateName\":\"Mega Pets\",\"potentialAction\":[{\"@type\":\"SearchAction\",\"target\":{\"@type\":\"EntryPoint\",\"urlTemplate\":\"https:\/\/megapets.eu\/fr\/?s={search_term_string}\"},\"query-input\":{\"@type\":\"PropertyValueSpecification\",\"valueRequired\":true,\"valueName\":\"search_term_string\"}}],\"inLanguage\":\"fr-FR\"},{\"@type\":\"Organization\",\"@id\":\"https:\/\/megapets.eu\/fr\/#organization\",\"name\":\"Mega Pets\",\"url\":\"https:\/\/megapets.eu\/fr\/\",\"logo\":{\"@type\":\"ImageObject\",\"inLanguage\":\"fr-FR\",\"@id\":\"https:\/\/megapets.eu\/fr\/#\/schema\/logo\/image\/\",\"url\":\"https:\/\/megapets.eu\/wp-content\/uploads\/2025\/04\/megapets_eu-logo.png\",\"contentUrl\":\"https:\/\/megapets.eu\/wp-content\/uploads\/2025\/04\/megapets_eu-logo.png\",\"width\":2362,\"height\":2362,\"caption\":\"Mega Pets\"},\"image\":{\"@id\":\"https:\/\/megapets.eu\/fr\/#\/schema\/logo\/image\/\"},\"sameAs\":[\"https:\/\/www.facebook.com\/MegaPets.eu\/\"]}]}<\/script>\n<!-- \/ Yoast SEO plugin. -->","yoast_head_json":{"title":"S\u00e9pia - os de seiche\"Ensemble de gros morceaux\" | MegaPets","robots":{"index":"index","follow":"follow","max-snippet":"max-snippet:-1","max-image-preview":"max-image-preview:large","max-video-preview":"max-video-preview:-1"},"canonical":"https:\/\/megapets.eu\/fr\/accessoires\/sepia-os-de-seicheensemble-de-gros-morceaux\/","og_locale":"fr_FR","og_type":"article","og_title":"S\u00e9pia - os de seiche\"Ensemble de gros morceaux\" | MegaPets","og_description":"Composition : Os de seiche 100% naturel  Nombre de pi\u00e8ces par set : 5 pi\u00e8ces  Le prix s'applique \u00e0 : 1 paquet.","og_url":"https:\/\/megapets.eu\/fr\/accessoires\/sepia-os-de-seicheensemble-de-gros-morceaux\/","og_site_name":"MegaPets","article_publisher":"https:\/\/www.facebook.com\/MegaPets.eu\/","og_image":[{"width":956,"height":638,"url":"https:\/\/megapets.eu\/wp-content\/uploads\/2024\/10\/2002.jpg","type":"image\/jpeg"}],"twitter_card":"summary_large_image","twitter_misc":{"Dur\u00e9e de lecture estim\u00e9e":"1 minute"},"schema":{"@context":"https:\/\/schema.org","@graph":[{"@type":"WebPage","@id":"https:\/\/megapets.eu\/fr\/accessoires\/sepia-os-de-seicheensemble-de-gros-morceaux\/","url":"https:\/\/megapets.eu\/fr\/accessoires\/sepia-os-de-seicheensemble-de-gros-morceaux\/","name":"S\u00e9pia - os de seiche \"Ensemble de gros morceaux\" | MegaPets","isPartOf":{"@id":"https:\/\/megapets.eu\/fr\/#website"},"primaryImageOfPage":{"@id":"https:\/\/megapets.eu\/fr\/accessoires\/sepia-os-de-seicheensemble-de-gros-morceaux\/#primaryimage"},"image":{"@id":"https:\/\/megapets.eu\/fr\/accessoires\/sepia-os-de-seicheensemble-de-gros-morceaux\/#primaryimage"},"thumbnailUrl":"https:\/\/megapets.eu\/wp-content\/uploads\/2024\/10\/2002.jpg","datePublished":"2024-10-04T06:48:33+00:00","breadcrumb":{"@id":"https:\/\/megapets.eu\/fr\/accessoires\/sepia-os-de-seicheensemble-de-gros-morceaux\/#breadcrumb"},"inLanguage":"fr-FR","potentialAction":[{"@type":"ReadAction","target":["https:\/\/megapets.eu\/fr\/accessoires\/sepia-os-de-seicheensemble-de-gros-morceaux\/"]}]},{"@type":"ImageObject","inLanguage":"fr-FR","@id":"https:\/\/megapets.eu\/fr\/accessoires\/sepia-os-de-seicheensemble-de-gros-morceaux\/#primaryimage","url":"https:\/\/megapets.eu\/wp-content\/uploads\/2024\/10\/2002.jpg","contentUrl":"https:\/\/megapets.eu\/wp-content\/uploads\/2024\/10\/2002.jpg","width":956,"height":638},{"@type":"BreadcrumbList","@id":"https:\/\/megapets.eu\/fr\/accessoires\/sepia-os-de-seicheensemble-de-gros-morceaux\/#breadcrumb","itemListElement":[{"@type":"ListItem","position":1,"name":"Strona g\u0142\u00f3wna","item":"https:\/\/megapets.eu\/fr\/accueil\/"},{"@type":"ListItem","position":2,"name":"Boutique","item":"https:\/\/megapets.eu\/boutique\/"},{"@type":"ListItem","position":3,"name":"S\u00e9pia &#8211; os de seiche&#8222;Ensemble de gros morceaux\""}]},{"@type":"WebSite","@id":"https:\/\/megapets.eu\/fr\/#website","url":"https:\/\/megapets.eu\/fr\/","name":"Mega Pets","description":"Jedna z najwi\u0119kszych hodowli \u015blimak\u00f3w w Europie","publisher":{"@id":"https:\/\/megapets.eu\/fr\/#organization"},"alternateName":"Mega Pets","potentialAction":[{"@type":"SearchAction","target":{"@type":"EntryPoint","urlTemplate":"https:\/\/megapets.eu\/fr\/?s={search_term_string}"},"query-input":{"@type":"PropertyValueSpecification","valueRequired":true,"valueName":"search_term_string"}}],"inLanguage":"fr-FR"},{"@type":"Organization","@id":"https:\/\/megapets.eu\/fr\/#organization","name":"Mega Pets","url":"https:\/\/megapets.eu\/fr\/","logo":{"@type":"ImageObject","inLanguage":"fr-FR","@id":"https:\/\/megapets.eu\/fr\/#\/schema\/logo\/image\/","url":"https:\/\/megapets.eu\/wp-content\/uploads\/2025\/04\/megapets_eu-logo.png","contentUrl":"https:\/\/megapets.eu\/wp-content\/uploads\/2025\/04\/megapets_eu-logo.png","width":2362,"height":2362,"caption":"Mega Pets"},"image":{"@id":"https:\/\/megapets.eu\/fr\/#\/schema\/logo\/image\/"},"sameAs":["https:\/\/www.facebook.com\/MegaPets.eu\/"]}]}},"_links":{"self":[{"href":"https:\/\/megapets.eu\/fr\/wp-json\/wp\/v2\/product\/4594","targetHints":{"allow":["GET"]}}],"collection":[{"href":"https:\/\/megapets.eu\/fr\/wp-json\/wp\/v2\/product"}],"about":[{"href":"https:\/\/megapets.eu\/fr\/wp-json\/wp\/v2\/types\/product"}],"wp:featuredmedia":[{"embeddable":true,"href":"https:\/\/megapets.eu\/fr\/wp-json\/wp\/v2\/media\/4596"}],"wp:attachment":[{"href":"https:\/\/megapets.eu\/fr\/wp-json\/wp\/v2\/media?parent=4594"}],"wp:term":[{"taxonomy":"product_cat","embeddable":true,"href":"https:\/\/megapets.eu\/fr\/wp-json\/wp\/v2\/product_cat?post=4594"},{"taxonomy":"product_tag","embeddable":true,"href":"https:\/\/megapets.eu\/fr\/wp-json\/wp\/v2\/product_tag?post=4594"}],"curies":[{"name":"wp","href":"https:\/\/api.w.org\/{rel}","templated":true}]}}