{"id":4604,"date":"2024-10-04T16:22:05","date_gmt":"2024-10-04T16:22:05","guid":{"rendered":"https:\/\/megapets.eu\/non class\u00e9\/calcium-mix-pack-65-g\/"},"modified":"2024-10-04T16:22:05","modified_gmt":"2024-10-04T16:22:05","slug":"calcium-mix-pack-65-g","status":"publish","type":"product","link":"https:\/\/megapets.eu\/fr\/accessoires\/calcium-mix-pack-65-g\/","title":{"rendered":"Calcium Mix pack 65 g"},"content":{"rendered":"<p><strong><span style=\"color: #e87020; font-size: 15px;\"><em>Paquet &lsquo;Calcium Mix&rsquo; 65 g<\/em><\/span><\/strong><\/p>\n<p><strong><span style=\"color: #e87020; font-size: 15px;\"><em>Un paquet contient 65 g.<\/em><\/span><\/strong><\/p>\n<p><strong><span style=\"color: #e87020; font-size: 15px;\"><em>Ingr\u00e9dients : poudre de coquille d&rsquo;oeuf et s\u00e9pia.<\/em><\/span><\/strong><\/p>\n<p><strong><span style=\"color: #e87020; font-size: 15px;\"><em>Le prix est pour 1 paquet.<\/em><\/span><\/strong><\/p>\n<p><em><span style=\"color: #424242;\"><strong><span style=\"font-size: 15px;\">La poudre Calcium Mix \u00e0 base de coquilles d&rsquo;\u0153ufs et de s\u00e9pia est id\u00e9ale pour l&rsquo;\u00e9levage des escargots africains. L&rsquo;alimentation quotidienne de l&rsquo;escargot ne doit pas manquer de l&rsquo;\u00e9l\u00e9ment de base pour une coquille belle et saine. La poudre de coquille d&rsquo;\u0153uf et la poudre de s\u00e9pia sont des sources naturelles de calcium excellemment absorbable. <\/span><\/strong><\/span><\/em><\/p>\n<p><em><span style=\"color: #424242;\"><strong><span style=\"font-size: 15px;\">Mode d&#8217;emploi : donne \u00e0 ton animal \u00e0 chaque repas, il suffit d&rsquo;en saupoudrer un peu sur la nourriture.<\/span><\/strong><\/span><\/em><\/p>\n<p><em><span style=\"color: #424242;\"><strong><span style=\"font-size: 15px;\">Les suppl\u00e9ments que nous recommandons sont capables de r\u00e9pondre aux besoins en nutriments pr\u00e9cieux des esp\u00e8ces les plus exigeantes : \u00ab\u00a0Prot\u00e9ines et vitamines\u00a0\u00bb, m\u00e9lange d&rsquo;herbes exotiques, gammarus moulu. Il est recommand\u00e9 d&rsquo;utiliser les compl\u00e9ments en alternance, afin que l&rsquo;alimentation de ton animal reste vari\u00e9e et compl\u00e8te.<\/span><\/strong><\/span><\/em><\/p>\n","protected":false},"excerpt":{"rendered":"<ul class=\"product_attributes\">\n<li><span style=\"color: #555555;\">Composition :<\/span> coquille d&rsquo;\u0153uf et poudre s\u00e9pia<\/li>\n<li><span style=\"color: #555555;\">L&#8217;emballage contient :<\/span> 65 g<\/li>\n<li><span style=\"color: #555555;\">Le prix s&rsquo;applique \u00e0 :<\/span> 1 paquet.<\/li>\n<\/ul>\n","protected":false},"featured_media":4606,"template":"","meta":{"_acf_changed":false,"_links_to":"","_links_to_target":""},"product_cat":[112],"product_tag":[115,119,114,113],"class_list":{"0":"post-4604","1":"product","2":"type-product","3":"status-publish","4":"has-post-thumbnail","6":"product_cat-accessoires","7":"product_tag-pour-les-cafards","8":"product_tag-pour-les-escargots","9":"product_tag-pour-les-isopodes","10":"product_tag-pour-les-ruses","12":"first","13":"instock","14":"shipping-taxable","15":"purchasable","16":"product-type-simple"},"acf":[],"yoast_head":"<!-- This site is optimized with the Yoast SEO plugin v24.9 - https:\/\/yoast.com\/wordpress\/plugins\/seo\/ -->\n<title>Calcium Mix pack 65 g | MegaPets<\/title>\n<meta name=\"robots\" content=\"index, follow, max-snippet:-1, max-image-preview:large, max-video-preview:-1\" \/>\n<link rel=\"canonical\" href=\"https:\/\/megapets.eu\/fr\/accessoires\/calcium-mix-pack-65-g\/\" \/>\n<meta property=\"og:locale\" content=\"fr_FR\" \/>\n<meta property=\"og:type\" content=\"article\" \/>\n<meta property=\"og:title\" content=\"Calcium Mix pack 65 g | MegaPets\" \/>\n<meta property=\"og:description\" content=\"Composition : coquille d&#039;\u0153uf et poudre s\u00e9pia  L&#039;emballage contient : 65 g  Le prix s&#039;applique \u00e0 : 1 paquet.\" \/>\n<meta property=\"og:url\" content=\"https:\/\/megapets.eu\/fr\/accessoires\/calcium-mix-pack-65-g\/\" \/>\n<meta property=\"og:site_name\" content=\"MegaPets\" \/>\n<meta property=\"article:publisher\" content=\"https:\/\/www.facebook.com\/MegaPets.eu\/\" \/>\n<meta property=\"og:image\" content=\"https:\/\/megapets.eu\/wp-content\/uploads\/2024\/10\/IMG_2701-e1728372934443.jpg\" \/>\n\t<meta property=\"og:image:width\" content=\"1286\" \/>\n\t<meta property=\"og:image:height\" content=\"907\" \/>\n\t<meta property=\"og:image:type\" content=\"image\/jpeg\" \/>\n<meta name=\"twitter:card\" content=\"summary_large_image\" \/>\n<meta name=\"twitter:label1\" content=\"Dur\u00e9e de lecture estim\u00e9e\" \/>\n\t<meta name=\"twitter:data1\" content=\"1 minute\" \/>\n<script type=\"application\/ld+json\" class=\"yoast-schema-graph\">{\"@context\":\"https:\/\/schema.org\",\"@graph\":[{\"@type\":\"WebPage\",\"@id\":\"https:\/\/megapets.eu\/fr\/accessoires\/calcium-mix-pack-65-g\/\",\"url\":\"https:\/\/megapets.eu\/fr\/accessoires\/calcium-mix-pack-65-g\/\",\"name\":\"Calcium Mix pack 65 g | MegaPets\",\"isPartOf\":{\"@id\":\"https:\/\/megapets.eu\/fr\/#website\"},\"primaryImageOfPage\":{\"@id\":\"https:\/\/megapets.eu\/fr\/accessoires\/calcium-mix-pack-65-g\/#primaryimage\"},\"image\":{\"@id\":\"https:\/\/megapets.eu\/fr\/accessoires\/calcium-mix-pack-65-g\/#primaryimage\"},\"thumbnailUrl\":\"https:\/\/megapets.eu\/wp-content\/uploads\/2024\/10\/IMG_2701-e1728372934443.jpg\",\"datePublished\":\"2024-10-04T16:22:05+00:00\",\"breadcrumb\":{\"@id\":\"https:\/\/megapets.eu\/fr\/accessoires\/calcium-mix-pack-65-g\/#breadcrumb\"},\"inLanguage\":\"fr-FR\",\"potentialAction\":[{\"@type\":\"ReadAction\",\"target\":[\"https:\/\/megapets.eu\/fr\/accessoires\/calcium-mix-pack-65-g\/\"]}]},{\"@type\":\"ImageObject\",\"inLanguage\":\"fr-FR\",\"@id\":\"https:\/\/megapets.eu\/fr\/accessoires\/calcium-mix-pack-65-g\/#primaryimage\",\"url\":\"https:\/\/megapets.eu\/wp-content\/uploads\/2024\/10\/IMG_2701-e1728372934443.jpg\",\"contentUrl\":\"https:\/\/megapets.eu\/wp-content\/uploads\/2024\/10\/IMG_2701-e1728372934443.jpg\",\"width\":1286,\"height\":907},{\"@type\":\"BreadcrumbList\",\"@id\":\"https:\/\/megapets.eu\/fr\/accessoires\/calcium-mix-pack-65-g\/#breadcrumb\",\"itemListElement\":[{\"@type\":\"ListItem\",\"position\":1,\"name\":\"Strona g\u0142\u00f3wna\",\"item\":\"https:\/\/megapets.eu\/fr\/accueil\/\"},{\"@type\":\"ListItem\",\"position\":2,\"name\":\"Boutique\",\"item\":\"https:\/\/megapets.eu\/boutique\/\"},{\"@type\":\"ListItem\",\"position\":3,\"name\":\"Calcium Mix pack 65 g\"}]},{\"@type\":\"WebSite\",\"@id\":\"https:\/\/megapets.eu\/fr\/#website\",\"url\":\"https:\/\/megapets.eu\/fr\/\",\"name\":\"Mega Pets\",\"description\":\"Jedna z najwi\u0119kszych hodowli \u015blimak\u00f3w w Europie\",\"publisher\":{\"@id\":\"https:\/\/megapets.eu\/fr\/#organization\"},\"alternateName\":\"Mega Pets\",\"potentialAction\":[{\"@type\":\"SearchAction\",\"target\":{\"@type\":\"EntryPoint\",\"urlTemplate\":\"https:\/\/megapets.eu\/fr\/?s={search_term_string}\"},\"query-input\":{\"@type\":\"PropertyValueSpecification\",\"valueRequired\":true,\"valueName\":\"search_term_string\"}}],\"inLanguage\":\"fr-FR\"},{\"@type\":\"Organization\",\"@id\":\"https:\/\/megapets.eu\/fr\/#organization\",\"name\":\"Mega Pets\",\"url\":\"https:\/\/megapets.eu\/fr\/\",\"logo\":{\"@type\":\"ImageObject\",\"inLanguage\":\"fr-FR\",\"@id\":\"https:\/\/megapets.eu\/fr\/#\/schema\/logo\/image\/\",\"url\":\"https:\/\/megapets.eu\/wp-content\/uploads\/2025\/04\/megapets_eu-logo.png\",\"contentUrl\":\"https:\/\/megapets.eu\/wp-content\/uploads\/2025\/04\/megapets_eu-logo.png\",\"width\":2362,\"height\":2362,\"caption\":\"Mega Pets\"},\"image\":{\"@id\":\"https:\/\/megapets.eu\/fr\/#\/schema\/logo\/image\/\"},\"sameAs\":[\"https:\/\/www.facebook.com\/MegaPets.eu\/\"]}]}<\/script>\n<!-- \/ Yoast SEO plugin. -->","yoast_head_json":{"title":"Calcium Mix pack 65 g | MegaPets","robots":{"index":"index","follow":"follow","max-snippet":"max-snippet:-1","max-image-preview":"max-image-preview:large","max-video-preview":"max-video-preview:-1"},"canonical":"https:\/\/megapets.eu\/fr\/accessoires\/calcium-mix-pack-65-g\/","og_locale":"fr_FR","og_type":"article","og_title":"Calcium Mix pack 65 g | MegaPets","og_description":"Composition : coquille d'\u0153uf et poudre s\u00e9pia  L'emballage contient : 65 g  Le prix s'applique \u00e0 : 1 paquet.","og_url":"https:\/\/megapets.eu\/fr\/accessoires\/calcium-mix-pack-65-g\/","og_site_name":"MegaPets","article_publisher":"https:\/\/www.facebook.com\/MegaPets.eu\/","og_image":[{"width":1286,"height":907,"url":"https:\/\/megapets.eu\/wp-content\/uploads\/2024\/10\/IMG_2701-e1728372934443.jpg","type":"image\/jpeg"}],"twitter_card":"summary_large_image","twitter_misc":{"Dur\u00e9e de lecture estim\u00e9e":"1 minute"},"schema":{"@context":"https:\/\/schema.org","@graph":[{"@type":"WebPage","@id":"https:\/\/megapets.eu\/fr\/accessoires\/calcium-mix-pack-65-g\/","url":"https:\/\/megapets.eu\/fr\/accessoires\/calcium-mix-pack-65-g\/","name":"Calcium Mix pack 65 g | MegaPets","isPartOf":{"@id":"https:\/\/megapets.eu\/fr\/#website"},"primaryImageOfPage":{"@id":"https:\/\/megapets.eu\/fr\/accessoires\/calcium-mix-pack-65-g\/#primaryimage"},"image":{"@id":"https:\/\/megapets.eu\/fr\/accessoires\/calcium-mix-pack-65-g\/#primaryimage"},"thumbnailUrl":"https:\/\/megapets.eu\/wp-content\/uploads\/2024\/10\/IMG_2701-e1728372934443.jpg","datePublished":"2024-10-04T16:22:05+00:00","breadcrumb":{"@id":"https:\/\/megapets.eu\/fr\/accessoires\/calcium-mix-pack-65-g\/#breadcrumb"},"inLanguage":"fr-FR","potentialAction":[{"@type":"ReadAction","target":["https:\/\/megapets.eu\/fr\/accessoires\/calcium-mix-pack-65-g\/"]}]},{"@type":"ImageObject","inLanguage":"fr-FR","@id":"https:\/\/megapets.eu\/fr\/accessoires\/calcium-mix-pack-65-g\/#primaryimage","url":"https:\/\/megapets.eu\/wp-content\/uploads\/2024\/10\/IMG_2701-e1728372934443.jpg","contentUrl":"https:\/\/megapets.eu\/wp-content\/uploads\/2024\/10\/IMG_2701-e1728372934443.jpg","width":1286,"height":907},{"@type":"BreadcrumbList","@id":"https:\/\/megapets.eu\/fr\/accessoires\/calcium-mix-pack-65-g\/#breadcrumb","itemListElement":[{"@type":"ListItem","position":1,"name":"Strona g\u0142\u00f3wna","item":"https:\/\/megapets.eu\/fr\/accueil\/"},{"@type":"ListItem","position":2,"name":"Boutique","item":"https:\/\/megapets.eu\/boutique\/"},{"@type":"ListItem","position":3,"name":"Calcium Mix pack 65 g"}]},{"@type":"WebSite","@id":"https:\/\/megapets.eu\/fr\/#website","url":"https:\/\/megapets.eu\/fr\/","name":"Mega Pets","description":"Jedna z najwi\u0119kszych hodowli \u015blimak\u00f3w w Europie","publisher":{"@id":"https:\/\/megapets.eu\/fr\/#organization"},"alternateName":"Mega Pets","potentialAction":[{"@type":"SearchAction","target":{"@type":"EntryPoint","urlTemplate":"https:\/\/megapets.eu\/fr\/?s={search_term_string}"},"query-input":{"@type":"PropertyValueSpecification","valueRequired":true,"valueName":"search_term_string"}}],"inLanguage":"fr-FR"},{"@type":"Organization","@id":"https:\/\/megapets.eu\/fr\/#organization","name":"Mega Pets","url":"https:\/\/megapets.eu\/fr\/","logo":{"@type":"ImageObject","inLanguage":"fr-FR","@id":"https:\/\/megapets.eu\/fr\/#\/schema\/logo\/image\/","url":"https:\/\/megapets.eu\/wp-content\/uploads\/2025\/04\/megapets_eu-logo.png","contentUrl":"https:\/\/megapets.eu\/wp-content\/uploads\/2025\/04\/megapets_eu-logo.png","width":2362,"height":2362,"caption":"Mega Pets"},"image":{"@id":"https:\/\/megapets.eu\/fr\/#\/schema\/logo\/image\/"},"sameAs":["https:\/\/www.facebook.com\/MegaPets.eu\/"]}]}},"_links":{"self":[{"href":"https:\/\/megapets.eu\/fr\/wp-json\/wp\/v2\/product\/4604","targetHints":{"allow":["GET"]}}],"collection":[{"href":"https:\/\/megapets.eu\/fr\/wp-json\/wp\/v2\/product"}],"about":[{"href":"https:\/\/megapets.eu\/fr\/wp-json\/wp\/v2\/types\/product"}],"wp:featuredmedia":[{"embeddable":true,"href":"https:\/\/megapets.eu\/fr\/wp-json\/wp\/v2\/media\/4606"}],"wp:attachment":[{"href":"https:\/\/megapets.eu\/fr\/wp-json\/wp\/v2\/media?parent=4604"}],"wp:term":[{"taxonomy":"product_cat","embeddable":true,"href":"https:\/\/megapets.eu\/fr\/wp-json\/wp\/v2\/product_cat?post=4604"},{"taxonomy":"product_tag","embeddable":true,"href":"https:\/\/megapets.eu\/fr\/wp-json\/wp\/v2\/product_tag?post=4604"}],"curies":[{"name":"wp","href":"https:\/\/api.w.org\/{rel}","templated":true}]}}