{"id":4607,"date":"2024-10-05T11:03:19","date_gmt":"2024-10-05T11:03:19","guid":{"rendered":"https:\/\/megapets.eu\/non%20class\u00e9\/atopochetus-caudulanuscrocodile-rouge-pourpre\/"},"modified":"2025-08-13T14:59:01","modified_gmt":"2025-08-13T14:59:01","slug":"atopochetus-caudulanuscrocodile-rouge-pourpre","status":"publish","type":"product","link":"https:\/\/megapets.eu\/fr\/miriapodes-fr\/atopochetus-caudulanuscrocodile-rouge-pourpre\/","title":{"rendered":"Atopochetus caudulanus<br>\u00ab&nbsp;Mille-pattes violet et rouge&nbsp;\u00bb"},"content":{"rendered":"<p class=\"v1v1v1v1MsoNormal\"><span style=\"color: #d94890;\"><strong><em><span style=\"font-size: 15px;\"><span style=\"color: #424242;\">Esp\u00e8ce :<\/span> <span style=\"color: #800080;\">Mille-pattes Atopochetus caudulanus \u00ab&nbsp;<span style=\"color: #d91a1a;\">Mille-pattes rouge violet <\/span>&nbsp;\u00bb. <span style=\"color: #424242;\">Faciles \u00e0 entretenir, ils sont donc parfaits pour les d\u00e9butants.<\/span><\/span><\/span><\/em><\/strong><\/span><\/p>\n<p>&nbsp;<\/p>\n<p><span style=\"color: #800000;\"><span style=\"color: #800080;\"><strong><em><span style=\"font-size: 15px;\">Il est<\/span><\/em><\/strong><\/span><strong><em><span style=\"font-size: 15px;\"><span style=\"color: #800080;\">possible de choisir une paire \u2764\ufe0f<b> <\/b>d\u2019hommes et de femmes,<\/span> <span style=\"color: #424242;\">merci de l\u2019indiquer dans le commentaire de la commande.<\/span><\/span><\/em><\/strong><\/span><\/p>\n<p>&nbsp;<\/p>\n<p><span style=\"color: #424242;\"><strong><em><span style=\"font-size: 15px;\"><strong style=\"color: #424242;\"><span style=\"color: #800000;\"><span style=\"color: #800080;\">\ud83d\udc9c\u2764\ufe0f<b>\ud83d\udc9c<\/b><\/span><\/span> Vous cherchez quelque chose d\u2019amusant \u00e0 \u00e9lever pour commencer ?  <\/strong><span style=\"color: #800080;\"><span style=\"color: #d94890;\"><span style=\"color: #800080;\">Mille-pattes Atopochetus caudulanus \u00ab&nbsp;Mille-pattes<\/span><span style=\"color: #d91a1a;\"> <\/span> rouge violet<span style=\"color: #800080;\">&nbsp;\u00bb<\/span> sont des<\/span> cr\u00e9atures magnifiques et faciles \u00e0 entretenir, totalement sans danger pour les humains, ils ne mordent pas. Ils ont des m\u00e2choires faibles qui sont adapt\u00e9es pour \u00e9craser les mati\u00e8res v\u00e9g\u00e9tales. Les mille-pattes pr\u00e9f\u00e8rent les endroits humides, vivent dans la couche sup\u00e9rieure du substrat et se nourrissent de feuilles, substrat \u00e0 plusieurs composants destin\u00e9 \u00e0 l\u2019\u00e9levage des mille-pattes, ainsi que de l\u00e9gumes et de fruits.  <\/span><\/span><\/em><\/strong><\/span><\/p>\n<p>&nbsp;<\/p>\n<p class=\"v1v1v1v1MsoNormal\"><span style=\"color: #424242;\"><strong><em><span style=\"font-size: 15px;\"><span class=\"x1xsqp64 xiy17q3 x1o6pynw x19co3pv xdj266r xcwd3tp xat24cr x39eecv x2b8uid\" data-testid=\"emoji\"><span class=\"xexx8yu xn5pp95 x18d9i69 x2fxd7x x3jgonx x1bhl96m\">\ud83c\udf3f <\/span><\/span><span style=\"color: #424242;\">Tout ce dont un tel animal a besoin pour r\u00e9ussir \u00e0 se d\u00e9velopper et \u00e0 vivre dans un terrarium est :<\/span><\/span><\/em><\/strong><\/span><\/p>\n<p class=\"v1v1v1v1MsoNormal\"><span style=\"color: #008000;\"><strong><em><span style=\"font-size: 15px;\">* Substrat \/ nourriture : Substrat pour l\u2019\u00e9levage de mille-pattes et de myrip\u00e8des (disponible sur notre autre cri\u00e9e) ;<\/span><\/em><\/strong><\/span><\/p>\n<p class=\"v1v1v1v1MsoNormal\"><span style=\"color: #008000;\"><strong><em><span style=\"font-size: 15px;\">* Superaliment : L\u00e9gumes et fruits frais ;<\/span><\/em><\/strong><\/span><\/p>\n<p class=\"v1v1v1v1MsoNormal\"><span style=\"color: #008000;\"><strong><em><span style=\"font-size: 15px;\">* Nourriture&nbsp;: Le gammare moulu est un gammare s\u00e9ch\u00e9, riche en macro et micro-\u00e9l\u00e9ments, une source naturelle de prot\u00e9ines animales et de chitine (disponible sur notre autre vente aux ench\u00e8res)&nbsp;;<\/span><\/em><\/strong><\/span><\/p>\n<p class=\"v1v1v1v1MsoNormal\"><span style=\"color: #008000;\"><strong><em><span style=\"font-size: 15px;\">* Terrarium : Faunabox est id\u00e9al pour l\u2019\u00e9levage de mille-pattes et de mille-pattes (disponible sur notre autre ench\u00e8re) ;<\/span><\/em><\/strong><\/span><\/p>\n<p class=\"v1v1v1v1MsoNormal\"><span style=\"color: #008000;\"><strong><em><span style=\"font-size: 15px;\">* Temp\u00e9rature recommand\u00e9e 22-26 \u00b0C et humidit\u00e9 d\u2019environ 70 % (ne pas laisser le substrat se dess\u00e9cher, vaporiser le terrarium tous les 2-3 jours).<\/span><\/em><\/strong><\/span><\/p>\n","protected":false},"excerpt":{"rendered":"<ul class=\"product_attributes\">\n<li><span style=\"color:#555555\">Taille cible :<\/span> environ 10 cm<\/li>\n<li><span style=\"color:#555555\">Juv\u00e9nile offert :<\/span> env. 3 cm <\/li>\n<li><span style=\"color:#555555\">Le prix s\u2019applique \u00e0 :<\/span> 1 pi\u00e8ce<\/li>\n<\/ul>\n","protected":false},"featured_media":4609,"template":"","meta":{"_acf_changed":false,"_links_to":"","_links_to_target":""},"product_cat":[108],"product_tag":[],"class_list":{"0":"post-4607","1":"product","2":"type-product","3":"status-publish","4":"has-post-thumbnail","6":"product_cat-miriapodes-fr","8":"first","9":"instock","10":"shipping-taxable","11":"purchasable","12":"product-type-simple"},"acf":[],"yoast_head":"<!-- This site is optimized with the Yoast SEO plugin v24.9 - https:\/\/yoast.com\/wordpress\/plugins\/seo\/ -->\n<title>Atopochetus caudulanus\u00ab&nbsp;Mille-pattes violet et rouge&nbsp;\u00bb | MegaPets<\/title>\n<meta name=\"robots\" content=\"index, follow, max-snippet:-1, max-image-preview:large, max-video-preview:-1\" \/>\n<link rel=\"canonical\" href=\"https:\/\/megapets.eu\/fr\/miriapodes-fr\/atopochetus-caudulanuscrocodile-rouge-pourpre\/\" \/>\n<meta property=\"og:locale\" content=\"fr_FR\" \/>\n<meta property=\"og:type\" content=\"article\" \/>\n<meta property=\"og:title\" content=\"Atopochetus caudulanus\u00ab&nbsp;Mille-pattes violet et rouge&nbsp;\u00bb | MegaPets\" \/>\n<meta property=\"og:description\" content=\"Taille cible : environ 10 cm Juv\u00e9nile offert : env. 3 cm  Le prix s\u2019applique \u00e0 : 1 pi\u00e8ce\" \/>\n<meta property=\"og:url\" content=\"https:\/\/megapets.eu\/fr\/miriapodes-fr\/atopochetus-caudulanuscrocodile-rouge-pourpre\/\" \/>\n<meta property=\"og:site_name\" content=\"MegaPets\" \/>\n<meta property=\"article:publisher\" content=\"https:\/\/www.facebook.com\/MegaPets.eu\/\" \/>\n<meta property=\"article:modified_time\" content=\"2025-08-13T14:59:01+00:00\" \/>\n<meta property=\"og:image\" content=\"https:\/\/megapets.eu\/wp-content\/uploads\/2024\/10\/56.jpg\" \/>\n\t<meta property=\"og:image:width\" content=\"1200\" \/>\n\t<meta property=\"og:image:height\" content=\"798\" \/>\n\t<meta property=\"og:image:type\" content=\"image\/jpeg\" \/>\n<meta name=\"twitter:card\" content=\"summary_large_image\" \/>\n<meta name=\"twitter:label1\" content=\"Dur\u00e9e de lecture estim\u00e9e\" \/>\n\t<meta name=\"twitter:data1\" content=\"1 minute\" \/>\n<script type=\"application\/ld+json\" class=\"yoast-schema-graph\">{\"@context\":\"https:\/\/schema.org\",\"@graph\":[{\"@type\":\"WebPage\",\"@id\":\"https:\/\/megapets.eu\/fr\/miriapodes-fr\/atopochetus-caudulanuscrocodile-rouge-pourpre\/\",\"url\":\"https:\/\/megapets.eu\/fr\/miriapodes-fr\/atopochetus-caudulanuscrocodile-rouge-pourpre\/\",\"name\":\"Atopochetus caudulanus \u00ab&nbsp;Mille-pattes violet et rouge&nbsp;\u00bb | MegaPets\",\"isPartOf\":{\"@id\":\"https:\/\/megapets.eu\/fr\/#website\"},\"primaryImageOfPage\":{\"@id\":\"https:\/\/megapets.eu\/fr\/miriapodes-fr\/atopochetus-caudulanuscrocodile-rouge-pourpre\/#primaryimage\"},\"image\":{\"@id\":\"https:\/\/megapets.eu\/fr\/miriapodes-fr\/atopochetus-caudulanuscrocodile-rouge-pourpre\/#primaryimage\"},\"thumbnailUrl\":\"https:\/\/megapets.eu\/wp-content\/uploads\/2024\/10\/56.jpg\",\"datePublished\":\"2024-10-05T11:03:19+00:00\",\"dateModified\":\"2025-08-13T14:59:01+00:00\",\"breadcrumb\":{\"@id\":\"https:\/\/megapets.eu\/fr\/miriapodes-fr\/atopochetus-caudulanuscrocodile-rouge-pourpre\/#breadcrumb\"},\"inLanguage\":\"fr-FR\",\"potentialAction\":[{\"@type\":\"ReadAction\",\"target\":[\"https:\/\/megapets.eu\/fr\/miriapodes-fr\/atopochetus-caudulanuscrocodile-rouge-pourpre\/\"]}]},{\"@type\":\"ImageObject\",\"inLanguage\":\"fr-FR\",\"@id\":\"https:\/\/megapets.eu\/fr\/miriapodes-fr\/atopochetus-caudulanuscrocodile-rouge-pourpre\/#primaryimage\",\"url\":\"https:\/\/megapets.eu\/wp-content\/uploads\/2024\/10\/56.jpg\",\"contentUrl\":\"https:\/\/megapets.eu\/wp-content\/uploads\/2024\/10\/56.jpg\",\"width\":1200,\"height\":798},{\"@type\":\"BreadcrumbList\",\"@id\":\"https:\/\/megapets.eu\/fr\/miriapodes-fr\/atopochetus-caudulanuscrocodile-rouge-pourpre\/#breadcrumb\",\"itemListElement\":[{\"@type\":\"ListItem\",\"position\":1,\"name\":\"Strona g\u0142\u00f3wna\",\"item\":\"https:\/\/megapets.eu\/fr\/accueil\/\"},{\"@type\":\"ListItem\",\"position\":2,\"name\":\"Boutique\",\"item\":\"https:\/\/megapets.eu\/boutique\/\"},{\"@type\":\"ListItem\",\"position\":3,\"name\":\"Atopochetus caudulanus\u00ab&nbsp;Mille-pattes violet et rouge&nbsp;\u00bb\"}]},{\"@type\":\"WebSite\",\"@id\":\"https:\/\/megapets.eu\/fr\/#website\",\"url\":\"https:\/\/megapets.eu\/fr\/\",\"name\":\"Mega Pets\",\"description\":\"Jedna z najwi\u0119kszych hodowli \u015blimak\u00f3w w Europie\",\"publisher\":{\"@id\":\"https:\/\/megapets.eu\/fr\/#organization\"},\"alternateName\":\"Mega Pets\",\"potentialAction\":[{\"@type\":\"SearchAction\",\"target\":{\"@type\":\"EntryPoint\",\"urlTemplate\":\"https:\/\/megapets.eu\/fr\/?s={search_term_string}\"},\"query-input\":{\"@type\":\"PropertyValueSpecification\",\"valueRequired\":true,\"valueName\":\"search_term_string\"}}],\"inLanguage\":\"fr-FR\"},{\"@type\":\"Organization\",\"@id\":\"https:\/\/megapets.eu\/fr\/#organization\",\"name\":\"Mega Pets\",\"url\":\"https:\/\/megapets.eu\/fr\/\",\"logo\":{\"@type\":\"ImageObject\",\"inLanguage\":\"fr-FR\",\"@id\":\"https:\/\/megapets.eu\/fr\/#\/schema\/logo\/image\/\",\"url\":\"https:\/\/megapets.eu\/wp-content\/uploads\/2025\/04\/megapets_eu-logo.png\",\"contentUrl\":\"https:\/\/megapets.eu\/wp-content\/uploads\/2025\/04\/megapets_eu-logo.png\",\"width\":2362,\"height\":2362,\"caption\":\"Mega Pets\"},\"image\":{\"@id\":\"https:\/\/megapets.eu\/fr\/#\/schema\/logo\/image\/\"},\"sameAs\":[\"https:\/\/www.facebook.com\/MegaPets.eu\/\"]}]}<\/script>\n<!-- \/ Yoast SEO plugin. -->","yoast_head_json":{"title":"Atopochetus caudulanus\u00ab&nbsp;Mille-pattes violet et rouge&nbsp;\u00bb | MegaPets","robots":{"index":"index","follow":"follow","max-snippet":"max-snippet:-1","max-image-preview":"max-image-preview:large","max-video-preview":"max-video-preview:-1"},"canonical":"https:\/\/megapets.eu\/fr\/miriapodes-fr\/atopochetus-caudulanuscrocodile-rouge-pourpre\/","og_locale":"fr_FR","og_type":"article","og_title":"Atopochetus caudulanus\u00ab&nbsp;Mille-pattes violet et rouge&nbsp;\u00bb | MegaPets","og_description":"Taille cible : environ 10 cm Juv\u00e9nile offert : env. 3 cm  Le prix s\u2019applique \u00e0 : 1 pi\u00e8ce","og_url":"https:\/\/megapets.eu\/fr\/miriapodes-fr\/atopochetus-caudulanuscrocodile-rouge-pourpre\/","og_site_name":"MegaPets","article_publisher":"https:\/\/www.facebook.com\/MegaPets.eu\/","article_modified_time":"2025-08-13T14:59:01+00:00","og_image":[{"width":1200,"height":798,"url":"https:\/\/megapets.eu\/wp-content\/uploads\/2024\/10\/56.jpg","type":"image\/jpeg"}],"twitter_card":"summary_large_image","twitter_misc":{"Dur\u00e9e de lecture estim\u00e9e":"1 minute"},"schema":{"@context":"https:\/\/schema.org","@graph":[{"@type":"WebPage","@id":"https:\/\/megapets.eu\/fr\/miriapodes-fr\/atopochetus-caudulanuscrocodile-rouge-pourpre\/","url":"https:\/\/megapets.eu\/fr\/miriapodes-fr\/atopochetus-caudulanuscrocodile-rouge-pourpre\/","name":"Atopochetus caudulanus \u00ab&nbsp;Mille-pattes violet et rouge&nbsp;\u00bb | MegaPets","isPartOf":{"@id":"https:\/\/megapets.eu\/fr\/#website"},"primaryImageOfPage":{"@id":"https:\/\/megapets.eu\/fr\/miriapodes-fr\/atopochetus-caudulanuscrocodile-rouge-pourpre\/#primaryimage"},"image":{"@id":"https:\/\/megapets.eu\/fr\/miriapodes-fr\/atopochetus-caudulanuscrocodile-rouge-pourpre\/#primaryimage"},"thumbnailUrl":"https:\/\/megapets.eu\/wp-content\/uploads\/2024\/10\/56.jpg","datePublished":"2024-10-05T11:03:19+00:00","dateModified":"2025-08-13T14:59:01+00:00","breadcrumb":{"@id":"https:\/\/megapets.eu\/fr\/miriapodes-fr\/atopochetus-caudulanuscrocodile-rouge-pourpre\/#breadcrumb"},"inLanguage":"fr-FR","potentialAction":[{"@type":"ReadAction","target":["https:\/\/megapets.eu\/fr\/miriapodes-fr\/atopochetus-caudulanuscrocodile-rouge-pourpre\/"]}]},{"@type":"ImageObject","inLanguage":"fr-FR","@id":"https:\/\/megapets.eu\/fr\/miriapodes-fr\/atopochetus-caudulanuscrocodile-rouge-pourpre\/#primaryimage","url":"https:\/\/megapets.eu\/wp-content\/uploads\/2024\/10\/56.jpg","contentUrl":"https:\/\/megapets.eu\/wp-content\/uploads\/2024\/10\/56.jpg","width":1200,"height":798},{"@type":"BreadcrumbList","@id":"https:\/\/megapets.eu\/fr\/miriapodes-fr\/atopochetus-caudulanuscrocodile-rouge-pourpre\/#breadcrumb","itemListElement":[{"@type":"ListItem","position":1,"name":"Strona g\u0142\u00f3wna","item":"https:\/\/megapets.eu\/fr\/accueil\/"},{"@type":"ListItem","position":2,"name":"Boutique","item":"https:\/\/megapets.eu\/boutique\/"},{"@type":"ListItem","position":3,"name":"Atopochetus caudulanus\u00ab&nbsp;Mille-pattes violet et rouge&nbsp;\u00bb"}]},{"@type":"WebSite","@id":"https:\/\/megapets.eu\/fr\/#website","url":"https:\/\/megapets.eu\/fr\/","name":"Mega Pets","description":"Jedna z najwi\u0119kszych hodowli \u015blimak\u00f3w w Europie","publisher":{"@id":"https:\/\/megapets.eu\/fr\/#organization"},"alternateName":"Mega Pets","potentialAction":[{"@type":"SearchAction","target":{"@type":"EntryPoint","urlTemplate":"https:\/\/megapets.eu\/fr\/?s={search_term_string}"},"query-input":{"@type":"PropertyValueSpecification","valueRequired":true,"valueName":"search_term_string"}}],"inLanguage":"fr-FR"},{"@type":"Organization","@id":"https:\/\/megapets.eu\/fr\/#organization","name":"Mega Pets","url":"https:\/\/megapets.eu\/fr\/","logo":{"@type":"ImageObject","inLanguage":"fr-FR","@id":"https:\/\/megapets.eu\/fr\/#\/schema\/logo\/image\/","url":"https:\/\/megapets.eu\/wp-content\/uploads\/2025\/04\/megapets_eu-logo.png","contentUrl":"https:\/\/megapets.eu\/wp-content\/uploads\/2025\/04\/megapets_eu-logo.png","width":2362,"height":2362,"caption":"Mega Pets"},"image":{"@id":"https:\/\/megapets.eu\/fr\/#\/schema\/logo\/image\/"},"sameAs":["https:\/\/www.facebook.com\/MegaPets.eu\/"]}]}},"_links":{"self":[{"href":"https:\/\/megapets.eu\/fr\/wp-json\/wp\/v2\/product\/4607","targetHints":{"allow":["GET"]}}],"collection":[{"href":"https:\/\/megapets.eu\/fr\/wp-json\/wp\/v2\/product"}],"about":[{"href":"https:\/\/megapets.eu\/fr\/wp-json\/wp\/v2\/types\/product"}],"wp:featuredmedia":[{"embeddable":true,"href":"https:\/\/megapets.eu\/fr\/wp-json\/wp\/v2\/media\/4609"}],"wp:attachment":[{"href":"https:\/\/megapets.eu\/fr\/wp-json\/wp\/v2\/media?parent=4607"}],"wp:term":[{"taxonomy":"product_cat","embeddable":true,"href":"https:\/\/megapets.eu\/fr\/wp-json\/wp\/v2\/product_cat?post=4607"},{"taxonomy":"product_tag","embeddable":true,"href":"https:\/\/megapets.eu\/fr\/wp-json\/wp\/v2\/product_tag?post=4607"}],"curies":[{"name":"wp","href":"https:\/\/api.w.org\/{rel}","templated":true}]}}