{"id":4612,"date":"2024-10-04T07:49:38","date_gmt":"2024-10-04T07:49:38","guid":{"rendered":"https:\/\/megapets.eu\/non class\u00e9\/sepia-os-de-seiche-05-kgpremium-gross\/"},"modified":"2024-10-04T07:49:38","modified_gmt":"2024-10-04T07:49:38","slug":"sepia-os-de-seiche-05-kgpremium-gross","status":"publish","type":"product","link":"https:\/\/megapets.eu\/fr\/accessoires\/sepia-os-de-seiche-05-kgpremium-gross\/","title":{"rendered":"Sepia &#8211; os de seiche 0,5 kg<br \/>PREMIUM GROSS"},"content":{"rendered":"<p><strong><span style=\"color: #e87020; font-size: 15px;\"><em>Sepia &#8211; os de seiche 0,5 kg PREMIUM THICK<\/em><\/span><\/strong><\/p>\n<p><strong><span style=\"color: #e87020; font-size: 15px;\"><em>Longueur de l&rsquo;os : environ 10-18 cm (m\u00e9lange).<\/em><\/span><\/strong><\/p>\n<p><strong><span style=\"color: #e87020; font-size: 15px;\"><em>Composition : 100% d&rsquo;os de seiche naturel.<\/em><\/span><\/strong><\/p>\n<p><strong><span style=\"color: #e87020; font-size: 15px;\"><em>Le prix est pour 0,5 kg.<\/em><\/span><\/strong><\/p>\n<p><em><span style=\"color: #424242;\"><strong><span style=\"font-size: 15px;\">Sepia &#8211; os de seiche est une source naturelle de calcium pour les escargots exotiques, les tortues et autres animaux de terrarium.<\/span><\/strong><\/span><\/em><\/p>\n<p><em><span style=\"color: #424242;\"><strong><span style=\"font-size: 15px;\">Le s\u00e9pia est donn\u00e9 aux animaux par le c\u00f4t\u00e9 mou. Les os de seiche doivent \u00eatre remplac\u00e9s par des os frais apr\u00e8s que l&rsquo;animal a gratt\u00e9 la partie molle de la s\u00e9pia ou d\u00e8s les premiers signes de d\u00e9t\u00e9rioration (apparition de taches, qui sont dues \u00e0 l&rsquo;humidit\u00e9 du terrarium).<\/span><\/strong><\/span><\/em><\/p>\n<p><em><span style=\"color: #424242;\"><strong><span style=\"font-size: 15px;\">Tu peux toujours varier les formes de calcium administr\u00e9es et proposer en plus \u00e0 ton animal du \u00ab\u00a0Calcium\u00a0\u00bb &#8211; calcium pour escargots.<\/span><\/strong><\/span><\/em><\/p>\n<p><em><span style=\"color: #424242;\"><strong><span style=\"font-size: 15px;\">Les compl\u00e9ments que nous recommandons sont capables de r\u00e9pondre aux besoins en nutriments pr\u00e9cieux des esp\u00e8ces les plus exigeantes : \u00ab\u00a0Prot\u00e9ines et vitamines\u00a0\u00bb, m\u00e9lange d&rsquo;herbes exotiques, gammarus moulu. Il est recommand\u00e9 d&rsquo;utiliser les compl\u00e9ments en alternance, afin que l&rsquo;alimentation de ton animal reste vari\u00e9e et compl\u00e8te.<\/span><\/strong><\/span><\/em><\/p>\n","protected":false},"excerpt":{"rendered":"<ul class=\"product_attributes\">\n<li><span style=\"color: #555555;\">Composition :<\/span> 100 % d&rsquo;os de seiche naturels<\/li>\n<li><span style=\"color: #555555;\">Longueur de l&rsquo;os :<\/span> environ 10-18 cm (m\u00e9lange)<\/li>\n<li><span style=\"color: #555555;\">Prix concerne :<\/span> 0,5 kg<\/li>\n<\/ul>\n","protected":false},"featured_media":4602,"template":"","meta":{"_acf_changed":false,"_links_to":"","_links_to_target":""},"product_cat":[112],"product_tag":[115,119,114,113],"class_list":{"0":"post-4612","1":"product","2":"type-product","3":"status-publish","4":"has-post-thumbnail","6":"product_cat-accessoires","7":"product_tag-pour-les-cafards","8":"product_tag-pour-les-escargots","9":"product_tag-pour-les-isopodes","10":"product_tag-pour-les-ruses","12":"first","13":"outofstock","14":"shipping-taxable","15":"purchasable","16":"product-type-simple"},"acf":[],"yoast_head":"<!-- This site is optimized with the Yoast SEO plugin v24.9 - https:\/\/yoast.com\/wordpress\/plugins\/seo\/ -->\n<title>Sepia - os de seiche 0,5 kgPREMIUM GROSS | MegaPets<\/title>\n<meta name=\"robots\" content=\"index, follow, max-snippet:-1, max-image-preview:large, max-video-preview:-1\" \/>\n<link rel=\"canonical\" href=\"https:\/\/megapets.eu\/fr\/accessoires\/sepia-os-de-seiche-05-kgpremium-gross\/\" \/>\n<meta property=\"og:locale\" content=\"fr_FR\" \/>\n<meta property=\"og:type\" content=\"article\" \/>\n<meta property=\"og:title\" content=\"Sepia - os de seiche 0,5 kgPREMIUM GROSS | MegaPets\" \/>\n<meta property=\"og:description\" content=\"Composition : 100 % d&#039;os de seiche naturels  Longueur de l&#039;os : environ 10-18 cm (m\u00e9lange)  Prix concerne : 0,5 kg\" \/>\n<meta property=\"og:url\" content=\"https:\/\/megapets.eu\/fr\/accessoires\/sepia-os-de-seiche-05-kgpremium-gross\/\" \/>\n<meta property=\"og:site_name\" content=\"MegaPets\" \/>\n<meta property=\"article:publisher\" content=\"https:\/\/www.facebook.com\/MegaPets.eu\/\" \/>\n<meta property=\"og:image\" content=\"https:\/\/megapets.eu\/wp-content\/uploads\/2024\/10\/66655544.png\" \/>\n\t<meta property=\"og:image:width\" content=\"956\" \/>\n\t<meta property=\"og:image:height\" content=\"714\" \/>\n\t<meta property=\"og:image:type\" content=\"image\/png\" \/>\n<meta name=\"twitter:card\" content=\"summary_large_image\" \/>\n<meta name=\"twitter:label1\" content=\"Dur\u00e9e de lecture estim\u00e9e\" \/>\n\t<meta name=\"twitter:data1\" content=\"1 minute\" \/>\n<script type=\"application\/ld+json\" class=\"yoast-schema-graph\">{\"@context\":\"https:\/\/schema.org\",\"@graph\":[{\"@type\":\"WebPage\",\"@id\":\"https:\/\/megapets.eu\/fr\/accessoires\/sepia-os-de-seiche-05-kgpremium-gross\/\",\"url\":\"https:\/\/megapets.eu\/fr\/accessoires\/sepia-os-de-seiche-05-kgpremium-gross\/\",\"name\":\"Sepia - os de seiche 0,5 kg PREMIUM GROSS | MegaPets\",\"isPartOf\":{\"@id\":\"https:\/\/megapets.eu\/fr\/#website\"},\"primaryImageOfPage\":{\"@id\":\"https:\/\/megapets.eu\/fr\/accessoires\/sepia-os-de-seiche-05-kgpremium-gross\/#primaryimage\"},\"image\":{\"@id\":\"https:\/\/megapets.eu\/fr\/accessoires\/sepia-os-de-seiche-05-kgpremium-gross\/#primaryimage\"},\"thumbnailUrl\":\"https:\/\/megapets.eu\/wp-content\/uploads\/2024\/10\/66655544.png\",\"datePublished\":\"2024-10-04T07:49:38+00:00\",\"breadcrumb\":{\"@id\":\"https:\/\/megapets.eu\/fr\/accessoires\/sepia-os-de-seiche-05-kgpremium-gross\/#breadcrumb\"},\"inLanguage\":\"fr-FR\",\"potentialAction\":[{\"@type\":\"ReadAction\",\"target\":[\"https:\/\/megapets.eu\/fr\/accessoires\/sepia-os-de-seiche-05-kgpremium-gross\/\"]}]},{\"@type\":\"ImageObject\",\"inLanguage\":\"fr-FR\",\"@id\":\"https:\/\/megapets.eu\/fr\/accessoires\/sepia-os-de-seiche-05-kgpremium-gross\/#primaryimage\",\"url\":\"https:\/\/megapets.eu\/wp-content\/uploads\/2024\/10\/66655544.png\",\"contentUrl\":\"https:\/\/megapets.eu\/wp-content\/uploads\/2024\/10\/66655544.png\",\"width\":956,\"height\":714},{\"@type\":\"BreadcrumbList\",\"@id\":\"https:\/\/megapets.eu\/fr\/accessoires\/sepia-os-de-seiche-05-kgpremium-gross\/#breadcrumb\",\"itemListElement\":[{\"@type\":\"ListItem\",\"position\":1,\"name\":\"Strona g\u0142\u00f3wna\",\"item\":\"https:\/\/megapets.eu\/fr\/accueil\/\"},{\"@type\":\"ListItem\",\"position\":2,\"name\":\"Boutique\",\"item\":\"https:\/\/megapets.eu\/boutique\/\"},{\"@type\":\"ListItem\",\"position\":3,\"name\":\"Sepia &#8211; os de seiche 0,5 kgPREMIUM GROSS\"}]},{\"@type\":\"WebSite\",\"@id\":\"https:\/\/megapets.eu\/fr\/#website\",\"url\":\"https:\/\/megapets.eu\/fr\/\",\"name\":\"Mega Pets\",\"description\":\"Jedna z najwi\u0119kszych hodowli \u015blimak\u00f3w w Europie\",\"publisher\":{\"@id\":\"https:\/\/megapets.eu\/fr\/#organization\"},\"alternateName\":\"Mega Pets\",\"potentialAction\":[{\"@type\":\"SearchAction\",\"target\":{\"@type\":\"EntryPoint\",\"urlTemplate\":\"https:\/\/megapets.eu\/fr\/?s={search_term_string}\"},\"query-input\":{\"@type\":\"PropertyValueSpecification\",\"valueRequired\":true,\"valueName\":\"search_term_string\"}}],\"inLanguage\":\"fr-FR\"},{\"@type\":\"Organization\",\"@id\":\"https:\/\/megapets.eu\/fr\/#organization\",\"name\":\"Mega Pets\",\"url\":\"https:\/\/megapets.eu\/fr\/\",\"logo\":{\"@type\":\"ImageObject\",\"inLanguage\":\"fr-FR\",\"@id\":\"https:\/\/megapets.eu\/fr\/#\/schema\/logo\/image\/\",\"url\":\"https:\/\/megapets.eu\/wp-content\/uploads\/2025\/04\/megapets_eu-logo.png\",\"contentUrl\":\"https:\/\/megapets.eu\/wp-content\/uploads\/2025\/04\/megapets_eu-logo.png\",\"width\":2362,\"height\":2362,\"caption\":\"Mega Pets\"},\"image\":{\"@id\":\"https:\/\/megapets.eu\/fr\/#\/schema\/logo\/image\/\"},\"sameAs\":[\"https:\/\/www.facebook.com\/MegaPets.eu\/\"]}]}<\/script>\n<!-- \/ Yoast SEO plugin. -->","yoast_head_json":{"title":"Sepia - os de seiche 0,5 kgPREMIUM GROSS | MegaPets","robots":{"index":"index","follow":"follow","max-snippet":"max-snippet:-1","max-image-preview":"max-image-preview:large","max-video-preview":"max-video-preview:-1"},"canonical":"https:\/\/megapets.eu\/fr\/accessoires\/sepia-os-de-seiche-05-kgpremium-gross\/","og_locale":"fr_FR","og_type":"article","og_title":"Sepia - os de seiche 0,5 kgPREMIUM GROSS | MegaPets","og_description":"Composition : 100 % d'os de seiche naturels  Longueur de l'os : environ 10-18 cm (m\u00e9lange)  Prix concerne : 0,5 kg","og_url":"https:\/\/megapets.eu\/fr\/accessoires\/sepia-os-de-seiche-05-kgpremium-gross\/","og_site_name":"MegaPets","article_publisher":"https:\/\/www.facebook.com\/MegaPets.eu\/","og_image":[{"width":956,"height":714,"url":"https:\/\/megapets.eu\/wp-content\/uploads\/2024\/10\/66655544.png","type":"image\/png"}],"twitter_card":"summary_large_image","twitter_misc":{"Dur\u00e9e de lecture estim\u00e9e":"1 minute"},"schema":{"@context":"https:\/\/schema.org","@graph":[{"@type":"WebPage","@id":"https:\/\/megapets.eu\/fr\/accessoires\/sepia-os-de-seiche-05-kgpremium-gross\/","url":"https:\/\/megapets.eu\/fr\/accessoires\/sepia-os-de-seiche-05-kgpremium-gross\/","name":"Sepia - os de seiche 0,5 kg PREMIUM GROSS | MegaPets","isPartOf":{"@id":"https:\/\/megapets.eu\/fr\/#website"},"primaryImageOfPage":{"@id":"https:\/\/megapets.eu\/fr\/accessoires\/sepia-os-de-seiche-05-kgpremium-gross\/#primaryimage"},"image":{"@id":"https:\/\/megapets.eu\/fr\/accessoires\/sepia-os-de-seiche-05-kgpremium-gross\/#primaryimage"},"thumbnailUrl":"https:\/\/megapets.eu\/wp-content\/uploads\/2024\/10\/66655544.png","datePublished":"2024-10-04T07:49:38+00:00","breadcrumb":{"@id":"https:\/\/megapets.eu\/fr\/accessoires\/sepia-os-de-seiche-05-kgpremium-gross\/#breadcrumb"},"inLanguage":"fr-FR","potentialAction":[{"@type":"ReadAction","target":["https:\/\/megapets.eu\/fr\/accessoires\/sepia-os-de-seiche-05-kgpremium-gross\/"]}]},{"@type":"ImageObject","inLanguage":"fr-FR","@id":"https:\/\/megapets.eu\/fr\/accessoires\/sepia-os-de-seiche-05-kgpremium-gross\/#primaryimage","url":"https:\/\/megapets.eu\/wp-content\/uploads\/2024\/10\/66655544.png","contentUrl":"https:\/\/megapets.eu\/wp-content\/uploads\/2024\/10\/66655544.png","width":956,"height":714},{"@type":"BreadcrumbList","@id":"https:\/\/megapets.eu\/fr\/accessoires\/sepia-os-de-seiche-05-kgpremium-gross\/#breadcrumb","itemListElement":[{"@type":"ListItem","position":1,"name":"Strona g\u0142\u00f3wna","item":"https:\/\/megapets.eu\/fr\/accueil\/"},{"@type":"ListItem","position":2,"name":"Boutique","item":"https:\/\/megapets.eu\/boutique\/"},{"@type":"ListItem","position":3,"name":"Sepia &#8211; os de seiche 0,5 kgPREMIUM GROSS"}]},{"@type":"WebSite","@id":"https:\/\/megapets.eu\/fr\/#website","url":"https:\/\/megapets.eu\/fr\/","name":"Mega Pets","description":"Jedna z najwi\u0119kszych hodowli \u015blimak\u00f3w w Europie","publisher":{"@id":"https:\/\/megapets.eu\/fr\/#organization"},"alternateName":"Mega Pets","potentialAction":[{"@type":"SearchAction","target":{"@type":"EntryPoint","urlTemplate":"https:\/\/megapets.eu\/fr\/?s={search_term_string}"},"query-input":{"@type":"PropertyValueSpecification","valueRequired":true,"valueName":"search_term_string"}}],"inLanguage":"fr-FR"},{"@type":"Organization","@id":"https:\/\/megapets.eu\/fr\/#organization","name":"Mega Pets","url":"https:\/\/megapets.eu\/fr\/","logo":{"@type":"ImageObject","inLanguage":"fr-FR","@id":"https:\/\/megapets.eu\/fr\/#\/schema\/logo\/image\/","url":"https:\/\/megapets.eu\/wp-content\/uploads\/2025\/04\/megapets_eu-logo.png","contentUrl":"https:\/\/megapets.eu\/wp-content\/uploads\/2025\/04\/megapets_eu-logo.png","width":2362,"height":2362,"caption":"Mega Pets"},"image":{"@id":"https:\/\/megapets.eu\/fr\/#\/schema\/logo\/image\/"},"sameAs":["https:\/\/www.facebook.com\/MegaPets.eu\/"]}]}},"_links":{"self":[{"href":"https:\/\/megapets.eu\/fr\/wp-json\/wp\/v2\/product\/4612","targetHints":{"allow":["GET"]}}],"collection":[{"href":"https:\/\/megapets.eu\/fr\/wp-json\/wp\/v2\/product"}],"about":[{"href":"https:\/\/megapets.eu\/fr\/wp-json\/wp\/v2\/types\/product"}],"wp:featuredmedia":[{"embeddable":true,"href":"https:\/\/megapets.eu\/fr\/wp-json\/wp\/v2\/media\/4602"}],"wp:attachment":[{"href":"https:\/\/megapets.eu\/fr\/wp-json\/wp\/v2\/media?parent=4612"}],"wp:term":[{"taxonomy":"product_cat","embeddable":true,"href":"https:\/\/megapets.eu\/fr\/wp-json\/wp\/v2\/product_cat?post=4612"},{"taxonomy":"product_tag","embeddable":true,"href":"https:\/\/megapets.eu\/fr\/wp-json\/wp\/v2\/product_tag?post=4612"}],"curies":[{"name":"wp","href":"https:\/\/api.w.org\/{rel}","templated":true}]}}