{"id":4616,"date":"2024-10-04T19:58:06","date_gmt":"2024-10-04T19:58:06","guid":{"rendered":"https:\/\/megapets.eu\/non class\u00e9\/paquet-calcium-80-g\/"},"modified":"2024-10-04T19:58:06","modified_gmt":"2024-10-04T19:58:06","slug":"paquet-calcium-80-g","status":"publish","type":"product","link":"https:\/\/megapets.eu\/fr\/accessoires\/paquet-calcium-80-g\/","title":{"rendered":"Paquet \u00ab\u00a0calcium\u00a0\u00bb 80 g"},"content":{"rendered":"<p><strong><span style=\"color: #e87020; font-size: 15px;\"><em>Paquet \u00ab\u00a0Calcium\u00a0\u00bb 80 g<\/em><\/span><\/strong><\/p>\n<p><strong><span style=\"color: #e87020; font-size: 15px;\"><em>Un paquet contient 80 g.<\/em><\/span><\/strong><\/p>\n<p><strong><span style=\"color: #e87020; font-size: 15px;\"><em>Ingr\u00e9dients : 100% de poudre de coquille d&rsquo;oeuf.<\/em><\/span><\/strong><\/p>\n<p><strong><span style=\"color: #e87020; font-size: 15px;\"><em>Le prix est pour 1 paquet.<\/em><\/span><\/strong><\/p>\n<p><em><span style=\"color: #424242;\"><strong><span style=\"font-size: 15px;\">Le paquet \u00ab\u00a0Calcium\u00a0\u00bb contient 100 % de poudre de coquille d&rsquo;\u0153uf. Les coquilles d&rsquo;\u0153uf sont lav\u00e9es, trait\u00e9es thermiquement, s\u00e9ch\u00e9es et broy\u00e9es en une fine poudre. <\/span><\/strong><\/span><\/em><em><span style=\"color: #424242;\"><strong><span style=\"font-size: 15px;\">L&rsquo;alimentation quotidienne d&rsquo;un escargot ne doit pas manquer de l&rsquo;\u00e9l\u00e9ment de base d&rsquo;une coquille belle et saine. La poudre de coquille d&rsquo;\u0153uf est une source naturelle de calcium parfaitement digestible. Le calcium sous forme de 98 % de carbonate de calcium (CaCO3) est le composant de base des coquilles d&rsquo;\u0153uf. <\/span><\/strong><\/span><\/em><\/p>\n<p><em><span style=\"color: #424242;\"><strong><span style=\"font-size: 15px;\">La poudre de coquille d&rsquo;\u0153uf doit \u00eatre donn\u00e9e \u00e0 ton animal \u00e0 chaque repas, il suffit de la saupoudrer l\u00e9g\u00e8rement sur une partie de la nourriture. Remarque : les coquilles d&rsquo;\u0153uf ne peuvent \u00eatre donn\u00e9es aux escargots que sous forme de poudre finement moulue. <\/span><\/strong><\/span><\/em><\/p>\n<p><em><span style=\"color: #424242;\"><strong><span style=\"font-size: 15px;\">Tu peux toujours varier la forme du calcium donn\u00e9 et offrir en plus \u00e0 ton animal de la s\u00e9pia &#8211; un os de seiche. <\/span><\/strong><\/span><\/em><\/p>\n<p><em><span style=\"color: #424242;\"><strong><span style=\"font-size: 15px;\">Nous recommandons des compl\u00e9ments capables de r\u00e9pondre aux besoins en nutriments pr\u00e9cieux des esp\u00e8ces les plus exigeantes : \u00ab\u00a0Prot\u00e9ines et vitamines\u00a0\u00bb, m\u00e9lange d&rsquo;herbes exotiques, gammarus moulu. Il est recommand\u00e9 d&rsquo;utiliser les compl\u00e9ments en alternance, afin que l&rsquo;alimentation de ton animal reste vari\u00e9e et compl\u00e8te.<\/span><\/strong><\/span><\/em><\/p>\n","protected":false},"excerpt":{"rendered":"<ul class=\"product_attributes\">\n<li><span style=\"color: #555555;\">Ingr\u00e9dients :<\/span> 100% de poudre de coquille d&rsquo;\u0153uf<\/li>\n<li><span style=\"color: #555555;\">L&#8217;emballage contient<\/span> 80 g<\/li>\n<li><span style=\"color: #555555;\">Le prix s&rsquo;applique \u00e0 :<\/span> 1 paquet.<\/li>\n<\/ul>\n","protected":false},"featured_media":4617,"template":"","meta":{"_acf_changed":false,"_links_to":"","_links_to_target":""},"product_cat":[112],"product_tag":[119,114],"class_list":{"0":"post-4616","1":"product","2":"type-product","3":"status-publish","4":"has-post-thumbnail","6":"product_cat-accessoires","7":"product_tag-pour-les-escargots","8":"product_tag-pour-les-isopodes","10":"first","11":"instock","12":"shipping-taxable","13":"purchasable","14":"product-type-simple"},"acf":[],"yoast_head":"<!-- This site is optimized with the Yoast SEO plugin v24.9 - https:\/\/yoast.com\/wordpress\/plugins\/seo\/ -->\n<title>Paquet &quot;calcium&quot; 80 g | MegaPets<\/title>\n<meta name=\"robots\" content=\"index, follow, max-snippet:-1, max-image-preview:large, max-video-preview:-1\" \/>\n<link rel=\"canonical\" href=\"https:\/\/megapets.eu\/fr\/accessoires\/paquet-calcium-80-g\/\" \/>\n<meta property=\"og:locale\" content=\"fr_FR\" \/>\n<meta property=\"og:type\" content=\"article\" \/>\n<meta property=\"og:title\" content=\"Paquet &quot;calcium&quot; 80 g | MegaPets\" \/>\n<meta property=\"og:description\" content=\"Ingr\u00e9dients : 100% de poudre de coquille d&#039;\u0153uf  L&#039;emballage contient 80 g  Le prix s&#039;applique \u00e0 : 1 paquet.\" \/>\n<meta property=\"og:url\" content=\"https:\/\/megapets.eu\/fr\/accessoires\/paquet-calcium-80-g\/\" \/>\n<meta property=\"og:site_name\" content=\"MegaPets\" \/>\n<meta property=\"article:publisher\" content=\"https:\/\/www.facebook.com\/MegaPets.eu\/\" \/>\n<meta property=\"og:image\" content=\"https:\/\/megapets.eu\/wp-content\/uploads\/2024\/10\/IMG_20200728_173922-1-1024x734.png\" \/>\n\t<meta property=\"og:image:width\" content=\"1024\" \/>\n\t<meta property=\"og:image:height\" content=\"734\" \/>\n\t<meta property=\"og:image:type\" content=\"image\/png\" \/>\n<meta name=\"twitter:card\" content=\"summary_large_image\" \/>\n<meta name=\"twitter:label1\" content=\"Dur\u00e9e de lecture estim\u00e9e\" \/>\n\t<meta name=\"twitter:data1\" content=\"1 minute\" \/>\n<script type=\"application\/ld+json\" class=\"yoast-schema-graph\">{\"@context\":\"https:\/\/schema.org\",\"@graph\":[{\"@type\":\"WebPage\",\"@id\":\"https:\/\/megapets.eu\/fr\/accessoires\/paquet-calcium-80-g\/\",\"url\":\"https:\/\/megapets.eu\/fr\/accessoires\/paquet-calcium-80-g\/\",\"name\":\"Paquet \\\"calcium\\\" 80 g | MegaPets\",\"isPartOf\":{\"@id\":\"https:\/\/megapets.eu\/fr\/#website\"},\"primaryImageOfPage\":{\"@id\":\"https:\/\/megapets.eu\/fr\/accessoires\/paquet-calcium-80-g\/#primaryimage\"},\"image\":{\"@id\":\"https:\/\/megapets.eu\/fr\/accessoires\/paquet-calcium-80-g\/#primaryimage\"},\"thumbnailUrl\":\"https:\/\/megapets.eu\/wp-content\/uploads\/2024\/10\/IMG_20200728_173922-1.png\",\"datePublished\":\"2024-10-04T19:58:06+00:00\",\"breadcrumb\":{\"@id\":\"https:\/\/megapets.eu\/fr\/accessoires\/paquet-calcium-80-g\/#breadcrumb\"},\"inLanguage\":\"fr-FR\",\"potentialAction\":[{\"@type\":\"ReadAction\",\"target\":[\"https:\/\/megapets.eu\/fr\/accessoires\/paquet-calcium-80-g\/\"]}]},{\"@type\":\"ImageObject\",\"inLanguage\":\"fr-FR\",\"@id\":\"https:\/\/megapets.eu\/fr\/accessoires\/paquet-calcium-80-g\/#primaryimage\",\"url\":\"https:\/\/megapets.eu\/wp-content\/uploads\/2024\/10\/IMG_20200728_173922-1.png\",\"contentUrl\":\"https:\/\/megapets.eu\/wp-content\/uploads\/2024\/10\/IMG_20200728_173922-1.png\",\"width\":3006,\"height\":2156},{\"@type\":\"BreadcrumbList\",\"@id\":\"https:\/\/megapets.eu\/fr\/accessoires\/paquet-calcium-80-g\/#breadcrumb\",\"itemListElement\":[{\"@type\":\"ListItem\",\"position\":1,\"name\":\"Strona g\u0142\u00f3wna\",\"item\":\"https:\/\/megapets.eu\/fr\/accueil\/\"},{\"@type\":\"ListItem\",\"position\":2,\"name\":\"Boutique\",\"item\":\"https:\/\/megapets.eu\/boutique\/\"},{\"@type\":\"ListItem\",\"position\":3,\"name\":\"Paquet &#8222;calcium\\\" 80 g\"}]},{\"@type\":\"WebSite\",\"@id\":\"https:\/\/megapets.eu\/fr\/#website\",\"url\":\"https:\/\/megapets.eu\/fr\/\",\"name\":\"Mega Pets\",\"description\":\"Jedna z najwi\u0119kszych hodowli \u015blimak\u00f3w w Europie\",\"publisher\":{\"@id\":\"https:\/\/megapets.eu\/fr\/#organization\"},\"alternateName\":\"Mega Pets\",\"potentialAction\":[{\"@type\":\"SearchAction\",\"target\":{\"@type\":\"EntryPoint\",\"urlTemplate\":\"https:\/\/megapets.eu\/fr\/?s={search_term_string}\"},\"query-input\":{\"@type\":\"PropertyValueSpecification\",\"valueRequired\":true,\"valueName\":\"search_term_string\"}}],\"inLanguage\":\"fr-FR\"},{\"@type\":\"Organization\",\"@id\":\"https:\/\/megapets.eu\/fr\/#organization\",\"name\":\"Mega Pets\",\"url\":\"https:\/\/megapets.eu\/fr\/\",\"logo\":{\"@type\":\"ImageObject\",\"inLanguage\":\"fr-FR\",\"@id\":\"https:\/\/megapets.eu\/fr\/#\/schema\/logo\/image\/\",\"url\":\"https:\/\/megapets.eu\/wp-content\/uploads\/2025\/04\/megapets_eu-logo.png\",\"contentUrl\":\"https:\/\/megapets.eu\/wp-content\/uploads\/2025\/04\/megapets_eu-logo.png\",\"width\":2362,\"height\":2362,\"caption\":\"Mega Pets\"},\"image\":{\"@id\":\"https:\/\/megapets.eu\/fr\/#\/schema\/logo\/image\/\"},\"sameAs\":[\"https:\/\/www.facebook.com\/MegaPets.eu\/\"]}]}<\/script>\n<!-- \/ Yoast SEO plugin. -->","yoast_head_json":{"title":"Paquet \"calcium\" 80 g | MegaPets","robots":{"index":"index","follow":"follow","max-snippet":"max-snippet:-1","max-image-preview":"max-image-preview:large","max-video-preview":"max-video-preview:-1"},"canonical":"https:\/\/megapets.eu\/fr\/accessoires\/paquet-calcium-80-g\/","og_locale":"fr_FR","og_type":"article","og_title":"Paquet \"calcium\" 80 g | MegaPets","og_description":"Ingr\u00e9dients : 100% de poudre de coquille d'\u0153uf  L'emballage contient 80 g  Le prix s'applique \u00e0 : 1 paquet.","og_url":"https:\/\/megapets.eu\/fr\/accessoires\/paquet-calcium-80-g\/","og_site_name":"MegaPets","article_publisher":"https:\/\/www.facebook.com\/MegaPets.eu\/","og_image":[{"width":1024,"height":734,"url":"https:\/\/megapets.eu\/wp-content\/uploads\/2024\/10\/IMG_20200728_173922-1-1024x734.png","type":"image\/png"}],"twitter_card":"summary_large_image","twitter_misc":{"Dur\u00e9e de lecture estim\u00e9e":"1 minute"},"schema":{"@context":"https:\/\/schema.org","@graph":[{"@type":"WebPage","@id":"https:\/\/megapets.eu\/fr\/accessoires\/paquet-calcium-80-g\/","url":"https:\/\/megapets.eu\/fr\/accessoires\/paquet-calcium-80-g\/","name":"Paquet \"calcium\" 80 g | MegaPets","isPartOf":{"@id":"https:\/\/megapets.eu\/fr\/#website"},"primaryImageOfPage":{"@id":"https:\/\/megapets.eu\/fr\/accessoires\/paquet-calcium-80-g\/#primaryimage"},"image":{"@id":"https:\/\/megapets.eu\/fr\/accessoires\/paquet-calcium-80-g\/#primaryimage"},"thumbnailUrl":"https:\/\/megapets.eu\/wp-content\/uploads\/2024\/10\/IMG_20200728_173922-1.png","datePublished":"2024-10-04T19:58:06+00:00","breadcrumb":{"@id":"https:\/\/megapets.eu\/fr\/accessoires\/paquet-calcium-80-g\/#breadcrumb"},"inLanguage":"fr-FR","potentialAction":[{"@type":"ReadAction","target":["https:\/\/megapets.eu\/fr\/accessoires\/paquet-calcium-80-g\/"]}]},{"@type":"ImageObject","inLanguage":"fr-FR","@id":"https:\/\/megapets.eu\/fr\/accessoires\/paquet-calcium-80-g\/#primaryimage","url":"https:\/\/megapets.eu\/wp-content\/uploads\/2024\/10\/IMG_20200728_173922-1.png","contentUrl":"https:\/\/megapets.eu\/wp-content\/uploads\/2024\/10\/IMG_20200728_173922-1.png","width":3006,"height":2156},{"@type":"BreadcrumbList","@id":"https:\/\/megapets.eu\/fr\/accessoires\/paquet-calcium-80-g\/#breadcrumb","itemListElement":[{"@type":"ListItem","position":1,"name":"Strona g\u0142\u00f3wna","item":"https:\/\/megapets.eu\/fr\/accueil\/"},{"@type":"ListItem","position":2,"name":"Boutique","item":"https:\/\/megapets.eu\/boutique\/"},{"@type":"ListItem","position":3,"name":"Paquet &#8222;calcium\" 80 g"}]},{"@type":"WebSite","@id":"https:\/\/megapets.eu\/fr\/#website","url":"https:\/\/megapets.eu\/fr\/","name":"Mega Pets","description":"Jedna z najwi\u0119kszych hodowli \u015blimak\u00f3w w Europie","publisher":{"@id":"https:\/\/megapets.eu\/fr\/#organization"},"alternateName":"Mega Pets","potentialAction":[{"@type":"SearchAction","target":{"@type":"EntryPoint","urlTemplate":"https:\/\/megapets.eu\/fr\/?s={search_term_string}"},"query-input":{"@type":"PropertyValueSpecification","valueRequired":true,"valueName":"search_term_string"}}],"inLanguage":"fr-FR"},{"@type":"Organization","@id":"https:\/\/megapets.eu\/fr\/#organization","name":"Mega Pets","url":"https:\/\/megapets.eu\/fr\/","logo":{"@type":"ImageObject","inLanguage":"fr-FR","@id":"https:\/\/megapets.eu\/fr\/#\/schema\/logo\/image\/","url":"https:\/\/megapets.eu\/wp-content\/uploads\/2025\/04\/megapets_eu-logo.png","contentUrl":"https:\/\/megapets.eu\/wp-content\/uploads\/2025\/04\/megapets_eu-logo.png","width":2362,"height":2362,"caption":"Mega Pets"},"image":{"@id":"https:\/\/megapets.eu\/fr\/#\/schema\/logo\/image\/"},"sameAs":["https:\/\/www.facebook.com\/MegaPets.eu\/"]}]}},"_links":{"self":[{"href":"https:\/\/megapets.eu\/fr\/wp-json\/wp\/v2\/product\/4616","targetHints":{"allow":["GET"]}}],"collection":[{"href":"https:\/\/megapets.eu\/fr\/wp-json\/wp\/v2\/product"}],"about":[{"href":"https:\/\/megapets.eu\/fr\/wp-json\/wp\/v2\/types\/product"}],"wp:featuredmedia":[{"embeddable":true,"href":"https:\/\/megapets.eu\/fr\/wp-json\/wp\/v2\/media\/4617"}],"wp:attachment":[{"href":"https:\/\/megapets.eu\/fr\/wp-json\/wp\/v2\/media?parent=4616"}],"wp:term":[{"taxonomy":"product_cat","embeddable":true,"href":"https:\/\/megapets.eu\/fr\/wp-json\/wp\/v2\/product_cat?post=4616"},{"taxonomy":"product_tag","embeddable":true,"href":"https:\/\/megapets.eu\/fr\/wp-json\/wp\/v2\/product_tag?post=4616"}],"curies":[{"name":"wp","href":"https:\/\/api.w.org\/{rel}","templated":true}]}}