{"id":4630,"date":"2024-10-04T15:41:08","date_gmt":"2024-10-04T15:41:08","guid":{"rendered":"https:\/\/megapets.eu\/non class\u00e9\/aliment-complementaire-pour-isopodes-50-gpour-les-isopodes-et-les-viperes\/"},"modified":"2024-10-04T15:41:08","modified_gmt":"2024-10-04T15:41:08","slug":"aliment-complementaire-pour-isopodes-50-gpour-les-isopodes-et-les-viperes","status":"publish","type":"product","link":"https:\/\/megapets.eu\/fr\/accessoires\/aliment-complementaire-pour-isopodes-50-gpour-les-isopodes-et-les-viperes\/","title":{"rendered":"\u00ab\u00a0Aliment compl\u00e9mentaire pour isopodes\u00a0\u00bb 50 g<br \/>pour les isopodes et les vip\u00e8res."},"content":{"rendered":"<p><strong><span style=\"color: #e87020; font-size: 15px;\"><em>Aliment compl\u00e9mentaire pour isopodes 50 g pour isopodes et vip\u00e8res<\/em><\/span><\/strong><\/p>\n<p><strong><span style=\"color: #e87020; font-size: 15px;\"><em>Source de prot\u00e9ines : v\u00e9g\u00e9tales et animales.<\/em><\/span><\/strong><\/p>\n<p><strong><span style=\"color: #e87020; font-size: 15px;\"><em>Le prix est pour 1 paquet.<\/em><\/span><\/strong><\/p>\n<p><em><span style=\"color: #424242;\"><strong><span style=\"font-size: 15px;\">\u00ab\u00a0Isopods&rsquo; supplementary food\u00a0\u00bb est id\u00e9al pour l&rsquo;\u00e9levage d&rsquo;isopodes, de vip\u00e8res, de crocodiles, de blattes exotiques, etc.<\/span><\/strong><\/span><\/em><\/p>\n<p><em><span style=\"color: #424242;\"><strong><span style=\"font-size: 15px;\">Dosage : saupoudrer l\u00e9g\u00e8rement une portion de l&rsquo;aliment.<\/span><\/strong><\/span><\/em><\/p>\n","protected":false},"excerpt":{"rendered":"<ul class=\"product_attributes\">\n<li><span style=\"color: #555555;\">Source de prot\u00e9ines :<\/span> v\u00e9g\u00e9tales et animales<\/li>\n<li><span style=\"color: #555555;\">L&#8217;emballage contient :<\/span> 50 g<\/li>\n<li><span style=\"color: #555555;\">Le prix s&rsquo;applique \u00e0 :<\/span> 1 paquet.<\/li>\n<\/ul>\n","protected":false},"featured_media":4645,"template":"","meta":{"_acf_changed":false,"_links_to":"","_links_to_target":""},"product_cat":[112],"product_tag":[115,114,113],"class_list":{"0":"post-4630","1":"product","2":"type-product","3":"status-publish","4":"has-post-thumbnail","6":"product_cat-accessoires","7":"product_tag-pour-les-cafards","8":"product_tag-pour-les-isopodes","9":"product_tag-pour-les-ruses","11":"first","12":"instock","13":"shipping-taxable","14":"purchasable","15":"product-type-simple"},"acf":[],"yoast_head":"<!-- This site is optimized with the Yoast SEO plugin v24.9 - https:\/\/yoast.com\/wordpress\/plugins\/seo\/ -->\n<title>&quot;Aliment compl\u00e9mentaire pour isopodes&quot; 50 gpour les isopodes et les vip\u00e8res. | MegaPets<\/title>\n<meta name=\"robots\" content=\"index, follow, max-snippet:-1, max-image-preview:large, max-video-preview:-1\" \/>\n<link rel=\"canonical\" href=\"https:\/\/megapets.eu\/fr\/accessoires\/aliment-complementaire-pour-isopodes-50-gpour-les-isopodes-et-les-viperes\/\" \/>\n<meta property=\"og:locale\" content=\"fr_FR\" \/>\n<meta property=\"og:type\" content=\"article\" \/>\n<meta property=\"og:title\" content=\"&quot;Aliment compl\u00e9mentaire pour isopodes&quot; 50 gpour les isopodes et les vip\u00e8res. | MegaPets\" \/>\n<meta property=\"og:description\" content=\"Source de prot\u00e9ines : v\u00e9g\u00e9tales et animales  L&#039;emballage contient : 50 g  Le prix s&#039;applique \u00e0 : 1 paquet.\" \/>\n<meta property=\"og:url\" content=\"https:\/\/megapets.eu\/fr\/accessoires\/aliment-complementaire-pour-isopodes-50-gpour-les-isopodes-et-les-viperes\/\" \/>\n<meta property=\"og:site_name\" content=\"MegaPets\" \/>\n<meta property=\"article:publisher\" content=\"https:\/\/www.facebook.com\/MegaPets.eu\/\" \/>\n<meta property=\"og:image\" content=\"https:\/\/megapets.eu\/wp-content\/uploads\/2024\/10\/3-1.png\" \/>\n\t<meta property=\"og:image:width\" content=\"1021\" \/>\n\t<meta property=\"og:image:height\" content=\"651\" \/>\n\t<meta property=\"og:image:type\" content=\"image\/png\" \/>\n<meta name=\"twitter:card\" content=\"summary_large_image\" \/>\n<script type=\"application\/ld+json\" class=\"yoast-schema-graph\">{\"@context\":\"https:\/\/schema.org\",\"@graph\":[{\"@type\":\"WebPage\",\"@id\":\"https:\/\/megapets.eu\/fr\/accessoires\/aliment-complementaire-pour-isopodes-50-gpour-les-isopodes-et-les-viperes\/\",\"url\":\"https:\/\/megapets.eu\/fr\/accessoires\/aliment-complementaire-pour-isopodes-50-gpour-les-isopodes-et-les-viperes\/\",\"name\":\"\\\"Aliment compl\u00e9mentaire pour isopodes\\\" 50 g pour les isopodes et les vip\u00e8res. | MegaPets\",\"isPartOf\":{\"@id\":\"https:\/\/megapets.eu\/fr\/#website\"},\"primaryImageOfPage\":{\"@id\":\"https:\/\/megapets.eu\/fr\/accessoires\/aliment-complementaire-pour-isopodes-50-gpour-les-isopodes-et-les-viperes\/#primaryimage\"},\"image\":{\"@id\":\"https:\/\/megapets.eu\/fr\/accessoires\/aliment-complementaire-pour-isopodes-50-gpour-les-isopodes-et-les-viperes\/#primaryimage\"},\"thumbnailUrl\":\"https:\/\/megapets.eu\/wp-content\/uploads\/2024\/10\/3-1.png\",\"datePublished\":\"2024-10-04T15:41:08+00:00\",\"breadcrumb\":{\"@id\":\"https:\/\/megapets.eu\/fr\/accessoires\/aliment-complementaire-pour-isopodes-50-gpour-les-isopodes-et-les-viperes\/#breadcrumb\"},\"inLanguage\":\"fr-FR\",\"potentialAction\":[{\"@type\":\"ReadAction\",\"target\":[\"https:\/\/megapets.eu\/fr\/accessoires\/aliment-complementaire-pour-isopodes-50-gpour-les-isopodes-et-les-viperes\/\"]}]},{\"@type\":\"ImageObject\",\"inLanguage\":\"fr-FR\",\"@id\":\"https:\/\/megapets.eu\/fr\/accessoires\/aliment-complementaire-pour-isopodes-50-gpour-les-isopodes-et-les-viperes\/#primaryimage\",\"url\":\"https:\/\/megapets.eu\/wp-content\/uploads\/2024\/10\/3-1.png\",\"contentUrl\":\"https:\/\/megapets.eu\/wp-content\/uploads\/2024\/10\/3-1.png\",\"width\":1021,\"height\":651},{\"@type\":\"BreadcrumbList\",\"@id\":\"https:\/\/megapets.eu\/fr\/accessoires\/aliment-complementaire-pour-isopodes-50-gpour-les-isopodes-et-les-viperes\/#breadcrumb\",\"itemListElement\":[{\"@type\":\"ListItem\",\"position\":1,\"name\":\"Strona g\u0142\u00f3wna\",\"item\":\"https:\/\/megapets.eu\/fr\/accueil\/\"},{\"@type\":\"ListItem\",\"position\":2,\"name\":\"Boutique\",\"item\":\"https:\/\/megapets.eu\/boutique\/\"},{\"@type\":\"ListItem\",\"position\":3,\"name\":\"&#8222;Aliment compl\u00e9mentaire pour isopodes\\\" 50 gpour les isopodes et les vip\u00e8res.\"}]},{\"@type\":\"WebSite\",\"@id\":\"https:\/\/megapets.eu\/fr\/#website\",\"url\":\"https:\/\/megapets.eu\/fr\/\",\"name\":\"Mega Pets\",\"description\":\"Jedna z najwi\u0119kszych hodowli \u015blimak\u00f3w w Europie\",\"publisher\":{\"@id\":\"https:\/\/megapets.eu\/fr\/#organization\"},\"alternateName\":\"Mega Pets\",\"potentialAction\":[{\"@type\":\"SearchAction\",\"target\":{\"@type\":\"EntryPoint\",\"urlTemplate\":\"https:\/\/megapets.eu\/fr\/?s={search_term_string}\"},\"query-input\":{\"@type\":\"PropertyValueSpecification\",\"valueRequired\":true,\"valueName\":\"search_term_string\"}}],\"inLanguage\":\"fr-FR\"},{\"@type\":\"Organization\",\"@id\":\"https:\/\/megapets.eu\/fr\/#organization\",\"name\":\"Mega Pets\",\"url\":\"https:\/\/megapets.eu\/fr\/\",\"logo\":{\"@type\":\"ImageObject\",\"inLanguage\":\"fr-FR\",\"@id\":\"https:\/\/megapets.eu\/fr\/#\/schema\/logo\/image\/\",\"url\":\"https:\/\/megapets.eu\/wp-content\/uploads\/2025\/04\/megapets_eu-logo.png\",\"contentUrl\":\"https:\/\/megapets.eu\/wp-content\/uploads\/2025\/04\/megapets_eu-logo.png\",\"width\":2362,\"height\":2362,\"caption\":\"Mega Pets\"},\"image\":{\"@id\":\"https:\/\/megapets.eu\/fr\/#\/schema\/logo\/image\/\"},\"sameAs\":[\"https:\/\/www.facebook.com\/MegaPets.eu\/\"]}]}<\/script>\n<!-- \/ Yoast SEO plugin. -->","yoast_head_json":{"title":"\"Aliment compl\u00e9mentaire pour isopodes\" 50 gpour les isopodes et les vip\u00e8res. | MegaPets","robots":{"index":"index","follow":"follow","max-snippet":"max-snippet:-1","max-image-preview":"max-image-preview:large","max-video-preview":"max-video-preview:-1"},"canonical":"https:\/\/megapets.eu\/fr\/accessoires\/aliment-complementaire-pour-isopodes-50-gpour-les-isopodes-et-les-viperes\/","og_locale":"fr_FR","og_type":"article","og_title":"\"Aliment compl\u00e9mentaire pour isopodes\" 50 gpour les isopodes et les vip\u00e8res. | MegaPets","og_description":"Source de prot\u00e9ines : v\u00e9g\u00e9tales et animales  L'emballage contient : 50 g  Le prix s'applique \u00e0 : 1 paquet.","og_url":"https:\/\/megapets.eu\/fr\/accessoires\/aliment-complementaire-pour-isopodes-50-gpour-les-isopodes-et-les-viperes\/","og_site_name":"MegaPets","article_publisher":"https:\/\/www.facebook.com\/MegaPets.eu\/","og_image":[{"width":1021,"height":651,"url":"https:\/\/megapets.eu\/wp-content\/uploads\/2024\/10\/3-1.png","type":"image\/png"}],"twitter_card":"summary_large_image","schema":{"@context":"https:\/\/schema.org","@graph":[{"@type":"WebPage","@id":"https:\/\/megapets.eu\/fr\/accessoires\/aliment-complementaire-pour-isopodes-50-gpour-les-isopodes-et-les-viperes\/","url":"https:\/\/megapets.eu\/fr\/accessoires\/aliment-complementaire-pour-isopodes-50-gpour-les-isopodes-et-les-viperes\/","name":"\"Aliment compl\u00e9mentaire pour isopodes\" 50 g pour les isopodes et les vip\u00e8res. | MegaPets","isPartOf":{"@id":"https:\/\/megapets.eu\/fr\/#website"},"primaryImageOfPage":{"@id":"https:\/\/megapets.eu\/fr\/accessoires\/aliment-complementaire-pour-isopodes-50-gpour-les-isopodes-et-les-viperes\/#primaryimage"},"image":{"@id":"https:\/\/megapets.eu\/fr\/accessoires\/aliment-complementaire-pour-isopodes-50-gpour-les-isopodes-et-les-viperes\/#primaryimage"},"thumbnailUrl":"https:\/\/megapets.eu\/wp-content\/uploads\/2024\/10\/3-1.png","datePublished":"2024-10-04T15:41:08+00:00","breadcrumb":{"@id":"https:\/\/megapets.eu\/fr\/accessoires\/aliment-complementaire-pour-isopodes-50-gpour-les-isopodes-et-les-viperes\/#breadcrumb"},"inLanguage":"fr-FR","potentialAction":[{"@type":"ReadAction","target":["https:\/\/megapets.eu\/fr\/accessoires\/aliment-complementaire-pour-isopodes-50-gpour-les-isopodes-et-les-viperes\/"]}]},{"@type":"ImageObject","inLanguage":"fr-FR","@id":"https:\/\/megapets.eu\/fr\/accessoires\/aliment-complementaire-pour-isopodes-50-gpour-les-isopodes-et-les-viperes\/#primaryimage","url":"https:\/\/megapets.eu\/wp-content\/uploads\/2024\/10\/3-1.png","contentUrl":"https:\/\/megapets.eu\/wp-content\/uploads\/2024\/10\/3-1.png","width":1021,"height":651},{"@type":"BreadcrumbList","@id":"https:\/\/megapets.eu\/fr\/accessoires\/aliment-complementaire-pour-isopodes-50-gpour-les-isopodes-et-les-viperes\/#breadcrumb","itemListElement":[{"@type":"ListItem","position":1,"name":"Strona g\u0142\u00f3wna","item":"https:\/\/megapets.eu\/fr\/accueil\/"},{"@type":"ListItem","position":2,"name":"Boutique","item":"https:\/\/megapets.eu\/boutique\/"},{"@type":"ListItem","position":3,"name":"&#8222;Aliment compl\u00e9mentaire pour isopodes\" 50 gpour les isopodes et les vip\u00e8res."}]},{"@type":"WebSite","@id":"https:\/\/megapets.eu\/fr\/#website","url":"https:\/\/megapets.eu\/fr\/","name":"Mega Pets","description":"Jedna z najwi\u0119kszych hodowli \u015blimak\u00f3w w Europie","publisher":{"@id":"https:\/\/megapets.eu\/fr\/#organization"},"alternateName":"Mega Pets","potentialAction":[{"@type":"SearchAction","target":{"@type":"EntryPoint","urlTemplate":"https:\/\/megapets.eu\/fr\/?s={search_term_string}"},"query-input":{"@type":"PropertyValueSpecification","valueRequired":true,"valueName":"search_term_string"}}],"inLanguage":"fr-FR"},{"@type":"Organization","@id":"https:\/\/megapets.eu\/fr\/#organization","name":"Mega Pets","url":"https:\/\/megapets.eu\/fr\/","logo":{"@type":"ImageObject","inLanguage":"fr-FR","@id":"https:\/\/megapets.eu\/fr\/#\/schema\/logo\/image\/","url":"https:\/\/megapets.eu\/wp-content\/uploads\/2025\/04\/megapets_eu-logo.png","contentUrl":"https:\/\/megapets.eu\/wp-content\/uploads\/2025\/04\/megapets_eu-logo.png","width":2362,"height":2362,"caption":"Mega Pets"},"image":{"@id":"https:\/\/megapets.eu\/fr\/#\/schema\/logo\/image\/"},"sameAs":["https:\/\/www.facebook.com\/MegaPets.eu\/"]}]}},"_links":{"self":[{"href":"https:\/\/megapets.eu\/fr\/wp-json\/wp\/v2\/product\/4630","targetHints":{"allow":["GET"]}}],"collection":[{"href":"https:\/\/megapets.eu\/fr\/wp-json\/wp\/v2\/product"}],"about":[{"href":"https:\/\/megapets.eu\/fr\/wp-json\/wp\/v2\/types\/product"}],"wp:featuredmedia":[{"embeddable":true,"href":"https:\/\/megapets.eu\/fr\/wp-json\/wp\/v2\/media\/4645"}],"wp:attachment":[{"href":"https:\/\/megapets.eu\/fr\/wp-json\/wp\/v2\/media?parent=4630"}],"wp:term":[{"taxonomy":"product_cat","embeddable":true,"href":"https:\/\/megapets.eu\/fr\/wp-json\/wp\/v2\/product_cat?post=4630"},{"taxonomy":"product_tag","embeddable":true,"href":"https:\/\/megapets.eu\/fr\/wp-json\/wp\/v2\/product_tag?post=4630"}],"curies":[{"name":"wp","href":"https:\/\/api.w.org\/{rel}","templated":true}]}}