{"id":4651,"date":"2024-10-03T17:33:30","date_gmt":"2024-10-03T17:33:30","guid":{"rendered":"https:\/\/megapets.eu\/non class\u00e9\/kit-de-demarrage-de-20-l-pour-lelevage-deescargots-exotiques-africains\/"},"modified":"2025-11-27T10:26:55","modified_gmt":"2025-11-27T10:26:55","slug":"kit-de-demarrage-de-20-l-pour-lelevage-deescargots-exotiques-africains","status":"publish","type":"product","link":"https:\/\/megapets.eu\/fr\/accessoires\/kit-de-demarrage-de-20-l-pour-lelevage-deescargots-exotiques-africains\/","title":{"rendered":"Kit de d\u00e9marrage de 20 L pour l&rsquo;\u00e9levage de<br \/>escargots exotiques \/ africains"},"content":{"rendered":"<p><em><span style=\"color: #424242;\"><strong>L&rsquo;ensemble \u00ab\u00a0Kit de d\u00e9marrage 20 L pour l&rsquo;\u00e9levage d&rsquo;escargots exotiques \/ africains\u00a0\u00bb comprend :<\/strong><\/span><\/em><\/p>\n<ul>\n<li><em><strong><span style=\"color: #e87020; font-size: 17px;\">1 pc x R\u00e9cipient en plastique avec trous d&rsquo;action<span style=\"color: #e87020;\">tyl<\/span>pour l&rsquo;\u00e9levage d&rsquo;escargots exotiques.<\/span><\/strong><\/em><\/li>\n<\/ul>\n<p><em><span style=\"color: #424242; font-size: 15px;\"><strong>R\u00e9cipient de 20 L avec couvercle. Les orifices int\u00e9rieurs du r\u00e9cipient sont lisses, sans ar\u00eates vives.<\/strong><\/span><\/em><\/p>\n<p><em><span style=\"color: #424242; font-size: 15px;\"><strong>Largeur : 33 cm &#8211; en haut ; 26 cm &#8211; en bas ;<\/strong><\/span><\/em><\/p>\n<p><em><span style=\"color: #424242; font-size: 15px;\"><strong>Longueur : 42,5 cm &#8211; en haut ; 34,5 cm &#8211; en bas ;<\/strong><\/span><\/em><\/p>\n<p><em><span style=\"color: #424242; font-size: 15px;\"><strong>Hauteur : 21, 3 cm<\/strong><\/span><\/em><\/p>\n<ul>\n<li><em><strong><span style=\"color: #e87020; font-size: 17px;\">1 pcs x Sepia &#8211; os de seiche 12-15 cm.<\/span><\/strong><\/em><\/li>\n<\/ul>\n<p><em><span style=\"color: #424242; font-size: 15px;\"><strong>Os de seiche 100 % naturel, source de calcium pour les escargots exotiques, les tortues et autres animaux de terrarium.<\/strong><\/span><\/em><\/p>\n<ul>\n<li><em><strong><span style=\"font-size: 17px;\"><span style=\"color: #e87020;\">3 pcs x substrat de noix de coco 1,5l\/1 paquet. <\/span><\/span><\/strong><\/em><\/li>\n<\/ul>\n<p><em><span style=\"color: #424242; font-size: 15px;\"><strong>Le substrat de noix de coco est un substrat naturel compos\u00e9 de fibres de noix de coco d\u00e9chiquet\u00e9es. Substrat le plus recommand\u00e9 pour l&rsquo;\u00e9levage des escargots exotiques.<\/strong><\/span><\/em><\/p>\n<ul>\n<li><em><strong><span style=\"font-size: 17px;\"><span style=\"color: #e87020;\">1 pc \/ paquet \u00ab\u00a0Calcium\u00a0\u00bb 80g. <\/span><\/span><\/strong><\/em><\/li>\n<\/ul>\n<p><em><span style=\"color: #424242; font-size: 15px;\"><strong>L&rsquo;alimentation quotidienne d&rsquo;un escargot doit comprendre l&rsquo;\u00e9l\u00e9ment de base pour une coquille belle et saine. Le paquet \u00ab\u00a0Calcium\u00a0\u00bb contient 100 % de poudre de coquille d&rsquo;\u0153uf.<\/strong><\/span><\/em><\/p>\n<ul>\n<li><em><strong><span style=\"font-size: 17px;\"><span style=\"color: #e87020;\">1 x paquet \u00ab\u00a0Protein &amp; Vitamin\u00a0\u00bb 50g.<\/span><\/span><\/strong><\/em><\/li>\n<\/ul>\n<p><em><span style=\"color: #424242; font-size: 15px;\"><strong>Le paquet \u00ab\u00a0Protein &amp; Vitamin\u00a0\u00bb contient un m\u00e9lange de grains, plein de nutriments pr\u00e9cieux pour un d\u00e9veloppement sain de ton animal de compagnie, et constitue un compl\u00e9ment b\u00e9n\u00e9fique \u00e0 l&rsquo;alimentation de base des escargots.<\/strong><\/span><\/em><\/p>\n<ul>\n<li><em><strong><span style=\"font-size: 17px;\"><span style=\"color: #e87020;\">1 pc x \u00ab\u00a0Exotic herbal mix\u00a0\u00bb pack 40g.<\/span><\/span><\/strong><\/em><\/li>\n<\/ul>\n<p><em><span style=\"color: #424242; font-size: 15px;\"><strong>Le pack \u00ab\u00a0Exotic herbal mix\u00a0\u00bb contient des herbes soigneusement s\u00e9lectionn\u00e9es, un compl\u00e9ment pr\u00e9cieux et naturel qui permet d&rsquo;enrichir l&rsquo;alimentation des escargots exotiques en fonction de leurs besoins en vitamines et en min\u00e9raux, des ingr\u00e9dients essentiels pour la sant\u00e9 des animaux de compagnie.<\/strong><\/span><\/em><\/p>\n<ul>\n<li><em><strong><span style=\"font-size: 17px;\"><span style=\"color: #e87020;\">1 pc x Instructions d&rsquo;\u00e9levage.<\/span><\/span><\/strong><\/em><\/li>\n<\/ul>\n<p><em><span style=\"color: #424242; font-size: 15px;\"><strong>Pour fermer la BASIC BOX, tu dois : 1. appuyer sur les poign\u00e9es du couvercle des deux c\u00f4t\u00e9s. 2. maintenir les poign\u00e9es enfonc\u00e9es pendant 5 \u00e0 10 secondes, puis fermer le couvercle du r\u00e9cipient.<\/strong><\/span><\/em><\/p>\n<p><em><span style=\"color: #424242; font-size: 15px;\"><strong>Remarque : dans l&rsquo;\u00e9levage, nous utilisons un appareil sp\u00e9cial, fabriqu\u00e9 sur mesure, pour un poin\u00e7onnage de qualit\u00e9 et sans \u00e0-coups des r\u00e9cipients. Si tu as d\u00e9j\u00e0 un r\u00e9cipient en plastique et que tu essaies de perforer les \u00e9vents toi-m\u00eame, enl\u00e8ve les bords tranchants et ponce bien les trous. Les juv\u00e9niles ont une croissance d\u00e9licate de la nouvelle coquille, qu&rsquo;ils peuvent attraper en marchant sur les bords tranchants des trous mal faits. Cela peut entra\u00eener des cicatrices sur la coquille de l&rsquo;escargot et la perte d&rsquo;un aspect esth\u00e9tique et sain.<\/strong><\/span><\/em><\/p>\n<p><em><span style=\"color: #424242; font-size: 15px;\"><strong>Remarque : les conteneurs de nombreuses entreprises ne conviennent PAS \u00e0 l&rsquo;\u00e9levage d&rsquo;escargots en raison de leur conception interne et de la fa\u00e7on dont le couvercle s&rsquo;enclenche. La soci\u00e9t\u00e9 de conteneurs que nous recommandons est Plast Team.<\/strong><\/span><\/em><\/p>\n","protected":false},"excerpt":{"rendered":"<ul class=\"product_attributes\">\n<li><span style=\"color: #555555;\"><strong>Des accessoires de base bien choisis<\/strong><\/span><\/li>\n<li><span style=\"color: #555555;\"><strong>Des bouches d&rsquo;a\u00e9ration polies<\/strong><\/span><\/li>\n<li><span style=\"color: #555555;\"><strong>Une bonne circulation de l&rsquo;air<\/strong><\/span><\/li>\n<\/ul>\n","protected":false},"featured_media":4652,"template":"","meta":{"_acf_changed":false,"_links_to":"","_links_to_target":""},"product_cat":[112],"product_tag":[119],"class_list":{"0":"post-4651","1":"product","2":"type-product","3":"status-publish","4":"has-post-thumbnail","6":"product_cat-accessoires","7":"product_tag-pour-les-escargots","9":"first","10":"instock","11":"shipping-taxable","12":"purchasable","13":"product-type-simple"},"acf":[],"yoast_head":"<!-- This site is optimized with the Yoast SEO plugin v24.9 - https:\/\/yoast.com\/wordpress\/plugins\/seo\/ -->\n<title>Kit de d\u00e9marrage de 20 L pour l&#039;\u00e9levage deescargots exotiques \/ africains | MegaPets<\/title>\n<meta name=\"robots\" content=\"index, follow, max-snippet:-1, max-image-preview:large, max-video-preview:-1\" \/>\n<link rel=\"canonical\" href=\"https:\/\/megapets.eu\/fr\/accessoires\/kit-de-demarrage-de-20-l-pour-lelevage-deescargots-exotiques-africains\/\" \/>\n<meta property=\"og:locale\" content=\"fr_FR\" \/>\n<meta property=\"og:type\" content=\"article\" \/>\n<meta property=\"og:title\" content=\"Kit de d\u00e9marrage de 20 L pour l&#039;\u00e9levage deescargots exotiques \/ africains | MegaPets\" \/>\n<meta property=\"og:description\" content=\"Des accessoires de base bien choisis  Des bouches d&#039;a\u00e9ration polies  Une bonne circulation de l&#039;air\" \/>\n<meta property=\"og:url\" content=\"https:\/\/megapets.eu\/fr\/accessoires\/kit-de-demarrage-de-20-l-pour-lelevage-deescargots-exotiques-africains\/\" \/>\n<meta property=\"og:site_name\" content=\"MegaPets\" \/>\n<meta property=\"article:publisher\" content=\"https:\/\/www.facebook.com\/MegaPets.eu\/\" \/>\n<meta property=\"article:modified_time\" content=\"2025-11-27T10:26:55+00:00\" \/>\n<meta property=\"og:image\" content=\"https:\/\/megapets.eu\/wp-content\/uploads\/2024\/10\/Glowne-Basic-20-L.png\" \/>\n\t<meta property=\"og:image:width\" content=\"1052\" \/>\n\t<meta property=\"og:image:height\" content=\"705\" \/>\n\t<meta property=\"og:image:type\" content=\"image\/png\" \/>\n<meta name=\"twitter:card\" content=\"summary_large_image\" \/>\n<meta name=\"twitter:label1\" content=\"Dur\u00e9e de lecture estim\u00e9e\" \/>\n\t<meta name=\"twitter:data1\" content=\"2 minutes\" \/>\n<script type=\"application\/ld+json\" class=\"yoast-schema-graph\">{\"@context\":\"https:\/\/schema.org\",\"@graph\":[{\"@type\":\"WebPage\",\"@id\":\"https:\/\/megapets.eu\/fr\/accessoires\/kit-de-demarrage-de-20-l-pour-lelevage-deescargots-exotiques-africains\/\",\"url\":\"https:\/\/megapets.eu\/fr\/accessoires\/kit-de-demarrage-de-20-l-pour-lelevage-deescargots-exotiques-africains\/\",\"name\":\"Kit de d\u00e9marrage de 20 L pour l'\u00e9levage de escargots exotiques \/ africains | MegaPets\",\"isPartOf\":{\"@id\":\"https:\/\/megapets.eu\/fr\/#website\"},\"primaryImageOfPage\":{\"@id\":\"https:\/\/megapets.eu\/fr\/accessoires\/kit-de-demarrage-de-20-l-pour-lelevage-deescargots-exotiques-africains\/#primaryimage\"},\"image\":{\"@id\":\"https:\/\/megapets.eu\/fr\/accessoires\/kit-de-demarrage-de-20-l-pour-lelevage-deescargots-exotiques-africains\/#primaryimage\"},\"thumbnailUrl\":\"https:\/\/megapets.eu\/wp-content\/uploads\/2024\/10\/Glowne-Basic-20-L.png\",\"datePublished\":\"2024-10-03T17:33:30+00:00\",\"dateModified\":\"2025-11-27T10:26:55+00:00\",\"breadcrumb\":{\"@id\":\"https:\/\/megapets.eu\/fr\/accessoires\/kit-de-demarrage-de-20-l-pour-lelevage-deescargots-exotiques-africains\/#breadcrumb\"},\"inLanguage\":\"fr-FR\",\"potentialAction\":[{\"@type\":\"ReadAction\",\"target\":[\"https:\/\/megapets.eu\/fr\/accessoires\/kit-de-demarrage-de-20-l-pour-lelevage-deescargots-exotiques-africains\/\"]}]},{\"@type\":\"ImageObject\",\"inLanguage\":\"fr-FR\",\"@id\":\"https:\/\/megapets.eu\/fr\/accessoires\/kit-de-demarrage-de-20-l-pour-lelevage-deescargots-exotiques-africains\/#primaryimage\",\"url\":\"https:\/\/megapets.eu\/wp-content\/uploads\/2024\/10\/Glowne-Basic-20-L.png\",\"contentUrl\":\"https:\/\/megapets.eu\/wp-content\/uploads\/2024\/10\/Glowne-Basic-20-L.png\",\"width\":1052,\"height\":705},{\"@type\":\"BreadcrumbList\",\"@id\":\"https:\/\/megapets.eu\/fr\/accessoires\/kit-de-demarrage-de-20-l-pour-lelevage-deescargots-exotiques-africains\/#breadcrumb\",\"itemListElement\":[{\"@type\":\"ListItem\",\"position\":1,\"name\":\"Strona g\u0142\u00f3wna\",\"item\":\"https:\/\/megapets.eu\/fr\/accueil\/\"},{\"@type\":\"ListItem\",\"position\":2,\"name\":\"Boutique\",\"item\":\"https:\/\/megapets.eu\/boutique\/\"},{\"@type\":\"ListItem\",\"position\":3,\"name\":\"Kit de d\u00e9marrage de 20 L pour l&#8217;\u00e9levage deescargots exotiques \/ africains\"}]},{\"@type\":\"WebSite\",\"@id\":\"https:\/\/megapets.eu\/fr\/#website\",\"url\":\"https:\/\/megapets.eu\/fr\/\",\"name\":\"Mega Pets\",\"description\":\"Jedna z najwi\u0119kszych hodowli \u015blimak\u00f3w w Europie\",\"publisher\":{\"@id\":\"https:\/\/megapets.eu\/fr\/#organization\"},\"alternateName\":\"Mega Pets\",\"potentialAction\":[{\"@type\":\"SearchAction\",\"target\":{\"@type\":\"EntryPoint\",\"urlTemplate\":\"https:\/\/megapets.eu\/fr\/?s={search_term_string}\"},\"query-input\":{\"@type\":\"PropertyValueSpecification\",\"valueRequired\":true,\"valueName\":\"search_term_string\"}}],\"inLanguage\":\"fr-FR\"},{\"@type\":\"Organization\",\"@id\":\"https:\/\/megapets.eu\/fr\/#organization\",\"name\":\"Mega Pets\",\"url\":\"https:\/\/megapets.eu\/fr\/\",\"logo\":{\"@type\":\"ImageObject\",\"inLanguage\":\"fr-FR\",\"@id\":\"https:\/\/megapets.eu\/fr\/#\/schema\/logo\/image\/\",\"url\":\"https:\/\/megapets.eu\/wp-content\/uploads\/2025\/04\/megapets_eu-logo.png\",\"contentUrl\":\"https:\/\/megapets.eu\/wp-content\/uploads\/2025\/04\/megapets_eu-logo.png\",\"width\":2362,\"height\":2362,\"caption\":\"Mega Pets\"},\"image\":{\"@id\":\"https:\/\/megapets.eu\/fr\/#\/schema\/logo\/image\/\"},\"sameAs\":[\"https:\/\/www.facebook.com\/MegaPets.eu\/\"]}]}<\/script>\n<!-- \/ Yoast SEO plugin. -->","yoast_head_json":{"title":"Kit de d\u00e9marrage de 20 L pour l'\u00e9levage deescargots exotiques \/ africains | MegaPets","robots":{"index":"index","follow":"follow","max-snippet":"max-snippet:-1","max-image-preview":"max-image-preview:large","max-video-preview":"max-video-preview:-1"},"canonical":"https:\/\/megapets.eu\/fr\/accessoires\/kit-de-demarrage-de-20-l-pour-lelevage-deescargots-exotiques-africains\/","og_locale":"fr_FR","og_type":"article","og_title":"Kit de d\u00e9marrage de 20 L pour l'\u00e9levage deescargots exotiques \/ africains | MegaPets","og_description":"Des accessoires de base bien choisis  Des bouches d'a\u00e9ration polies  Une bonne circulation de l'air","og_url":"https:\/\/megapets.eu\/fr\/accessoires\/kit-de-demarrage-de-20-l-pour-lelevage-deescargots-exotiques-africains\/","og_site_name":"MegaPets","article_publisher":"https:\/\/www.facebook.com\/MegaPets.eu\/","article_modified_time":"2025-11-27T10:26:55+00:00","og_image":[{"width":1052,"height":705,"url":"https:\/\/megapets.eu\/wp-content\/uploads\/2024\/10\/Glowne-Basic-20-L.png","type":"image\/png"}],"twitter_card":"summary_large_image","twitter_misc":{"Dur\u00e9e de lecture estim\u00e9e":"2 minutes"},"schema":{"@context":"https:\/\/schema.org","@graph":[{"@type":"WebPage","@id":"https:\/\/megapets.eu\/fr\/accessoires\/kit-de-demarrage-de-20-l-pour-lelevage-deescargots-exotiques-africains\/","url":"https:\/\/megapets.eu\/fr\/accessoires\/kit-de-demarrage-de-20-l-pour-lelevage-deescargots-exotiques-africains\/","name":"Kit de d\u00e9marrage de 20 L pour l'\u00e9levage de escargots exotiques \/ africains | MegaPets","isPartOf":{"@id":"https:\/\/megapets.eu\/fr\/#website"},"primaryImageOfPage":{"@id":"https:\/\/megapets.eu\/fr\/accessoires\/kit-de-demarrage-de-20-l-pour-lelevage-deescargots-exotiques-africains\/#primaryimage"},"image":{"@id":"https:\/\/megapets.eu\/fr\/accessoires\/kit-de-demarrage-de-20-l-pour-lelevage-deescargots-exotiques-africains\/#primaryimage"},"thumbnailUrl":"https:\/\/megapets.eu\/wp-content\/uploads\/2024\/10\/Glowne-Basic-20-L.png","datePublished":"2024-10-03T17:33:30+00:00","dateModified":"2025-11-27T10:26:55+00:00","breadcrumb":{"@id":"https:\/\/megapets.eu\/fr\/accessoires\/kit-de-demarrage-de-20-l-pour-lelevage-deescargots-exotiques-africains\/#breadcrumb"},"inLanguage":"fr-FR","potentialAction":[{"@type":"ReadAction","target":["https:\/\/megapets.eu\/fr\/accessoires\/kit-de-demarrage-de-20-l-pour-lelevage-deescargots-exotiques-africains\/"]}]},{"@type":"ImageObject","inLanguage":"fr-FR","@id":"https:\/\/megapets.eu\/fr\/accessoires\/kit-de-demarrage-de-20-l-pour-lelevage-deescargots-exotiques-africains\/#primaryimage","url":"https:\/\/megapets.eu\/wp-content\/uploads\/2024\/10\/Glowne-Basic-20-L.png","contentUrl":"https:\/\/megapets.eu\/wp-content\/uploads\/2024\/10\/Glowne-Basic-20-L.png","width":1052,"height":705},{"@type":"BreadcrumbList","@id":"https:\/\/megapets.eu\/fr\/accessoires\/kit-de-demarrage-de-20-l-pour-lelevage-deescargots-exotiques-africains\/#breadcrumb","itemListElement":[{"@type":"ListItem","position":1,"name":"Strona g\u0142\u00f3wna","item":"https:\/\/megapets.eu\/fr\/accueil\/"},{"@type":"ListItem","position":2,"name":"Boutique","item":"https:\/\/megapets.eu\/boutique\/"},{"@type":"ListItem","position":3,"name":"Kit de d\u00e9marrage de 20 L pour l&#8217;\u00e9levage deescargots exotiques \/ africains"}]},{"@type":"WebSite","@id":"https:\/\/megapets.eu\/fr\/#website","url":"https:\/\/megapets.eu\/fr\/","name":"Mega Pets","description":"Jedna z najwi\u0119kszych hodowli \u015blimak\u00f3w w Europie","publisher":{"@id":"https:\/\/megapets.eu\/fr\/#organization"},"alternateName":"Mega Pets","potentialAction":[{"@type":"SearchAction","target":{"@type":"EntryPoint","urlTemplate":"https:\/\/megapets.eu\/fr\/?s={search_term_string}"},"query-input":{"@type":"PropertyValueSpecification","valueRequired":true,"valueName":"search_term_string"}}],"inLanguage":"fr-FR"},{"@type":"Organization","@id":"https:\/\/megapets.eu\/fr\/#organization","name":"Mega Pets","url":"https:\/\/megapets.eu\/fr\/","logo":{"@type":"ImageObject","inLanguage":"fr-FR","@id":"https:\/\/megapets.eu\/fr\/#\/schema\/logo\/image\/","url":"https:\/\/megapets.eu\/wp-content\/uploads\/2025\/04\/megapets_eu-logo.png","contentUrl":"https:\/\/megapets.eu\/wp-content\/uploads\/2025\/04\/megapets_eu-logo.png","width":2362,"height":2362,"caption":"Mega Pets"},"image":{"@id":"https:\/\/megapets.eu\/fr\/#\/schema\/logo\/image\/"},"sameAs":["https:\/\/www.facebook.com\/MegaPets.eu\/"]}]}},"_links":{"self":[{"href":"https:\/\/megapets.eu\/fr\/wp-json\/wp\/v2\/product\/4651","targetHints":{"allow":["GET"]}}],"collection":[{"href":"https:\/\/megapets.eu\/fr\/wp-json\/wp\/v2\/product"}],"about":[{"href":"https:\/\/megapets.eu\/fr\/wp-json\/wp\/v2\/types\/product"}],"wp:featuredmedia":[{"embeddable":true,"href":"https:\/\/megapets.eu\/fr\/wp-json\/wp\/v2\/media\/4652"}],"wp:attachment":[{"href":"https:\/\/megapets.eu\/fr\/wp-json\/wp\/v2\/media?parent=4651"}],"wp:term":[{"taxonomy":"product_cat","embeddable":true,"href":"https:\/\/megapets.eu\/fr\/wp-json\/wp\/v2\/product_cat?post=4651"},{"taxonomy":"product_tag","embeddable":true,"href":"https:\/\/megapets.eu\/fr\/wp-json\/wp\/v2\/product_tag?post=4651"}],"curies":[{"name":"wp","href":"https:\/\/api.w.org\/{rel}","templated":true}]}}