{"id":4668,"date":"2024-10-03T16:33:28","date_gmt":"2024-10-03T16:33:28","guid":{"rendered":"https:\/\/megapets.eu\/non class\u00e9\/kit-de-demarrage-de-10-litres-pour-lelevage-deescargots-exotiques-africains\/"},"modified":"2024-10-03T16:33:28","modified_gmt":"2024-10-03T16:33:28","slug":"kit-de-demarrage-de-10-litres-pour-lelevage-deescargots-exotiques-africains","status":"publish","type":"product","link":"https:\/\/megapets.eu\/fr\/accessoires\/kit-de-demarrage-de-10-litres-pour-lelevage-deescargots-exotiques-africains\/","title":{"rendered":"Kit de d\u00e9marrage de 10 litres pour l&rsquo;\u00e9levage de<br \/>escargots exotiques \/ africains"},"content":{"rendered":"<p><span style=\"color: #424242;\"><em><strong>Le kit \u00ab\u00a010L starter set for breeding exotic \/ African snails\u00a0\u00bb comprend :<\/strong><\/em><\/span><\/p>\n<ul>\n<li><em><span style=\"color: #e87020; font-size: 17px;\"><strong>1 pc x R\u00e9cipient en plastique avec trous d&rsquo;a\u00e9ration pour l&rsquo;\u00e9levage d&rsquo;escargots exotiques. <\/strong><\/span><\/em><\/li>\n<\/ul>\n<p><strong><span style=\"color: #424242; font-size: 15px;\"><em>R\u00e9cipient avec couvercle d&rsquo;une capacit\u00e9 de 10 L. Les orifices d&rsquo;a\u00e9ration int\u00e9rieurs du r\u00e9cipient sont lisses, sans ar\u00eates vives.<\/em><\/span><\/strong><\/p>\n<p><strong><span style=\"color: #424242; font-size: 15px;\"><em>Dimensions : 25,5cm x 38,5cm x H 13,5cm. R\u00e9cipient en plastique par Plast Team.<\/em><\/span><\/strong><\/p>\n<ul>\n<li><em><span style=\"font-size: 17px;\"><strong><span style=\"color: #e87020;\">2 pcs x substrat de noix de coco 1,5l\/1 paquet. <\/span><\/strong><\/span><\/em><\/li>\n<\/ul>\n<p><span style=\"font-size: 15px; color: #424242;\"><strong><em>Le substrat de noix de coco est un substrat naturel compos\u00e9 de fibres de noix de coco d\u00e9chiquet\u00e9es. Substrat le plus recommand\u00e9 pour l&rsquo;\u00e9levage des escargots exotiques.<\/em><\/strong><\/span><\/p>\n<ul>\n<li><em><span style=\"font-size: 17px;\"><strong><span style=\"color: #e87020;\">1 paquet \u00ab\u00a0Calcium\u00a0\u00bb 80g. <\/span><\/strong><\/span><\/em><\/li>\n<\/ul>\n<p><strong><span style=\"font-size: 15px; color: #424242;\"><em>L&rsquo;alimentation quotidienne d&rsquo;un escargot doit comprendre les \u00e9l\u00e9ments de base pour une coquille belle et saine. Le paquet \u00ab\u00a0Calcium\u00a0\u00bb contient 100 % de poudre de coquille d&rsquo;\u0153uf.<\/em><\/span><\/strong><\/p>\n<ul>\n<li><em><span style=\"font-size: 17px;\"><strong><span style=\"color: #e87020;\">1 x paquet \u00ab\u00a0Protein &amp; Vitamin\u00a0\u00bb 50g.<\/span><\/strong><\/span><\/em><\/li>\n<\/ul>\n<p><span style=\"color: #424242; font-size: 15px;\"><strong><em>Le paquet \u00ab\u00a0Protein &amp; Vitamin\u00a0\u00bb contient un m\u00e9lange de c\u00e9r\u00e9ales, qui regorge de nutriments pr\u00e9cieux pour un d\u00e9veloppement sain de ton animal et constitue un compl\u00e9ment b\u00e9n\u00e9fique \u00e0 l&rsquo;alimentation de base de l&rsquo;escargot.<\/em><\/strong><\/span><\/p>\n<ul>\n<li><em><span style=\"font-size: 17px;\"><strong><span style=\"color: #e87020;\">1 pc x \u00ab\u00a0Exotic herbal mix\u00a0\u00bb pack 40g.<\/span><\/strong><\/span><\/em><\/li>\n<\/ul>\n<p><strong><span style=\"color: #424242; font-size: 15px;\"><em>Le pack \u00ab\u00a0Exotic herbal mix\u00a0\u00bb contient des herbes soigneusement s\u00e9lectionn\u00e9es, un compl\u00e9ment pr\u00e9cieux et naturel qui permet d&rsquo;enrichir l&rsquo;alimentation des escargots exotiques en fonction de leurs besoins en vitamines et en min\u00e9raux, des ingr\u00e9dients essentiels pour la sant\u00e9 des animaux de compagnie.<\/em><\/span><\/strong><\/p>\n<ul>\n<li><em><span style=\"font-size: 17px;\"><strong><span style=\"color: #e87020;\">1 pc x Instructions d&rsquo;\u00e9levage.<\/span><\/strong><\/span><\/em><\/li>\n<\/ul>\n<p><strong><span style=\"font-size: 15px; color: #424242;\"><em>Remarque : pour l&rsquo;\u00e9levage, nous utilisons un appareil sp\u00e9cial fabriqu\u00e9 sur mesure pour un poin\u00e7onnage de qualit\u00e9 et sans \u00e0-coups des r\u00e9cipients. Si tu as d\u00e9j\u00e0 un r\u00e9cipient en plastique et que tu essaies de perforer les \u00e9vents toi-m\u00eame, enl\u00e8ve les bords tranchants et ponce bien les trous. Les juv\u00e9niles ont une croissance d\u00e9licate de la nouvelle coquille, qu&rsquo;ils peuvent attraper en marchant sur les bords tranchants des trous mal faits. Cela peut entra\u00eener des cicatrices sur la coquille de l&rsquo;escargot et la perte d&rsquo;un aspect esth\u00e9tique et sain.<\/em><\/span><\/strong><\/p>\n<p><strong><span style=\"font-size: 15px; color: #424242;\"><em>Remarque : les conteneurs de nombreuses entreprises ne conviennent PAS \u00e0 l&rsquo;\u00e9levage d&rsquo;escargots en raison de leur conception interne et de la fa\u00e7on dont le couvercle s&rsquo;enclenche. La soci\u00e9t\u00e9 de conteneurs que nous recommandons est Plast Team.<\/em><\/span><\/strong><\/p>\n","protected":false},"excerpt":{"rendered":"<ul class=\"product_attributes\">\n<li><span style=\"color: #555555;\"><strong>Des accessoires de base bien choisis<\/strong><\/span><\/li>\n<li><span style=\"color: #555555;\"><strong>Des bouches d&rsquo;a\u00e9ration polies<\/strong><\/span><\/li>\n<li><span style=\"color: #555555;\"><strong>Une bonne circulation de l&rsquo;air<\/strong><\/span><\/li>\n<\/ul>\n","protected":false},"featured_media":4673,"template":"","meta":{"_acf_changed":false,"_links_to":"","_links_to_target":""},"product_cat":[112],"product_tag":[119],"class_list":{"0":"post-4668","1":"product","2":"type-product","3":"status-publish","4":"has-post-thumbnail","6":"product_cat-accessoires","7":"product_tag-pour-les-escargots","9":"first","10":"instock","11":"shipping-taxable","12":"purchasable","13":"product-type-simple"},"acf":[],"yoast_head":"<!-- This site is optimized with the Yoast SEO plugin v24.9 - https:\/\/yoast.com\/wordpress\/plugins\/seo\/ -->\n<title>Kit de d\u00e9marrage de 10 litres pour l&#039;\u00e9levage deescargots exotiques \/ africains | MegaPets<\/title>\n<meta name=\"robots\" content=\"index, follow, max-snippet:-1, max-image-preview:large, max-video-preview:-1\" \/>\n<link rel=\"canonical\" href=\"https:\/\/megapets.eu\/fr\/accessoires\/kit-de-demarrage-de-10-litres-pour-lelevage-deescargots-exotiques-africains\/\" \/>\n<meta property=\"og:locale\" content=\"fr_FR\" \/>\n<meta property=\"og:type\" content=\"article\" \/>\n<meta property=\"og:title\" content=\"Kit de d\u00e9marrage de 10 litres pour l&#039;\u00e9levage deescargots exotiques \/ africains | MegaPets\" \/>\n<meta property=\"og:description\" content=\"Des accessoires de base bien choisis  Des bouches d&#039;a\u00e9ration polies  Une bonne circulation de l&#039;air\" \/>\n<meta property=\"og:url\" content=\"https:\/\/megapets.eu\/fr\/accessoires\/kit-de-demarrage-de-10-litres-pour-lelevage-deescargots-exotiques-africains\/\" \/>\n<meta property=\"og:site_name\" content=\"MegaPets\" \/>\n<meta property=\"article:publisher\" content=\"https:\/\/www.facebook.com\/MegaPets.eu\/\" \/>\n<meta property=\"og:image\" content=\"https:\/\/megapets.eu\/wp-content\/uploads\/2024\/10\/IMG_2716-e1728382457724.jpg\" \/>\n\t<meta property=\"og:image:width\" content=\"1908\" \/>\n\t<meta property=\"og:image:height\" content=\"1314\" \/>\n\t<meta property=\"og:image:type\" content=\"image\/jpeg\" \/>\n<meta name=\"twitter:card\" content=\"summary_large_image\" \/>\n<meta name=\"twitter:label1\" content=\"Dur\u00e9e de lecture estim\u00e9e\" \/>\n\t<meta name=\"twitter:data1\" content=\"2 minutes\" \/>\n<script type=\"application\/ld+json\" class=\"yoast-schema-graph\">{\"@context\":\"https:\/\/schema.org\",\"@graph\":[{\"@type\":\"WebPage\",\"@id\":\"https:\/\/megapets.eu\/fr\/accessoires\/kit-de-demarrage-de-10-litres-pour-lelevage-deescargots-exotiques-africains\/\",\"url\":\"https:\/\/megapets.eu\/fr\/accessoires\/kit-de-demarrage-de-10-litres-pour-lelevage-deescargots-exotiques-africains\/\",\"name\":\"Kit de d\u00e9marrage de 10 litres pour l'\u00e9levage de escargots exotiques \/ africains | MegaPets\",\"isPartOf\":{\"@id\":\"https:\/\/megapets.eu\/fr\/#website\"},\"primaryImageOfPage\":{\"@id\":\"https:\/\/megapets.eu\/fr\/accessoires\/kit-de-demarrage-de-10-litres-pour-lelevage-deescargots-exotiques-africains\/#primaryimage\"},\"image\":{\"@id\":\"https:\/\/megapets.eu\/fr\/accessoires\/kit-de-demarrage-de-10-litres-pour-lelevage-deescargots-exotiques-africains\/#primaryimage\"},\"thumbnailUrl\":\"https:\/\/megapets.eu\/wp-content\/uploads\/2024\/10\/IMG_2716-e1728382457724.jpg\",\"datePublished\":\"2024-10-03T16:33:28+00:00\",\"breadcrumb\":{\"@id\":\"https:\/\/megapets.eu\/fr\/accessoires\/kit-de-demarrage-de-10-litres-pour-lelevage-deescargots-exotiques-africains\/#breadcrumb\"},\"inLanguage\":\"fr-FR\",\"potentialAction\":[{\"@type\":\"ReadAction\",\"target\":[\"https:\/\/megapets.eu\/fr\/accessoires\/kit-de-demarrage-de-10-litres-pour-lelevage-deescargots-exotiques-africains\/\"]}]},{\"@type\":\"ImageObject\",\"inLanguage\":\"fr-FR\",\"@id\":\"https:\/\/megapets.eu\/fr\/accessoires\/kit-de-demarrage-de-10-litres-pour-lelevage-deescargots-exotiques-africains\/#primaryimage\",\"url\":\"https:\/\/megapets.eu\/wp-content\/uploads\/2024\/10\/IMG_2716-e1728382457724.jpg\",\"contentUrl\":\"https:\/\/megapets.eu\/wp-content\/uploads\/2024\/10\/IMG_2716-e1728382457724.jpg\",\"width\":1908,\"height\":1314},{\"@type\":\"BreadcrumbList\",\"@id\":\"https:\/\/megapets.eu\/fr\/accessoires\/kit-de-demarrage-de-10-litres-pour-lelevage-deescargots-exotiques-africains\/#breadcrumb\",\"itemListElement\":[{\"@type\":\"ListItem\",\"position\":1,\"name\":\"Strona g\u0142\u00f3wna\",\"item\":\"https:\/\/megapets.eu\/fr\/accueil\/\"},{\"@type\":\"ListItem\",\"position\":2,\"name\":\"Boutique\",\"item\":\"https:\/\/megapets.eu\/boutique\/\"},{\"@type\":\"ListItem\",\"position\":3,\"name\":\"Kit de d\u00e9marrage de 10 litres pour l&#8217;\u00e9levage deescargots exotiques \/ africains\"}]},{\"@type\":\"WebSite\",\"@id\":\"https:\/\/megapets.eu\/fr\/#website\",\"url\":\"https:\/\/megapets.eu\/fr\/\",\"name\":\"Mega Pets\",\"description\":\"Jedna z najwi\u0119kszych hodowli \u015blimak\u00f3w w Europie\",\"publisher\":{\"@id\":\"https:\/\/megapets.eu\/fr\/#organization\"},\"alternateName\":\"Mega Pets\",\"potentialAction\":[{\"@type\":\"SearchAction\",\"target\":{\"@type\":\"EntryPoint\",\"urlTemplate\":\"https:\/\/megapets.eu\/fr\/?s={search_term_string}\"},\"query-input\":{\"@type\":\"PropertyValueSpecification\",\"valueRequired\":true,\"valueName\":\"search_term_string\"}}],\"inLanguage\":\"fr-FR\"},{\"@type\":\"Organization\",\"@id\":\"https:\/\/megapets.eu\/fr\/#organization\",\"name\":\"Mega Pets\",\"url\":\"https:\/\/megapets.eu\/fr\/\",\"logo\":{\"@type\":\"ImageObject\",\"inLanguage\":\"fr-FR\",\"@id\":\"https:\/\/megapets.eu\/fr\/#\/schema\/logo\/image\/\",\"url\":\"https:\/\/megapets.eu\/wp-content\/uploads\/2025\/04\/megapets_eu-logo.png\",\"contentUrl\":\"https:\/\/megapets.eu\/wp-content\/uploads\/2025\/04\/megapets_eu-logo.png\",\"width\":2362,\"height\":2362,\"caption\":\"Mega Pets\"},\"image\":{\"@id\":\"https:\/\/megapets.eu\/fr\/#\/schema\/logo\/image\/\"},\"sameAs\":[\"https:\/\/www.facebook.com\/MegaPets.eu\/\"]}]}<\/script>\n<!-- \/ Yoast SEO plugin. -->","yoast_head_json":{"title":"Kit de d\u00e9marrage de 10 litres pour l'\u00e9levage deescargots exotiques \/ africains | MegaPets","robots":{"index":"index","follow":"follow","max-snippet":"max-snippet:-1","max-image-preview":"max-image-preview:large","max-video-preview":"max-video-preview:-1"},"canonical":"https:\/\/megapets.eu\/fr\/accessoires\/kit-de-demarrage-de-10-litres-pour-lelevage-deescargots-exotiques-africains\/","og_locale":"fr_FR","og_type":"article","og_title":"Kit de d\u00e9marrage de 10 litres pour l'\u00e9levage deescargots exotiques \/ africains | MegaPets","og_description":"Des accessoires de base bien choisis  Des bouches d'a\u00e9ration polies  Une bonne circulation de l'air","og_url":"https:\/\/megapets.eu\/fr\/accessoires\/kit-de-demarrage-de-10-litres-pour-lelevage-deescargots-exotiques-africains\/","og_site_name":"MegaPets","article_publisher":"https:\/\/www.facebook.com\/MegaPets.eu\/","og_image":[{"width":1908,"height":1314,"url":"https:\/\/megapets.eu\/wp-content\/uploads\/2024\/10\/IMG_2716-e1728382457724.jpg","type":"image\/jpeg"}],"twitter_card":"summary_large_image","twitter_misc":{"Dur\u00e9e de lecture estim\u00e9e":"2 minutes"},"schema":{"@context":"https:\/\/schema.org","@graph":[{"@type":"WebPage","@id":"https:\/\/megapets.eu\/fr\/accessoires\/kit-de-demarrage-de-10-litres-pour-lelevage-deescargots-exotiques-africains\/","url":"https:\/\/megapets.eu\/fr\/accessoires\/kit-de-demarrage-de-10-litres-pour-lelevage-deescargots-exotiques-africains\/","name":"Kit de d\u00e9marrage de 10 litres pour l'\u00e9levage de escargots exotiques \/ africains | MegaPets","isPartOf":{"@id":"https:\/\/megapets.eu\/fr\/#website"},"primaryImageOfPage":{"@id":"https:\/\/megapets.eu\/fr\/accessoires\/kit-de-demarrage-de-10-litres-pour-lelevage-deescargots-exotiques-africains\/#primaryimage"},"image":{"@id":"https:\/\/megapets.eu\/fr\/accessoires\/kit-de-demarrage-de-10-litres-pour-lelevage-deescargots-exotiques-africains\/#primaryimage"},"thumbnailUrl":"https:\/\/megapets.eu\/wp-content\/uploads\/2024\/10\/IMG_2716-e1728382457724.jpg","datePublished":"2024-10-03T16:33:28+00:00","breadcrumb":{"@id":"https:\/\/megapets.eu\/fr\/accessoires\/kit-de-demarrage-de-10-litres-pour-lelevage-deescargots-exotiques-africains\/#breadcrumb"},"inLanguage":"fr-FR","potentialAction":[{"@type":"ReadAction","target":["https:\/\/megapets.eu\/fr\/accessoires\/kit-de-demarrage-de-10-litres-pour-lelevage-deescargots-exotiques-africains\/"]}]},{"@type":"ImageObject","inLanguage":"fr-FR","@id":"https:\/\/megapets.eu\/fr\/accessoires\/kit-de-demarrage-de-10-litres-pour-lelevage-deescargots-exotiques-africains\/#primaryimage","url":"https:\/\/megapets.eu\/wp-content\/uploads\/2024\/10\/IMG_2716-e1728382457724.jpg","contentUrl":"https:\/\/megapets.eu\/wp-content\/uploads\/2024\/10\/IMG_2716-e1728382457724.jpg","width":1908,"height":1314},{"@type":"BreadcrumbList","@id":"https:\/\/megapets.eu\/fr\/accessoires\/kit-de-demarrage-de-10-litres-pour-lelevage-deescargots-exotiques-africains\/#breadcrumb","itemListElement":[{"@type":"ListItem","position":1,"name":"Strona g\u0142\u00f3wna","item":"https:\/\/megapets.eu\/fr\/accueil\/"},{"@type":"ListItem","position":2,"name":"Boutique","item":"https:\/\/megapets.eu\/boutique\/"},{"@type":"ListItem","position":3,"name":"Kit de d\u00e9marrage de 10 litres pour l&#8217;\u00e9levage deescargots exotiques \/ africains"}]},{"@type":"WebSite","@id":"https:\/\/megapets.eu\/fr\/#website","url":"https:\/\/megapets.eu\/fr\/","name":"Mega Pets","description":"Jedna z najwi\u0119kszych hodowli \u015blimak\u00f3w w Europie","publisher":{"@id":"https:\/\/megapets.eu\/fr\/#organization"},"alternateName":"Mega Pets","potentialAction":[{"@type":"SearchAction","target":{"@type":"EntryPoint","urlTemplate":"https:\/\/megapets.eu\/fr\/?s={search_term_string}"},"query-input":{"@type":"PropertyValueSpecification","valueRequired":true,"valueName":"search_term_string"}}],"inLanguage":"fr-FR"},{"@type":"Organization","@id":"https:\/\/megapets.eu\/fr\/#organization","name":"Mega Pets","url":"https:\/\/megapets.eu\/fr\/","logo":{"@type":"ImageObject","inLanguage":"fr-FR","@id":"https:\/\/megapets.eu\/fr\/#\/schema\/logo\/image\/","url":"https:\/\/megapets.eu\/wp-content\/uploads\/2025\/04\/megapets_eu-logo.png","contentUrl":"https:\/\/megapets.eu\/wp-content\/uploads\/2025\/04\/megapets_eu-logo.png","width":2362,"height":2362,"caption":"Mega Pets"},"image":{"@id":"https:\/\/megapets.eu\/fr\/#\/schema\/logo\/image\/"},"sameAs":["https:\/\/www.facebook.com\/MegaPets.eu\/"]}]}},"_links":{"self":[{"href":"https:\/\/megapets.eu\/fr\/wp-json\/wp\/v2\/product\/4668","targetHints":{"allow":["GET"]}}],"collection":[{"href":"https:\/\/megapets.eu\/fr\/wp-json\/wp\/v2\/product"}],"about":[{"href":"https:\/\/megapets.eu\/fr\/wp-json\/wp\/v2\/types\/product"}],"wp:featuredmedia":[{"embeddable":true,"href":"https:\/\/megapets.eu\/fr\/wp-json\/wp\/v2\/media\/4673"}],"wp:attachment":[{"href":"https:\/\/megapets.eu\/fr\/wp-json\/wp\/v2\/media?parent=4668"}],"wp:term":[{"taxonomy":"product_cat","embeddable":true,"href":"https:\/\/megapets.eu\/fr\/wp-json\/wp\/v2\/product_cat?post=4668"},{"taxonomy":"product_tag","embeddable":true,"href":"https:\/\/megapets.eu\/fr\/wp-json\/wp\/v2\/product_tag?post=4668"}],"curies":[{"name":"wp","href":"https:\/\/api.w.org\/{rel}","templated":true}]}}