{"id":4677,"date":"2024-10-03T21:19:08","date_gmt":"2024-10-03T21:19:08","guid":{"rendered":"https:\/\/megapets.eu\/non class\u00e9\/sepia-os-de-seichepremium-gross-xxl\/"},"modified":"2024-10-03T21:19:08","modified_gmt":"2024-10-03T21:19:08","slug":"sepia-os-de-seichepremium-gross-xxl","status":"publish","type":"product","link":"https:\/\/megapets.eu\/fr\/accessoires\/sepia-os-de-seichepremium-gross-xxl\/","title":{"rendered":"S\u00e9pia &#8211; os de seiche<br \/>PREMIUM GROSS \u00ab\u00a0XXL\u00a0\u00bb"},"content":{"rendered":"<p><strong><span style=\"color: #e87020; font-size: 15px;\"><em>Sepia &#8211; os de seiche <span style=\"color: #e87020;\">PREMIUM<\/span> \u00c9PAISSEUR \u00ab\u00a0XXL\u00a0\u00bb<\/em><\/span><\/strong><\/p>\n<p><strong><span style=\"color: #e87020; font-size: 15px;\"><em>Longueur de l&rsquo;os : environ 20-25 cm. Largeur : environ 8-10 cm.<\/em><\/span><\/strong><\/p>\n<p><strong><span style=\"color: #e87020; font-size: 15px;\"><em>Composition : 100% os de seiche naturel.<\/em><\/span><\/strong><\/p>\n<p><strong><span style=\"color: #e87020; font-size: 15px;\"><em>Le prix est pour 1 pi\u00e8ce.<\/em><\/span><\/strong><\/p>\n<p><em><span style=\"color: #424242;\"><strong><span style=\"font-size: 15px;\">Sepia &#8211; os de seiche est une source naturelle de calcium pour les escargots exotiques, les tortues et autres animaux de terrarium.<\/span><\/strong><\/span><\/em><\/p>\n<p><em><span style=\"color: #424242;\"><strong><span style=\"font-size: 15px;\">Sepia est donn\u00e9 aux animaux par la partie molle. L&rsquo;os de seiche doit \u00eatre remplac\u00e9 par un os frais apr\u00e8s que l&rsquo;animal a gratt\u00e9 la partie molle de la s\u00e9pia ou d\u00e8s les premiers signes de d\u00e9t\u00e9rioration (apparition de taches, qui sont dues \u00e0 l&rsquo;humidit\u00e9 du terrarium).<\/span><\/strong><\/span><\/em><\/p>\n<p><em><span style=\"color: #424242;\"><strong><span style=\"font-size: 15px;\">Tu peux toujours varier les formes de calcium administr\u00e9es et proposer en plus \u00e0 ton animal du \u00ab\u00a0Calcium\u00a0\u00bb &#8211; calcium pour escargots.<\/span><\/strong><\/span><\/em><\/p>\n<p><em><span style=\"color: #424242;\"><strong><span style=\"font-size: 15px;\">Les compl\u00e9ments que nous recommandons sont capables de r\u00e9pondre aux besoins en nutriments pr\u00e9cieux des esp\u00e8ces les plus exigeantes : \u00ab\u00a0Prot\u00e9ines et vitamines\u00a0\u00bb, M\u00e9lange d&rsquo;herbes exotiques, Gammarus moulu. Il est recommand\u00e9 d&rsquo;utiliser les compl\u00e9ments en alternance, afin que l&rsquo;alimentation de ton animal reste vari\u00e9e et compl\u00e8te.<\/span><\/strong><\/span><\/em><\/p>\n","protected":false},"excerpt":{"rendered":"<ul class=\"product_attributes\">\n<li><span style=\"color: #555555;\">Composition :<\/span> Os de seiche 100 % naturel<\/li>\n<li><span style=\"color: #555555;\">Longueur de l&rsquo;os :<\/span> environ 20-25 cm<\/li>\n<li><span style=\"color: #555555;\">Le prix indiqu\u00e9 est celui d&rsquo;un os de seiche :<\/span> 1 pi\u00e8ce<\/li>\n<\/ul>\n","protected":false},"featured_media":11961,"template":"","meta":{"_acf_changed":false,"_links_to":"","_links_to_target":""},"product_cat":[112],"product_tag":[115,119,114,113],"class_list":{"0":"post-4677","1":"product","2":"type-product","3":"status-publish","4":"has-post-thumbnail","6":"product_cat-accessoires","7":"product_tag-pour-les-cafards","8":"product_tag-pour-les-escargots","9":"product_tag-pour-les-isopodes","10":"product_tag-pour-les-ruses","12":"first","13":"instock","14":"shipping-taxable","15":"purchasable","16":"product-type-simple"},"acf":[],"yoast_head":"<!-- This site is optimized with the Yoast SEO plugin v24.9 - https:\/\/yoast.com\/wordpress\/plugins\/seo\/ -->\n<title>S\u00e9pia - os de seichePREMIUM GROSS &quot;XXL&quot; | MegaPets<\/title>\n<meta name=\"robots\" content=\"index, follow, max-snippet:-1, max-image-preview:large, max-video-preview:-1\" \/>\n<link rel=\"canonical\" href=\"https:\/\/megapets.eu\/fr\/accessoires\/sepia-os-de-seichepremium-gross-xxl\/\" \/>\n<meta property=\"og:locale\" content=\"fr_FR\" \/>\n<meta property=\"og:type\" content=\"article\" \/>\n<meta property=\"og:title\" content=\"S\u00e9pia - os de seichePREMIUM GROSS &quot;XXL&quot; | MegaPets\" \/>\n<meta property=\"og:description\" content=\"Composition : Os de seiche 100 % naturel  Longueur de l&#039;os : environ 20-25 cm  Le prix indiqu\u00e9 est celui d&#039;un os de seiche : 1 pi\u00e8ce\" \/>\n<meta property=\"og:url\" content=\"https:\/\/megapets.eu\/fr\/accessoires\/sepia-os-de-seichepremium-gross-xxl\/\" \/>\n<meta property=\"og:site_name\" content=\"MegaPets\" \/>\n<meta property=\"article:publisher\" content=\"https:\/\/www.facebook.com\/MegaPets.eu\/\" \/>\n<meta property=\"og:image\" content=\"https:\/\/megapets.eu\/wp-content\/uploads\/2024\/10\/4.png\" \/>\n\t<meta property=\"og:image:width\" content=\"984\" \/>\n\t<meta property=\"og:image:height\" content=\"655\" \/>\n\t<meta property=\"og:image:type\" content=\"image\/png\" \/>\n<meta name=\"twitter:card\" content=\"summary_large_image\" \/>\n<meta name=\"twitter:label1\" content=\"Dur\u00e9e de lecture estim\u00e9e\" \/>\n\t<meta name=\"twitter:data1\" content=\"1 minute\" \/>\n<script type=\"application\/ld+json\" class=\"yoast-schema-graph\">{\"@context\":\"https:\/\/schema.org\",\"@graph\":[{\"@type\":\"WebPage\",\"@id\":\"https:\/\/megapets.eu\/fr\/accessoires\/sepia-os-de-seichepremium-gross-xxl\/\",\"url\":\"https:\/\/megapets.eu\/fr\/accessoires\/sepia-os-de-seichepremium-gross-xxl\/\",\"name\":\"S\u00e9pia - os de seiche PREMIUM GROSS \\\"XXL\\\" | MegaPets\",\"isPartOf\":{\"@id\":\"https:\/\/megapets.eu\/fr\/#website\"},\"primaryImageOfPage\":{\"@id\":\"https:\/\/megapets.eu\/fr\/accessoires\/sepia-os-de-seichepremium-gross-xxl\/#primaryimage\"},\"image\":{\"@id\":\"https:\/\/megapets.eu\/fr\/accessoires\/sepia-os-de-seichepremium-gross-xxl\/#primaryimage\"},\"thumbnailUrl\":\"https:\/\/megapets.eu\/wp-content\/uploads\/2024\/10\/kosc-matwy-premium-xxl-naturalna-WEBP.webp\",\"datePublished\":\"2024-10-03T21:19:08+00:00\",\"breadcrumb\":{\"@id\":\"https:\/\/megapets.eu\/fr\/accessoires\/sepia-os-de-seichepremium-gross-xxl\/#breadcrumb\"},\"inLanguage\":\"fr-FR\",\"potentialAction\":[{\"@type\":\"ReadAction\",\"target\":[\"https:\/\/megapets.eu\/fr\/accessoires\/sepia-os-de-seichepremium-gross-xxl\/\"]}]},{\"@type\":\"ImageObject\",\"inLanguage\":\"fr-FR\",\"@id\":\"https:\/\/megapets.eu\/fr\/accessoires\/sepia-os-de-seichepremium-gross-xxl\/#primaryimage\",\"url\":\"https:\/\/megapets.eu\/wp-content\/uploads\/2024\/10\/kosc-matwy-premium-xxl-naturalna-WEBP.webp\",\"contentUrl\":\"https:\/\/megapets.eu\/wp-content\/uploads\/2024\/10\/kosc-matwy-premium-xxl-naturalna-WEBP.webp\",\"width\":1200,\"height\":793},{\"@type\":\"BreadcrumbList\",\"@id\":\"https:\/\/megapets.eu\/fr\/accessoires\/sepia-os-de-seichepremium-gross-xxl\/#breadcrumb\",\"itemListElement\":[{\"@type\":\"ListItem\",\"position\":1,\"name\":\"Strona g\u0142\u00f3wna\",\"item\":\"https:\/\/megapets.eu\/fr\/accueil\/\"},{\"@type\":\"ListItem\",\"position\":2,\"name\":\"Boutique\",\"item\":\"https:\/\/megapets.eu\/boutique\/\"},{\"@type\":\"ListItem\",\"position\":3,\"name\":\"S\u00e9pia &#8211; os de seichePREMIUM GROSS &#8222;XXL\\\"\"}]},{\"@type\":\"WebSite\",\"@id\":\"https:\/\/megapets.eu\/fr\/#website\",\"url\":\"https:\/\/megapets.eu\/fr\/\",\"name\":\"Mega Pets\",\"description\":\"Jedna z najwi\u0119kszych hodowli \u015blimak\u00f3w w Europie\",\"publisher\":{\"@id\":\"https:\/\/megapets.eu\/fr\/#organization\"},\"alternateName\":\"Mega Pets\",\"potentialAction\":[{\"@type\":\"SearchAction\",\"target\":{\"@type\":\"EntryPoint\",\"urlTemplate\":\"https:\/\/megapets.eu\/fr\/?s={search_term_string}\"},\"query-input\":{\"@type\":\"PropertyValueSpecification\",\"valueRequired\":true,\"valueName\":\"search_term_string\"}}],\"inLanguage\":\"fr-FR\"},{\"@type\":\"Organization\",\"@id\":\"https:\/\/megapets.eu\/fr\/#organization\",\"name\":\"Mega Pets\",\"url\":\"https:\/\/megapets.eu\/fr\/\",\"logo\":{\"@type\":\"ImageObject\",\"inLanguage\":\"fr-FR\",\"@id\":\"https:\/\/megapets.eu\/fr\/#\/schema\/logo\/image\/\",\"url\":\"https:\/\/megapets.eu\/wp-content\/uploads\/2025\/04\/megapets_eu-logo.png\",\"contentUrl\":\"https:\/\/megapets.eu\/wp-content\/uploads\/2025\/04\/megapets_eu-logo.png\",\"width\":2362,\"height\":2362,\"caption\":\"Mega Pets\"},\"image\":{\"@id\":\"https:\/\/megapets.eu\/fr\/#\/schema\/logo\/image\/\"},\"sameAs\":[\"https:\/\/www.facebook.com\/MegaPets.eu\/\"]}]}<\/script>\n<!-- \/ Yoast SEO plugin. -->","yoast_head_json":{"title":"S\u00e9pia - os de seichePREMIUM GROSS \"XXL\" | MegaPets","robots":{"index":"index","follow":"follow","max-snippet":"max-snippet:-1","max-image-preview":"max-image-preview:large","max-video-preview":"max-video-preview:-1"},"canonical":"https:\/\/megapets.eu\/fr\/accessoires\/sepia-os-de-seichepremium-gross-xxl\/","og_locale":"fr_FR","og_type":"article","og_title":"S\u00e9pia - os de seichePREMIUM GROSS \"XXL\" | MegaPets","og_description":"Composition : Os de seiche 100 % naturel  Longueur de l'os : environ 20-25 cm  Le prix indiqu\u00e9 est celui d'un os de seiche : 1 pi\u00e8ce","og_url":"https:\/\/megapets.eu\/fr\/accessoires\/sepia-os-de-seichepremium-gross-xxl\/","og_site_name":"MegaPets","article_publisher":"https:\/\/www.facebook.com\/MegaPets.eu\/","og_image":[{"width":984,"height":655,"url":"https:\/\/megapets.eu\/wp-content\/uploads\/2024\/10\/4.png","type":"image\/png"}],"twitter_card":"summary_large_image","twitter_misc":{"Dur\u00e9e de lecture estim\u00e9e":"1 minute"},"schema":{"@context":"https:\/\/schema.org","@graph":[{"@type":"WebPage","@id":"https:\/\/megapets.eu\/fr\/accessoires\/sepia-os-de-seichepremium-gross-xxl\/","url":"https:\/\/megapets.eu\/fr\/accessoires\/sepia-os-de-seichepremium-gross-xxl\/","name":"S\u00e9pia - os de seiche PREMIUM GROSS \"XXL\" | MegaPets","isPartOf":{"@id":"https:\/\/megapets.eu\/fr\/#website"},"primaryImageOfPage":{"@id":"https:\/\/megapets.eu\/fr\/accessoires\/sepia-os-de-seichepremium-gross-xxl\/#primaryimage"},"image":{"@id":"https:\/\/megapets.eu\/fr\/accessoires\/sepia-os-de-seichepremium-gross-xxl\/#primaryimage"},"thumbnailUrl":"https:\/\/megapets.eu\/wp-content\/uploads\/2024\/10\/kosc-matwy-premium-xxl-naturalna-WEBP.webp","datePublished":"2024-10-03T21:19:08+00:00","breadcrumb":{"@id":"https:\/\/megapets.eu\/fr\/accessoires\/sepia-os-de-seichepremium-gross-xxl\/#breadcrumb"},"inLanguage":"fr-FR","potentialAction":[{"@type":"ReadAction","target":["https:\/\/megapets.eu\/fr\/accessoires\/sepia-os-de-seichepremium-gross-xxl\/"]}]},{"@type":"ImageObject","inLanguage":"fr-FR","@id":"https:\/\/megapets.eu\/fr\/accessoires\/sepia-os-de-seichepremium-gross-xxl\/#primaryimage","url":"https:\/\/megapets.eu\/wp-content\/uploads\/2024\/10\/kosc-matwy-premium-xxl-naturalna-WEBP.webp","contentUrl":"https:\/\/megapets.eu\/wp-content\/uploads\/2024\/10\/kosc-matwy-premium-xxl-naturalna-WEBP.webp","width":1200,"height":793},{"@type":"BreadcrumbList","@id":"https:\/\/megapets.eu\/fr\/accessoires\/sepia-os-de-seichepremium-gross-xxl\/#breadcrumb","itemListElement":[{"@type":"ListItem","position":1,"name":"Strona g\u0142\u00f3wna","item":"https:\/\/megapets.eu\/fr\/accueil\/"},{"@type":"ListItem","position":2,"name":"Boutique","item":"https:\/\/megapets.eu\/boutique\/"},{"@type":"ListItem","position":3,"name":"S\u00e9pia &#8211; os de seichePREMIUM GROSS &#8222;XXL\""}]},{"@type":"WebSite","@id":"https:\/\/megapets.eu\/fr\/#website","url":"https:\/\/megapets.eu\/fr\/","name":"Mega Pets","description":"Jedna z najwi\u0119kszych hodowli \u015blimak\u00f3w w Europie","publisher":{"@id":"https:\/\/megapets.eu\/fr\/#organization"},"alternateName":"Mega Pets","potentialAction":[{"@type":"SearchAction","target":{"@type":"EntryPoint","urlTemplate":"https:\/\/megapets.eu\/fr\/?s={search_term_string}"},"query-input":{"@type":"PropertyValueSpecification","valueRequired":true,"valueName":"search_term_string"}}],"inLanguage":"fr-FR"},{"@type":"Organization","@id":"https:\/\/megapets.eu\/fr\/#organization","name":"Mega Pets","url":"https:\/\/megapets.eu\/fr\/","logo":{"@type":"ImageObject","inLanguage":"fr-FR","@id":"https:\/\/megapets.eu\/fr\/#\/schema\/logo\/image\/","url":"https:\/\/megapets.eu\/wp-content\/uploads\/2025\/04\/megapets_eu-logo.png","contentUrl":"https:\/\/megapets.eu\/wp-content\/uploads\/2025\/04\/megapets_eu-logo.png","width":2362,"height":2362,"caption":"Mega Pets"},"image":{"@id":"https:\/\/megapets.eu\/fr\/#\/schema\/logo\/image\/"},"sameAs":["https:\/\/www.facebook.com\/MegaPets.eu\/"]}]}},"_links":{"self":[{"href":"https:\/\/megapets.eu\/fr\/wp-json\/wp\/v2\/product\/4677","targetHints":{"allow":["GET"]}}],"collection":[{"href":"https:\/\/megapets.eu\/fr\/wp-json\/wp\/v2\/product"}],"about":[{"href":"https:\/\/megapets.eu\/fr\/wp-json\/wp\/v2\/types\/product"}],"wp:featuredmedia":[{"embeddable":true,"href":"https:\/\/megapets.eu\/fr\/wp-json\/wp\/v2\/media\/11961"}],"wp:attachment":[{"href":"https:\/\/megapets.eu\/fr\/wp-json\/wp\/v2\/media?parent=4677"}],"wp:term":[{"taxonomy":"product_cat","embeddable":true,"href":"https:\/\/megapets.eu\/fr\/wp-json\/wp\/v2\/product_cat?post=4677"},{"taxonomy":"product_tag","embeddable":true,"href":"https:\/\/megapets.eu\/fr\/wp-json\/wp\/v2\/product_tag?post=4677"}],"curies":[{"name":"wp","href":"https:\/\/api.w.org\/{rel}","templated":true}]}}