{"id":4822,"date":"2025-06-10T11:59:52","date_gmt":"2025-06-10T11:59:52","guid":{"rendered":"https:\/\/megapets.eu\/?post_type=product&#038;p=4822"},"modified":"2025-06-10T12:04:43","modified_gmt":"2025-06-10T12:04:43","slug":"paquet-de-melange-dherbes-exotiques-40-g-kopia-kopia-kopia-kopia-kopia","status":"publish","type":"product","link":"https:\/\/megapets.eu\/fr\/accessoires\/paquet-de-melange-dherbes-exotiques-40-g-kopia-kopia-kopia-kopia-kopia\/","title":{"rendered":"Paquet de m\u00e9lange d&rsquo;herbes exotiques 40 g (Kopia) (Kopia) (Kopia) (Kopia) (Kopia)"},"content":{"rendered":"<p><strong><span style=\"color: #e87020; font-size: 15px;\"><em>Paquet de \u00ab\u00a0M\u00e9lange d&rsquo;herbes exotiques\u00a0\u00bb 40 g<\/em><\/span><\/strong><\/p>\n<p><strong><span style=\"color: #e87020; font-size: 15px;\"><em>Un paquet contient 40 g.<\/em><\/span><\/strong><\/p>\n<p><strong><span style=\"color: #e87020; font-size: 15px;\"><em>Le prix est pour 1 paquet.<\/em><\/span><\/strong><\/p>\n<p><em><span style=\"color: #424242;\"><strong><span style=\"font-size: 15px;\">Le paquet \u00ab\u00a0Exotic mix herb\u00a0\u00bb contient des herbes soigneusement s\u00e9lectionn\u00e9es, un compl\u00e9ment pr\u00e9cieux et naturel qui permet d&rsquo;enrichir l&rsquo;alimentation des escargots exotiques en fonction de leurs besoins en vitamines et en min\u00e9raux, des ingr\u00e9dients essentiels \u00e0 la sant\u00e9 des animaux de compagnie. <\/span><\/strong><\/span><\/em><em><span style=\"color: #424242;\"><strong><span style=\"font-size: 15px;\">Les herbes moulues et tamis\u00e9es produisent une poudre douce facile \u00e0 utiliser et \u00e0 doser.<\/span><\/strong><\/span><\/em><\/p>\n<p><em><span style=\"color: #424242;\"><strong><span style=\"font-size: 15px;\">Dosage : saupoudre une partie de la nourriture avec une petite quantit\u00e9 de poudre \u00ab\u00a0m\u00e9lange d&rsquo;herbes exotiques\u00a0\u00bb. Pour varier les plaisirs, lors de la prochaine distribution, il est pr\u00e9f\u00e9rable de faire une courte pause dans la distribution de \u00ab\u00a0Exotic mix herb\u00a0\u00bb et de proposer \u00e0 ton animal d&rsquo;autres types de compl\u00e9ments, comme le m\u00e9lange de c\u00e9r\u00e9ales \u00ab\u00a0Protein &amp; Vitamin\u00a0\u00bb ou le \u00ab\u00a0Gammarus\u00a0\u00bb moulu. <\/span><\/strong><\/span><\/em><\/p>\n<p><em><span style=\"color: #424242;\"><strong><span style=\"font-size: 15px;\">Nous recommandons des compl\u00e9ments capables de r\u00e9pondre aux besoins en nutriments pr\u00e9cieux des esp\u00e8ces les plus exigeantes : \u00ab\u00a0Protein &amp; Vitamin\u00a0\u00bb, m\u00e9lange d&rsquo;herbes exotiques, gammarus moulu. Il est recommand\u00e9 d&rsquo;utiliser les compl\u00e9ments en alternance, afin que l&rsquo;alimentation de ton animal reste vari\u00e9e et compl\u00e8te.<\/span><\/strong><\/span><\/em><\/p>\n","protected":false},"excerpt":{"rendered":"<ul class=\"product_attributes\">\n<li><span style=\"color: #555555;\">Contient :<\/span> des herbes soigneusement s\u00e9lectionn\u00e9es<\/li>\n<li><span style=\"color: #555555;\">L&#8217;emballage comprend :<\/span> 40 g<\/li>\n<li><span style=\"color: #555555;\">Le prix s&rsquo;applique \u00e0 :<\/span> 1 paquet.<\/li>\n<\/ul>\n","protected":false},"featured_media":4956,"template":"","meta":{"_acf_changed":false,"_links_to":"","_links_to_target":""},"product_cat":[112],"product_tag":[115,119,114,113],"class_list":{"0":"post-4822","1":"product","2":"type-product","3":"status-publish","4":"has-post-thumbnail","6":"product_cat-accessoires","7":"product_tag-pour-les-cafards","8":"product_tag-pour-les-escargots","9":"product_tag-pour-les-isopodes","10":"product_tag-pour-les-ruses","12":"first","13":"instock","14":"shipping-taxable","15":"purchasable","16":"product-type-simple"},"acf":[],"yoast_head":"<!-- This site is optimized with the Yoast SEO plugin v24.9 - https:\/\/yoast.com\/wordpress\/plugins\/seo\/ -->\n<title>Paquet de m\u00e9lange d&#039;herbes exotiques 40 g (Kopia) (Kopia) (Kopia) (Kopia) (Kopia) | MegaPets<\/title>\n<meta name=\"robots\" content=\"index, follow, max-snippet:-1, max-image-preview:large, max-video-preview:-1\" \/>\n<link rel=\"canonical\" href=\"https:\/\/megapets.eu\/fr\/accessoires\/paquet-de-melange-dherbes-exotiques-40-g-kopia-kopia-kopia-kopia-kopia\/\" \/>\n<meta property=\"og:locale\" content=\"fr_FR\" \/>\n<meta property=\"og:type\" content=\"article\" \/>\n<meta property=\"og:title\" content=\"Paquet de m\u00e9lange d&#039;herbes exotiques 40 g (Kopia) (Kopia) (Kopia) (Kopia) (Kopia) | MegaPets\" \/>\n<meta property=\"og:description\" content=\"Contient : des herbes soigneusement s\u00e9lectionn\u00e9es  L&#039;emballage comprend : 40 g  Le prix s&#039;applique \u00e0 : 1 paquet.\" \/>\n<meta property=\"og:url\" content=\"https:\/\/megapets.eu\/fr\/accessoires\/paquet-de-melange-dherbes-exotiques-40-g-kopia-kopia-kopia-kopia-kopia\/\" \/>\n<meta property=\"og:site_name\" content=\"MegaPets\" \/>\n<meta property=\"article:publisher\" content=\"https:\/\/www.facebook.com\/MegaPets.eu\/\" \/>\n<meta property=\"article:modified_time\" content=\"2025-06-10T12:04:43+00:00\" \/>\n<meta property=\"og:image\" content=\"https:\/\/megapets.eu\/wp-content\/uploads\/2025\/06\/Gammarus-123.png\" \/>\n\t<meta property=\"og:image:width\" content=\"1055\" \/>\n\t<meta property=\"og:image:height\" content=\"694\" \/>\n\t<meta property=\"og:image:type\" content=\"image\/png\" \/>\n<meta name=\"twitter:card\" content=\"summary_large_image\" \/>\n<meta name=\"twitter:label1\" content=\"Dur\u00e9e de lecture estim\u00e9e\" \/>\n\t<meta name=\"twitter:data1\" content=\"1 minute\" \/>\n<script type=\"application\/ld+json\" class=\"yoast-schema-graph\">{\"@context\":\"https:\/\/schema.org\",\"@graph\":[{\"@type\":\"WebPage\",\"@id\":\"https:\/\/megapets.eu\/fr\/accessoires\/paquet-de-melange-dherbes-exotiques-40-g-kopia-kopia-kopia-kopia-kopia\/\",\"url\":\"https:\/\/megapets.eu\/fr\/accessoires\/paquet-de-melange-dherbes-exotiques-40-g-kopia-kopia-kopia-kopia-kopia\/\",\"name\":\"Paquet de m\u00e9lange d'herbes exotiques 40 g (Kopia) (Kopia) (Kopia) (Kopia) (Kopia) | MegaPets\",\"isPartOf\":{\"@id\":\"https:\/\/megapets.eu\/fr\/#website\"},\"primaryImageOfPage\":{\"@id\":\"https:\/\/megapets.eu\/fr\/accessoires\/paquet-de-melange-dherbes-exotiques-40-g-kopia-kopia-kopia-kopia-kopia\/#primaryimage\"},\"image\":{\"@id\":\"https:\/\/megapets.eu\/fr\/accessoires\/paquet-de-melange-dherbes-exotiques-40-g-kopia-kopia-kopia-kopia-kopia\/#primaryimage\"},\"thumbnailUrl\":\"https:\/\/megapets.eu\/wp-content\/uploads\/2025\/06\/Gammarus-12345.png\",\"datePublished\":\"2025-06-10T11:59:52+00:00\",\"dateModified\":\"2025-06-10T12:04:43+00:00\",\"breadcrumb\":{\"@id\":\"https:\/\/megapets.eu\/fr\/accessoires\/paquet-de-melange-dherbes-exotiques-40-g-kopia-kopia-kopia-kopia-kopia\/#breadcrumb\"},\"inLanguage\":\"fr-FR\",\"potentialAction\":[{\"@type\":\"ReadAction\",\"target\":[\"https:\/\/megapets.eu\/fr\/accessoires\/paquet-de-melange-dherbes-exotiques-40-g-kopia-kopia-kopia-kopia-kopia\/\"]}]},{\"@type\":\"ImageObject\",\"inLanguage\":\"fr-FR\",\"@id\":\"https:\/\/megapets.eu\/fr\/accessoires\/paquet-de-melange-dherbes-exotiques-40-g-kopia-kopia-kopia-kopia-kopia\/#primaryimage\",\"url\":\"https:\/\/megapets.eu\/wp-content\/uploads\/2025\/06\/Gammarus-12345.png\",\"contentUrl\":\"https:\/\/megapets.eu\/wp-content\/uploads\/2025\/06\/Gammarus-12345.png\",\"width\":1053,\"height\":703},{\"@type\":\"BreadcrumbList\",\"@id\":\"https:\/\/megapets.eu\/fr\/accessoires\/paquet-de-melange-dherbes-exotiques-40-g-kopia-kopia-kopia-kopia-kopia\/#breadcrumb\",\"itemListElement\":[{\"@type\":\"ListItem\",\"position\":1,\"name\":\"Strona g\u0142\u00f3wna\",\"item\":\"https:\/\/megapets.eu\/fr\/accueil\/\"},{\"@type\":\"ListItem\",\"position\":2,\"name\":\"Boutique\",\"item\":\"https:\/\/megapets.eu\/boutique\/\"},{\"@type\":\"ListItem\",\"position\":3,\"name\":\"Paquet de m\u00e9lange d&#8217;herbes exotiques 40 g (Kopia) (Kopia) (Kopia) (Kopia) (Kopia)\"}]},{\"@type\":\"WebSite\",\"@id\":\"https:\/\/megapets.eu\/fr\/#website\",\"url\":\"https:\/\/megapets.eu\/fr\/\",\"name\":\"Mega Pets\",\"description\":\"Jedna z najwi\u0119kszych hodowli \u015blimak\u00f3w w Europie\",\"publisher\":{\"@id\":\"https:\/\/megapets.eu\/fr\/#organization\"},\"alternateName\":\"Mega Pets\",\"potentialAction\":[{\"@type\":\"SearchAction\",\"target\":{\"@type\":\"EntryPoint\",\"urlTemplate\":\"https:\/\/megapets.eu\/fr\/?s={search_term_string}\"},\"query-input\":{\"@type\":\"PropertyValueSpecification\",\"valueRequired\":true,\"valueName\":\"search_term_string\"}}],\"inLanguage\":\"fr-FR\"},{\"@type\":\"Organization\",\"@id\":\"https:\/\/megapets.eu\/fr\/#organization\",\"name\":\"Mega Pets\",\"url\":\"https:\/\/megapets.eu\/fr\/\",\"logo\":{\"@type\":\"ImageObject\",\"inLanguage\":\"fr-FR\",\"@id\":\"https:\/\/megapets.eu\/fr\/#\/schema\/logo\/image\/\",\"url\":\"https:\/\/megapets.eu\/wp-content\/uploads\/2025\/04\/megapets_eu-logo.png\",\"contentUrl\":\"https:\/\/megapets.eu\/wp-content\/uploads\/2025\/04\/megapets_eu-logo.png\",\"width\":2362,\"height\":2362,\"caption\":\"Mega Pets\"},\"image\":{\"@id\":\"https:\/\/megapets.eu\/fr\/#\/schema\/logo\/image\/\"},\"sameAs\":[\"https:\/\/www.facebook.com\/MegaPets.eu\/\"]}]}<\/script>\n<!-- \/ Yoast SEO plugin. -->","yoast_head_json":{"title":"Paquet de m\u00e9lange d'herbes exotiques 40 g (Kopia) (Kopia) (Kopia) (Kopia) (Kopia) | MegaPets","robots":{"index":"index","follow":"follow","max-snippet":"max-snippet:-1","max-image-preview":"max-image-preview:large","max-video-preview":"max-video-preview:-1"},"canonical":"https:\/\/megapets.eu\/fr\/accessoires\/paquet-de-melange-dherbes-exotiques-40-g-kopia-kopia-kopia-kopia-kopia\/","og_locale":"fr_FR","og_type":"article","og_title":"Paquet de m\u00e9lange d'herbes exotiques 40 g (Kopia) (Kopia) (Kopia) (Kopia) (Kopia) | MegaPets","og_description":"Contient : des herbes soigneusement s\u00e9lectionn\u00e9es  L'emballage comprend : 40 g  Le prix s'applique \u00e0 : 1 paquet.","og_url":"https:\/\/megapets.eu\/fr\/accessoires\/paquet-de-melange-dherbes-exotiques-40-g-kopia-kopia-kopia-kopia-kopia\/","og_site_name":"MegaPets","article_publisher":"https:\/\/www.facebook.com\/MegaPets.eu\/","article_modified_time":"2025-06-10T12:04:43+00:00","og_image":[{"width":1055,"height":694,"url":"https:\/\/megapets.eu\/wp-content\/uploads\/2025\/06\/Gammarus-123.png","type":"image\/png"}],"twitter_card":"summary_large_image","twitter_misc":{"Dur\u00e9e de lecture estim\u00e9e":"1 minute"},"schema":{"@context":"https:\/\/schema.org","@graph":[{"@type":"WebPage","@id":"https:\/\/megapets.eu\/fr\/accessoires\/paquet-de-melange-dherbes-exotiques-40-g-kopia-kopia-kopia-kopia-kopia\/","url":"https:\/\/megapets.eu\/fr\/accessoires\/paquet-de-melange-dherbes-exotiques-40-g-kopia-kopia-kopia-kopia-kopia\/","name":"Paquet de m\u00e9lange d'herbes exotiques 40 g (Kopia) (Kopia) (Kopia) (Kopia) (Kopia) | MegaPets","isPartOf":{"@id":"https:\/\/megapets.eu\/fr\/#website"},"primaryImageOfPage":{"@id":"https:\/\/megapets.eu\/fr\/accessoires\/paquet-de-melange-dherbes-exotiques-40-g-kopia-kopia-kopia-kopia-kopia\/#primaryimage"},"image":{"@id":"https:\/\/megapets.eu\/fr\/accessoires\/paquet-de-melange-dherbes-exotiques-40-g-kopia-kopia-kopia-kopia-kopia\/#primaryimage"},"thumbnailUrl":"https:\/\/megapets.eu\/wp-content\/uploads\/2025\/06\/Gammarus-12345.png","datePublished":"2025-06-10T11:59:52+00:00","dateModified":"2025-06-10T12:04:43+00:00","breadcrumb":{"@id":"https:\/\/megapets.eu\/fr\/accessoires\/paquet-de-melange-dherbes-exotiques-40-g-kopia-kopia-kopia-kopia-kopia\/#breadcrumb"},"inLanguage":"fr-FR","potentialAction":[{"@type":"ReadAction","target":["https:\/\/megapets.eu\/fr\/accessoires\/paquet-de-melange-dherbes-exotiques-40-g-kopia-kopia-kopia-kopia-kopia\/"]}]},{"@type":"ImageObject","inLanguage":"fr-FR","@id":"https:\/\/megapets.eu\/fr\/accessoires\/paquet-de-melange-dherbes-exotiques-40-g-kopia-kopia-kopia-kopia-kopia\/#primaryimage","url":"https:\/\/megapets.eu\/wp-content\/uploads\/2025\/06\/Gammarus-12345.png","contentUrl":"https:\/\/megapets.eu\/wp-content\/uploads\/2025\/06\/Gammarus-12345.png","width":1053,"height":703},{"@type":"BreadcrumbList","@id":"https:\/\/megapets.eu\/fr\/accessoires\/paquet-de-melange-dherbes-exotiques-40-g-kopia-kopia-kopia-kopia-kopia\/#breadcrumb","itemListElement":[{"@type":"ListItem","position":1,"name":"Strona g\u0142\u00f3wna","item":"https:\/\/megapets.eu\/fr\/accueil\/"},{"@type":"ListItem","position":2,"name":"Boutique","item":"https:\/\/megapets.eu\/boutique\/"},{"@type":"ListItem","position":3,"name":"Paquet de m\u00e9lange d&#8217;herbes exotiques 40 g (Kopia) (Kopia) (Kopia) (Kopia) (Kopia)"}]},{"@type":"WebSite","@id":"https:\/\/megapets.eu\/fr\/#website","url":"https:\/\/megapets.eu\/fr\/","name":"Mega Pets","description":"Jedna z najwi\u0119kszych hodowli \u015blimak\u00f3w w Europie","publisher":{"@id":"https:\/\/megapets.eu\/fr\/#organization"},"alternateName":"Mega Pets","potentialAction":[{"@type":"SearchAction","target":{"@type":"EntryPoint","urlTemplate":"https:\/\/megapets.eu\/fr\/?s={search_term_string}"},"query-input":{"@type":"PropertyValueSpecification","valueRequired":true,"valueName":"search_term_string"}}],"inLanguage":"fr-FR"},{"@type":"Organization","@id":"https:\/\/megapets.eu\/fr\/#organization","name":"Mega Pets","url":"https:\/\/megapets.eu\/fr\/","logo":{"@type":"ImageObject","inLanguage":"fr-FR","@id":"https:\/\/megapets.eu\/fr\/#\/schema\/logo\/image\/","url":"https:\/\/megapets.eu\/wp-content\/uploads\/2025\/04\/megapets_eu-logo.png","contentUrl":"https:\/\/megapets.eu\/wp-content\/uploads\/2025\/04\/megapets_eu-logo.png","width":2362,"height":2362,"caption":"Mega Pets"},"image":{"@id":"https:\/\/megapets.eu\/fr\/#\/schema\/logo\/image\/"},"sameAs":["https:\/\/www.facebook.com\/MegaPets.eu\/"]}]}},"_links":{"self":[{"href":"https:\/\/megapets.eu\/fr\/wp-json\/wp\/v2\/product\/4822","targetHints":{"allow":["GET"]}}],"collection":[{"href":"https:\/\/megapets.eu\/fr\/wp-json\/wp\/v2\/product"}],"about":[{"href":"https:\/\/megapets.eu\/fr\/wp-json\/wp\/v2\/types\/product"}],"wp:featuredmedia":[{"embeddable":true,"href":"https:\/\/megapets.eu\/fr\/wp-json\/wp\/v2\/media\/4956"}],"wp:attachment":[{"href":"https:\/\/megapets.eu\/fr\/wp-json\/wp\/v2\/media?parent=4822"}],"wp:term":[{"taxonomy":"product_cat","embeddable":true,"href":"https:\/\/megapets.eu\/fr\/wp-json\/wp\/v2\/product_cat?post=4822"},{"taxonomy":"product_tag","embeddable":true,"href":"https:\/\/megapets.eu\/fr\/wp-json\/wp\/v2\/product_tag?post=4822"}],"curies":[{"name":"wp","href":"https:\/\/api.w.org\/{rel}","templated":true}]}}