{"id":9351,"date":"2025-06-28T06:51:42","date_gmt":"2025-06-28T06:51:42","guid":{"rendered":"https:\/\/megapets.eu\/?post_type=product&#038;p=9351"},"modified":"2025-08-07T12:43:17","modified_gmt":"2025-08-07T12:43:17","slug":"archachatina-marginata-ovum-xxlstandard-paire-p10-kopia","status":"publish","type":"product","link":"https:\/\/megapets.eu\/fr\/escargots\/archachatina-marginata-ovum-xxlstandard-paire-p10-kopia\/","title":{"rendered":"Archachatina marginata ovum XXL <br> standard\/paire P11"},"content":{"rendered":"<p class=\"v1v1v1v1MsoNormal\"><span style=\"color: #424242; font-size: 15px;\"><em><span style=\"color: #000000;\"><strong>Genre:<\/strong> <\/span><\/em><span style=\"color: #000000;\"><em>Archachatina marginata ovum (L. Pfeiffer, 1858)<\/em><\/span><em><br \/>\n<strong><span style=\"color: #000000;\">D\u00e9signation sp\u00e9ciale de la ligne&nbsp;: <\/span><\/strong><\/em> <em><span style=\"color: #000000;\">\u00ab&nbsp;XXL\u00a0\u00bbVari\u00e9t\u00e9<\/span><\/em> <em><br \/>\n<span style=\"color: #000000;\">de <strong>couleur<\/strong>&nbsp;:<\/span><\/em> <em><span style=\"color: #000000;\">  standard<\/span><\/em><\/span><\/p>\n<p style=\"text-align: left;\"><span style=\"font-size: 15px;\"><span style=\"color: #000000;\"><em><img loading=\"lazy\" decoding=\"async\" class=\"\" src=\"https:\/\/static.xx.fbcdn.net\/images\/emoji.php\/v9\/ta\/1\/32\/1f525.png\" alt=\"\ud83d\udd25\" width=\"18\" height=\"18\"> <\/em><\/span><em style=\"color: #000000;\"><span style=\"color: #008000;\"><span style=\"color: #424242;\"><span style=\"color: #993300;\">L\u2019un des plus grands escargots terrestres, les g\u00e9ants incontest\u00e9s Archachatina marginata ovum XXL, dans la vari\u00e9t\u00e9 de couleur standard, s\u00e9duisent au premier coup d\u2019\u0153il par leur taille colossale. Connus des amateurs d\u2019escargots, les g\u00e9ants bruns atteignent des dimensions impressionnantes \u2013 plus de 16 cm de coquilles. Cependant, ce n\u2019est pas la limite, il existe \u00e9galement des sp\u00e9cimens de taille exceptionnelle, allant de 18 \u00e0 20 cm. Les coquilles des vrais g\u00e9ants sont tr\u00e8s larges et massives, et un escargot de cette esp\u00e8ce p\u00e8se plus d\u2019un demi-kilogramme.   <\/span><\/span><\/span><\/em><\/span><\/p>\n<p style=\"text-align: left;\"><span style=\"color: #000000; font-size: 15px;\"><em><span class=\"x1xsqp64 xiy17q3 x1o6pynw x19co3pv xdj266r xcwd3tp xat24cr x39eecv x2b8uid\" data-testid=\"emoji\"><span class=\"xexx8yu xn5pp95 x18d9i69 x2fxd7x x3jgonx x1bhl96m\"><img loading=\"lazy\" decoding=\"async\" class=\"\" src=\"https:\/\/static.xx.fbcdn.net\/images\/emoji.php\/v9\/t66\/1\/32\/1f4cc.png\" alt=\"\ud83d\udccc\" width=\"18\" height=\"18\">  La coquille mate n\u2019a pas une palette de couleurs uniforme &#8211; elle pr\u00e9sente une \u00e9chelle allant du jaune, de l\u2019orange, du brun au noir et leurs nuances d\u2019intensit\u00e9 et de saturation variables. L\u2019arri\u00e8re-plan des coquilles est dens\u00e9ment parsem\u00e9 de rayures, de zigzags et de taches distinctes. Les rayures, les zigzags et les taches sont parfois si dens\u00e9ment espac\u00e9s qu\u2019ils peuvent presque enti\u00e8rement couvrir la bobine corporelle de la coquille et lui donner une couleur brun-orange fonc\u00e9, ou assombrir consid\u00e9rablement la coquille en d\u2019intenses teintes brun-noir.  <\/span><\/span><\/em><\/span><\/p>\n<p style=\"text-align: left;\"><span style=\"color: #000000; font-size: 15px;\"><em><img loading=\"lazy\" decoding=\"async\" class=\"xz74otr\" src=\"https:\/\/static.xx.fbcdn.net\/images\/emoji.php\/v9\/t1e\/1\/16\/1f33f.png\" alt=\"\ud83c\udf3f\" width=\"18\" height=\"18\"> <span style=\"color: #008000;\">Comme la plupart des esp\u00e8ces du genre Archachatina, ces escargots sont peu exigeants et se d\u00e9veloppent bien dans des conditions de logement de base.<\/span><\/em><\/span><\/p>\n","protected":false},"excerpt":{"rendered":"<ul>\n<li>D\u2019un couple non apparent\u00e9 :\n<ul>\n<li>P11<\/li>\n<\/ul>\n<\/li>\n<li>Taille de la coque cible :\n<ul>\n<li>env. 16 cm et plus <\/li>\n<\/ul>\n<\/li>\n<li>Offert aux mineurs :\n<ul>\n<li>env. 5 cm <\/li>\n<\/ul>\n<\/li>\n<li>Le prix s\u2019applique \u00e0 :\n<ul>\n<li>1 pi\u00e8ce<\/li>\n<\/ul>\n<\/li>\n<\/ul>\n","protected":false},"featured_media":9372,"template":"","meta":{"_acf_changed":false,"_links_to":"","_links_to_target":""},"product_cat":[107],"product_tag":[],"class_list":{"0":"post-9351","1":"product","2":"type-product","3":"status-publish","4":"has-post-thumbnail","6":"product_cat-escargots","8":"first","9":"instock","10":"shipping-taxable","11":"purchasable","12":"product-type-simple"},"acf":[],"yoast_head":"<!-- This site is optimized with the Yoast SEO plugin v24.9 - https:\/\/yoast.com\/wordpress\/plugins\/seo\/ -->\n<title>Archachatina marginata ovum XXL  standard\/paire P11 | MegaPets<\/title>\n<meta name=\"robots\" content=\"index, follow, max-snippet:-1, max-image-preview:large, max-video-preview:-1\" \/>\n<link rel=\"canonical\" href=\"https:\/\/megapets.eu\/fr\/escargots\/archachatina-marginata-ovum-xxlstandard-paire-p10-kopia\/\" \/>\n<meta property=\"og:locale\" content=\"fr_FR\" \/>\n<meta property=\"og:type\" content=\"article\" \/>\n<meta property=\"og:title\" content=\"Archachatina marginata ovum XXL  standard\/paire P11 | MegaPets\" \/>\n<meta property=\"og:description\" content=\"D\u2019un couple non apparent\u00e9 :  P11   Taille de la coque cible :  env. 16 cm et plus   Offert aux mineurs :  env. 5 cm   Le prix s\u2019applique \u00e0 :  1 pi\u00e8ce\" \/>\n<meta property=\"og:url\" content=\"https:\/\/megapets.eu\/fr\/escargots\/archachatina-marginata-ovum-xxlstandard-paire-p10-kopia\/\" \/>\n<meta property=\"og:site_name\" content=\"MegaPets\" \/>\n<meta property=\"article:publisher\" content=\"https:\/\/www.facebook.com\/MegaPets.eu\/\" \/>\n<meta property=\"article:modified_time\" content=\"2025-08-07T12:43:17+00:00\" \/>\n<meta property=\"og:image\" content=\"https:\/\/megapets.eu\/wp-content\/uploads\/2025\/06\/33-Hulk-P11.png\" \/>\n\t<meta property=\"og:image:width\" content=\"1037\" \/>\n\t<meta property=\"og:image:height\" content=\"685\" \/>\n\t<meta property=\"og:image:type\" content=\"image\/png\" \/>\n<meta name=\"twitter:card\" content=\"summary_large_image\" \/>\n<meta name=\"twitter:label1\" content=\"Dur\u00e9e de lecture estim\u00e9e\" \/>\n\t<meta name=\"twitter:data1\" content=\"1 minute\" \/>\n<script type=\"application\/ld+json\" class=\"yoast-schema-graph\">{\"@context\":\"https:\/\/schema.org\",\"@graph\":[{\"@type\":\"WebPage\",\"@id\":\"https:\/\/megapets.eu\/fr\/escargots\/archachatina-marginata-ovum-xxlstandard-paire-p10-kopia\/\",\"url\":\"https:\/\/megapets.eu\/fr\/escargots\/archachatina-marginata-ovum-xxlstandard-paire-p10-kopia\/\",\"name\":\"Archachatina marginata ovum XXL standard\/paire P11 | MegaPets\",\"isPartOf\":{\"@id\":\"https:\/\/megapets.eu\/fr\/#website\"},\"primaryImageOfPage\":{\"@id\":\"https:\/\/megapets.eu\/fr\/escargots\/archachatina-marginata-ovum-xxlstandard-paire-p10-kopia\/#primaryimage\"},\"image\":{\"@id\":\"https:\/\/megapets.eu\/fr\/escargots\/archachatina-marginata-ovum-xxlstandard-paire-p10-kopia\/#primaryimage\"},\"thumbnailUrl\":\"https:\/\/megapets.eu\/wp-content\/uploads\/2025\/06\/33-Hulk-P11.png\",\"datePublished\":\"2025-06-28T06:51:42+00:00\",\"dateModified\":\"2025-08-07T12:43:17+00:00\",\"breadcrumb\":{\"@id\":\"https:\/\/megapets.eu\/fr\/escargots\/archachatina-marginata-ovum-xxlstandard-paire-p10-kopia\/#breadcrumb\"},\"inLanguage\":\"fr-FR\",\"potentialAction\":[{\"@type\":\"ReadAction\",\"target\":[\"https:\/\/megapets.eu\/fr\/escargots\/archachatina-marginata-ovum-xxlstandard-paire-p10-kopia\/\"]}]},{\"@type\":\"ImageObject\",\"inLanguage\":\"fr-FR\",\"@id\":\"https:\/\/megapets.eu\/fr\/escargots\/archachatina-marginata-ovum-xxlstandard-paire-p10-kopia\/#primaryimage\",\"url\":\"https:\/\/megapets.eu\/wp-content\/uploads\/2025\/06\/33-Hulk-P11.png\",\"contentUrl\":\"https:\/\/megapets.eu\/wp-content\/uploads\/2025\/06\/33-Hulk-P11.png\",\"width\":1037,\"height\":685},{\"@type\":\"BreadcrumbList\",\"@id\":\"https:\/\/megapets.eu\/fr\/escargots\/archachatina-marginata-ovum-xxlstandard-paire-p10-kopia\/#breadcrumb\",\"itemListElement\":[{\"@type\":\"ListItem\",\"position\":1,\"name\":\"Strona g\u0142\u00f3wna\",\"item\":\"https:\/\/megapets.eu\/fr\/accueil\/\"},{\"@type\":\"ListItem\",\"position\":2,\"name\":\"Boutique\",\"item\":\"https:\/\/megapets.eu\/boutique\/\"},{\"@type\":\"ListItem\",\"position\":3,\"name\":\"Archachatina marginata ovum XXL standard\/paire P11\"}]},{\"@type\":\"WebSite\",\"@id\":\"https:\/\/megapets.eu\/fr\/#website\",\"url\":\"https:\/\/megapets.eu\/fr\/\",\"name\":\"Mega Pets\",\"description\":\"Jedna z najwi\u0119kszych hodowli \u015blimak\u00f3w w Europie\",\"publisher\":{\"@id\":\"https:\/\/megapets.eu\/fr\/#organization\"},\"alternateName\":\"Mega Pets\",\"potentialAction\":[{\"@type\":\"SearchAction\",\"target\":{\"@type\":\"EntryPoint\",\"urlTemplate\":\"https:\/\/megapets.eu\/fr\/?s={search_term_string}\"},\"query-input\":{\"@type\":\"PropertyValueSpecification\",\"valueRequired\":true,\"valueName\":\"search_term_string\"}}],\"inLanguage\":\"fr-FR\"},{\"@type\":\"Organization\",\"@id\":\"https:\/\/megapets.eu\/fr\/#organization\",\"name\":\"Mega Pets\",\"url\":\"https:\/\/megapets.eu\/fr\/\",\"logo\":{\"@type\":\"ImageObject\",\"inLanguage\":\"fr-FR\",\"@id\":\"https:\/\/megapets.eu\/fr\/#\/schema\/logo\/image\/\",\"url\":\"https:\/\/megapets.eu\/wp-content\/uploads\/2025\/04\/megapets_eu-logo.png\",\"contentUrl\":\"https:\/\/megapets.eu\/wp-content\/uploads\/2025\/04\/megapets_eu-logo.png\",\"width\":2362,\"height\":2362,\"caption\":\"Mega Pets\"},\"image\":{\"@id\":\"https:\/\/megapets.eu\/fr\/#\/schema\/logo\/image\/\"},\"sameAs\":[\"https:\/\/www.facebook.com\/MegaPets.eu\/\"]}]}<\/script>\n<!-- \/ Yoast SEO plugin. -->","yoast_head_json":{"title":"Archachatina marginata ovum XXL  standard\/paire P11 | MegaPets","robots":{"index":"index","follow":"follow","max-snippet":"max-snippet:-1","max-image-preview":"max-image-preview:large","max-video-preview":"max-video-preview:-1"},"canonical":"https:\/\/megapets.eu\/fr\/escargots\/archachatina-marginata-ovum-xxlstandard-paire-p10-kopia\/","og_locale":"fr_FR","og_type":"article","og_title":"Archachatina marginata ovum XXL  standard\/paire P11 | MegaPets","og_description":"D\u2019un couple non apparent\u00e9 :  P11   Taille de la coque cible :  env. 16 cm et plus   Offert aux mineurs :  env. 5 cm   Le prix s\u2019applique \u00e0 :  1 pi\u00e8ce","og_url":"https:\/\/megapets.eu\/fr\/escargots\/archachatina-marginata-ovum-xxlstandard-paire-p10-kopia\/","og_site_name":"MegaPets","article_publisher":"https:\/\/www.facebook.com\/MegaPets.eu\/","article_modified_time":"2025-08-07T12:43:17+00:00","og_image":[{"width":1037,"height":685,"url":"https:\/\/megapets.eu\/wp-content\/uploads\/2025\/06\/33-Hulk-P11.png","type":"image\/png"}],"twitter_card":"summary_large_image","twitter_misc":{"Dur\u00e9e de lecture estim\u00e9e":"1 minute"},"schema":{"@context":"https:\/\/schema.org","@graph":[{"@type":"WebPage","@id":"https:\/\/megapets.eu\/fr\/escargots\/archachatina-marginata-ovum-xxlstandard-paire-p10-kopia\/","url":"https:\/\/megapets.eu\/fr\/escargots\/archachatina-marginata-ovum-xxlstandard-paire-p10-kopia\/","name":"Archachatina marginata ovum XXL standard\/paire P11 | MegaPets","isPartOf":{"@id":"https:\/\/megapets.eu\/fr\/#website"},"primaryImageOfPage":{"@id":"https:\/\/megapets.eu\/fr\/escargots\/archachatina-marginata-ovum-xxlstandard-paire-p10-kopia\/#primaryimage"},"image":{"@id":"https:\/\/megapets.eu\/fr\/escargots\/archachatina-marginata-ovum-xxlstandard-paire-p10-kopia\/#primaryimage"},"thumbnailUrl":"https:\/\/megapets.eu\/wp-content\/uploads\/2025\/06\/33-Hulk-P11.png","datePublished":"2025-06-28T06:51:42+00:00","dateModified":"2025-08-07T12:43:17+00:00","breadcrumb":{"@id":"https:\/\/megapets.eu\/fr\/escargots\/archachatina-marginata-ovum-xxlstandard-paire-p10-kopia\/#breadcrumb"},"inLanguage":"fr-FR","potentialAction":[{"@type":"ReadAction","target":["https:\/\/megapets.eu\/fr\/escargots\/archachatina-marginata-ovum-xxlstandard-paire-p10-kopia\/"]}]},{"@type":"ImageObject","inLanguage":"fr-FR","@id":"https:\/\/megapets.eu\/fr\/escargots\/archachatina-marginata-ovum-xxlstandard-paire-p10-kopia\/#primaryimage","url":"https:\/\/megapets.eu\/wp-content\/uploads\/2025\/06\/33-Hulk-P11.png","contentUrl":"https:\/\/megapets.eu\/wp-content\/uploads\/2025\/06\/33-Hulk-P11.png","width":1037,"height":685},{"@type":"BreadcrumbList","@id":"https:\/\/megapets.eu\/fr\/escargots\/archachatina-marginata-ovum-xxlstandard-paire-p10-kopia\/#breadcrumb","itemListElement":[{"@type":"ListItem","position":1,"name":"Strona g\u0142\u00f3wna","item":"https:\/\/megapets.eu\/fr\/accueil\/"},{"@type":"ListItem","position":2,"name":"Boutique","item":"https:\/\/megapets.eu\/boutique\/"},{"@type":"ListItem","position":3,"name":"Archachatina marginata ovum XXL standard\/paire P11"}]},{"@type":"WebSite","@id":"https:\/\/megapets.eu\/fr\/#website","url":"https:\/\/megapets.eu\/fr\/","name":"Mega Pets","description":"Jedna z najwi\u0119kszych hodowli \u015blimak\u00f3w w Europie","publisher":{"@id":"https:\/\/megapets.eu\/fr\/#organization"},"alternateName":"Mega Pets","potentialAction":[{"@type":"SearchAction","target":{"@type":"EntryPoint","urlTemplate":"https:\/\/megapets.eu\/fr\/?s={search_term_string}"},"query-input":{"@type":"PropertyValueSpecification","valueRequired":true,"valueName":"search_term_string"}}],"inLanguage":"fr-FR"},{"@type":"Organization","@id":"https:\/\/megapets.eu\/fr\/#organization","name":"Mega Pets","url":"https:\/\/megapets.eu\/fr\/","logo":{"@type":"ImageObject","inLanguage":"fr-FR","@id":"https:\/\/megapets.eu\/fr\/#\/schema\/logo\/image\/","url":"https:\/\/megapets.eu\/wp-content\/uploads\/2025\/04\/megapets_eu-logo.png","contentUrl":"https:\/\/megapets.eu\/wp-content\/uploads\/2025\/04\/megapets_eu-logo.png","width":2362,"height":2362,"caption":"Mega Pets"},"image":{"@id":"https:\/\/megapets.eu\/fr\/#\/schema\/logo\/image\/"},"sameAs":["https:\/\/www.facebook.com\/MegaPets.eu\/"]}]}},"_links":{"self":[{"href":"https:\/\/megapets.eu\/fr\/wp-json\/wp\/v2\/product\/9351","targetHints":{"allow":["GET"]}}],"collection":[{"href":"https:\/\/megapets.eu\/fr\/wp-json\/wp\/v2\/product"}],"about":[{"href":"https:\/\/megapets.eu\/fr\/wp-json\/wp\/v2\/types\/product"}],"wp:featuredmedia":[{"embeddable":true,"href":"https:\/\/megapets.eu\/fr\/wp-json\/wp\/v2\/media\/9372"}],"wp:attachment":[{"href":"https:\/\/megapets.eu\/fr\/wp-json\/wp\/v2\/media?parent=9351"}],"wp:term":[{"taxonomy":"product_cat","embeddable":true,"href":"https:\/\/megapets.eu\/fr\/wp-json\/wp\/v2\/product_cat?post=9351"},{"taxonomy":"product_tag","embeddable":true,"href":"https:\/\/megapets.eu\/fr\/wp-json\/wp\/v2\/product_tag?post=9351"}],"curies":[{"name":"wp","href":"https:\/\/api.w.org\/{rel}","templated":true}]}}