{"id":9543,"date":"2025-07-08T11:44:18","date_gmt":"2025-07-08T11:44:18","guid":{"rendered":"https:\/\/megapets.eu\/?post_type=product&#038;p=9543"},"modified":"2025-07-15T06:51:20","modified_gmt":"2025-07-15T06:51:20","slug":"spiropoeus-fischericrocodile-noir-geant-kopia","status":"publish","type":"product","link":"https:\/\/megapets.eu\/fr\/miriapodes-fr\/spiropoeus-fischericrocodile-noir-geant-kopia\/","title":{"rendered":"Spiropoeus fischeri<br>\u00ab&nbsp;Mille-pattes noir g\u00e9ant&nbsp;\u00bb"},"content":{"rendered":"<p class=\"v1v1v1v1MsoNormal\"><span style=\"color: #333333;\"><strong><em><span style=\"font-size: 15px;\">Esp\u00e8ce&nbsp;: <\/span><\/em><\/strong><\/span><span style=\"color: #000000;\"><strong><em><span style=\"font-size: 15px;\">Mille-pattes Spiropoeus fischeri \u00ab&nbsp;Mille-pattes noir g\u00e9ant&nbsp;\u00bb. <\/span><\/em><\/strong><\/span> <\/p>\n<p class=\"v1v1v1v1MsoNormal\"><span style=\"color: #333333;\"><strong><em><span style=\"font-size: 15px;\">Faciles \u00e0 entretenir, ils sont donc parfaits pour les d\u00e9butants.<\/span><\/em><\/strong><\/span><\/p>\n<p><span style=\"font-size: 15px;\"><em><strong><span style=\"color: #000000;\"><span style=\"color: #333333;\">Spiropoeus fischeri g\u00e9ant<\/span> C\ud83d\udda4Z\ud83d\udda4A\ud83d\udda4R\ud83d\udda4N\ud83d\udda4Y <\/span><span style=\"color: #333333;\">mille-pattes, taille adulte cible d\u2019environ 20 cm.<\/span><\/strong><\/em><\/span><\/p>\n<p><strong style=\"color: #424242;\"><em><span style=\"font-size: 15px;\"><span style=\"color: #424242;\"><span class=\"x1xsqp64 xiy17q3 x1o6pynw x19co3pv xdj266r xcwd3tp xat24cr x39eecv x2b8uid\" data-testid=\"emoji\"><span class=\"xexx8yu xn5pp95 x18d9i69 x2fxd7x x3jgonx x1bhl96m\">\ud83d\udda4\ud83d\udda4\ud83d\udda4  <\/span><\/span><\/span><\/span><span style=\"font-size: 15px;\"><span style=\"color: #424242;\"><strong><span style=\"color: #333333;\">Vous cherchez quelque chose d\u2019amusant \u00e0 \u00e9lever pour commencer ?<\/span> <\/strong><\/span> <span style=\"color: #000000;\"><strong>Mille-pattes Spiropoeus fischeri<\/strong><strong> <\/strong>Ce sont des cr\u00e9atures belles et faciles \u00e0 entretenir, totalement sans danger pour les humains, elles ne mordent pas. Ils ont des m\u00e2choires faibles qui sont adapt\u00e9es pour \u00e9craser les mati\u00e8res v\u00e9g\u00e9tales. Les mille-pattes pr\u00e9f\u00e8rent les endroits humides, vivent dans la couche sup\u00e9rieure du substrat et se nourrissent de feuilles, substrat \u00e0 plusieurs composants destin\u00e9 \u00e0 l\u2019\u00e9levage des mille-pattes, ainsi que de l\u00e9gumes et de fruits.    <\/span><\/span><\/em><\/strong><\/p>\n","protected":false},"excerpt":{"rendered":"<ul>\n<li>Taille cible :\n<ul>\n<li>env. 20 cm <\/li>\n<\/ul>\n<\/li>\n<li>Individuel offert :\n<ul>\n<li>env. 10-15 cm <\/li>\n<\/ul>\n<\/li>\n<li>Le prix s\u2019applique \u00e0 :\n<ul>\n<li>1 pi\u00e8ce<\/li>\n<\/ul>\n<\/li>\n<\/ul>\n","protected":false},"featured_media":4523,"template":"","meta":{"_acf_changed":false,"_links_to":"","_links_to_target":""},"product_cat":[108],"product_tag":[],"class_list":{"0":"post-9543","1":"product","2":"type-product","3":"status-publish","4":"has-post-thumbnail","6":"product_cat-miriapodes-fr","8":"first","9":"outofstock","10":"shipping-taxable","11":"purchasable","12":"product-type-simple"},"acf":[],"yoast_head":"<!-- This site is optimized with the Yoast SEO plugin v24.9 - https:\/\/yoast.com\/wordpress\/plugins\/seo\/ -->\n<title>Spiropoeus fischeri\u00ab&nbsp;Mille-pattes noir g\u00e9ant&nbsp;\u00bb | MegaPets<\/title>\n<meta name=\"robots\" content=\"index, follow, max-snippet:-1, max-image-preview:large, max-video-preview:-1\" \/>\n<link rel=\"canonical\" href=\"https:\/\/megapets.eu\/fr\/miriapodes-fr\/spiropoeus-fischericrocodile-noir-geant-kopia\/\" \/>\n<meta property=\"og:locale\" content=\"fr_FR\" \/>\n<meta property=\"og:type\" content=\"article\" \/>\n<meta property=\"og:title\" content=\"Spiropoeus fischeri\u00ab&nbsp;Mille-pattes noir g\u00e9ant&nbsp;\u00bb | MegaPets\" \/>\n<meta property=\"og:description\" content=\"Taille cible :  env. 20 cm   Individuel offert :  env. 10-15 cm   Le prix s\u2019applique \u00e0 :  1 pi\u00e8ce\" \/>\n<meta property=\"og:url\" content=\"https:\/\/megapets.eu\/fr\/miriapodes-fr\/spiropoeus-fischericrocodile-noir-geant-kopia\/\" \/>\n<meta property=\"og:site_name\" content=\"MegaPets\" \/>\n<meta property=\"article:publisher\" content=\"https:\/\/www.facebook.com\/MegaPets.eu\/\" \/>\n<meta property=\"article:modified_time\" content=\"2025-07-15T06:51:20+00:00\" \/>\n<meta property=\"og:image\" content=\"https:\/\/megapets.eu\/wp-content\/uploads\/2024\/10\/IMG_20220926_125351-scaled.jpg\" \/>\n\t<meta property=\"og:image:width\" content=\"2560\" \/>\n\t<meta property=\"og:image:height\" content=\"1706\" \/>\n\t<meta property=\"og:image:type\" content=\"image\/jpeg\" \/>\n<meta name=\"twitter:card\" content=\"summary_large_image\" \/>\n<meta name=\"twitter:label1\" content=\"Dur\u00e9e de lecture estim\u00e9e\" \/>\n\t<meta name=\"twitter:data1\" content=\"1 minute\" \/>\n<script type=\"application\/ld+json\" class=\"yoast-schema-graph\">{\"@context\":\"https:\/\/schema.org\",\"@graph\":[{\"@type\":\"WebPage\",\"@id\":\"https:\/\/megapets.eu\/fr\/miriapodes-fr\/spiropoeus-fischericrocodile-noir-geant-kopia\/\",\"url\":\"https:\/\/megapets.eu\/fr\/miriapodes-fr\/spiropoeus-fischericrocodile-noir-geant-kopia\/\",\"name\":\"Spiropoeus fischeri \u00ab&nbsp;Mille-pattes noir g\u00e9ant&nbsp;\u00bb | MegaPets\",\"isPartOf\":{\"@id\":\"https:\/\/megapets.eu\/fr\/#website\"},\"primaryImageOfPage\":{\"@id\":\"https:\/\/megapets.eu\/fr\/miriapodes-fr\/spiropoeus-fischericrocodile-noir-geant-kopia\/#primaryimage\"},\"image\":{\"@id\":\"https:\/\/megapets.eu\/fr\/miriapodes-fr\/spiropoeus-fischericrocodile-noir-geant-kopia\/#primaryimage\"},\"thumbnailUrl\":\"https:\/\/megapets.eu\/wp-content\/uploads\/2024\/10\/IMG_20220926_125351-scaled.jpg\",\"datePublished\":\"2025-07-08T11:44:18+00:00\",\"dateModified\":\"2025-07-15T06:51:20+00:00\",\"breadcrumb\":{\"@id\":\"https:\/\/megapets.eu\/fr\/miriapodes-fr\/spiropoeus-fischericrocodile-noir-geant-kopia\/#breadcrumb\"},\"inLanguage\":\"fr-FR\",\"potentialAction\":[{\"@type\":\"ReadAction\",\"target\":[\"https:\/\/megapets.eu\/fr\/miriapodes-fr\/spiropoeus-fischericrocodile-noir-geant-kopia\/\"]}]},{\"@type\":\"ImageObject\",\"inLanguage\":\"fr-FR\",\"@id\":\"https:\/\/megapets.eu\/fr\/miriapodes-fr\/spiropoeus-fischericrocodile-noir-geant-kopia\/#primaryimage\",\"url\":\"https:\/\/megapets.eu\/wp-content\/uploads\/2024\/10\/IMG_20220926_125351-scaled.jpg\",\"contentUrl\":\"https:\/\/megapets.eu\/wp-content\/uploads\/2024\/10\/IMG_20220926_125351-scaled.jpg\",\"width\":2560,\"height\":1706},{\"@type\":\"BreadcrumbList\",\"@id\":\"https:\/\/megapets.eu\/fr\/miriapodes-fr\/spiropoeus-fischericrocodile-noir-geant-kopia\/#breadcrumb\",\"itemListElement\":[{\"@type\":\"ListItem\",\"position\":1,\"name\":\"Strona g\u0142\u00f3wna\",\"item\":\"https:\/\/megapets.eu\/fr\/accueil\/\"},{\"@type\":\"ListItem\",\"position\":2,\"name\":\"Boutique\",\"item\":\"https:\/\/megapets.eu\/boutique\/\"},{\"@type\":\"ListItem\",\"position\":3,\"name\":\"Spiropoeus fischeri\u00ab&nbsp;Mille-pattes noir g\u00e9ant&nbsp;\u00bb\"}]},{\"@type\":\"WebSite\",\"@id\":\"https:\/\/megapets.eu\/fr\/#website\",\"url\":\"https:\/\/megapets.eu\/fr\/\",\"name\":\"Mega Pets\",\"description\":\"Jedna z najwi\u0119kszych hodowli \u015blimak\u00f3w w Europie\",\"publisher\":{\"@id\":\"https:\/\/megapets.eu\/fr\/#organization\"},\"alternateName\":\"Mega Pets\",\"potentialAction\":[{\"@type\":\"SearchAction\",\"target\":{\"@type\":\"EntryPoint\",\"urlTemplate\":\"https:\/\/megapets.eu\/fr\/?s={search_term_string}\"},\"query-input\":{\"@type\":\"PropertyValueSpecification\",\"valueRequired\":true,\"valueName\":\"search_term_string\"}}],\"inLanguage\":\"fr-FR\"},{\"@type\":\"Organization\",\"@id\":\"https:\/\/megapets.eu\/fr\/#organization\",\"name\":\"Mega Pets\",\"url\":\"https:\/\/megapets.eu\/fr\/\",\"logo\":{\"@type\":\"ImageObject\",\"inLanguage\":\"fr-FR\",\"@id\":\"https:\/\/megapets.eu\/fr\/#\/schema\/logo\/image\/\",\"url\":\"https:\/\/megapets.eu\/wp-content\/uploads\/2025\/04\/megapets_eu-logo.png\",\"contentUrl\":\"https:\/\/megapets.eu\/wp-content\/uploads\/2025\/04\/megapets_eu-logo.png\",\"width\":2362,\"height\":2362,\"caption\":\"Mega Pets\"},\"image\":{\"@id\":\"https:\/\/megapets.eu\/fr\/#\/schema\/logo\/image\/\"},\"sameAs\":[\"https:\/\/www.facebook.com\/MegaPets.eu\/\"]}]}<\/script>\n<!-- \/ Yoast SEO plugin. -->","yoast_head_json":{"title":"Spiropoeus fischeri\u00ab&nbsp;Mille-pattes noir g\u00e9ant&nbsp;\u00bb | MegaPets","robots":{"index":"index","follow":"follow","max-snippet":"max-snippet:-1","max-image-preview":"max-image-preview:large","max-video-preview":"max-video-preview:-1"},"canonical":"https:\/\/megapets.eu\/fr\/miriapodes-fr\/spiropoeus-fischericrocodile-noir-geant-kopia\/","og_locale":"fr_FR","og_type":"article","og_title":"Spiropoeus fischeri\u00ab&nbsp;Mille-pattes noir g\u00e9ant&nbsp;\u00bb | MegaPets","og_description":"Taille cible :  env. 20 cm   Individuel offert :  env. 10-15 cm   Le prix s\u2019applique \u00e0 :  1 pi\u00e8ce","og_url":"https:\/\/megapets.eu\/fr\/miriapodes-fr\/spiropoeus-fischericrocodile-noir-geant-kopia\/","og_site_name":"MegaPets","article_publisher":"https:\/\/www.facebook.com\/MegaPets.eu\/","article_modified_time":"2025-07-15T06:51:20+00:00","og_image":[{"width":2560,"height":1706,"url":"https:\/\/megapets.eu\/wp-content\/uploads\/2024\/10\/IMG_20220926_125351-scaled.jpg","type":"image\/jpeg"}],"twitter_card":"summary_large_image","twitter_misc":{"Dur\u00e9e de lecture estim\u00e9e":"1 minute"},"schema":{"@context":"https:\/\/schema.org","@graph":[{"@type":"WebPage","@id":"https:\/\/megapets.eu\/fr\/miriapodes-fr\/spiropoeus-fischericrocodile-noir-geant-kopia\/","url":"https:\/\/megapets.eu\/fr\/miriapodes-fr\/spiropoeus-fischericrocodile-noir-geant-kopia\/","name":"Spiropoeus fischeri \u00ab&nbsp;Mille-pattes noir g\u00e9ant&nbsp;\u00bb | MegaPets","isPartOf":{"@id":"https:\/\/megapets.eu\/fr\/#website"},"primaryImageOfPage":{"@id":"https:\/\/megapets.eu\/fr\/miriapodes-fr\/spiropoeus-fischericrocodile-noir-geant-kopia\/#primaryimage"},"image":{"@id":"https:\/\/megapets.eu\/fr\/miriapodes-fr\/spiropoeus-fischericrocodile-noir-geant-kopia\/#primaryimage"},"thumbnailUrl":"https:\/\/megapets.eu\/wp-content\/uploads\/2024\/10\/IMG_20220926_125351-scaled.jpg","datePublished":"2025-07-08T11:44:18+00:00","dateModified":"2025-07-15T06:51:20+00:00","breadcrumb":{"@id":"https:\/\/megapets.eu\/fr\/miriapodes-fr\/spiropoeus-fischericrocodile-noir-geant-kopia\/#breadcrumb"},"inLanguage":"fr-FR","potentialAction":[{"@type":"ReadAction","target":["https:\/\/megapets.eu\/fr\/miriapodes-fr\/spiropoeus-fischericrocodile-noir-geant-kopia\/"]}]},{"@type":"ImageObject","inLanguage":"fr-FR","@id":"https:\/\/megapets.eu\/fr\/miriapodes-fr\/spiropoeus-fischericrocodile-noir-geant-kopia\/#primaryimage","url":"https:\/\/megapets.eu\/wp-content\/uploads\/2024\/10\/IMG_20220926_125351-scaled.jpg","contentUrl":"https:\/\/megapets.eu\/wp-content\/uploads\/2024\/10\/IMG_20220926_125351-scaled.jpg","width":2560,"height":1706},{"@type":"BreadcrumbList","@id":"https:\/\/megapets.eu\/fr\/miriapodes-fr\/spiropoeus-fischericrocodile-noir-geant-kopia\/#breadcrumb","itemListElement":[{"@type":"ListItem","position":1,"name":"Strona g\u0142\u00f3wna","item":"https:\/\/megapets.eu\/fr\/accueil\/"},{"@type":"ListItem","position":2,"name":"Boutique","item":"https:\/\/megapets.eu\/boutique\/"},{"@type":"ListItem","position":3,"name":"Spiropoeus fischeri\u00ab&nbsp;Mille-pattes noir g\u00e9ant&nbsp;\u00bb"}]},{"@type":"WebSite","@id":"https:\/\/megapets.eu\/fr\/#website","url":"https:\/\/megapets.eu\/fr\/","name":"Mega Pets","description":"Jedna z najwi\u0119kszych hodowli \u015blimak\u00f3w w Europie","publisher":{"@id":"https:\/\/megapets.eu\/fr\/#organization"},"alternateName":"Mega Pets","potentialAction":[{"@type":"SearchAction","target":{"@type":"EntryPoint","urlTemplate":"https:\/\/megapets.eu\/fr\/?s={search_term_string}"},"query-input":{"@type":"PropertyValueSpecification","valueRequired":true,"valueName":"search_term_string"}}],"inLanguage":"fr-FR"},{"@type":"Organization","@id":"https:\/\/megapets.eu\/fr\/#organization","name":"Mega Pets","url":"https:\/\/megapets.eu\/fr\/","logo":{"@type":"ImageObject","inLanguage":"fr-FR","@id":"https:\/\/megapets.eu\/fr\/#\/schema\/logo\/image\/","url":"https:\/\/megapets.eu\/wp-content\/uploads\/2025\/04\/megapets_eu-logo.png","contentUrl":"https:\/\/megapets.eu\/wp-content\/uploads\/2025\/04\/megapets_eu-logo.png","width":2362,"height":2362,"caption":"Mega Pets"},"image":{"@id":"https:\/\/megapets.eu\/fr\/#\/schema\/logo\/image\/"},"sameAs":["https:\/\/www.facebook.com\/MegaPets.eu\/"]}]}},"_links":{"self":[{"href":"https:\/\/megapets.eu\/fr\/wp-json\/wp\/v2\/product\/9543","targetHints":{"allow":["GET"]}}],"collection":[{"href":"https:\/\/megapets.eu\/fr\/wp-json\/wp\/v2\/product"}],"about":[{"href":"https:\/\/megapets.eu\/fr\/wp-json\/wp\/v2\/types\/product"}],"wp:featuredmedia":[{"embeddable":true,"href":"https:\/\/megapets.eu\/fr\/wp-json\/wp\/v2\/media\/4523"}],"wp:attachment":[{"href":"https:\/\/megapets.eu\/fr\/wp-json\/wp\/v2\/media?parent=9543"}],"wp:term":[{"taxonomy":"product_cat","embeddable":true,"href":"https:\/\/megapets.eu\/fr\/wp-json\/wp\/v2\/product_cat?post=9543"},{"taxonomy":"product_tag","embeddable":true,"href":"https:\/\/megapets.eu\/fr\/wp-json\/wp\/v2\/product_tag?post=9543"}],"curies":[{"name":"wp","href":"https:\/\/api.w.org\/{rel}","templated":true}]}}