{"id":9569,"date":"2025-07-09T06:39:32","date_gmt":"2025-07-09T06:39:32","guid":{"rendered":"https:\/\/megapets.eu\/?post_type=product&#038;p=9569"},"modified":"2025-07-09T06:49:11","modified_gmt":"2025-07-09T06:49:11","slug":"coromus-diaphorusmille-pattes-a-marge-doree-kopia","status":"publish","type":"product","link":"https:\/\/megapets.eu\/fr\/miriapodes-fr\/coromus-diaphorusmille-pattes-a-marge-doree-kopia\/","title":{"rendered":"Coromus diaphorus<br \/>\u00ab\u00a0Mille-pattes \u00e0 marge dor\u00e9e\u00a0\u00bb (Kopia)"},"content":{"rendered":"<p class=\"v1v1v1v1MsoNormal\"><span style=\"color: #d94890;\"><strong><em><span style=\"font-size: 15px;\"><span style=\"color: #424242;\">Esp\u00e8ces :<\/span> <span style=\"color: #ff6600;\"><span style=\"color: #333333;\">Coromus diaphorus tourbillons \u00ab\u00a0<\/span><span style=\"color: #ff9900;\">Golden-margin<\/span> <span style=\"color: #333333;\">Millipede\u00a0\u00bb<\/span><\/span><\/span><\/em><\/strong><\/span><\/p>\n<p class=\"v1v1v1v1MsoNormal\"><span style=\"color: #424242;\"><strong><em><span style=\"font-size: 15px;\">Facile \u00e0 garder, ils sont donc parfaits pour les d\u00e9butants.<\/span><\/em><\/strong><\/span><\/p>\n<p><span style=\"color: #d94890;\"><strong><em><span style=\"font-size: 15px;\"><span style=\"color: #333333;\">Coromus diaphorus <\/span><span style=\"color: #ff6600;\"><span style=\"color: #333333;\">\u00ab\u00a0<\/span><span style=\"color: #ff9900;\">Golden-margin<\/span><\/span> <span style=\"color: #333333;\">Millipede\u00a0\u00bb <\/span><\/span><\/em><\/strong><\/span><span style=\"color: #333333;\"><strong><em><span style=\"font-size: 15px;\">sont de grands tourbillons charmants avec une coloration noir dor\u00e9.<\/span><\/em><\/strong><\/span><\/p>\n<p class=\"v1v1v1v1MsoNormal\"><span style=\"color: #424242;\"><em>\ud83d\udc9b\ud83d\udc9b\ud83d\udc9b\ud83d\udc9b<\/em> <strong><em><span style=\"font-size: 15px;\">Tu cherches quelque chose d&rsquo;amusant \u00e0 \u00e9lever pour d\u00e9buter ? <span style=\"color: #d94890;\"><span style=\"color: #333333;\">Coromus diaphorus <\/span><span style=\"color: #ff6600;\"><span style=\"color: #333333;\">\u00ab\u00a0<\/span><span style=\"color: #ff9900;\">Golden-margin<\/span><\/span> <span style=\"color: #333333;\">Millipede\u00a0\u00bb<\/span><\/span><\/span><\/em><\/strong><\/span><span style=\"color: #333333;\"><strong><em><span style=\"font-size: 15px;\"> <span style=\"color: #333333;\"> sont de grands tourbillons \u00e0 la coloration noir-dor\u00e9, d&rsquo;une taille adulte d&rsquo;environ 8 cm. Les tourbillons Coromus diaphorus sont de belles cr\u00e9atures faciles \u00e0 garder, totalement sans danger pour l&rsquo;homme, ils ne mordent pas. Ils ont des m\u00e2choires faibles qui sont adapt\u00e9es au d\u00e9chiquetage de la mati\u00e8re v\u00e9g\u00e9tale. Les coromus diaphorus pr\u00e9f\u00e8rent les endroits humides, vivent dans la couche sup\u00e9rieure du substrat et se nourrissent de feuilles, d&rsquo;un substrat \u00e0 plusieurs composants con\u00e7u pour les crocodiles et les vip\u00e8res, ainsi que de l\u00e9gumes et de fruits. <\/span><\/span><\/em><\/strong><\/span><\/p>\n","protected":false},"excerpt":{"rendered":"<ul>\n<li>Taille de la cible :\n<ul>\n<li>env. 8 cm<\/li>\n<\/ul>\n<\/li>\n<li>Mineur offert :\n<ul>\n<li>env. 2-3 cm<\/li>\n<\/ul>\n<\/li>\n<li>Le prix est pour :\n<ul>\n<li>1 pi\u00e8ce<\/li>\n<\/ul>\n<\/li>\n<\/ul>\n","protected":false},"featured_media":9590,"template":"","meta":{"_acf_changed":false,"_links_to":"","_links_to_target":""},"product_cat":[108],"product_tag":[],"class_list":{"0":"post-9569","1":"product","2":"type-product","3":"status-publish","4":"has-post-thumbnail","6":"product_cat-miriapodes-fr","8":"first","9":"outofstock","10":"shipping-taxable","11":"purchasable","12":"product-type-simple"},"acf":[],"yoast_head":"<!-- This site is optimized with the Yoast SEO plugin v24.9 - https:\/\/yoast.com\/wordpress\/plugins\/seo\/ -->\n<title>Coromus diaphorus&quot;Mille-pattes \u00e0 marge dor\u00e9e&quot; (Kopia) | MegaPets<\/title>\n<meta name=\"robots\" content=\"index, follow, max-snippet:-1, max-image-preview:large, max-video-preview:-1\" \/>\n<link rel=\"canonical\" href=\"https:\/\/megapets.eu\/fr\/miriapodes-fr\/coromus-diaphorusmille-pattes-a-marge-doree-kopia\/\" \/>\n<meta property=\"og:locale\" content=\"fr_FR\" \/>\n<meta property=\"og:type\" content=\"article\" \/>\n<meta property=\"og:title\" content=\"Coromus diaphorus&quot;Mille-pattes \u00e0 marge dor\u00e9e&quot; (Kopia) | MegaPets\" \/>\n<meta property=\"og:description\" content=\"Taille de la cible :  env. 8 cm   Mineur offert :  env. 2-3 cm   Le prix est pour :  1 pi\u00e8ce\" \/>\n<meta property=\"og:url\" content=\"https:\/\/megapets.eu\/fr\/miriapodes-fr\/coromus-diaphorusmille-pattes-a-marge-doree-kopia\/\" \/>\n<meta property=\"og:site_name\" content=\"MegaPets\" \/>\n<meta property=\"article:publisher\" content=\"https:\/\/www.facebook.com\/MegaPets.eu\/\" \/>\n<meta property=\"article:modified_time\" content=\"2025-07-09T06:49:11+00:00\" \/>\n<meta property=\"og:image\" content=\"https:\/\/megapets.eu\/wp-content\/uploads\/2025\/07\/876543.png\" \/>\n\t<meta property=\"og:image:width\" content=\"1048\" \/>\n\t<meta property=\"og:image:height\" content=\"691\" \/>\n\t<meta property=\"og:image:type\" content=\"image\/png\" \/>\n<meta name=\"twitter:card\" content=\"summary_large_image\" \/>\n<meta name=\"twitter:label1\" content=\"Dur\u00e9e de lecture estim\u00e9e\" \/>\n\t<meta name=\"twitter:data1\" content=\"1 minute\" \/>\n<script type=\"application\/ld+json\" class=\"yoast-schema-graph\">{\"@context\":\"https:\/\/schema.org\",\"@graph\":[{\"@type\":\"WebPage\",\"@id\":\"https:\/\/megapets.eu\/fr\/miriapodes-fr\/coromus-diaphorusmille-pattes-a-marge-doree-kopia\/\",\"url\":\"https:\/\/megapets.eu\/fr\/miriapodes-fr\/coromus-diaphorusmille-pattes-a-marge-doree-kopia\/\",\"name\":\"Coromus diaphorus \\\"Mille-pattes \u00e0 marge dor\u00e9e\\\" (Kopia) | MegaPets\",\"isPartOf\":{\"@id\":\"https:\/\/megapets.eu\/fr\/#website\"},\"primaryImageOfPage\":{\"@id\":\"https:\/\/megapets.eu\/fr\/miriapodes-fr\/coromus-diaphorusmille-pattes-a-marge-doree-kopia\/#primaryimage\"},\"image\":{\"@id\":\"https:\/\/megapets.eu\/fr\/miriapodes-fr\/coromus-diaphorusmille-pattes-a-marge-doree-kopia\/#primaryimage\"},\"thumbnailUrl\":\"https:\/\/megapets.eu\/wp-content\/uploads\/2025\/07\/7654.png\",\"datePublished\":\"2025-07-09T06:39:32+00:00\",\"dateModified\":\"2025-07-09T06:49:11+00:00\",\"breadcrumb\":{\"@id\":\"https:\/\/megapets.eu\/fr\/miriapodes-fr\/coromus-diaphorusmille-pattes-a-marge-doree-kopia\/#breadcrumb\"},\"inLanguage\":\"fr-FR\",\"potentialAction\":[{\"@type\":\"ReadAction\",\"target\":[\"https:\/\/megapets.eu\/fr\/miriapodes-fr\/coromus-diaphorusmille-pattes-a-marge-doree-kopia\/\"]}]},{\"@type\":\"ImageObject\",\"inLanguage\":\"fr-FR\",\"@id\":\"https:\/\/megapets.eu\/fr\/miriapodes-fr\/coromus-diaphorusmille-pattes-a-marge-doree-kopia\/#primaryimage\",\"url\":\"https:\/\/megapets.eu\/wp-content\/uploads\/2025\/07\/7654.png\",\"contentUrl\":\"https:\/\/megapets.eu\/wp-content\/uploads\/2025\/07\/7654.png\",\"width\":1049,\"height\":689},{\"@type\":\"BreadcrumbList\",\"@id\":\"https:\/\/megapets.eu\/fr\/miriapodes-fr\/coromus-diaphorusmille-pattes-a-marge-doree-kopia\/#breadcrumb\",\"itemListElement\":[{\"@type\":\"ListItem\",\"position\":1,\"name\":\"Strona g\u0142\u00f3wna\",\"item\":\"https:\/\/megapets.eu\/fr\/accueil\/\"},{\"@type\":\"ListItem\",\"position\":2,\"name\":\"Boutique\",\"item\":\"https:\/\/megapets.eu\/boutique\/\"},{\"@type\":\"ListItem\",\"position\":3,\"name\":\"Coromus diaphorus&#8222;Mille-pattes \u00e0 marge dor\u00e9e\\\" (Kopia)\"}]},{\"@type\":\"WebSite\",\"@id\":\"https:\/\/megapets.eu\/fr\/#website\",\"url\":\"https:\/\/megapets.eu\/fr\/\",\"name\":\"Mega Pets\",\"description\":\"Jedna z najwi\u0119kszych hodowli \u015blimak\u00f3w w Europie\",\"publisher\":{\"@id\":\"https:\/\/megapets.eu\/fr\/#organization\"},\"alternateName\":\"Mega Pets\",\"potentialAction\":[{\"@type\":\"SearchAction\",\"target\":{\"@type\":\"EntryPoint\",\"urlTemplate\":\"https:\/\/megapets.eu\/fr\/?s={search_term_string}\"},\"query-input\":{\"@type\":\"PropertyValueSpecification\",\"valueRequired\":true,\"valueName\":\"search_term_string\"}}],\"inLanguage\":\"fr-FR\"},{\"@type\":\"Organization\",\"@id\":\"https:\/\/megapets.eu\/fr\/#organization\",\"name\":\"Mega Pets\",\"url\":\"https:\/\/megapets.eu\/fr\/\",\"logo\":{\"@type\":\"ImageObject\",\"inLanguage\":\"fr-FR\",\"@id\":\"https:\/\/megapets.eu\/fr\/#\/schema\/logo\/image\/\",\"url\":\"https:\/\/megapets.eu\/wp-content\/uploads\/2025\/04\/megapets_eu-logo.png\",\"contentUrl\":\"https:\/\/megapets.eu\/wp-content\/uploads\/2025\/04\/megapets_eu-logo.png\",\"width\":2362,\"height\":2362,\"caption\":\"Mega Pets\"},\"image\":{\"@id\":\"https:\/\/megapets.eu\/fr\/#\/schema\/logo\/image\/\"},\"sameAs\":[\"https:\/\/www.facebook.com\/MegaPets.eu\/\"]}]}<\/script>\n<!-- \/ Yoast SEO plugin. -->","yoast_head_json":{"title":"Coromus diaphorus\"Mille-pattes \u00e0 marge dor\u00e9e\" (Kopia) | MegaPets","robots":{"index":"index","follow":"follow","max-snippet":"max-snippet:-1","max-image-preview":"max-image-preview:large","max-video-preview":"max-video-preview:-1"},"canonical":"https:\/\/megapets.eu\/fr\/miriapodes-fr\/coromus-diaphorusmille-pattes-a-marge-doree-kopia\/","og_locale":"fr_FR","og_type":"article","og_title":"Coromus diaphorus\"Mille-pattes \u00e0 marge dor\u00e9e\" (Kopia) | MegaPets","og_description":"Taille de la cible :  env. 8 cm   Mineur offert :  env. 2-3 cm   Le prix est pour :  1 pi\u00e8ce","og_url":"https:\/\/megapets.eu\/fr\/miriapodes-fr\/coromus-diaphorusmille-pattes-a-marge-doree-kopia\/","og_site_name":"MegaPets","article_publisher":"https:\/\/www.facebook.com\/MegaPets.eu\/","article_modified_time":"2025-07-09T06:49:11+00:00","og_image":[{"width":1048,"height":691,"url":"https:\/\/megapets.eu\/wp-content\/uploads\/2025\/07\/876543.png","type":"image\/png"}],"twitter_card":"summary_large_image","twitter_misc":{"Dur\u00e9e de lecture estim\u00e9e":"1 minute"},"schema":{"@context":"https:\/\/schema.org","@graph":[{"@type":"WebPage","@id":"https:\/\/megapets.eu\/fr\/miriapodes-fr\/coromus-diaphorusmille-pattes-a-marge-doree-kopia\/","url":"https:\/\/megapets.eu\/fr\/miriapodes-fr\/coromus-diaphorusmille-pattes-a-marge-doree-kopia\/","name":"Coromus diaphorus \"Mille-pattes \u00e0 marge dor\u00e9e\" (Kopia) | MegaPets","isPartOf":{"@id":"https:\/\/megapets.eu\/fr\/#website"},"primaryImageOfPage":{"@id":"https:\/\/megapets.eu\/fr\/miriapodes-fr\/coromus-diaphorusmille-pattes-a-marge-doree-kopia\/#primaryimage"},"image":{"@id":"https:\/\/megapets.eu\/fr\/miriapodes-fr\/coromus-diaphorusmille-pattes-a-marge-doree-kopia\/#primaryimage"},"thumbnailUrl":"https:\/\/megapets.eu\/wp-content\/uploads\/2025\/07\/7654.png","datePublished":"2025-07-09T06:39:32+00:00","dateModified":"2025-07-09T06:49:11+00:00","breadcrumb":{"@id":"https:\/\/megapets.eu\/fr\/miriapodes-fr\/coromus-diaphorusmille-pattes-a-marge-doree-kopia\/#breadcrumb"},"inLanguage":"fr-FR","potentialAction":[{"@type":"ReadAction","target":["https:\/\/megapets.eu\/fr\/miriapodes-fr\/coromus-diaphorusmille-pattes-a-marge-doree-kopia\/"]}]},{"@type":"ImageObject","inLanguage":"fr-FR","@id":"https:\/\/megapets.eu\/fr\/miriapodes-fr\/coromus-diaphorusmille-pattes-a-marge-doree-kopia\/#primaryimage","url":"https:\/\/megapets.eu\/wp-content\/uploads\/2025\/07\/7654.png","contentUrl":"https:\/\/megapets.eu\/wp-content\/uploads\/2025\/07\/7654.png","width":1049,"height":689},{"@type":"BreadcrumbList","@id":"https:\/\/megapets.eu\/fr\/miriapodes-fr\/coromus-diaphorusmille-pattes-a-marge-doree-kopia\/#breadcrumb","itemListElement":[{"@type":"ListItem","position":1,"name":"Strona g\u0142\u00f3wna","item":"https:\/\/megapets.eu\/fr\/accueil\/"},{"@type":"ListItem","position":2,"name":"Boutique","item":"https:\/\/megapets.eu\/boutique\/"},{"@type":"ListItem","position":3,"name":"Coromus diaphorus&#8222;Mille-pattes \u00e0 marge dor\u00e9e\" (Kopia)"}]},{"@type":"WebSite","@id":"https:\/\/megapets.eu\/fr\/#website","url":"https:\/\/megapets.eu\/fr\/","name":"Mega Pets","description":"Jedna z najwi\u0119kszych hodowli \u015blimak\u00f3w w Europie","publisher":{"@id":"https:\/\/megapets.eu\/fr\/#organization"},"alternateName":"Mega Pets","potentialAction":[{"@type":"SearchAction","target":{"@type":"EntryPoint","urlTemplate":"https:\/\/megapets.eu\/fr\/?s={search_term_string}"},"query-input":{"@type":"PropertyValueSpecification","valueRequired":true,"valueName":"search_term_string"}}],"inLanguage":"fr-FR"},{"@type":"Organization","@id":"https:\/\/megapets.eu\/fr\/#organization","name":"Mega Pets","url":"https:\/\/megapets.eu\/fr\/","logo":{"@type":"ImageObject","inLanguage":"fr-FR","@id":"https:\/\/megapets.eu\/fr\/#\/schema\/logo\/image\/","url":"https:\/\/megapets.eu\/wp-content\/uploads\/2025\/04\/megapets_eu-logo.png","contentUrl":"https:\/\/megapets.eu\/wp-content\/uploads\/2025\/04\/megapets_eu-logo.png","width":2362,"height":2362,"caption":"Mega Pets"},"image":{"@id":"https:\/\/megapets.eu\/fr\/#\/schema\/logo\/image\/"},"sameAs":["https:\/\/www.facebook.com\/MegaPets.eu\/"]}]}},"_links":{"self":[{"href":"https:\/\/megapets.eu\/fr\/wp-json\/wp\/v2\/product\/9569","targetHints":{"allow":["GET"]}}],"collection":[{"href":"https:\/\/megapets.eu\/fr\/wp-json\/wp\/v2\/product"}],"about":[{"href":"https:\/\/megapets.eu\/fr\/wp-json\/wp\/v2\/types\/product"}],"wp:featuredmedia":[{"embeddable":true,"href":"https:\/\/megapets.eu\/fr\/wp-json\/wp\/v2\/media\/9590"}],"wp:attachment":[{"href":"https:\/\/megapets.eu\/fr\/wp-json\/wp\/v2\/media?parent=9569"}],"wp:term":[{"taxonomy":"product_cat","embeddable":true,"href":"https:\/\/megapets.eu\/fr\/wp-json\/wp\/v2\/product_cat?post=9569"},{"taxonomy":"product_tag","embeddable":true,"href":"https:\/\/megapets.eu\/fr\/wp-json\/wp\/v2\/product_tag?post=9569"}],"curies":[{"name":"wp","href":"https:\/\/api.w.org\/{rel}","templated":true}]}}