{"id":9741,"date":"2025-07-13T14:04:04","date_gmt":"2025-07-13T14:04:04","guid":{"rendered":"https:\/\/megapets.eu\/?post_type=product&#038;p=9741"},"modified":"2025-07-14T09:08:54","modified_gmt":"2025-07-14T09:08:54","slug":"jumpers-rougeequipe-de-nettoyage-kopia","status":"publish","type":"product","link":"https:\/\/megapets.eu\/fr\/isopodes\/jumpers-rougeequipe-de-nettoyage-kopia\/","title":{"rendered":"Collemboles \u00ab&nbsp;Jaunes&nbsp;\u00bb <br> Ceratophysella sp. \u00ab&nbsp;Albino jaune lilas&nbsp;\u00bb <br> \u00ab&nbsp;\u00c9quipe de nettoyage&nbsp;\u00bb"},"content":{"rendered":"<p class=\"v1v1v1v1MsoNormal\"><span style=\"color: #424242;\"><strong><em><span style=\"font-size: 15px;\">Collemboles : Collemboles \u00ab&nbsp;jaunes&nbsp;\u00bb. Ceratophysella spec. \u00ab&nbsp;Albino jaune lilas&nbsp;\u00bb  <\/span><\/em><\/strong><\/span><\/p>\n<p class=\"v1v1v1v1MsoNormal\"><span style=\"color: #424242;\"><strong><em><span style=\"font-size: 15px;\">\u00ab&nbsp;\u00c9quipe de nettoyage&nbsp;\u00bb <strong style=\"color: #424242;\"><span class=\"x1xsqp64 xiy17q3 x1o6pynw x19co3pv xdj266r xcwd3tp xat24cr x39eecv x2b8uid\" data-testid=\"emoji\"><span class=\"xexx8yu xn5pp95 x18d9i69 x2fxd7x x3jgonx x1bhl96m\"><span style=\"font-size: 15px; color: #424242;\"><span class=\"html-span xexx8yu x4uap5 x18d9i69 xkhd6sd x1hl2dhg x16tdsg8 x1vvkbs x3nfvp2 x1j61x8r x1fcty0u xdj266r xat24cr xgzva0m xhhsvwb xxymvpz xlup9mm x1kky2od\"><img loading=\"lazy\" decoding=\"async\" class=\"xz74otr\" src=\"https:\/\/static.xx.fbcdn.net\/images\/emoji.php\/v9\/ta4\/1\/16\/1f9f9.png\" alt=\"\ud83e\uddf9\" width=\"16\" height=\"16\"><img loading=\"lazy\" decoding=\"async\" class=\"xz74otr\" src=\"https:\/\/static.xx.fbcdn.net\/images\/emoji.php\/v9\/tbc\/1\/16\/1f30a.png\" alt=\"\ud83c\udf0a\" width=\"16\" height=\"16\"><\/span><span class=\"html-span xexx8yu x4uap5 x18d9i69 xkhd6sd x1hl2dhg x16tdsg8 x1vvkbs x3nfvp2 x1j61x8r x1fcty0u xdj266r xat24cr xgzva0m xhhsvwb xxymvpz xlup9mm x1kky2od\"><img loading=\"lazy\" decoding=\"async\" class=\"xz74otr\" src=\"https:\/\/static.xx.fbcdn.net\/images\/emoji.php\/v9\/t4f\/1\/16\/1f9fd.png\" alt=\"\ud83e\uddfd\" width=\"16\" height=\"16\"><\/span><\/span><\/span><\/span><\/strong>pour le terrarium.<\/span><\/em><\/strong><\/span><\/p>\n<p><strong style=\"color: #424242;\"><em><span style=\"font-size: 15px;\"><strong><span class=\"x1xsqp64 xiy17q3 x1o6pynw x19co3pv xdj266r xcwd3tp xat24cr x39eecv x2b8uid\" data-testid=\"emoji\"><span class=\"xexx8yu xn5pp95 x18d9i69 x2fxd7x x3jgonx x1bhl96m\">Faciles \u00e0 entretenir, ils sont donc parfaits pour les d\u00e9butants.<\/span><\/span><\/strong><\/span><\/em><\/strong><\/p>\n<p>&nbsp;<\/p>\n<p><strong style=\"color: #424242;\"><strong><em><span style=\"font-size: 15px; color: #424242;\"><strong><span style=\"font-size: 15px;\"><span class=\"x1xsqp64 xiy17q3 x1o6pynw x19co3pv xdj266r xcwd3tp xat24cr x39eecv x2b8uid\" data-testid=\"emoji\"><span class=\"xexx8yu xn5pp95 x18d9i69 x2fxd7x x3jgonx x1bhl96m\"><span style=\"color: #424242;\">\u2764\ufe0f\ud83e\udde1\u2764\ufe0f <\/span><\/span><\/span><\/span>Vous cherchez quelque chose d\u2019amusant \u00e0 \u00e9lever pour commencer ? <\/strong> Collemboles<strong> <\/strong>Ce sont des cr\u00e9atures belles et faciles \u00e0 entretenir, totalement sans danger pour les humains, elles ne mordent pas. Ils ont des m\u00e2choires faibles qui sont adapt\u00e9es pour \u00e9craser les mati\u00e8res v\u00e9g\u00e9tales. Les collemboles pr\u00e9f\u00e8rent les endroits humides, vivent dans la couche sup\u00e9rieure du substrat et se nourrissent de feuilles, substrat \u00e0 plusieurs composants destin\u00e9 \u00e0 l\u2019\u00e9levage des mille-pattes, ainsi que de l\u00e9gumes et de fruits.  <\/span><\/em><\/strong><\/strong><\/p>\n<p>&nbsp;<\/p>\n<p class=\"v1v1v1v1MsoNormal\"><span style=\"color: #424242;\"><strong><em><span style=\"font-size: 15px;\"><span class=\"x1xsqp64 xiy17q3 x1o6pynw x19co3pv xdj266r xcwd3tp xat24cr x39eecv x2b8uid\" data-testid=\"emoji\"><span class=\"xexx8yu xn5pp95 x18d9i69 x2fxd7x x3jgonx x1bhl96m\">\ud83c\udf3f <\/span><\/span>Tout ce dont un tel animal a besoin pour r\u00e9ussir \u00e0 se d\u00e9velopper et \u00e0 vivre dans un terrarium est :<\/span><\/em><\/strong><\/span><\/p>\n<p class=\"v1v1v1v1MsoNormal\"><span style=\"color: #008000;\"><strong><em><span style=\"font-size: 15px;\">* Substrat \/ nourriture : Milieu de s\u00e9lection pour mille-pattes et myriades ou substrat de noix de coco ;<\/span><\/em><\/strong><\/span><\/p>\n<p class=\"v1v1v1v1MsoNormal\"><span style=\"color: #008000;\"><strong><em><span style=\"font-size: 15px;\">* Superaliment : L\u00e9gumes et fruits frais ;<\/span><\/em><\/strong><\/span><\/p>\n<p class=\"v1v1v1v1MsoNormal\"><span style=\"color: #008000;\"><strong><em><span style=\"font-size: 15px;\">* Nourriture&nbsp;: S\u00e9pia &#8211; l\u2019os de seiche est une source naturelle de calcium pour les animaux de terrarium&nbsp;;  <\/span><\/em><\/strong><\/span><\/p>\n<p class=\"v1v1v1v1MsoNormal\"><span style=\"color: #008000;\"><strong><em><span style=\"font-size: 15px;\">* Nourriture&nbsp;: Le gammare moulu est un gammare s\u00e9ch\u00e9, riche en macro et micro-\u00e9l\u00e9ments, une source naturelle de prot\u00e9ines animales et de chitine (disponible sur notre autre vente aux ench\u00e8res)&nbsp;;<\/span><\/em><\/strong><\/span><\/p>\n<p class=\"v1v1v1v1MsoNormal\"><span style=\"color: #008000;\"><strong><em><span style=\"font-size: 15px;\">* Terrarium : La Faunabox ou le conteneur d\u2019\u00e9levage est id\u00e9al pour l\u2019\u00e9levage des isopodes ;<\/span><\/em><\/strong><\/span><\/p>\n<p class=\"v1v1v1v1MsoNormal\"><span style=\"color: #008000;\"><strong><em><span style=\"font-size: 15px;\">* Ne laissez pas le substrat se dess\u00e9cher compl\u00e8tement, saupoudrez le terrarium de temps en temps.<\/span><\/em><\/strong><\/span><\/p>\n","protected":false},"excerpt":{"rendered":"<ul class=\"product_attributes\">\n<li><strong>Taille cible des individus :<\/strong> <span style=\"color: #000000;\">environ 0,2 cm<\/span><\/li>\n<li>Personnes propos\u00e9es : <span style=\"color: #000000;\">emball\u00e9es au hasard<\/span><\/li>\n<li>Le prix s\u2019applique \u00e0 un ensemble : <span style=\"color: #000000;\">10-15 pi\u00e8ces<\/span><\/li>\n<\/ul>\n","protected":false},"featured_media":9778,"template":"","meta":{"_acf_changed":false,"_links_to":"","_links_to_target":""},"product_cat":[109],"product_tag":[],"class_list":{"0":"post-9741","1":"product","2":"type-product","3":"status-publish","4":"has-post-thumbnail","6":"product_cat-isopodes","8":"first","9":"outofstock","10":"shipping-taxable","11":"purchasable","12":"product-type-simple"},"acf":[],"yoast_head":"<!-- This site is optimized with the Yoast SEO plugin v24.9 - https:\/\/yoast.com\/wordpress\/plugins\/seo\/ -->\n<title>Collemboles \u00ab&nbsp;Jaunes&nbsp;\u00bb  Ceratophysella sp. \u00ab&nbsp;Albino jaune lilas&nbsp;\u00bb  \u00ab&nbsp;\u00c9quipe de nettoyage&nbsp;\u00bb | MegaPets<\/title>\n<meta name=\"robots\" content=\"index, follow, max-snippet:-1, max-image-preview:large, max-video-preview:-1\" \/>\n<link rel=\"canonical\" href=\"https:\/\/megapets.eu\/fr\/isopodes\/jumpers-rougeequipe-de-nettoyage-kopia\/\" \/>\n<meta property=\"og:locale\" content=\"fr_FR\" \/>\n<meta property=\"og:type\" content=\"article\" \/>\n<meta property=\"og:title\" content=\"Collemboles \u00ab&nbsp;Jaunes&nbsp;\u00bb  Ceratophysella sp. \u00ab&nbsp;Albino jaune lilas&nbsp;\u00bb  \u00ab&nbsp;\u00c9quipe de nettoyage&nbsp;\u00bb | MegaPets\" \/>\n<meta property=\"og:description\" content=\"Taille cible des individus : environ 0,2 cm  Personnes propos\u00e9es : emball\u00e9es au hasard  Le prix s\u2019applique \u00e0 un ensemble : 10-15 pi\u00e8ces\" \/>\n<meta property=\"og:url\" content=\"https:\/\/megapets.eu\/fr\/isopodes\/jumpers-rougeequipe-de-nettoyage-kopia\/\" \/>\n<meta property=\"og:site_name\" content=\"MegaPets\" \/>\n<meta property=\"article:publisher\" content=\"https:\/\/www.facebook.com\/MegaPets.eu\/\" \/>\n<meta property=\"article:modified_time\" content=\"2025-07-14T09:08:54+00:00\" \/>\n<meta property=\"og:image\" content=\"https:\/\/megapets.eu\/wp-content\/uploads\/2025\/07\/skocz-1.png\" \/>\n\t<meta property=\"og:image:width\" content=\"1051\" \/>\n\t<meta property=\"og:image:height\" content=\"693\" \/>\n\t<meta property=\"og:image:type\" content=\"image\/png\" \/>\n<meta name=\"twitter:card\" content=\"summary_large_image\" \/>\n<meta name=\"twitter:label1\" content=\"Dur\u00e9e de lecture estim\u00e9e\" \/>\n\t<meta name=\"twitter:data1\" content=\"1 minute\" \/>\n<script type=\"application\/ld+json\" class=\"yoast-schema-graph\">{\"@context\":\"https:\/\/schema.org\",\"@graph\":[{\"@type\":\"WebPage\",\"@id\":\"https:\/\/megapets.eu\/fr\/isopodes\/jumpers-rougeequipe-de-nettoyage-kopia\/\",\"url\":\"https:\/\/megapets.eu\/fr\/isopodes\/jumpers-rougeequipe-de-nettoyage-kopia\/\",\"name\":\"Collemboles \u00ab&nbsp;Jaunes&nbsp;\u00bb Ceratophysella sp. \u00ab&nbsp;Albino jaune lilas&nbsp;\u00bb \u00ab&nbsp;\u00c9quipe de nettoyage&nbsp;\u00bb | MegaPets\",\"isPartOf\":{\"@id\":\"https:\/\/megapets.eu\/fr\/#website\"},\"primaryImageOfPage\":{\"@id\":\"https:\/\/megapets.eu\/fr\/isopodes\/jumpers-rougeequipe-de-nettoyage-kopia\/#primaryimage\"},\"image\":{\"@id\":\"https:\/\/megapets.eu\/fr\/isopodes\/jumpers-rougeequipe-de-nettoyage-kopia\/#primaryimage\"},\"thumbnailUrl\":\"https:\/\/megapets.eu\/wp-content\/uploads\/2025\/07\/skocz-1-1.png\",\"datePublished\":\"2025-07-13T14:04:04+00:00\",\"dateModified\":\"2025-07-14T09:08:54+00:00\",\"breadcrumb\":{\"@id\":\"https:\/\/megapets.eu\/fr\/isopodes\/jumpers-rougeequipe-de-nettoyage-kopia\/#breadcrumb\"},\"inLanguage\":\"fr-FR\",\"potentialAction\":[{\"@type\":\"ReadAction\",\"target\":[\"https:\/\/megapets.eu\/fr\/isopodes\/jumpers-rougeequipe-de-nettoyage-kopia\/\"]}]},{\"@type\":\"ImageObject\",\"inLanguage\":\"fr-FR\",\"@id\":\"https:\/\/megapets.eu\/fr\/isopodes\/jumpers-rougeequipe-de-nettoyage-kopia\/#primaryimage\",\"url\":\"https:\/\/megapets.eu\/wp-content\/uploads\/2025\/07\/skocz-1-1.png\",\"contentUrl\":\"https:\/\/megapets.eu\/wp-content\/uploads\/2025\/07\/skocz-1-1.png\",\"width\":1053,\"height\":695},{\"@type\":\"BreadcrumbList\",\"@id\":\"https:\/\/megapets.eu\/fr\/isopodes\/jumpers-rougeequipe-de-nettoyage-kopia\/#breadcrumb\",\"itemListElement\":[{\"@type\":\"ListItem\",\"position\":1,\"name\":\"Strona g\u0142\u00f3wna\",\"item\":\"https:\/\/megapets.eu\/fr\/accueil\/\"},{\"@type\":\"ListItem\",\"position\":2,\"name\":\"Boutique\",\"item\":\"https:\/\/megapets.eu\/boutique\/\"},{\"@type\":\"ListItem\",\"position\":3,\"name\":\"Collemboles \u00ab&nbsp;Jaunes&nbsp;\u00bb Ceratophysella sp. \u00ab&nbsp;Albino jaune lilas&nbsp;\u00bb \u00ab&nbsp;\u00c9quipe de nettoyage&nbsp;\u00bb\"}]},{\"@type\":\"WebSite\",\"@id\":\"https:\/\/megapets.eu\/fr\/#website\",\"url\":\"https:\/\/megapets.eu\/fr\/\",\"name\":\"Mega Pets\",\"description\":\"Jedna z najwi\u0119kszych hodowli \u015blimak\u00f3w w Europie\",\"publisher\":{\"@id\":\"https:\/\/megapets.eu\/fr\/#organization\"},\"alternateName\":\"Mega Pets\",\"potentialAction\":[{\"@type\":\"SearchAction\",\"target\":{\"@type\":\"EntryPoint\",\"urlTemplate\":\"https:\/\/megapets.eu\/fr\/?s={search_term_string}\"},\"query-input\":{\"@type\":\"PropertyValueSpecification\",\"valueRequired\":true,\"valueName\":\"search_term_string\"}}],\"inLanguage\":\"fr-FR\"},{\"@type\":\"Organization\",\"@id\":\"https:\/\/megapets.eu\/fr\/#organization\",\"name\":\"Mega Pets\",\"url\":\"https:\/\/megapets.eu\/fr\/\",\"logo\":{\"@type\":\"ImageObject\",\"inLanguage\":\"fr-FR\",\"@id\":\"https:\/\/megapets.eu\/fr\/#\/schema\/logo\/image\/\",\"url\":\"https:\/\/megapets.eu\/wp-content\/uploads\/2025\/04\/megapets_eu-logo.png\",\"contentUrl\":\"https:\/\/megapets.eu\/wp-content\/uploads\/2025\/04\/megapets_eu-logo.png\",\"width\":2362,\"height\":2362,\"caption\":\"Mega Pets\"},\"image\":{\"@id\":\"https:\/\/megapets.eu\/fr\/#\/schema\/logo\/image\/\"},\"sameAs\":[\"https:\/\/www.facebook.com\/MegaPets.eu\/\"]}]}<\/script>\n<!-- \/ Yoast SEO plugin. -->","yoast_head_json":{"title":"Collemboles \u00ab&nbsp;Jaunes&nbsp;\u00bb  Ceratophysella sp. \u00ab&nbsp;Albino jaune lilas&nbsp;\u00bb  \u00ab&nbsp;\u00c9quipe de nettoyage&nbsp;\u00bb | MegaPets","robots":{"index":"index","follow":"follow","max-snippet":"max-snippet:-1","max-image-preview":"max-image-preview:large","max-video-preview":"max-video-preview:-1"},"canonical":"https:\/\/megapets.eu\/fr\/isopodes\/jumpers-rougeequipe-de-nettoyage-kopia\/","og_locale":"fr_FR","og_type":"article","og_title":"Collemboles \u00ab&nbsp;Jaunes&nbsp;\u00bb  Ceratophysella sp. \u00ab&nbsp;Albino jaune lilas&nbsp;\u00bb  \u00ab&nbsp;\u00c9quipe de nettoyage&nbsp;\u00bb | MegaPets","og_description":"Taille cible des individus : environ 0,2 cm  Personnes propos\u00e9es : emball\u00e9es au hasard  Le prix s\u2019applique \u00e0 un ensemble : 10-15 pi\u00e8ces","og_url":"https:\/\/megapets.eu\/fr\/isopodes\/jumpers-rougeequipe-de-nettoyage-kopia\/","og_site_name":"MegaPets","article_publisher":"https:\/\/www.facebook.com\/MegaPets.eu\/","article_modified_time":"2025-07-14T09:08:54+00:00","og_image":[{"width":1051,"height":693,"url":"https:\/\/megapets.eu\/wp-content\/uploads\/2025\/07\/skocz-1.png","type":"image\/png"}],"twitter_card":"summary_large_image","twitter_misc":{"Dur\u00e9e de lecture estim\u00e9e":"1 minute"},"schema":{"@context":"https:\/\/schema.org","@graph":[{"@type":"WebPage","@id":"https:\/\/megapets.eu\/fr\/isopodes\/jumpers-rougeequipe-de-nettoyage-kopia\/","url":"https:\/\/megapets.eu\/fr\/isopodes\/jumpers-rougeequipe-de-nettoyage-kopia\/","name":"Collemboles \u00ab&nbsp;Jaunes&nbsp;\u00bb Ceratophysella sp. \u00ab&nbsp;Albino jaune lilas&nbsp;\u00bb \u00ab&nbsp;\u00c9quipe de nettoyage&nbsp;\u00bb | MegaPets","isPartOf":{"@id":"https:\/\/megapets.eu\/fr\/#website"},"primaryImageOfPage":{"@id":"https:\/\/megapets.eu\/fr\/isopodes\/jumpers-rougeequipe-de-nettoyage-kopia\/#primaryimage"},"image":{"@id":"https:\/\/megapets.eu\/fr\/isopodes\/jumpers-rougeequipe-de-nettoyage-kopia\/#primaryimage"},"thumbnailUrl":"https:\/\/megapets.eu\/wp-content\/uploads\/2025\/07\/skocz-1-1.png","datePublished":"2025-07-13T14:04:04+00:00","dateModified":"2025-07-14T09:08:54+00:00","breadcrumb":{"@id":"https:\/\/megapets.eu\/fr\/isopodes\/jumpers-rougeequipe-de-nettoyage-kopia\/#breadcrumb"},"inLanguage":"fr-FR","potentialAction":[{"@type":"ReadAction","target":["https:\/\/megapets.eu\/fr\/isopodes\/jumpers-rougeequipe-de-nettoyage-kopia\/"]}]},{"@type":"ImageObject","inLanguage":"fr-FR","@id":"https:\/\/megapets.eu\/fr\/isopodes\/jumpers-rougeequipe-de-nettoyage-kopia\/#primaryimage","url":"https:\/\/megapets.eu\/wp-content\/uploads\/2025\/07\/skocz-1-1.png","contentUrl":"https:\/\/megapets.eu\/wp-content\/uploads\/2025\/07\/skocz-1-1.png","width":1053,"height":695},{"@type":"BreadcrumbList","@id":"https:\/\/megapets.eu\/fr\/isopodes\/jumpers-rougeequipe-de-nettoyage-kopia\/#breadcrumb","itemListElement":[{"@type":"ListItem","position":1,"name":"Strona g\u0142\u00f3wna","item":"https:\/\/megapets.eu\/fr\/accueil\/"},{"@type":"ListItem","position":2,"name":"Boutique","item":"https:\/\/megapets.eu\/boutique\/"},{"@type":"ListItem","position":3,"name":"Collemboles \u00ab&nbsp;Jaunes&nbsp;\u00bb Ceratophysella sp. \u00ab&nbsp;Albino jaune lilas&nbsp;\u00bb \u00ab&nbsp;\u00c9quipe de nettoyage&nbsp;\u00bb"}]},{"@type":"WebSite","@id":"https:\/\/megapets.eu\/fr\/#website","url":"https:\/\/megapets.eu\/fr\/","name":"Mega Pets","description":"Jedna z najwi\u0119kszych hodowli \u015blimak\u00f3w w Europie","publisher":{"@id":"https:\/\/megapets.eu\/fr\/#organization"},"alternateName":"Mega Pets","potentialAction":[{"@type":"SearchAction","target":{"@type":"EntryPoint","urlTemplate":"https:\/\/megapets.eu\/fr\/?s={search_term_string}"},"query-input":{"@type":"PropertyValueSpecification","valueRequired":true,"valueName":"search_term_string"}}],"inLanguage":"fr-FR"},{"@type":"Organization","@id":"https:\/\/megapets.eu\/fr\/#organization","name":"Mega Pets","url":"https:\/\/megapets.eu\/fr\/","logo":{"@type":"ImageObject","inLanguage":"fr-FR","@id":"https:\/\/megapets.eu\/fr\/#\/schema\/logo\/image\/","url":"https:\/\/megapets.eu\/wp-content\/uploads\/2025\/04\/megapets_eu-logo.png","contentUrl":"https:\/\/megapets.eu\/wp-content\/uploads\/2025\/04\/megapets_eu-logo.png","width":2362,"height":2362,"caption":"Mega Pets"},"image":{"@id":"https:\/\/megapets.eu\/fr\/#\/schema\/logo\/image\/"},"sameAs":["https:\/\/www.facebook.com\/MegaPets.eu\/"]}]}},"_links":{"self":[{"href":"https:\/\/megapets.eu\/fr\/wp-json\/wp\/v2\/product\/9741","targetHints":{"allow":["GET"]}}],"collection":[{"href":"https:\/\/megapets.eu\/fr\/wp-json\/wp\/v2\/product"}],"about":[{"href":"https:\/\/megapets.eu\/fr\/wp-json\/wp\/v2\/types\/product"}],"wp:featuredmedia":[{"embeddable":true,"href":"https:\/\/megapets.eu\/fr\/wp-json\/wp\/v2\/media\/9778"}],"wp:attachment":[{"href":"https:\/\/megapets.eu\/fr\/wp-json\/wp\/v2\/media?parent=9741"}],"wp:term":[{"taxonomy":"product_cat","embeddable":true,"href":"https:\/\/megapets.eu\/fr\/wp-json\/wp\/v2\/product_cat?post=9741"},{"taxonomy":"product_tag","embeddable":true,"href":"https:\/\/megapets.eu\/fr\/wp-json\/wp\/v2\/product_tag?post=9741"}],"curies":[{"name":"wp","href":"https:\/\/api.w.org\/{rel}","templated":true}]}}