{"id":8386,"date":"2024-10-06T20:40:07","date_gmt":"2024-10-06T20:40:07","guid":{"rendered":"https:\/\/megapets.eu\/szallitas\/"},"modified":"2025-07-11T08:02:54","modified_gmt":"2025-07-11T08:02:54","slug":"szallitas","status":"publish","type":"page","link":"https:\/\/megapets.eu\/hu\/szallitas\/","title":{"rendered":"Sz\u00e1ll\u00edt\u00e1s"},"content":{"rendered":"<div class=\"wpb-content-wrapper\"><div class=\"porto-block\" data-id=\"7872\"><style>.wpb_custom_9bdc3fad9b77c07f8c32fe2d2273838e .porto-sicon-title{color: var(--porto-secondary-color);}.wpb_custom_9bdc3fad9b77c07f8c32fe2d2273838e.porto-sicon-mobile{--porto-infobox-mpos-align: center;}.wpb_custom_6e59a409a0311227dd42fdc628b1e726 .porto-sicon-title{color: #00a000;}.wpb_custom_6e59a409a0311227dd42fdc628b1e726.porto-sicon-mobile{--porto-infobox-mpos-align: center;}<\/style>.\r\n\r\n[vc_row][vc_column]<div class=\"porto-sicon-box  wpb_custom_9bdc3fad9b77c07f8c32fe2d2273838e style_1 default-icon flex-wrap\"><div class=\"porto-sicon-default\"><div class=\"porto-just-icon-wrapper porto-icon none\" style=\"color:var(--porto-secondary-color);font-size:24px;\"><i class=\"fas fa-th\"><\/i><\/div><\/div><div class=\"porto-sicon-header\"><h4 class=\"porto-sicon-title\" style=\"\">Paczkomaty<\/h4><\/div> <!-- header --><div class=\"porto-sicon-description\" style=\"\"><strong>K\u00e9zbes\u00edt\u00e9s InPost csomagautomat\u00e1ba:<\/strong> 15 z\u0142\r\nIngyenes sz\u00e1ll\u00edt\u00e1s 75 z\u0142-t\u00f3l<\/div> <!-- description --><\/div><!-- porto-sicon-box --><div class=\"porto-sicon-box  wpb_custom_9bdc3fad9b77c07f8c32fe2d2273838e style_1 default-icon flex-wrap\"><div class=\"porto-sicon-default\"><div class=\"porto-just-icon-wrapper porto-icon none\" style=\"color:var(--porto-secondary-color);font-size:24px;\"><i class=\"fas fa-shipping-fast\"><\/i><\/div><\/div><div class=\"porto-sicon-header\"><h4 class=\"porto-sicon-title\" style=\"\">Fut\u00e1rszolg\u00e1latok<\/h4><\/div> <!-- header --><div class=\"porto-sicon-description\" style=\"\"><strong>DPD fut\u00e1rszolg\u00e1lat:<\/strong> 12 z\u0142\r\nIngyenes sz\u00e1ll\u00edt\u00e1s 65 z\u0142-t\u00f3l\r\n\r\n<strong>InPost fut\u00e1r:<\/strong> 15 z\u0142\r\nIngyenes sz\u00e1ll\u00edt\u00e1s 75 z\u0142-t\u00f3l<\/div> <!-- description --><\/div><!-- porto-sicon-box -->[vc_empty_space]<div class=\"porto-sicon-box  wpb_custom_6e59a409a0311227dd42fdc628b1e726 style_1 default-icon flex-wrap\"><div class=\"porto-sicon-default\"><div class=\"porto-just-icon-wrapper porto-icon none\" style=\"color:#009100;font-size:24px;\"><i class=\"fas fa-globe-americas\"><\/i><\/div><\/div><div class=\"porto-sicon-header\"><h3 class=\"porto-sicon-title\" style=\"\">Nemzetk\u00f6zi k\u00fcldem\u00e9nyek standard<\/h3><\/div> <!-- header --><div class=\"porto-sicon-description\" style=\"\"><strong>K\u00fclf\u00f6ldi sz\u00e1ll\u00edt\u00e1s:<\/strong> \u00a369\r\nTartalmazza a k\u00f6vetkez\u0151ket: Ausztria, Belgium, Csehorsz\u00e1g, D\u00e1nia, \u00c9sztorsz\u00e1g, Hollandia, Litv\u00e1nia, Luxemburg, Lettorsz\u00e1g, N\u00e9metorsz\u00e1g, Szlov\u00e1kia, Magyarorsz\u00e1g.\r\n\r\nIngyenes sz\u00e1ll\u00edt\u00e1s 650 z\u0142-t\u00f3l<\/div> <!-- description --><\/div><!-- porto-sicon-box --><div class=\"porto-sicon-box  wpb_custom_6e59a409a0311227dd42fdc628b1e726 style_1 default-icon flex-wrap\"><div class=\"porto-sicon-default\"><div class=\"porto-just-icon-wrapper porto-icon none\" style=\"color:#009100;font-size:24px;\"><i class=\"fas fa-globe\"><\/i><\/div><\/div><div class=\"porto-sicon-header\"><h3 class=\"porto-sicon-title\" style=\"\">Nemzetk\u00f6zi k\u00fcldem\u00e9nyek standard<\/h3><\/div> <!-- header --><div class=\"porto-sicon-description\" style=\"\"><strong>Sz\u00e1ll\u00edt\u00e1s k\u00fclf\u00f6ldre:<\/strong> \u00a399\r\nTartalmazza: Bulg\u00e1ria, Horv\u00e1torsz\u00e1g, Finnorsz\u00e1g, Franciaorsz\u00e1g, G\u00f6r\u00f6gorsz\u00e1g, Spanyolorsz\u00e1g, \u00cdrorsz\u00e1g, Portug\u00e1lia, Rom\u00e1nia, Szlov\u00e9nia, Sv\u00e9dorsz\u00e1g, Olaszorsz\u00e1g, Egyes\u00fclt Kir\u00e1lys\u00e1g, Sv\u00e1jc.\r\n\r\nIngyenes sz\u00e1ll\u00edt\u00e1s 650 z\u0142-t\u00f3l<\/div> <!-- description --><\/div><!-- porto-sicon-box -->[vc_column_text css=\"\"]\ud83d\udce6 Sz\u00e1ll\u00edt\u00e1s az \u00f6sszes uni\u00f3s orsz\u00e1gba, valamint Angli\u00e1ba.[\/vc_column_text][\/vc_column][\/vc_row]<\/div>\n<\/div>","protected":false},"excerpt":{"rendered":". [vc_row][vc_column]Paczkomaty K\u00e9zbes\u00edt\u00e9s InPost csomagautomat\u00e1ba: 15 z\u0142 Ingyenes sz\u00e1ll\u00edt\u00e1s 75 z\u0142-t\u00f3l Fut\u00e1rszolg\u00e1latok DPD fut\u00e1rszolg\u00e1lat: 12 z\u0142 Ingyenes sz\u00e1ll\u00edt\u00e1s 65 z\u0142-t\u00f3l InPost fut\u00e1r: 15 z\u0142 Ingyenes sz\u00e1ll\u00edt\u00e1s 75 z\u0142-t\u00f3l [vc_empty_space]Nemzetk\u00f6zi k\u00fcldem\u00e9nyek standard K\u00fclf\u00f6ldi sz\u00e1ll\u00edt\u00e1s: \u00a369 Tartalmazza a k\u00f6vetkez\u0151ket: Ausztria, Belgium, Csehorsz\u00e1g, D\u00e1nia, \u00c9sztorsz\u00e1g, Hollandia, Litv\u00e1nia, Luxemburg, Lettorsz\u00e1g, N\u00e9metorsz\u00e1g, Szlov\u00e1kia, Magyarorsz\u00e1g. Ingyenes sz\u00e1ll\u00edt\u00e1s 650 z\u0142-t\u00f3l Nemzetk\u00f6zi k\u00fcldem\u00e9nyek [...]","protected":false},"author":4,"featured_media":0,"parent":0,"menu_order":0,"comment_status":"closed","ping_status":"closed","template":"","meta":{"_acf_changed":false,"footnotes":"","_links_to":"","_links_to_target":""},"class_list":["post-8386","page","type-page","status-publish","hentry"],"acf":[],"yoast_head":"<!-- This site is optimized with the Yoast SEO plugin v24.9 - https:\/\/yoast.com\/wordpress\/plugins\/seo\/ -->\n<title>Sz\u00e1ll\u00edt\u00e1s | MegaPets<\/title>\n<meta name=\"robots\" content=\"index, follow, max-snippet:-1, max-image-preview:large, max-video-preview:-1\" \/>\n<link rel=\"canonical\" href=\"https:\/\/megapets.eu\/hu\/szallitas\/\" \/>\n<meta property=\"og:locale\" content=\"hu_HU\" \/>\n<meta property=\"og:type\" content=\"article\" \/>\n<meta property=\"og:title\" content=\"Sz\u00e1ll\u00edt\u00e1s | MegaPets\" \/>\n<meta property=\"og:url\" content=\"https:\/\/megapets.eu\/hu\/szallitas\/\" \/>\n<meta property=\"og:site_name\" content=\"MegaPets\" \/>\n<meta property=\"article:publisher\" content=\"https:\/\/www.facebook.com\/MegaPets.eu\/\" \/>\n<meta property=\"article:modified_time\" content=\"2025-07-11T08:02:54+00:00\" \/>\n<meta property=\"og:image\" content=\"https:\/\/megapets.eu\/wp-content\/uploads\/2025\/04\/megapets_eu-info-scaled.png\" \/>\n\t<meta property=\"og:image:width\" content=\"2560\" \/>\n\t<meta property=\"og:image:height\" content=\"1735\" \/>\n\t<meta property=\"og:image:type\" content=\"image\/png\" \/>\n<meta name=\"twitter:card\" content=\"summary_large_image\" \/>\n<meta name=\"twitter:label1\" content=\"Becs\u00fclt olvas\u00e1si id\u0151\" \/>\n\t<meta name=\"twitter:data1\" content=\"1 perc\" \/>\n<script type=\"application\/ld+json\" class=\"yoast-schema-graph\">{\"@context\":\"https:\/\/schema.org\",\"@graph\":[{\"@type\":\"WebPage\",\"@id\":\"https:\/\/megapets.eu\/hu\/szallitas\/\",\"url\":\"https:\/\/megapets.eu\/hu\/szallitas\/\",\"name\":\"Sz\u00e1ll\u00edt\u00e1s | MegaPets\",\"isPartOf\":{\"@id\":\"https:\/\/megapets.eu\/hu\/#website\"},\"datePublished\":\"2024-10-06T20:40:07+00:00\",\"dateModified\":\"2025-07-11T08:02:54+00:00\",\"breadcrumb\":{\"@id\":\"https:\/\/megapets.eu\/hu\/szallitas\/#breadcrumb\"},\"inLanguage\":\"hu\",\"potentialAction\":[{\"@type\":\"ReadAction\",\"target\":[\"https:\/\/megapets.eu\/hu\/szallitas\/\"]}]},{\"@type\":\"BreadcrumbList\",\"@id\":\"https:\/\/megapets.eu\/hu\/szallitas\/#breadcrumb\",\"itemListElement\":[{\"@type\":\"ListItem\",\"position\":1,\"name\":\"Strona g\u0142\u00f3wna\",\"item\":\"https:\/\/megapets.eu\/hu\/\"},{\"@type\":\"ListItem\",\"position\":2,\"name\":\"Sz\u00e1ll\u00edt\u00e1s\"}]},{\"@type\":\"WebSite\",\"@id\":\"https:\/\/megapets.eu\/hu\/#website\",\"url\":\"https:\/\/megapets.eu\/hu\/\",\"name\":\"Mega Pets\",\"description\":\"Jedna z najwi\u0119kszych hodowli \u015blimak\u00f3w w Europie\",\"publisher\":{\"@id\":\"https:\/\/megapets.eu\/hu\/#organization\"},\"alternateName\":\"Mega Pets\",\"potentialAction\":[{\"@type\":\"SearchAction\",\"target\":{\"@type\":\"EntryPoint\",\"urlTemplate\":\"https:\/\/megapets.eu\/hu\/?s={search_term_string}\"},\"query-input\":{\"@type\":\"PropertyValueSpecification\",\"valueRequired\":true,\"valueName\":\"search_term_string\"}}],\"inLanguage\":\"hu\"},{\"@type\":\"Organization\",\"@id\":\"https:\/\/megapets.eu\/hu\/#organization\",\"name\":\"Mega Pets\",\"url\":\"https:\/\/megapets.eu\/hu\/\",\"logo\":{\"@type\":\"ImageObject\",\"inLanguage\":\"hu\",\"@id\":\"https:\/\/megapets.eu\/hu\/#\/schema\/logo\/image\/\",\"url\":\"https:\/\/megapets.eu\/wp-content\/uploads\/2025\/04\/megapets_eu-logo.png\",\"contentUrl\":\"https:\/\/megapets.eu\/wp-content\/uploads\/2025\/04\/megapets_eu-logo.png\",\"width\":2362,\"height\":2362,\"caption\":\"Mega Pets\"},\"image\":{\"@id\":\"https:\/\/megapets.eu\/hu\/#\/schema\/logo\/image\/\"},\"sameAs\":[\"https:\/\/www.facebook.com\/MegaPets.eu\/\"]}]}<\/script>\n<!-- \/ Yoast SEO plugin. -->","yoast_head_json":{"title":"Sz\u00e1ll\u00edt\u00e1s | MegaPets","robots":{"index":"index","follow":"follow","max-snippet":"max-snippet:-1","max-image-preview":"max-image-preview:large","max-video-preview":"max-video-preview:-1"},"canonical":"https:\/\/megapets.eu\/hu\/szallitas\/","og_locale":"hu_HU","og_type":"article","og_title":"Sz\u00e1ll\u00edt\u00e1s | MegaPets","og_url":"https:\/\/megapets.eu\/hu\/szallitas\/","og_site_name":"MegaPets","article_publisher":"https:\/\/www.facebook.com\/MegaPets.eu\/","article_modified_time":"2025-07-11T08:02:54+00:00","og_image":[{"width":2560,"height":1735,"url":"https:\/\/megapets.eu\/wp-content\/uploads\/2025\/04\/megapets_eu-info-scaled.png","type":"image\/png"}],"twitter_card":"summary_large_image","twitter_misc":{"Becs\u00fclt olvas\u00e1si id\u0151":"1 perc"},"schema":{"@context":"https:\/\/schema.org","@graph":[{"@type":"WebPage","@id":"https:\/\/megapets.eu\/hu\/szallitas\/","url":"https:\/\/megapets.eu\/hu\/szallitas\/","name":"Sz\u00e1ll\u00edt\u00e1s | MegaPets","isPartOf":{"@id":"https:\/\/megapets.eu\/hu\/#website"},"datePublished":"2024-10-06T20:40:07+00:00","dateModified":"2025-07-11T08:02:54+00:00","breadcrumb":{"@id":"https:\/\/megapets.eu\/hu\/szallitas\/#breadcrumb"},"inLanguage":"hu","potentialAction":[{"@type":"ReadAction","target":["https:\/\/megapets.eu\/hu\/szallitas\/"]}]},{"@type":"BreadcrumbList","@id":"https:\/\/megapets.eu\/hu\/szallitas\/#breadcrumb","itemListElement":[{"@type":"ListItem","position":1,"name":"Strona g\u0142\u00f3wna","item":"https:\/\/megapets.eu\/hu\/"},{"@type":"ListItem","position":2,"name":"Sz\u00e1ll\u00edt\u00e1s"}]},{"@type":"WebSite","@id":"https:\/\/megapets.eu\/hu\/#website","url":"https:\/\/megapets.eu\/hu\/","name":"Mega Pets","description":"Jedna z najwi\u0119kszych hodowli \u015blimak\u00f3w w Europie","publisher":{"@id":"https:\/\/megapets.eu\/hu\/#organization"},"alternateName":"Mega Pets","potentialAction":[{"@type":"SearchAction","target":{"@type":"EntryPoint","urlTemplate":"https:\/\/megapets.eu\/hu\/?s={search_term_string}"},"query-input":{"@type":"PropertyValueSpecification","valueRequired":true,"valueName":"search_term_string"}}],"inLanguage":"hu"},{"@type":"Organization","@id":"https:\/\/megapets.eu\/hu\/#organization","name":"Mega Pets","url":"https:\/\/megapets.eu\/hu\/","logo":{"@type":"ImageObject","inLanguage":"hu","@id":"https:\/\/megapets.eu\/hu\/#\/schema\/logo\/image\/","url":"https:\/\/megapets.eu\/wp-content\/uploads\/2025\/04\/megapets_eu-logo.png","contentUrl":"https:\/\/megapets.eu\/wp-content\/uploads\/2025\/04\/megapets_eu-logo.png","width":2362,"height":2362,"caption":"Mega Pets"},"image":{"@id":"https:\/\/megapets.eu\/hu\/#\/schema\/logo\/image\/"},"sameAs":["https:\/\/www.facebook.com\/MegaPets.eu\/"]}]}},"_links":{"self":[{"href":"https:\/\/megapets.eu\/hu\/wp-json\/wp\/v2\/pages\/8386","targetHints":{"allow":["GET"]}}],"collection":[{"href":"https:\/\/megapets.eu\/hu\/wp-json\/wp\/v2\/pages"}],"about":[{"href":"https:\/\/megapets.eu\/hu\/wp-json\/wp\/v2\/types\/page"}],"author":[{"embeddable":true,"href":"https:\/\/megapets.eu\/hu\/wp-json\/wp\/v2\/users\/4"}],"replies":[{"embeddable":true,"href":"https:\/\/megapets.eu\/hu\/wp-json\/wp\/v2\/comments?post=8386"}],"version-history":[{"count":2,"href":"https:\/\/megapets.eu\/hu\/wp-json\/wp\/v2\/pages\/8386\/revisions"}],"predecessor-version":[{"id":9645,"href":"https:\/\/megapets.eu\/hu\/wp-json\/wp\/v2\/pages\/8386\/revisions\/9645"}],"wp:attachment":[{"href":"https:\/\/megapets.eu\/hu\/wp-json\/wp\/v2\/media?parent=8386"}],"curies":[{"name":"wp","href":"https:\/\/api.w.org\/{rel}","templated":true}]}}