{"id":12511,"date":"2025-12-03T09:16:10","date_gmt":"2025-12-03T09:16:10","guid":{"rendered":"https:\/\/megapets.eu\/?post_type=product&#038;p=12511"},"modified":"2025-12-03T09:27:48","modified_gmt":"2025-12-03T09:27:48","slug":"szepia-darabokban-kiszereles-50-ml-kopia-kopia-kopia","status":"publish","type":"product","link":"https:\/\/megapets.eu\/hu\/tartozekok\/szepia-darabokban-kiszereles-50-ml-kopia-kopia-kopia\/","title":{"rendered":"&quot;Sz\u00e9pia darabokban&quot; kiszerel\u00e9s 50 ml (Kopia) (Kopia) (Kopia)"},"content":{"rendered":"<p><strong><span style=\"color: #e87020; font-size: 15px;\"><em>&quot;Sz\u00e9pia darabokban&quot; kiszerel\u00e9s 50 ml<\/em><\/span><\/strong><strong><span style=\"color: #e87020; font-size: 15px;\"><em> \u00d6sszetev\u0151k: 100% term\u00e9szetes tintahalcsont.<\/em><\/span><\/strong><strong><span style=\"color: #e87020; font-size: 15px;\"><em> Egy csomag 20-25 sz\u00e9piavir\u00e1got tartalmaz, k\u00f6r\u00fclbel\u00fcl 1-2 cm-es darabokban.<\/em><\/span><\/strong><strong><span style=\"color: #e87020; font-size: 15px;\"><em> Az \u00e1r 1 csomagra vonatkozik.<\/em><\/span><\/strong><em><span style=\"color: #424242;\"><strong><span style=\"font-size: 15px;\"> A sz\u00e9pia darabokban egy 100%-ban term\u00e9szetes sz\u00e9piacsont, amely kalciumforr\u00e1s egzotikus csig\u00e1k, tekn\u0151s\u00f6k \u00e9s m\u00e1s terr\u00e1riumi \u00e1llatok sz\u00e1m\u00e1ra. A sz\u00e9pia darabokban, kem\u00e9ny burkolat n\u00e9lk\u00fcl, k\u00f6r\u00fclbel\u00fcl 1-2 cm-es darabokra v\u00e1gva kaphat\u00f3. Ennek k\u00f6sz\u00f6nhet\u0151en a sz\u00e9pia darabok mindk\u00e9t oldala puha \u00e9s k\u00f6nnyen felvehet\u0151 a csiga sz\u00e1m\u00e1ra, a darabok sz\u00e1ma pedig megtakar\u00edt\u00e1st tesz lehet\u0151v\u00e9 az eg\u00e9sz sz\u00e9pi\u00e1hoz k\u00e9pest. A sz\u00e9pia darabokban t\u00f6rt\u00e9n\u0151 t\u00e1lal\u00e1s\u00e1nak m\u00f3dja: tegy\u00fcnk 1-2 darab sz\u00e9pi\u00e1t a terr\u00e1riumba, \u00e9s miut\u00e1n az \u00e1llat megette a sz\u00e9pi\u00e1t, adjunk neki friss adagot. A sz\u00e9pia darabokat a roml\u00e1s els\u0151 jeleire (a p\u00e1r\u00e1s terr\u00e1riumi k\u00f6r\u00fclm\u00e9nyek miatti foltok megjelen\u00e9se) ki kell cser\u00e9lni. <\/span><\/strong><\/span><\/em><em><span style=\"color: #424242;\"><strong><span style=\"font-size: 15px;\"> Mindig v\u00e1ltozatosabb\u00e1 teheted a kalcium form\u00e1j\u00e1t, amellyel kedvencedet eteted, \u00e9s kieg\u00e9sz\u00edt\u00e9sk\u00e9nt &quot;Kalciumot&quot; &#8211; csig\u00e1knak val\u00f3 kalciumot &#8211; is k\u00edn\u00e1lhatsz neki. <\/span><\/strong><\/span><\/em><em><span style=\"color: #424242;\"><strong><span style=\"font-size: 15px;\"> Aj\u00e1nlott t\u00e1pl\u00e1l\u00e9kkieg\u00e9sz\u00edt\u0151ink, amelyek m\u00e9g a legig\u00e9nyesebb fajok \u00e9rt\u00e9kes t\u00e1panyagig\u00e9ny\u00e9t is k\u00e9pesek kiel\u00e9g\u00edteni: &quot;Feh\u00e9rje \u00e9s vitamin&quot;, Egzotikus gy\u00f3gyn\u00f6v\u00e9nykever\u00e9k, \u0151r\u00f6lt gammarus. Javasoljuk a t\u00e1pl\u00e1l\u00e9kkieg\u00e9sz\u00edt\u0151k felv\u00e1ltva t\u00f6rt\u00e9n\u0151 haszn\u00e1lat\u00e1t, aminek k\u00f6sz\u00f6nhet\u0151en a kedvenc \u00e9trendje v\u00e1ltozatos \u00e9s teljes \u00e9rt\u00e9k\u0171 marad.<\/span><\/strong><\/span><\/em><\/p>\n","protected":false},"excerpt":{"rendered":"<ul class=\"product_attributes\">\n<li><span style=\"color: #555555;\">\u00d6sszet\u00e9tel:<\/span> 100%-ban term\u00e9szetes tintahalcsont<\/li>\n<li><span style=\"color: #555555;\"> A csomag tartalma:<\/span> 20-25 darab<\/li>\n<li><span style=\"color: #555555;\"> Az \u00e1r a k\u00f6vetkez\u0151kre vonatkozik:<\/span> 1 csomag<\/li>\n<\/ul>\n","protected":false},"featured_media":12539,"template":"","meta":{"_acf_changed":false,"_links_to":"","_links_to_target":""},"product_cat":[195],"product_tag":[196,199,198,197],"class_list":{"0":"post-12511","1":"product","2":"type-product","3":"status-publish","4":"has-post-thumbnail","6":"product_cat-tartozekok","7":"product_tag-csigak-szamara","8":"product_tag-csotanyok-eseteben","9":"product_tag-izopodak-eseteben","10":"product_tag-mert-a-ravaszsagok","12":"first","13":"instock","14":"shipping-taxable","15":"purchasable","16":"product-type-simple"},"acf":[],"yoast_head":"<!-- This site is optimized with the Yoast SEO plugin v24.9 - https:\/\/yoast.com\/wordpress\/plugins\/seo\/ -->\n<title>&quot;Sz\u00e9pia darabokban&quot; kiszerel\u00e9s 50 ml (Kopia) (Kopia) (Kopia) | MegaPets<\/title>\n<meta name=\"robots\" content=\"index, follow, max-snippet:-1, max-image-preview:large, max-video-preview:-1\" \/>\n<link rel=\"canonical\" href=\"https:\/\/megapets.eu\/hu\/tartozekok\/szepia-darabokban-kiszereles-50-ml-kopia-kopia-kopia\/\" \/>\n<meta property=\"og:locale\" content=\"hu_HU\" \/>\n<meta property=\"og:type\" content=\"article\" \/>\n<meta property=\"og:title\" content=\"&quot;Sz\u00e9pia darabokban&quot; kiszerel\u00e9s 50 ml (Kopia) (Kopia) (Kopia) | MegaPets\" \/>\n<meta property=\"og:description\" content=\"\u00d6sszet\u00e9tel: 100%-ban term\u00e9szetes tintahalcsont A csomag tartalma: 20-25 darab Az \u00e1r a k\u00f6vetkez\u0151kre vonatkozik: 1 csomag\" \/>\n<meta property=\"og:url\" content=\"https:\/\/megapets.eu\/hu\/tartozekok\/szepia-darabokban-kiszereles-50-ml-kopia-kopia-kopia\/\" \/>\n<meta property=\"og:site_name\" content=\"MegaPets\" \/>\n<meta property=\"article:publisher\" content=\"https:\/\/www.facebook.com\/MegaPets.eu\/\" \/>\n<meta property=\"article:modified_time\" content=\"2025-12-03T09:27:48+00:00\" \/>\n<meta property=\"og:image\" content=\"https:\/\/megapets.eu\/wp-content\/uploads\/2025\/12\/Mech_optimized-WEBP.webp\" \/>\n\t<meta property=\"og:image:width\" content=\"1200\" \/>\n\t<meta property=\"og:image:height\" content=\"800\" \/>\n\t<meta property=\"og:image:type\" content=\"image\/webp\" \/>\n<meta name=\"twitter:card\" content=\"summary_large_image\" \/>\n<meta name=\"twitter:label1\" content=\"Becs\u00fclt olvas\u00e1si id\u0151\" \/>\n\t<meta name=\"twitter:data1\" content=\"1 perc\" \/>\n<script type=\"application\/ld+json\" class=\"yoast-schema-graph\">{\"@context\":\"https:\/\/schema.org\",\"@graph\":[{\"@type\":\"WebPage\",\"@id\":\"https:\/\/megapets.eu\/hu\/tartozekok\/szepia-darabokban-kiszereles-50-ml-kopia-kopia-kopia\/\",\"url\":\"https:\/\/megapets.eu\/hu\/tartozekok\/szepia-darabokban-kiszereles-50-ml-kopia-kopia-kopia\/\",\"name\":\"&quot;Sz\u00e9pia darabokban&quot; kiszerel\u00e9s 50 ml (Kopia) (Kopia) (Kopia) | MegaPets\",\"isPartOf\":{\"@id\":\"https:\/\/megapets.eu\/hu\/#website\"},\"primaryImageOfPage\":{\"@id\":\"https:\/\/megapets.eu\/hu\/tartozekok\/szepia-darabokban-kiszereles-50-ml-kopia-kopia-kopia\/#primaryimage\"},\"image\":{\"@id\":\"https:\/\/megapets.eu\/hu\/tartozekok\/szepia-darabokban-kiszereles-50-ml-kopia-kopia-kopia\/#primaryimage\"},\"thumbnailUrl\":\"https:\/\/megapets.eu\/wp-content\/uploads\/2025\/12\/Mech_Sph_optimized4-WEBP.webp\",\"datePublished\":\"2025-12-03T09:16:10+00:00\",\"dateModified\":\"2025-12-03T09:27:48+00:00\",\"breadcrumb\":{\"@id\":\"https:\/\/megapets.eu\/hu\/tartozekok\/szepia-darabokban-kiszereles-50-ml-kopia-kopia-kopia\/#breadcrumb\"},\"inLanguage\":\"hu\",\"potentialAction\":[{\"@type\":\"ReadAction\",\"target\":[\"https:\/\/megapets.eu\/hu\/tartozekok\/szepia-darabokban-kiszereles-50-ml-kopia-kopia-kopia\/\"]}]},{\"@type\":\"ImageObject\",\"inLanguage\":\"hu\",\"@id\":\"https:\/\/megapets.eu\/hu\/tartozekok\/szepia-darabokban-kiszereles-50-ml-kopia-kopia-kopia\/#primaryimage\",\"url\":\"https:\/\/megapets.eu\/wp-content\/uploads\/2025\/12\/Mech_Sph_optimized4-WEBP.webp\",\"contentUrl\":\"https:\/\/megapets.eu\/wp-content\/uploads\/2025\/12\/Mech_Sph_optimized4-WEBP.webp\",\"width\":1200,\"height\":800},{\"@type\":\"BreadcrumbList\",\"@id\":\"https:\/\/megapets.eu\/hu\/tartozekok\/szepia-darabokban-kiszereles-50-ml-kopia-kopia-kopia\/#breadcrumb\",\"itemListElement\":[{\"@type\":\"ListItem\",\"position\":1,\"name\":\"Strona g\u0142\u00f3wna\",\"item\":\"https:\/\/megapets.eu\/hu\/\"},{\"@type\":\"ListItem\",\"position\":2,\"name\":\"Bolt\",\"item\":\"https:\/\/megapets.eu\/bolt\/\"},{\"@type\":\"ListItem\",\"position\":3,\"name\":\"&quot;Sz\u00e9pia darabokban&quot; kiszerel\u00e9s 50 ml (Kopia) (Kopia) (Kopia)\"}]},{\"@type\":\"WebSite\",\"@id\":\"https:\/\/megapets.eu\/hu\/#website\",\"url\":\"https:\/\/megapets.eu\/hu\/\",\"name\":\"Mega Pets\",\"description\":\"Jedna z najwi\u0119kszych hodowli \u015blimak\u00f3w w Europie\",\"publisher\":{\"@id\":\"https:\/\/megapets.eu\/hu\/#organization\"},\"alternateName\":\"Mega Pets\",\"potentialAction\":[{\"@type\":\"SearchAction\",\"target\":{\"@type\":\"EntryPoint\",\"urlTemplate\":\"https:\/\/megapets.eu\/hu\/?s={search_term_string}\"},\"query-input\":{\"@type\":\"PropertyValueSpecification\",\"valueRequired\":true,\"valueName\":\"search_term_string\"}}],\"inLanguage\":\"hu\"},{\"@type\":\"Organization\",\"@id\":\"https:\/\/megapets.eu\/hu\/#organization\",\"name\":\"Mega Pets\",\"url\":\"https:\/\/megapets.eu\/hu\/\",\"logo\":{\"@type\":\"ImageObject\",\"inLanguage\":\"hu\",\"@id\":\"https:\/\/megapets.eu\/hu\/#\/schema\/logo\/image\/\",\"url\":\"https:\/\/megapets.eu\/wp-content\/uploads\/2025\/04\/megapets_eu-logo.png\",\"contentUrl\":\"https:\/\/megapets.eu\/wp-content\/uploads\/2025\/04\/megapets_eu-logo.png\",\"width\":2362,\"height\":2362,\"caption\":\"Mega Pets\"},\"image\":{\"@id\":\"https:\/\/megapets.eu\/hu\/#\/schema\/logo\/image\/\"},\"sameAs\":[\"https:\/\/www.facebook.com\/MegaPets.eu\/\"]}]}<\/script>\n<!-- \/ Yoast SEO plugin. -->","yoast_head_json":{"title":"&quot;Sz\u00e9pia darabokban&quot; kiszerel\u00e9s 50 ml (Kopia) (Kopia) (Kopia) | MegaPets","robots":{"index":"index","follow":"follow","max-snippet":"max-snippet:-1","max-image-preview":"max-image-preview:large","max-video-preview":"max-video-preview:-1"},"canonical":"https:\/\/megapets.eu\/hu\/tartozekok\/szepia-darabokban-kiszereles-50-ml-kopia-kopia-kopia\/","og_locale":"hu_HU","og_type":"article","og_title":"&quot;Sz\u00e9pia darabokban&quot; kiszerel\u00e9s 50 ml (Kopia) (Kopia) (Kopia) | MegaPets","og_description":"\u00d6sszet\u00e9tel: 100%-ban term\u00e9szetes tintahalcsont A csomag tartalma: 20-25 darab Az \u00e1r a k\u00f6vetkez\u0151kre vonatkozik: 1 csomag","og_url":"https:\/\/megapets.eu\/hu\/tartozekok\/szepia-darabokban-kiszereles-50-ml-kopia-kopia-kopia\/","og_site_name":"MegaPets","article_publisher":"https:\/\/www.facebook.com\/MegaPets.eu\/","article_modified_time":"2025-12-03T09:27:48+00:00","og_image":[{"width":1200,"height":800,"url":"https:\/\/megapets.eu\/wp-content\/uploads\/2025\/12\/Mech_optimized-WEBP.webp","type":"image\/webp"}],"twitter_card":"summary_large_image","twitter_misc":{"Becs\u00fclt olvas\u00e1si id\u0151":"1 perc"},"schema":{"@context":"https:\/\/schema.org","@graph":[{"@type":"WebPage","@id":"https:\/\/megapets.eu\/hu\/tartozekok\/szepia-darabokban-kiszereles-50-ml-kopia-kopia-kopia\/","url":"https:\/\/megapets.eu\/hu\/tartozekok\/szepia-darabokban-kiszereles-50-ml-kopia-kopia-kopia\/","name":"&quot;Sz\u00e9pia darabokban&quot; kiszerel\u00e9s 50 ml (Kopia) (Kopia) (Kopia) | MegaPets","isPartOf":{"@id":"https:\/\/megapets.eu\/hu\/#website"},"primaryImageOfPage":{"@id":"https:\/\/megapets.eu\/hu\/tartozekok\/szepia-darabokban-kiszereles-50-ml-kopia-kopia-kopia\/#primaryimage"},"image":{"@id":"https:\/\/megapets.eu\/hu\/tartozekok\/szepia-darabokban-kiszereles-50-ml-kopia-kopia-kopia\/#primaryimage"},"thumbnailUrl":"https:\/\/megapets.eu\/wp-content\/uploads\/2025\/12\/Mech_Sph_optimized4-WEBP.webp","datePublished":"2025-12-03T09:16:10+00:00","dateModified":"2025-12-03T09:27:48+00:00","breadcrumb":{"@id":"https:\/\/megapets.eu\/hu\/tartozekok\/szepia-darabokban-kiszereles-50-ml-kopia-kopia-kopia\/#breadcrumb"},"inLanguage":"hu","potentialAction":[{"@type":"ReadAction","target":["https:\/\/megapets.eu\/hu\/tartozekok\/szepia-darabokban-kiszereles-50-ml-kopia-kopia-kopia\/"]}]},{"@type":"ImageObject","inLanguage":"hu","@id":"https:\/\/megapets.eu\/hu\/tartozekok\/szepia-darabokban-kiszereles-50-ml-kopia-kopia-kopia\/#primaryimage","url":"https:\/\/megapets.eu\/wp-content\/uploads\/2025\/12\/Mech_Sph_optimized4-WEBP.webp","contentUrl":"https:\/\/megapets.eu\/wp-content\/uploads\/2025\/12\/Mech_Sph_optimized4-WEBP.webp","width":1200,"height":800},{"@type":"BreadcrumbList","@id":"https:\/\/megapets.eu\/hu\/tartozekok\/szepia-darabokban-kiszereles-50-ml-kopia-kopia-kopia\/#breadcrumb","itemListElement":[{"@type":"ListItem","position":1,"name":"Strona g\u0142\u00f3wna","item":"https:\/\/megapets.eu\/hu\/"},{"@type":"ListItem","position":2,"name":"Bolt","item":"https:\/\/megapets.eu\/bolt\/"},{"@type":"ListItem","position":3,"name":"&quot;Sz\u00e9pia darabokban&quot; kiszerel\u00e9s 50 ml (Kopia) (Kopia) (Kopia)"}]},{"@type":"WebSite","@id":"https:\/\/megapets.eu\/hu\/#website","url":"https:\/\/megapets.eu\/hu\/","name":"Mega Pets","description":"Jedna z najwi\u0119kszych hodowli \u015blimak\u00f3w w Europie","publisher":{"@id":"https:\/\/megapets.eu\/hu\/#organization"},"alternateName":"Mega Pets","potentialAction":[{"@type":"SearchAction","target":{"@type":"EntryPoint","urlTemplate":"https:\/\/megapets.eu\/hu\/?s={search_term_string}"},"query-input":{"@type":"PropertyValueSpecification","valueRequired":true,"valueName":"search_term_string"}}],"inLanguage":"hu"},{"@type":"Organization","@id":"https:\/\/megapets.eu\/hu\/#organization","name":"Mega Pets","url":"https:\/\/megapets.eu\/hu\/","logo":{"@type":"ImageObject","inLanguage":"hu","@id":"https:\/\/megapets.eu\/hu\/#\/schema\/logo\/image\/","url":"https:\/\/megapets.eu\/wp-content\/uploads\/2025\/04\/megapets_eu-logo.png","contentUrl":"https:\/\/megapets.eu\/wp-content\/uploads\/2025\/04\/megapets_eu-logo.png","width":2362,"height":2362,"caption":"Mega Pets"},"image":{"@id":"https:\/\/megapets.eu\/hu\/#\/schema\/logo\/image\/"},"sameAs":["https:\/\/www.facebook.com\/MegaPets.eu\/"]}]}},"_links":{"self":[{"href":"https:\/\/megapets.eu\/hu\/wp-json\/wp\/v2\/product\/12511","targetHints":{"allow":["GET"]}}],"collection":[{"href":"https:\/\/megapets.eu\/hu\/wp-json\/wp\/v2\/product"}],"about":[{"href":"https:\/\/megapets.eu\/hu\/wp-json\/wp\/v2\/types\/product"}],"wp:featuredmedia":[{"embeddable":true,"href":"https:\/\/megapets.eu\/hu\/wp-json\/wp\/v2\/media\/12539"}],"wp:attachment":[{"href":"https:\/\/megapets.eu\/hu\/wp-json\/wp\/v2\/media?parent=12511"}],"wp:term":[{"taxonomy":"product_cat","embeddable":true,"href":"https:\/\/megapets.eu\/hu\/wp-json\/wp\/v2\/product_cat?post=12511"},{"taxonomy":"product_tag","embeddable":true,"href":"https:\/\/megapets.eu\/hu\/wp-json\/wp\/v2\/product_tag?post=12511"}],"curies":[{"name":"wp","href":"https:\/\/api.w.org\/{rel}","templated":true}]}}