{"id":7909,"date":"2025-05-29T06:43:19","date_gmt":"2025-05-29T06:43:19","guid":{"rendered":"https:\/\/megapets.eu\/nem-kategorizalt\/salpidobolus-sp-line-avatar\/"},"modified":"2025-05-29T06:43:19","modified_gmt":"2025-05-29T06:43:19","slug":"salpidobolus-sp-line-avatar","status":"publish","type":"product","link":"https:\/\/megapets.eu\/hu\/wije-hu\/salpidobolus-sp-line-avatar\/","title":{"rendered":"Salpidobolus sp. <br \/> &#8222;Line Avatar\u201e"},"content":{"rendered":"<p class=\"v1v1v1v1MsoNormal\"><span style=\"color: #d94890;\"><strong><em><span style=\"font-size: 15px;\"><span style=\"color: #ff0000;\"><span style=\"color: #424242;\">Faj: Salpidobolus sp. &#8222;Line Avatar\u201e<\/span><\/span><\/span><\/em><\/strong><\/span><\/p>\n<p><span style=\"color: #d94890;\"><strong><em><span style=\"font-size: 15px;\"><span style=\"color: #ff0000;\"><span style=\"color: #424242;\">K\u00f6nnyen karbantarthat\u00f3, \u00edgy kezd\u0151knek is kiv\u00e1l\u00f3.<\/span><\/span><\/span><\/em><\/strong><\/span><\/p>\n<p><span style=\"color: #424242;\"><span style=\"color: #000000;\"><em><span style=\"font-size: 15px;\">Valami men\u0151 teny\u00e9szetet keresel a kezd\u00e9shez? <\/span><\/em><\/span><span style=\"color: #333333;\"><em><span style=\"font-size: 15px;\">A krokodilok Salpidobolus sp. &#8222;Line Avatar\u201e gy\u00f6ny\u00f6r\u0171 \u00e9s k\u00f6nnyen tarthat\u00f3 l\u00e9nyek, amelyek teljesen biztons\u00e1gosak az ember sz\u00e1m\u00e1ra, \u00e9s nem harapnak. Gyenge \u00e1llkapcsuk van, amely a n\u00f6v\u00e9nyi anyagok feldarabol\u00e1s\u00e1ra van alkalmass\u00e1 t\u00e9ve. A krokodilok a nedves helyeket kedvelik, az aljzat fels\u0151 r\u00e9teg\u00e9ben \u00e9lnek, \u00e9s levelekkel, a krokodilok teny\u00e9szt\u00e9s\u00e9re tervezett t\u00f6bbkomponens\u0171 aljzattal, valamint z\u00f6lds\u00e9gekkel \u00e9s gy\u00fcm\u00f6lcs\u00f6kkel t\u00e1pl\u00e1lkoznak. Salpidobolus sp. &#8222;Line Avatar\u201e egy gy\u00f6ny\u00f6r\u0171, k\u00f6r\u00fclbel\u00fcl 12 cm hossz\u00fara n\u00f6v\u0151 krokodil. K\u00f6nnyen tarthat\u00f3 \u00e9s gyorsan n\u00f6v\u0151 faj.<\/span><\/em><\/span><\/span><\/p>\n<p class=\"v1v1v1v1MsoNormal\"><span style=\"color: #424242;\"><strong><em><span style=\"font-size: 15px;\"><span class=\"x1xsqp64 xiy17q3 x1o6pynw x19co3pv xdj266r xcwd3tp xat24cr x39eecv x2b8uid\" data-testid=\"emoji\"><span class=\"xexx8yu xn5pp95 x18d9i69 x2fxd7x x3jgonx x1bhl96m\">\ud83c\udf3f <\/span><\/span><span style=\"color: #424242;\">Minden, amire egy ilyen \u00e1llatnak sz\u00fcks\u00e9ge van ahhoz, hogy sikeresen n\u00f6vekedjen \u00e9s \u00e9ljen a terr\u00e1riumban:<\/span><\/span><\/em><\/strong><\/span><\/p>\n<p class=\"v1v1v1v1MsoNormal\"><span style=\"color: #008000;\"><strong><em><span style=\"font-size: 15px;\">* Aljzat \/ t\u00e1pl\u00e1l\u00e9k: Aljzat krokodilok \u00e9s viper\u00e1k nevel\u00e9s\u00e9hez (el\u00e9rhet\u0151 m\u00e1sik aukci\u00f3nkban);<\/span><\/em><\/strong><\/span><\/p>\n<p class=\"v1v1v1v1MsoNormal\"><span style=\"color: #008000;\"><strong><em><span style=\"font-size: 15px;\">* T\u00e1p: Friss z\u00f6lds\u00e9gek \u00e9s gy\u00fcm\u00f6lcs\u00f6k;<\/span><\/em><\/strong><\/span><\/p>\n<p class=\"v1v1v1v1MsoNormal\"><span style=\"color: #008000;\"><strong><em><span style=\"font-size: 15px;\">* T\u00e1p: F\u00f6ldi Gammarus sz\u00e1r\u00edtott cs\u00edra, makro- \u00e9s mikrot\u00e1panyagokban gazdag, term\u00e9szetes \u00e1llati feh\u00e9rje- \u00e9s kitinforr\u00e1s (el\u00e9rhet\u0151 m\u00e1sik aukci\u00f3nkban);<\/span><\/em><\/strong><\/span><\/p>\n<p class=\"v1v1v1v1MsoNormal\"><span style=\"color: #008000;\"><strong><em><span style=\"font-size: 15px;\">* Terr\u00e1rium: Faunabox ide\u00e1lis viper\u00e1k \u00e9s krokodilok teny\u00e9szt\u00e9s\u00e9re (kaphat\u00f3 m\u00e1sik aukci\u00f3nkon);<\/span><\/em><\/strong><\/span><\/p>\n<p class=\"v1v1v1v1MsoNormal\"><span style=\"color: #008000;\"><strong><em><span style=\"font-size: 15px;\">* Aj\u00e1nlott h\u0151m\u00e9rs\u00e9klet 22-26 \u00b0C \u00e9s kb. 70%-os p\u00e1ratartalom (ne hagyja kisz\u00e1radni az aljzatot, 2-3 naponta permetezze a terr\u00e1riumot).<\/span><\/em><\/strong><\/span><\/p>\n","protected":false},"excerpt":{"rendered":"<ul class=\"product_attributes\">\n<li><span style=\"color: #555555;\">C\u00e9lm\u00e9ret:<\/span> kb. 12 cm<\/li>\n<li><span style=\"color: #555555;\">Fiatalkor\u00faak:<\/span> kb. 2-3 cm<\/li>\n<li><span style=\"color: #555555;\">Az \u00e1r a k\u00f6vetkez\u0151re vonatkozik:<\/span> 1 db<\/li>\n<\/ul>\n","protected":false},"featured_media":7910,"template":"","meta":{"_acf_changed":false,"_links_to":"","_links_to_target":""},"product_cat":[194],"product_tag":[],"class_list":{"0":"post-7909","1":"product","2":"type-product","3":"status-publish","4":"has-post-thumbnail","6":"product_cat-wije-hu","8":"first","9":"instock","10":"shipping-taxable","11":"purchasable","12":"product-type-simple"},"acf":[],"yoast_head":"<!-- This site is optimized with the Yoast SEO plugin v24.9 - https:\/\/yoast.com\/wordpress\/plugins\/seo\/ -->\n<title>Salpidobolus sp.  &quot;Line Avatar&quot; | MegaPets<\/title>\n<meta name=\"robots\" content=\"index, follow, max-snippet:-1, max-image-preview:large, max-video-preview:-1\" \/>\n<link rel=\"canonical\" href=\"https:\/\/megapets.eu\/hu\/wije-hu\/salpidobolus-sp-line-avatar\/\" \/>\n<meta property=\"og:locale\" content=\"hu_HU\" \/>\n<meta property=\"og:type\" content=\"article\" \/>\n<meta property=\"og:title\" content=\"Salpidobolus sp.  &quot;Line Avatar&quot; | MegaPets\" \/>\n<meta property=\"og:description\" content=\"C\u00e9lm\u00e9ret: kb. 12 cm  Fiatalkor\u00faak: kb. 2-3 cm  Az \u00e1r a k\u00f6vetkez\u0151re vonatkozik: 1 db\" \/>\n<meta property=\"og:url\" content=\"https:\/\/megapets.eu\/hu\/wije-hu\/salpidobolus-sp-line-avatar\/\" \/>\n<meta property=\"og:site_name\" content=\"MegaPets\" \/>\n<meta property=\"article:publisher\" content=\"https:\/\/www.facebook.com\/MegaPets.eu\/\" \/>\n<meta property=\"og:image\" content=\"https:\/\/megapets.eu\/wp-content\/uploads\/2025\/05\/Salpidobollus-sp.-Line-Avatar.png\" \/>\n\t<meta property=\"og:image:width\" content=\"1054\" \/>\n\t<meta property=\"og:image:height\" content=\"691\" \/>\n\t<meta property=\"og:image:type\" content=\"image\/png\" \/>\n<meta name=\"twitter:card\" content=\"summary_large_image\" \/>\n<meta name=\"twitter:label1\" content=\"Becs\u00fclt olvas\u00e1si id\u0151\" \/>\n\t<meta name=\"twitter:data1\" content=\"1 perc\" \/>\n<script type=\"application\/ld+json\" class=\"yoast-schema-graph\">{\"@context\":\"https:\/\/schema.org\",\"@graph\":[{\"@type\":\"WebPage\",\"@id\":\"https:\/\/megapets.eu\/hu\/wije-hu\/salpidobolus-sp-line-avatar\/\",\"url\":\"https:\/\/megapets.eu\/hu\/wije-hu\/salpidobolus-sp-line-avatar\/\",\"name\":\"Salpidobolus sp. \\\"Line Avatar\\\" | MegaPets\",\"isPartOf\":{\"@id\":\"https:\/\/megapets.eu\/hu\/#website\"},\"primaryImageOfPage\":{\"@id\":\"https:\/\/megapets.eu\/hu\/wije-hu\/salpidobolus-sp-line-avatar\/#primaryimage\"},\"image\":{\"@id\":\"https:\/\/megapets.eu\/hu\/wije-hu\/salpidobolus-sp-line-avatar\/#primaryimage\"},\"thumbnailUrl\":\"https:\/\/megapets.eu\/wp-content\/uploads\/2025\/05\/Salpidobollus-sp.-Line-Avatar.png\",\"datePublished\":\"2025-05-29T06:43:19+00:00\",\"breadcrumb\":{\"@id\":\"https:\/\/megapets.eu\/hu\/wije-hu\/salpidobolus-sp-line-avatar\/#breadcrumb\"},\"inLanguage\":\"hu\",\"potentialAction\":[{\"@type\":\"ReadAction\",\"target\":[\"https:\/\/megapets.eu\/hu\/wije-hu\/salpidobolus-sp-line-avatar\/\"]}]},{\"@type\":\"ImageObject\",\"inLanguage\":\"hu\",\"@id\":\"https:\/\/megapets.eu\/hu\/wije-hu\/salpidobolus-sp-line-avatar\/#primaryimage\",\"url\":\"https:\/\/megapets.eu\/wp-content\/uploads\/2025\/05\/Salpidobollus-sp.-Line-Avatar.png\",\"contentUrl\":\"https:\/\/megapets.eu\/wp-content\/uploads\/2025\/05\/Salpidobollus-sp.-Line-Avatar.png\",\"width\":1054,\"height\":691},{\"@type\":\"BreadcrumbList\",\"@id\":\"https:\/\/megapets.eu\/hu\/wije-hu\/salpidobolus-sp-line-avatar\/#breadcrumb\",\"itemListElement\":[{\"@type\":\"ListItem\",\"position\":1,\"name\":\"Strona g\u0142\u00f3wna\",\"item\":\"https:\/\/megapets.eu\/hu\/\"},{\"@type\":\"ListItem\",\"position\":2,\"name\":\"Bolt\",\"item\":\"https:\/\/megapets.eu\/bolt\/\"},{\"@type\":\"ListItem\",\"position\":3,\"name\":\"Salpidobolus sp. &#8222;Line Avatar\\\"\"}]},{\"@type\":\"WebSite\",\"@id\":\"https:\/\/megapets.eu\/hu\/#website\",\"url\":\"https:\/\/megapets.eu\/hu\/\",\"name\":\"Mega Pets\",\"description\":\"Jedna z najwi\u0119kszych hodowli \u015blimak\u00f3w w Europie\",\"publisher\":{\"@id\":\"https:\/\/megapets.eu\/hu\/#organization\"},\"alternateName\":\"Mega Pets\",\"potentialAction\":[{\"@type\":\"SearchAction\",\"target\":{\"@type\":\"EntryPoint\",\"urlTemplate\":\"https:\/\/megapets.eu\/hu\/?s={search_term_string}\"},\"query-input\":{\"@type\":\"PropertyValueSpecification\",\"valueRequired\":true,\"valueName\":\"search_term_string\"}}],\"inLanguage\":\"hu\"},{\"@type\":\"Organization\",\"@id\":\"https:\/\/megapets.eu\/hu\/#organization\",\"name\":\"Mega Pets\",\"url\":\"https:\/\/megapets.eu\/hu\/\",\"logo\":{\"@type\":\"ImageObject\",\"inLanguage\":\"hu\",\"@id\":\"https:\/\/megapets.eu\/hu\/#\/schema\/logo\/image\/\",\"url\":\"https:\/\/megapets.eu\/wp-content\/uploads\/2025\/04\/megapets_eu-logo.png\",\"contentUrl\":\"https:\/\/megapets.eu\/wp-content\/uploads\/2025\/04\/megapets_eu-logo.png\",\"width\":2362,\"height\":2362,\"caption\":\"Mega Pets\"},\"image\":{\"@id\":\"https:\/\/megapets.eu\/hu\/#\/schema\/logo\/image\/\"},\"sameAs\":[\"https:\/\/www.facebook.com\/MegaPets.eu\/\"]}]}<\/script>\n<!-- \/ Yoast SEO plugin. -->","yoast_head_json":{"title":"Salpidobolus sp.  \"Line Avatar\" | MegaPets","robots":{"index":"index","follow":"follow","max-snippet":"max-snippet:-1","max-image-preview":"max-image-preview:large","max-video-preview":"max-video-preview:-1"},"canonical":"https:\/\/megapets.eu\/hu\/wije-hu\/salpidobolus-sp-line-avatar\/","og_locale":"hu_HU","og_type":"article","og_title":"Salpidobolus sp.  \"Line Avatar\" | MegaPets","og_description":"C\u00e9lm\u00e9ret: kb. 12 cm  Fiatalkor\u00faak: kb. 2-3 cm  Az \u00e1r a k\u00f6vetkez\u0151re vonatkozik: 1 db","og_url":"https:\/\/megapets.eu\/hu\/wije-hu\/salpidobolus-sp-line-avatar\/","og_site_name":"MegaPets","article_publisher":"https:\/\/www.facebook.com\/MegaPets.eu\/","og_image":[{"width":1054,"height":691,"url":"https:\/\/megapets.eu\/wp-content\/uploads\/2025\/05\/Salpidobollus-sp.-Line-Avatar.png","type":"image\/png"}],"twitter_card":"summary_large_image","twitter_misc":{"Becs\u00fclt olvas\u00e1si id\u0151":"1 perc"},"schema":{"@context":"https:\/\/schema.org","@graph":[{"@type":"WebPage","@id":"https:\/\/megapets.eu\/hu\/wije-hu\/salpidobolus-sp-line-avatar\/","url":"https:\/\/megapets.eu\/hu\/wije-hu\/salpidobolus-sp-line-avatar\/","name":"Salpidobolus sp. \"Line Avatar\" | MegaPets","isPartOf":{"@id":"https:\/\/megapets.eu\/hu\/#website"},"primaryImageOfPage":{"@id":"https:\/\/megapets.eu\/hu\/wije-hu\/salpidobolus-sp-line-avatar\/#primaryimage"},"image":{"@id":"https:\/\/megapets.eu\/hu\/wije-hu\/salpidobolus-sp-line-avatar\/#primaryimage"},"thumbnailUrl":"https:\/\/megapets.eu\/wp-content\/uploads\/2025\/05\/Salpidobollus-sp.-Line-Avatar.png","datePublished":"2025-05-29T06:43:19+00:00","breadcrumb":{"@id":"https:\/\/megapets.eu\/hu\/wije-hu\/salpidobolus-sp-line-avatar\/#breadcrumb"},"inLanguage":"hu","potentialAction":[{"@type":"ReadAction","target":["https:\/\/megapets.eu\/hu\/wije-hu\/salpidobolus-sp-line-avatar\/"]}]},{"@type":"ImageObject","inLanguage":"hu","@id":"https:\/\/megapets.eu\/hu\/wije-hu\/salpidobolus-sp-line-avatar\/#primaryimage","url":"https:\/\/megapets.eu\/wp-content\/uploads\/2025\/05\/Salpidobollus-sp.-Line-Avatar.png","contentUrl":"https:\/\/megapets.eu\/wp-content\/uploads\/2025\/05\/Salpidobollus-sp.-Line-Avatar.png","width":1054,"height":691},{"@type":"BreadcrumbList","@id":"https:\/\/megapets.eu\/hu\/wije-hu\/salpidobolus-sp-line-avatar\/#breadcrumb","itemListElement":[{"@type":"ListItem","position":1,"name":"Strona g\u0142\u00f3wna","item":"https:\/\/megapets.eu\/hu\/"},{"@type":"ListItem","position":2,"name":"Bolt","item":"https:\/\/megapets.eu\/bolt\/"},{"@type":"ListItem","position":3,"name":"Salpidobolus sp. &#8222;Line Avatar\""}]},{"@type":"WebSite","@id":"https:\/\/megapets.eu\/hu\/#website","url":"https:\/\/megapets.eu\/hu\/","name":"Mega Pets","description":"Jedna z najwi\u0119kszych hodowli \u015blimak\u00f3w w Europie","publisher":{"@id":"https:\/\/megapets.eu\/hu\/#organization"},"alternateName":"Mega Pets","potentialAction":[{"@type":"SearchAction","target":{"@type":"EntryPoint","urlTemplate":"https:\/\/megapets.eu\/hu\/?s={search_term_string}"},"query-input":{"@type":"PropertyValueSpecification","valueRequired":true,"valueName":"search_term_string"}}],"inLanguage":"hu"},{"@type":"Organization","@id":"https:\/\/megapets.eu\/hu\/#organization","name":"Mega Pets","url":"https:\/\/megapets.eu\/hu\/","logo":{"@type":"ImageObject","inLanguage":"hu","@id":"https:\/\/megapets.eu\/hu\/#\/schema\/logo\/image\/","url":"https:\/\/megapets.eu\/wp-content\/uploads\/2025\/04\/megapets_eu-logo.png","contentUrl":"https:\/\/megapets.eu\/wp-content\/uploads\/2025\/04\/megapets_eu-logo.png","width":2362,"height":2362,"caption":"Mega Pets"},"image":{"@id":"https:\/\/megapets.eu\/hu\/#\/schema\/logo\/image\/"},"sameAs":["https:\/\/www.facebook.com\/MegaPets.eu\/"]}]}},"_links":{"self":[{"href":"https:\/\/megapets.eu\/hu\/wp-json\/wp\/v2\/product\/7909","targetHints":{"allow":["GET"]}}],"collection":[{"href":"https:\/\/megapets.eu\/hu\/wp-json\/wp\/v2\/product"}],"about":[{"href":"https:\/\/megapets.eu\/hu\/wp-json\/wp\/v2\/types\/product"}],"wp:featuredmedia":[{"embeddable":true,"href":"https:\/\/megapets.eu\/hu\/wp-json\/wp\/v2\/media\/7910"}],"wp:attachment":[{"href":"https:\/\/megapets.eu\/hu\/wp-json\/wp\/v2\/media?parent=7909"}],"wp:term":[{"taxonomy":"product_cat","embeddable":true,"href":"https:\/\/megapets.eu\/hu\/wp-json\/wp\/v2\/product_cat?post=7909"},{"taxonomy":"product_tag","embeddable":true,"href":"https:\/\/megapets.eu\/hu\/wp-json\/wp\/v2\/product_tag?post=7909"}],"curies":[{"name":"wp","href":"https:\/\/api.w.org\/{rel}","templated":true}]}}