{"id":7914,"date":"2025-04-27T14:51:01","date_gmt":"2025-04-27T14:51:01","guid":{"rendered":"https:\/\/megapets.eu\/nem-kategorizalt\/lissachatina-reticulatastandard\/"},"modified":"2025-04-27T14:51:01","modified_gmt":"2025-04-27T14:51:01","slug":"lissachatina-reticulatastandard","status":"publish","type":"product","link":"https:\/\/megapets.eu\/hu\/csigak\/lissachatina-reticulatastandard\/","title":{"rendered":"Lissachatina reticulata<br \/>standard"},"content":{"rendered":"<p class=\"v1v1v1v1MsoNormal\"><span style=\"color: #424242;\"><strong><em><span style=\"font-size: 15px;\"><b>Faj: <\/b><\/span><\/em><\/strong><em><span style=\"font-size: 15px;\">Lissachatina reticulata<\/span><\/em><strong><em><span style=\"font-size: 15px;\"><br \/>\nSz\u00ednv\u00e1ltozat:<\/span><\/em><\/strong><em><span style=\"font-size: 15px;\"> standard<\/span><\/em><\/span><\/p>\n<p class=\"v1v1v1v1MsoNormal\"><span style=\"font-size: 15px;\"><strong><em><span style=\"color: #008000;\">\u2b50 <\/span><\/em><\/strong><em><span style=\"color: #008000;\"><span style=\"color: #424242;\">A Lissachatina reticulata faj a kezd\u0151k k\u00f6r\u00e9ben az egyik legn\u00e9pszer\u0171bb \u00e9s legismertebb afrikai csiga. Ez a faj nagyon akt\u00edv. A Lissachatina reticulata a szem\u00fcnk el\u0151tt n\u0151 nagyra, a kifejlett egyedek h\u00e9ja ak\u00e1r 16 cm f\u00f6l\u00e9 is megn\u0151het.<\/span><\/span><\/em><\/span><\/p>\n","protected":false},"excerpt":{"rendered":"<ul>\n<li>Egy nem rokon h\u00e1zasp\u00e1rt\u00f3l:\n<ul>\n<li><\/li>\n<\/ul>\n<\/li>\n<li>C\u00e9lh\u00fcvely m\u00e9rete:\n<ul>\n<li>kb. 15-16 cm<\/li>\n<\/ul>\n<\/li>\n<li>Felaj\u00e1nlott fiatal p\u00e9ld\u00e1ny:\n<ul>\n<li>kb. 6 cm<\/li>\n<\/ul>\n<\/li>\n<li>Az \u00e1r a k\u00f6vetkez\u0151kre vonatkozik: 1:\n<ul>\n<li>1 db<\/li>\n<\/ul>\n<\/li>\n<\/ul>\n","protected":false},"featured_media":7917,"template":"","meta":{"_acf_changed":false,"_links_to":"","_links_to_target":""},"product_cat":[193],"product_tag":[],"class_list":{"0":"post-7914","1":"product","2":"type-product","3":"status-publish","4":"has-post-thumbnail","6":"product_cat-csigak","8":"first","9":"outofstock","10":"shipping-taxable","11":"purchasable","12":"product-type-simple"},"acf":[],"yoast_head":"<!-- This site is optimized with the Yoast SEO plugin v24.9 - https:\/\/yoast.com\/wordpress\/plugins\/seo\/ -->\n<title>Lissachatina reticulatastandard | MegaPets<\/title>\n<meta name=\"description\" content=\"A Lissachatina reticulata faj az egyik legn\u00e9pszer\u0171bb \u00e9s legismertebb afrikai csiga a kezd\u0151k k\u00f6r\u00e9ben. Ez a faj nagyon akt\u00edv. A Lissachatina reticulata a szem\u00fcnk el\u0151tt n\u0151 nagyra, a kifejlett egyedek h\u00e9ja ak\u00e1r 16 cm f\u00f6l\u00e9 is n\u0151het.\" \/>\n<meta name=\"robots\" content=\"index, follow, max-snippet:-1, max-image-preview:large, max-video-preview:-1\" \/>\n<link rel=\"canonical\" href=\"https:\/\/megapets.eu\/hu\/csigak\/lissachatina-reticulatastandard\/\" \/>\n<meta property=\"og:locale\" content=\"hu_HU\" \/>\n<meta property=\"og:type\" content=\"article\" \/>\n<meta property=\"og:title\" content=\"Lissachatina reticulatastandard | MegaPets\" \/>\n<meta property=\"og:description\" content=\"A Lissachatina reticulata faj az egyik legn\u00e9pszer\u0171bb \u00e9s legismertebb afrikai csiga a kezd\u0151k k\u00f6r\u00e9ben. Ez a faj nagyon akt\u00edv. A Lissachatina reticulata a szem\u00fcnk el\u0151tt n\u0151 nagyra, a kifejlett egyedek h\u00e9ja ak\u00e1r 16 cm f\u00f6l\u00e9 is n\u0151het.\" \/>\n<meta property=\"og:url\" content=\"https:\/\/megapets.eu\/hu\/csigak\/lissachatina-reticulatastandard\/\" \/>\n<meta property=\"og:site_name\" content=\"MegaPets\" \/>\n<meta property=\"article:publisher\" content=\"https:\/\/www.facebook.com\/MegaPets.eu\/\" \/>\n<meta property=\"og:image\" content=\"https:\/\/megapets.eu\/wp-content\/uploads\/2025\/04\/Sklep-1.png\" \/>\n\t<meta property=\"og:image:width\" content=\"1048\" \/>\n\t<meta property=\"og:image:height\" content=\"706\" \/>\n\t<meta property=\"og:image:type\" content=\"image\/png\" \/>\n<meta name=\"twitter:card\" content=\"summary_large_image\" \/>\n<script type=\"application\/ld+json\" class=\"yoast-schema-graph\">{\"@context\":\"https:\/\/schema.org\",\"@graph\":[{\"@type\":\"WebPage\",\"@id\":\"https:\/\/megapets.eu\/hu\/csigak\/lissachatina-reticulatastandard\/\",\"url\":\"https:\/\/megapets.eu\/hu\/csigak\/lissachatina-reticulatastandard\/\",\"name\":\"Lissachatina reticulata standard | MegaPets\",\"isPartOf\":{\"@id\":\"https:\/\/megapets.eu\/hu\/#website\"},\"primaryImageOfPage\":{\"@id\":\"https:\/\/megapets.eu\/hu\/csigak\/lissachatina-reticulatastandard\/#primaryimage\"},\"image\":{\"@id\":\"https:\/\/megapets.eu\/hu\/csigak\/lissachatina-reticulatastandard\/#primaryimage\"},\"thumbnailUrl\":\"https:\/\/megapets.eu\/wp-content\/uploads\/2025\/04\/Sklep-1.png\",\"datePublished\":\"2025-04-27T14:51:01+00:00\",\"description\":\"A Lissachatina reticulata faj az egyik legn\u00e9pszer\u0171bb \u00e9s legismertebb afrikai csiga a kezd\u0151k k\u00f6r\u00e9ben. Ez a faj nagyon akt\u00edv. A Lissachatina reticulata a szem\u00fcnk el\u0151tt n\u0151 nagyra, a kifejlett egyedek h\u00e9ja ak\u00e1r 16 cm f\u00f6l\u00e9 is n\u0151het.\",\"breadcrumb\":{\"@id\":\"https:\/\/megapets.eu\/hu\/csigak\/lissachatina-reticulatastandard\/#breadcrumb\"},\"inLanguage\":\"hu\",\"potentialAction\":[{\"@type\":\"ReadAction\",\"target\":[\"https:\/\/megapets.eu\/hu\/csigak\/lissachatina-reticulatastandard\/\"]}]},{\"@type\":\"ImageObject\",\"inLanguage\":\"hu\",\"@id\":\"https:\/\/megapets.eu\/hu\/csigak\/lissachatina-reticulatastandard\/#primaryimage\",\"url\":\"https:\/\/megapets.eu\/wp-content\/uploads\/2025\/04\/Sklep-1.png\",\"contentUrl\":\"https:\/\/megapets.eu\/wp-content\/uploads\/2025\/04\/Sklep-1.png\",\"width\":1048,\"height\":706},{\"@type\":\"BreadcrumbList\",\"@id\":\"https:\/\/megapets.eu\/hu\/csigak\/lissachatina-reticulatastandard\/#breadcrumb\",\"itemListElement\":[{\"@type\":\"ListItem\",\"position\":1,\"name\":\"Strona g\u0142\u00f3wna\",\"item\":\"https:\/\/megapets.eu\/hu\/\"},{\"@type\":\"ListItem\",\"position\":2,\"name\":\"Bolt\",\"item\":\"https:\/\/megapets.eu\/bolt\/\"},{\"@type\":\"ListItem\",\"position\":3,\"name\":\"Lissachatina reticulatastandard\"}]},{\"@type\":\"WebSite\",\"@id\":\"https:\/\/megapets.eu\/hu\/#website\",\"url\":\"https:\/\/megapets.eu\/hu\/\",\"name\":\"Mega Pets\",\"description\":\"Jedna z najwi\u0119kszych hodowli \u015blimak\u00f3w w Europie\",\"publisher\":{\"@id\":\"https:\/\/megapets.eu\/hu\/#organization\"},\"alternateName\":\"Mega Pets\",\"potentialAction\":[{\"@type\":\"SearchAction\",\"target\":{\"@type\":\"EntryPoint\",\"urlTemplate\":\"https:\/\/megapets.eu\/hu\/?s={search_term_string}\"},\"query-input\":{\"@type\":\"PropertyValueSpecification\",\"valueRequired\":true,\"valueName\":\"search_term_string\"}}],\"inLanguage\":\"hu\"},{\"@type\":\"Organization\",\"@id\":\"https:\/\/megapets.eu\/hu\/#organization\",\"name\":\"Mega Pets\",\"url\":\"https:\/\/megapets.eu\/hu\/\",\"logo\":{\"@type\":\"ImageObject\",\"inLanguage\":\"hu\",\"@id\":\"https:\/\/megapets.eu\/hu\/#\/schema\/logo\/image\/\",\"url\":\"https:\/\/megapets.eu\/wp-content\/uploads\/2025\/04\/megapets_eu-logo.png\",\"contentUrl\":\"https:\/\/megapets.eu\/wp-content\/uploads\/2025\/04\/megapets_eu-logo.png\",\"width\":2362,\"height\":2362,\"caption\":\"Mega Pets\"},\"image\":{\"@id\":\"https:\/\/megapets.eu\/hu\/#\/schema\/logo\/image\/\"},\"sameAs\":[\"https:\/\/www.facebook.com\/MegaPets.eu\/\"]}]}<\/script>\n<!-- \/ Yoast SEO plugin. -->","yoast_head_json":{"title":"Lissachatina reticulatastandard | MegaPets","description":"A Lissachatina reticulata faj az egyik legn\u00e9pszer\u0171bb \u00e9s legismertebb afrikai csiga a kezd\u0151k k\u00f6r\u00e9ben. Ez a faj nagyon akt\u00edv. A Lissachatina reticulata a szem\u00fcnk el\u0151tt n\u0151 nagyra, a kifejlett egyedek h\u00e9ja ak\u00e1r 16 cm f\u00f6l\u00e9 is n\u0151het.","robots":{"index":"index","follow":"follow","max-snippet":"max-snippet:-1","max-image-preview":"max-image-preview:large","max-video-preview":"max-video-preview:-1"},"canonical":"https:\/\/megapets.eu\/hu\/csigak\/lissachatina-reticulatastandard\/","og_locale":"hu_HU","og_type":"article","og_title":"Lissachatina reticulatastandard | MegaPets","og_description":"A Lissachatina reticulata faj az egyik legn\u00e9pszer\u0171bb \u00e9s legismertebb afrikai csiga a kezd\u0151k k\u00f6r\u00e9ben. Ez a faj nagyon akt\u00edv. A Lissachatina reticulata a szem\u00fcnk el\u0151tt n\u0151 nagyra, a kifejlett egyedek h\u00e9ja ak\u00e1r 16 cm f\u00f6l\u00e9 is n\u0151het.","og_url":"https:\/\/megapets.eu\/hu\/csigak\/lissachatina-reticulatastandard\/","og_site_name":"MegaPets","article_publisher":"https:\/\/www.facebook.com\/MegaPets.eu\/","og_image":[{"width":1048,"height":706,"url":"https:\/\/megapets.eu\/wp-content\/uploads\/2025\/04\/Sklep-1.png","type":"image\/png"}],"twitter_card":"summary_large_image","schema":{"@context":"https:\/\/schema.org","@graph":[{"@type":"WebPage","@id":"https:\/\/megapets.eu\/hu\/csigak\/lissachatina-reticulatastandard\/","url":"https:\/\/megapets.eu\/hu\/csigak\/lissachatina-reticulatastandard\/","name":"Lissachatina reticulata standard | MegaPets","isPartOf":{"@id":"https:\/\/megapets.eu\/hu\/#website"},"primaryImageOfPage":{"@id":"https:\/\/megapets.eu\/hu\/csigak\/lissachatina-reticulatastandard\/#primaryimage"},"image":{"@id":"https:\/\/megapets.eu\/hu\/csigak\/lissachatina-reticulatastandard\/#primaryimage"},"thumbnailUrl":"https:\/\/megapets.eu\/wp-content\/uploads\/2025\/04\/Sklep-1.png","datePublished":"2025-04-27T14:51:01+00:00","description":"A Lissachatina reticulata faj az egyik legn\u00e9pszer\u0171bb \u00e9s legismertebb afrikai csiga a kezd\u0151k k\u00f6r\u00e9ben. Ez a faj nagyon akt\u00edv. A Lissachatina reticulata a szem\u00fcnk el\u0151tt n\u0151 nagyra, a kifejlett egyedek h\u00e9ja ak\u00e1r 16 cm f\u00f6l\u00e9 is n\u0151het.","breadcrumb":{"@id":"https:\/\/megapets.eu\/hu\/csigak\/lissachatina-reticulatastandard\/#breadcrumb"},"inLanguage":"hu","potentialAction":[{"@type":"ReadAction","target":["https:\/\/megapets.eu\/hu\/csigak\/lissachatina-reticulatastandard\/"]}]},{"@type":"ImageObject","inLanguage":"hu","@id":"https:\/\/megapets.eu\/hu\/csigak\/lissachatina-reticulatastandard\/#primaryimage","url":"https:\/\/megapets.eu\/wp-content\/uploads\/2025\/04\/Sklep-1.png","contentUrl":"https:\/\/megapets.eu\/wp-content\/uploads\/2025\/04\/Sklep-1.png","width":1048,"height":706},{"@type":"BreadcrumbList","@id":"https:\/\/megapets.eu\/hu\/csigak\/lissachatina-reticulatastandard\/#breadcrumb","itemListElement":[{"@type":"ListItem","position":1,"name":"Strona g\u0142\u00f3wna","item":"https:\/\/megapets.eu\/hu\/"},{"@type":"ListItem","position":2,"name":"Bolt","item":"https:\/\/megapets.eu\/bolt\/"},{"@type":"ListItem","position":3,"name":"Lissachatina reticulatastandard"}]},{"@type":"WebSite","@id":"https:\/\/megapets.eu\/hu\/#website","url":"https:\/\/megapets.eu\/hu\/","name":"Mega Pets","description":"Jedna z najwi\u0119kszych hodowli \u015blimak\u00f3w w Europie","publisher":{"@id":"https:\/\/megapets.eu\/hu\/#organization"},"alternateName":"Mega Pets","potentialAction":[{"@type":"SearchAction","target":{"@type":"EntryPoint","urlTemplate":"https:\/\/megapets.eu\/hu\/?s={search_term_string}"},"query-input":{"@type":"PropertyValueSpecification","valueRequired":true,"valueName":"search_term_string"}}],"inLanguage":"hu"},{"@type":"Organization","@id":"https:\/\/megapets.eu\/hu\/#organization","name":"Mega Pets","url":"https:\/\/megapets.eu\/hu\/","logo":{"@type":"ImageObject","inLanguage":"hu","@id":"https:\/\/megapets.eu\/hu\/#\/schema\/logo\/image\/","url":"https:\/\/megapets.eu\/wp-content\/uploads\/2025\/04\/megapets_eu-logo.png","contentUrl":"https:\/\/megapets.eu\/wp-content\/uploads\/2025\/04\/megapets_eu-logo.png","width":2362,"height":2362,"caption":"Mega Pets"},"image":{"@id":"https:\/\/megapets.eu\/hu\/#\/schema\/logo\/image\/"},"sameAs":["https:\/\/www.facebook.com\/MegaPets.eu\/"]}]}},"_links":{"self":[{"href":"https:\/\/megapets.eu\/hu\/wp-json\/wp\/v2\/product\/7914","targetHints":{"allow":["GET"]}}],"collection":[{"href":"https:\/\/megapets.eu\/hu\/wp-json\/wp\/v2\/product"}],"about":[{"href":"https:\/\/megapets.eu\/hu\/wp-json\/wp\/v2\/types\/product"}],"wp:featuredmedia":[{"embeddable":true,"href":"https:\/\/megapets.eu\/hu\/wp-json\/wp\/v2\/media\/7917"}],"wp:attachment":[{"href":"https:\/\/megapets.eu\/hu\/wp-json\/wp\/v2\/media?parent=7914"}],"wp:term":[{"taxonomy":"product_cat","embeddable":true,"href":"https:\/\/megapets.eu\/hu\/wp-json\/wp\/v2\/product_cat?post=7914"},{"taxonomy":"product_tag","embeddable":true,"href":"https:\/\/megapets.eu\/hu\/wp-json\/wp\/v2\/product_tag?post=7914"}],"curies":[{"name":"wp","href":"https:\/\/api.w.org\/{rel}","templated":true}]}}