{"id":7931,"date":"2025-06-10T12:06:18","date_gmt":"2025-06-10T12:06:18","guid":{"rendered":"https:\/\/megapets.eu\/nem-kategorizalt\/5-db-os-keszlet-1-ingyenes-egzotikus-csigakhoz\/"},"modified":"2026-03-27T19:30:56","modified_gmt":"2026-03-27T19:30:56","slug":"5-db-os-keszlet-1-ingyenes-egzotikus-csigakhoz","status":"publish","type":"product","link":"https:\/\/megapets.eu\/hu\/tartozekok\/5-db-os-keszlet-1-ingyenes-egzotikus-csigakhoz\/","title":{"rendered":"5 db-os k\u00e9szlet + 1 INGYENES! <br \/> egzotikus csig\u00e1khoz"},"content":{"rendered":"<p><em><b>&#8222;Set of 5 pcs + 1 FREE!\u201e <\/b>egzotikus csig\u00e1khoz:<\/em><\/p>\n<p><em><b>Az \u00e1rra vonatkozik: <\/b>&#8222;5 db-os k\u00e9szlet + 1 INGYENES!\u201e egzotikus \/ afrikai csig\u00e1k teny\u00e9szt\u00e9s\u00e9hez\u201e.<\/em><\/p>\n<p><em>A kezd\u0151 k\u00e9szlet tartalmazza:<\/em><\/p>\n<p><em><b>1 db x Kalcium 200g. <\/b>A<b> <\/b>oldalon a csig\u00e1k napi \u00e9trendj\u00e9b\u0151l nem hi\u00e1nyozhat a sz\u00e9p \u00e9s eg\u00e9szs\u00e9ges csigah\u00e1z alap \u00e9p\u00edt\u0151k\u00f6ve. A &#8222;Calcium\u201e csomag 100% toj\u00e1sh\u00e9jport tartalmaz.<\/em><\/p>\n<p><em><b>1 db x Protein &amp; Vitamin 120g. <\/b>A &#8222;Protein &amp; Vitamin\u201e csomag olyan gabonakever\u00e9ket tartalmaz, amely tele van \u00e9rt\u00e9kes t\u00e1panyagokkal a h\u00e1zi\u00e1llatok megfelel\u0151 fejl\u0151d\u00e9s\u00e9hez, hasznos kieg\u00e9sz\u00edt\u0151je a csig\u00e1k alapt\u00e1pl\u00e1l\u00e9k\u00e1nak.<\/em><\/p>\n<p><em><b>1 x Egzotikus gy\u00f3gyn\u00f6v\u00e9nykever\u00e9k 100g. <\/b>Az &#8222;Exotic mix herbal\u201e csomag gondosan v\u00e1logatott gy\u00f3gyn\u00f6v\u00e9nyeket tartalmaz, \u00e9rt\u00e9kes \u00e9s term\u00e9szetes kieg\u00e9sz\u00edt\u00e9st, amely seg\u00edt az egzotikus csig\u00e1k \u00e9trendj\u00e9nek gazdag\u00edt\u00e1s\u00e1ban a vitamin- \u00e9s \u00e1sv\u00e1nyi anyag sz\u00fcks\u00e9gleteik alapj\u00e1n, a h\u00e1zi\u00e1llatok eg\u00e9szs\u00e9g\u00e9hez n\u00e9lk\u00fcl\u00f6zhetetlen \u00f6sszetev\u0151k.<\/em><\/p>\n<p><em><b>1db x Calcium mix 180g.<\/b> A &#8216;Calcium mix&#8217; csomag toj\u00e1sh\u00e9jb\u00f3l \u00e9s szepi\u00e1b\u00f3l k\u00e9sz\u00fclt port tartalmaz.<\/em><\/p>\n<p><em><b>1db x Gammarus 60g. <\/b>Az \u0151r\u00f6lt Gammarus sz\u00e1r\u00edtott cs\u00edra, makro- \u00e9s mikroelemekben gazdag, term\u00e9szetes \u00e1llati feh\u00e9rje- \u00e9s kitinforr\u00e1s.<\/em><\/p>\n<p><em><b>1 db x Flower mix 25g. (INGYENES!) <\/b>A vir\u00e1gmix csomag term\u00e9szetes sz\u00e1r\u00edtott vir\u00e1gszirmokat \u00e9s leveleket tartalmaz.<\/em><\/p>\n<p><em>A kieg\u00e9sz\u00edt\u0151ket aj\u00e1nlott felv\u00e1ltva haszn\u00e1lni, hogy a csiga \u00e9trendje v\u00e1ltozatos \u00e9s teljes legyen. Kieg\u00e9sz\u00edt\u0151inket a csig\u00e1k ir\u00e1nti szeretettel fejlesztett\u00fck ki, \u00e9s sok\u00e9ves teny\u00e9szt\u00e9si tapasztalaton alapulnak, \u00edgy garant\u00e1lni tudjuk min\u0151s\u00e9g\u00fcket \u00e9s hat\u00e9konys\u00e1gukat!<\/em><\/p>\n<p><em>\u2b50 Olyan kieg\u00e9sz\u00edt\u0151ket aj\u00e1nlunk, amelyek m\u00e9g a legig\u00e9nyesebb fajok \u00e9rt\u00e9kes t\u00e1panyagokban val\u00f3 ig\u00e9nyeit is k\u00e9pesek kiel\u00e9g\u00edteni: &#8222;Feh\u00e9rje \u00e9s vitamin\u201e, &#8222;Egzotikus gy\u00f3gyn\u00f6v\u00e9nykever\u00e9k\u201e, &#8222;Gammarus\u201e f\u00f6ld, &#8222;Vir\u00e1gkever\u00e9k\u201e. A kieg\u00e9sz\u00edt\u0151ket aj\u00e1nlott felv\u00e1ltva haszn\u00e1lni, hogy kedvence \u00e9trendje v\u00e1ltozatos \u00e9s teljes \u00e9rt\u00e9k\u0171 maradjon.<\/em><\/p>\n<p><em>\u2b50 A sz\u00e9p \u00e9s eg\u00e9szs\u00e9ges h\u00e9j alapvet\u0151 \u00e9p\u00edt\u0151k\u00f6vei nem hi\u00e1nyozhatnak a csig\u00e1k napi \u00e9trendj\u00e9b\u0151l: &#8222;Calcium\u201e, &#8222;Calcium mix\u201e.<\/em><\/p>\n","protected":false},"excerpt":{"rendered":"<ul class=\"product_attributes\">\n<li><span style=\"color: #555555;\">Tartalmazza:<\/span><\/li>\n<li><span style=\"color: #555555;\">k\u00e9szlet:<\/span><\/li>\n<li><span style=\"color: #555555;\"> Az \u00e1r \u00e9rinti: 5 db + 1 INGYENES! Az \u00e1r \u00e9rinti: 5 db + 1 INGYENES!<\/span> 1 kompl.<\/li>\n<\/ul>\n","protected":false},"featured_media":7932,"template":"","meta":{"_acf_changed":false,"_links_to":"","_links_to_target":""},"product_cat":[195],"product_tag":[196,199,198,197],"class_list":{"0":"post-7931","1":"product","2":"type-product","3":"status-publish","4":"has-post-thumbnail","6":"product_cat-tartozekok","7":"product_tag-csigak-szamara","8":"product_tag-csotanyok-eseteben","9":"product_tag-izopodak-eseteben","10":"product_tag-mert-a-ravaszsagok","12":"first","13":"instock","14":"shipping-taxable","15":"purchasable","16":"product-type-simple"},"acf":[],"yoast_head":"<!-- This site is optimized with the Yoast SEO plugin v24.9 - https:\/\/yoast.com\/wordpress\/plugins\/seo\/ -->\n<title>5 db-os k\u00e9szlet + 1 INGYENES!  egzotikus csig\u00e1khoz | MegaPets<\/title>\n<meta name=\"robots\" content=\"index, follow, max-snippet:-1, max-image-preview:large, max-video-preview:-1\" \/>\n<link rel=\"canonical\" href=\"https:\/\/megapets.eu\/hu\/tartozekok\/5-db-os-keszlet-1-ingyenes-egzotikus-csigakhoz\/\" \/>\n<meta property=\"og:locale\" content=\"hu_HU\" \/>\n<meta property=\"og:type\" content=\"article\" \/>\n<meta property=\"og:title\" content=\"5 db-os k\u00e9szlet + 1 INGYENES!  egzotikus csig\u00e1khoz | MegaPets\" \/>\n<meta property=\"og:description\" content=\"Tartalmazza:  k\u00e9szlet:  Az \u00e1r \u00e9rinti: 5 db + 1 INGYENES! Az \u00e1r \u00e9rinti: 5 db + 1 INGYENES! 1 kompl.\" \/>\n<meta property=\"og:url\" content=\"https:\/\/megapets.eu\/hu\/tartozekok\/5-db-os-keszlet-1-ingyenes-egzotikus-csigakhoz\/\" \/>\n<meta property=\"og:site_name\" content=\"MegaPets\" \/>\n<meta property=\"article:publisher\" content=\"https:\/\/www.facebook.com\/MegaPets.eu\/\" \/>\n<meta property=\"article:modified_time\" content=\"2026-03-27T19:30:56+00:00\" \/>\n<meta property=\"og:image\" content=\"https:\/\/megapets.eu\/wp-content\/uploads\/2025\/06\/Zestaw-5-szt-1-gratis.png\" \/>\n\t<meta property=\"og:image:width\" content=\"1052\" \/>\n\t<meta property=\"og:image:height\" content=\"692\" \/>\n\t<meta property=\"og:image:type\" content=\"image\/png\" \/>\n<meta name=\"twitter:card\" content=\"summary_large_image\" \/>\n<meta name=\"twitter:label1\" content=\"Becs\u00fclt olvas\u00e1si id\u0151\" \/>\n\t<meta name=\"twitter:data1\" content=\"2 perc\" \/>\n<script type=\"application\/ld+json\" class=\"yoast-schema-graph\">{\"@context\":\"https:\/\/schema.org\",\"@graph\":[{\"@type\":\"WebPage\",\"@id\":\"https:\/\/megapets.eu\/hu\/tartozekok\/5-db-os-keszlet-1-ingyenes-egzotikus-csigakhoz\/\",\"url\":\"https:\/\/megapets.eu\/hu\/tartozekok\/5-db-os-keszlet-1-ingyenes-egzotikus-csigakhoz\/\",\"name\":\"5 db-os k\u00e9szlet + 1 INGYENES! egzotikus csig\u00e1khoz | MegaPets\",\"isPartOf\":{\"@id\":\"https:\/\/megapets.eu\/hu\/#website\"},\"primaryImageOfPage\":{\"@id\":\"https:\/\/megapets.eu\/hu\/tartozekok\/5-db-os-keszlet-1-ingyenes-egzotikus-csigakhoz\/#primaryimage\"},\"image\":{\"@id\":\"https:\/\/megapets.eu\/hu\/tartozekok\/5-db-os-keszlet-1-ingyenes-egzotikus-csigakhoz\/#primaryimage\"},\"thumbnailUrl\":\"https:\/\/megapets.eu\/wp-content\/uploads\/2025\/06\/Zestaw-5-szt-1-gratis.png\",\"datePublished\":\"2025-06-10T12:06:18+00:00\",\"dateModified\":\"2026-03-27T19:30:56+00:00\",\"breadcrumb\":{\"@id\":\"https:\/\/megapets.eu\/hu\/tartozekok\/5-db-os-keszlet-1-ingyenes-egzotikus-csigakhoz\/#breadcrumb\"},\"inLanguage\":\"hu\",\"potentialAction\":[{\"@type\":\"ReadAction\",\"target\":[\"https:\/\/megapets.eu\/hu\/tartozekok\/5-db-os-keszlet-1-ingyenes-egzotikus-csigakhoz\/\"]}]},{\"@type\":\"ImageObject\",\"inLanguage\":\"hu\",\"@id\":\"https:\/\/megapets.eu\/hu\/tartozekok\/5-db-os-keszlet-1-ingyenes-egzotikus-csigakhoz\/#primaryimage\",\"url\":\"https:\/\/megapets.eu\/wp-content\/uploads\/2025\/06\/Zestaw-5-szt-1-gratis.png\",\"contentUrl\":\"https:\/\/megapets.eu\/wp-content\/uploads\/2025\/06\/Zestaw-5-szt-1-gratis.png\",\"width\":1052,\"height\":692},{\"@type\":\"BreadcrumbList\",\"@id\":\"https:\/\/megapets.eu\/hu\/tartozekok\/5-db-os-keszlet-1-ingyenes-egzotikus-csigakhoz\/#breadcrumb\",\"itemListElement\":[{\"@type\":\"ListItem\",\"position\":1,\"name\":\"Strona g\u0142\u00f3wna\",\"item\":\"https:\/\/megapets.eu\/hu\/\"},{\"@type\":\"ListItem\",\"position\":2,\"name\":\"Bolt\",\"item\":\"https:\/\/megapets.eu\/bolt\/\"},{\"@type\":\"ListItem\",\"position\":3,\"name\":\"5 db-os k\u00e9szlet + 1 INGYENES! egzotikus csig\u00e1khoz\"}]},{\"@type\":\"WebSite\",\"@id\":\"https:\/\/megapets.eu\/hu\/#website\",\"url\":\"https:\/\/megapets.eu\/hu\/\",\"name\":\"Mega Pets\",\"description\":\"Jedna z najwi\u0119kszych hodowli \u015blimak\u00f3w w Europie\",\"publisher\":{\"@id\":\"https:\/\/megapets.eu\/hu\/#organization\"},\"alternateName\":\"Mega Pets\",\"potentialAction\":[{\"@type\":\"SearchAction\",\"target\":{\"@type\":\"EntryPoint\",\"urlTemplate\":\"https:\/\/megapets.eu\/hu\/?s={search_term_string}\"},\"query-input\":{\"@type\":\"PropertyValueSpecification\",\"valueRequired\":true,\"valueName\":\"search_term_string\"}}],\"inLanguage\":\"hu\"},{\"@type\":\"Organization\",\"@id\":\"https:\/\/megapets.eu\/hu\/#organization\",\"name\":\"Mega Pets\",\"url\":\"https:\/\/megapets.eu\/hu\/\",\"logo\":{\"@type\":\"ImageObject\",\"inLanguage\":\"hu\",\"@id\":\"https:\/\/megapets.eu\/hu\/#\/schema\/logo\/image\/\",\"url\":\"https:\/\/megapets.eu\/wp-content\/uploads\/2025\/04\/megapets_eu-logo.png\",\"contentUrl\":\"https:\/\/megapets.eu\/wp-content\/uploads\/2025\/04\/megapets_eu-logo.png\",\"width\":2362,\"height\":2362,\"caption\":\"Mega Pets\"},\"image\":{\"@id\":\"https:\/\/megapets.eu\/hu\/#\/schema\/logo\/image\/\"},\"sameAs\":[\"https:\/\/www.facebook.com\/MegaPets.eu\/\"]}]}<\/script>\n<!-- \/ Yoast SEO plugin. -->","yoast_head_json":{"title":"5 db-os k\u00e9szlet + 1 INGYENES!  egzotikus csig\u00e1khoz | MegaPets","robots":{"index":"index","follow":"follow","max-snippet":"max-snippet:-1","max-image-preview":"max-image-preview:large","max-video-preview":"max-video-preview:-1"},"canonical":"https:\/\/megapets.eu\/hu\/tartozekok\/5-db-os-keszlet-1-ingyenes-egzotikus-csigakhoz\/","og_locale":"hu_HU","og_type":"article","og_title":"5 db-os k\u00e9szlet + 1 INGYENES!  egzotikus csig\u00e1khoz | MegaPets","og_description":"Tartalmazza:  k\u00e9szlet:  Az \u00e1r \u00e9rinti: 5 db + 1 INGYENES! Az \u00e1r \u00e9rinti: 5 db + 1 INGYENES! 1 kompl.","og_url":"https:\/\/megapets.eu\/hu\/tartozekok\/5-db-os-keszlet-1-ingyenes-egzotikus-csigakhoz\/","og_site_name":"MegaPets","article_publisher":"https:\/\/www.facebook.com\/MegaPets.eu\/","article_modified_time":"2026-03-27T19:30:56+00:00","og_image":[{"width":1052,"height":692,"url":"https:\/\/megapets.eu\/wp-content\/uploads\/2025\/06\/Zestaw-5-szt-1-gratis.png","type":"image\/png"}],"twitter_card":"summary_large_image","twitter_misc":{"Becs\u00fclt olvas\u00e1si id\u0151":"2 perc"},"schema":{"@context":"https:\/\/schema.org","@graph":[{"@type":"WebPage","@id":"https:\/\/megapets.eu\/hu\/tartozekok\/5-db-os-keszlet-1-ingyenes-egzotikus-csigakhoz\/","url":"https:\/\/megapets.eu\/hu\/tartozekok\/5-db-os-keszlet-1-ingyenes-egzotikus-csigakhoz\/","name":"5 db-os k\u00e9szlet + 1 INGYENES! egzotikus csig\u00e1khoz | MegaPets","isPartOf":{"@id":"https:\/\/megapets.eu\/hu\/#website"},"primaryImageOfPage":{"@id":"https:\/\/megapets.eu\/hu\/tartozekok\/5-db-os-keszlet-1-ingyenes-egzotikus-csigakhoz\/#primaryimage"},"image":{"@id":"https:\/\/megapets.eu\/hu\/tartozekok\/5-db-os-keszlet-1-ingyenes-egzotikus-csigakhoz\/#primaryimage"},"thumbnailUrl":"https:\/\/megapets.eu\/wp-content\/uploads\/2025\/06\/Zestaw-5-szt-1-gratis.png","datePublished":"2025-06-10T12:06:18+00:00","dateModified":"2026-03-27T19:30:56+00:00","breadcrumb":{"@id":"https:\/\/megapets.eu\/hu\/tartozekok\/5-db-os-keszlet-1-ingyenes-egzotikus-csigakhoz\/#breadcrumb"},"inLanguage":"hu","potentialAction":[{"@type":"ReadAction","target":["https:\/\/megapets.eu\/hu\/tartozekok\/5-db-os-keszlet-1-ingyenes-egzotikus-csigakhoz\/"]}]},{"@type":"ImageObject","inLanguage":"hu","@id":"https:\/\/megapets.eu\/hu\/tartozekok\/5-db-os-keszlet-1-ingyenes-egzotikus-csigakhoz\/#primaryimage","url":"https:\/\/megapets.eu\/wp-content\/uploads\/2025\/06\/Zestaw-5-szt-1-gratis.png","contentUrl":"https:\/\/megapets.eu\/wp-content\/uploads\/2025\/06\/Zestaw-5-szt-1-gratis.png","width":1052,"height":692},{"@type":"BreadcrumbList","@id":"https:\/\/megapets.eu\/hu\/tartozekok\/5-db-os-keszlet-1-ingyenes-egzotikus-csigakhoz\/#breadcrumb","itemListElement":[{"@type":"ListItem","position":1,"name":"Strona g\u0142\u00f3wna","item":"https:\/\/megapets.eu\/hu\/"},{"@type":"ListItem","position":2,"name":"Bolt","item":"https:\/\/megapets.eu\/bolt\/"},{"@type":"ListItem","position":3,"name":"5 db-os k\u00e9szlet + 1 INGYENES! egzotikus csig\u00e1khoz"}]},{"@type":"WebSite","@id":"https:\/\/megapets.eu\/hu\/#website","url":"https:\/\/megapets.eu\/hu\/","name":"Mega Pets","description":"Jedna z najwi\u0119kszych hodowli \u015blimak\u00f3w w Europie","publisher":{"@id":"https:\/\/megapets.eu\/hu\/#organization"},"alternateName":"Mega Pets","potentialAction":[{"@type":"SearchAction","target":{"@type":"EntryPoint","urlTemplate":"https:\/\/megapets.eu\/hu\/?s={search_term_string}"},"query-input":{"@type":"PropertyValueSpecification","valueRequired":true,"valueName":"search_term_string"}}],"inLanguage":"hu"},{"@type":"Organization","@id":"https:\/\/megapets.eu\/hu\/#organization","name":"Mega Pets","url":"https:\/\/megapets.eu\/hu\/","logo":{"@type":"ImageObject","inLanguage":"hu","@id":"https:\/\/megapets.eu\/hu\/#\/schema\/logo\/image\/","url":"https:\/\/megapets.eu\/wp-content\/uploads\/2025\/04\/megapets_eu-logo.png","contentUrl":"https:\/\/megapets.eu\/wp-content\/uploads\/2025\/04\/megapets_eu-logo.png","width":2362,"height":2362,"caption":"Mega Pets"},"image":{"@id":"https:\/\/megapets.eu\/hu\/#\/schema\/logo\/image\/"},"sameAs":["https:\/\/www.facebook.com\/MegaPets.eu\/"]}]}},"_links":{"self":[{"href":"https:\/\/megapets.eu\/hu\/wp-json\/wp\/v2\/product\/7931","targetHints":{"allow":["GET"]}}],"collection":[{"href":"https:\/\/megapets.eu\/hu\/wp-json\/wp\/v2\/product"}],"about":[{"href":"https:\/\/megapets.eu\/hu\/wp-json\/wp\/v2\/types\/product"}],"wp:featuredmedia":[{"embeddable":true,"href":"https:\/\/megapets.eu\/hu\/wp-json\/wp\/v2\/media\/7932"}],"wp:attachment":[{"href":"https:\/\/megapets.eu\/hu\/wp-json\/wp\/v2\/media?parent=7931"}],"wp:term":[{"taxonomy":"product_cat","embeddable":true,"href":"https:\/\/megapets.eu\/hu\/wp-json\/wp\/v2\/product_cat?post=7931"},{"taxonomy":"product_tag","embeddable":true,"href":"https:\/\/megapets.eu\/hu\/wp-json\/wp\/v2\/product_tag?post=7931"}],"curies":[{"name":"wp","href":"https:\/\/api.w.org\/{rel}","templated":true}]}}