{"id":7954,"date":"2025-06-25T05:07:58","date_gmt":"2025-06-25T05:07:58","guid":{"rendered":"https:\/\/megapets.eu\/nem-kategorizalt\/lissachatina-fulica-albino-test\/"},"modified":"2025-06-25T05:07:58","modified_gmt":"2025-06-25T05:07:58","slug":"lissachatina-fulica-albino-test","status":"publish","type":"product","link":"https:\/\/megapets.eu\/hu\/csigak\/lissachatina-fulica-albino-test\/","title":{"rendered":"Lissachatina fulica <br \/> alb\u00edn\u00f3 test"},"content":{"rendered":"<p class=\"v1v1v1v1MsoNormal\"><span style=\"color: #424242;\"><strong><em><span style=\"font-size: 15px;\"><b>Faj: <\/b><\/span><\/em><\/strong><em><span style=\"font-size: 15px;\">Lissachatina fulica<\/span><\/em><strong><em><span style=\"font-size: 15px;\"><br \/>\nSz\u00ednv\u00e1ltozat:<\/span><\/em><\/strong><em><span style=\"font-size: 15px;\"> alb\u00edn\u00f3 test<\/span><\/em><\/span><\/p>\n<p class=\"v1v1v1v1MsoNormal\"><span style=\"font-size: 15px;\"><strong><em><span style=\"color: #008000;\">\u2b50\u2b50\u2b50\u2b50<\/span><\/em><\/strong><em><span style=\"color: #008000;\"><span style=\"color: #424242;\"> faj A Lissachatina fulica az egyik legn\u00e9pszer\u0171bb \u00e9s legismertebb afrikai csiga a kezd\u0151k k\u00f6r\u00e9ben. Ez a faj akt\u00edv \u00e9s ellen\u00e1ll\u00f3 a teny\u00e9szt\u00e9si hib\u00e1kkal szemben. Emiatt gyakran aj\u00e1nlj\u00e1k els\u0151 fajk\u00e9nt, amellyel a csig\u00e1s kalandot elkezdhetj\u00fck. A Lissachatina fulica alb\u00edn\u00f3 teste meglehet\u0151sen gyorsan n\u0151, a faj kifejlett p\u00e9ld\u00e1ny\u00e1nak h\u00e9jm\u00e9rete k\u00f6r\u00fclbel\u00fcl 12-15 cm. <\/span><\/span><\/em><\/span><\/p>\n<p class=\"v1v1v1v1MsoNormal\"><span style=\"font-size: 15px;\"><em><span style=\"color: #008000;\"><span style=\"color: #424242;\">Az els\u0151 k\u00e9pen a Lissachatina fulica albino test\u0171 faj feln\u0151tt csig\u00e1ja l\u00e1that\u00f3, a m\u00e1sodik k\u00e9pen az \u00e1ltalunk k\u00edn\u00e1lt fiatal csig\u00e1k m\u00e9rete l\u00e1that\u00f3. <\/span><\/span><\/em><\/span><\/p>\n<p class=\"v1v1v1v1MsoNormal\"><span style=\"font-size: 15px;\"><em><span style=\"color: #008000;\"><img decoding=\"async\" src=\"https:\/\/static.xx.fbcdn.net\/images\/emoji.php\/v9\/tbe\/1\/16\/1f3c6.png\" alt=\"\ud83c\udfc6\" \/><span style=\"color: #e36a19;\"> A kicsik mindegyike a j\u00f3l ismert, regisztr\u00e1lt teny\u00e9szt\u0151nkt\u0151l sz\u00e1rmazik, \u00edgy \u00d6n egy ismert forr\u00e1sb\u00f3l v\u00e1s\u00e1rol, ahol megfelel\u0151en gondozzuk a csig\u00e1kat \u00e9s gondosan figyelj\u00fck mindegyik fejl\u0151d\u00e9s\u00e9t.<\/span><\/span><\/em><\/span><\/p>\n<p class=\"v1v1v1v1MsoNormal\"><span style=\"font-size: 15px; color: #424242;\"><em>Mint tudja, a csigateny\u00e9szt\u00e9shez a m\u0171anyag ed\u00e9nyek m\u0171k\u00f6dnek a legjobban. Az \u00e1ltalunk k\u00e9sz\u00edtett ed\u00e9nyek ide\u00e1lisak az \u00faj csigah\u00e1zak sz\u00e9p fejl\u0151d\u00e9s\u00e9hez). Hogy id\u0151t takar\u00edtson meg a rendel\u00e9s befejez\u00e9sekor, javasoljuk, hogy kezdje a kezd\u0151 k\u00e9szlettel, amely tartalmazza az alapvet\u0151 tartoz\u00e9kokat a saj\u00e1t teny\u00e9szt\u00e9s gyors elind\u00edt\u00e1s\u00e1hoz \u00e9s az utas\u00edt\u00e1sokat.<\/em><\/span><\/p>\n<p><span style=\"font-size: 15px;\"><em><span style=\"color: #008000;\"><img loading=\"lazy\" decoding=\"async\" class=\"xz74otr\" src=\"https:\/\/static.xx.fbcdn.net\/images\/emoji.php\/v9\/t1e\/1\/16\/1f33f.png\" alt=\"\ud83c\udf3f\" width=\"16\" height=\"16\" \/> Az \u00e1llatnak mind\u00f6ssze friss, \u00e9rett gy\u00fcm\u00f6lcs\u00f6kre \u00e9s z\u00f6lds\u00e9gekre, teny\u00e9szt\u0151ed\u00e9nyre \u00e9s szubsztr\u00e1tumra van sz\u00fcks\u00e9ge (ne hagyja kisz\u00e1radni a szubsztr\u00e1tumot, 2-3 naponta permetezze be a terr\u00e1riumot). A csiga napi \u00e9trendj\u00e9b\u0151l nem hi\u00e1nyozhat a sz\u00e9p \u00e9s eg\u00e9szs\u00e9ges h\u00e9j alap\u00e9p\u00edt\u0151 eleme; a toj\u00e1sh\u00e9jpor \u00e9s a szepi term\u00e9szetes forr\u00e1sa a t\u00f6k\u00e9letesen em\u00e9szthet\u0151 kalciumnak. Az egzotikus csig\u00e1k \u00e9trendj\u00e9r\u0151l honlapunkon t\u00e1j\u00e9koz\u00f3dhat.<\/span><\/em><\/span><\/p>\n","protected":false},"excerpt":{"rendered":"<ul>\n<li>Egy nem rokon h\u00e1zasp\u00e1rt\u00f3l:\n<ul>\n<li>P-<\/li>\n<\/ul>\n<\/li>\n<li>C\u00e9lh\u00fcvely m\u00e9rete:\n<ul>\n<li>kb. 12-15 cm<\/li>\n<\/ul>\n<\/li>\n<li>Felaj\u00e1nlott fiatalkor\u00fa:\n<ul>\n<li>kb. 7 cm<\/li>\n<\/ul>\n<\/li>\n<li>Az \u00e1r a k\u00f6vetkez\u0151kre vonatkozik: &#8211; 7 cm:\n<ul>\n<li>1 db<\/li>\n<\/ul>\n<\/li>\n<\/ul>\n","protected":false},"featured_media":7964,"template":"","meta":{"_acf_changed":false,"_links_to":"","_links_to_target":""},"product_cat":[193],"product_tag":[],"class_list":{"0":"post-7954","1":"product","2":"type-product","3":"status-publish","4":"has-post-thumbnail","6":"product_cat-csigak","8":"first","9":"outofstock","10":"shipping-taxable","11":"purchasable","12":"product-type-simple"},"acf":[],"yoast_head":"<!-- This site is optimized with the Yoast SEO plugin v24.9 - https:\/\/yoast.com\/wordpress\/plugins\/seo\/ -->\n<title>Lissachatina fulica  alb\u00edn\u00f3 test | MegaPets<\/title>\n<meta name=\"description\" content=\"A Lissachatina fulica fajba tartoz\u00f3 afrikai csig\u00e1k a kezd\u0151k k\u00f6r\u00e9ben az egyik legn\u00e9pszer\u0171bb \u00e9s legismertebb afrikai csiga. Ez a faj akt\u00edv \u00e9s ellen\u00e1ll\u00f3 a teny\u00e9szt\u00e9si hib\u00e1kkal szemben. Emiatt gyakran aj\u00e1nlj\u00e1k els\u0151 fajk\u00e9nt, amellyel a csig\u00e1s kalandot \u00e9rdemes kezdeni. A Lissachatina fulica alb\u00edn\u00f3 teste meglehet\u0151sen gyorsan n\u0151, a faj kifejlett p\u00e9ld\u00e1ny\u00e1nak h\u00e9jm\u00e9rete k\u00f6r\u00fclbel\u00fcl 12-15 cm.\" \/>\n<meta name=\"robots\" content=\"index, follow, max-snippet:-1, max-image-preview:large, max-video-preview:-1\" \/>\n<link rel=\"canonical\" href=\"https:\/\/megapets.eu\/hu\/csigak\/lissachatina-fulica-albino-test\/\" \/>\n<meta property=\"og:locale\" content=\"hu_HU\" \/>\n<meta property=\"og:type\" content=\"article\" \/>\n<meta property=\"og:title\" content=\"Lissachatina fulica  alb\u00edn\u00f3 test | MegaPets\" \/>\n<meta property=\"og:description\" content=\"A Lissachatina fulica fajba tartoz\u00f3 afrikai csig\u00e1k a kezd\u0151k k\u00f6r\u00e9ben az egyik legn\u00e9pszer\u0171bb \u00e9s legismertebb afrikai csiga. Ez a faj akt\u00edv \u00e9s ellen\u00e1ll\u00f3 a teny\u00e9szt\u00e9si hib\u00e1kkal szemben. Emiatt gyakran aj\u00e1nlj\u00e1k els\u0151 fajk\u00e9nt, amellyel a csig\u00e1s kalandot \u00e9rdemes kezdeni. A Lissachatina fulica alb\u00edn\u00f3 teste meglehet\u0151sen gyorsan n\u0151, a faj kifejlett p\u00e9ld\u00e1ny\u00e1nak h\u00e9jm\u00e9rete k\u00f6r\u00fclbel\u00fcl 12-15 cm.\" \/>\n<meta property=\"og:url\" content=\"https:\/\/megapets.eu\/hu\/csigak\/lissachatina-fulica-albino-test\/\" \/>\n<meta property=\"og:site_name\" content=\"MegaPets\" \/>\n<meta property=\"article:publisher\" content=\"https:\/\/www.facebook.com\/MegaPets.eu\/\" \/>\n<meta property=\"og:image\" content=\"https:\/\/megapets.eu\/wp-content\/uploads\/2025\/04\/logowj4.png\" \/>\n\t<meta property=\"og:image:width\" content=\"1198\" \/>\n\t<meta property=\"og:image:height\" content=\"796\" \/>\n\t<meta property=\"og:image:type\" content=\"image\/png\" \/>\n<meta name=\"twitter:card\" content=\"summary_large_image\" \/>\n<meta name=\"twitter:label1\" content=\"Becs\u00fclt olvas\u00e1si id\u0151\" \/>\n\t<meta name=\"twitter:data1\" content=\"2 perc\" \/>\n<script type=\"application\/ld+json\" class=\"yoast-schema-graph\">{\"@context\":\"https:\/\/schema.org\",\"@graph\":[{\"@type\":\"WebPage\",\"@id\":\"https:\/\/megapets.eu\/hu\/csigak\/lissachatina-fulica-albino-test\/\",\"url\":\"https:\/\/megapets.eu\/hu\/csigak\/lissachatina-fulica-albino-test\/\",\"name\":\"Lissachatina fulica alb\u00edn\u00f3 test | MegaPets\",\"isPartOf\":{\"@id\":\"https:\/\/megapets.eu\/hu\/#website\"},\"primaryImageOfPage\":{\"@id\":\"https:\/\/megapets.eu\/hu\/csigak\/lissachatina-fulica-albino-test\/#primaryimage\"},\"image\":{\"@id\":\"https:\/\/megapets.eu\/hu\/csigak\/lissachatina-fulica-albino-test\/#primaryimage\"},\"thumbnailUrl\":\"https:\/\/megapets.eu\/wp-content\/uploads\/2025\/04\/Liss.-fulica-1-Ex.png\",\"datePublished\":\"2025-06-25T05:07:58+00:00\",\"description\":\"A Lissachatina fulica fajba tartoz\u00f3 afrikai csig\u00e1k a kezd\u0151k k\u00f6r\u00e9ben az egyik legn\u00e9pszer\u0171bb \u00e9s legismertebb afrikai csiga. Ez a faj akt\u00edv \u00e9s ellen\u00e1ll\u00f3 a teny\u00e9szt\u00e9si hib\u00e1kkal szemben. Emiatt gyakran aj\u00e1nlj\u00e1k els\u0151 fajk\u00e9nt, amellyel a csig\u00e1s kalandot \u00e9rdemes kezdeni. A Lissachatina fulica alb\u00edn\u00f3 teste meglehet\u0151sen gyorsan n\u0151, a faj kifejlett p\u00e9ld\u00e1ny\u00e1nak h\u00e9jm\u00e9rete k\u00f6r\u00fclbel\u00fcl 12-15 cm.\",\"breadcrumb\":{\"@id\":\"https:\/\/megapets.eu\/hu\/csigak\/lissachatina-fulica-albino-test\/#breadcrumb\"},\"inLanguage\":\"hu\",\"potentialAction\":[{\"@type\":\"ReadAction\",\"target\":[\"https:\/\/megapets.eu\/hu\/csigak\/lissachatina-fulica-albino-test\/\"]}]},{\"@type\":\"ImageObject\",\"inLanguage\":\"hu\",\"@id\":\"https:\/\/megapets.eu\/hu\/csigak\/lissachatina-fulica-albino-test\/#primaryimage\",\"url\":\"https:\/\/megapets.eu\/wp-content\/uploads\/2025\/04\/Liss.-fulica-1-Ex.png\",\"contentUrl\":\"https:\/\/megapets.eu\/wp-content\/uploads\/2025\/04\/Liss.-fulica-1-Ex.png\",\"width\":1046,\"height\":704},{\"@type\":\"BreadcrumbList\",\"@id\":\"https:\/\/megapets.eu\/hu\/csigak\/lissachatina-fulica-albino-test\/#breadcrumb\",\"itemListElement\":[{\"@type\":\"ListItem\",\"position\":1,\"name\":\"Strona g\u0142\u00f3wna\",\"item\":\"https:\/\/megapets.eu\/hu\/\"},{\"@type\":\"ListItem\",\"position\":2,\"name\":\"Bolt\",\"item\":\"https:\/\/megapets.eu\/bolt\/\"},{\"@type\":\"ListItem\",\"position\":3,\"name\":\"Lissachatina fulica alb\u00edn\u00f3 test\"}]},{\"@type\":\"WebSite\",\"@id\":\"https:\/\/megapets.eu\/hu\/#website\",\"url\":\"https:\/\/megapets.eu\/hu\/\",\"name\":\"Mega Pets\",\"description\":\"Jedna z najwi\u0119kszych hodowli \u015blimak\u00f3w w Europie\",\"publisher\":{\"@id\":\"https:\/\/megapets.eu\/hu\/#organization\"},\"alternateName\":\"Mega Pets\",\"potentialAction\":[{\"@type\":\"SearchAction\",\"target\":{\"@type\":\"EntryPoint\",\"urlTemplate\":\"https:\/\/megapets.eu\/hu\/?s={search_term_string}\"},\"query-input\":{\"@type\":\"PropertyValueSpecification\",\"valueRequired\":true,\"valueName\":\"search_term_string\"}}],\"inLanguage\":\"hu\"},{\"@type\":\"Organization\",\"@id\":\"https:\/\/megapets.eu\/hu\/#organization\",\"name\":\"Mega Pets\",\"url\":\"https:\/\/megapets.eu\/hu\/\",\"logo\":{\"@type\":\"ImageObject\",\"inLanguage\":\"hu\",\"@id\":\"https:\/\/megapets.eu\/hu\/#\/schema\/logo\/image\/\",\"url\":\"https:\/\/megapets.eu\/wp-content\/uploads\/2025\/04\/megapets_eu-logo.png\",\"contentUrl\":\"https:\/\/megapets.eu\/wp-content\/uploads\/2025\/04\/megapets_eu-logo.png\",\"width\":2362,\"height\":2362,\"caption\":\"Mega Pets\"},\"image\":{\"@id\":\"https:\/\/megapets.eu\/hu\/#\/schema\/logo\/image\/\"},\"sameAs\":[\"https:\/\/www.facebook.com\/MegaPets.eu\/\"]}]}<\/script>\n<!-- \/ Yoast SEO plugin. -->","yoast_head_json":{"title":"Lissachatina fulica  alb\u00edn\u00f3 test | MegaPets","description":"A Lissachatina fulica fajba tartoz\u00f3 afrikai csig\u00e1k a kezd\u0151k k\u00f6r\u00e9ben az egyik legn\u00e9pszer\u0171bb \u00e9s legismertebb afrikai csiga. Ez a faj akt\u00edv \u00e9s ellen\u00e1ll\u00f3 a teny\u00e9szt\u00e9si hib\u00e1kkal szemben. Emiatt gyakran aj\u00e1nlj\u00e1k els\u0151 fajk\u00e9nt, amellyel a csig\u00e1s kalandot \u00e9rdemes kezdeni. A Lissachatina fulica alb\u00edn\u00f3 teste meglehet\u0151sen gyorsan n\u0151, a faj kifejlett p\u00e9ld\u00e1ny\u00e1nak h\u00e9jm\u00e9rete k\u00f6r\u00fclbel\u00fcl 12-15 cm.","robots":{"index":"index","follow":"follow","max-snippet":"max-snippet:-1","max-image-preview":"max-image-preview:large","max-video-preview":"max-video-preview:-1"},"canonical":"https:\/\/megapets.eu\/hu\/csigak\/lissachatina-fulica-albino-test\/","og_locale":"hu_HU","og_type":"article","og_title":"Lissachatina fulica  alb\u00edn\u00f3 test | MegaPets","og_description":"A Lissachatina fulica fajba tartoz\u00f3 afrikai csig\u00e1k a kezd\u0151k k\u00f6r\u00e9ben az egyik legn\u00e9pszer\u0171bb \u00e9s legismertebb afrikai csiga. Ez a faj akt\u00edv \u00e9s ellen\u00e1ll\u00f3 a teny\u00e9szt\u00e9si hib\u00e1kkal szemben. Emiatt gyakran aj\u00e1nlj\u00e1k els\u0151 fajk\u00e9nt, amellyel a csig\u00e1s kalandot \u00e9rdemes kezdeni. A Lissachatina fulica alb\u00edn\u00f3 teste meglehet\u0151sen gyorsan n\u0151, a faj kifejlett p\u00e9ld\u00e1ny\u00e1nak h\u00e9jm\u00e9rete k\u00f6r\u00fclbel\u00fcl 12-15 cm.","og_url":"https:\/\/megapets.eu\/hu\/csigak\/lissachatina-fulica-albino-test\/","og_site_name":"MegaPets","article_publisher":"https:\/\/www.facebook.com\/MegaPets.eu\/","og_image":[{"width":1198,"height":796,"url":"https:\/\/megapets.eu\/wp-content\/uploads\/2025\/04\/logowj4.png","type":"image\/png"}],"twitter_card":"summary_large_image","twitter_misc":{"Becs\u00fclt olvas\u00e1si id\u0151":"2 perc"},"schema":{"@context":"https:\/\/schema.org","@graph":[{"@type":"WebPage","@id":"https:\/\/megapets.eu\/hu\/csigak\/lissachatina-fulica-albino-test\/","url":"https:\/\/megapets.eu\/hu\/csigak\/lissachatina-fulica-albino-test\/","name":"Lissachatina fulica alb\u00edn\u00f3 test | MegaPets","isPartOf":{"@id":"https:\/\/megapets.eu\/hu\/#website"},"primaryImageOfPage":{"@id":"https:\/\/megapets.eu\/hu\/csigak\/lissachatina-fulica-albino-test\/#primaryimage"},"image":{"@id":"https:\/\/megapets.eu\/hu\/csigak\/lissachatina-fulica-albino-test\/#primaryimage"},"thumbnailUrl":"https:\/\/megapets.eu\/wp-content\/uploads\/2025\/04\/Liss.-fulica-1-Ex.png","datePublished":"2025-06-25T05:07:58+00:00","description":"A Lissachatina fulica fajba tartoz\u00f3 afrikai csig\u00e1k a kezd\u0151k k\u00f6r\u00e9ben az egyik legn\u00e9pszer\u0171bb \u00e9s legismertebb afrikai csiga. Ez a faj akt\u00edv \u00e9s ellen\u00e1ll\u00f3 a teny\u00e9szt\u00e9si hib\u00e1kkal szemben. Emiatt gyakran aj\u00e1nlj\u00e1k els\u0151 fajk\u00e9nt, amellyel a csig\u00e1s kalandot \u00e9rdemes kezdeni. A Lissachatina fulica alb\u00edn\u00f3 teste meglehet\u0151sen gyorsan n\u0151, a faj kifejlett p\u00e9ld\u00e1ny\u00e1nak h\u00e9jm\u00e9rete k\u00f6r\u00fclbel\u00fcl 12-15 cm.","breadcrumb":{"@id":"https:\/\/megapets.eu\/hu\/csigak\/lissachatina-fulica-albino-test\/#breadcrumb"},"inLanguage":"hu","potentialAction":[{"@type":"ReadAction","target":["https:\/\/megapets.eu\/hu\/csigak\/lissachatina-fulica-albino-test\/"]}]},{"@type":"ImageObject","inLanguage":"hu","@id":"https:\/\/megapets.eu\/hu\/csigak\/lissachatina-fulica-albino-test\/#primaryimage","url":"https:\/\/megapets.eu\/wp-content\/uploads\/2025\/04\/Liss.-fulica-1-Ex.png","contentUrl":"https:\/\/megapets.eu\/wp-content\/uploads\/2025\/04\/Liss.-fulica-1-Ex.png","width":1046,"height":704},{"@type":"BreadcrumbList","@id":"https:\/\/megapets.eu\/hu\/csigak\/lissachatina-fulica-albino-test\/#breadcrumb","itemListElement":[{"@type":"ListItem","position":1,"name":"Strona g\u0142\u00f3wna","item":"https:\/\/megapets.eu\/hu\/"},{"@type":"ListItem","position":2,"name":"Bolt","item":"https:\/\/megapets.eu\/bolt\/"},{"@type":"ListItem","position":3,"name":"Lissachatina fulica alb\u00edn\u00f3 test"}]},{"@type":"WebSite","@id":"https:\/\/megapets.eu\/hu\/#website","url":"https:\/\/megapets.eu\/hu\/","name":"Mega Pets","description":"Jedna z najwi\u0119kszych hodowli \u015blimak\u00f3w w Europie","publisher":{"@id":"https:\/\/megapets.eu\/hu\/#organization"},"alternateName":"Mega Pets","potentialAction":[{"@type":"SearchAction","target":{"@type":"EntryPoint","urlTemplate":"https:\/\/megapets.eu\/hu\/?s={search_term_string}"},"query-input":{"@type":"PropertyValueSpecification","valueRequired":true,"valueName":"search_term_string"}}],"inLanguage":"hu"},{"@type":"Organization","@id":"https:\/\/megapets.eu\/hu\/#organization","name":"Mega Pets","url":"https:\/\/megapets.eu\/hu\/","logo":{"@type":"ImageObject","inLanguage":"hu","@id":"https:\/\/megapets.eu\/hu\/#\/schema\/logo\/image\/","url":"https:\/\/megapets.eu\/wp-content\/uploads\/2025\/04\/megapets_eu-logo.png","contentUrl":"https:\/\/megapets.eu\/wp-content\/uploads\/2025\/04\/megapets_eu-logo.png","width":2362,"height":2362,"caption":"Mega Pets"},"image":{"@id":"https:\/\/megapets.eu\/hu\/#\/schema\/logo\/image\/"},"sameAs":["https:\/\/www.facebook.com\/MegaPets.eu\/"]}]}},"_links":{"self":[{"href":"https:\/\/megapets.eu\/hu\/wp-json\/wp\/v2\/product\/7954","targetHints":{"allow":["GET"]}}],"collection":[{"href":"https:\/\/megapets.eu\/hu\/wp-json\/wp\/v2\/product"}],"about":[{"href":"https:\/\/megapets.eu\/hu\/wp-json\/wp\/v2\/types\/product"}],"wp:featuredmedia":[{"embeddable":true,"href":"https:\/\/megapets.eu\/hu\/wp-json\/wp\/v2\/media\/7964"}],"wp:attachment":[{"href":"https:\/\/megapets.eu\/hu\/wp-json\/wp\/v2\/media?parent=7954"}],"wp:term":[{"taxonomy":"product_cat","embeddable":true,"href":"https:\/\/megapets.eu\/hu\/wp-json\/wp\/v2\/product_cat?post=7954"},{"taxonomy":"product_tag","embeddable":true,"href":"https:\/\/megapets.eu\/hu\/wp-json\/wp\/v2\/product_tag?post=7954"}],"curies":[{"name":"wp","href":"https:\/\/api.w.org\/{rel}","templated":true}]}}