{"id":7956,"date":"2025-06-10T11:52:30","date_gmt":"2025-06-10T11:52:30","guid":{"rendered":"https:\/\/megapets.eu\/nem-kategorizalt\/protein-vitamin-120-g-os-csomag-egzotikus-csigak-szamara\/"},"modified":"2025-06-10T11:52:30","modified_gmt":"2025-06-10T11:52:30","slug":"protein-vitamin-120-g-os-csomag-egzotikus-csigak-szamara","status":"publish","type":"product","link":"https:\/\/megapets.eu\/hu\/tartozekok\/protein-vitamin-120-g-os-csomag-egzotikus-csigak-szamara\/","title":{"rendered":"Protein &amp; Vitamin\u201e 120 g-os csomag <br \/> egzotikus csig\u00e1k sz\u00e1m\u00e1ra"},"content":{"rendered":"<p><em><b>&#8222;Protein &amp; Vitamin\u201e <\/b>egzotikus csig\u00e1k sz\u00e1m\u00e1ra:<\/em><\/p>\n<p><em>A &#8222;Protein &amp; Vitamin\u201e csomag \u00e9rt\u00e9kes t\u00e1panyagokkal teli szemcs\u00e9k kever\u00e9k\u00e9t tartalmazza a h\u00e1zi\u00e1llatok megfelel\u0151 fejl\u0151d\u00e9s\u00e9hez, hasznos kieg\u00e9sz\u00edt\u0151je a csig\u00e1k alapt\u00e1pl\u00e1l\u00e9k\u00e1nak.<\/em><\/p>\n<p><em><b>Az \u00e1r: <\/b>egy csomag<b> <\/b>&#8222;Protein &amp; Vitamin\u201e<b> <\/b>azonnal felhaszn\u00e1lhat\u00f3. Egy csomag 120g-ot tartalmaz.<\/em><\/p>\n<p><em>Az \u0151r\u00f6lt \u00e9s szit\u00e1lt szemcs\u00e9kb\u0151l enyhe por \u00e1ll\u00edthat\u00f3 el\u0151, amely k\u00f6nnyen haszn\u00e1lhat\u00f3 \u00e9s adagolhat\u00f3. Adagol\u00e1s: az egzotikus csig\u00e1k \u00e9trendj\u00e9nek kieg\u00e9sz\u00edt\u00e9sek\u00e9nt 1-2 hetente egyszer adjon egy kis mennyis\u00e9g\u0171 &#8222;Protein &amp; Vitamin\u201e port (1-2 csipetnyit, a csiga m\u00e9ret\u00e9t\u0151l f\u00fcgg\u0151en) az alapt\u00e1pl\u00e1l\u00e9khoz, sz\u00f3rja az aznap felszolg\u00e1lt z\u00f6lds\u00e9gek \u00e9s gy\u00fcm\u00f6lcs\u00f6k tetej\u00e9re.<\/em><\/p>\n<p><em>Aj\u00e1nlott a kieg\u00e9sz\u00edt\u0151k v\u00e1ltakoz\u00e1sa, a megapets.eu k\u00edn\u00e1lat\u00e1ban el\u00e9rhet\u0151 m\u00e1s t\u00edpus\u00fa kieg\u00e9sz\u00edt\u0151k felk\u00edn\u00e1l\u00e1sa a csig\u00e1nak, hogy a csiga \u00e9trendje v\u00e1ltozatos \u00e9s teljes maradjon. A k\u00f6vetkez\u0151 etet\u00e9skor jobb, ha r\u00f6vid sz\u00fcnetet tart a &#8222;Protein &amp; Vitamin\u201e\u201e adagol\u00e1s\u00e1ban, \u00e9s m\u00e1s t\u00edpus\u00fa kieg\u00e9sz\u00edt\u0151ket k\u00edn\u00e1l kedvenc\u00e9nek, p\u00e9ld\u00e1ul &#8222;Egzotikus gy\u00f3gyn\u00f6v\u00e9nykever\u00e9ket\u201e vagy &#8222;Gammarus\u201e \u0151rlem\u00e9nyt. Kieg\u00e9sz\u00edt\u0151inket a csig\u00e1k ir\u00e1nti szeretettel fejlesztett\u00fck ki, \u00e9s t\u00f6bb \u00e9ves teny\u00e9szt\u00e9si tapasztalaton alapulnak, \u00edgy garant\u00e1lni tudjuk min\u0151s\u00e9g\u00fcket \u00e9s hat\u00e9konys\u00e1gukat!<\/em><\/p>\n<p><em>Olyan kieg\u00e9sz\u00edt\u0151ket aj\u00e1nlunk, amelyek m\u00e9g a legig\u00e9nyesebb fajok \u00e9rt\u00e9kes t\u00e1panyagokban val\u00f3 ig\u00e9nyeit is k\u00e9pesek kiel\u00e9g\u00edteni: &#8222;Feh\u00e9rje \u00e9s vitamin\u201e, &#8222;Egzotikus gy\u00f3gyn\u00f6v\u00e9nykever\u00e9k\u201e, &#8222;Gammarus\u201e f\u00f6ld, &#8222;Vir\u00e1gkever\u00e9k\u201e. A kieg\u00e9sz\u00edt\u0151ket aj\u00e1nlott felv\u00e1ltva haszn\u00e1lni, hogy kedvence \u00e9trendje v\u00e1ltozatos \u00e9s teljes legyen.<\/em><\/p>\n","protected":false},"excerpt":{"rendered":"<ul class=\"product_attributes\">\n<li><span style=\"color: #555555;\">Tartalmaz:<\/span> <em>gabonakever\u00e9k<\/em><\/li>\n<li><span style=\"color: #555555;\">A csomag tartalmazza:<\/span> 120 g<\/li>\n<li><span style=\"color: #555555;\">Az \u00e1r a k\u00f6vetkez\u0151kre vonatkozik:<\/span> 1 csomag.<\/li>\n<\/ul>\n","protected":false},"featured_media":7957,"template":"","meta":{"_acf_changed":false,"_links_to":"","_links_to_target":""},"product_cat":[195],"product_tag":[196,199,198,197],"class_list":{"0":"post-7956","1":"product","2":"type-product","3":"status-publish","4":"has-post-thumbnail","6":"product_cat-tartozekok","7":"product_tag-csigak-szamara","8":"product_tag-csotanyok-eseteben","9":"product_tag-izopodak-eseteben","10":"product_tag-mert-a-ravaszsagok","12":"first","13":"instock","14":"shipping-taxable","15":"purchasable","16":"product-type-simple"},"acf":[],"yoast_head":"<!-- This site is optimized with the Yoast SEO plugin v24.9 - https:\/\/yoast.com\/wordpress\/plugins\/seo\/ -->\n<title>Protein &amp; Vitamin&quot; 120 g-os csomag  egzotikus csig\u00e1k sz\u00e1m\u00e1ra | MegaPets<\/title>\n<meta name=\"robots\" content=\"index, follow, max-snippet:-1, max-image-preview:large, max-video-preview:-1\" \/>\n<link rel=\"canonical\" href=\"https:\/\/megapets.eu\/hu\/tartozekok\/protein-vitamin-120-g-os-csomag-egzotikus-csigak-szamara\/\" \/>\n<meta property=\"og:locale\" content=\"hu_HU\" \/>\n<meta property=\"og:type\" content=\"article\" \/>\n<meta property=\"og:title\" content=\"Protein &amp; Vitamin&quot; 120 g-os csomag  egzotikus csig\u00e1k sz\u00e1m\u00e1ra | MegaPets\" \/>\n<meta property=\"og:description\" content=\"Tartalmaz: gabonakever\u00e9k  A csomag tartalmazza: 120 g  Az \u00e1r a k\u00f6vetkez\u0151kre vonatkozik: 1 csomag.\" \/>\n<meta property=\"og:url\" content=\"https:\/\/megapets.eu\/hu\/tartozekok\/protein-vitamin-120-g-os-csomag-egzotikus-csigak-szamara\/\" \/>\n<meta property=\"og:site_name\" content=\"MegaPets\" \/>\n<meta property=\"article:publisher\" content=\"https:\/\/www.facebook.com\/MegaPets.eu\/\" \/>\n<meta property=\"og:image\" content=\"https:\/\/megapets.eu\/wp-content\/uploads\/2025\/06\/protein-123.png\" \/>\n\t<meta property=\"og:image:width\" content=\"1053\" \/>\n\t<meta property=\"og:image:height\" content=\"694\" \/>\n\t<meta property=\"og:image:type\" content=\"image\/png\" \/>\n<meta name=\"twitter:card\" content=\"summary_large_image\" \/>\n<meta name=\"twitter:label1\" content=\"Becs\u00fclt olvas\u00e1si id\u0151\" \/>\n\t<meta name=\"twitter:data1\" content=\"2 perc\" \/>\n<script type=\"application\/ld+json\" class=\"yoast-schema-graph\">{\"@context\":\"https:\/\/schema.org\",\"@graph\":[{\"@type\":\"WebPage\",\"@id\":\"https:\/\/megapets.eu\/hu\/tartozekok\/protein-vitamin-120-g-os-csomag-egzotikus-csigak-szamara\/\",\"url\":\"https:\/\/megapets.eu\/hu\/tartozekok\/protein-vitamin-120-g-os-csomag-egzotikus-csigak-szamara\/\",\"name\":\"Protein &amp; Vitamin\\\" 120 g-os csomag egzotikus csig\u00e1k sz\u00e1m\u00e1ra | MegaPets\",\"isPartOf\":{\"@id\":\"https:\/\/megapets.eu\/hu\/#website\"},\"primaryImageOfPage\":{\"@id\":\"https:\/\/megapets.eu\/hu\/tartozekok\/protein-vitamin-120-g-os-csomag-egzotikus-csigak-szamara\/#primaryimage\"},\"image\":{\"@id\":\"https:\/\/megapets.eu\/hu\/tartozekok\/protein-vitamin-120-g-os-csomag-egzotikus-csigak-szamara\/#primaryimage\"},\"thumbnailUrl\":\"https:\/\/megapets.eu\/wp-content\/uploads\/2025\/06\/protein-123.png\",\"datePublished\":\"2025-06-10T11:52:30+00:00\",\"breadcrumb\":{\"@id\":\"https:\/\/megapets.eu\/hu\/tartozekok\/protein-vitamin-120-g-os-csomag-egzotikus-csigak-szamara\/#breadcrumb\"},\"inLanguage\":\"hu\",\"potentialAction\":[{\"@type\":\"ReadAction\",\"target\":[\"https:\/\/megapets.eu\/hu\/tartozekok\/protein-vitamin-120-g-os-csomag-egzotikus-csigak-szamara\/\"]}]},{\"@type\":\"ImageObject\",\"inLanguage\":\"hu\",\"@id\":\"https:\/\/megapets.eu\/hu\/tartozekok\/protein-vitamin-120-g-os-csomag-egzotikus-csigak-szamara\/#primaryimage\",\"url\":\"https:\/\/megapets.eu\/wp-content\/uploads\/2025\/06\/protein-123.png\",\"contentUrl\":\"https:\/\/megapets.eu\/wp-content\/uploads\/2025\/06\/protein-123.png\",\"width\":1053,\"height\":694},{\"@type\":\"BreadcrumbList\",\"@id\":\"https:\/\/megapets.eu\/hu\/tartozekok\/protein-vitamin-120-g-os-csomag-egzotikus-csigak-szamara\/#breadcrumb\",\"itemListElement\":[{\"@type\":\"ListItem\",\"position\":1,\"name\":\"Strona g\u0142\u00f3wna\",\"item\":\"https:\/\/megapets.eu\/hu\/\"},{\"@type\":\"ListItem\",\"position\":2,\"name\":\"Bolt\",\"item\":\"https:\/\/megapets.eu\/bolt\/\"},{\"@type\":\"ListItem\",\"position\":3,\"name\":\"Protein &amp; Vitamin\\\" 120 g-os csomag egzotikus csig\u00e1k sz\u00e1m\u00e1ra\"}]},{\"@type\":\"WebSite\",\"@id\":\"https:\/\/megapets.eu\/hu\/#website\",\"url\":\"https:\/\/megapets.eu\/hu\/\",\"name\":\"Mega Pets\",\"description\":\"Jedna z najwi\u0119kszych hodowli \u015blimak\u00f3w w Europie\",\"publisher\":{\"@id\":\"https:\/\/megapets.eu\/hu\/#organization\"},\"alternateName\":\"Mega Pets\",\"potentialAction\":[{\"@type\":\"SearchAction\",\"target\":{\"@type\":\"EntryPoint\",\"urlTemplate\":\"https:\/\/megapets.eu\/hu\/?s={search_term_string}\"},\"query-input\":{\"@type\":\"PropertyValueSpecification\",\"valueRequired\":true,\"valueName\":\"search_term_string\"}}],\"inLanguage\":\"hu\"},{\"@type\":\"Organization\",\"@id\":\"https:\/\/megapets.eu\/hu\/#organization\",\"name\":\"Mega Pets\",\"url\":\"https:\/\/megapets.eu\/hu\/\",\"logo\":{\"@type\":\"ImageObject\",\"inLanguage\":\"hu\",\"@id\":\"https:\/\/megapets.eu\/hu\/#\/schema\/logo\/image\/\",\"url\":\"https:\/\/megapets.eu\/wp-content\/uploads\/2025\/04\/megapets_eu-logo.png\",\"contentUrl\":\"https:\/\/megapets.eu\/wp-content\/uploads\/2025\/04\/megapets_eu-logo.png\",\"width\":2362,\"height\":2362,\"caption\":\"Mega Pets\"},\"image\":{\"@id\":\"https:\/\/megapets.eu\/hu\/#\/schema\/logo\/image\/\"},\"sameAs\":[\"https:\/\/www.facebook.com\/MegaPets.eu\/\"]}]}<\/script>\n<!-- \/ Yoast SEO plugin. -->","yoast_head_json":{"title":"Protein &amp; Vitamin\" 120 g-os csomag  egzotikus csig\u00e1k sz\u00e1m\u00e1ra | MegaPets","robots":{"index":"index","follow":"follow","max-snippet":"max-snippet:-1","max-image-preview":"max-image-preview:large","max-video-preview":"max-video-preview:-1"},"canonical":"https:\/\/megapets.eu\/hu\/tartozekok\/protein-vitamin-120-g-os-csomag-egzotikus-csigak-szamara\/","og_locale":"hu_HU","og_type":"article","og_title":"Protein &amp; Vitamin\" 120 g-os csomag  egzotikus csig\u00e1k sz\u00e1m\u00e1ra | MegaPets","og_description":"Tartalmaz: gabonakever\u00e9k  A csomag tartalmazza: 120 g  Az \u00e1r a k\u00f6vetkez\u0151kre vonatkozik: 1 csomag.","og_url":"https:\/\/megapets.eu\/hu\/tartozekok\/protein-vitamin-120-g-os-csomag-egzotikus-csigak-szamara\/","og_site_name":"MegaPets","article_publisher":"https:\/\/www.facebook.com\/MegaPets.eu\/","og_image":[{"width":1053,"height":694,"url":"https:\/\/megapets.eu\/wp-content\/uploads\/2025\/06\/protein-123.png","type":"image\/png"}],"twitter_card":"summary_large_image","twitter_misc":{"Becs\u00fclt olvas\u00e1si id\u0151":"2 perc"},"schema":{"@context":"https:\/\/schema.org","@graph":[{"@type":"WebPage","@id":"https:\/\/megapets.eu\/hu\/tartozekok\/protein-vitamin-120-g-os-csomag-egzotikus-csigak-szamara\/","url":"https:\/\/megapets.eu\/hu\/tartozekok\/protein-vitamin-120-g-os-csomag-egzotikus-csigak-szamara\/","name":"Protein &amp; Vitamin\" 120 g-os csomag egzotikus csig\u00e1k sz\u00e1m\u00e1ra | MegaPets","isPartOf":{"@id":"https:\/\/megapets.eu\/hu\/#website"},"primaryImageOfPage":{"@id":"https:\/\/megapets.eu\/hu\/tartozekok\/protein-vitamin-120-g-os-csomag-egzotikus-csigak-szamara\/#primaryimage"},"image":{"@id":"https:\/\/megapets.eu\/hu\/tartozekok\/protein-vitamin-120-g-os-csomag-egzotikus-csigak-szamara\/#primaryimage"},"thumbnailUrl":"https:\/\/megapets.eu\/wp-content\/uploads\/2025\/06\/protein-123.png","datePublished":"2025-06-10T11:52:30+00:00","breadcrumb":{"@id":"https:\/\/megapets.eu\/hu\/tartozekok\/protein-vitamin-120-g-os-csomag-egzotikus-csigak-szamara\/#breadcrumb"},"inLanguage":"hu","potentialAction":[{"@type":"ReadAction","target":["https:\/\/megapets.eu\/hu\/tartozekok\/protein-vitamin-120-g-os-csomag-egzotikus-csigak-szamara\/"]}]},{"@type":"ImageObject","inLanguage":"hu","@id":"https:\/\/megapets.eu\/hu\/tartozekok\/protein-vitamin-120-g-os-csomag-egzotikus-csigak-szamara\/#primaryimage","url":"https:\/\/megapets.eu\/wp-content\/uploads\/2025\/06\/protein-123.png","contentUrl":"https:\/\/megapets.eu\/wp-content\/uploads\/2025\/06\/protein-123.png","width":1053,"height":694},{"@type":"BreadcrumbList","@id":"https:\/\/megapets.eu\/hu\/tartozekok\/protein-vitamin-120-g-os-csomag-egzotikus-csigak-szamara\/#breadcrumb","itemListElement":[{"@type":"ListItem","position":1,"name":"Strona g\u0142\u00f3wna","item":"https:\/\/megapets.eu\/hu\/"},{"@type":"ListItem","position":2,"name":"Bolt","item":"https:\/\/megapets.eu\/bolt\/"},{"@type":"ListItem","position":3,"name":"Protein &amp; Vitamin\" 120 g-os csomag egzotikus csig\u00e1k sz\u00e1m\u00e1ra"}]},{"@type":"WebSite","@id":"https:\/\/megapets.eu\/hu\/#website","url":"https:\/\/megapets.eu\/hu\/","name":"Mega Pets","description":"Jedna z najwi\u0119kszych hodowli \u015blimak\u00f3w w Europie","publisher":{"@id":"https:\/\/megapets.eu\/hu\/#organization"},"alternateName":"Mega Pets","potentialAction":[{"@type":"SearchAction","target":{"@type":"EntryPoint","urlTemplate":"https:\/\/megapets.eu\/hu\/?s={search_term_string}"},"query-input":{"@type":"PropertyValueSpecification","valueRequired":true,"valueName":"search_term_string"}}],"inLanguage":"hu"},{"@type":"Organization","@id":"https:\/\/megapets.eu\/hu\/#organization","name":"Mega Pets","url":"https:\/\/megapets.eu\/hu\/","logo":{"@type":"ImageObject","inLanguage":"hu","@id":"https:\/\/megapets.eu\/hu\/#\/schema\/logo\/image\/","url":"https:\/\/megapets.eu\/wp-content\/uploads\/2025\/04\/megapets_eu-logo.png","contentUrl":"https:\/\/megapets.eu\/wp-content\/uploads\/2025\/04\/megapets_eu-logo.png","width":2362,"height":2362,"caption":"Mega Pets"},"image":{"@id":"https:\/\/megapets.eu\/hu\/#\/schema\/logo\/image\/"},"sameAs":["https:\/\/www.facebook.com\/MegaPets.eu\/"]}]}},"_links":{"self":[{"href":"https:\/\/megapets.eu\/hu\/wp-json\/wp\/v2\/product\/7956","targetHints":{"allow":["GET"]}}],"collection":[{"href":"https:\/\/megapets.eu\/hu\/wp-json\/wp\/v2\/product"}],"about":[{"href":"https:\/\/megapets.eu\/hu\/wp-json\/wp\/v2\/types\/product"}],"wp:featuredmedia":[{"embeddable":true,"href":"https:\/\/megapets.eu\/hu\/wp-json\/wp\/v2\/media\/7957"}],"wp:attachment":[{"href":"https:\/\/megapets.eu\/hu\/wp-json\/wp\/v2\/media?parent=7956"}],"wp:term":[{"taxonomy":"product_cat","embeddable":true,"href":"https:\/\/megapets.eu\/hu\/wp-json\/wp\/v2\/product_cat?post=7956"},{"taxonomy":"product_tag","embeddable":true,"href":"https:\/\/megapets.eu\/hu\/wp-json\/wp\/v2\/product_tag?post=7956"}],"curies":[{"name":"wp","href":"https:\/\/api.w.org\/{rel}","templated":true}]}}