{"id":7977,"date":"2025-04-02T20:42:31","date_gmt":"2025-04-02T20:42:31","guid":{"rendered":"https:\/\/megapets.eu\/nem-kategorizalt\/archachatina-rhodostoma-albino-test-p8-hoz\/"},"modified":"2025-04-02T20:42:31","modified_gmt":"2025-04-02T20:42:31","slug":"archachatina-rhodostoma-albino-test-p8-hoz","status":"publish","type":"product","link":"https:\/\/megapets.eu\/hu\/csigak\/archachatina-rhodostoma-albino-test-p8-hoz\/","title":{"rendered":"Archachatina rhodostoma<br \/> alb\u00edn\u00f3 test \/ P8-hoz"},"content":{"rendered":"<p style=\"text-align: left;\"><span style=\"font-size: 15px;\"><strong><span style=\"color: #000000;\"><em>Faj:<\/em><\/span><\/strong><span style=\"color: #000000;\"><em> Archachatina rhodostoma (RA Philippi, 1849)<\/em><\/span><strong><span style=\"color: #000000;\"><em> Sz\u00ednv\u00e1laszt\u00e9k:<\/em><\/span><\/strong><span style=\"color: #000000;\"><em> alb\u00edn\u00f3 test <\/em><\/span><\/span><\/p>\n<p style=\"text-align: left;\"><span style=\"font-size: 15px;\"><strong><span style=\"color: #000000;\"><em><span style=\"color: #008000;\"><span style=\"color: #424242;\"><img decoding=\"async\" src=\"https:\/\/static.xx.fbcdn.net\/images\/emoji.php\/v9\/tb4\/1\/16\/2b50.png\" alt=\"\u2b50\ufe0f\" \/><\/span><\/span><\/em><\/span><\/strong><span style=\"color: #000000;\"><em> Nem rokon sz\u00fcl\u0151p\u00e1rt\u00f3l sz\u00e1rmaz\u00f3 fiatal p\u00e9ld\u00e1nyokat k\u00edn\u00e1lnak. A megfelel\u0151 partnerek folyamatos kiv\u00e1laszt\u00e1s\u00e1nak \u00e9s a gener\u00e1ci\u00f3r\u00f3l gener\u00e1ci\u00f3ra t\u00f6rt\u00e9n\u0151 p\u00e1ros\u00edt\u00e1snak k\u00f6sz\u00f6nhet\u0151en sikeresen fenntartj\u00e1k a gy\u00f6ny\u00f6r\u0171 \u00f3ri\u00e1sok nem rokon, t\u00f6rzsk\u00f6nyves teny\u00e9szvonalait.<\/em><\/span><\/span><\/p>\n<p style=\"text-align: left;\"><span style=\"font-size: 15px;\"><span style=\"color: #000000;\"><em><span style=\"color: #008000;\"><span style=\"color: #424242;\"><img decoding=\"async\" src=\"https:\/\/static.xx.fbcdn.net\/images\/emoji.php\/v9\/t94\/1\/16\/1f49a.png\" alt=\"\ud83d\udc9a\" \/><span style=\"color: #008000;\"> A h\u00e9j smaragdz\u00f6ld sz\u00edne \u00e9s az alb\u00edn\u00f3 test a csiga sz\u00ednez\u00e9s\u00e9nek egyik legszebb sz\u00ednkombin\u00e1ci\u00f3j\u00e1t alkotja. Elad\u00e1skor a b\u00e9bi h\u00e9ja barna, a h\u00e9j k\u00f6r\u00fclbel\u00fcl 6 cm-\u00e9t\u0151l kezd z\u00f6ldd\u00e9 v\u00e1lni. <\/span><\/span><\/span><\/em><\/span><\/span><\/p>\n<p style=\"text-align: left;\"><span style=\"color: #000000; font-size: 15px;\"><em><span class=\"x1xsqp64 xiy17q3 x1o6pynw x19co3pv xdj266r xcwd3tp xat24cr x39eecv x2b8uid\" data-testid=\"emoji\"><span class=\"xexx8yu xn5pp95 x18d9i69 x2fxd7x x3jgonx x1bhl96m\"><img loading=\"lazy\" decoding=\"async\" class=\"\" src=\"https:\/\/static.xx.fbcdn.net\/images\/emoji.php\/v9\/t66\/1\/32\/1f4cc.png\" alt=\"\ud83d\udccc\" width=\"18\" height=\"18\" \/> Egy feln\u0151tt p\u00e1nc\u00e9l c\u00e9lm\u00e9rete k\u00f6r\u00fclbel\u00fcl 10-12 cm. <\/span><\/span><\/em><\/span><\/p>\n<p style=\"text-align: left;\"><span style=\"color: #000000; font-size: 15px;\"><em><img loading=\"lazy\" decoding=\"async\" class=\"xz74otr\" src=\"https:\/\/static.xx.fbcdn.net\/images\/emoji.php\/v9\/t1e\/1\/16\/1f33f.png\" alt=\"\ud83c\udf3f\" width=\"18\" height=\"18\" \/><span style=\"color: #008000;\"> Az Archachatina nemzets\u00e9g legt\u00f6bb faj\u00e1hoz hasonl\u00f3an ezek a csig\u00e1k is ig\u00e9nytelenek, \u00e9s akkor \u00e9rzik j\u00f3l magukat, ha az alapvet\u0151 \u00e9letfelt\u00e9telek biztos\u00edtottak.<\/span><\/em><\/span><\/p>\n","protected":false},"excerpt":{"rendered":"<ul>\n<li>Egy nem rokon p\u00e1rt\u00f3l:\n<ul>\n<li> P8<\/li>\n<\/ul>\n<\/li>\n<li> C\u00e9lpont h\u00e9j m\u00e9rete:\n<ul>\n<li> kb. 10-12 cm<\/li>\n<\/ul>\n<\/li>\n<li> Felaj\u00e1nlott fiatal p\u00e9ld\u00e1ny:\n<ul>\n<li> kb. 4 cm<\/li>\n<\/ul>\n<\/li>\n<li> Az \u00e1r a k\u00f6vetkez\u0151kre vonatkozik:\n<ul>\n<li> 1 db<\/li>\n<\/ul>\n<\/li>\n<\/ul>\n","protected":false},"featured_media":7978,"template":"","meta":{"_acf_changed":false,"_links_to":"","_links_to_target":""},"product_cat":[193],"product_tag":[],"class_list":{"0":"post-7977","1":"product","2":"type-product","3":"status-publish","4":"has-post-thumbnail","6":"product_cat-csigak","8":"first","9":"outofstock","10":"shipping-taxable","11":"purchasable","12":"product-type-simple"},"acf":[],"yoast_head":"<!-- This site is optimized with the Yoast SEO plugin v24.9 - https:\/\/yoast.com\/wordpress\/plugins\/seo\/ -->\n<title>Archachatina rhodostoma alb\u00edn\u00f3 test \/ P8-hoz | MegaPets<\/title>\n<meta name=\"robots\" content=\"index, follow, max-snippet:-1, max-image-preview:large, max-video-preview:-1\" \/>\n<link rel=\"canonical\" href=\"https:\/\/megapets.eu\/hu\/csigak\/archachatina-rhodostoma-albino-test-p8-hoz\/\" \/>\n<meta property=\"og:locale\" content=\"hu_HU\" \/>\n<meta property=\"og:type\" content=\"article\" \/>\n<meta property=\"og:title\" content=\"Archachatina rhodostoma alb\u00edn\u00f3 test \/ P8-hoz | MegaPets\" \/>\n<meta property=\"og:description\" content=\"Egy nem rokon p\u00e1rt\u00f3l: P8 C\u00e9lpont h\u00e9j m\u00e9rete: kb. 10-12 cm Felaj\u00e1nlott fiatal p\u00e9ld\u00e1ny: kb. 4 cm Az \u00e1r a k\u00f6vetkez\u0151kre vonatkozik: 1 db\" \/>\n<meta property=\"og:url\" content=\"https:\/\/megapets.eu\/hu\/csigak\/archachatina-rhodostoma-albino-test-p8-hoz\/\" \/>\n<meta property=\"og:site_name\" content=\"MegaPets\" \/>\n<meta property=\"article:publisher\" content=\"https:\/\/www.facebook.com\/MegaPets.eu\/\" \/>\n<meta property=\"og:image\" content=\"https:\/\/megapets.eu\/wp-content\/uploads\/2025\/04\/Cactus-P8-Excel.png\" \/>\n\t<meta property=\"og:image:width\" content=\"1046\" \/>\n\t<meta property=\"og:image:height\" content=\"691\" \/>\n\t<meta property=\"og:image:type\" content=\"image\/png\" \/>\n<meta name=\"twitter:card\" content=\"summary_large_image\" \/>\n<meta name=\"twitter:label1\" content=\"Becs\u00fclt olvas\u00e1si id\u0151\" \/>\n\t<meta name=\"twitter:data1\" content=\"1 perc\" \/>\n<script type=\"application\/ld+json\" class=\"yoast-schema-graph\">{\"@context\":\"https:\/\/schema.org\",\"@graph\":[{\"@type\":\"WebPage\",\"@id\":\"https:\/\/megapets.eu\/hu\/csigak\/archachatina-rhodostoma-albino-test-p8-hoz\/\",\"url\":\"https:\/\/megapets.eu\/hu\/csigak\/archachatina-rhodostoma-albino-test-p8-hoz\/\",\"name\":\"Archachatina rhodostoma alb\u00edn\u00f3 test \/ P8-hoz | MegaPets\",\"isPartOf\":{\"@id\":\"https:\/\/megapets.eu\/hu\/#website\"},\"primaryImageOfPage\":{\"@id\":\"https:\/\/megapets.eu\/hu\/csigak\/archachatina-rhodostoma-albino-test-p8-hoz\/#primaryimage\"},\"image\":{\"@id\":\"https:\/\/megapets.eu\/hu\/csigak\/archachatina-rhodostoma-albino-test-p8-hoz\/#primaryimage\"},\"thumbnailUrl\":\"https:\/\/megapets.eu\/wp-content\/uploads\/2025\/04\/Cactus-P8-Excel.png\",\"datePublished\":\"2025-04-02T20:42:31+00:00\",\"breadcrumb\":{\"@id\":\"https:\/\/megapets.eu\/hu\/csigak\/archachatina-rhodostoma-albino-test-p8-hoz\/#breadcrumb\"},\"inLanguage\":\"hu\",\"potentialAction\":[{\"@type\":\"ReadAction\",\"target\":[\"https:\/\/megapets.eu\/hu\/csigak\/archachatina-rhodostoma-albino-test-p8-hoz\/\"]}]},{\"@type\":\"ImageObject\",\"inLanguage\":\"hu\",\"@id\":\"https:\/\/megapets.eu\/hu\/csigak\/archachatina-rhodostoma-albino-test-p8-hoz\/#primaryimage\",\"url\":\"https:\/\/megapets.eu\/wp-content\/uploads\/2025\/04\/Cactus-P8-Excel.png\",\"contentUrl\":\"https:\/\/megapets.eu\/wp-content\/uploads\/2025\/04\/Cactus-P8-Excel.png\",\"width\":1046,\"height\":691},{\"@type\":\"BreadcrumbList\",\"@id\":\"https:\/\/megapets.eu\/hu\/csigak\/archachatina-rhodostoma-albino-test-p8-hoz\/#breadcrumb\",\"itemListElement\":[{\"@type\":\"ListItem\",\"position\":1,\"name\":\"Strona g\u0142\u00f3wna\",\"item\":\"https:\/\/megapets.eu\/hu\/\"},{\"@type\":\"ListItem\",\"position\":2,\"name\":\"Bolt\",\"item\":\"https:\/\/megapets.eu\/bolt\/\"},{\"@type\":\"ListItem\",\"position\":3,\"name\":\"Archachatina rhodostoma alb\u00edn\u00f3 test \/ P8-hoz\"}]},{\"@type\":\"WebSite\",\"@id\":\"https:\/\/megapets.eu\/hu\/#website\",\"url\":\"https:\/\/megapets.eu\/hu\/\",\"name\":\"Mega Pets\",\"description\":\"Jedna z najwi\u0119kszych hodowli \u015blimak\u00f3w w Europie\",\"publisher\":{\"@id\":\"https:\/\/megapets.eu\/hu\/#organization\"},\"alternateName\":\"Mega Pets\",\"potentialAction\":[{\"@type\":\"SearchAction\",\"target\":{\"@type\":\"EntryPoint\",\"urlTemplate\":\"https:\/\/megapets.eu\/hu\/?s={search_term_string}\"},\"query-input\":{\"@type\":\"PropertyValueSpecification\",\"valueRequired\":true,\"valueName\":\"search_term_string\"}}],\"inLanguage\":\"hu\"},{\"@type\":\"Organization\",\"@id\":\"https:\/\/megapets.eu\/hu\/#organization\",\"name\":\"Mega Pets\",\"url\":\"https:\/\/megapets.eu\/hu\/\",\"logo\":{\"@type\":\"ImageObject\",\"inLanguage\":\"hu\",\"@id\":\"https:\/\/megapets.eu\/hu\/#\/schema\/logo\/image\/\",\"url\":\"https:\/\/megapets.eu\/wp-content\/uploads\/2025\/04\/megapets_eu-logo.png\",\"contentUrl\":\"https:\/\/megapets.eu\/wp-content\/uploads\/2025\/04\/megapets_eu-logo.png\",\"width\":2362,\"height\":2362,\"caption\":\"Mega Pets\"},\"image\":{\"@id\":\"https:\/\/megapets.eu\/hu\/#\/schema\/logo\/image\/\"},\"sameAs\":[\"https:\/\/www.facebook.com\/MegaPets.eu\/\"]}]}<\/script>\n<!-- \/ Yoast SEO plugin. -->","yoast_head_json":{"title":"Archachatina rhodostoma alb\u00edn\u00f3 test \/ P8-hoz | MegaPets","robots":{"index":"index","follow":"follow","max-snippet":"max-snippet:-1","max-image-preview":"max-image-preview:large","max-video-preview":"max-video-preview:-1"},"canonical":"https:\/\/megapets.eu\/hu\/csigak\/archachatina-rhodostoma-albino-test-p8-hoz\/","og_locale":"hu_HU","og_type":"article","og_title":"Archachatina rhodostoma alb\u00edn\u00f3 test \/ P8-hoz | MegaPets","og_description":"Egy nem rokon p\u00e1rt\u00f3l: P8 C\u00e9lpont h\u00e9j m\u00e9rete: kb. 10-12 cm Felaj\u00e1nlott fiatal p\u00e9ld\u00e1ny: kb. 4 cm Az \u00e1r a k\u00f6vetkez\u0151kre vonatkozik: 1 db","og_url":"https:\/\/megapets.eu\/hu\/csigak\/archachatina-rhodostoma-albino-test-p8-hoz\/","og_site_name":"MegaPets","article_publisher":"https:\/\/www.facebook.com\/MegaPets.eu\/","og_image":[{"width":1046,"height":691,"url":"https:\/\/megapets.eu\/wp-content\/uploads\/2025\/04\/Cactus-P8-Excel.png","type":"image\/png"}],"twitter_card":"summary_large_image","twitter_misc":{"Becs\u00fclt olvas\u00e1si id\u0151":"1 perc"},"schema":{"@context":"https:\/\/schema.org","@graph":[{"@type":"WebPage","@id":"https:\/\/megapets.eu\/hu\/csigak\/archachatina-rhodostoma-albino-test-p8-hoz\/","url":"https:\/\/megapets.eu\/hu\/csigak\/archachatina-rhodostoma-albino-test-p8-hoz\/","name":"Archachatina rhodostoma alb\u00edn\u00f3 test \/ P8-hoz | MegaPets","isPartOf":{"@id":"https:\/\/megapets.eu\/hu\/#website"},"primaryImageOfPage":{"@id":"https:\/\/megapets.eu\/hu\/csigak\/archachatina-rhodostoma-albino-test-p8-hoz\/#primaryimage"},"image":{"@id":"https:\/\/megapets.eu\/hu\/csigak\/archachatina-rhodostoma-albino-test-p8-hoz\/#primaryimage"},"thumbnailUrl":"https:\/\/megapets.eu\/wp-content\/uploads\/2025\/04\/Cactus-P8-Excel.png","datePublished":"2025-04-02T20:42:31+00:00","breadcrumb":{"@id":"https:\/\/megapets.eu\/hu\/csigak\/archachatina-rhodostoma-albino-test-p8-hoz\/#breadcrumb"},"inLanguage":"hu","potentialAction":[{"@type":"ReadAction","target":["https:\/\/megapets.eu\/hu\/csigak\/archachatina-rhodostoma-albino-test-p8-hoz\/"]}]},{"@type":"ImageObject","inLanguage":"hu","@id":"https:\/\/megapets.eu\/hu\/csigak\/archachatina-rhodostoma-albino-test-p8-hoz\/#primaryimage","url":"https:\/\/megapets.eu\/wp-content\/uploads\/2025\/04\/Cactus-P8-Excel.png","contentUrl":"https:\/\/megapets.eu\/wp-content\/uploads\/2025\/04\/Cactus-P8-Excel.png","width":1046,"height":691},{"@type":"BreadcrumbList","@id":"https:\/\/megapets.eu\/hu\/csigak\/archachatina-rhodostoma-albino-test-p8-hoz\/#breadcrumb","itemListElement":[{"@type":"ListItem","position":1,"name":"Strona g\u0142\u00f3wna","item":"https:\/\/megapets.eu\/hu\/"},{"@type":"ListItem","position":2,"name":"Bolt","item":"https:\/\/megapets.eu\/bolt\/"},{"@type":"ListItem","position":3,"name":"Archachatina rhodostoma alb\u00edn\u00f3 test \/ P8-hoz"}]},{"@type":"WebSite","@id":"https:\/\/megapets.eu\/hu\/#website","url":"https:\/\/megapets.eu\/hu\/","name":"Mega Pets","description":"Jedna z najwi\u0119kszych hodowli \u015blimak\u00f3w w Europie","publisher":{"@id":"https:\/\/megapets.eu\/hu\/#organization"},"alternateName":"Mega Pets","potentialAction":[{"@type":"SearchAction","target":{"@type":"EntryPoint","urlTemplate":"https:\/\/megapets.eu\/hu\/?s={search_term_string}"},"query-input":{"@type":"PropertyValueSpecification","valueRequired":true,"valueName":"search_term_string"}}],"inLanguage":"hu"},{"@type":"Organization","@id":"https:\/\/megapets.eu\/hu\/#organization","name":"Mega Pets","url":"https:\/\/megapets.eu\/hu\/","logo":{"@type":"ImageObject","inLanguage":"hu","@id":"https:\/\/megapets.eu\/hu\/#\/schema\/logo\/image\/","url":"https:\/\/megapets.eu\/wp-content\/uploads\/2025\/04\/megapets_eu-logo.png","contentUrl":"https:\/\/megapets.eu\/wp-content\/uploads\/2025\/04\/megapets_eu-logo.png","width":2362,"height":2362,"caption":"Mega Pets"},"image":{"@id":"https:\/\/megapets.eu\/hu\/#\/schema\/logo\/image\/"},"sameAs":["https:\/\/www.facebook.com\/MegaPets.eu\/"]}]}},"_links":{"self":[{"href":"https:\/\/megapets.eu\/hu\/wp-json\/wp\/v2\/product\/7977","targetHints":{"allow":["GET"]}}],"collection":[{"href":"https:\/\/megapets.eu\/hu\/wp-json\/wp\/v2\/product"}],"about":[{"href":"https:\/\/megapets.eu\/hu\/wp-json\/wp\/v2\/types\/product"}],"wp:featuredmedia":[{"embeddable":true,"href":"https:\/\/megapets.eu\/hu\/wp-json\/wp\/v2\/media\/7978"}],"wp:attachment":[{"href":"https:\/\/megapets.eu\/hu\/wp-json\/wp\/v2\/media?parent=7977"}],"wp:term":[{"taxonomy":"product_cat","embeddable":true,"href":"https:\/\/megapets.eu\/hu\/wp-json\/wp\/v2\/product_cat?post=7977"},{"taxonomy":"product_tag","embeddable":true,"href":"https:\/\/megapets.eu\/hu\/wp-json\/wp\/v2\/product_tag?post=7977"}],"curies":[{"name":"wp","href":"https:\/\/api.w.org\/{rel}","templated":true}]}}