{"id":7982,"date":"2025-06-10T11:47:05","date_gmt":"2025-06-10T11:47:05","guid":{"rendered":"https:\/\/megapets.eu\/nem-kategorizalt\/kalcium-mix-csomag-180-g\/"},"modified":"2025-06-10T11:47:05","modified_gmt":"2025-06-10T11:47:05","slug":"kalcium-mix-csomag-180-g","status":"publish","type":"product","link":"https:\/\/megapets.eu\/hu\/tartozekok\/kalcium-mix-csomag-180-g\/","title":{"rendered":"Kalcium Mix csomag 180 g"},"content":{"rendered":"<p><em><b>&#8222;Calcium Mix\u201e <\/b>az egzotikus csig\u00e1k sz\u00e9p \u00e9s eg\u00e9szs\u00e9ges h\u00e9j\u00e1\u00e9rt.<\/em><\/p>\n<p><em>Egy csomag &#8222;Calcium Mix\u201e toj\u00e1sh\u00e9jb\u00f3l \u00e9s szepi\u00e1b\u00f3l &#8211; tintahalcsontokb\u00f3l sz\u00e1rmaz\u00f3 port tartalmaz. Ide\u00e1lis egzotikus csig\u00e1k teny\u00e9szt\u00e9s\u00e9hez.<\/em><\/p>\n<p><em><b>Az \u00e1r a k\u00f6vetkez\u0151kre vonatkozik: <\/b>egy csomag<b> <\/b>&#8222;Calcium Mix\u201e<b> <\/b>azonnal felhaszn\u00e1lhat\u00f3. Egy csomag 180g-ot tartalmaz.<\/em><\/p>\n<p><em>A csig\u00e1k napi \u00e9trendj\u00e9b\u0151l nem hi\u00e1nyozhat a sz\u00e9p \u00e9s eg\u00e9szs\u00e9ges h\u00e9j alap\u00e9p\u00edt\u0151 eleme. A kiv\u00e1l\u00f3an felsz\u00edv\u00f3d\u00f3 kalcium term\u00e9szetes forr\u00e1sa a toj\u00e1sh\u00e9jb\u00f3l \u00e9s szepi\u00e1s tintahalcsontokb\u00f3l k\u00e9sz\u00fclt por.<\/em><\/p>\n<p><em>Adagol\u00e1s: <b>minden etet\u00e9skor az alapt\u00e1pl\u00e1l\u00e9k r\u00e9szek\u00e9nt<\/b> egzotikus csig\u00e1k, adjon az alapt\u00e1pl\u00e1l\u00e9khoz egy kis mennyis\u00e9g\u0171 \u0151r\u00f6lt toj\u00e1sh\u00e9jb\u00f3l \u00e9s szepi\u00e1s tintahalcsontokb\u00f3l k\u00e9sz\u00fclt &#8222;Calcium Mix\u201e port (2-5 csipetnyit, a csiga m\u00e9ret\u00e9t\u0151l \u00e9s ig\u00e9nyeit\u0151l f\u00fcgg\u0151en), sz\u00f3rja az aznap felszolg\u00e1lt z\u00f6lds\u00e9gek \u00e9s gy\u00fcm\u00f6lcs\u00f6k tetej\u00e9re.<\/em><\/p>\n<p><em>Kieg\u00e9sz\u00edt\u0151inket a csig\u00e1k ir\u00e1nti szeretettel fejlesztett\u00fck ki, \u00e9s sok\u00e9ves teny\u00e9szt\u00e9si tapasztalaton alapulnak, \u00edgy min\u0151s\u00e9g\u00fcket \u00e9s hat\u00e9konys\u00e1gukat garant\u00e1lni tudjuk!<\/em><\/p>\n<p><em>Olyan kieg\u00e9sz\u00edt\u0151ket aj\u00e1nlunk, amelyek m\u00e9g a legig\u00e9nyesebb fajok \u00e9rt\u00e9kes t\u00e1panyagokban val\u00f3 ig\u00e9nyeit is k\u00e9pesek kiel\u00e9g\u00edteni: &#8222;Feh\u00e9rje \u00e9s vitamin\u201e, &#8222;Egzotikus gy\u00f3gyn\u00f6v\u00e9nykever\u00e9k\u201e, &#8222;Gammarus\u201e f\u00f6ld, &#8222;Vir\u00e1gkever\u00e9k\u201e. A kieg\u00e9sz\u00edt\u0151ket aj\u00e1nlott felv\u00e1ltva haszn\u00e1lni, hogy kedvence \u00e9trendje v\u00e1ltozatos \u00e9s teljes legyen.<\/em><\/p>\n","protected":false},"excerpt":{"rendered":"<ul class=\"product_attributes\">\n<li><span style=\"color: #555555;\">Tartalmaz:<\/span> toj\u00e1sh\u00e9j \u00e9s szepia por<\/li>\n<li><span style=\"color: #555555;\">A csomag tartalmazza:<\/span> 180 g<\/li>\n<li><span style=\"color: #555555;\">Az \u00e1r a k\u00f6vetkez\u0151kre vonatkozik:<\/span> 1 csomag.<\/li>\n<\/ul>\n","protected":false},"featured_media":7983,"template":"","meta":{"_acf_changed":false,"_links_to":"","_links_to_target":""},"product_cat":[195],"product_tag":[196,199,198,197],"class_list":{"0":"post-7982","1":"product","2":"type-product","3":"status-publish","4":"has-post-thumbnail","6":"product_cat-tartozekok","7":"product_tag-csigak-szamara","8":"product_tag-csotanyok-eseteben","9":"product_tag-izopodak-eseteben","10":"product_tag-mert-a-ravaszsagok","12":"first","13":"instock","14":"shipping-taxable","15":"purchasable","16":"product-type-simple"},"acf":[],"yoast_head":"<!-- This site is optimized with the Yoast SEO plugin v24.9 - https:\/\/yoast.com\/wordpress\/plugins\/seo\/ -->\n<title>Kalcium Mix csomag 180 g | MegaPets<\/title>\n<meta name=\"robots\" content=\"index, follow, max-snippet:-1, max-image-preview:large, max-video-preview:-1\" \/>\n<link rel=\"canonical\" href=\"https:\/\/megapets.eu\/hu\/tartozekok\/kalcium-mix-csomag-180-g\/\" \/>\n<meta property=\"og:locale\" content=\"hu_HU\" \/>\n<meta property=\"og:type\" content=\"article\" \/>\n<meta property=\"og:title\" content=\"Kalcium Mix csomag 180 g | MegaPets\" \/>\n<meta property=\"og:description\" content=\"Tartalmaz: toj\u00e1sh\u00e9j \u00e9s szepia por  A csomag tartalmazza: 180 g  Az \u00e1r a k\u00f6vetkez\u0151kre vonatkozik: 1 csomag.\" \/>\n<meta property=\"og:url\" content=\"https:\/\/megapets.eu\/hu\/tartozekok\/kalcium-mix-csomag-180-g\/\" \/>\n<meta property=\"og:site_name\" content=\"MegaPets\" \/>\n<meta property=\"article:publisher\" content=\"https:\/\/www.facebook.com\/MegaPets.eu\/\" \/>\n<meta property=\"og:image\" content=\"https:\/\/megapets.eu\/wp-content\/uploads\/2025\/06\/Wapn-mix123.png\" \/>\n\t<meta property=\"og:image:width\" content=\"1054\" \/>\n\t<meta property=\"og:image:height\" content=\"696\" \/>\n\t<meta property=\"og:image:type\" content=\"image\/png\" \/>\n<meta name=\"twitter:card\" content=\"summary_large_image\" \/>\n<meta name=\"twitter:label1\" content=\"Becs\u00fclt olvas\u00e1si id\u0151\" \/>\n\t<meta name=\"twitter:data1\" content=\"1 perc\" \/>\n<script type=\"application\/ld+json\" class=\"yoast-schema-graph\">{\"@context\":\"https:\/\/schema.org\",\"@graph\":[{\"@type\":\"WebPage\",\"@id\":\"https:\/\/megapets.eu\/hu\/tartozekok\/kalcium-mix-csomag-180-g\/\",\"url\":\"https:\/\/megapets.eu\/hu\/tartozekok\/kalcium-mix-csomag-180-g\/\",\"name\":\"Kalcium Mix csomag 180 g | MegaPets\",\"isPartOf\":{\"@id\":\"https:\/\/megapets.eu\/hu\/#website\"},\"primaryImageOfPage\":{\"@id\":\"https:\/\/megapets.eu\/hu\/tartozekok\/kalcium-mix-csomag-180-g\/#primaryimage\"},\"image\":{\"@id\":\"https:\/\/megapets.eu\/hu\/tartozekok\/kalcium-mix-csomag-180-g\/#primaryimage\"},\"thumbnailUrl\":\"https:\/\/megapets.eu\/wp-content\/uploads\/2025\/06\/Wapn-mix123.png\",\"datePublished\":\"2025-06-10T11:47:05+00:00\",\"breadcrumb\":{\"@id\":\"https:\/\/megapets.eu\/hu\/tartozekok\/kalcium-mix-csomag-180-g\/#breadcrumb\"},\"inLanguage\":\"hu\",\"potentialAction\":[{\"@type\":\"ReadAction\",\"target\":[\"https:\/\/megapets.eu\/hu\/tartozekok\/kalcium-mix-csomag-180-g\/\"]}]},{\"@type\":\"ImageObject\",\"inLanguage\":\"hu\",\"@id\":\"https:\/\/megapets.eu\/hu\/tartozekok\/kalcium-mix-csomag-180-g\/#primaryimage\",\"url\":\"https:\/\/megapets.eu\/wp-content\/uploads\/2025\/06\/Wapn-mix123.png\",\"contentUrl\":\"https:\/\/megapets.eu\/wp-content\/uploads\/2025\/06\/Wapn-mix123.png\",\"width\":1054,\"height\":696},{\"@type\":\"BreadcrumbList\",\"@id\":\"https:\/\/megapets.eu\/hu\/tartozekok\/kalcium-mix-csomag-180-g\/#breadcrumb\",\"itemListElement\":[{\"@type\":\"ListItem\",\"position\":1,\"name\":\"Strona g\u0142\u00f3wna\",\"item\":\"https:\/\/megapets.eu\/hu\/\"},{\"@type\":\"ListItem\",\"position\":2,\"name\":\"Bolt\",\"item\":\"https:\/\/megapets.eu\/bolt\/\"},{\"@type\":\"ListItem\",\"position\":3,\"name\":\"Kalcium Mix csomag 180 g\"}]},{\"@type\":\"WebSite\",\"@id\":\"https:\/\/megapets.eu\/hu\/#website\",\"url\":\"https:\/\/megapets.eu\/hu\/\",\"name\":\"Mega Pets\",\"description\":\"Jedna z najwi\u0119kszych hodowli \u015blimak\u00f3w w Europie\",\"publisher\":{\"@id\":\"https:\/\/megapets.eu\/hu\/#organization\"},\"alternateName\":\"Mega Pets\",\"potentialAction\":[{\"@type\":\"SearchAction\",\"target\":{\"@type\":\"EntryPoint\",\"urlTemplate\":\"https:\/\/megapets.eu\/hu\/?s={search_term_string}\"},\"query-input\":{\"@type\":\"PropertyValueSpecification\",\"valueRequired\":true,\"valueName\":\"search_term_string\"}}],\"inLanguage\":\"hu\"},{\"@type\":\"Organization\",\"@id\":\"https:\/\/megapets.eu\/hu\/#organization\",\"name\":\"Mega Pets\",\"url\":\"https:\/\/megapets.eu\/hu\/\",\"logo\":{\"@type\":\"ImageObject\",\"inLanguage\":\"hu\",\"@id\":\"https:\/\/megapets.eu\/hu\/#\/schema\/logo\/image\/\",\"url\":\"https:\/\/megapets.eu\/wp-content\/uploads\/2025\/04\/megapets_eu-logo.png\",\"contentUrl\":\"https:\/\/megapets.eu\/wp-content\/uploads\/2025\/04\/megapets_eu-logo.png\",\"width\":2362,\"height\":2362,\"caption\":\"Mega Pets\"},\"image\":{\"@id\":\"https:\/\/megapets.eu\/hu\/#\/schema\/logo\/image\/\"},\"sameAs\":[\"https:\/\/www.facebook.com\/MegaPets.eu\/\"]}]}<\/script>\n<!-- \/ Yoast SEO plugin. -->","yoast_head_json":{"title":"Kalcium Mix csomag 180 g | MegaPets","robots":{"index":"index","follow":"follow","max-snippet":"max-snippet:-1","max-image-preview":"max-image-preview:large","max-video-preview":"max-video-preview:-1"},"canonical":"https:\/\/megapets.eu\/hu\/tartozekok\/kalcium-mix-csomag-180-g\/","og_locale":"hu_HU","og_type":"article","og_title":"Kalcium Mix csomag 180 g | MegaPets","og_description":"Tartalmaz: toj\u00e1sh\u00e9j \u00e9s szepia por  A csomag tartalmazza: 180 g  Az \u00e1r a k\u00f6vetkez\u0151kre vonatkozik: 1 csomag.","og_url":"https:\/\/megapets.eu\/hu\/tartozekok\/kalcium-mix-csomag-180-g\/","og_site_name":"MegaPets","article_publisher":"https:\/\/www.facebook.com\/MegaPets.eu\/","og_image":[{"width":1054,"height":696,"url":"https:\/\/megapets.eu\/wp-content\/uploads\/2025\/06\/Wapn-mix123.png","type":"image\/png"}],"twitter_card":"summary_large_image","twitter_misc":{"Becs\u00fclt olvas\u00e1si id\u0151":"1 perc"},"schema":{"@context":"https:\/\/schema.org","@graph":[{"@type":"WebPage","@id":"https:\/\/megapets.eu\/hu\/tartozekok\/kalcium-mix-csomag-180-g\/","url":"https:\/\/megapets.eu\/hu\/tartozekok\/kalcium-mix-csomag-180-g\/","name":"Kalcium Mix csomag 180 g | MegaPets","isPartOf":{"@id":"https:\/\/megapets.eu\/hu\/#website"},"primaryImageOfPage":{"@id":"https:\/\/megapets.eu\/hu\/tartozekok\/kalcium-mix-csomag-180-g\/#primaryimage"},"image":{"@id":"https:\/\/megapets.eu\/hu\/tartozekok\/kalcium-mix-csomag-180-g\/#primaryimage"},"thumbnailUrl":"https:\/\/megapets.eu\/wp-content\/uploads\/2025\/06\/Wapn-mix123.png","datePublished":"2025-06-10T11:47:05+00:00","breadcrumb":{"@id":"https:\/\/megapets.eu\/hu\/tartozekok\/kalcium-mix-csomag-180-g\/#breadcrumb"},"inLanguage":"hu","potentialAction":[{"@type":"ReadAction","target":["https:\/\/megapets.eu\/hu\/tartozekok\/kalcium-mix-csomag-180-g\/"]}]},{"@type":"ImageObject","inLanguage":"hu","@id":"https:\/\/megapets.eu\/hu\/tartozekok\/kalcium-mix-csomag-180-g\/#primaryimage","url":"https:\/\/megapets.eu\/wp-content\/uploads\/2025\/06\/Wapn-mix123.png","contentUrl":"https:\/\/megapets.eu\/wp-content\/uploads\/2025\/06\/Wapn-mix123.png","width":1054,"height":696},{"@type":"BreadcrumbList","@id":"https:\/\/megapets.eu\/hu\/tartozekok\/kalcium-mix-csomag-180-g\/#breadcrumb","itemListElement":[{"@type":"ListItem","position":1,"name":"Strona g\u0142\u00f3wna","item":"https:\/\/megapets.eu\/hu\/"},{"@type":"ListItem","position":2,"name":"Bolt","item":"https:\/\/megapets.eu\/bolt\/"},{"@type":"ListItem","position":3,"name":"Kalcium Mix csomag 180 g"}]},{"@type":"WebSite","@id":"https:\/\/megapets.eu\/hu\/#website","url":"https:\/\/megapets.eu\/hu\/","name":"Mega Pets","description":"Jedna z najwi\u0119kszych hodowli \u015blimak\u00f3w w Europie","publisher":{"@id":"https:\/\/megapets.eu\/hu\/#organization"},"alternateName":"Mega Pets","potentialAction":[{"@type":"SearchAction","target":{"@type":"EntryPoint","urlTemplate":"https:\/\/megapets.eu\/hu\/?s={search_term_string}"},"query-input":{"@type":"PropertyValueSpecification","valueRequired":true,"valueName":"search_term_string"}}],"inLanguage":"hu"},{"@type":"Organization","@id":"https:\/\/megapets.eu\/hu\/#organization","name":"Mega Pets","url":"https:\/\/megapets.eu\/hu\/","logo":{"@type":"ImageObject","inLanguage":"hu","@id":"https:\/\/megapets.eu\/hu\/#\/schema\/logo\/image\/","url":"https:\/\/megapets.eu\/wp-content\/uploads\/2025\/04\/megapets_eu-logo.png","contentUrl":"https:\/\/megapets.eu\/wp-content\/uploads\/2025\/04\/megapets_eu-logo.png","width":2362,"height":2362,"caption":"Mega Pets"},"image":{"@id":"https:\/\/megapets.eu\/hu\/#\/schema\/logo\/image\/"},"sameAs":["https:\/\/www.facebook.com\/MegaPets.eu\/"]}]}},"_links":{"self":[{"href":"https:\/\/megapets.eu\/hu\/wp-json\/wp\/v2\/product\/7982","targetHints":{"allow":["GET"]}}],"collection":[{"href":"https:\/\/megapets.eu\/hu\/wp-json\/wp\/v2\/product"}],"about":[{"href":"https:\/\/megapets.eu\/hu\/wp-json\/wp\/v2\/types\/product"}],"wp:featuredmedia":[{"embeddable":true,"href":"https:\/\/megapets.eu\/hu\/wp-json\/wp\/v2\/media\/7983"}],"wp:attachment":[{"href":"https:\/\/megapets.eu\/hu\/wp-json\/wp\/v2\/media?parent=7982"}],"wp:term":[{"taxonomy":"product_cat","embeddable":true,"href":"https:\/\/megapets.eu\/hu\/wp-json\/wp\/v2\/product_cat?post=7982"},{"taxonomy":"product_tag","embeddable":true,"href":"https:\/\/megapets.eu\/hu\/wp-json\/wp\/v2\/product_tag?post=7982"}],"curies":[{"name":"wp","href":"https:\/\/api.w.org\/{rel}","templated":true}]}}