{"id":7992,"date":"2025-04-10T09:51:28","date_gmt":"2025-04-10T09:51:28","guid":{"rendered":"https:\/\/megapets.eu\/nem-kategorizalt\/az-oriascsigak-atlasza-i-resz\/"},"modified":"2025-04-10T09:51:28","modified_gmt":"2025-04-10T09:51:28","slug":"az-oriascsigak-atlasza-i-resz","status":"publish","type":"product","link":"https:\/\/megapets.eu\/hu\/e-konyvek\/az-oriascsigak-atlasza-i-resz\/","title":{"rendered":"Az \u00f3ri\u00e1scsig\u00e1k atlasza &#8211; I. r\u00e9sz"},"content":{"rendered":"<div class=\"xdj266r x11i5rnm xat24cr x1mh8g0r x1vvkbs x126k92a\">\n<div dir=\"auto\">\n<p style=\"text-align: left;\"><span style=\"font-size: 15px; color: #333333;\"><em><span class=\"html-span xexx8yu x4uap5 x18d9i69 xkhd6sd x1hl2dhg x16tdsg8 x1vvkbs x3nfvp2 x1j61x8r x1fcty0u xdj266r xat24cr xgzva0m xhhsvwb xxymvpz xlup9mm x1kky2od\"><img loading=\"lazy\" decoding=\"async\" class=\"xz74otr x168nmei x13lgxp2 x5pf9jr xo71vjh\" src=\"https:\/\/static.xx.fbcdn.net\/images\/emoji.php\/v9\/t6c\/1\/16\/2764.png\" alt=\"\u2764\" width=\"16\" height=\"16\" \/> <\/span>Bemutatjuk egyed\u00fcl\u00e1ll\u00f3 \u00e9s ingyenes <span class=\"html-span xexx8yu x4uap5 x18d9i69 xkhd6sd x1hl2dhg x16tdsg8 x1vvkbs x3nfvp2 x1j61x8r x1fcty0u xdj266r xat24cr xgzva0m xhhsvwb xxymvpz xlup9mm x1kky2od\"><img loading=\"lazy\" decoding=\"async\" class=\"xz74otr x168nmei x13lgxp2 x5pf9jr xo71vjh\" src=\"https:\/\/static.xx.fbcdn.net\/images\/emoji.php\/v9\/t9e\/1\/16\/1f4d6.png\" alt=\"\ud83d\udcd6\" width=\"16\" height=\"16\" \/><img loading=\"lazy\" decoding=\"async\" class=\"xz74otr x168nmei x13lgxp2 x5pf9jr xo71vjh\" src=\"https:\/\/static.xx.fbcdn.net\/images\/emoji.php\/v9\/tff\/1\/16\/1f40c.png\" alt=\"\ud83d\udc0c\" width=\"16\" height=\"16\" \/> <\/span>&#8222;Az \u00f3ri\u00e1scsig\u00e1k atlasza\u201e, I. r\u00e9sz.<\/em><\/span><\/p>\n<p style=\"text-align: left;\"><span style=\"font-size: 15px; color: #333333;\"><em>Az \u00f3ri\u00e1scsig\u00e1k atlasza az egzotikus csig\u00e1kr\u00f3l sz\u00f3l\u00f3 ismeretek kompendiuma &#8211; kifejezetten az \u00d6n sz\u00e1m\u00e1ra k\u00e9sz\u00fclt!<\/em><\/span><\/p>\n<p style=\"text-align: left;\"><span style=\"font-size: 15px; color: #333333;\"><em><span style=\"font-size: 15px;\"><span class=\"html-span xexx8yu x4uap5 x18d9i69 xkhd6sd x1hl2dhg x16tdsg8 x1vvkbs x3nfvp2 x1j61x8r x1fcty0u xdj266r xat24cr xgzva0m xhhsvwb xxymvpz xlup9mm x1kky2od\"><img loading=\"lazy\" decoding=\"async\" class=\"xz74otr x168nmei x13lgxp2 x5pf9jr xo71vjh\" src=\"https:\/\/static.xx.fbcdn.net\/images\/emoji.php\/v9\/tb4\/1\/16\/2b50.png\" alt=\"\u2b50\ufe0f\" width=\"16\" height=\"16\" \/><\/span> <\/span>2018-ban megval\u00f3s\u00edtottuk az els\u0151 \u00f3ri\u00e1scsig\u00e1kr\u00f3l sz\u00f3l\u00f3 k\u00f6nyvre vonatkoz\u00f3 \u00f6tlet\u00fcnket &#8211; egy eleg\u00e1ns \u00e9s gondosan megtervezett e-k\u00f6nyv lengyel <span class=\"html-span xexx8yu x4uap5 x18d9i69 xkhd6sd x1hl2dhg x16tdsg8 x1vvkbs x3nfvp2 x1j61x8r x1fcty0u xdj266r xat24cr xgzva0m xhhsvwb xxymvpz xlup9mm x1kky2od\"><img loading=\"lazy\" decoding=\"async\" class=\"xz74otr x168nmei x13lgxp2 x5pf9jr xo71vjh\" src=\"https:\/\/static.xx.fbcdn.net\/images\/emoji.php\/v9\/te0\/1\/16\/1f1f5_1f1f1.png\" alt=\"\ud83c\uddf5\ud83c\uddf1\" width=\"16\" height=\"16\" \/><\/span> \u00e9s angol <span class=\"html-span xexx8yu x4uap5 x18d9i69 xkhd6sd x1hl2dhg x16tdsg8 x1vvkbs x3nfvp2 x1j61x8r x1fcty0u xdj266r xat24cr xgzva0m xhhsvwb xxymvpz xlup9mm x1kky2od\"><img loading=\"lazy\" decoding=\"async\" class=\"xz74otr x168nmei x13lgxp2 x5pf9jr xo71vjh\" src=\"https:\/\/static.xx.fbcdn.net\/images\/emoji.php\/v9\/t96\/1\/16\/1f1ec_1f1e7.png\" alt=\"\ud83c\uddec\ud83c\udde7\" width=\"16\" height=\"16\" \/><\/span> nyelven. Az \u00e9vek sor\u00e1n annyi anyagot gy\u0171jt\u00f6tt\u00fcnk \u00f6ssze, hogy eredeti elk\u00e9pzel\u00e9s\u00fcnkb\u0151l egy t\u00f6bbk\u00f6tetes , egyedi \u00f3ri\u00e1scsiga atlasz projekt lett. Szerett\u00fck volna, ha els\u0151 e-k\u00f6nyv\u00fcnk ingyenesen el\u00e9rhet\u0151 lenne a MegaPets.eu \u00fcgyfeleink sz\u00e1m\u00e1ra, \u00e9s elk\u00e9pzel\u00e9s\u00fcnket teljes m\u00e9rt\u00e9kben megval\u00f3s\u00edtottuk! Oldalr\u00f3l oldalra b\u0151v\u00edtett\u00fck kiadv\u00e1nyunkat, olyan r\u00e9szletekkel gazdag\u00edtva, amelyek m\u00e9g jobban t\u00fckr\u00f6zik a fajok, alfajok \u00e9s sz\u00ednv\u00e1ltozataik egyedis\u00e9g\u00e9t. Nagy energi\u00e1t fektett\u00fcnk abba, hogy egyedi m\u0171vet alkossunk, \u00edgy minden egyes, az oldalakon bemutatott csig\u00e1t toj\u00e1sb\u00f3l nevelt\u00fcnk. Ennek k\u00f6sz\u00f6nhet\u0151en a k\u00f6nyv \u00e9letre kel <span class=\"html-span xexx8yu x4uap5 x18d9i69 xkhd6sd x1hl2dhg x16tdsg8 x1vvkbs x3nfvp2 x1j61x8r x1fcty0u xdj266r xat24cr xgzva0m xhhsvwb xxymvpz xlup9mm x1kky2od\"><img loading=\"lazy\" decoding=\"async\" class=\"xz74otr x168nmei x13lgxp2 x5pf9jr xo71vjh\" src=\"https:\/\/static.xx.fbcdn.net\/images\/emoji.php\/v9\/t69\/1\/16\/1f331.png\" alt=\"\ud83c\udf31\" width=\"16\" height=\"16\" \/><\/span>, \u00e9s minden egyes oldala gy\u00f6ny\u00f6rk\u00f6dtet a sz\u00e9ps\u00e9ggel <span class=\"html-span xexx8yu x4uap5 x18d9i69 xkhd6sd x1hl2dhg x16tdsg8 x1vvkbs x3nfvp2 x1j61x8r x1fcty0u xdj266r xat24cr xgzva0m xhhsvwb xxymvpz xlup9mm x1kky2od\"><img loading=\"lazy\" decoding=\"async\" class=\"xz74otr x168nmei x13lgxp2 x5pf9jr xo71vjh\" src=\"https:\/\/static.xx.fbcdn.net\/images\/emoji.php\/v9\/te3\/1\/16\/1f490.png\" alt=\"\ud83d\udc90\" width=\"16\" height=\"16\" \/><\/span>, a r\u00e9szletekre val\u00f3 odafigyel\u00e9ssel \u00e9s a szenved\u00e9llyel <span class=\"html-span xexx8yu x4uap5 x18d9i69 xkhd6sd x1hl2dhg x16tdsg8 x1vvkbs x3nfvp2 x1j61x8r x1fcty0u xdj266r xat24cr xgzva0m xhhsvwb xxymvpz xlup9mm x1kky2od\"><img loading=\"lazy\" decoding=\"async\" class=\"xz74otr x168nmei x13lgxp2 x5pf9jr xo71vjh\" src=\"https:\/\/static.xx.fbcdn.net\/images\/emoji.php\/v9\/t6c\/1\/16\/2764.png\" alt=\"\u2764\" width=\"16\" height=\"16\" \/><\/span>, amit beletett\u00fcnk.<\/em><\/span><\/p>\n<p style=\"text-align: left;\"><span style=\"color: #333333; font-size: 15px;\"><em><span class=\"x1xsqp64 xiy17q3 x1o6pynw x19co3pv xdj266r xcwd3tp xat24cr x39eecv x2b8uid\" data-testid=\"emoji\"><span class=\"xexx8yu xn5pp95 x18d9i69 x2fxd7x x3jgonx x1bhl96m\"> <span style=\"font-size: 15px;\"><img loading=\"lazy\" decoding=\"async\" class=\"xz74otr\" src=\"https:\/\/static.xx.fbcdn.net\/images\/emoji.php\/v9\/t1e\/1\/16\/1f33f.png\" alt=\"\ud83c\udf3f\" width=\"18\" height=\"18\" \/> <\/span>A k\u00f6vetkez\u0151 kih\u00edv\u00e1sok el\u0151tt\u00fcnk \u00e1llnak &#8211; a teljes k\u00f6nyvt\u00e1r <span class=\"html-span xexx8yu x4uap5 x18d9i69 xkhd6sd x1hl2dhg x16tdsg8 x1vvkbs x3nfvp2 x1j61x8r x1fcty0u xdj266r xat24cr xgzva0m xhhsvwb xxymvpz xlup9mm x1kky2od\"><img loading=\"lazy\" decoding=\"async\" class=\"xz74otr x168nmei x13lgxp2 x5pf9jr xo71vjh\" src=\"https:\/\/static.xx.fbcdn.net\/images\/emoji.php\/v9\/t49\/1\/16\/1f4da.png\" alt=\"\ud83d\udcda\" width=\"16\" height=\"16\" \/><\/span> l\u00e9trehoz\u00e1sa az \u00d6n sz\u00e1m\u00e1ra. A k\u00f6vetkez\u0151 r\u00e9szek m\u00e1r k\u00e9sz\u00fclnek.<\/span><\/span><\/em><\/span><\/p>\n<\/div>\n<\/div>\n","protected":false},"excerpt":{"rendered":"<p>Bemutatjuk egyed\u00fcl\u00e1ll\u00f3 \u00e9s ingyenes &#8222;Az \u00f3ri\u00e1scsig\u00e1k atlasza\u201e, I. r\u00e9sz. Az \u00f3ri\u00e1scsig\u00e1k atlasza az egzotikus csig\u00e1kr\u00f3l sz\u00f3l\u00f3 ismeretek kompendiuma &#8211; kifejezetten az \u00d6n sz\u00e1m\u00e1ra k\u00e9sz\u00fclt! 2018-ban megval\u00f3s\u00edtottuk az els\u0151 \u00f3ri\u00e1scsig\u00e1kr\u00f3l sz\u00f3l\u00f3 k\u00f6nyvre vonatkoz\u00f3 \u00f6tlet\u00fcnket &#8211; egy eleg\u00e1ns \u00e9s gondosan megtervezett e-k\u00f6nyv lengyel \u00e9s angol nyelven. Az \u00e9vek sor\u00e1n annyi anyagot gy\u0171jt\u00f6tt\u00fcnk \u00f6ssze, hogy eredeti elk\u00e9pzel\u00e9s\u00fcnkb\u0151l egy [&hellip;]<\/p>\n","protected":false},"featured_media":7996,"template":"","meta":{"_acf_changed":false,"_links_to":"","_links_to_target":""},"product_cat":[202],"product_tag":[],"class_list":{"0":"post-7992","1":"product","2":"type-product","3":"status-publish","4":"has-post-thumbnail","6":"product_cat-e-konyvek","8":"first","9":"instock","10":"downloadable","11":"virtual","12":"purchasable","13":"product-type-simple"},"acf":[],"yoast_head":"<!-- This site is optimized with the Yoast SEO plugin v24.9 - https:\/\/yoast.com\/wordpress\/plugins\/seo\/ -->\n<title>Az \u00f3ri\u00e1scsig\u00e1k atlasza - I. r\u00e9sz | MegaPets<\/title>\n<meta name=\"robots\" content=\"index, follow, max-snippet:-1, max-image-preview:large, max-video-preview:-1\" \/>\n<link rel=\"canonical\" href=\"https:\/\/megapets.eu\/hu\/e-konyvek\/az-oriascsigak-atlasza-i-resz\/\" \/>\n<meta property=\"og:locale\" content=\"hu_HU\" \/>\n<meta property=\"og:type\" content=\"article\" \/>\n<meta property=\"og:title\" content=\"Az \u00f3ri\u00e1scsig\u00e1k atlasza - I. r\u00e9sz | MegaPets\" \/>\n<meta property=\"og:description\" content=\"Bemutatjuk egyed\u00fcl\u00e1ll\u00f3 \u00e9s ingyenes &#8222;Az \u00f3ri\u00e1scsig\u00e1k atlasza\u201e, I. r\u00e9sz. Az \u00f3ri\u00e1scsig\u00e1k atlasza az egzotikus csig\u00e1kr\u00f3l sz\u00f3l\u00f3 ismeretek kompendiuma &#8211; kifejezetten az \u00d6n sz\u00e1m\u00e1ra k\u00e9sz\u00fclt! 2018-ban megval\u00f3s\u00edtottuk az els\u0151 \u00f3ri\u00e1scsig\u00e1kr\u00f3l sz\u00f3l\u00f3 k\u00f6nyvre vonatkoz\u00f3 \u00f6tlet\u00fcnket &#8211; egy eleg\u00e1ns \u00e9s gondosan megtervezett e-k\u00f6nyv lengyel \u00e9s angol nyelven. Az \u00e9vek sor\u00e1n annyi anyagot gy\u0171jt\u00f6tt\u00fcnk \u00f6ssze, hogy eredeti elk\u00e9pzel\u00e9s\u00fcnkb\u0151l egy [&hellip;]\" \/>\n<meta property=\"og:url\" content=\"https:\/\/megapets.eu\/hu\/e-konyvek\/az-oriascsigak-atlasza-i-resz\/\" \/>\n<meta property=\"og:site_name\" content=\"MegaPets\" \/>\n<meta property=\"article:publisher\" content=\"https:\/\/www.facebook.com\/MegaPets.eu\/\" \/>\n<meta property=\"og:image\" content=\"https:\/\/static.xx.fbcdn.net\/images\/emoji.php\/v9\/t6c\/1\/16\/2764.png\" \/>\n<meta name=\"twitter:card\" content=\"summary_large_image\" \/>\n<meta name=\"twitter:label1\" content=\"Becs\u00fclt olvas\u00e1si id\u0151\" \/>\n\t<meta name=\"twitter:data1\" content=\"1 perc\" \/>\n<script type=\"application\/ld+json\" class=\"yoast-schema-graph\">{\"@context\":\"https:\/\/schema.org\",\"@graph\":[{\"@type\":\"WebPage\",\"@id\":\"https:\/\/megapets.eu\/hu\/e-konyvek\/az-oriascsigak-atlasza-i-resz\/\",\"url\":\"https:\/\/megapets.eu\/hu\/e-konyvek\/az-oriascsigak-atlasza-i-resz\/\",\"name\":\"Az \u00f3ri\u00e1scsig\u00e1k atlasza - I. r\u00e9sz | MegaPets\",\"isPartOf\":{\"@id\":\"https:\/\/megapets.eu\/hu\/#website\"},\"primaryImageOfPage\":{\"@id\":\"https:\/\/megapets.eu\/hu\/e-konyvek\/az-oriascsigak-atlasza-i-resz\/#primaryimage\"},\"image\":{\"@id\":\"https:\/\/megapets.eu\/hu\/e-konyvek\/az-oriascsigak-atlasza-i-resz\/#primaryimage\"},\"thumbnailUrl\":\"https:\/\/megapets.eu\/wp-content\/uploads\/2025\/04\/6789000-1.png\",\"datePublished\":\"2025-04-10T09:51:28+00:00\",\"breadcrumb\":{\"@id\":\"https:\/\/megapets.eu\/hu\/e-konyvek\/az-oriascsigak-atlasza-i-resz\/#breadcrumb\"},\"inLanguage\":\"hu\",\"potentialAction\":[{\"@type\":\"ReadAction\",\"target\":[\"https:\/\/megapets.eu\/hu\/e-konyvek\/az-oriascsigak-atlasza-i-resz\/\"]}]},{\"@type\":\"ImageObject\",\"inLanguage\":\"hu\",\"@id\":\"https:\/\/megapets.eu\/hu\/e-konyvek\/az-oriascsigak-atlasza-i-resz\/#primaryimage\",\"url\":\"https:\/\/megapets.eu\/wp-content\/uploads\/2025\/04\/6789000-1.png\",\"contentUrl\":\"https:\/\/megapets.eu\/wp-content\/uploads\/2025\/04\/6789000-1.png\",\"width\":981,\"height\":671},{\"@type\":\"BreadcrumbList\",\"@id\":\"https:\/\/megapets.eu\/hu\/e-konyvek\/az-oriascsigak-atlasza-i-resz\/#breadcrumb\",\"itemListElement\":[{\"@type\":\"ListItem\",\"position\":1,\"name\":\"Strona g\u0142\u00f3wna\",\"item\":\"https:\/\/megapets.eu\/hu\/\"},{\"@type\":\"ListItem\",\"position\":2,\"name\":\"Bolt\",\"item\":\"https:\/\/megapets.eu\/bolt\/\"},{\"@type\":\"ListItem\",\"position\":3,\"name\":\"Az \u00f3ri\u00e1scsig\u00e1k atlasza &#8211; I. r\u00e9sz\"}]},{\"@type\":\"WebSite\",\"@id\":\"https:\/\/megapets.eu\/hu\/#website\",\"url\":\"https:\/\/megapets.eu\/hu\/\",\"name\":\"Mega Pets\",\"description\":\"Jedna z najwi\u0119kszych hodowli \u015blimak\u00f3w w Europie\",\"publisher\":{\"@id\":\"https:\/\/megapets.eu\/hu\/#organization\"},\"alternateName\":\"Mega Pets\",\"potentialAction\":[{\"@type\":\"SearchAction\",\"target\":{\"@type\":\"EntryPoint\",\"urlTemplate\":\"https:\/\/megapets.eu\/hu\/?s={search_term_string}\"},\"query-input\":{\"@type\":\"PropertyValueSpecification\",\"valueRequired\":true,\"valueName\":\"search_term_string\"}}],\"inLanguage\":\"hu\"},{\"@type\":\"Organization\",\"@id\":\"https:\/\/megapets.eu\/hu\/#organization\",\"name\":\"Mega Pets\",\"url\":\"https:\/\/megapets.eu\/hu\/\",\"logo\":{\"@type\":\"ImageObject\",\"inLanguage\":\"hu\",\"@id\":\"https:\/\/megapets.eu\/hu\/#\/schema\/logo\/image\/\",\"url\":\"https:\/\/megapets.eu\/wp-content\/uploads\/2025\/04\/megapets_eu-logo.png\",\"contentUrl\":\"https:\/\/megapets.eu\/wp-content\/uploads\/2025\/04\/megapets_eu-logo.png\",\"width\":2362,\"height\":2362,\"caption\":\"Mega Pets\"},\"image\":{\"@id\":\"https:\/\/megapets.eu\/hu\/#\/schema\/logo\/image\/\"},\"sameAs\":[\"https:\/\/www.facebook.com\/MegaPets.eu\/\"]}]}<\/script>\n<!-- \/ Yoast SEO plugin. -->","yoast_head_json":{"title":"Az \u00f3ri\u00e1scsig\u00e1k atlasza - I. r\u00e9sz | MegaPets","robots":{"index":"index","follow":"follow","max-snippet":"max-snippet:-1","max-image-preview":"max-image-preview:large","max-video-preview":"max-video-preview:-1"},"canonical":"https:\/\/megapets.eu\/hu\/e-konyvek\/az-oriascsigak-atlasza-i-resz\/","og_locale":"hu_HU","og_type":"article","og_title":"Az \u00f3ri\u00e1scsig\u00e1k atlasza - I. r\u00e9sz | MegaPets","og_description":"Bemutatjuk egyed\u00fcl\u00e1ll\u00f3 \u00e9s ingyenes &#8222;Az \u00f3ri\u00e1scsig\u00e1k atlasza\u201e, I. r\u00e9sz. Az \u00f3ri\u00e1scsig\u00e1k atlasza az egzotikus csig\u00e1kr\u00f3l sz\u00f3l\u00f3 ismeretek kompendiuma &#8211; kifejezetten az \u00d6n sz\u00e1m\u00e1ra k\u00e9sz\u00fclt! 2018-ban megval\u00f3s\u00edtottuk az els\u0151 \u00f3ri\u00e1scsig\u00e1kr\u00f3l sz\u00f3l\u00f3 k\u00f6nyvre vonatkoz\u00f3 \u00f6tlet\u00fcnket &#8211; egy eleg\u00e1ns \u00e9s gondosan megtervezett e-k\u00f6nyv lengyel \u00e9s angol nyelven. Az \u00e9vek sor\u00e1n annyi anyagot gy\u0171jt\u00f6tt\u00fcnk \u00f6ssze, hogy eredeti elk\u00e9pzel\u00e9s\u00fcnkb\u0151l egy [&hellip;]","og_url":"https:\/\/megapets.eu\/hu\/e-konyvek\/az-oriascsigak-atlasza-i-resz\/","og_site_name":"MegaPets","article_publisher":"https:\/\/www.facebook.com\/MegaPets.eu\/","og_image":[{"url":"https:\/\/static.xx.fbcdn.net\/images\/emoji.php\/v9\/t6c\/1\/16\/2764.png","type":"","width":"","height":""}],"twitter_card":"summary_large_image","twitter_misc":{"Becs\u00fclt olvas\u00e1si id\u0151":"1 perc"},"schema":{"@context":"https:\/\/schema.org","@graph":[{"@type":"WebPage","@id":"https:\/\/megapets.eu\/hu\/e-konyvek\/az-oriascsigak-atlasza-i-resz\/","url":"https:\/\/megapets.eu\/hu\/e-konyvek\/az-oriascsigak-atlasza-i-resz\/","name":"Az \u00f3ri\u00e1scsig\u00e1k atlasza - I. r\u00e9sz | MegaPets","isPartOf":{"@id":"https:\/\/megapets.eu\/hu\/#website"},"primaryImageOfPage":{"@id":"https:\/\/megapets.eu\/hu\/e-konyvek\/az-oriascsigak-atlasza-i-resz\/#primaryimage"},"image":{"@id":"https:\/\/megapets.eu\/hu\/e-konyvek\/az-oriascsigak-atlasza-i-resz\/#primaryimage"},"thumbnailUrl":"https:\/\/megapets.eu\/wp-content\/uploads\/2025\/04\/6789000-1.png","datePublished":"2025-04-10T09:51:28+00:00","breadcrumb":{"@id":"https:\/\/megapets.eu\/hu\/e-konyvek\/az-oriascsigak-atlasza-i-resz\/#breadcrumb"},"inLanguage":"hu","potentialAction":[{"@type":"ReadAction","target":["https:\/\/megapets.eu\/hu\/e-konyvek\/az-oriascsigak-atlasza-i-resz\/"]}]},{"@type":"ImageObject","inLanguage":"hu","@id":"https:\/\/megapets.eu\/hu\/e-konyvek\/az-oriascsigak-atlasza-i-resz\/#primaryimage","url":"https:\/\/megapets.eu\/wp-content\/uploads\/2025\/04\/6789000-1.png","contentUrl":"https:\/\/megapets.eu\/wp-content\/uploads\/2025\/04\/6789000-1.png","width":981,"height":671},{"@type":"BreadcrumbList","@id":"https:\/\/megapets.eu\/hu\/e-konyvek\/az-oriascsigak-atlasza-i-resz\/#breadcrumb","itemListElement":[{"@type":"ListItem","position":1,"name":"Strona g\u0142\u00f3wna","item":"https:\/\/megapets.eu\/hu\/"},{"@type":"ListItem","position":2,"name":"Bolt","item":"https:\/\/megapets.eu\/bolt\/"},{"@type":"ListItem","position":3,"name":"Az \u00f3ri\u00e1scsig\u00e1k atlasza &#8211; I. r\u00e9sz"}]},{"@type":"WebSite","@id":"https:\/\/megapets.eu\/hu\/#website","url":"https:\/\/megapets.eu\/hu\/","name":"Mega Pets","description":"Jedna z najwi\u0119kszych hodowli \u015blimak\u00f3w w Europie","publisher":{"@id":"https:\/\/megapets.eu\/hu\/#organization"},"alternateName":"Mega Pets","potentialAction":[{"@type":"SearchAction","target":{"@type":"EntryPoint","urlTemplate":"https:\/\/megapets.eu\/hu\/?s={search_term_string}"},"query-input":{"@type":"PropertyValueSpecification","valueRequired":true,"valueName":"search_term_string"}}],"inLanguage":"hu"},{"@type":"Organization","@id":"https:\/\/megapets.eu\/hu\/#organization","name":"Mega Pets","url":"https:\/\/megapets.eu\/hu\/","logo":{"@type":"ImageObject","inLanguage":"hu","@id":"https:\/\/megapets.eu\/hu\/#\/schema\/logo\/image\/","url":"https:\/\/megapets.eu\/wp-content\/uploads\/2025\/04\/megapets_eu-logo.png","contentUrl":"https:\/\/megapets.eu\/wp-content\/uploads\/2025\/04\/megapets_eu-logo.png","width":2362,"height":2362,"caption":"Mega Pets"},"image":{"@id":"https:\/\/megapets.eu\/hu\/#\/schema\/logo\/image\/"},"sameAs":["https:\/\/www.facebook.com\/MegaPets.eu\/"]}]}},"_links":{"self":[{"href":"https:\/\/megapets.eu\/hu\/wp-json\/wp\/v2\/product\/7992","targetHints":{"allow":["GET"]}}],"collection":[{"href":"https:\/\/megapets.eu\/hu\/wp-json\/wp\/v2\/product"}],"about":[{"href":"https:\/\/megapets.eu\/hu\/wp-json\/wp\/v2\/types\/product"}],"wp:featuredmedia":[{"embeddable":true,"href":"https:\/\/megapets.eu\/hu\/wp-json\/wp\/v2\/media\/7996"}],"wp:attachment":[{"href":"https:\/\/megapets.eu\/hu\/wp-json\/wp\/v2\/media?parent=7992"}],"wp:term":[{"taxonomy":"product_cat","embeddable":true,"href":"https:\/\/megapets.eu\/hu\/wp-json\/wp\/v2\/product_cat?post=7992"},{"taxonomy":"product_tag","embeddable":true,"href":"https:\/\/megapets.eu\/hu\/wp-json\/wp\/v2\/product_tag?post=7992"}],"curies":[{"name":"wp","href":"https:\/\/api.w.org\/{rel}","templated":true}]}}