{"id":8001,"date":"2025-06-16T09:42:27","date_gmt":"2025-06-16T09:42:27","guid":{"rendered":"https:\/\/megapets.eu\/nem-kategorizalt\/archachatina-marginata-petesejt-xxl-nem-kapcsolodo-par-illesztese\/"},"modified":"2025-06-16T09:42:27","modified_gmt":"2025-06-16T09:42:27","slug":"archachatina-marginata-petesejt-xxl-nem-kapcsolodo-par-illesztese","status":"publish","type":"product","link":"https:\/\/megapets.eu\/hu\/csigak\/archachatina-marginata-petesejt-xxl-nem-kapcsolodo-par-illesztese\/","title":{"rendered":"Archachatina marginata petesejt XXL<br \/> Nem kapcsol\u00f3d\u00f3 p\u00e1r illeszt\u00e9se"},"content":{"rendered":"<p class=\"v1v1v1v1MsoNormal\"><span style=\"color: #424242; font-size: 15px;\"><em><span style=\"color: #000000;\"><strong>Faj:<\/strong><\/span><\/em><span style=\"color: #000000;\"><em> Archachatina marginata ovum (L. Pfeiffer, 1858)<\/em><\/span><em><strong><span style=\"color: #000000;\"> Speci\u00e1lis vonaljel\u00f6l\u00e9s:<\/span><\/strong><\/em><em><span style=\"color: #000000;\"> \u201eXXL\u201d<\/span><\/em><em><span style=\"color: #000000;\"><strong> Sz\u00ednv\u00e1laszt\u00e9k<\/strong> :<\/span><\/em><em><span style=\"color: #000000;\"> standard <\/span><\/em><\/span><\/p>\n<p><span style=\"font-size: 15px;\"><strong><span style=\"color: #000000;\"><em><span style=\"color: #008000;\"><span style=\"color: #424242;\"><img decoding=\"async\" src=\"https:\/\/static.xx.fbcdn.net\/images\/emoji.php\/v9\/tb4\/1\/16\/2b50.png\" alt=\"\u2b50\ufe0f\" \/><\/span><\/span><\/em><\/span><span style=\"color: #000000;\"><em> Az aj\u00e1nlat a k\u00f6vetkez\u0151kre vonatkozik:<\/em><\/span><\/strong><span style=\"color: #000000;\"><em> 2 fiatal csiga k\u00fcl\u00f6n\u00e1ll\u00f3 genetikai vonalakb\u00f3l (nem rokon P6-P22 sz\u00fcl\u0151p\u00e1rokb\u00f3l). <\/em><\/span><\/span><\/p>\n<p style=\"text-align: left;\"><span style=\"font-size: 15px;\"><span style=\"color: #000000;\"><em><img loading=\"lazy\" decoding=\"async\" class=\"\" src=\"https:\/\/static.xx.fbcdn.net\/images\/emoji.php\/v9\/ta\/1\/32\/1f525.png\" alt=\"\ud83d\udd25\" width=\"18\" height=\"18\" \/><\/em><\/span><em style=\"color: #000000;\"><span style=\"color: #008000;\"><span style=\"color: #424242;\"><span style=\"color: #993300;\"> Az egyik legnagyobb sz\u00e1razf\u00f6ldi csiga, a vitathatatlan \u00f3ri\u00e1s, az Archachatina marginata ovum XXL, a standard sz\u00ednv\u00e1ltozatban, els\u0151 pillant\u00e1sra leny\u0171g\u00f6z\u0151 m\u00e9ret\u00e9vel rabul ejti a l\u00e1togat\u00f3kat. A csigakedvel\u0151k k\u00f6r\u00e9ben ismert barna \u00f3ri\u00e1sok leny\u0171g\u00f6z\u0151 m\u00e9reteket \u00e9rnek el &#8211; p\u00e1nc\u00e9ljuk meghaladja a 16 cm-t. Ez azonban nem a hat\u00e1r &#8211; kiv\u00e9teles m\u00e9ret\u0171 p\u00e9ld\u00e1nyok is el\u0151fordulnak, 18-20 cm-esek. Az igazi \u00f3ri\u00e1sok p\u00e1nc\u00e9lja nagyon sz\u00e9les \u00e9s hatalmas, \u00e9s ennek a fajnak egy csig\u00e1ja t\u00f6bb mint f\u00e9l kilogrammot nyom. <\/span><\/span><\/span><\/em><\/span><\/p>\n<p style=\"text-align: left;\"><span style=\"color: #000000; font-size: 15px;\"><em><span class=\"x1xsqp64 xiy17q3 x1o6pynw x19co3pv xdj266r xcwd3tp xat24cr x39eecv x2b8uid\" data-testid=\"emoji\"><span class=\"xexx8yu xn5pp95 x18d9i69 x2fxd7x x3jgonx x1bhl96m\"><img loading=\"lazy\" decoding=\"async\" class=\"\" src=\"https:\/\/static.xx.fbcdn.net\/images\/emoji.php\/v9\/t66\/1\/32\/1f4cc.png\" alt=\"\ud83d\udccc\" width=\"18\" height=\"18\" \/> A matt h\u00e9j nem rendelkezik egys\u00e9ges sz\u00ednvil\u00e1ggal &#8211; a s\u00e1rga, narancss\u00e1rga, barna \u00e9s fekete sz\u00ednekt\u0151l a fekete sz\u00ednekig terjed\u0151 sk\u00e1l\u00e1t mutat, amelyek k\u00fcl\u00f6nb\u00f6z\u0151 intenzit\u00e1s\u00fa \u00e9s tel\u00edtetts\u00e9g\u0171 \u00e1rnyalatokkal rendelkeznek. A h\u00e9j h\u00e1tter\u00e9t s\u0171r\u0171n tark\u00edtj\u00e1k az \u00e9les cs\u00edkok, cikkcakkok \u00e9s foltok. A cs\u00edkok, cikkcakkok \u00e9s foltok n\u00e9ha olyan s\u0171r\u0171n oszlanak el, hogy szinte teljesen befedhetik a h\u00e9j test\u00e9t, \u00e9s m\u00e9ly narancss\u00e1rga-barna sz\u00ednt k\u00f6lcs\u00f6n\u00f6zhetnek neki, vagy jelent\u0151sen s\u00f6t\u00e9t\u00edthetik a h\u00e9jat intenz\u00edv barna-fekete \u00e1rnyalatokra. <\/span><\/span><\/em><\/span><\/p>\n<p style=\"text-align: left;\"><span style=\"color: #000000; font-size: 15px;\"><em><img loading=\"lazy\" decoding=\"async\" class=\"xz74otr\" src=\"https:\/\/static.xx.fbcdn.net\/images\/emoji.php\/v9\/t1e\/1\/16\/1f33f.png\" alt=\"\ud83c\udf3f\" width=\"18\" height=\"18\" \/><span style=\"color: #008000;\"> Az Archachatina nemzets\u00e9g legt\u00f6bb faj\u00e1hoz hasonl\u00f3an ezek a csig\u00e1k is ig\u00e9nytelenek, \u00e9s akkor \u00e9rzik j\u00f3l magukat, ha az alapvet\u0151 \u00e9letfelt\u00e9telek biztos\u00edtottak.<\/span><\/em><\/span><\/p>\n","protected":false},"excerpt":{"rendered":"<ul>\n<li>C\u00e9lpont h\u00e9j m\u00e9rete:\n<ul>\n<li> kb. 16 cm \u00e9s t\u00f6bb<\/li>\n<\/ul>\n<\/li>\n<li> Nem rokon p\u00e1rokt\u00f3l:\n<ul>\n<li> P6-P22<\/li>\n<\/ul>\n<\/li>\n<li> Felaj\u00e1nlott fiatal p\u00e9ld\u00e1nyok:\n<ul>\n<li> kb. 5-6 cm<\/li>\n<\/ul>\n<\/li>\n<li> Az \u00e1r a k\u00f6vetkez\u0151kre vonatkozik:\n<ul>\n<li> 2 db (p\u00e1ros\u00edt\u00e1s)<\/li>\n<\/ul>\n<\/li>\n<\/ul>\n","protected":false},"featured_media":8002,"template":"","meta":{"_acf_changed":false,"_links_to":"","_links_to_target":""},"product_cat":[193],"product_tag":[],"class_list":{"0":"post-8001","1":"product","2":"type-product","3":"status-publish","4":"has-post-thumbnail","6":"product_cat-csigak","8":"first","9":"instock","10":"shipping-taxable","11":"purchasable","12":"product-type-simple"},"acf":[],"yoast_head":"<!-- This site is optimized with the Yoast SEO plugin v24.9 - https:\/\/yoast.com\/wordpress\/plugins\/seo\/ -->\n<title>Archachatina marginata petesejt XXL Nem kapcsol\u00f3d\u00f3 p\u00e1r illeszt\u00e9se | MegaPets<\/title>\n<meta name=\"robots\" content=\"index, follow, max-snippet:-1, max-image-preview:large, max-video-preview:-1\" \/>\n<link rel=\"canonical\" href=\"https:\/\/megapets.eu\/hu\/csigak\/archachatina-marginata-petesejt-xxl-nem-kapcsolodo-par-illesztese\/\" \/>\n<meta property=\"og:locale\" content=\"hu_HU\" \/>\n<meta property=\"og:type\" content=\"article\" \/>\n<meta property=\"og:title\" content=\"Archachatina marginata petesejt XXL Nem kapcsol\u00f3d\u00f3 p\u00e1r illeszt\u00e9se | MegaPets\" \/>\n<meta property=\"og:description\" content=\"C\u00e9lpont h\u00e9j m\u00e9rete: kb. 16 cm \u00e9s t\u00f6bb Nem rokon p\u00e1rokt\u00f3l: P6-P22 Felaj\u00e1nlott fiatal p\u00e9ld\u00e1nyok: kb. 5-6 cm Az \u00e1r a k\u00f6vetkez\u0151kre vonatkozik: 2 db (p\u00e1ros\u00edt\u00e1s)\" \/>\n<meta property=\"og:url\" content=\"https:\/\/megapets.eu\/hu\/csigak\/archachatina-marginata-petesejt-xxl-nem-kapcsolodo-par-illesztese\/\" \/>\n<meta property=\"og:site_name\" content=\"MegaPets\" \/>\n<meta property=\"article:publisher\" content=\"https:\/\/www.facebook.com\/MegaPets.eu\/\" \/>\n<meta property=\"og:image\" content=\"https:\/\/megapets.eu\/wp-content\/uploads\/2025\/06\/1107212.jpg\" \/>\n\t<meta property=\"og:image:width\" content=\"1206\" \/>\n\t<meta property=\"og:image:height\" content=\"800\" \/>\n\t<meta property=\"og:image:type\" content=\"image\/jpeg\" \/>\n<meta name=\"twitter:card\" content=\"summary_large_image\" \/>\n<meta name=\"twitter:label1\" content=\"Becs\u00fclt olvas\u00e1si id\u0151\" \/>\n\t<meta name=\"twitter:data1\" content=\"1 perc\" \/>\n<script type=\"application\/ld+json\" class=\"yoast-schema-graph\">{\"@context\":\"https:\/\/schema.org\",\"@graph\":[{\"@type\":\"WebPage\",\"@id\":\"https:\/\/megapets.eu\/hu\/csigak\/archachatina-marginata-petesejt-xxl-nem-kapcsolodo-par-illesztese\/\",\"url\":\"https:\/\/megapets.eu\/hu\/csigak\/archachatina-marginata-petesejt-xxl-nem-kapcsolodo-par-illesztese\/\",\"name\":\"Archachatina marginata petesejt XXL Nem kapcsol\u00f3d\u00f3 p\u00e1r illeszt\u00e9se | MegaPets\",\"isPartOf\":{\"@id\":\"https:\/\/megapets.eu\/hu\/#website\"},\"primaryImageOfPage\":{\"@id\":\"https:\/\/megapets.eu\/hu\/csigak\/archachatina-marginata-petesejt-xxl-nem-kapcsolodo-par-illesztese\/#primaryimage\"},\"image\":{\"@id\":\"https:\/\/megapets.eu\/hu\/csigak\/archachatina-marginata-petesejt-xxl-nem-kapcsolodo-par-illesztese\/#primaryimage\"},\"thumbnailUrl\":\"https:\/\/megapets.eu\/wp-content\/uploads\/2025\/06\/1107212.jpg\",\"datePublished\":\"2025-06-16T09:42:27+00:00\",\"breadcrumb\":{\"@id\":\"https:\/\/megapets.eu\/hu\/csigak\/archachatina-marginata-petesejt-xxl-nem-kapcsolodo-par-illesztese\/#breadcrumb\"},\"inLanguage\":\"hu\",\"potentialAction\":[{\"@type\":\"ReadAction\",\"target\":[\"https:\/\/megapets.eu\/hu\/csigak\/archachatina-marginata-petesejt-xxl-nem-kapcsolodo-par-illesztese\/\"]}]},{\"@type\":\"ImageObject\",\"inLanguage\":\"hu\",\"@id\":\"https:\/\/megapets.eu\/hu\/csigak\/archachatina-marginata-petesejt-xxl-nem-kapcsolodo-par-illesztese\/#primaryimage\",\"url\":\"https:\/\/megapets.eu\/wp-content\/uploads\/2025\/06\/1107212.jpg\",\"contentUrl\":\"https:\/\/megapets.eu\/wp-content\/uploads\/2025\/06\/1107212.jpg\",\"width\":1206,\"height\":800,\"caption\":\"rrem\"},{\"@type\":\"BreadcrumbList\",\"@id\":\"https:\/\/megapets.eu\/hu\/csigak\/archachatina-marginata-petesejt-xxl-nem-kapcsolodo-par-illesztese\/#breadcrumb\",\"itemListElement\":[{\"@type\":\"ListItem\",\"position\":1,\"name\":\"Strona g\u0142\u00f3wna\",\"item\":\"https:\/\/megapets.eu\/hu\/\"},{\"@type\":\"ListItem\",\"position\":2,\"name\":\"Bolt\",\"item\":\"https:\/\/megapets.eu\/bolt\/\"},{\"@type\":\"ListItem\",\"position\":3,\"name\":\"Archachatina marginata petesejt XXL Nem kapcsol\u00f3d\u00f3 p\u00e1r illeszt\u00e9se\"}]},{\"@type\":\"WebSite\",\"@id\":\"https:\/\/megapets.eu\/hu\/#website\",\"url\":\"https:\/\/megapets.eu\/hu\/\",\"name\":\"Mega Pets\",\"description\":\"Jedna z najwi\u0119kszych hodowli \u015blimak\u00f3w w Europie\",\"publisher\":{\"@id\":\"https:\/\/megapets.eu\/hu\/#organization\"},\"alternateName\":\"Mega Pets\",\"potentialAction\":[{\"@type\":\"SearchAction\",\"target\":{\"@type\":\"EntryPoint\",\"urlTemplate\":\"https:\/\/megapets.eu\/hu\/?s={search_term_string}\"},\"query-input\":{\"@type\":\"PropertyValueSpecification\",\"valueRequired\":true,\"valueName\":\"search_term_string\"}}],\"inLanguage\":\"hu\"},{\"@type\":\"Organization\",\"@id\":\"https:\/\/megapets.eu\/hu\/#organization\",\"name\":\"Mega Pets\",\"url\":\"https:\/\/megapets.eu\/hu\/\",\"logo\":{\"@type\":\"ImageObject\",\"inLanguage\":\"hu\",\"@id\":\"https:\/\/megapets.eu\/hu\/#\/schema\/logo\/image\/\",\"url\":\"https:\/\/megapets.eu\/wp-content\/uploads\/2025\/04\/megapets_eu-logo.png\",\"contentUrl\":\"https:\/\/megapets.eu\/wp-content\/uploads\/2025\/04\/megapets_eu-logo.png\",\"width\":2362,\"height\":2362,\"caption\":\"Mega Pets\"},\"image\":{\"@id\":\"https:\/\/megapets.eu\/hu\/#\/schema\/logo\/image\/\"},\"sameAs\":[\"https:\/\/www.facebook.com\/MegaPets.eu\/\"]}]}<\/script>\n<!-- \/ Yoast SEO plugin. -->","yoast_head_json":{"title":"Archachatina marginata petesejt XXL Nem kapcsol\u00f3d\u00f3 p\u00e1r illeszt\u00e9se | MegaPets","robots":{"index":"index","follow":"follow","max-snippet":"max-snippet:-1","max-image-preview":"max-image-preview:large","max-video-preview":"max-video-preview:-1"},"canonical":"https:\/\/megapets.eu\/hu\/csigak\/archachatina-marginata-petesejt-xxl-nem-kapcsolodo-par-illesztese\/","og_locale":"hu_HU","og_type":"article","og_title":"Archachatina marginata petesejt XXL Nem kapcsol\u00f3d\u00f3 p\u00e1r illeszt\u00e9se | MegaPets","og_description":"C\u00e9lpont h\u00e9j m\u00e9rete: kb. 16 cm \u00e9s t\u00f6bb Nem rokon p\u00e1rokt\u00f3l: P6-P22 Felaj\u00e1nlott fiatal p\u00e9ld\u00e1nyok: kb. 5-6 cm Az \u00e1r a k\u00f6vetkez\u0151kre vonatkozik: 2 db (p\u00e1ros\u00edt\u00e1s)","og_url":"https:\/\/megapets.eu\/hu\/csigak\/archachatina-marginata-petesejt-xxl-nem-kapcsolodo-par-illesztese\/","og_site_name":"MegaPets","article_publisher":"https:\/\/www.facebook.com\/MegaPets.eu\/","og_image":[{"width":1206,"height":800,"url":"https:\/\/megapets.eu\/wp-content\/uploads\/2025\/06\/1107212.jpg","type":"image\/jpeg"}],"twitter_card":"summary_large_image","twitter_misc":{"Becs\u00fclt olvas\u00e1si id\u0151":"1 perc"},"schema":{"@context":"https:\/\/schema.org","@graph":[{"@type":"WebPage","@id":"https:\/\/megapets.eu\/hu\/csigak\/archachatina-marginata-petesejt-xxl-nem-kapcsolodo-par-illesztese\/","url":"https:\/\/megapets.eu\/hu\/csigak\/archachatina-marginata-petesejt-xxl-nem-kapcsolodo-par-illesztese\/","name":"Archachatina marginata petesejt XXL Nem kapcsol\u00f3d\u00f3 p\u00e1r illeszt\u00e9se | MegaPets","isPartOf":{"@id":"https:\/\/megapets.eu\/hu\/#website"},"primaryImageOfPage":{"@id":"https:\/\/megapets.eu\/hu\/csigak\/archachatina-marginata-petesejt-xxl-nem-kapcsolodo-par-illesztese\/#primaryimage"},"image":{"@id":"https:\/\/megapets.eu\/hu\/csigak\/archachatina-marginata-petesejt-xxl-nem-kapcsolodo-par-illesztese\/#primaryimage"},"thumbnailUrl":"https:\/\/megapets.eu\/wp-content\/uploads\/2025\/06\/1107212.jpg","datePublished":"2025-06-16T09:42:27+00:00","breadcrumb":{"@id":"https:\/\/megapets.eu\/hu\/csigak\/archachatina-marginata-petesejt-xxl-nem-kapcsolodo-par-illesztese\/#breadcrumb"},"inLanguage":"hu","potentialAction":[{"@type":"ReadAction","target":["https:\/\/megapets.eu\/hu\/csigak\/archachatina-marginata-petesejt-xxl-nem-kapcsolodo-par-illesztese\/"]}]},{"@type":"ImageObject","inLanguage":"hu","@id":"https:\/\/megapets.eu\/hu\/csigak\/archachatina-marginata-petesejt-xxl-nem-kapcsolodo-par-illesztese\/#primaryimage","url":"https:\/\/megapets.eu\/wp-content\/uploads\/2025\/06\/1107212.jpg","contentUrl":"https:\/\/megapets.eu\/wp-content\/uploads\/2025\/06\/1107212.jpg","width":1206,"height":800,"caption":"rrem"},{"@type":"BreadcrumbList","@id":"https:\/\/megapets.eu\/hu\/csigak\/archachatina-marginata-petesejt-xxl-nem-kapcsolodo-par-illesztese\/#breadcrumb","itemListElement":[{"@type":"ListItem","position":1,"name":"Strona g\u0142\u00f3wna","item":"https:\/\/megapets.eu\/hu\/"},{"@type":"ListItem","position":2,"name":"Bolt","item":"https:\/\/megapets.eu\/bolt\/"},{"@type":"ListItem","position":3,"name":"Archachatina marginata petesejt XXL Nem kapcsol\u00f3d\u00f3 p\u00e1r illeszt\u00e9se"}]},{"@type":"WebSite","@id":"https:\/\/megapets.eu\/hu\/#website","url":"https:\/\/megapets.eu\/hu\/","name":"Mega Pets","description":"Jedna z najwi\u0119kszych hodowli \u015blimak\u00f3w w Europie","publisher":{"@id":"https:\/\/megapets.eu\/hu\/#organization"},"alternateName":"Mega Pets","potentialAction":[{"@type":"SearchAction","target":{"@type":"EntryPoint","urlTemplate":"https:\/\/megapets.eu\/hu\/?s={search_term_string}"},"query-input":{"@type":"PropertyValueSpecification","valueRequired":true,"valueName":"search_term_string"}}],"inLanguage":"hu"},{"@type":"Organization","@id":"https:\/\/megapets.eu\/hu\/#organization","name":"Mega Pets","url":"https:\/\/megapets.eu\/hu\/","logo":{"@type":"ImageObject","inLanguage":"hu","@id":"https:\/\/megapets.eu\/hu\/#\/schema\/logo\/image\/","url":"https:\/\/megapets.eu\/wp-content\/uploads\/2025\/04\/megapets_eu-logo.png","contentUrl":"https:\/\/megapets.eu\/wp-content\/uploads\/2025\/04\/megapets_eu-logo.png","width":2362,"height":2362,"caption":"Mega Pets"},"image":{"@id":"https:\/\/megapets.eu\/hu\/#\/schema\/logo\/image\/"},"sameAs":["https:\/\/www.facebook.com\/MegaPets.eu\/"]}]}},"_links":{"self":[{"href":"https:\/\/megapets.eu\/hu\/wp-json\/wp\/v2\/product\/8001","targetHints":{"allow":["GET"]}}],"collection":[{"href":"https:\/\/megapets.eu\/hu\/wp-json\/wp\/v2\/product"}],"about":[{"href":"https:\/\/megapets.eu\/hu\/wp-json\/wp\/v2\/types\/product"}],"wp:featuredmedia":[{"embeddable":true,"href":"https:\/\/megapets.eu\/hu\/wp-json\/wp\/v2\/media\/8002"}],"wp:attachment":[{"href":"https:\/\/megapets.eu\/hu\/wp-json\/wp\/v2\/media?parent=8001"}],"wp:term":[{"taxonomy":"product_cat","embeddable":true,"href":"https:\/\/megapets.eu\/hu\/wp-json\/wp\/v2\/product_cat?post=8001"},{"taxonomy":"product_tag","embeddable":true,"href":"https:\/\/megapets.eu\/hu\/wp-json\/wp\/v2\/product_tag?post=8001"}],"curies":[{"name":"wp","href":"https:\/\/api.w.org\/{rel}","templated":true}]}}