{"id":8009,"date":"2025-05-03T14:24:38","date_gmt":"2025-05-03T14:24:38","guid":{"rendered":"https:\/\/megapets.eu\/nem-kategorizalt\/archachatina-marginata-marginata2-tipus\/"},"modified":"2025-05-03T14:24:38","modified_gmt":"2025-05-03T14:24:38","slug":"archachatina-marginata-marginata2-tipus","status":"publish","type":"product","link":"https:\/\/megapets.eu\/hu\/csigak\/archachatina-marginata-marginata2-tipus\/","title":{"rendered":"Archachatina marginata marginata<br \/>2. t\u00edpus"},"content":{"rendered":"<p style=\"text-align: left;\"><span style=\"color: #424242; font-size: 15px;\"><em><span style=\"color: #000000;\"><strong>Faj:<\/strong> <\/span><\/em><span style=\"color: #000000;\"><em>Archachatina marginata marginata (Swainson, 1821)<\/em><\/span><em><br \/>\n<strong><span style=\"color: #000000;\">K\u00fcl\u00f6nleges vonalmegjel\u00f6l\u00e9s: <\/span><\/strong><\/em><em><span style=\"color: #000000;\">&#8222;type 2\u201e<\/span><\/em><em><br \/>\n<\/em><\/span><\/p>\n<p style=\"text-align: left;\"><span style=\"font-size: 15px;\"><strong><span style=\"color: #000000;\"><em><span style=\"color: #008000;\"><span style=\"color: #424242;\"><img decoding=\"async\" src=\"https:\/\/static.xx.fbcdn.net\/images\/emoji.php\/v9\/tb4\/1\/16\/2b50.png\" alt=\"\u2b50\ufe0f\" \/> <\/span><\/span><\/em><\/span><\/strong><span style=\"color: #000000;\"><em>Egy nem rokon sz\u00fcl\u0151p\u00e1rb\u00f3l sz\u00e1rmaz\u00f3 fiatal egyedek. A megfelel\u0151 t\u00e1rsak folyamatos kiv\u00e1laszt\u00e1s\u00e1val \u00e9s gener\u00e1ci\u00f3r\u00f3l gener\u00e1ci\u00f3ra t\u00f6rt\u00e9n\u0151 p\u00e1rv\u00e1laszt\u00e1ssal sikeresen fenntartj\u00e1k a gy\u00f6ny\u00f6r\u0171 \u00f3ri\u00e1sok nem rokon t\u00f6rzsk\u00f6nyvezett teny\u00e9szvonalait.<\/em><\/span><\/span><\/p>\n<p style=\"text-align: left;\"><span style=\"font-size: 15px;\"><span style=\"color: #000000;\"><em><span style=\"color: #008000;\"><span style=\"color: #424242;\"><img decoding=\"async\" src=\"https:\/\/static.xx.fbcdn.net\/images\/emoji.php\/v9\/t46\/1\/16\/1f90e.png\" alt=\"\ud83e\udd0e\" \/> Az Archachatina marginata marginata &#8222;Type 2\u201e egyedeket m\u00e9lybarna sz\u00edn jellemzi, s\u00f6t\u00e9tbarna akcentusokkal, sz\u00e1mos r\u00e1nc form\u00e1j\u00e1ban. Az antenn\u00e1k, a fej \u00e9s a testen v\u00e9gigfut\u00f3 cs\u00edk barn\u00e1s-fekete \u00e1rnyalatot vesznek fel. A majdnem fekete h\u00e9jjal kombin\u00e1lva ez olyan egyedi sz\u00edn\u00f6ssze\u00e1ll\u00edt\u00e1st eredm\u00e9nyez, amelyet az \u00f3ri\u00e1scsig\u00e1k kedvel\u0151i nagyra \u00e9rt\u00e9kelnek.<\/span><\/span><\/em><\/span><\/span><\/p>\n<p style=\"text-align: left;\"><span style=\"color: #000000; font-size: 15px;\"><em><span class=\"x1xsqp64 xiy17q3 x1o6pynw x19co3pv xdj266r xcwd3tp xat24cr x39eecv x2b8uid\" data-testid=\"emoji\"><span class=\"xexx8yu xn5pp95 x18d9i69 x2fxd7x x3jgonx x1bhl96m\"><img loading=\"lazy\" decoding=\"async\" class=\"\" src=\"https:\/\/static.xx.fbcdn.net\/images\/emoji.php\/v9\/t66\/1\/32\/1f4cc.png\" alt=\"\ud83d\udccc\" width=\"18\" height=\"18\" \/> A faj h\u00e9jm\u00e9rete jellemz\u0151en el\u00e9ri a tekint\u00e9lyes, 12-14 cm k\u00f6r\u00fcli m\u00e9retet.<\/span><\/span><\/em><\/span><\/p>\n<p style=\"text-align: left;\"><span style=\"color: #000000; font-size: 15px;\"><em><img loading=\"lazy\" decoding=\"async\" class=\"xz74otr\" src=\"https:\/\/static.xx.fbcdn.net\/images\/emoji.php\/v9\/t1e\/1\/16\/1f33f.png\" alt=\"\ud83c\udf3f\" width=\"18\" height=\"18\" \/> <span style=\"color: #008000;\">Az Archachatina nemzets\u00e9g legt\u00f6bb faj\u00e1hoz hasonl\u00f3an ezek a csig\u00e1k is ig\u00e9nytelenek, \u00e9s az alapvet\u0151 tart\u00e1si felt\u00e9telek biztos\u00edt\u00e1sa mellett j\u00f3l \u00e9rzik magukat.<\/span><\/em><\/span><\/p>\n","protected":false},"excerpt":{"rendered":"<ul>\n<li>C\u00e9lh\u00fcvely m\u00e9rete:\n<ul>\n<li>kb. 12-14 cm<\/li>\n<\/ul>\n<\/li>\n<li>Egy nem rokon p\u00e1rb\u00f3l:\n<ul>\n<li>igen<\/li>\n<\/ul>\n<\/li>\n<li>Felaj\u00e1nlott fiatal egyed:\n<ul>\n<li>ca. 7-8 cm<\/li>\n<\/ul>\n<\/li>\n<li>Az \u00e1r a k\u00f6vetkez\u0151re vonatkozik: &#8211; 7-8 cm:\n<ul>\n<li>1 db<\/li>\n<\/ul>\n<\/li>\n<\/ul>\n","protected":false},"featured_media":11162,"template":"","meta":{"_acf_changed":false,"_links_to":"","_links_to_target":""},"product_cat":[193],"product_tag":[],"class_list":{"0":"post-8009","1":"product","2":"type-product","3":"status-publish","4":"has-post-thumbnail","6":"product_cat-csigak","8":"first","9":"outofstock","10":"shipping-taxable","11":"purchasable","12":"product-type-simple"},"acf":[],"yoast_head":"<!-- This site is optimized with the Yoast SEO plugin v24.9 - https:\/\/yoast.com\/wordpress\/plugins\/seo\/ -->\n<title>Archachatina marginata marginata2. t\u00edpus | MegaPets<\/title>\n<meta name=\"robots\" content=\"index, follow, max-snippet:-1, max-image-preview:large, max-video-preview:-1\" \/>\n<link rel=\"canonical\" href=\"https:\/\/megapets.eu\/hu\/csigak\/archachatina-marginata-marginata2-tipus\/\" \/>\n<meta property=\"og:locale\" content=\"hu_HU\" \/>\n<meta property=\"og:type\" content=\"article\" \/>\n<meta property=\"og:title\" content=\"Archachatina marginata marginata2. t\u00edpus | MegaPets\" \/>\n<meta property=\"og:description\" content=\"C\u00e9lh\u00fcvely m\u00e9rete:  kb. 12-14 cm   Egy nem rokon p\u00e1rb\u00f3l:  igen   Felaj\u00e1nlott fiatal egyed:  ca. 7-8 cm   Az \u00e1r a k\u00f6vetkez\u0151re vonatkozik: - 7-8 cm:  1 db\" \/>\n<meta property=\"og:url\" content=\"https:\/\/megapets.eu\/hu\/csigak\/archachatina-marginata-marginata2-tipus\/\" \/>\n<meta property=\"og:site_name\" content=\"MegaPets\" \/>\n<meta property=\"article:publisher\" content=\"https:\/\/www.facebook.com\/MegaPets.eu\/\" \/>\n<meta property=\"og:image\" content=\"https:\/\/megapets.eu\/wp-content\/uploads\/2025\/05\/776.png\" \/>\n\t<meta property=\"og:image:width\" content=\"1050\" \/>\n\t<meta property=\"og:image:height\" content=\"690\" \/>\n\t<meta property=\"og:image:type\" content=\"image\/png\" \/>\n<meta name=\"twitter:card\" content=\"summary_large_image\" \/>\n<meta name=\"twitter:label1\" content=\"Becs\u00fclt olvas\u00e1si id\u0151\" \/>\n\t<meta name=\"twitter:data1\" content=\"1 perc\" \/>\n<script type=\"application\/ld+json\" class=\"yoast-schema-graph\">{\"@context\":\"https:\/\/schema.org\",\"@graph\":[{\"@type\":\"WebPage\",\"@id\":\"https:\/\/megapets.eu\/hu\/csigak\/archachatina-marginata-marginata2-tipus\/\",\"url\":\"https:\/\/megapets.eu\/hu\/csigak\/archachatina-marginata-marginata2-tipus\/\",\"name\":\"Archachatina marginata marginata 2. t\u00edpus | MegaPets\",\"isPartOf\":{\"@id\":\"https:\/\/megapets.eu\/hu\/#website\"},\"primaryImageOfPage\":{\"@id\":\"https:\/\/megapets.eu\/hu\/csigak\/archachatina-marginata-marginata2-tipus\/#primaryimage\"},\"image\":{\"@id\":\"https:\/\/megapets.eu\/hu\/csigak\/archachatina-marginata-marginata2-tipus\/#primaryimage\"},\"thumbnailUrl\":\"https:\/\/megapets.eu\/wp-content\/uploads\/2025\/05\/AMM-type2-2.png\",\"datePublished\":\"2025-05-03T14:24:38+00:00\",\"breadcrumb\":{\"@id\":\"https:\/\/megapets.eu\/hu\/csigak\/archachatina-marginata-marginata2-tipus\/#breadcrumb\"},\"inLanguage\":\"hu\",\"potentialAction\":[{\"@type\":\"ReadAction\",\"target\":[\"https:\/\/megapets.eu\/hu\/csigak\/archachatina-marginata-marginata2-tipus\/\"]}]},{\"@type\":\"ImageObject\",\"inLanguage\":\"hu\",\"@id\":\"https:\/\/megapets.eu\/hu\/csigak\/archachatina-marginata-marginata2-tipus\/#primaryimage\",\"url\":\"https:\/\/megapets.eu\/wp-content\/uploads\/2025\/05\/AMM-type2-2.png\",\"contentUrl\":\"https:\/\/megapets.eu\/wp-content\/uploads\/2025\/05\/AMM-type2-2.png\",\"width\":1053,\"height\":691},{\"@type\":\"BreadcrumbList\",\"@id\":\"https:\/\/megapets.eu\/hu\/csigak\/archachatina-marginata-marginata2-tipus\/#breadcrumb\",\"itemListElement\":[{\"@type\":\"ListItem\",\"position\":1,\"name\":\"Strona g\u0142\u00f3wna\",\"item\":\"https:\/\/megapets.eu\/hu\/\"},{\"@type\":\"ListItem\",\"position\":2,\"name\":\"Bolt\",\"item\":\"https:\/\/megapets.eu\/bolt\/\"},{\"@type\":\"ListItem\",\"position\":3,\"name\":\"Archachatina marginata marginata2. t\u00edpus\"}]},{\"@type\":\"WebSite\",\"@id\":\"https:\/\/megapets.eu\/hu\/#website\",\"url\":\"https:\/\/megapets.eu\/hu\/\",\"name\":\"Mega Pets\",\"description\":\"Jedna z najwi\u0119kszych hodowli \u015blimak\u00f3w w Europie\",\"publisher\":{\"@id\":\"https:\/\/megapets.eu\/hu\/#organization\"},\"alternateName\":\"Mega Pets\",\"potentialAction\":[{\"@type\":\"SearchAction\",\"target\":{\"@type\":\"EntryPoint\",\"urlTemplate\":\"https:\/\/megapets.eu\/hu\/?s={search_term_string}\"},\"query-input\":{\"@type\":\"PropertyValueSpecification\",\"valueRequired\":true,\"valueName\":\"search_term_string\"}}],\"inLanguage\":\"hu\"},{\"@type\":\"Organization\",\"@id\":\"https:\/\/megapets.eu\/hu\/#organization\",\"name\":\"Mega Pets\",\"url\":\"https:\/\/megapets.eu\/hu\/\",\"logo\":{\"@type\":\"ImageObject\",\"inLanguage\":\"hu\",\"@id\":\"https:\/\/megapets.eu\/hu\/#\/schema\/logo\/image\/\",\"url\":\"https:\/\/megapets.eu\/wp-content\/uploads\/2025\/04\/megapets_eu-logo.png\",\"contentUrl\":\"https:\/\/megapets.eu\/wp-content\/uploads\/2025\/04\/megapets_eu-logo.png\",\"width\":2362,\"height\":2362,\"caption\":\"Mega Pets\"},\"image\":{\"@id\":\"https:\/\/megapets.eu\/hu\/#\/schema\/logo\/image\/\"},\"sameAs\":[\"https:\/\/www.facebook.com\/MegaPets.eu\/\"]}]}<\/script>\n<!-- \/ Yoast SEO plugin. -->","yoast_head_json":{"title":"Archachatina marginata marginata2. t\u00edpus | MegaPets","robots":{"index":"index","follow":"follow","max-snippet":"max-snippet:-1","max-image-preview":"max-image-preview:large","max-video-preview":"max-video-preview:-1"},"canonical":"https:\/\/megapets.eu\/hu\/csigak\/archachatina-marginata-marginata2-tipus\/","og_locale":"hu_HU","og_type":"article","og_title":"Archachatina marginata marginata2. t\u00edpus | MegaPets","og_description":"C\u00e9lh\u00fcvely m\u00e9rete:  kb. 12-14 cm   Egy nem rokon p\u00e1rb\u00f3l:  igen   Felaj\u00e1nlott fiatal egyed:  ca. 7-8 cm   Az \u00e1r a k\u00f6vetkez\u0151re vonatkozik: - 7-8 cm:  1 db","og_url":"https:\/\/megapets.eu\/hu\/csigak\/archachatina-marginata-marginata2-tipus\/","og_site_name":"MegaPets","article_publisher":"https:\/\/www.facebook.com\/MegaPets.eu\/","og_image":[{"width":1050,"height":690,"url":"https:\/\/megapets.eu\/wp-content\/uploads\/2025\/05\/776.png","type":"image\/png"}],"twitter_card":"summary_large_image","twitter_misc":{"Becs\u00fclt olvas\u00e1si id\u0151":"1 perc"},"schema":{"@context":"https:\/\/schema.org","@graph":[{"@type":"WebPage","@id":"https:\/\/megapets.eu\/hu\/csigak\/archachatina-marginata-marginata2-tipus\/","url":"https:\/\/megapets.eu\/hu\/csigak\/archachatina-marginata-marginata2-tipus\/","name":"Archachatina marginata marginata 2. t\u00edpus | MegaPets","isPartOf":{"@id":"https:\/\/megapets.eu\/hu\/#website"},"primaryImageOfPage":{"@id":"https:\/\/megapets.eu\/hu\/csigak\/archachatina-marginata-marginata2-tipus\/#primaryimage"},"image":{"@id":"https:\/\/megapets.eu\/hu\/csigak\/archachatina-marginata-marginata2-tipus\/#primaryimage"},"thumbnailUrl":"https:\/\/megapets.eu\/wp-content\/uploads\/2025\/05\/AMM-type2-2.png","datePublished":"2025-05-03T14:24:38+00:00","breadcrumb":{"@id":"https:\/\/megapets.eu\/hu\/csigak\/archachatina-marginata-marginata2-tipus\/#breadcrumb"},"inLanguage":"hu","potentialAction":[{"@type":"ReadAction","target":["https:\/\/megapets.eu\/hu\/csigak\/archachatina-marginata-marginata2-tipus\/"]}]},{"@type":"ImageObject","inLanguage":"hu","@id":"https:\/\/megapets.eu\/hu\/csigak\/archachatina-marginata-marginata2-tipus\/#primaryimage","url":"https:\/\/megapets.eu\/wp-content\/uploads\/2025\/05\/AMM-type2-2.png","contentUrl":"https:\/\/megapets.eu\/wp-content\/uploads\/2025\/05\/AMM-type2-2.png","width":1053,"height":691},{"@type":"BreadcrumbList","@id":"https:\/\/megapets.eu\/hu\/csigak\/archachatina-marginata-marginata2-tipus\/#breadcrumb","itemListElement":[{"@type":"ListItem","position":1,"name":"Strona g\u0142\u00f3wna","item":"https:\/\/megapets.eu\/hu\/"},{"@type":"ListItem","position":2,"name":"Bolt","item":"https:\/\/megapets.eu\/bolt\/"},{"@type":"ListItem","position":3,"name":"Archachatina marginata marginata2. t\u00edpus"}]},{"@type":"WebSite","@id":"https:\/\/megapets.eu\/hu\/#website","url":"https:\/\/megapets.eu\/hu\/","name":"Mega Pets","description":"Jedna z najwi\u0119kszych hodowli \u015blimak\u00f3w w Europie","publisher":{"@id":"https:\/\/megapets.eu\/hu\/#organization"},"alternateName":"Mega Pets","potentialAction":[{"@type":"SearchAction","target":{"@type":"EntryPoint","urlTemplate":"https:\/\/megapets.eu\/hu\/?s={search_term_string}"},"query-input":{"@type":"PropertyValueSpecification","valueRequired":true,"valueName":"search_term_string"}}],"inLanguage":"hu"},{"@type":"Organization","@id":"https:\/\/megapets.eu\/hu\/#organization","name":"Mega Pets","url":"https:\/\/megapets.eu\/hu\/","logo":{"@type":"ImageObject","inLanguage":"hu","@id":"https:\/\/megapets.eu\/hu\/#\/schema\/logo\/image\/","url":"https:\/\/megapets.eu\/wp-content\/uploads\/2025\/04\/megapets_eu-logo.png","contentUrl":"https:\/\/megapets.eu\/wp-content\/uploads\/2025\/04\/megapets_eu-logo.png","width":2362,"height":2362,"caption":"Mega Pets"},"image":{"@id":"https:\/\/megapets.eu\/hu\/#\/schema\/logo\/image\/"},"sameAs":["https:\/\/www.facebook.com\/MegaPets.eu\/"]}]}},"_links":{"self":[{"href":"https:\/\/megapets.eu\/hu\/wp-json\/wp\/v2\/product\/8009","targetHints":{"allow":["GET"]}}],"collection":[{"href":"https:\/\/megapets.eu\/hu\/wp-json\/wp\/v2\/product"}],"about":[{"href":"https:\/\/megapets.eu\/hu\/wp-json\/wp\/v2\/types\/product"}],"wp:featuredmedia":[{"embeddable":true,"href":"https:\/\/megapets.eu\/hu\/wp-json\/wp\/v2\/media\/11162"}],"wp:attachment":[{"href":"https:\/\/megapets.eu\/hu\/wp-json\/wp\/v2\/media?parent=8009"}],"wp:term":[{"taxonomy":"product_cat","embeddable":true,"href":"https:\/\/megapets.eu\/hu\/wp-json\/wp\/v2\/product_cat?post=8009"},{"taxonomy":"product_tag","embeddable":true,"href":"https:\/\/megapets.eu\/hu\/wp-json\/wp\/v2\/product_tag?post=8009"}],"curies":[{"name":"wp","href":"https:\/\/api.w.org\/{rel}","templated":true}]}}