{"id":8013,"date":"2025-04-15T13:40:35","date_gmt":"2025-04-15T13:40:35","guid":{"rendered":"https:\/\/megapets.eu\/nem-kategorizalt\/archachatina-marginata-ovumalbino-test-par-p18\/"},"modified":"2025-04-15T13:40:35","modified_gmt":"2025-04-15T13:40:35","slug":"archachatina-marginata-ovumalbino-test-par-p18","status":"publish","type":"product","link":"https:\/\/megapets.eu\/hu\/csigak\/archachatina-marginata-ovumalbino-test-par-p18\/","title":{"rendered":"Archachatina marginata ovum<br \/>alb\u00edn\u00f3 test \/ p\u00e1r P18"},"content":{"rendered":"<p style=\"text-align: left;\"><span style=\"font-size: 15px;\"><strong><span style=\"color: #000000;\"><em>Faj: <\/em><\/span><\/strong><span style=\"color: #000000;\"><em>Archachatina marginata ovum (L. Pfeiffer, 1858).<\/em><\/span><strong><span style=\"color: #000000;\"><em><br \/>\nSz\u00ednv\u00e1ltozat:<\/em><\/span><\/strong><span style=\"color: #000000;\"><em> alb\u00edn\u00f3 test<\/em><\/span><\/span><\/p>\n<p style=\"text-align: left;\"><span style=\"font-size: 15px;\"><strong><span style=\"color: #000000;\"><em><span style=\"color: #008000;\"><span style=\"color: #424242;\"><img decoding=\"async\" src=\"https:\/\/static.xx.fbcdn.net\/images\/emoji.php\/v9\/tb4\/1\/16\/2b50.png\" alt=\"\u2b50\ufe0f\" \/> <\/span><\/span><\/em><\/span><\/strong><span style=\"color: #000000;\"><em>Nem rokon sz\u00fcl\u0151p\u00e1rt\u00f3l sz\u00e1rmaz\u00f3 fiatal egyedek. A megfelel\u0151 t\u00e1rsak folyamatos kiv\u00e1laszt\u00e1s\u00e1nak \u00e9s a p\u00e1rok gener\u00e1ci\u00f3r\u00f3l gener\u00e1ci\u00f3ra t\u00f6rt\u00e9n\u0151 l\u00e9trehoz\u00e1s\u00e1nak k\u00f6sz\u00f6nhet\u0151en sikeresen tartj\u00e1k fenn a nem rokon, t\u00f6rzsk\u00f6nyvezett, gy\u00f6ny\u00f6r\u0171, \u00f3ri\u00e1s alb\u00edn\u00f3kb\u00f3l \u00e1ll\u00f3 teny\u00e9szvonalakat.<\/em><\/span><\/span><\/p>\n<p style=\"text-align: left;\"><span style=\"font-size: 15px;\"><span style=\"color: #000000;\"><em><span style=\"color: #008000;\"><span style=\"color: #424242;\"><img decoding=\"async\" src=\"https:\/\/static.xx.fbcdn.net\/images\/emoji.php\/v9\/t6c\/1\/16\/2764.png\" alt=\"\u2764\" \/> Az Archachatina marginata ovum faj sz\u00ednv\u00e1ltozatai k\u00f6z\u00fcl a teljesen alb\u00edn\u00f3 test\u0171 csig\u00e1k k\u00fcl\u00f6n\u00f6sen jellegzetesek \u00e9s szemet gy\u00f6ny\u00f6rk\u00f6dtet\u0151ek finom sz\u00e9ps\u00e9g\u00fckkel. Az alb\u00edn\u00f3 test\u0171 p\u00e9ld\u00e1nyok ritk\u00e1bbak, mint a barna sz\u00ednv\u00e1ltozat\u00fa csig\u00e1k, \u00e9s az egyik legvonz\u00f3bb \u00e9s leg\u00e9rt\u00e9kesebb fajt\u00e1nak sz\u00e1m\u00edtanak.<\/span><\/span><\/em><\/span><\/span><\/p>\n<p style=\"text-align: left;\"><span style=\"color: #000000; font-size: 15px;\"><em><span class=\"x1xsqp64 xiy17q3 x1o6pynw x19co3pv xdj266r xcwd3tp xat24cr x39eecv x2b8uid\" data-testid=\"emoji\"><span class=\"xexx8yu xn5pp95 x18d9i69 x2fxd7x x3jgonx x1bhl96m\"><img loading=\"lazy\" decoding=\"async\" class=\"\" src=\"https:\/\/static.xx.fbcdn.net\/images\/emoji.php\/v9\/t66\/1\/32\/1f4cc.png\" alt=\"\ud83d\udccc\" width=\"18\" height=\"18\" \/> A faj h\u00e9jm\u00e9rete \u00e1ltal\u00e1ban jelent\u0151s, 12-15 cm k\u00f6r\u00fcli m\u00e9retet \u00e9r el.<\/span><\/span><\/em><\/span><\/p>\n<p style=\"text-align: left;\"><span style=\"color: #000000; font-size: 15px;\"><em><img loading=\"lazy\" decoding=\"async\" class=\"xz74otr\" src=\"https:\/\/static.xx.fbcdn.net\/images\/emoji.php\/v9\/t1e\/1\/16\/1f33f.png\" alt=\"\ud83c\udf3f\" width=\"18\" height=\"18\" \/> <span style=\"color: #008000;\">Alb\u00edn\u00f3 test\u0171 csig\u00e1k otthon is k\u00f6nnyen tarthat\u00f3k e gy\u00f6ny\u00f6r\u0171 sz\u00ednv\u00e1ltozat minden kedvel\u0151je sz\u00e1m\u00e1ra. Az albinotikus p\u00e9ld\u00e1nyok nem ig\u00e9nyesek, \u00e9s alapvet\u0151 tart\u00e1si felt\u00e9telek mellett hatalmas m\u00e9ret\u0171re n\u0151nek.<\/span><\/em><\/span><\/p>\n","protected":false},"excerpt":{"rendered":"<ul>\n<li>C\u00e9lh\u00fcvely m\u00e9rete:\n<ul>\n<li>kb. 12-15 cm<\/li>\n<\/ul>\n<\/li>\n<li>Egy nem rokon p\u00e1rb\u00f3l:\n<ul>\n<li>P18<\/li>\n<\/ul>\n<\/li>\n<li>Felaj\u00e1nlott fiatal egyed:\n<ul>\n<li>kb. 4-5 cm<\/li>\n<\/ul>\n<\/li>\n<li>Az \u00e1r a k\u00f6vetkez\u0151kre vonatkozik: &#8211; A fiatal egyedek m\u00e9rete: kb. 4-5 cm:\n<ul>\n<li>1 db<\/li>\n<\/ul>\n<\/li>\n<\/ul>\n","protected":false},"featured_media":8014,"template":"","meta":{"_acf_changed":false,"_links_to":"","_links_to_target":""},"product_cat":[193],"product_tag":[],"class_list":{"0":"post-8013","1":"product","2":"type-product","3":"status-publish","4":"has-post-thumbnail","6":"product_cat-csigak","8":"first","9":"outofstock","10":"shipping-taxable","11":"purchasable","12":"product-type-simple"},"acf":[],"yoast_head":"<!-- This site is optimized with the Yoast SEO plugin v24.9 - https:\/\/yoast.com\/wordpress\/plugins\/seo\/ -->\n<title>Archachatina marginata ovumalb\u00edn\u00f3 test \/ p\u00e1r P18 | MegaPets<\/title>\n<meta name=\"robots\" content=\"index, follow, max-snippet:-1, max-image-preview:large, max-video-preview:-1\" \/>\n<link rel=\"canonical\" href=\"https:\/\/megapets.eu\/hu\/csigak\/archachatina-marginata-ovumalbino-test-par-p18\/\" \/>\n<meta property=\"og:locale\" content=\"hu_HU\" \/>\n<meta property=\"og:type\" content=\"article\" \/>\n<meta property=\"og:title\" content=\"Archachatina marginata ovumalb\u00edn\u00f3 test \/ p\u00e1r P18 | MegaPets\" \/>\n<meta property=\"og:description\" content=\"C\u00e9lh\u00fcvely m\u00e9rete:  kb. 12-15 cm   Egy nem rokon p\u00e1rb\u00f3l:  P18   Felaj\u00e1nlott fiatal egyed:  kb. 4-5 cm   Az \u00e1r a k\u00f6vetkez\u0151kre vonatkozik: - A fiatal egyedek m\u00e9rete: kb. 4-5 cm:  1 db\" \/>\n<meta property=\"og:url\" content=\"https:\/\/megapets.eu\/hu\/csigak\/archachatina-marginata-ovumalbino-test-par-p18\/\" \/>\n<meta property=\"og:site_name\" content=\"MegaPets\" \/>\n<meta property=\"article:publisher\" content=\"https:\/\/www.facebook.com\/MegaPets.eu\/\" \/>\n<meta property=\"og:image\" content=\"https:\/\/megapets.eu\/wp-content\/uploads\/2025\/04\/Marshall-P18.png\" \/>\n\t<meta property=\"og:image:width\" content=\"1045\" \/>\n\t<meta property=\"og:image:height\" content=\"692\" \/>\n\t<meta property=\"og:image:type\" content=\"image\/png\" \/>\n<meta name=\"twitter:card\" content=\"summary_large_image\" \/>\n<meta name=\"twitter:label1\" content=\"Becs\u00fclt olvas\u00e1si id\u0151\" \/>\n\t<meta name=\"twitter:data1\" content=\"1 perc\" \/>\n<script type=\"application\/ld+json\" class=\"yoast-schema-graph\">{\"@context\":\"https:\/\/schema.org\",\"@graph\":[{\"@type\":\"WebPage\",\"@id\":\"https:\/\/megapets.eu\/hu\/csigak\/archachatina-marginata-ovumalbino-test-par-p18\/\",\"url\":\"https:\/\/megapets.eu\/hu\/csigak\/archachatina-marginata-ovumalbino-test-par-p18\/\",\"name\":\"Archachatina marginata ovum alb\u00edn\u00f3 test \/ p\u00e1r P18 | MegaPets\",\"isPartOf\":{\"@id\":\"https:\/\/megapets.eu\/hu\/#website\"},\"primaryImageOfPage\":{\"@id\":\"https:\/\/megapets.eu\/hu\/csigak\/archachatina-marginata-ovumalbino-test-par-p18\/#primaryimage\"},\"image\":{\"@id\":\"https:\/\/megapets.eu\/hu\/csigak\/archachatina-marginata-ovumalbino-test-par-p18\/#primaryimage\"},\"thumbnailUrl\":\"https:\/\/megapets.eu\/wp-content\/uploads\/2025\/04\/Marshall-P18.png\",\"datePublished\":\"2025-04-15T13:40:35+00:00\",\"breadcrumb\":{\"@id\":\"https:\/\/megapets.eu\/hu\/csigak\/archachatina-marginata-ovumalbino-test-par-p18\/#breadcrumb\"},\"inLanguage\":\"hu\",\"potentialAction\":[{\"@type\":\"ReadAction\",\"target\":[\"https:\/\/megapets.eu\/hu\/csigak\/archachatina-marginata-ovumalbino-test-par-p18\/\"]}]},{\"@type\":\"ImageObject\",\"inLanguage\":\"hu\",\"@id\":\"https:\/\/megapets.eu\/hu\/csigak\/archachatina-marginata-ovumalbino-test-par-p18\/#primaryimage\",\"url\":\"https:\/\/megapets.eu\/wp-content\/uploads\/2025\/04\/Marshall-P18.png\",\"contentUrl\":\"https:\/\/megapets.eu\/wp-content\/uploads\/2025\/04\/Marshall-P18.png\",\"width\":1045,\"height\":692},{\"@type\":\"BreadcrumbList\",\"@id\":\"https:\/\/megapets.eu\/hu\/csigak\/archachatina-marginata-ovumalbino-test-par-p18\/#breadcrumb\",\"itemListElement\":[{\"@type\":\"ListItem\",\"position\":1,\"name\":\"Strona g\u0142\u00f3wna\",\"item\":\"https:\/\/megapets.eu\/hu\/\"},{\"@type\":\"ListItem\",\"position\":2,\"name\":\"Bolt\",\"item\":\"https:\/\/megapets.eu\/bolt\/\"},{\"@type\":\"ListItem\",\"position\":3,\"name\":\"Archachatina marginata ovumalb\u00edn\u00f3 test \/ p\u00e1r P18\"}]},{\"@type\":\"WebSite\",\"@id\":\"https:\/\/megapets.eu\/hu\/#website\",\"url\":\"https:\/\/megapets.eu\/hu\/\",\"name\":\"Mega Pets\",\"description\":\"Jedna z najwi\u0119kszych hodowli \u015blimak\u00f3w w Europie\",\"publisher\":{\"@id\":\"https:\/\/megapets.eu\/hu\/#organization\"},\"alternateName\":\"Mega Pets\",\"potentialAction\":[{\"@type\":\"SearchAction\",\"target\":{\"@type\":\"EntryPoint\",\"urlTemplate\":\"https:\/\/megapets.eu\/hu\/?s={search_term_string}\"},\"query-input\":{\"@type\":\"PropertyValueSpecification\",\"valueRequired\":true,\"valueName\":\"search_term_string\"}}],\"inLanguage\":\"hu\"},{\"@type\":\"Organization\",\"@id\":\"https:\/\/megapets.eu\/hu\/#organization\",\"name\":\"Mega Pets\",\"url\":\"https:\/\/megapets.eu\/hu\/\",\"logo\":{\"@type\":\"ImageObject\",\"inLanguage\":\"hu\",\"@id\":\"https:\/\/megapets.eu\/hu\/#\/schema\/logo\/image\/\",\"url\":\"https:\/\/megapets.eu\/wp-content\/uploads\/2025\/04\/megapets_eu-logo.png\",\"contentUrl\":\"https:\/\/megapets.eu\/wp-content\/uploads\/2025\/04\/megapets_eu-logo.png\",\"width\":2362,\"height\":2362,\"caption\":\"Mega Pets\"},\"image\":{\"@id\":\"https:\/\/megapets.eu\/hu\/#\/schema\/logo\/image\/\"},\"sameAs\":[\"https:\/\/www.facebook.com\/MegaPets.eu\/\"]}]}<\/script>\n<!-- \/ Yoast SEO plugin. -->","yoast_head_json":{"title":"Archachatina marginata ovumalb\u00edn\u00f3 test \/ p\u00e1r P18 | MegaPets","robots":{"index":"index","follow":"follow","max-snippet":"max-snippet:-1","max-image-preview":"max-image-preview:large","max-video-preview":"max-video-preview:-1"},"canonical":"https:\/\/megapets.eu\/hu\/csigak\/archachatina-marginata-ovumalbino-test-par-p18\/","og_locale":"hu_HU","og_type":"article","og_title":"Archachatina marginata ovumalb\u00edn\u00f3 test \/ p\u00e1r P18 | MegaPets","og_description":"C\u00e9lh\u00fcvely m\u00e9rete:  kb. 12-15 cm   Egy nem rokon p\u00e1rb\u00f3l:  P18   Felaj\u00e1nlott fiatal egyed:  kb. 4-5 cm   Az \u00e1r a k\u00f6vetkez\u0151kre vonatkozik: - A fiatal egyedek m\u00e9rete: kb. 4-5 cm:  1 db","og_url":"https:\/\/megapets.eu\/hu\/csigak\/archachatina-marginata-ovumalbino-test-par-p18\/","og_site_name":"MegaPets","article_publisher":"https:\/\/www.facebook.com\/MegaPets.eu\/","og_image":[{"width":1045,"height":692,"url":"https:\/\/megapets.eu\/wp-content\/uploads\/2025\/04\/Marshall-P18.png","type":"image\/png"}],"twitter_card":"summary_large_image","twitter_misc":{"Becs\u00fclt olvas\u00e1si id\u0151":"1 perc"},"schema":{"@context":"https:\/\/schema.org","@graph":[{"@type":"WebPage","@id":"https:\/\/megapets.eu\/hu\/csigak\/archachatina-marginata-ovumalbino-test-par-p18\/","url":"https:\/\/megapets.eu\/hu\/csigak\/archachatina-marginata-ovumalbino-test-par-p18\/","name":"Archachatina marginata ovum alb\u00edn\u00f3 test \/ p\u00e1r P18 | MegaPets","isPartOf":{"@id":"https:\/\/megapets.eu\/hu\/#website"},"primaryImageOfPage":{"@id":"https:\/\/megapets.eu\/hu\/csigak\/archachatina-marginata-ovumalbino-test-par-p18\/#primaryimage"},"image":{"@id":"https:\/\/megapets.eu\/hu\/csigak\/archachatina-marginata-ovumalbino-test-par-p18\/#primaryimage"},"thumbnailUrl":"https:\/\/megapets.eu\/wp-content\/uploads\/2025\/04\/Marshall-P18.png","datePublished":"2025-04-15T13:40:35+00:00","breadcrumb":{"@id":"https:\/\/megapets.eu\/hu\/csigak\/archachatina-marginata-ovumalbino-test-par-p18\/#breadcrumb"},"inLanguage":"hu","potentialAction":[{"@type":"ReadAction","target":["https:\/\/megapets.eu\/hu\/csigak\/archachatina-marginata-ovumalbino-test-par-p18\/"]}]},{"@type":"ImageObject","inLanguage":"hu","@id":"https:\/\/megapets.eu\/hu\/csigak\/archachatina-marginata-ovumalbino-test-par-p18\/#primaryimage","url":"https:\/\/megapets.eu\/wp-content\/uploads\/2025\/04\/Marshall-P18.png","contentUrl":"https:\/\/megapets.eu\/wp-content\/uploads\/2025\/04\/Marshall-P18.png","width":1045,"height":692},{"@type":"BreadcrumbList","@id":"https:\/\/megapets.eu\/hu\/csigak\/archachatina-marginata-ovumalbino-test-par-p18\/#breadcrumb","itemListElement":[{"@type":"ListItem","position":1,"name":"Strona g\u0142\u00f3wna","item":"https:\/\/megapets.eu\/hu\/"},{"@type":"ListItem","position":2,"name":"Bolt","item":"https:\/\/megapets.eu\/bolt\/"},{"@type":"ListItem","position":3,"name":"Archachatina marginata ovumalb\u00edn\u00f3 test \/ p\u00e1r P18"}]},{"@type":"WebSite","@id":"https:\/\/megapets.eu\/hu\/#website","url":"https:\/\/megapets.eu\/hu\/","name":"Mega Pets","description":"Jedna z najwi\u0119kszych hodowli \u015blimak\u00f3w w Europie","publisher":{"@id":"https:\/\/megapets.eu\/hu\/#organization"},"alternateName":"Mega Pets","potentialAction":[{"@type":"SearchAction","target":{"@type":"EntryPoint","urlTemplate":"https:\/\/megapets.eu\/hu\/?s={search_term_string}"},"query-input":{"@type":"PropertyValueSpecification","valueRequired":true,"valueName":"search_term_string"}}],"inLanguage":"hu"},{"@type":"Organization","@id":"https:\/\/megapets.eu\/hu\/#organization","name":"Mega Pets","url":"https:\/\/megapets.eu\/hu\/","logo":{"@type":"ImageObject","inLanguage":"hu","@id":"https:\/\/megapets.eu\/hu\/#\/schema\/logo\/image\/","url":"https:\/\/megapets.eu\/wp-content\/uploads\/2025\/04\/megapets_eu-logo.png","contentUrl":"https:\/\/megapets.eu\/wp-content\/uploads\/2025\/04\/megapets_eu-logo.png","width":2362,"height":2362,"caption":"Mega Pets"},"image":{"@id":"https:\/\/megapets.eu\/hu\/#\/schema\/logo\/image\/"},"sameAs":["https:\/\/www.facebook.com\/MegaPets.eu\/"]}]}},"_links":{"self":[{"href":"https:\/\/megapets.eu\/hu\/wp-json\/wp\/v2\/product\/8013","targetHints":{"allow":["GET"]}}],"collection":[{"href":"https:\/\/megapets.eu\/hu\/wp-json\/wp\/v2\/product"}],"about":[{"href":"https:\/\/megapets.eu\/hu\/wp-json\/wp\/v2\/types\/product"}],"wp:featuredmedia":[{"embeddable":true,"href":"https:\/\/megapets.eu\/hu\/wp-json\/wp\/v2\/media\/8014"}],"wp:attachment":[{"href":"https:\/\/megapets.eu\/hu\/wp-json\/wp\/v2\/media?parent=8013"}],"wp:term":[{"taxonomy":"product_cat","embeddable":true,"href":"https:\/\/megapets.eu\/hu\/wp-json\/wp\/v2\/product_cat?post=8013"},{"taxonomy":"product_tag","embeddable":true,"href":"https:\/\/megapets.eu\/hu\/wp-json\/wp\/v2\/product_tag?post=8013"}],"curies":[{"name":"wp","href":"https:\/\/api.w.org\/{rel}","templated":true}]}}