{"id":8067,"date":"2024-10-03T19:18:53","date_gmt":"2024-10-03T19:18:53","guid":{"rendered":"https:\/\/megapets.eu\/nem-kategorizalt\/15-literes-indulo-keszlet-aegzotikus-afrikai-csigak-tenyesztesehez\/"},"modified":"2024-10-03T19:18:53","modified_gmt":"2024-10-03T19:18:53","slug":"15-literes-indulo-keszlet-aegzotikus-afrikai-csigak-tenyesztesehez","status":"publish","type":"product","link":"https:\/\/megapets.eu\/hu\/tartozekok\/15-literes-indulo-keszlet-aegzotikus-afrikai-csigak-tenyesztesehez\/","title":{"rendered":"15 literes indul\u00f3 k\u00e9szlet a<br \/>egzotikus \/ afrikai csig\u00e1k teny\u00e9szt\u00e9s\u00e9hez."},"content":{"rendered":"<p><em><span style=\"color: #424242;\"><strong>A &#8222;15 literes indul\u00f3 k\u00e9szlet egzotikus \/ afrikai csig\u00e1k teny\u00e9szt\u00e9s\u00e9hez\u201e k\u00e9szlet a k\u00f6vetkez\u0151ket tartalmazza:<\/strong><\/span><\/em><\/p>\n<ul>\n<li><em><strong><span style=\"color: #e87020; font-size: 17px;\">1 db x M\u0171anyag tart\u00e1ly wen<span style=\"color: #e87020;\">tyl<\/span>akci\u00f3 lyukakkal egzotikus csig\u00e1k teny\u00e9szt\u00e9s\u00e9hez.<\/span><\/strong><\/em><\/li>\n<\/ul>\n<p><em><span style=\"color: #424242; font-size: 15px;\"><strong>15 L \u0171rtartalm\u00fa, fedeles tart\u00e1ly. A tart\u00e1ly bels\u0151 ny\u00edl\u00e1sai sim\u00e1k, \u00e9les sz\u00e9lek n\u00e9lk\u00fcl.<\/strong><\/span><\/em><\/p>\n<p><em><span style=\"color: #424242; font-size: 15px;\"><strong>Sz\u00e9less\u00e9g: 33 cm &#8211; fel\u00fcl; 26 cm &#8211; alul;<\/strong><\/span><\/em><\/p>\n<p><em><span style=\"color: #424242; font-size: 15px;\"><strong>Hossz\u00fas\u00e1g: 42,5 cm &#8211; fel\u00fcl; 34,5 cm &#8211; alul;<\/strong><\/span><\/em><\/p>\n<p><em><span style=\"color: #424242; font-size: 15px;\"><strong>Magass\u00e1g: 21, 3 cm.<\/strong><\/span><\/em><\/p>\n<ul>\n<li><em><strong><span style=\"color: #e87020; font-size: 17px;\">1 db x Sepia &#8211; tintahal csont 12-15 cm.<\/span><\/strong><\/em><\/li>\n<\/ul>\n<p><em><span style=\"color: #424242; font-size: 15px;\"><strong>100% term\u00e9szetes tintahal csont, kalciumforr\u00e1s egzotikus csig\u00e1k, tekn\u0151s\u00f6k \u00e9s m\u00e1s terr\u00e1riumi \u00e1llatok sz\u00e1m\u00e1ra.<\/strong><\/span><\/em><\/p>\n<ul>\n<li><em><strong><span style=\"font-size: 17px;\"><span style=\"color: #e87020;\">2 db x k\u00f3kuszdi\u00f3 szubsztr\u00e1tum 1,5l\/1 csomag. <\/span><\/span><\/strong><\/em><\/li>\n<\/ul>\n<p><em><span style=\"color: #424242; font-size: 15px;\"><strong>A k\u00f3kusz szubsztr\u00e1t egy term\u00e9szetes szubsztr\u00e1t, amely apr\u00edtott k\u00f3kuszrostb\u00f3l k\u00e9sz\u00fcl. Legink\u00e1bb aj\u00e1nlott szubsztr\u00e1t egzotikus csig\u00e1k teny\u00e9szt\u00e9s\u00e9hez.<\/strong><\/span><\/em><\/p>\n<ul>\n<li><em><strong><span style=\"font-size: 17px;\"><span style=\"color: #e87020;\">1 csomag &#8222;Calcium\u201e 80g. <\/span><\/span><\/strong><\/em><\/li>\n<\/ul>\n<p><em><span style=\"color: #424242; font-size: 15px;\"><strong>A csig\u00e1k napi \u00e9trendj\u00e9nek tartalmaznia kell a sz\u00e9p \u00e9s eg\u00e9szs\u00e9ges h\u00e9j alap\u00e9p\u00edt\u0151elemeit. A &#8222;Calcium\u201e csomag 100% toj\u00e1sh\u00e9jport tartalmaz.<\/strong><\/span><\/em><\/p>\n<ul>\n<li><em><strong><span style=\"font-size: 17px;\"><span style=\"color: #e87020;\">1 x &#8222;Protein &amp; Vitamin\u201e csomag 50g.<\/span><\/span><\/strong><\/em><\/li>\n<\/ul>\n<p><em><span style=\"color: #424242; font-size: 15px;\"><strong>A &#8222;Protein &amp; Vitamin\u201e csomag olyan gabonakever\u00e9ket tartalmaz, amely tele van \u00e9rt\u00e9kes t\u00e1panyagokkal kedvence eg\u00e9szs\u00e9ges fejl\u0151d\u00e9s\u00e9hez, \u00e9s hasznos kieg\u00e9sz\u00edt\u0151je a csiga alapt\u00e1pl\u00e1l\u00e9k\u00e1nak.<\/strong><\/span><\/em><\/p>\n<ul>\n<li><em><strong><span style=\"font-size: 17px;\"><span style=\"color: #e87020;\">1 db x &#8222;Exotic herbal mix\u201e csomag 40g.<\/span><\/span><\/strong><\/em><\/li>\n<\/ul>\n<p><em><span style=\"color: #424242; font-size: 15px;\"><strong>Az &#8222;Exotic herbal mix\u201e csomag gondosan v\u00e1logatott gy\u00f3gyn\u00f6v\u00e9nyeket tartalmaz, \u00e9rt\u00e9kes \u00e9s term\u00e9szetes kieg\u00e9sz\u00edt\u00e9st, amely seg\u00edt az egzotikus csig\u00e1k \u00e9trendj\u00e9nek gazdag\u00edt\u00e1s\u00e1ban, vitamin- \u00e9s \u00e1sv\u00e1nyi anyag sz\u00fcks\u00e9gleteik alapj\u00e1n, a h\u00e1zi\u00e1llatok eg\u00e9szs\u00e9g\u00e9hez n\u00e9lk\u00fcl\u00f6zhetetlen \u00f6sszetev\u0151k.<\/strong><\/span><\/em><\/p>\n<ul>\n<li><em><strong><span style=\"font-size: 17px;\"><span style=\"color: #e87020;\">1 db x Teny\u00e9szt\u00e9si \u00fatmutat\u00f3.<\/span><\/span><\/strong><\/em><\/li>\n<\/ul>\n<p><em><span style=\"color: #424242; font-size: 15px;\"><strong>A BASIC BOX bez\u00e1r\u00e1s\u00e1hoz a k\u00f6vetkez\u0151kre van sz\u00fcks\u00e9g: 1. Nyomja meg a fed\u00e9l foganty\u00fait mindk\u00e9t oldalon. 2. 5-10 m\u00e1sodpercig tartsa nyomva a foganty\u00fakat, majd z\u00e1rja be a fedelet a tart\u00e1lyon.<\/strong><\/span><\/em><\/p>\n<p><em><span style=\"color: #424242; font-size: 15px;\"><strong>Megjegyz\u00e9s: a teny\u00e9szt\u00e9sben egy speci\u00e1lis, egyedi gy\u00e1rt\u00e1s\u00fa eszk\u00f6zt haszn\u00e1lunk a tart\u00e1lyok min\u0151s\u00e9gi, sima lyukaszt\u00e1s\u00e1hoz. Ha m\u00e1r van m\u0171anyag tart\u00e1lya, \u00e9s saj\u00e1t maga pr\u00f3b\u00e1lja kilyukasztani a ny\u00edl\u00e1sokat, t\u00e1vol\u00edtsa el az \u00e9les \u00e9leket, \u00e9s j\u00f3l csiszolja le a lyukakat. A fiatal egyedek \u00faj h\u00e9ja finoman n\u00f6vekszik, \u00e9s a rosszul elk\u00e9sz\u00edtett lyukak \u00e9les sz\u00e9lein j\u00e1rva megakadhat. Ez a csigah\u00e1z hegesed\u00e9s\u00e9hez \u00e9s az eszt\u00e9tikus, eg\u00e9szs\u00e9ges megjelen\u00e9s elveszt\u00e9s\u00e9hez vezethet.<\/strong><\/span><\/em><\/p>\n<p><em><span style=\"color: #424242; font-size: 15px;\"><strong>Megjegyz\u00e9s: sz\u00e1mos c\u00e9g kont\u00e9nerei NEM alkalmasak csigateny\u00e9szt\u00e9sre a bels\u0151 kialak\u00edt\u00e1s \u00e9s a fed\u00e9l felpattint\u00e1s\u00e1nak m\u00f3dja miatt. Az \u00e1ltalunk aj\u00e1nlott tart\u00e1lygy\u00e1rt\u00f3 c\u00e9g a Plast Team.<\/strong><\/span><\/em><\/p>\n","protected":false},"excerpt":{"rendered":"<ul class=\"product_attributes\">\n<li><span style=\"color: #555555;\"><strong>J\u00f3l megv\u00e1lasztott alaptartoz\u00e9kok<\/strong><\/span><\/li>\n<li><span style=\"color: #555555;\"><strong>Csiszolt szell\u0151z\u0151ny\u00edl\u00e1sok<\/strong><\/span><\/li>\n<li><span style=\"color: #555555;\"><strong>Megfelel\u0151 l\u00e9g\u00e1raml\u00e1s<\/strong><\/span><\/li>\n<\/ul>\n","protected":false},"featured_media":8068,"template":"","meta":{"_acf_changed":false,"_links_to":"","_links_to_target":""},"product_cat":[195],"product_tag":[196],"class_list":{"0":"post-8067","1":"product","2":"type-product","3":"status-publish","4":"has-post-thumbnail","6":"product_cat-tartozekok","7":"product_tag-csigak-szamara","9":"first","10":"outofstock","11":"shipping-taxable","12":"purchasable","13":"product-type-simple"},"acf":[],"yoast_head":"<!-- This site is optimized with the Yoast SEO plugin v24.9 - https:\/\/yoast.com\/wordpress\/plugins\/seo\/ -->\n<title>15 literes indul\u00f3 k\u00e9szlet aegzotikus \/ afrikai csig\u00e1k teny\u00e9szt\u00e9s\u00e9hez. | MegaPets<\/title>\n<meta name=\"robots\" content=\"index, follow, max-snippet:-1, max-image-preview:large, max-video-preview:-1\" \/>\n<link rel=\"canonical\" href=\"https:\/\/megapets.eu\/hu\/tartozekok\/15-literes-indulo-keszlet-aegzotikus-afrikai-csigak-tenyesztesehez\/\" \/>\n<meta property=\"og:locale\" content=\"hu_HU\" \/>\n<meta property=\"og:type\" content=\"article\" \/>\n<meta property=\"og:title\" content=\"15 literes indul\u00f3 k\u00e9szlet aegzotikus \/ afrikai csig\u00e1k teny\u00e9szt\u00e9s\u00e9hez. | MegaPets\" \/>\n<meta property=\"og:description\" content=\"J\u00f3l megv\u00e1lasztott alaptartoz\u00e9kok  Csiszolt szell\u0151z\u0151ny\u00edl\u00e1sok  Megfelel\u0151 l\u00e9g\u00e1raml\u00e1s\" \/>\n<meta property=\"og:url\" content=\"https:\/\/megapets.eu\/hu\/tartozekok\/15-literes-indulo-keszlet-aegzotikus-afrikai-csigak-tenyesztesehez\/\" \/>\n<meta property=\"og:site_name\" content=\"MegaPets\" \/>\n<meta property=\"article:publisher\" content=\"https:\/\/www.facebook.com\/MegaPets.eu\/\" \/>\n<meta property=\"og:image\" content=\"https:\/\/megapets.eu\/wp-content\/uploads\/2024\/10\/Glowne-Basic-15-L.png\" \/>\n\t<meta property=\"og:image:width\" content=\"1053\" \/>\n\t<meta property=\"og:image:height\" content=\"701\" \/>\n\t<meta property=\"og:image:type\" content=\"image\/png\" \/>\n<meta name=\"twitter:card\" content=\"summary_large_image\" \/>\n<meta name=\"twitter:label1\" content=\"Becs\u00fclt olvas\u00e1si id\u0151\" \/>\n\t<meta name=\"twitter:data1\" content=\"2 perc\" \/>\n<script type=\"application\/ld+json\" class=\"yoast-schema-graph\">{\"@context\":\"https:\/\/schema.org\",\"@graph\":[{\"@type\":\"WebPage\",\"@id\":\"https:\/\/megapets.eu\/hu\/tartozekok\/15-literes-indulo-keszlet-aegzotikus-afrikai-csigak-tenyesztesehez\/\",\"url\":\"https:\/\/megapets.eu\/hu\/tartozekok\/15-literes-indulo-keszlet-aegzotikus-afrikai-csigak-tenyesztesehez\/\",\"name\":\"15 literes indul\u00f3 k\u00e9szlet a egzotikus \/ afrikai csig\u00e1k teny\u00e9szt\u00e9s\u00e9hez. | MegaPets\",\"isPartOf\":{\"@id\":\"https:\/\/megapets.eu\/hu\/#website\"},\"primaryImageOfPage\":{\"@id\":\"https:\/\/megapets.eu\/hu\/tartozekok\/15-literes-indulo-keszlet-aegzotikus-afrikai-csigak-tenyesztesehez\/#primaryimage\"},\"image\":{\"@id\":\"https:\/\/megapets.eu\/hu\/tartozekok\/15-literes-indulo-keszlet-aegzotikus-afrikai-csigak-tenyesztesehez\/#primaryimage\"},\"thumbnailUrl\":\"https:\/\/megapets.eu\/wp-content\/uploads\/2024\/10\/Glowne-Basic-15-L.png\",\"datePublished\":\"2024-10-03T19:18:53+00:00\",\"breadcrumb\":{\"@id\":\"https:\/\/megapets.eu\/hu\/tartozekok\/15-literes-indulo-keszlet-aegzotikus-afrikai-csigak-tenyesztesehez\/#breadcrumb\"},\"inLanguage\":\"hu\",\"potentialAction\":[{\"@type\":\"ReadAction\",\"target\":[\"https:\/\/megapets.eu\/hu\/tartozekok\/15-literes-indulo-keszlet-aegzotikus-afrikai-csigak-tenyesztesehez\/\"]}]},{\"@type\":\"ImageObject\",\"inLanguage\":\"hu\",\"@id\":\"https:\/\/megapets.eu\/hu\/tartozekok\/15-literes-indulo-keszlet-aegzotikus-afrikai-csigak-tenyesztesehez\/#primaryimage\",\"url\":\"https:\/\/megapets.eu\/wp-content\/uploads\/2024\/10\/Glowne-Basic-15-L.png\",\"contentUrl\":\"https:\/\/megapets.eu\/wp-content\/uploads\/2024\/10\/Glowne-Basic-15-L.png\",\"width\":1053,\"height\":701},{\"@type\":\"BreadcrumbList\",\"@id\":\"https:\/\/megapets.eu\/hu\/tartozekok\/15-literes-indulo-keszlet-aegzotikus-afrikai-csigak-tenyesztesehez\/#breadcrumb\",\"itemListElement\":[{\"@type\":\"ListItem\",\"position\":1,\"name\":\"Strona g\u0142\u00f3wna\",\"item\":\"https:\/\/megapets.eu\/hu\/\"},{\"@type\":\"ListItem\",\"position\":2,\"name\":\"Bolt\",\"item\":\"https:\/\/megapets.eu\/bolt\/\"},{\"@type\":\"ListItem\",\"position\":3,\"name\":\"15 literes indul\u00f3 k\u00e9szlet aegzotikus \/ afrikai csig\u00e1k teny\u00e9szt\u00e9s\u00e9hez.\"}]},{\"@type\":\"WebSite\",\"@id\":\"https:\/\/megapets.eu\/hu\/#website\",\"url\":\"https:\/\/megapets.eu\/hu\/\",\"name\":\"Mega Pets\",\"description\":\"Jedna z najwi\u0119kszych hodowli \u015blimak\u00f3w w Europie\",\"publisher\":{\"@id\":\"https:\/\/megapets.eu\/hu\/#organization\"},\"alternateName\":\"Mega Pets\",\"potentialAction\":[{\"@type\":\"SearchAction\",\"target\":{\"@type\":\"EntryPoint\",\"urlTemplate\":\"https:\/\/megapets.eu\/hu\/?s={search_term_string}\"},\"query-input\":{\"@type\":\"PropertyValueSpecification\",\"valueRequired\":true,\"valueName\":\"search_term_string\"}}],\"inLanguage\":\"hu\"},{\"@type\":\"Organization\",\"@id\":\"https:\/\/megapets.eu\/hu\/#organization\",\"name\":\"Mega Pets\",\"url\":\"https:\/\/megapets.eu\/hu\/\",\"logo\":{\"@type\":\"ImageObject\",\"inLanguage\":\"hu\",\"@id\":\"https:\/\/megapets.eu\/hu\/#\/schema\/logo\/image\/\",\"url\":\"https:\/\/megapets.eu\/wp-content\/uploads\/2025\/04\/megapets_eu-logo.png\",\"contentUrl\":\"https:\/\/megapets.eu\/wp-content\/uploads\/2025\/04\/megapets_eu-logo.png\",\"width\":2362,\"height\":2362,\"caption\":\"Mega Pets\"},\"image\":{\"@id\":\"https:\/\/megapets.eu\/hu\/#\/schema\/logo\/image\/\"},\"sameAs\":[\"https:\/\/www.facebook.com\/MegaPets.eu\/\"]}]}<\/script>\n<!-- \/ Yoast SEO plugin. -->","yoast_head_json":{"title":"15 literes indul\u00f3 k\u00e9szlet aegzotikus \/ afrikai csig\u00e1k teny\u00e9szt\u00e9s\u00e9hez. | MegaPets","robots":{"index":"index","follow":"follow","max-snippet":"max-snippet:-1","max-image-preview":"max-image-preview:large","max-video-preview":"max-video-preview:-1"},"canonical":"https:\/\/megapets.eu\/hu\/tartozekok\/15-literes-indulo-keszlet-aegzotikus-afrikai-csigak-tenyesztesehez\/","og_locale":"hu_HU","og_type":"article","og_title":"15 literes indul\u00f3 k\u00e9szlet aegzotikus \/ afrikai csig\u00e1k teny\u00e9szt\u00e9s\u00e9hez. | MegaPets","og_description":"J\u00f3l megv\u00e1lasztott alaptartoz\u00e9kok  Csiszolt szell\u0151z\u0151ny\u00edl\u00e1sok  Megfelel\u0151 l\u00e9g\u00e1raml\u00e1s","og_url":"https:\/\/megapets.eu\/hu\/tartozekok\/15-literes-indulo-keszlet-aegzotikus-afrikai-csigak-tenyesztesehez\/","og_site_name":"MegaPets","article_publisher":"https:\/\/www.facebook.com\/MegaPets.eu\/","og_image":[{"width":1053,"height":701,"url":"https:\/\/megapets.eu\/wp-content\/uploads\/2024\/10\/Glowne-Basic-15-L.png","type":"image\/png"}],"twitter_card":"summary_large_image","twitter_misc":{"Becs\u00fclt olvas\u00e1si id\u0151":"2 perc"},"schema":{"@context":"https:\/\/schema.org","@graph":[{"@type":"WebPage","@id":"https:\/\/megapets.eu\/hu\/tartozekok\/15-literes-indulo-keszlet-aegzotikus-afrikai-csigak-tenyesztesehez\/","url":"https:\/\/megapets.eu\/hu\/tartozekok\/15-literes-indulo-keszlet-aegzotikus-afrikai-csigak-tenyesztesehez\/","name":"15 literes indul\u00f3 k\u00e9szlet a egzotikus \/ afrikai csig\u00e1k teny\u00e9szt\u00e9s\u00e9hez. | MegaPets","isPartOf":{"@id":"https:\/\/megapets.eu\/hu\/#website"},"primaryImageOfPage":{"@id":"https:\/\/megapets.eu\/hu\/tartozekok\/15-literes-indulo-keszlet-aegzotikus-afrikai-csigak-tenyesztesehez\/#primaryimage"},"image":{"@id":"https:\/\/megapets.eu\/hu\/tartozekok\/15-literes-indulo-keszlet-aegzotikus-afrikai-csigak-tenyesztesehez\/#primaryimage"},"thumbnailUrl":"https:\/\/megapets.eu\/wp-content\/uploads\/2024\/10\/Glowne-Basic-15-L.png","datePublished":"2024-10-03T19:18:53+00:00","breadcrumb":{"@id":"https:\/\/megapets.eu\/hu\/tartozekok\/15-literes-indulo-keszlet-aegzotikus-afrikai-csigak-tenyesztesehez\/#breadcrumb"},"inLanguage":"hu","potentialAction":[{"@type":"ReadAction","target":["https:\/\/megapets.eu\/hu\/tartozekok\/15-literes-indulo-keszlet-aegzotikus-afrikai-csigak-tenyesztesehez\/"]}]},{"@type":"ImageObject","inLanguage":"hu","@id":"https:\/\/megapets.eu\/hu\/tartozekok\/15-literes-indulo-keszlet-aegzotikus-afrikai-csigak-tenyesztesehez\/#primaryimage","url":"https:\/\/megapets.eu\/wp-content\/uploads\/2024\/10\/Glowne-Basic-15-L.png","contentUrl":"https:\/\/megapets.eu\/wp-content\/uploads\/2024\/10\/Glowne-Basic-15-L.png","width":1053,"height":701},{"@type":"BreadcrumbList","@id":"https:\/\/megapets.eu\/hu\/tartozekok\/15-literes-indulo-keszlet-aegzotikus-afrikai-csigak-tenyesztesehez\/#breadcrumb","itemListElement":[{"@type":"ListItem","position":1,"name":"Strona g\u0142\u00f3wna","item":"https:\/\/megapets.eu\/hu\/"},{"@type":"ListItem","position":2,"name":"Bolt","item":"https:\/\/megapets.eu\/bolt\/"},{"@type":"ListItem","position":3,"name":"15 literes indul\u00f3 k\u00e9szlet aegzotikus \/ afrikai csig\u00e1k teny\u00e9szt\u00e9s\u00e9hez."}]},{"@type":"WebSite","@id":"https:\/\/megapets.eu\/hu\/#website","url":"https:\/\/megapets.eu\/hu\/","name":"Mega Pets","description":"Jedna z najwi\u0119kszych hodowli \u015blimak\u00f3w w Europie","publisher":{"@id":"https:\/\/megapets.eu\/hu\/#organization"},"alternateName":"Mega Pets","potentialAction":[{"@type":"SearchAction","target":{"@type":"EntryPoint","urlTemplate":"https:\/\/megapets.eu\/hu\/?s={search_term_string}"},"query-input":{"@type":"PropertyValueSpecification","valueRequired":true,"valueName":"search_term_string"}}],"inLanguage":"hu"},{"@type":"Organization","@id":"https:\/\/megapets.eu\/hu\/#organization","name":"Mega Pets","url":"https:\/\/megapets.eu\/hu\/","logo":{"@type":"ImageObject","inLanguage":"hu","@id":"https:\/\/megapets.eu\/hu\/#\/schema\/logo\/image\/","url":"https:\/\/megapets.eu\/wp-content\/uploads\/2025\/04\/megapets_eu-logo.png","contentUrl":"https:\/\/megapets.eu\/wp-content\/uploads\/2025\/04\/megapets_eu-logo.png","width":2362,"height":2362,"caption":"Mega Pets"},"image":{"@id":"https:\/\/megapets.eu\/hu\/#\/schema\/logo\/image\/"},"sameAs":["https:\/\/www.facebook.com\/MegaPets.eu\/"]}]}},"_links":{"self":[{"href":"https:\/\/megapets.eu\/hu\/wp-json\/wp\/v2\/product\/8067","targetHints":{"allow":["GET"]}}],"collection":[{"href":"https:\/\/megapets.eu\/hu\/wp-json\/wp\/v2\/product"}],"about":[{"href":"https:\/\/megapets.eu\/hu\/wp-json\/wp\/v2\/types\/product"}],"wp:featuredmedia":[{"embeddable":true,"href":"https:\/\/megapets.eu\/hu\/wp-json\/wp\/v2\/media\/8068"}],"wp:attachment":[{"href":"https:\/\/megapets.eu\/hu\/wp-json\/wp\/v2\/media?parent=8067"}],"wp:term":[{"taxonomy":"product_cat","embeddable":true,"href":"https:\/\/megapets.eu\/hu\/wp-json\/wp\/v2\/product_cat?post=8067"},{"taxonomy":"product_tag","embeddable":true,"href":"https:\/\/megapets.eu\/hu\/wp-json\/wp\/v2\/product_tag?post=8067"}],"curies":[{"name":"wp","href":"https:\/\/api.w.org\/{rel}","templated":true}]}}