{"id":8070,"date":"2024-10-03T16:33:28","date_gmt":"2024-10-03T16:33:28","guid":{"rendered":"https:\/\/megapets.eu\/nem-kategorizalt\/10-l-indulo-keszlet-tenyeszteshezegzotikus-afrikai-csigak\/"},"modified":"2024-10-03T16:33:28","modified_gmt":"2024-10-03T16:33:28","slug":"10-l-indulo-keszlet-tenyeszteshezegzotikus-afrikai-csigak","status":"publish","type":"product","link":"https:\/\/megapets.eu\/hu\/tartozekok\/10-l-indulo-keszlet-tenyeszteshezegzotikus-afrikai-csigak\/","title":{"rendered":"10 L indul\u00f3 k\u00e9szlet teny\u00e9szt\u00e9shez<br \/>egzotikus \/ afrikai csig\u00e1k"},"content":{"rendered":"<p><span style=\"color: #424242;\"><em><strong>A &#8222;10 literes indul\u00f3 k\u00e9szlet egzotikus \/ afrikai csig\u00e1k teny\u00e9szt\u00e9s\u00e9hez\u201e k\u00e9szlet a k\u00f6vetkez\u0151ket tartalmazza:<\/strong><\/em><\/span><\/p>\n<ul>\n<li><em><span style=\"color: #e87020; font-size: 17px;\"><strong>1 db x m\u0171anyag tart\u00e1ly szell\u0151z\u0151ny\u00edl\u00e1sokkal egzotikus csig\u00e1k teny\u00e9szt\u00e9s\u00e9hez. <\/strong><\/span><\/em><\/li>\n<\/ul>\n<p><strong><span style=\"color: #424242; font-size: 15px;\"><em>Fedeles tart\u00e1ly 10 L \u0171rtartalommal. A tart\u00e1ly bels\u0151 szell\u0151z\u0151ny\u00edl\u00e1sai sim\u00e1k, \u00e9les sz\u00e9lek n\u00e9lk\u00fcl.<\/em><\/span><\/strong><\/p>\n<p><strong><span style=\"color: #424242; font-size: 15px;\"><em>M\u00e9retek: 25,5cm x 38,5cm x H 13,5cm. Plast Team m\u0171anyag tart\u00e1ly.<\/em><\/span><\/strong><\/p>\n<ul>\n<li><em><span style=\"font-size: 17px;\"><strong><span style=\"color: #e87020;\">2 db x k\u00f3kuszos hordoz\u00f3 1,5l\/1 csomag. <\/span><\/strong><\/span><\/em><\/li>\n<\/ul>\n<p><span style=\"font-size: 15px; color: #424242;\"><strong><em>A k\u00f3kusz szubsztr\u00e1t egy term\u00e9szetes szubsztr\u00e1t, amely apr\u00edtott k\u00f3kuszrostb\u00f3l k\u00e9sz\u00fcl. Legink\u00e1bb aj\u00e1nlott szubsztr\u00e1t egzotikus csig\u00e1k teny\u00e9szt\u00e9s\u00e9hez.<\/em><\/strong><\/span><\/p>\n<ul>\n<li><em><span style=\"font-size: 17px;\"><strong><span style=\"color: #e87020;\">1 db \/ csomag &#8222;Calcium\u201e 80g. <\/span><\/strong><\/span><\/em><\/li>\n<\/ul>\n<p><strong><span style=\"font-size: 15px; color: #424242;\"><em>A csig\u00e1k napi \u00e9trendj\u00e9nek tartalmaznia kell a sz\u00e9p \u00e9s eg\u00e9szs\u00e9ges h\u00e9j alap\u00e9p\u00edt\u0151elem\u00e9t. A &#8222;Calcium\u201e csomag 100% toj\u00e1sh\u00e9jport tartalmaz.<\/em><\/span><\/strong><\/p>\n<ul>\n<li><em><span style=\"font-size: 17px;\"><strong><span style=\"color: #e87020;\">1 db &#8222;Protein &amp; Vitamin\u201e csomag 50g.<\/span><\/strong><\/span><\/em><\/li>\n<\/ul>\n<p><span style=\"color: #424242; font-size: 15px;\"><strong><em>A &#8222;Protein &amp; Vitamin\u201e csomag olyan gabonakever\u00e9ket tartalmaz, amely tele van \u00e9rt\u00e9kes t\u00e1panyagokkal kedvence eg\u00e9szs\u00e9ges fejl\u0151d\u00e9s\u00e9hez, \u00e9s hasznos kieg\u00e9sz\u00edt\u0151je a csiga alapt\u00e1pl\u00e1l\u00e9k\u00e1nak.<\/em><\/strong><\/span><\/p>\n<ul>\n<li><em><span style=\"font-size: 17px;\"><strong><span style=\"color: #e87020;\">1 db x &#8222;Exotic herbal mix\u201e csomag 40g.<\/span><\/strong><\/span><\/em><\/li>\n<\/ul>\n<p><strong><span style=\"color: #424242; font-size: 15px;\"><em>Az &#8222;Exotic herbal mix\u201e csomag gondosan v\u00e1logatott gy\u00f3gyn\u00f6v\u00e9nyeket tartalmaz, \u00e9rt\u00e9kes \u00e9s term\u00e9szetes kieg\u00e9sz\u00edt\u0151t, amely seg\u00edt az egzotikus csig\u00e1k \u00e9trendj\u00e9nek gazdag\u00edt\u00e1s\u00e1ban a vitamin- \u00e9s \u00e1sv\u00e1nyi anyag sz\u00fcks\u00e9gleteik alapj\u00e1n, a h\u00e1zi\u00e1llatok eg\u00e9szs\u00e9g\u00e9hez n\u00e9lk\u00fcl\u00f6zhetetlen \u00f6sszetev\u0151k.<\/em><\/span><\/strong><\/p>\n<ul>\n<li><em><span style=\"font-size: 17px;\"><strong><span style=\"color: #e87020;\">1 db x teny\u00e9szt\u00e9si \u00fatmutat\u00f3.<\/span><\/strong><\/span><\/em><\/li>\n<\/ul>\n<p><strong><span style=\"font-size: 15px; color: #424242;\"><em>K\u00e9rj\u00fck, vegye figyelembe: a teny\u00e9szt\u00e9s sor\u00e1n egy speci\u00e1lis, egyedi k\u00e9sz\u00edt\u00e9s\u0171 eszk\u00f6zt haszn\u00e1lunk a min\u0151s\u00e9gi, sima lyukaszt\u00e1s \u00e9rdek\u00e9ben a t\u00e1rol\u00f3ed\u00e9nyekben. Ha m\u00e1r van m\u0171anyag ed\u00e9nye, \u00e9s saj\u00e1t maga pr\u00f3b\u00e1lja kilyukasztani a ny\u00edl\u00e1sokat, t\u00e1vol\u00edtsa el az \u00e9les sz\u00e9leket, \u00e9s j\u00f3l csiszolja le a lyukakat. A fiatal egyedek \u00faj h\u00e9ja finoman n\u00f6vekszik, amit a rosszul elk\u00e9sz\u00edtett lyukak \u00e9les sz\u00e9lein \u00e1tg\u00e1zolva elkaphatnak. Ez a csigah\u00e1z hegesed\u00e9s\u00e9hez \u00e9s az eszt\u00e9tikus, eg\u00e9szs\u00e9ges megjelen\u00e9s elveszt\u00e9s\u00e9hez vezethet.<\/em><\/span><\/strong><\/p>\n<p><strong><span style=\"font-size: 15px; color: #424242;\"><em>Megjegyz\u00e9s: sz\u00e1mos c\u00e9g kont\u00e9nerei NEM alkalmasak csigateny\u00e9szt\u00e9sre a bels\u0151 kialak\u00edt\u00e1s \u00e9s a fed\u00e9l felpattint\u00e1s\u00e1nak m\u00f3dja miatt. Az \u00e1ltalunk aj\u00e1nlott tart\u00e1lygy\u00e1rt\u00f3 c\u00e9g a Plast Team.<\/em><\/span><\/strong><\/p>\n","protected":false},"excerpt":{"rendered":"<ul class=\"product_attributes\">\n<li><span style=\"color: #555555;\"><strong>J\u00f3l megv\u00e1lasztott alaptartoz\u00e9kok<\/strong><\/span><\/li>\n<li><span style=\"color: #555555;\"><strong>Csiszolt szell\u0151z\u0151ny\u00edl\u00e1sok<\/strong><\/span><\/li>\n<li><span style=\"color: #555555;\"><strong>Megfelel\u0151 l\u00e9g\u00e1raml\u00e1s<\/strong><\/span><\/li>\n<\/ul>\n","protected":false},"featured_media":8075,"template":"","meta":{"_acf_changed":false,"_links_to":"","_links_to_target":""},"product_cat":[195],"product_tag":[196],"class_list":{"0":"post-8070","1":"product","2":"type-product","3":"status-publish","4":"has-post-thumbnail","6":"product_cat-tartozekok","7":"product_tag-csigak-szamara","9":"first","10":"instock","11":"shipping-taxable","12":"purchasable","13":"product-type-simple"},"acf":[],"yoast_head":"<!-- This site is optimized with the Yoast SEO plugin v24.9 - https:\/\/yoast.com\/wordpress\/plugins\/seo\/ -->\n<title>10 L indul\u00f3 k\u00e9szlet teny\u00e9szt\u00e9shezegzotikus \/ afrikai csig\u00e1k | MegaPets<\/title>\n<meta name=\"robots\" content=\"index, follow, max-snippet:-1, max-image-preview:large, max-video-preview:-1\" \/>\n<link rel=\"canonical\" href=\"https:\/\/megapets.eu\/hu\/tartozekok\/10-l-indulo-keszlet-tenyeszteshezegzotikus-afrikai-csigak\/\" \/>\n<meta property=\"og:locale\" content=\"hu_HU\" \/>\n<meta property=\"og:type\" content=\"article\" \/>\n<meta property=\"og:title\" content=\"10 L indul\u00f3 k\u00e9szlet teny\u00e9szt\u00e9shezegzotikus \/ afrikai csig\u00e1k | MegaPets\" \/>\n<meta property=\"og:description\" content=\"J\u00f3l megv\u00e1lasztott alaptartoz\u00e9kok  Csiszolt szell\u0151z\u0151ny\u00edl\u00e1sok  Megfelel\u0151 l\u00e9g\u00e1raml\u00e1s\" \/>\n<meta property=\"og:url\" content=\"https:\/\/megapets.eu\/hu\/tartozekok\/10-l-indulo-keszlet-tenyeszteshezegzotikus-afrikai-csigak\/\" \/>\n<meta property=\"og:site_name\" content=\"MegaPets\" \/>\n<meta property=\"article:publisher\" content=\"https:\/\/www.facebook.com\/MegaPets.eu\/\" \/>\n<meta property=\"og:image\" content=\"https:\/\/megapets.eu\/wp-content\/uploads\/2024\/10\/IMG_2716-e1728382457724.jpg\" \/>\n\t<meta property=\"og:image:width\" content=\"1908\" \/>\n\t<meta property=\"og:image:height\" content=\"1314\" \/>\n\t<meta property=\"og:image:type\" content=\"image\/jpeg\" \/>\n<meta name=\"twitter:card\" content=\"summary_large_image\" \/>\n<meta name=\"twitter:label1\" content=\"Becs\u00fclt olvas\u00e1si id\u0151\" \/>\n\t<meta name=\"twitter:data1\" content=\"2 perc\" \/>\n<script type=\"application\/ld+json\" class=\"yoast-schema-graph\">{\"@context\":\"https:\/\/schema.org\",\"@graph\":[{\"@type\":\"WebPage\",\"@id\":\"https:\/\/megapets.eu\/hu\/tartozekok\/10-l-indulo-keszlet-tenyeszteshezegzotikus-afrikai-csigak\/\",\"url\":\"https:\/\/megapets.eu\/hu\/tartozekok\/10-l-indulo-keszlet-tenyeszteshezegzotikus-afrikai-csigak\/\",\"name\":\"10 L indul\u00f3 k\u00e9szlet teny\u00e9szt\u00e9shez egzotikus \/ afrikai csig\u00e1k | MegaPets\",\"isPartOf\":{\"@id\":\"https:\/\/megapets.eu\/hu\/#website\"},\"primaryImageOfPage\":{\"@id\":\"https:\/\/megapets.eu\/hu\/tartozekok\/10-l-indulo-keszlet-tenyeszteshezegzotikus-afrikai-csigak\/#primaryimage\"},\"image\":{\"@id\":\"https:\/\/megapets.eu\/hu\/tartozekok\/10-l-indulo-keszlet-tenyeszteshezegzotikus-afrikai-csigak\/#primaryimage\"},\"thumbnailUrl\":\"https:\/\/megapets.eu\/wp-content\/uploads\/2024\/10\/IMG_2716-e1728382457724.jpg\",\"datePublished\":\"2024-10-03T16:33:28+00:00\",\"breadcrumb\":{\"@id\":\"https:\/\/megapets.eu\/hu\/tartozekok\/10-l-indulo-keszlet-tenyeszteshezegzotikus-afrikai-csigak\/#breadcrumb\"},\"inLanguage\":\"hu\",\"potentialAction\":[{\"@type\":\"ReadAction\",\"target\":[\"https:\/\/megapets.eu\/hu\/tartozekok\/10-l-indulo-keszlet-tenyeszteshezegzotikus-afrikai-csigak\/\"]}]},{\"@type\":\"ImageObject\",\"inLanguage\":\"hu\",\"@id\":\"https:\/\/megapets.eu\/hu\/tartozekok\/10-l-indulo-keszlet-tenyeszteshezegzotikus-afrikai-csigak\/#primaryimage\",\"url\":\"https:\/\/megapets.eu\/wp-content\/uploads\/2024\/10\/IMG_2716-e1728382457724.jpg\",\"contentUrl\":\"https:\/\/megapets.eu\/wp-content\/uploads\/2024\/10\/IMG_2716-e1728382457724.jpg\",\"width\":1908,\"height\":1314},{\"@type\":\"BreadcrumbList\",\"@id\":\"https:\/\/megapets.eu\/hu\/tartozekok\/10-l-indulo-keszlet-tenyeszteshezegzotikus-afrikai-csigak\/#breadcrumb\",\"itemListElement\":[{\"@type\":\"ListItem\",\"position\":1,\"name\":\"Strona g\u0142\u00f3wna\",\"item\":\"https:\/\/megapets.eu\/hu\/\"},{\"@type\":\"ListItem\",\"position\":2,\"name\":\"Bolt\",\"item\":\"https:\/\/megapets.eu\/bolt\/\"},{\"@type\":\"ListItem\",\"position\":3,\"name\":\"10 L indul\u00f3 k\u00e9szlet teny\u00e9szt\u00e9shezegzotikus \/ afrikai csig\u00e1k\"}]},{\"@type\":\"WebSite\",\"@id\":\"https:\/\/megapets.eu\/hu\/#website\",\"url\":\"https:\/\/megapets.eu\/hu\/\",\"name\":\"Mega Pets\",\"description\":\"Jedna z najwi\u0119kszych hodowli \u015blimak\u00f3w w Europie\",\"publisher\":{\"@id\":\"https:\/\/megapets.eu\/hu\/#organization\"},\"alternateName\":\"Mega Pets\",\"potentialAction\":[{\"@type\":\"SearchAction\",\"target\":{\"@type\":\"EntryPoint\",\"urlTemplate\":\"https:\/\/megapets.eu\/hu\/?s={search_term_string}\"},\"query-input\":{\"@type\":\"PropertyValueSpecification\",\"valueRequired\":true,\"valueName\":\"search_term_string\"}}],\"inLanguage\":\"hu\"},{\"@type\":\"Organization\",\"@id\":\"https:\/\/megapets.eu\/hu\/#organization\",\"name\":\"Mega Pets\",\"url\":\"https:\/\/megapets.eu\/hu\/\",\"logo\":{\"@type\":\"ImageObject\",\"inLanguage\":\"hu\",\"@id\":\"https:\/\/megapets.eu\/hu\/#\/schema\/logo\/image\/\",\"url\":\"https:\/\/megapets.eu\/wp-content\/uploads\/2025\/04\/megapets_eu-logo.png\",\"contentUrl\":\"https:\/\/megapets.eu\/wp-content\/uploads\/2025\/04\/megapets_eu-logo.png\",\"width\":2362,\"height\":2362,\"caption\":\"Mega Pets\"},\"image\":{\"@id\":\"https:\/\/megapets.eu\/hu\/#\/schema\/logo\/image\/\"},\"sameAs\":[\"https:\/\/www.facebook.com\/MegaPets.eu\/\"]}]}<\/script>\n<!-- \/ Yoast SEO plugin. -->","yoast_head_json":{"title":"10 L indul\u00f3 k\u00e9szlet teny\u00e9szt\u00e9shezegzotikus \/ afrikai csig\u00e1k | MegaPets","robots":{"index":"index","follow":"follow","max-snippet":"max-snippet:-1","max-image-preview":"max-image-preview:large","max-video-preview":"max-video-preview:-1"},"canonical":"https:\/\/megapets.eu\/hu\/tartozekok\/10-l-indulo-keszlet-tenyeszteshezegzotikus-afrikai-csigak\/","og_locale":"hu_HU","og_type":"article","og_title":"10 L indul\u00f3 k\u00e9szlet teny\u00e9szt\u00e9shezegzotikus \/ afrikai csig\u00e1k | MegaPets","og_description":"J\u00f3l megv\u00e1lasztott alaptartoz\u00e9kok  Csiszolt szell\u0151z\u0151ny\u00edl\u00e1sok  Megfelel\u0151 l\u00e9g\u00e1raml\u00e1s","og_url":"https:\/\/megapets.eu\/hu\/tartozekok\/10-l-indulo-keszlet-tenyeszteshezegzotikus-afrikai-csigak\/","og_site_name":"MegaPets","article_publisher":"https:\/\/www.facebook.com\/MegaPets.eu\/","og_image":[{"width":1908,"height":1314,"url":"https:\/\/megapets.eu\/wp-content\/uploads\/2024\/10\/IMG_2716-e1728382457724.jpg","type":"image\/jpeg"}],"twitter_card":"summary_large_image","twitter_misc":{"Becs\u00fclt olvas\u00e1si id\u0151":"2 perc"},"schema":{"@context":"https:\/\/schema.org","@graph":[{"@type":"WebPage","@id":"https:\/\/megapets.eu\/hu\/tartozekok\/10-l-indulo-keszlet-tenyeszteshezegzotikus-afrikai-csigak\/","url":"https:\/\/megapets.eu\/hu\/tartozekok\/10-l-indulo-keszlet-tenyeszteshezegzotikus-afrikai-csigak\/","name":"10 L indul\u00f3 k\u00e9szlet teny\u00e9szt\u00e9shez egzotikus \/ afrikai csig\u00e1k | MegaPets","isPartOf":{"@id":"https:\/\/megapets.eu\/hu\/#website"},"primaryImageOfPage":{"@id":"https:\/\/megapets.eu\/hu\/tartozekok\/10-l-indulo-keszlet-tenyeszteshezegzotikus-afrikai-csigak\/#primaryimage"},"image":{"@id":"https:\/\/megapets.eu\/hu\/tartozekok\/10-l-indulo-keszlet-tenyeszteshezegzotikus-afrikai-csigak\/#primaryimage"},"thumbnailUrl":"https:\/\/megapets.eu\/wp-content\/uploads\/2024\/10\/IMG_2716-e1728382457724.jpg","datePublished":"2024-10-03T16:33:28+00:00","breadcrumb":{"@id":"https:\/\/megapets.eu\/hu\/tartozekok\/10-l-indulo-keszlet-tenyeszteshezegzotikus-afrikai-csigak\/#breadcrumb"},"inLanguage":"hu","potentialAction":[{"@type":"ReadAction","target":["https:\/\/megapets.eu\/hu\/tartozekok\/10-l-indulo-keszlet-tenyeszteshezegzotikus-afrikai-csigak\/"]}]},{"@type":"ImageObject","inLanguage":"hu","@id":"https:\/\/megapets.eu\/hu\/tartozekok\/10-l-indulo-keszlet-tenyeszteshezegzotikus-afrikai-csigak\/#primaryimage","url":"https:\/\/megapets.eu\/wp-content\/uploads\/2024\/10\/IMG_2716-e1728382457724.jpg","contentUrl":"https:\/\/megapets.eu\/wp-content\/uploads\/2024\/10\/IMG_2716-e1728382457724.jpg","width":1908,"height":1314},{"@type":"BreadcrumbList","@id":"https:\/\/megapets.eu\/hu\/tartozekok\/10-l-indulo-keszlet-tenyeszteshezegzotikus-afrikai-csigak\/#breadcrumb","itemListElement":[{"@type":"ListItem","position":1,"name":"Strona g\u0142\u00f3wna","item":"https:\/\/megapets.eu\/hu\/"},{"@type":"ListItem","position":2,"name":"Bolt","item":"https:\/\/megapets.eu\/bolt\/"},{"@type":"ListItem","position":3,"name":"10 L indul\u00f3 k\u00e9szlet teny\u00e9szt\u00e9shezegzotikus \/ afrikai csig\u00e1k"}]},{"@type":"WebSite","@id":"https:\/\/megapets.eu\/hu\/#website","url":"https:\/\/megapets.eu\/hu\/","name":"Mega Pets","description":"Jedna z najwi\u0119kszych hodowli \u015blimak\u00f3w w Europie","publisher":{"@id":"https:\/\/megapets.eu\/hu\/#organization"},"alternateName":"Mega Pets","potentialAction":[{"@type":"SearchAction","target":{"@type":"EntryPoint","urlTemplate":"https:\/\/megapets.eu\/hu\/?s={search_term_string}"},"query-input":{"@type":"PropertyValueSpecification","valueRequired":true,"valueName":"search_term_string"}}],"inLanguage":"hu"},{"@type":"Organization","@id":"https:\/\/megapets.eu\/hu\/#organization","name":"Mega Pets","url":"https:\/\/megapets.eu\/hu\/","logo":{"@type":"ImageObject","inLanguage":"hu","@id":"https:\/\/megapets.eu\/hu\/#\/schema\/logo\/image\/","url":"https:\/\/megapets.eu\/wp-content\/uploads\/2025\/04\/megapets_eu-logo.png","contentUrl":"https:\/\/megapets.eu\/wp-content\/uploads\/2025\/04\/megapets_eu-logo.png","width":2362,"height":2362,"caption":"Mega Pets"},"image":{"@id":"https:\/\/megapets.eu\/hu\/#\/schema\/logo\/image\/"},"sameAs":["https:\/\/www.facebook.com\/MegaPets.eu\/"]}]}},"_links":{"self":[{"href":"https:\/\/megapets.eu\/hu\/wp-json\/wp\/v2\/product\/8070","targetHints":{"allow":["GET"]}}],"collection":[{"href":"https:\/\/megapets.eu\/hu\/wp-json\/wp\/v2\/product"}],"about":[{"href":"https:\/\/megapets.eu\/hu\/wp-json\/wp\/v2\/types\/product"}],"wp:featuredmedia":[{"embeddable":true,"href":"https:\/\/megapets.eu\/hu\/wp-json\/wp\/v2\/media\/8075"}],"wp:attachment":[{"href":"https:\/\/megapets.eu\/hu\/wp-json\/wp\/v2\/media?parent=8070"}],"wp:term":[{"taxonomy":"product_cat","embeddable":true,"href":"https:\/\/megapets.eu\/hu\/wp-json\/wp\/v2\/product_cat?post=8070"},{"taxonomy":"product_tag","embeddable":true,"href":"https:\/\/megapets.eu\/hu\/wp-json\/wp\/v2\/product_tag?post=8070"}],"curies":[{"name":"wp","href":"https:\/\/api.w.org\/{rel}","templated":true}]}}