{"id":8096,"date":"2024-10-06T11:55:33","date_gmt":"2024-10-06T11:55:33","guid":{"rendered":"https:\/\/megapets.eu\/nem-kategorizalt\/achatina-achatina-standard-nigeriastandard-p14\/"},"modified":"2024-10-06T11:55:33","modified_gmt":"2024-10-06T11:55:33","slug":"achatina-achatina-standard-nigeriastandard-p14","status":"publish","type":"product","link":"https:\/\/megapets.eu\/hu\/csigak\/achatina-achatina-standard-nigeriastandard-p14\/","title":{"rendered":"Achatina achatina standard Nig\u00e9ria<br \/>standard \/ P14"},"content":{"rendered":"<p><span style=\"color: #424242; font-size: 15px;\"><em><span style=\"color: #000000;\"><strong>Faj:<\/strong> <span style=\"font-size: 15px;\">Achatina achatina achatina achatina (Linnaeus, 1758)<\/span><\/span><\/em><em><br \/>\n<\/em><em><span style=\"color: #000000;\"><strong>Sz\u00ednv\u00e1ltozat<\/strong>: standard <\/span><\/em><em><br \/>\n<\/em><em><span style=\"color: #000000;\"><strong>K\u00fcl\u00f6nleges t\u00f6rzsmegjel\u00f6l\u00e9s: <\/strong>&#8222;Nig\u00e9ria\u201e<\/span><\/em><\/span><\/p>\n<p><span style=\"font-size: 15px;\"><strong><span style=\"color: #000000;\"><em><img loading=\"lazy\" decoding=\"async\" class=\"\" src=\"https:\/\/static.xx.fbcdn.net\/images\/emoji.php\/v9\/ta\/1\/32\/1f525.png\" alt=\"\ud83d\udd25\" width=\"18\" height=\"18\" \/> <\/em><\/span><\/strong><span style=\"color: #000000;\"><em>Egy nem rokon sz\u00fcl\u0151p\u00e1rb\u00f3l sz\u00e1rmaz\u00f3 fiatal egyedek. A megfelel\u0151 t\u00e1rsak folyamatos kiv\u00e1laszt\u00e1s\u00e1nak \u00e9s a gener\u00e1ci\u00f3r\u00f3l gener\u00e1ci\u00f3ra t\u00f6rt\u00e9n\u0151 p\u00e1rv\u00e1laszt\u00e1snak k\u00f6sz\u00f6nhet\u0151en sikeresen tartj\u00e1k fenn a gy\u00f6ny\u00f6r\u0171 \u00f3ri\u00e1sok nem rokon, t\u00f6rzsk\u00f6nyvezett teny\u00e9szvonalait.<\/em><\/span><\/span><\/p>\n<p style=\"text-align: left;\"><span style=\"font-size: 15px;\"><span style=\"color: #000000;\"><em><span style=\"color: #008000;\"><span style=\"color: #424242;\"><strong><img decoding=\"async\" src=\"https:\/\/static.xx.fbcdn.net\/images\/emoji.php\/v9\/tb4\/1\/16\/2b50.png\" alt=\"\u2b50\ufe0f\" \/><\/strong> <span style=\"color: #333333;\">Az Achatina achatina achatina achatina a sz\u00e1razf\u00f6ldi \u00f3ri\u00e1scsig\u00e1k egyik legimpoz\u00e1nsabb k\u00e9pvisel\u0151je, amely m\u00e9ret\u00e9vel \u00e9s rendk\u00edv\u00fcl impoz\u00e1ns h\u00e9j\u00e1val vonzza az egzotikumok kedvel\u0151inek figyelm\u00e9t. Fens\u00e9ges narancsbarna h\u00e9ja, amelyet jellegzetes, tigrismint\u00e1ra eml\u00e9keztet\u0151 s\u00f6t\u00e9t cs\u00edkok d\u00edsz\u00edtenek, \u00e9l\u0151 bizony\u00edt\u00e9ka annak, hogy a term\u00e9szet mesterien b\u00e1nik a form\u00e1kkal \u00e9s a sz\u00ednekkel. Ezek a csig\u00e1k kiegyens\u00falyozott, t\u00f6bbnyire \u00e9jszakai \u00e9letm\u00f3dot folytatnak. A fiatal egyedek sok \u00f3r\u00e1t t\u00f6ltenek elvonult, meghitt zugokban, ahol finom h\u00e9jn\u00f6veked\u00e9s\u00fcket fejlesztik. A k\u00fcl\u00f6nb\u00f6z\u0151 \u00f3ri\u00e1scsigafajok k\u00f6z\u00f6tt nagy fal\u00e1nk ev\u0151k is tal\u00e1lhat\u00f3k, de nem minden faj eszik sokat. A fiatal Achatina achatina n\u00e9ha \u00e9tv\u00e1gytalan, \u00e9s n\u00e9ha n\u00e9h\u00e1ny falat elfogyaszt\u00e1sa ut\u00e1n ism\u00e9t visszat\u00e9rnek pihenni. A csiga annyi t\u00e1pl\u00e1l\u00e9kot eszik, amennyire sz\u00fcks\u00e9ge van, \u00e9s nem lehet t\u00falt\u00e1pl\u00e1lni. A fajt\u00f3l, a csiga kor\u00e1t\u00f3l \u00e9s att\u00f3l f\u00fcgg\u0151en, hogy mennyire j\u00f3llakott az el\u0151z\u0151 t\u00e1pl\u00e1lkoz\u00e1st\u00f3l, az \u00e9tkez\u00e9sek k\u00f6z\u00f6tti sz\u00fcnet ak\u00e1r t\u00f6bb napig is eltarthat. Ahogy n\u0151nek, az e fajhoz tartoz\u00f3 csig\u00e1k egyre ink\u00e1bb \u00e9rdekl\u0151dnek az adagok m\u00e9rete \u00e9s a k\u00f6rnyezet\u00fck ir\u00e1nt. Id\u0151j\u00fck nagy r\u00e9sz\u00e9t azonban tov\u00e1bbra is a terr\u00e1rium alj\u00e1n t\u00f6ltik, szeretnek szundik\u00e1lni, \u00e9s t\u00e1pl\u00e1lkoz\u00e1sukban konzervat\u00edvak maradnak.<\/span><\/span><\/span><\/em><\/span><\/span><\/p>\n<p style=\"text-align: left;\"><span style=\"color: #000000; font-size: 15px;\"><em><span class=\"x1xsqp64 xiy17q3 x1o6pynw x19co3pv xdj266r xcwd3tp xat24cr x39eecv x2b8uid\" data-testid=\"emoji\"><span class=\"xexx8yu xn5pp95 x18d9i69 x2fxd7x x3jgonx x1bhl96m\"><img loading=\"lazy\" decoding=\"async\" class=\"\" src=\"https:\/\/static.xx.fbcdn.net\/images\/emoji.php\/v9\/t66\/1\/32\/1f4cc.png\" alt=\"\ud83d\udccc\" width=\"18\" height=\"18\" \/> A kifejlett egyedek \u00e1ltal\u00e1ban 15-16 cm-es h\u00e9jm\u00e9retet \u00e9rnek el.<\/span><\/span><\/em><\/span><\/p>\n<p style=\"text-align: left;\"><span style=\"color: #000000; font-size: 15px;\"><em><img loading=\"lazy\" decoding=\"async\" class=\"xz74otr\" src=\"https:\/\/static.xx.fbcdn.net\/images\/emoji.php\/v9\/t1e\/1\/16\/1f33f.png\" alt=\"\ud83c\udf3f\" width=\"18\" height=\"18\" \/> <span style=\"color: #008000;\">Az Achatina achatina fajba tartoz\u00f3 csig\u00e1k kiegyens\u00falyozott, t\u00f6bbnyire \u00e9jszakai \u00e9letm\u00f3dot folytatnak, \u00e9s lassan n\u0151nek. Akkor fejl\u0151dnek j\u00f3l, ha stabil alapvet\u0151 fenntart\u00e1si felt\u00e9teleket biztos\u00edtanak sz\u00e1mukra. A gondoz\u00e1s hat\u00e9konys\u00e1g\u00e1nak \u00e9rt\u00e9kel\u00e9s\u00e9re k\u00e9nyelmes m\u00f3dszer az akt\u00edv fejl\u0151d\u00e9s megfigyel\u00e9se, ami t\u00f6bbek k\u00f6z\u00f6tt az \u00faj, eszt\u00e9tikus h\u00e9jn\u00f6veked\u00e9s kialak\u00edt\u00e1s\u00e1ban l\u00e1that\u00f3.<\/span><\/em><\/span><\/p>\n","protected":false},"excerpt":{"rendered":"<ul>\n<li>C\u00e9lh\u00fcvely m\u00e9rete:\n<ul>\n<li>kb. 15-16<\/li>\n<\/ul>\n<\/li>\n<li>Egy nem rokon p\u00e1rb\u00f3l:\n<ul>\n<li>P14<\/li>\n<\/ul>\n<\/li>\n<li>Felaj\u00e1nlott fiatalkor\u00fa:\n<ul>\n<li>ca. 6 cm<\/li>\n<\/ul>\n<\/li>\n<li>Az \u00e1r a k\u00f6vetkez\u0151re vonatkozik: &#8211; 6 cm:\n<ul>\n<li>1 db<\/li>\n<\/ul>\n<\/li>\n<\/ul>\n","protected":false},"featured_media":8097,"template":"","meta":{"_acf_changed":false,"_links_to":"","_links_to_target":""},"product_cat":[193],"product_tag":[],"class_list":{"0":"post-8096","1":"product","2":"type-product","3":"status-publish","4":"has-post-thumbnail","6":"product_cat-csigak","8":"first","9":"outofstock","10":"shipping-taxable","11":"purchasable","12":"product-type-simple"},"acf":[],"yoast_head":"<!-- This site is optimized with the Yoast SEO plugin v24.9 - https:\/\/yoast.com\/wordpress\/plugins\/seo\/ -->\n<title>Achatina achatina standard Nig\u00e9riastandard \/ P14 | MegaPets<\/title>\n<meta name=\"robots\" content=\"index, follow, max-snippet:-1, max-image-preview:large, max-video-preview:-1\" \/>\n<link rel=\"canonical\" href=\"https:\/\/megapets.eu\/hu\/csigak\/achatina-achatina-standard-nigeriastandard-p14\/\" \/>\n<meta property=\"og:locale\" content=\"hu_HU\" \/>\n<meta property=\"og:type\" content=\"article\" \/>\n<meta property=\"og:title\" content=\"Achatina achatina standard Nig\u00e9riastandard \/ P14 | MegaPets\" \/>\n<meta property=\"og:description\" content=\"C\u00e9lh\u00fcvely m\u00e9rete:  kb. 15-16   Egy nem rokon p\u00e1rb\u00f3l:  P14   Felaj\u00e1nlott fiatalkor\u00fa:  ca. 6 cm   Az \u00e1r a k\u00f6vetkez\u0151re vonatkozik: - 6 cm:  1 db\" \/>\n<meta property=\"og:url\" content=\"https:\/\/megapets.eu\/hu\/csigak\/achatina-achatina-standard-nigeriastandard-p14\/\" \/>\n<meta property=\"og:site_name\" content=\"MegaPets\" \/>\n<meta property=\"article:publisher\" content=\"https:\/\/www.facebook.com\/MegaPets.eu\/\" \/>\n<meta property=\"og:image\" content=\"https:\/\/megapets.eu\/wp-content\/uploads\/2024\/10\/logo4.jpg\" \/>\n\t<meta property=\"og:image:width\" content=\"1212\" \/>\n\t<meta property=\"og:image:height\" content=\"804\" \/>\n\t<meta property=\"og:image:type\" content=\"image\/jpeg\" \/>\n<meta name=\"twitter:card\" content=\"summary_large_image\" \/>\n<meta name=\"twitter:label1\" content=\"Becs\u00fclt olvas\u00e1si id\u0151\" \/>\n\t<meta name=\"twitter:data1\" content=\"2 perc\" \/>\n<script type=\"application\/ld+json\" class=\"yoast-schema-graph\">{\"@context\":\"https:\/\/schema.org\",\"@graph\":[{\"@type\":\"WebPage\",\"@id\":\"https:\/\/megapets.eu\/hu\/csigak\/achatina-achatina-standard-nigeriastandard-p14\/\",\"url\":\"https:\/\/megapets.eu\/hu\/csigak\/achatina-achatina-standard-nigeriastandard-p14\/\",\"name\":\"Achatina achatina standard Nig\u00e9ria standard \/ P14 | MegaPets\",\"isPartOf\":{\"@id\":\"https:\/\/megapets.eu\/hu\/#website\"},\"primaryImageOfPage\":{\"@id\":\"https:\/\/megapets.eu\/hu\/csigak\/achatina-achatina-standard-nigeriastandard-p14\/#primaryimage\"},\"image\":{\"@id\":\"https:\/\/megapets.eu\/hu\/csigak\/achatina-achatina-standard-nigeriastandard-p14\/#primaryimage\"},\"thumbnailUrl\":\"https:\/\/megapets.eu\/wp-content\/uploads\/2024\/10\/logo4.jpg\",\"datePublished\":\"2024-10-06T11:55:33+00:00\",\"breadcrumb\":{\"@id\":\"https:\/\/megapets.eu\/hu\/csigak\/achatina-achatina-standard-nigeriastandard-p14\/#breadcrumb\"},\"inLanguage\":\"hu\",\"potentialAction\":[{\"@type\":\"ReadAction\",\"target\":[\"https:\/\/megapets.eu\/hu\/csigak\/achatina-achatina-standard-nigeriastandard-p14\/\"]}]},{\"@type\":\"ImageObject\",\"inLanguage\":\"hu\",\"@id\":\"https:\/\/megapets.eu\/hu\/csigak\/achatina-achatina-standard-nigeriastandard-p14\/#primaryimage\",\"url\":\"https:\/\/megapets.eu\/wp-content\/uploads\/2024\/10\/logo4.jpg\",\"contentUrl\":\"https:\/\/megapets.eu\/wp-content\/uploads\/2024\/10\/logo4.jpg\",\"width\":1212,\"height\":804},{\"@type\":\"BreadcrumbList\",\"@id\":\"https:\/\/megapets.eu\/hu\/csigak\/achatina-achatina-standard-nigeriastandard-p14\/#breadcrumb\",\"itemListElement\":[{\"@type\":\"ListItem\",\"position\":1,\"name\":\"Strona g\u0142\u00f3wna\",\"item\":\"https:\/\/megapets.eu\/hu\/\"},{\"@type\":\"ListItem\",\"position\":2,\"name\":\"Bolt\",\"item\":\"https:\/\/megapets.eu\/bolt\/\"},{\"@type\":\"ListItem\",\"position\":3,\"name\":\"Achatina achatina standard Nig\u00e9riastandard \/ P14\"}]},{\"@type\":\"WebSite\",\"@id\":\"https:\/\/megapets.eu\/hu\/#website\",\"url\":\"https:\/\/megapets.eu\/hu\/\",\"name\":\"Mega Pets\",\"description\":\"Jedna z najwi\u0119kszych hodowli \u015blimak\u00f3w w Europie\",\"publisher\":{\"@id\":\"https:\/\/megapets.eu\/hu\/#organization\"},\"alternateName\":\"Mega Pets\",\"potentialAction\":[{\"@type\":\"SearchAction\",\"target\":{\"@type\":\"EntryPoint\",\"urlTemplate\":\"https:\/\/megapets.eu\/hu\/?s={search_term_string}\"},\"query-input\":{\"@type\":\"PropertyValueSpecification\",\"valueRequired\":true,\"valueName\":\"search_term_string\"}}],\"inLanguage\":\"hu\"},{\"@type\":\"Organization\",\"@id\":\"https:\/\/megapets.eu\/hu\/#organization\",\"name\":\"Mega Pets\",\"url\":\"https:\/\/megapets.eu\/hu\/\",\"logo\":{\"@type\":\"ImageObject\",\"inLanguage\":\"hu\",\"@id\":\"https:\/\/megapets.eu\/hu\/#\/schema\/logo\/image\/\",\"url\":\"https:\/\/megapets.eu\/wp-content\/uploads\/2025\/04\/megapets_eu-logo.png\",\"contentUrl\":\"https:\/\/megapets.eu\/wp-content\/uploads\/2025\/04\/megapets_eu-logo.png\",\"width\":2362,\"height\":2362,\"caption\":\"Mega Pets\"},\"image\":{\"@id\":\"https:\/\/megapets.eu\/hu\/#\/schema\/logo\/image\/\"},\"sameAs\":[\"https:\/\/www.facebook.com\/MegaPets.eu\/\"]}]}<\/script>\n<!-- \/ Yoast SEO plugin. -->","yoast_head_json":{"title":"Achatina achatina standard Nig\u00e9riastandard \/ P14 | MegaPets","robots":{"index":"index","follow":"follow","max-snippet":"max-snippet:-1","max-image-preview":"max-image-preview:large","max-video-preview":"max-video-preview:-1"},"canonical":"https:\/\/megapets.eu\/hu\/csigak\/achatina-achatina-standard-nigeriastandard-p14\/","og_locale":"hu_HU","og_type":"article","og_title":"Achatina achatina standard Nig\u00e9riastandard \/ P14 | MegaPets","og_description":"C\u00e9lh\u00fcvely m\u00e9rete:  kb. 15-16   Egy nem rokon p\u00e1rb\u00f3l:  P14   Felaj\u00e1nlott fiatalkor\u00fa:  ca. 6 cm   Az \u00e1r a k\u00f6vetkez\u0151re vonatkozik: - 6 cm:  1 db","og_url":"https:\/\/megapets.eu\/hu\/csigak\/achatina-achatina-standard-nigeriastandard-p14\/","og_site_name":"MegaPets","article_publisher":"https:\/\/www.facebook.com\/MegaPets.eu\/","og_image":[{"width":1212,"height":804,"url":"https:\/\/megapets.eu\/wp-content\/uploads\/2024\/10\/logo4.jpg","type":"image\/jpeg"}],"twitter_card":"summary_large_image","twitter_misc":{"Becs\u00fclt olvas\u00e1si id\u0151":"2 perc"},"schema":{"@context":"https:\/\/schema.org","@graph":[{"@type":"WebPage","@id":"https:\/\/megapets.eu\/hu\/csigak\/achatina-achatina-standard-nigeriastandard-p14\/","url":"https:\/\/megapets.eu\/hu\/csigak\/achatina-achatina-standard-nigeriastandard-p14\/","name":"Achatina achatina standard Nig\u00e9ria standard \/ P14 | MegaPets","isPartOf":{"@id":"https:\/\/megapets.eu\/hu\/#website"},"primaryImageOfPage":{"@id":"https:\/\/megapets.eu\/hu\/csigak\/achatina-achatina-standard-nigeriastandard-p14\/#primaryimage"},"image":{"@id":"https:\/\/megapets.eu\/hu\/csigak\/achatina-achatina-standard-nigeriastandard-p14\/#primaryimage"},"thumbnailUrl":"https:\/\/megapets.eu\/wp-content\/uploads\/2024\/10\/logo4.jpg","datePublished":"2024-10-06T11:55:33+00:00","breadcrumb":{"@id":"https:\/\/megapets.eu\/hu\/csigak\/achatina-achatina-standard-nigeriastandard-p14\/#breadcrumb"},"inLanguage":"hu","potentialAction":[{"@type":"ReadAction","target":["https:\/\/megapets.eu\/hu\/csigak\/achatina-achatina-standard-nigeriastandard-p14\/"]}]},{"@type":"ImageObject","inLanguage":"hu","@id":"https:\/\/megapets.eu\/hu\/csigak\/achatina-achatina-standard-nigeriastandard-p14\/#primaryimage","url":"https:\/\/megapets.eu\/wp-content\/uploads\/2024\/10\/logo4.jpg","contentUrl":"https:\/\/megapets.eu\/wp-content\/uploads\/2024\/10\/logo4.jpg","width":1212,"height":804},{"@type":"BreadcrumbList","@id":"https:\/\/megapets.eu\/hu\/csigak\/achatina-achatina-standard-nigeriastandard-p14\/#breadcrumb","itemListElement":[{"@type":"ListItem","position":1,"name":"Strona g\u0142\u00f3wna","item":"https:\/\/megapets.eu\/hu\/"},{"@type":"ListItem","position":2,"name":"Bolt","item":"https:\/\/megapets.eu\/bolt\/"},{"@type":"ListItem","position":3,"name":"Achatina achatina standard Nig\u00e9riastandard \/ P14"}]},{"@type":"WebSite","@id":"https:\/\/megapets.eu\/hu\/#website","url":"https:\/\/megapets.eu\/hu\/","name":"Mega Pets","description":"Jedna z najwi\u0119kszych hodowli \u015blimak\u00f3w w Europie","publisher":{"@id":"https:\/\/megapets.eu\/hu\/#organization"},"alternateName":"Mega Pets","potentialAction":[{"@type":"SearchAction","target":{"@type":"EntryPoint","urlTemplate":"https:\/\/megapets.eu\/hu\/?s={search_term_string}"},"query-input":{"@type":"PropertyValueSpecification","valueRequired":true,"valueName":"search_term_string"}}],"inLanguage":"hu"},{"@type":"Organization","@id":"https:\/\/megapets.eu\/hu\/#organization","name":"Mega Pets","url":"https:\/\/megapets.eu\/hu\/","logo":{"@type":"ImageObject","inLanguage":"hu","@id":"https:\/\/megapets.eu\/hu\/#\/schema\/logo\/image\/","url":"https:\/\/megapets.eu\/wp-content\/uploads\/2025\/04\/megapets_eu-logo.png","contentUrl":"https:\/\/megapets.eu\/wp-content\/uploads\/2025\/04\/megapets_eu-logo.png","width":2362,"height":2362,"caption":"Mega Pets"},"image":{"@id":"https:\/\/megapets.eu\/hu\/#\/schema\/logo\/image\/"},"sameAs":["https:\/\/www.facebook.com\/MegaPets.eu\/"]}]}},"_links":{"self":[{"href":"https:\/\/megapets.eu\/hu\/wp-json\/wp\/v2\/product\/8096","targetHints":{"allow":["GET"]}}],"collection":[{"href":"https:\/\/megapets.eu\/hu\/wp-json\/wp\/v2\/product"}],"about":[{"href":"https:\/\/megapets.eu\/hu\/wp-json\/wp\/v2\/types\/product"}],"wp:featuredmedia":[{"embeddable":true,"href":"https:\/\/megapets.eu\/hu\/wp-json\/wp\/v2\/media\/8097"}],"wp:attachment":[{"href":"https:\/\/megapets.eu\/hu\/wp-json\/wp\/v2\/media?parent=8096"}],"wp:term":[{"taxonomy":"product_cat","embeddable":true,"href":"https:\/\/megapets.eu\/hu\/wp-json\/wp\/v2\/product_cat?post=8096"},{"taxonomy":"product_tag","embeddable":true,"href":"https:\/\/megapets.eu\/hu\/wp-json\/wp\/v2\/product_tag?post=8096"}],"curies":[{"name":"wp","href":"https:\/\/api.w.org\/{rel}","templated":true}]}}