{"id":8105,"date":"2024-10-06T11:49:55","date_gmt":"2024-10-06T11:49:55","guid":{"rendered":"https:\/\/megapets.eu\/nem-kategorizalt\/achatina-achatina-albino-test-nigeria\/"},"modified":"2024-10-06T11:49:55","modified_gmt":"2024-10-06T11:49:55","slug":"achatina-achatina-albino-test-nigeria","status":"publish","type":"product","link":"https:\/\/megapets.eu\/hu\/csigak\/achatina-achatina-albino-test-nigeria\/","title":{"rendered":"Achatina achatina alb\u00edn\u00f3 test Nig\u00e9ria"},"content":{"rendered":"<p class=\"v1v1v1v1MsoNormal\"><span style=\"color: #424242;\"><strong><em><span style=\"font-size: 15px;\">Faj: Achatina achatina achatina achatina<\/span><\/em><\/strong><\/span><\/p>\n<p class=\"v1v1v1v1MsoNormal\"><span style=\"color: #424242;\"><strong><em><span style=\"font-size: 15px;\">Sz\u00ednv\u00e1ltozat: alb\u00edn\u00f3 test.<\/span><\/em><\/strong><\/span><\/p>\n<p class=\"v1v1v1v1MsoNormal\"><span style=\"color: #424242;\"><strong><em><span style=\"font-size: 15px;\">\u2b50\u2b50\u2b50\u2b50 Ez az Achatina achatina achatina achatina nagyon j\u00f3l ismert faj a ritka alb\u00edn\u00f3 testsz\u00ednv\u00e1ltozatban. Ez a faj nem akt\u00edv, igazi alv\u00f3 csiga a csig\u00e1k k\u00f6z\u00f6tt. Halad\u00f3 egyedeknek aj\u00e1nlott. Az Achatina achatina nagyon lassan n\u0151, a faj kifejlett egyed\u00e9nek h\u00e9jm\u00e9rete kb. 15-16 cm.<\/span><\/em><\/strong><\/span><\/p>\n<p class=\"v1v1v1v1MsoNormal\"><span style=\"font-size: 15px;\"><strong><em><span style=\"color: #008000;\"><img decoding=\"async\" src=\"https:\/\/static.xx.fbcdn.net\/images\/emoji.php\/v9\/tbe\/1\/16\/1f3c6.png\" alt=\"\ud83c\udfc6\" \/><span style=\"color: #e36a19;\"> Minden b\u00e9bi csiga a j\u00f3l ismert, regisztr\u00e1lt teny\u00e9szt\u00e9s\u00fcnkb\u0151l sz\u00e1rmazik, \u00edgy \u00d6n ismert forr\u00e1sb\u00f3l v\u00e1s\u00e1rol, ahol megfelel\u0151en gondozzuk a csig\u00e1kat \u00e9s gondosan figyelj\u00fck mindegyik fejl\u0151d\u00e9s\u00e9t.<\/span><\/span><\/em><\/strong><\/span><\/p>\n<p class=\"v1v1v1v1MsoNormal\"><span style=\"font-size: 15px; color: #424242;\"><strong><em>Mint tudja, a csigateny\u00e9szt\u00e9shez a m\u0171anyag ed\u00e9nyek m\u0171k\u00f6dnek a legjobban. Az \u00e1ltalunk k\u00e9sz\u00edtett ed\u00e9nyek ide\u00e1lisak az \u00faj csigah\u00e1zak sz\u00e9p fejl\u0151d\u00e9s\u00e9hez). Hogy id\u0151t takar\u00edtson meg a rendel\u00e9s befejez\u00e9sekor, javasoljuk, hogy kezdje a kezd\u0151 k\u00e9szlettel, amely tartalmazza az alapvet\u0151 tartoz\u00e9kokat a saj\u00e1t teny\u00e9szt\u00e9s gyors elind\u00edt\u00e1s\u00e1hoz \u00e9s az utas\u00edt\u00e1sokat.<\/em><\/strong><\/span><\/p>\n<p><span style=\"font-size: 15px;\"><strong><em><span style=\"color: #008000;\"><img loading=\"lazy\" decoding=\"async\" class=\"xz74otr\" src=\"https:\/\/static.xx.fbcdn.net\/images\/emoji.php\/v9\/t1e\/1\/16\/1f33f.png\" alt=\"\ud83c\udf3f\" width=\"16\" height=\"16\" \/> Az \u00e1llatnak mind\u00f6ssze friss, \u00e9rett gy\u00fcm\u00f6lcs\u00f6kre \u00e9s z\u00f6lds\u00e9gekre, teny\u00e9szt\u0151ed\u00e9nyre \u00e9s szubsztr\u00e1tumra van sz\u00fcks\u00e9ge (ne hagyja kisz\u00e1radni a szubsztr\u00e1tumot, 2-3 naponta permetezze be a terr\u00e1riumot). A csiga napi \u00e9trendj\u00e9b\u0151l nem hi\u00e1nyozhat a sz\u00e9p \u00e9s eg\u00e9szs\u00e9ges h\u00e9j alap\u00e9p\u00edt\u0151 eleme; a toj\u00e1sh\u00e9jpor \u00e9s a szepi term\u00e9szetes forr\u00e1sa a t\u00f6k\u00e9letesen em\u00e9szthet\u0151 kalciumnak. Az egzotikus csig\u00e1k \u00e9trendj\u00e9r\u0151l honlapunkon t\u00e1j\u00e9koz\u00f3dhat.<\/span><\/em><\/strong><\/span><\/p>\n","protected":false},"excerpt":{"rendered":"<ul class=\"product_attributes\">\n<li>Egy nem kapcsol\u00f3d\u00f3 p\u00e1rb\u00f3l:P17<\/li>\n<li>C\u00e9lh\u00e9j m\u00e9rete:kb. 15-16 cm<\/li>\n<li>K\u00edn\u00e1lt fiatal:kb. 4 cm<\/li>\n<li>Az \u00e1r:1 db-ra vonatkozik.<\/li>\n<\/ul>\n","protected":false},"featured_media":8107,"template":"","meta":{"_acf_changed":false,"_links_to":"","_links_to_target":""},"product_cat":[193],"product_tag":[],"class_list":{"0":"post-8105","1":"product","2":"type-product","3":"status-publish","4":"has-post-thumbnail","6":"product_cat-csigak","8":"first","9":"outofstock","10":"shipping-taxable","11":"purchasable","12":"product-type-simple"},"acf":[],"yoast_head":"<!-- This site is optimized with the Yoast SEO plugin v24.9 - https:\/\/yoast.com\/wordpress\/plugins\/seo\/ -->\n<title>Achatina achatina alb\u00edn\u00f3 test Nig\u00e9ria | MegaPets<\/title>\n<meta name=\"robots\" content=\"index, follow, max-snippet:-1, max-image-preview:large, max-video-preview:-1\" \/>\n<link rel=\"canonical\" href=\"https:\/\/megapets.eu\/hu\/csigak\/achatina-achatina-albino-test-nigeria\/\" \/>\n<meta property=\"og:locale\" content=\"hu_HU\" \/>\n<meta property=\"og:type\" content=\"article\" \/>\n<meta property=\"og:title\" content=\"Achatina achatina alb\u00edn\u00f3 test Nig\u00e9ria | MegaPets\" \/>\n<meta property=\"og:description\" content=\"Egy nem kapcsol\u00f3d\u00f3 p\u00e1rb\u00f3l:P17  C\u00e9lh\u00e9j m\u00e9rete:kb. 15-16 cm  K\u00edn\u00e1lt fiatal:kb. 4 cm  Az \u00e1r:1 db-ra vonatkozik.\" \/>\n<meta property=\"og:url\" content=\"https:\/\/megapets.eu\/hu\/csigak\/achatina-achatina-albino-test-nigeria\/\" \/>\n<meta property=\"og:site_name\" content=\"MegaPets\" \/>\n<meta property=\"article:publisher\" content=\"https:\/\/www.facebook.com\/MegaPets.eu\/\" \/>\n<meta property=\"og:image\" content=\"https:\/\/megapets.eu\/wp-content\/uploads\/2024\/10\/T222.jpg\" \/>\n\t<meta property=\"og:image:width\" content=\"1204\" \/>\n\t<meta property=\"og:image:height\" content=\"800\" \/>\n\t<meta property=\"og:image:type\" content=\"image\/jpeg\" \/>\n<meta name=\"twitter:card\" content=\"summary_large_image\" \/>\n<meta name=\"twitter:label1\" content=\"Becs\u00fclt olvas\u00e1si id\u0151\" \/>\n\t<meta name=\"twitter:data1\" content=\"1 perc\" \/>\n<script type=\"application\/ld+json\" class=\"yoast-schema-graph\">{\"@context\":\"https:\/\/schema.org\",\"@graph\":[{\"@type\":\"WebPage\",\"@id\":\"https:\/\/megapets.eu\/hu\/csigak\/achatina-achatina-albino-test-nigeria\/\",\"url\":\"https:\/\/megapets.eu\/hu\/csigak\/achatina-achatina-albino-test-nigeria\/\",\"name\":\"Achatina achatina alb\u00edn\u00f3 test Nig\u00e9ria | MegaPets\",\"isPartOf\":{\"@id\":\"https:\/\/megapets.eu\/hu\/#website\"},\"primaryImageOfPage\":{\"@id\":\"https:\/\/megapets.eu\/hu\/csigak\/achatina-achatina-albino-test-nigeria\/#primaryimage\"},\"image\":{\"@id\":\"https:\/\/megapets.eu\/hu\/csigak\/achatina-achatina-albino-test-nigeria\/#primaryimage\"},\"thumbnailUrl\":\"https:\/\/megapets.eu\/wp-content\/uploads\/2024\/10\/T222.jpg\",\"datePublished\":\"2024-10-06T11:49:55+00:00\",\"breadcrumb\":{\"@id\":\"https:\/\/megapets.eu\/hu\/csigak\/achatina-achatina-albino-test-nigeria\/#breadcrumb\"},\"inLanguage\":\"hu\",\"potentialAction\":[{\"@type\":\"ReadAction\",\"target\":[\"https:\/\/megapets.eu\/hu\/csigak\/achatina-achatina-albino-test-nigeria\/\"]}]},{\"@type\":\"ImageObject\",\"inLanguage\":\"hu\",\"@id\":\"https:\/\/megapets.eu\/hu\/csigak\/achatina-achatina-albino-test-nigeria\/#primaryimage\",\"url\":\"https:\/\/megapets.eu\/wp-content\/uploads\/2024\/10\/T222.jpg\",\"contentUrl\":\"https:\/\/megapets.eu\/wp-content\/uploads\/2024\/10\/T222.jpg\",\"width\":1204,\"height\":800},{\"@type\":\"BreadcrumbList\",\"@id\":\"https:\/\/megapets.eu\/hu\/csigak\/achatina-achatina-albino-test-nigeria\/#breadcrumb\",\"itemListElement\":[{\"@type\":\"ListItem\",\"position\":1,\"name\":\"Strona g\u0142\u00f3wna\",\"item\":\"https:\/\/megapets.eu\/hu\/\"},{\"@type\":\"ListItem\",\"position\":2,\"name\":\"Bolt\",\"item\":\"https:\/\/megapets.eu\/bolt\/\"},{\"@type\":\"ListItem\",\"position\":3,\"name\":\"Achatina achatina alb\u00edn\u00f3 test Nig\u00e9ria\"}]},{\"@type\":\"WebSite\",\"@id\":\"https:\/\/megapets.eu\/hu\/#website\",\"url\":\"https:\/\/megapets.eu\/hu\/\",\"name\":\"Mega Pets\",\"description\":\"Jedna z najwi\u0119kszych hodowli \u015blimak\u00f3w w Europie\",\"publisher\":{\"@id\":\"https:\/\/megapets.eu\/hu\/#organization\"},\"alternateName\":\"Mega Pets\",\"potentialAction\":[{\"@type\":\"SearchAction\",\"target\":{\"@type\":\"EntryPoint\",\"urlTemplate\":\"https:\/\/megapets.eu\/hu\/?s={search_term_string}\"},\"query-input\":{\"@type\":\"PropertyValueSpecification\",\"valueRequired\":true,\"valueName\":\"search_term_string\"}}],\"inLanguage\":\"hu\"},{\"@type\":\"Organization\",\"@id\":\"https:\/\/megapets.eu\/hu\/#organization\",\"name\":\"Mega Pets\",\"url\":\"https:\/\/megapets.eu\/hu\/\",\"logo\":{\"@type\":\"ImageObject\",\"inLanguage\":\"hu\",\"@id\":\"https:\/\/megapets.eu\/hu\/#\/schema\/logo\/image\/\",\"url\":\"https:\/\/megapets.eu\/wp-content\/uploads\/2025\/04\/megapets_eu-logo.png\",\"contentUrl\":\"https:\/\/megapets.eu\/wp-content\/uploads\/2025\/04\/megapets_eu-logo.png\",\"width\":2362,\"height\":2362,\"caption\":\"Mega Pets\"},\"image\":{\"@id\":\"https:\/\/megapets.eu\/hu\/#\/schema\/logo\/image\/\"},\"sameAs\":[\"https:\/\/www.facebook.com\/MegaPets.eu\/\"]}]}<\/script>\n<!-- \/ Yoast SEO plugin. -->","yoast_head_json":{"title":"Achatina achatina alb\u00edn\u00f3 test Nig\u00e9ria | MegaPets","robots":{"index":"index","follow":"follow","max-snippet":"max-snippet:-1","max-image-preview":"max-image-preview:large","max-video-preview":"max-video-preview:-1"},"canonical":"https:\/\/megapets.eu\/hu\/csigak\/achatina-achatina-albino-test-nigeria\/","og_locale":"hu_HU","og_type":"article","og_title":"Achatina achatina alb\u00edn\u00f3 test Nig\u00e9ria | MegaPets","og_description":"Egy nem kapcsol\u00f3d\u00f3 p\u00e1rb\u00f3l:P17  C\u00e9lh\u00e9j m\u00e9rete:kb. 15-16 cm  K\u00edn\u00e1lt fiatal:kb. 4 cm  Az \u00e1r:1 db-ra vonatkozik.","og_url":"https:\/\/megapets.eu\/hu\/csigak\/achatina-achatina-albino-test-nigeria\/","og_site_name":"MegaPets","article_publisher":"https:\/\/www.facebook.com\/MegaPets.eu\/","og_image":[{"width":1204,"height":800,"url":"https:\/\/megapets.eu\/wp-content\/uploads\/2024\/10\/T222.jpg","type":"image\/jpeg"}],"twitter_card":"summary_large_image","twitter_misc":{"Becs\u00fclt olvas\u00e1si id\u0151":"1 perc"},"schema":{"@context":"https:\/\/schema.org","@graph":[{"@type":"WebPage","@id":"https:\/\/megapets.eu\/hu\/csigak\/achatina-achatina-albino-test-nigeria\/","url":"https:\/\/megapets.eu\/hu\/csigak\/achatina-achatina-albino-test-nigeria\/","name":"Achatina achatina alb\u00edn\u00f3 test Nig\u00e9ria | MegaPets","isPartOf":{"@id":"https:\/\/megapets.eu\/hu\/#website"},"primaryImageOfPage":{"@id":"https:\/\/megapets.eu\/hu\/csigak\/achatina-achatina-albino-test-nigeria\/#primaryimage"},"image":{"@id":"https:\/\/megapets.eu\/hu\/csigak\/achatina-achatina-albino-test-nigeria\/#primaryimage"},"thumbnailUrl":"https:\/\/megapets.eu\/wp-content\/uploads\/2024\/10\/T222.jpg","datePublished":"2024-10-06T11:49:55+00:00","breadcrumb":{"@id":"https:\/\/megapets.eu\/hu\/csigak\/achatina-achatina-albino-test-nigeria\/#breadcrumb"},"inLanguage":"hu","potentialAction":[{"@type":"ReadAction","target":["https:\/\/megapets.eu\/hu\/csigak\/achatina-achatina-albino-test-nigeria\/"]}]},{"@type":"ImageObject","inLanguage":"hu","@id":"https:\/\/megapets.eu\/hu\/csigak\/achatina-achatina-albino-test-nigeria\/#primaryimage","url":"https:\/\/megapets.eu\/wp-content\/uploads\/2024\/10\/T222.jpg","contentUrl":"https:\/\/megapets.eu\/wp-content\/uploads\/2024\/10\/T222.jpg","width":1204,"height":800},{"@type":"BreadcrumbList","@id":"https:\/\/megapets.eu\/hu\/csigak\/achatina-achatina-albino-test-nigeria\/#breadcrumb","itemListElement":[{"@type":"ListItem","position":1,"name":"Strona g\u0142\u00f3wna","item":"https:\/\/megapets.eu\/hu\/"},{"@type":"ListItem","position":2,"name":"Bolt","item":"https:\/\/megapets.eu\/bolt\/"},{"@type":"ListItem","position":3,"name":"Achatina achatina alb\u00edn\u00f3 test Nig\u00e9ria"}]},{"@type":"WebSite","@id":"https:\/\/megapets.eu\/hu\/#website","url":"https:\/\/megapets.eu\/hu\/","name":"Mega Pets","description":"Jedna z najwi\u0119kszych hodowli \u015blimak\u00f3w w Europie","publisher":{"@id":"https:\/\/megapets.eu\/hu\/#organization"},"alternateName":"Mega Pets","potentialAction":[{"@type":"SearchAction","target":{"@type":"EntryPoint","urlTemplate":"https:\/\/megapets.eu\/hu\/?s={search_term_string}"},"query-input":{"@type":"PropertyValueSpecification","valueRequired":true,"valueName":"search_term_string"}}],"inLanguage":"hu"},{"@type":"Organization","@id":"https:\/\/megapets.eu\/hu\/#organization","name":"Mega Pets","url":"https:\/\/megapets.eu\/hu\/","logo":{"@type":"ImageObject","inLanguage":"hu","@id":"https:\/\/megapets.eu\/hu\/#\/schema\/logo\/image\/","url":"https:\/\/megapets.eu\/wp-content\/uploads\/2025\/04\/megapets_eu-logo.png","contentUrl":"https:\/\/megapets.eu\/wp-content\/uploads\/2025\/04\/megapets_eu-logo.png","width":2362,"height":2362,"caption":"Mega Pets"},"image":{"@id":"https:\/\/megapets.eu\/hu\/#\/schema\/logo\/image\/"},"sameAs":["https:\/\/www.facebook.com\/MegaPets.eu\/"]}]}},"_links":{"self":[{"href":"https:\/\/megapets.eu\/hu\/wp-json\/wp\/v2\/product\/8105","targetHints":{"allow":["GET"]}}],"collection":[{"href":"https:\/\/megapets.eu\/hu\/wp-json\/wp\/v2\/product"}],"about":[{"href":"https:\/\/megapets.eu\/hu\/wp-json\/wp\/v2\/types\/product"}],"wp:featuredmedia":[{"embeddable":true,"href":"https:\/\/megapets.eu\/hu\/wp-json\/wp\/v2\/media\/8107"}],"wp:attachment":[{"href":"https:\/\/megapets.eu\/hu\/wp-json\/wp\/v2\/media?parent=8105"}],"wp:term":[{"taxonomy":"product_cat","embeddable":true,"href":"https:\/\/megapets.eu\/hu\/wp-json\/wp\/v2\/product_cat?post=8105"},{"taxonomy":"product_tag","embeddable":true,"href":"https:\/\/megapets.eu\/hu\/wp-json\/wp\/v2\/product_tag?post=8105"}],"curies":[{"name":"wp","href":"https:\/\/api.w.org\/{rel}","templated":true}]}}