{"id":8152,"date":"2024-10-06T10:25:03","date_gmt":"2024-10-06T10:25:03","guid":{"rendered":"https:\/\/megapets.eu\/nem-kategorizalt\/archachatina-marginata-ovum-xxlstandard-par-p17\/"},"modified":"2024-10-06T10:25:03","modified_gmt":"2024-10-06T10:25:03","slug":"archachatina-marginata-ovum-xxlstandard-par-p17","status":"publish","type":"product","link":"https:\/\/megapets.eu\/hu\/csigak\/archachatina-marginata-ovum-xxlstandard-par-p17\/","title":{"rendered":"Archachatina marginata ovum XXL<br \/>standard \/ p\u00e1r P17"},"content":{"rendered":"<p class=\"v1v1v1v1MsoNormal\"><span style=\"color: #424242; font-size: 15px;\"><em><span style=\"color: #000000;\"><strong>Faj:<\/strong> <\/span><\/em><span style=\"color: #000000;\"><em>Archachatina marginata ovum (L. Pfeiffer, 1858)<\/em><\/span><em><br \/>\n<strong><span style=\"color: #000000;\">K\u00fcl\u00f6nleges vonalmegjel\u00f6l\u00e9s: <\/span><\/strong><\/em><em><span style=\"color: #000000;\">&#8222;XXL\u201e<\/span><\/em><em><br \/>\n<span style=\"color: #000000;\"><strong>Sz\u00ednv\u00e1ltozat<\/strong>:<\/span><\/em><em><span style=\"color: #000000;\"> standard<\/span><\/em><\/span><\/p>\n<p style=\"text-align: left;\"><span style=\"font-size: 15px;\"><span style=\"color: #000000;\"><em><img loading=\"lazy\" decoding=\"async\" class=\"\" src=\"https:\/\/static.xx.fbcdn.net\/images\/emoji.php\/v9\/ta\/1\/32\/1f525.png\" alt=\"\ud83d\udd25\" width=\"18\" height=\"18\" \/> <\/em><\/span><em style=\"color: #000000;\"><span style=\"color: #008000;\"><span style=\"color: #424242;\"><span style=\"color: #993300;\">A legnagyobb sz\u00e1razf\u00f6ldi csig\u00e1k egyike, a vitathatatlanul \u00f3ri\u00e1si Archachatina marginata ovum XXL sz\u00ednv\u00e1ltozat\u00fa, standard sz\u00ednv\u00e1ltozat\u00fa csig\u00e1k els\u0151 l\u00e1t\u00e1sra leny\u0171g\u00f6znek kolossz\u00e1lis m\u00e9reteikkel. A csig\u00e1k szerelmesei k\u00f6r\u00e9ben j\u00f3l ismert barna \u00f3ri\u00e1sok h\u00e9ja leny\u0171g\u00f6z\u0151, t\u00f6bb mint 16 cm-es m\u00e9reteket \u00e9r el. Ez azonban nem a hat\u00e1r &#8211; vannak kiv\u00e9teles m\u00e9ret\u0171, 18-20 cm-es p\u00e9ld\u00e1nyok is. Az igazi \u00f3ri\u00e1sok h\u00e9ja igen sz\u00e9les \u00e9s massz\u00edv, az egyik ilyen fajba tartoz\u00f3 csiga s\u00falya meghaladja a f\u00e9l kilogrammot.<\/span><\/span><\/span><\/em><\/span><\/p>\n<p style=\"text-align: left;\"><span style=\"color: #000000; font-size: 15px;\"><em><span class=\"x1xsqp64 xiy17q3 x1o6pynw x19co3pv xdj266r xcwd3tp xat24cr x39eecv x2b8uid\" data-testid=\"emoji\"><span class=\"xexx8yu xn5pp95 x18d9i69 x2fxd7x x3jgonx x1bhl96m\"><img loading=\"lazy\" decoding=\"async\" class=\"\" src=\"https:\/\/static.xx.fbcdn.net\/images\/emoji.php\/v9\/t66\/1\/32\/1f4cc.png\" alt=\"\ud83d\udccc\" width=\"18\" height=\"18\" \/> A matt h\u00e9jnak nincs egys\u00e9ges sz\u00ednezete &#8211; a s\u00e1rga, narancss\u00e1rga, barna \u00e9s fekete sz\u00ednek \u00e9s ezek k\u00fcl\u00f6nb\u00f6z\u0151 intenzit\u00e1s\u00fa \u00e9s tel\u00edtetts\u00e9g\u0171 \u00e1rnyalatai k\u00f6z\u00f6tti sk\u00e1l\u00e1t mutatja.  A h\u00e9j h\u00e1tter\u00e9t s\u0171r\u0171n tark\u00edtj\u00e1k hat\u00e1rozott cs\u00edkok, cikkcakkok \u00e9s foltok. A cs\u00edkok, cikkcakkok \u00e9s foltok n\u00e9ha olyan s\u0171r\u0171n helyezkednek el, hogy szinte teljesen elbor\u00edtj\u00e1k a h\u00e9j testtekercs\u00e9t, \u00e9s m\u00e9ly narancsbarna sz\u00ednt k\u00f6lcs\u00f6n\u00f6znek neki, vagy a h\u00e9jat intenz\u00edv barn\u00e1s-fekete \u00e1rnyalat\u00fav\u00e1 s\u00f6t\u00e9t\u00edtik.<\/span><\/span><\/em><\/span><\/p>\n<p style=\"text-align: left;\"><span style=\"color: #000000; font-size: 15px;\"><em><img loading=\"lazy\" decoding=\"async\" class=\"xz74otr\" src=\"https:\/\/static.xx.fbcdn.net\/images\/emoji.php\/v9\/t1e\/1\/16\/1f33f.png\" alt=\"\ud83c\udf3f\" width=\"18\" height=\"18\" \/> <span style=\"color: #008000;\">Az Archachatina nemzets\u00e9g legt\u00f6bb faj\u00e1hoz hasonl\u00f3an ezek a csig\u00e1k is ig\u00e9nytelenek, \u00e9s az alapvet\u0151 fenntart\u00e1si felt\u00e9telek biztos\u00edt\u00e1sa eset\u00e9n j\u00f3l fejl\u0151dnek.<\/span><\/em><\/span><\/p>\n","protected":false},"excerpt":{"rendered":"<ul>\n<li>Egy nem rokon h\u00e1zasp\u00e1rt\u00f3l:\n<ul>\n<li>P17<\/li>\n<\/ul>\n<\/li>\n<li>C\u00e9lh\u00fcvely m\u00e9rete:\n<ul>\n<li>ca. 16 cm \u00e9s af\u00f6l\u00f6tt<\/li>\n<\/ul>\n<\/li>\n<li>Felaj\u00e1nlott fiatalkor\u00fa:\n<ul>\n<li>kb. 4-5 cm<\/li>\n<\/ul>\n<\/li>\n<li>Az \u00e1r a k\u00f6vetkez\u0151kre vonatkozik:\n<ul>\n<li>1 db<\/li>\n<\/ul>\n<\/li>\n<\/ul>\n","protected":false},"featured_media":8155,"template":"","meta":{"_acf_changed":false,"_links_to":"","_links_to_target":""},"product_cat":[193],"product_tag":[],"class_list":{"0":"post-8152","1":"product","2":"type-product","3":"status-publish","4":"has-post-thumbnail","6":"product_cat-csigak","8":"first","9":"outofstock","10":"shipping-taxable","11":"purchasable","12":"product-type-simple"},"acf":[],"yoast_head":"<!-- This site is optimized with the Yoast SEO plugin v24.9 - https:\/\/yoast.com\/wordpress\/plugins\/seo\/ -->\n<title>Archachatina marginata ovum XXLstandard \/ p\u00e1r P17 | MegaPets<\/title>\n<meta name=\"robots\" content=\"index, follow, max-snippet:-1, max-image-preview:large, max-video-preview:-1\" \/>\n<link rel=\"canonical\" href=\"https:\/\/megapets.eu\/hu\/csigak\/archachatina-marginata-ovum-xxlstandard-par-p17\/\" \/>\n<meta property=\"og:locale\" content=\"hu_HU\" \/>\n<meta property=\"og:type\" content=\"article\" \/>\n<meta property=\"og:title\" content=\"Archachatina marginata ovum XXLstandard \/ p\u00e1r P17 | MegaPets\" \/>\n<meta property=\"og:description\" content=\"Egy nem rokon h\u00e1zasp\u00e1rt\u00f3l:  P17   C\u00e9lh\u00fcvely m\u00e9rete:  ca. 16 cm \u00e9s af\u00f6l\u00f6tt   Felaj\u00e1nlott fiatalkor\u00fa:  kb. 4-5 cm   Az \u00e1r a k\u00f6vetkez\u0151kre vonatkozik:  1 db\" \/>\n<meta property=\"og:url\" content=\"https:\/\/megapets.eu\/hu\/csigak\/archachatina-marginata-ovum-xxlstandard-par-p17\/\" \/>\n<meta property=\"og:site_name\" content=\"MegaPets\" \/>\n<meta property=\"article:publisher\" content=\"https:\/\/www.facebook.com\/MegaPets.eu\/\" \/>\n<meta property=\"og:image\" content=\"https:\/\/megapets.eu\/wp-content\/uploads\/2024\/10\/Everest-P17-Excel.png\" \/>\n\t<meta property=\"og:image:width\" content=\"1051\" \/>\n\t<meta property=\"og:image:height\" content=\"692\" \/>\n\t<meta property=\"og:image:type\" content=\"image\/png\" \/>\n<meta name=\"twitter:card\" content=\"summary_large_image\" \/>\n<meta name=\"twitter:label1\" content=\"Becs\u00fclt olvas\u00e1si id\u0151\" \/>\n\t<meta name=\"twitter:data1\" content=\"1 perc\" \/>\n<script type=\"application\/ld+json\" class=\"yoast-schema-graph\">{\"@context\":\"https:\/\/schema.org\",\"@graph\":[{\"@type\":\"WebPage\",\"@id\":\"https:\/\/megapets.eu\/hu\/csigak\/archachatina-marginata-ovum-xxlstandard-par-p17\/\",\"url\":\"https:\/\/megapets.eu\/hu\/csigak\/archachatina-marginata-ovum-xxlstandard-par-p17\/\",\"name\":\"Archachatina marginata ovum XXL standard \/ p\u00e1r P17 | MegaPets\",\"isPartOf\":{\"@id\":\"https:\/\/megapets.eu\/hu\/#website\"},\"primaryImageOfPage\":{\"@id\":\"https:\/\/megapets.eu\/hu\/csigak\/archachatina-marginata-ovum-xxlstandard-par-p17\/#primaryimage\"},\"image\":{\"@id\":\"https:\/\/megapets.eu\/hu\/csigak\/archachatina-marginata-ovum-xxlstandard-par-p17\/#primaryimage\"},\"thumbnailUrl\":\"https:\/\/megapets.eu\/wp-content\/uploads\/2024\/10\/Everest-P17-Excel.png\",\"datePublished\":\"2024-10-06T10:25:03+00:00\",\"breadcrumb\":{\"@id\":\"https:\/\/megapets.eu\/hu\/csigak\/archachatina-marginata-ovum-xxlstandard-par-p17\/#breadcrumb\"},\"inLanguage\":\"hu\",\"potentialAction\":[{\"@type\":\"ReadAction\",\"target\":[\"https:\/\/megapets.eu\/hu\/csigak\/archachatina-marginata-ovum-xxlstandard-par-p17\/\"]}]},{\"@type\":\"ImageObject\",\"inLanguage\":\"hu\",\"@id\":\"https:\/\/megapets.eu\/hu\/csigak\/archachatina-marginata-ovum-xxlstandard-par-p17\/#primaryimage\",\"url\":\"https:\/\/megapets.eu\/wp-content\/uploads\/2024\/10\/Everest-P17-Excel.png\",\"contentUrl\":\"https:\/\/megapets.eu\/wp-content\/uploads\/2024\/10\/Everest-P17-Excel.png\",\"width\":1051,\"height\":692},{\"@type\":\"BreadcrumbList\",\"@id\":\"https:\/\/megapets.eu\/hu\/csigak\/archachatina-marginata-ovum-xxlstandard-par-p17\/#breadcrumb\",\"itemListElement\":[{\"@type\":\"ListItem\",\"position\":1,\"name\":\"Strona g\u0142\u00f3wna\",\"item\":\"https:\/\/megapets.eu\/hu\/\"},{\"@type\":\"ListItem\",\"position\":2,\"name\":\"Bolt\",\"item\":\"https:\/\/megapets.eu\/bolt\/\"},{\"@type\":\"ListItem\",\"position\":3,\"name\":\"Archachatina marginata ovum XXLstandard \/ p\u00e1r P17\"}]},{\"@type\":\"WebSite\",\"@id\":\"https:\/\/megapets.eu\/hu\/#website\",\"url\":\"https:\/\/megapets.eu\/hu\/\",\"name\":\"Mega Pets\",\"description\":\"Jedna z najwi\u0119kszych hodowli \u015blimak\u00f3w w Europie\",\"publisher\":{\"@id\":\"https:\/\/megapets.eu\/hu\/#organization\"},\"alternateName\":\"Mega Pets\",\"potentialAction\":[{\"@type\":\"SearchAction\",\"target\":{\"@type\":\"EntryPoint\",\"urlTemplate\":\"https:\/\/megapets.eu\/hu\/?s={search_term_string}\"},\"query-input\":{\"@type\":\"PropertyValueSpecification\",\"valueRequired\":true,\"valueName\":\"search_term_string\"}}],\"inLanguage\":\"hu\"},{\"@type\":\"Organization\",\"@id\":\"https:\/\/megapets.eu\/hu\/#organization\",\"name\":\"Mega Pets\",\"url\":\"https:\/\/megapets.eu\/hu\/\",\"logo\":{\"@type\":\"ImageObject\",\"inLanguage\":\"hu\",\"@id\":\"https:\/\/megapets.eu\/hu\/#\/schema\/logo\/image\/\",\"url\":\"https:\/\/megapets.eu\/wp-content\/uploads\/2025\/04\/megapets_eu-logo.png\",\"contentUrl\":\"https:\/\/megapets.eu\/wp-content\/uploads\/2025\/04\/megapets_eu-logo.png\",\"width\":2362,\"height\":2362,\"caption\":\"Mega Pets\"},\"image\":{\"@id\":\"https:\/\/megapets.eu\/hu\/#\/schema\/logo\/image\/\"},\"sameAs\":[\"https:\/\/www.facebook.com\/MegaPets.eu\/\"]}]}<\/script>\n<!-- \/ Yoast SEO plugin. -->","yoast_head_json":{"title":"Archachatina marginata ovum XXLstandard \/ p\u00e1r P17 | MegaPets","robots":{"index":"index","follow":"follow","max-snippet":"max-snippet:-1","max-image-preview":"max-image-preview:large","max-video-preview":"max-video-preview:-1"},"canonical":"https:\/\/megapets.eu\/hu\/csigak\/archachatina-marginata-ovum-xxlstandard-par-p17\/","og_locale":"hu_HU","og_type":"article","og_title":"Archachatina marginata ovum XXLstandard \/ p\u00e1r P17 | MegaPets","og_description":"Egy nem rokon h\u00e1zasp\u00e1rt\u00f3l:  P17   C\u00e9lh\u00fcvely m\u00e9rete:  ca. 16 cm \u00e9s af\u00f6l\u00f6tt   Felaj\u00e1nlott fiatalkor\u00fa:  kb. 4-5 cm   Az \u00e1r a k\u00f6vetkez\u0151kre vonatkozik:  1 db","og_url":"https:\/\/megapets.eu\/hu\/csigak\/archachatina-marginata-ovum-xxlstandard-par-p17\/","og_site_name":"MegaPets","article_publisher":"https:\/\/www.facebook.com\/MegaPets.eu\/","og_image":[{"width":1051,"height":692,"url":"https:\/\/megapets.eu\/wp-content\/uploads\/2024\/10\/Everest-P17-Excel.png","type":"image\/png"}],"twitter_card":"summary_large_image","twitter_misc":{"Becs\u00fclt olvas\u00e1si id\u0151":"1 perc"},"schema":{"@context":"https:\/\/schema.org","@graph":[{"@type":"WebPage","@id":"https:\/\/megapets.eu\/hu\/csigak\/archachatina-marginata-ovum-xxlstandard-par-p17\/","url":"https:\/\/megapets.eu\/hu\/csigak\/archachatina-marginata-ovum-xxlstandard-par-p17\/","name":"Archachatina marginata ovum XXL standard \/ p\u00e1r P17 | MegaPets","isPartOf":{"@id":"https:\/\/megapets.eu\/hu\/#website"},"primaryImageOfPage":{"@id":"https:\/\/megapets.eu\/hu\/csigak\/archachatina-marginata-ovum-xxlstandard-par-p17\/#primaryimage"},"image":{"@id":"https:\/\/megapets.eu\/hu\/csigak\/archachatina-marginata-ovum-xxlstandard-par-p17\/#primaryimage"},"thumbnailUrl":"https:\/\/megapets.eu\/wp-content\/uploads\/2024\/10\/Everest-P17-Excel.png","datePublished":"2024-10-06T10:25:03+00:00","breadcrumb":{"@id":"https:\/\/megapets.eu\/hu\/csigak\/archachatina-marginata-ovum-xxlstandard-par-p17\/#breadcrumb"},"inLanguage":"hu","potentialAction":[{"@type":"ReadAction","target":["https:\/\/megapets.eu\/hu\/csigak\/archachatina-marginata-ovum-xxlstandard-par-p17\/"]}]},{"@type":"ImageObject","inLanguage":"hu","@id":"https:\/\/megapets.eu\/hu\/csigak\/archachatina-marginata-ovum-xxlstandard-par-p17\/#primaryimage","url":"https:\/\/megapets.eu\/wp-content\/uploads\/2024\/10\/Everest-P17-Excel.png","contentUrl":"https:\/\/megapets.eu\/wp-content\/uploads\/2024\/10\/Everest-P17-Excel.png","width":1051,"height":692},{"@type":"BreadcrumbList","@id":"https:\/\/megapets.eu\/hu\/csigak\/archachatina-marginata-ovum-xxlstandard-par-p17\/#breadcrumb","itemListElement":[{"@type":"ListItem","position":1,"name":"Strona g\u0142\u00f3wna","item":"https:\/\/megapets.eu\/hu\/"},{"@type":"ListItem","position":2,"name":"Bolt","item":"https:\/\/megapets.eu\/bolt\/"},{"@type":"ListItem","position":3,"name":"Archachatina marginata ovum XXLstandard \/ p\u00e1r P17"}]},{"@type":"WebSite","@id":"https:\/\/megapets.eu\/hu\/#website","url":"https:\/\/megapets.eu\/hu\/","name":"Mega Pets","description":"Jedna z najwi\u0119kszych hodowli \u015blimak\u00f3w w Europie","publisher":{"@id":"https:\/\/megapets.eu\/hu\/#organization"},"alternateName":"Mega Pets","potentialAction":[{"@type":"SearchAction","target":{"@type":"EntryPoint","urlTemplate":"https:\/\/megapets.eu\/hu\/?s={search_term_string}"},"query-input":{"@type":"PropertyValueSpecification","valueRequired":true,"valueName":"search_term_string"}}],"inLanguage":"hu"},{"@type":"Organization","@id":"https:\/\/megapets.eu\/hu\/#organization","name":"Mega Pets","url":"https:\/\/megapets.eu\/hu\/","logo":{"@type":"ImageObject","inLanguage":"hu","@id":"https:\/\/megapets.eu\/hu\/#\/schema\/logo\/image\/","url":"https:\/\/megapets.eu\/wp-content\/uploads\/2025\/04\/megapets_eu-logo.png","contentUrl":"https:\/\/megapets.eu\/wp-content\/uploads\/2025\/04\/megapets_eu-logo.png","width":2362,"height":2362,"caption":"Mega Pets"},"image":{"@id":"https:\/\/megapets.eu\/hu\/#\/schema\/logo\/image\/"},"sameAs":["https:\/\/www.facebook.com\/MegaPets.eu\/"]}]}},"_links":{"self":[{"href":"https:\/\/megapets.eu\/hu\/wp-json\/wp\/v2\/product\/8152","targetHints":{"allow":["GET"]}}],"collection":[{"href":"https:\/\/megapets.eu\/hu\/wp-json\/wp\/v2\/product"}],"about":[{"href":"https:\/\/megapets.eu\/hu\/wp-json\/wp\/v2\/types\/product"}],"wp:featuredmedia":[{"embeddable":true,"href":"https:\/\/megapets.eu\/hu\/wp-json\/wp\/v2\/media\/8155"}],"wp:attachment":[{"href":"https:\/\/megapets.eu\/hu\/wp-json\/wp\/v2\/media?parent=8152"}],"wp:term":[{"taxonomy":"product_cat","embeddable":true,"href":"https:\/\/megapets.eu\/hu\/wp-json\/wp\/v2\/product_cat?post=8152"},{"taxonomy":"product_tag","embeddable":true,"href":"https:\/\/megapets.eu\/hu\/wp-json\/wp\/v2\/product_tag?post=8152"}],"curies":[{"name":"wp","href":"https:\/\/api.w.org\/{rel}","templated":true}]}}